{"id":21485,"date":"2025-08-11T11:05:04","date_gmt":"2025-08-11T08:05:04","guid":{"rendered":"https:\/\/tuzlahortum.com.tr\/urun\/raki-d-10-pe\/"},"modified":"2025-08-20T15:47:03","modified_gmt":"2025-08-20T12:47:03","slug":"raki-d-10-pe","status":"publish","type":"product","link":"https:\/\/tuzlahortum.com.tr\/ar\/product\/raki-d-10-pe\/","title":{"rendered":"\u0631\u0627\u0643\u064a D\/10 PE"},"content":{"rendered":"<p>&nbsp;<\/p>\n<div class=\"report-container\">\n<div class=\"report-header\">\n<div class=\"standard-text\">\u0627\u0633\u0645 \u0627\u0644\u0645\u0646\u062a\u062c: \u0631\u0627\u0643\u064a D\/10 PE<\/div>\n<div class=\"standard-text\">\u0631\u0645\u0632 \u0627\u0644\u0645\u0646\u062a\u062c: FDPE802<\/div>\n<\/div>\n<div class=\"product-image-container\">\n<div class=\"key-feature\">\u0646\u0642\u0644 \u0627\u0644\u0645\u0648\u0627\u062f \u0627\u0644\u063a\u0630\u0627\u0626\u064a\u0629 UHMW-PE<\/div>\n<\/div>\n<div class=\"horizontal-line\"><\/div>\n<div class=\"product-details\">\n<div class=\"detail-row\">\n<div class=\"detail-label\">\u0645\u0646\u0637\u0642\u0629 \u0627\u0644\u0627\u0633\u062a\u062e\u062f\u0627\u0645<\/div>\n<div class=\"detail-value\">: \u0644\u0635\u0628 \u0627\u0644\u0645\u0648\u0627\u062f \u0627\u0644\u063a\u0630\u0627\u0626\u064a\u0629 \u0627\u0644\u062a\u064a \u062a\u062d\u062a\u0648\u064a \u0639\u0644\u0649 \u0646\u0633\u0628\u0629 \u0639\u0627\u0644\u064a\u0629 \u0645\u0646 \u0627\u0644\u0643\u062d\u0648\u0644 (\u062d\u062a\u0649 99 \u062f\u0631\u062c\u0629). \u062e\u0627\u0635\u0629 \u0644\u0644\u0627\u0633\u062a\u062e\u062f\u0627\u0645 \u0641\u064a \u0645\u0635\u0627\u0646\u0639 \u0627\u0644\u062c\u0639\u0629 \u0648\u0645\u0635\u0627\u0646\u0639 \u0627\u0644\u062a\u0642\u0637\u064a\u0631.<\/div>\n<\/div>\n<div class=\"detail-row\">\n<div class=\"detail-label\">\u0627\u0644\u0637\u0628\u0642\u0629 \u0627\u0644\u0633\u0641\u0644\u0649<\/div>\n<div class=\"detail-value\">: \u0623\u0628\u064a\u0636 \u0627\u0644\u0644\u0648\u0646\u060c \u063a\u064a\u0631 \u0633\u0627\u0645\u060c \u062e\u0627\u0644\u064a \u0645\u0646 \u0627\u0644\u0637\u0639\u0645 \u0648\u0627\u0644\u0631\u0627\u0626\u062d\u0629\u060c \u062e\u0627\u0644\u064a \u0645\u0646 \u0627\u0644\u0637\u0639\u0645 \u0648\u0627\u0644\u0631\u0627\u0626\u062d\u0629\u060c UHMW-PE<\/div>\n<\/div>\n<div class=\"detail-row\">\n<div class=\"detail-label\">\u0637\u0628\u0642\u0629 \u0627\u0644\u062a\u0639\u0632\u064a\u0632<\/div>\n<div class=\"detail-value\">: \u0645\u0646\u0633\u0648\u062c\u0627\u062a \u0627\u0635\u0637\u0646\u0627\u0639\u064a\u0629 \u0639\u0627\u0644\u064a\u0629 \u0627\u0644\u0642\u0648\u0629.<\/div>\n<\/div>\n<div class=\"detail-row\">\n<div class=\"detail-label\">\u0627\u0644\u0637\u0628\u0642\u0629 \u0627\u0644\u0639\u0644\u064a\u0627<\/div>\n<div class=\"detail-value\">: \u0645\u0642\u0627\u0648\u0645 \u0644\u0644\u0647\u0648\u0627\u0621 \u0648\u0627\u0644\u0623\u0643\u0633\u062c\u064a\u0646 \u0648\u0627\u0644\u062a\u0622\u0643\u0644\u060c \u0645\u0637\u0627\u0637 \u0635\u0646\u0627\u0639\u064a \u062e\u0627\u0635.<\/div>\n<\/div>\n<\/div>\n<div class=\"datasheet_table\"><img decoding=\"async\" class=\"alignnone size-full\" src=\"https:\/\/tuzlahortum.com.tr\/wp-content\/uploads\/2025\/08\/datasheet263.svg\" alt=\"\" title=\"\"><\/div>\n<div class=\"table-notes\">\u0627\u0644\u062a\u0639\u0642\u064a\u0645: \u0628\u062e\u0627\u0631 \u0639\u0646\u062f \u062f\u0631\u062c\u0629 \u062d\u0631\u0627\u0631\u0629 130 \u062f\u0631\u062c\u0629 \u0645\u0626\u0648\u064a\u0629 \u0644\u0645\u062f\u0629 15 \u062f\u0642\u064a\u0642\u0629 \u0643\u062d\u062f \u0623\u0642\u0635\u0649\u060c \u0635\u0648\u062f\u0627 \u0643\u0627\u0648\u064a\u0629 (%5) \u0639\u0646\u062f \u062f\u0631\u062c\u0629 \u062d\u0631\u0627\u0631\u0629 60 \u062f\u0631\u062c\u0629 \u0645\u0626\u0648\u064a\u0629 \u0644\u0645\u062f\u0629 15 \u062f\u0642\u064a\u0642\u0629 \u0643\u062d\u062f \u0623\u0642\u0635\u0649.<\/div>\n<div class=\"horizontal-line\"><\/div>\n<div class=\"footer\">\n<div class=\"standards-section\">\n<div class=\"standard-item\" style=\"margin-top: 9px;\"><\/div>\n<div class=\"standard-info\"><\/div>\n<\/div>\n<div class=\"temperature-section\">\n<div class=\"temp-icon\"><img decoding=\"async\" src=\"data:image\/svg+xml;base64,PD94bWwgdmVyc2lvbj0iMS4wIiBlbmNvZGluZz0iVVRGLTgiPz4KPHN2ZyBpZD0ia2F0bWFuXzIiIGRhdGEtbmFtZT0ia2F0bWFuIDIiIHhtbG5zPSJodHRwOi8vd3d3LnczLm9yZy8yMDAwL3N2ZyIgdmlld0JveD0iMCAwIDcyLjI3IDE2Ljk4Ij4KICA8ZGVmcz4KICAgIDxzdHlsZT4KICAgICAgLmNscy0xIHsKICAgICAgICBzdHJva2Utd2lkdGg6IC41OXB4OwogICAgICB9CgogICAgICAuY2xzLTEsIC5jbHMtMiwgLmNscy0zLCAuY2xzLTQgewogICAgICAgIGZpbGw6IG5vbmU7CiAgICAgICAgc3Ryb2tlLW1pdGVybGltaXQ6IDMuODY7CiAgICAgIH0KCiAgICAgIC5jbHMtMSwgLmNscy0zLCAuY2xzLTQgewogICAgICAgIHN0cm9rZTogI2E3YTlhYjsKICAgICAgfQoKICAgICAgLmNscy01IHsKICAgICAgICBmaWxsOiAjYTdhOWFiOwogICAgICB9CgogICAgICAuY2xzLTIgewogICAgICAgIHN0cm9rZTogI2ZmZjsKICAgICAgfQoKICAgICAgLmNscy0zIHsKICAgICAgICBzdHJva2Utd2lkdGg6IDIuMDZweDsKICAgICAgfQoKICAgICAgLmNscy00IHsKICAgICAgICBzdHJva2Utd2lkdGg6IC4ycHg7CiAgICAgIH0KICAgIDwvc3R5bGU+CiAgPC9kZWZzPgogIDxnIGlkPSJrYXRtYW5fMSIgZGF0YS1uYW1lPSJrYXRtYW4gMSI+CiAgICA8Zz4KICAgICAgPHBhdGggY2xhc3M9ImNscy0zIiBkPSJNMTEuMzQsMTEuNTdjLS45NCwxLjcxLTIuNzEsMi42Ni00LjgsMi42Ni0zLjA1LDAtNS41MS0yLjQ3LTUuNTEtNS41MlMzLjUsMy4xOSw2LjU1LDMuMTljMS45NCwwLDMuNjUsMSw0LjYzLDIuNTIiLz4KICAgICAgPGNpcmNsZSBjbGFzcz0iY2xzLTUiIGN4PSI2LjU1IiBjeT0iOC42NiIgcj0iMi40Ii8+CiAgICAgIDxjaXJjbGUgY2xhc3M9ImNscy0yIiBjeD0iNi41NSIgY3k9IjguNjYiIHI9IjIuNCIvPgogICAgICA8bGluZSBjbGFzcz0iY2xzLTMiIHgxPSI2OC4zNCIgeTE9IjExLjc2IiB4Mj0iOS45MiIgeTI9IjExLjc2Ii8+CiAgICAgIDxsaW5lIGNsYXNzPSJjbHMtMyIgeDE9IjY4Ljc4IiB5MT0iNS41MSIgeDI9IjkuNzMiIHkyPSI1LjUxIi8+CiAgICAgIDxsaW5lIGNsYXNzPSJjbHMtMyIgeDE9IjU0LjA3IiB5MT0iOC43NSIgeDI9IjguNjQiIHkyPSI4Ljc1Ii8+CiAgICAgIDxwYXRoIGNsYXNzPSJjbHMtMyIgZD0iTTY4LjE1LDUuNTVjMS43MSwwLDMuMDksMS4zOSwzLjA5LDMuMDlzLTEuOTIsMy4wNi0zLjYyLDMuMDYiLz4KICAgICAgPHBhdGggY2xhc3M9ImNscy01IiBkPSJNNTMuOTEsOC43NWMwLS4xNC4xMi0uMjYuMjYtLjI2cy4yNy4xMi4yNy4yNi0uMTIuMjctLjI3LjI3LS4yNi0uMTItLjI2LS4yN1oiLz4KICAgICAgPHBhdGggY2xhc3M9ImNscy0zIiBkPSJNNTMuOTEsOC43NWMwLS4xNC4xMi0uMjYuMjYtLjI2cy4yNy4xMi4yNy4yNi0uMTIuMjctLjI3LjI3LS4yNi0uMTItLjI2LS4yN1oiLz4KICAgICAgPGxpbmUgY2xhc3M9ImNscy0xIiB4MT0iMzYuNDMiIHkxPSIxNi45OCIgeDI9IjM2LjQzIiB5Mj0iMTQuMjQiLz4KICAgICAgPGxpbmUgY2xhc3M9ImNscy0xIiB4MT0iMjguMDUiIHkxPSIxNi45OCIgeDI9IjI4LjA1IiB5Mj0iMTQuMjQiLz4KICAgICAgPGxpbmUgY2xhc3M9ImNscy0xIiB4MT0iMTkuNTkiIHkxPSIxNi45OCIgeDI9IjE5LjU5IiB5Mj0iMTQuMjQiLz4KICAgICAgPGxpbmUgY2xhc3M9ImNscy0xIiB4MT0iNDEuNTciIHkxPSIyLjc0IiB4Mj0iNDEuNTciLz4KICAgICAgPGxpbmUgY2xhc3M9ImNscy0xIiB4MT0iMzMuMjgiIHkxPSIyLjc0IiB4Mj0iMzMuMjgiLz4KICAgICAgPGxpbmUgY2xhc3M9ImNscy0xIiB4MT0iMjQuOTkiIHkxPSIyLjc0IiB4Mj0iMjQuOTkiLz4KICAgICAgPGxpbmUgY2xhc3M9ImNscy0xIiB4MT0iMTYuMDgiIHkxPSIyLjc0IiB4Mj0iMTYuMDgiLz4KICAgICAgPGxpbmUgY2xhc3M9ImNscy0xIiB4MT0iNDQuNjMiIHkxPSIxNi45OCIgeDI9IjQ0LjYzIiB5Mj0iMTQuMjQiLz4KICAgICAgPGxpbmUgY2xhc3M9ImNscy0xIiB4MT0iNDkuNDkiIHkxPSIyLjc0IiB4Mj0iNDkuNDkiLz4KICAgICAgPGxpbmUgY2xhc3M9ImNscy00IiB4MT0iNDAuODgiIHkxPSIxNi45OCIgeDI9IjQwLjg4IiB5Mj0iMTQuMjQiLz4KICAgICAgPGxpbmUgY2xhc3M9ImNscy00IiB4MT0iMzIuMzMiIHkxPSIxNi45OCIgeDI9IjMyLjMzIiB5Mj0iMTQuMjQiLz4KICAgICAgPGxpbmUgY2xhc3M9ImNscy00IiB4MT0iMjMuNzkiIHkxPSIxNi45OCIgeDI9IjIzLjc5IiB5Mj0iMTQuMjQiLz4KICAgICAgPGxpbmUgY2xhc3M9ImNscy00IiB4MT0iMjAuNTkiIHkxPSIyLjc0IiB4Mj0iMjAuNTkiLz4KICAgICAgPGxpbmUgY2xhc3M9ImNscy00IiB4MT0iMjkuMTMiIHkxPSIyLjc0IiB4Mj0iMjkuMTMiLz4KICAgICAgPGxpbmUgY2xhc3M9ImNscy00IiB4MT0iMzcuMTYiIHkxPSIyLjc0IiB4Mj0iMzcuMTYiLz4KICAgICAgPGxpbmUgY2xhc3M9ImNscy00IiB4MT0iNDUuNzEiIHkxPSIyLjc0IiB4Mj0iNDUuNzEiLz4KICAgIDwvZz4KICA8L2c+Cjwvc3ZnPg==\" alt=\"S\u0131cakl\u0131k\" width=\"100\" title=\"\"><\/div>\n<div class=\"temp-values\">\n<div>-40 \u062f\u0631\u062c\u0629 \u0645\u0626\u0648\u064a\u0629 \/ +80 \u062f\u0631\u062c\u0629 \u0645\u0626\u0648\u064a\u0629<\/div>\n<div>-40 \u062f\u0631\u062c\u0629 \u0641\u0647\u0631\u0646\u0647\u0627\u064a\u062a \/ +176 \u062f\u0631\u062c\u0629 \u0641\u0647\u0631\u0646\u0647\u0627\u064a\u062a<\/div>\n<\/div>\n<\/div>\n<div class=\"marking-section\">\n<div class=\"detail-row\">\n<div class=\"detail-label\">\u0648\u0636\u0639 \u0627\u0644\u0639\u0644\u0627\u0645\u0627\u062a<\/div>\n<div class=\"detail-value\">: \u0634\u0631\u064a\u0637 \u0646\u0642\u0644 \u0623\u0648 \u0634\u0631\u064a\u0637 \u0646\u0642\u0644 \u0623\u0648 \u0645\u0646\u0642\u0648\u0634<\/div>\n<\/div>\n<p><img decoding=\"async\" class=\"marking-image\" src=\"data:image\/png;base64,iVBORw0KGgoAAAANSUhEUgAABf0AAAAoCAYAAABEkVAiAAAACXBIWXMAACE3AAAhNwEzWJ96AAAgAElEQVR4nO2dXWwb2ZXn\/yRFfdkqG\/2QjyUVBEl6JxTTg0kWMM1eDKaDyFE\/9QLqkedhGjAXVIDpABYg5cGDVQCzgfZivUBkwALiASIBasDzMNJYi\/E+rNlSkB4EaYp+6GCSUJyZ3ofFiNzd2d1k2iVLlPi5D+S5uixWFYufVZTODzC6TbqKp27de6vuuef8j+u3\/q9FANwCwzAMwzAMwzAMwzAMwzAMwzADzRCALwN4w14zGIZhGIZhGIZhGIZhGIZhGIbpFLfdBjAMwzAMwzAMwzAMwzAMwzAM0x3Y6c8wDMMwDMMwDMMwDMMwDMMw54ShTk\/gDYe6YUdXKSSSAACXomAoGBCflw4yKGeydpnVNbzhEIYc2O4McxHIx3dQSqXtNoNhGIZhGIZhGIZhGIZhdOnI6X\/l2VN4JKe6U\/jd5KsAgKFgABObj8XnuQeryK08tMusruBSFFxe+zFcimK3KQxz4ShnsjhZ27DbDIZhGIZhGIZhGIZhGIYxpG15H2845EiH\/3lndD7CDn+GsYncykNUVNVuMxiGYRiGYRiGYRiGYRjGkI7lfZj+4fb7MLZ4224zGOZCUkwkcbq1bbcZDMMwDMMwDHPhaVfytnyQAQB4ggGUUmkRyFhKpfldn2EYhjlXdM3pX1FVnKx\/0K3TMTqMx35otwmMAeVMFp+F3wAAXE18BLffZ69BTNfJPVi12wSGYRiGYZi+MjI3i3x8lzMdTRiNRnC6tc1t1GeGwiGMRm+1VGvLPelH+SCDwt5zDE0FUFEPMTRVdfpX1MNemcowDGPIeGxZzENOprifxnHsnu53iiSr7mROt7Z1N3cH3X4zuub0P1n\/YOD18p2MNxzC8My03WYwBlDxaE8wwA7\/c8jp1ra4xwzDMAzDMBcBt9+HSyv3MZJIQr35jt3mOJKRuVmMx5bhuqLwWtgGSql0S31zbGkB3uvXemgRwzBMawxNBdrKWnISg2J\/Ye+57ueDbr8ZjpL36dbuynl8KR2\/u9y33ypnsqa7Ry5lAsMzNyw7t4uJJAp7z+GZCjTduDjd2kY5k4X3+jXDgXeyviEiMWS5IyvHEmZR21aO11KI79SOPTsuH99Fab8aeTIyN6vbXqdb28hLbe2ZCmBs6balug3Urka4\/T6MzM3qfmc1at3sHBeFiqoOxCLOaorz6eYTlDPZhmOH52bhqfXRfHzXUsSa2+\/D6HxERCYU99M4WdtoOD8xMjcL96S\/4fPKCxX5+I7hcYRLUTAyN1s3j+Tjuw3Hji0tmJ5HJrfyULRdMZE03Nwh27XtZ3RNer8DdHafgNqYvPm27jGl1D7y8V3Dc7Zqq2yvWdtoofan83iCAQzP3Gg4t5F98nW0Y7PZMZUXakPflu+JkX30byovVJysbzR8T\/elfJAxfH5aact2x+LI3Cy8MzfgViYAVMfi6da2bvRjp32wEzppp26MUyvXNBqNwHVFEf\/WpSgYnY8AAE7WNhruBX1vZBf9ditjSHvNeuj1Ze1vNqPbz7bhmWl4glOGcxF9r\/e78txmZle7bWIVuv9G98sbDmEkGhFjrbD3XLdfaDGbu4Hm87dd0Hyu7U90L83GMkH3zOjfNpuTmo3bTvuE9l2mrB6iEN\/RzW7Qm8OobUajtyz1BYZhGIaxk\/29JP4lkcSXZqYxOTVltzltkfjrJygfZPFaNAJlAGue9tN+Rzn9B2V3pd+MzM32tWhy+SDTdCGYW1nFeGzZkkP46L17Qi+xmdM\/TxHVSwu6\/aGYSIqUIq1jr9mx9fYbX18OVSfV5R\/dt9zuhUTV+U7Xd7K+UZf65L1+rcHpf7R0p2HxU6jpxl+JP226qVLYe970Pp2sb0DZfNywiWB1oe8Nhy680\/9k\/YOuO756wVA4ZKnmRzGRbHCGXVq533Cu0fkIDuffNUyZ9gQDDX1rqNZfjmP3dBf2I3OzhmNzPLbcMG6a\/R795tjSbeRWVoUztpXaJ7mVh6LtcoCpM5Ecjtr2s\/LsojHX7n0iPJN+0+PLmazhfWvVVtles7bRQvbJ56HP8vEdwz41HluGS1Hq+kA7Njc7ZmzpNtSb7wg7SgcZTNSCDowcfeN3l+EJBgydW3RfzGp\/NGvLdsaiS1GgbD5ueFZVJQ8iOFnfQG5ltc4J1Wkf7IRO2qkb49SlTBjOMUDVoTceqwZZ0DkqqiraS69\/DAUDGFu8jfxUQNeu0WgEnmAAxy\/Ulp3+ze6Vti8T7YybbuAJTon7q+fAHo1GMBQO6c4D1I7NNtrbbZNmaMeSXj8zGqPD352GevMdU2dvs7kbqPYvJwUuyYEfR0t3xOeXVu6Lz63UO6L502jsNbunzeaiTvqE3j0Fqu\/zY5ksjpbu1PUDvTkst\/JQBPeMzkcGIlCEYRiGubj8r\/l38c0Xh\/i7+A4mn\/1Xu81pmfT+Pv7V4p9jAsDfqSr+8O5gyaD32353T8\/OdIxLUcQC1ElUVBVHS3eaOgQqqnrmWEmlO3IgVFQVL2uLDk9tcdgrKFXUir3FRBIVVYVLUTAUDpk6LgkzLa6KquI49n5bdmsppdJ4Of\/9rpzrIlLOZHGytmG3GT1jeGZad7ELVBf7l39k\/J2eAx44m7PakbkajUYMo\/Qn1h4ZZsDQb7IEmvm9sYtSKi2cYXI2lIzb7xM2F\/Z6K6XlUpS6vl3OZFGsOXWGdTY53X6fcATqRfl3g3bH4nhs2XRzujqmevesHDQo46TV76l\/eHT0VumzIYP7IApE7rfmhLYCOaqdMt5FOzVpCz3dWk+wGmnWqrNeS7ttcmnFPNDD7H3cEwyIbJBOqG5iW89U6zV0TfJm12g00lIwiDx\/2lUg1ahPkHSREW6\/DxMW+xI5+kejtzozlmEYhmH6hOuKM94fO8HtkHfgdumH\/Y6K9GcaGZ2P2LqY05NckiPMcysPTV+YtZFe+fgORqORtmzJrawKJ\/ylLskdaYumlNVDnK5voFBz5De7PuDsGr3hqj4kSQ+5FMUw6ovkgOTIMtpIqcqV7IqNhGZ4ggHd9qAMi0It4k7PIdqsaIxTHAl2kVt5OHBp2lrJKC1FyaFCxcGrG03V6PxqpOsPa6n7AYzMzTYs1MeWFkTfyD1YFRsjo\/MRjC1W5anGlhbqIgNljmP36hxgFF3rUhSMLd7Wl+aobSLQ79F9IS3dUiotxuKhJlJyeG5WXIdZ23SC9pqa0cp90qOUSuP4vfrNxZFoBMMz08I5ZbX9+0Eh8Vz0KT28tahkeaNYph2b9Y6hvkCZZ9RnTre2qxG7M9M40pyHHF+lVLpjh6QR7YxFOQo3H9\/Fcex9MW684RDG7y7DPelDbkVfzq3TPjiIkAPS6D4aOTNLmSyGALgnGzczqU\/TxpX8zJD7eyd1YfTuFUU3k+yZ3oZUv8d66SADoPruoG0LeWPPEwwAW\/XH0uaJVa3SdtvECJLrocxULTS3AtVnTCGRhEtRcGnlPoZnpjEyN2spwlsvmn94ZhpjiwvVzYPoLcdEitMmmDzvkIPAqJ200PxppRCw0ZxkdS5qtU\/QBos87wJnkl1ji7eRe7Bq6T0wH9\/FeO29XX62MAzDMIzT+Pqzp0hvbePVuVn87ff+DBX1EF+9uzwwUj+BqSnsbz1GNrWPL4VD+OhP\/hQuZQLf\/NF\/Hgipn37b3zWn\/2j0VstFccyqPzstxdUO3H6f7REjeunhsi5nPr6LSybHy87tiqpWo8CikZbtKKXS4kWd0sO7gV7RlOGZabycf1doKY8tLZhGLVNUqleKECR95Zfz7+oeQ4uBsaXbYtFUddT9UHxXSqUtXae7lmGgRdl8jM\/C30ZFVVGI7+g6\/c9D0ZheUUqlbYtK64RyJmvJuSQXnabNJjr+5fy7UDYfC7kebTvIMlayc4L+f2zxNkbmZg2dzqX9dIONxf00rjx7Wjv\/jbqFOY2tfHy3wRlCRZblSIUG+Y1aH7faNu2gd01mdGpLRW2UCikkkri89gjDM9O6zut2be0GxUQSwzPTwrmvhe4RSaVpacdmvWMKiSS84RDcfl9NZqTa72WHjbbP6zm+ukm7Y5HsKtckKGTHVKH2DjVU21DWo5fjwcmMzM3iONX47ilHJGsppdLAnH6EuvzZULBe4odqM3S6WaR3rwqJpNj4GZ6Z1nVw93uskxySS1Ea2kLOhNCN9BdttW\/5t9ppE8PzqYd4Of9uVaJIpx+Qbns+vit+t6KqyD14iOGZ6bay24iqQ\/xQRJWbbUz1C3le0jqwcw9WUUwkhSyaGTRP0XrAjE7npFb7BL3L5FZW6+ZWCvopJpKWNxwqqop8fFdIa7HT3\/mcbj5BPr4j6kopm4\/5vjEMcyHw+f3wLS5g78MdvPbspwCAdHx3YJz+ADB1PQRcD+Hn772P3\/+4un5MR\/cRun7dZsus0U\/7uybvQ9ImrfwZjUZYjsEEOZrWaZCDpln0CzlwKCXaSqSPHi9\/UHUeuv2+vkgVUNQlYB5hVM5kxcKMnFmj0Vu4tHJfRI2ZoV34drJo1ELRRmQn0xraKOrzhuww1Fvk0AJYuynkDYfEvKQnfXS6+aTu31pF3mTRPhdEwUQDp4E8Di86JA3mUpSW2r\/X0OaoHO0rI4pB98FBma\/1I3n+JYcNUL+BSxsEQO+c\/u2ORdroosw0LXobQ4yxhI+Z9A9Fy+ttCsifaeV\/hGRNj57BNCc6afOe5mKjtqj+v3E7dtpW7baJvOGmBwU2aTMn5GdPJ3OuPFadkKpOUmxFzfxysrZhORPBbOOgnxj1CXoW5Q3eLYzm1ma\/YyRjxzgL+d1xbLG65jbqCwzDMOeRyakAfnllAp+4Krjaxxqi3eSVcAifuCr45ZUJ+P1+u81pmX7Y33akf7lLkhee4BSg8yLonvS3rWvplLTYTnB6AVWP5Jw2SvGVte4p7bkahfO8pc2ek\/UN8VJ2eeV+XzZC5DT90n4aMLCXFmnywqZb9hX2nne8kKfINHb8tIYcyXdecdUc6UabWnIWj9vvExtHdFxFVXU3k2gRJY8JqxQTyaqUz6T+A2\/QpJbsoJzJopzJwu33dXUTsVNI17+6GXGtzgFEka1A7\/X8gTMJNi0n6xsiGpTmf9L4P93a7ln\/a3csEjwuWsNI4sfsnYvujVa2Ruvk1b4LkeO7VxI7Rn3ZTor71SxFrRSSnA3sUpS6viy3W6cbuO22idPH0UhNmmwoHKrK2X24Wyd1p\/13Ihu3Jj+Uj+8i9+Ch5fY9m5Prs69aaSdZfqyV4\/TmuU5o1ie6NY5onrAie8Q4B8+kX2R5c5AUwzAXCZ\/fD99vPgEApD7cwe6XvgaXouDrz57CNyAO9OB3byD4T\/8dAPDz995Hen0Dx8EA3vpvg1GguB\/2tx3pL8ut9AK334exxdtt\/TkPOP065EWA0cutVuueFsdWUnyJciYr9Ii7KetjBaOifDIUler0qB4nOf8GgW4VUnYyQ02cUXW61JIT3kqxRTrWyHlvBC22jPqrt0kRTqZKuaar3Wr79xrK\/NLO4zTXGun5dxuj\/iUXm6eNafpvK8+tVml3LBLNitMyZ9D91Tr4aSNAyBBqkDc5h3Qi+0U2hja6vdbX+pHB4hRoDDe0haaYa107XsB20iLPS9oNwEsr93Fp5b6YOz3BAMYWb+vW3XJP+jEUDsETDEDZfFw3l40tWg+m6sY9aUXaB6iOp6uJj3A18RFeOfhU1PrpNd3KOid5K6CzrA\/GHljah2GYi8z\/23qCb1Vc+OaLQ2QyGbvNaYv81ja+VXFhfEAVAHplf0fyPsexe\/jd5Kst\/dEWWGQaoUgeJ0MSHmbOZEqRJEfdmWaz9QWErFNMxcCcBL0gOlWmiu6BnqOI0Sf3YJUjfRxGseYMHZmbdbTsGWMOOY+0zkB6NvTD4S\/LnukVDBVFqaMRjMzNwqUohrI7dkPa526\/D5fXHvHmrgXomajdKBmW6oYYQZtp8vsZObKLiSTKmWxjpD9J1hz0ZvFEmw5OemaJzRGpnSh7spzJinmgXu6nezJITmyTZrgURWQ3a+V0XIoi5kxqv5IUUT4ajeiekwqWU5YVAJy2EKzV6TqkHWkfbW2E0WikK5KeRn2C2nE8tty17GqWGuwv5YMMZ1YwDHPuyGYySO7tQa09v9P7+0ju7Ynvk3t7SO9X1wGqqiK5t4dszVGv\/bvVc31lcQG\/ev0afv3md+D3++vO0Q6t2Ky1sd3r\/9zdZfzq9WsYiUYaznHR7JfpWiFfpjvIL\/5OIPdgteEzWtwCwMjNt3WPI4kJ4CzahQpLyvIfZmglVk63th2VASEvpJy4SXO6tX1Wb8BgU+J0a1vX8QVUU\/GdeF29pKKqujr1g4T3+jXAYA4ZVOmzk7UN4digjK5iIol8fBf5+I4jnDvDBpu1VPRci533ycjWXv82Sfc01ImoyX4YzUVAezbrHUOOfEBfx\/l0axvjseU6Z1orWv5m0oSyvEk3yMd3hZQTFW8updIo7CXr5n8jzPrg6eYTR4wrPczsbpbdUqgV2tRK\/JDDrxDfgSca0T+2JrknOyVFLYr9NIqpNIb9PnjDIVEwGjCWQuuU6vti9Z3IKJjCjrFep01fk2mhqP5iKi02cb3XryFX+3dCL79Dh6mVNrEbisCXketkHWnqCVVUFerNdzA8M103F8lF2\/Uyr12KgqOlO+KYkbnZttqk3Xak+VOW9nnl4FMAwOHNdwzPW85khSPXpSgYjUZwsrbR9hgy6xMn6xu4VJMNvbRyH+OxZRQSz1GI77Rdg4zwTAUc2wfPE+VMtkF2rRmeqQDKDpRGYxiGIf7+zbfwzReH+OWb38HnFhcwPvPv8HkAH8f+AyrqIQIrqzgEkI7\/Df7Pg4d47dlP8emVCUx8\/BE++d67+P2Pn+OXVybg+80n4lyfvH4Nn7+7XHcu1xUFv7f45zgEkHnwn\/DGX\/0lAOCjP\/nTunO0Snp\/v+53AODrsf8obP7n9+4Z2vitnzxC5s238KrO9f9i6TZcykTduf7v+ga+sflf8I+uCiY\/\/givzb0NVVWRfv0NcY4\/+slfXCj7tTjW6V\/OZHtWNM\/JjM5HHBWtZ7YodPt9GI3e0v2OnCmyrjTpNpMW6ZiJ07\/yQsXR0p26z043nzjK6Z\/\/0BlR\/sVUuiGDpizJZFBNBT1Mx9jSwoVz+h\/H7jle17cZVChdj0F1+pczWRwt3cGllfviM7rO8dgyTre2bb93RmOsmEjqjjM775NZRGMvf7te1z8kHCLUDmYyEu3YbHaMkVOcCvoOz0yfyZFIxambQdKE\/eJw\/l0om4\/FRoYnGBAbFsVEEkfv3TN0pJr1QXlz32mY2W2FfM3xPzI3i+PUvTppn3x81zBymjIr5JpGIpI\/lRb1f8jZR+8+3Yj8HZmbbdg0IqcoUE0HNjrOiF6PdU8wAM+kv5YBUYvk30\/XRakTtFnTSu2DdtvEblyKott\/yblvNC9pnyOn6xsYnpk2HAulVLrumH6vqdqRRitnsngx85Z4TlxN\/Kz6DnvzbUv9tdU+cbq1jSGphhplgg3PTGNcVXGy\/kHL44RqWlChdaa3kBSWdlPMDG\/4mpCOZRiGcSLVNa0LFfUQqqri8+LzQ5QMou8vvzjEoaqKzFQt5YNMw7mICVT9b\/K\/PbOjdcx+5383sfFQVXH5hf7GbCmTgadWa4DORTZ+seKCqqrwAXXnaKduz6Dbr8W5Tv+DzMA6qNrFzInuNLzhkIiO0aMgZG8aU+hzqTTy8R1TxwgVTXT7fRidj+A4dk9sBDmlwDFtbNjtGK+oqmk0Ub80UQcd7QKZcRanW9soZ7IYnpuFVxNtOzI3C4\/fB5Xl4xxPKZUWTttCIlnn+OtXVOTJ+obpgj+\/9UQ4rJzs\/Aaq7fli5i2MzkfgvR6qa8+hcAjK5mN8Fv72wG9mdpOzgs03cBy7Z0naBziTnqFnvlezWVVMJIHF2+IekCO72IUivmaFuU+3th0XUVyqSR3ROCdHrNxWlDVB2SqAcTFrPQatTQi92iXuST\/cfh+UzceGjn8tza6vG\/2uXeRi6Fbeq043n1Rliw4yYq6iTbiRuVkhz9OMdvrE0dIdFBNJeGduwBu+Jt6XXYoi1imtrEedWFz7PCP3Eyt9jbL99DL9GIZhnMIX1x4hnUrjqzPTmJyaEhH+r0UjAIBf+\/1wKRN4fWoKlxcXkJ6awtVgAD6\/H+W1R0jHd\/GF2vvoF1buI51K41WDc\/2m9pvfmHsbv3jwEFeDAbxaO8cX25RPC12\/3mgzULX5+nUcmNjo8\/vx2fqPkU6l8RWNzX+gc66s3y+uXwHwiwcP8aWZaaB2jq+2EaA76PZrcazT\/yLiRK1qOQW5sPdcvPiOLd42fLGWndB6Mg451Ed8Gp0DAC6v3IcnGEBuZRUVVUVu5aEjnP7yos2pRRSHZ6abFj8ejy036GsTTisC2muONSn1g8rp1rZjIxw7pZBIirmlKmlyQ2RHDYVDGJ6Ztk17\/Th2TzdKtWzgbLXzPhnZ2g9IIoWcOFQEvVmxyHZslo8ZCockB86qqRNcls1pdSOwlEobziXDtejyblPOZHEcq\/4mRapSbSCStqDvZcz6YDPnq9mzwyy7oBuY2T1+d7mpdCAVbKYIf1nap9lxhNvvE32YnKvUZkOib+tL1niCAVy6u6z7G8X9tO690qOcyeJkbUNX2oXoZKx3co8p64HeE0Xtg9oxFA09FAygUnvXkIugtouVNrGbUiqtu0E9Go1gPLaMibVH+Cz8Rt13lLHZSmapnZuVXosbaYQsCar9HADcykTbtljpE6db22KupzmBnMNji7dxsrbBG6cO5nR9AxObjzEeWzadPz3BAMZjyzhZb18uimEYph8Ev3sD+O6Zj+n16L+v+\/7fLp7JXE5OTWFyasrw783ORX\/\/2+\/9GV579lMcAngZ\/5u632iHVmzW2tjK9fv8fvhqf\/\/pN75VlUVa38B3fvNJ3Tkumv0yTZ3+3daXtypdY6aL2wyjiAwzHdhmGOkydwuvlF7qJGSH8VA4JF58KSVWj0LiTJfZrUwYOnMoMsMI2WE9Oh9BbuWhY6L9aSFjFlXUL7zhECY0+rBWGZoK2J6p4AS09SMGmXIme26uxYxyJouT9Q2cbm3jSvypcPzb5fQv7adbanc771OrtnYTiob2hqsOUVHg3UTPH2jPZvmYYiqN0egt4Txr5hQsH2REFHIrmGVe9WOupefz6da20PymjRUtnfRBs2eHW1FQauus1jCz26pjLh\/fqRYJXVyok\/ZpBkWoeyb9dUV86bflYr5uyZkt4zaQdzEj92C1rezXTsZ6J\/dYZD3U3pFcilJXB+lM4mdKpEgbpUob0W6bOJWT9Q2MLd1uqDchy9wMCu1I+3SDbvSJUiqN49S96rvFs6cAqnIwVt8trGYlMN2jkEgKCcihqQBOt7ZRrEmJuf0+eCb98NY2w8sHWZb2YRiG0YHeM14CuDpA7xwyLmUCeHFY\/e8A0iv7mzv9bdJQ70QX1+iFrxMdWCNd5m7hJK16M8hZcrq1jbGlBV2Ht\/ySbya3UYjvGDrv3X6fKLwFAKPRW2LDoV\/R\/kYRusDZIt+pUf5MaxzH3rfbhL5TymQxBLT8UCHHjFMcEOTkHFu8bRiVahW5sKSWZtHDjDXIAUk1XoY0jtNeIUsAjM5HHBUJ3O5YbAZpfjux75q9i\/XDaXa6tY3RaOTMOZkw33QiRIR6OCS0\/eWsCLmYL70fXYRNWC0i66G2QQLUy83IxXwLtc+abfxdBEj+zHs9JJz+o\/MR8bzVzpP92EhspUAqUC\/tY9cmfDcopdJnm3zBKcDitVBWAtUAYfoDSUCORKsZM5RRM3LzbYwt3kYxkURuZdVRz36GYRi7Odjfxz\/W\/HWXVu7jH8IhXJ2qygQNCr\/eeoJ\/\/sEdHPl9+Ndrj\/AP+2n8nkHAkxPph\/22y\/v0eqE\/CFAa\/iAgO0vI0abF6ku+2SJ75ObbdU5Fl6LURftTocVeIcv36Dli6Bp7ed84Wqg\/5B6sXsg0X7pmI0e5V+rbstOKjjNzJFopzNrN47qF0UaGS1Ecs8lhBbvbsRnkSBmeudFXxyhpubtrTlmnOGPbHYt20o36GUbORE8fsudkiR\/AekRy+aAmN1LLLKLofnHemqzNSDQifkdLIZHE7yZf7ewC+kAn97hSK0zmUhQM14I05LbQK+bLTtIz5CKwJBN1HLvX4LB85eDTntlA42MoGGhp3qGizUC9RKjM+N1lvPzBnZ7KgNkFvSuwtn\/\/IQnIsaWFuoLOxUSSaz4xDMPo8E\/xXXyzVjA2nUp3LOljB7\/96218q+ICDv4nPlVVhP\/4bbtNaol+2O\/u+hktUlFVHC3dccwC1i6qeruDM7jIWQJUC29pkdO3R6MRjC0t6P4B0HIUEEkzANUIxl4iZ3VopRHka+x046GkcTbLDpBONEwZa1RUFSdrG3abYQvkYBkKh3Qzdry1vq3dEJGjWvUybuQxUWpRroHOpx0XnmDA1OlO9muPswo5xz3BgG5byNfk9GeWfE9abf9+QRG9ZGu\/NifI0QtAOCKdQLtjkbIljKBzOWlTUx4\/es9PkjYBet8v5EKOVt9FSB+fbNc6LclmymBpd046D5zVPaq11X5jW7kURcggOb2tKDtBO0blv7dSiFgP6vuVF42bYf2uw0JZfe1KWLpqMlbyH8ITDMAtPdOvPHuKVw4+bZgTKOim3CMHurdJ4I6Q6GrhWUr30KnPX4ZhGIZRVRXp\/X18eW4Wv37zO\/jV69fwZQetjayQzWSQzWTwucUF\/Or1a0i8+R2Erl+32yzL9NP+ppH+hz3aGS9KjtNe\/VYxle7aOc2kXjqBilAOEsNzsygkkrr6+vkPqwtnl6JgPKZfqA6obhiUM1kUE0nLjnMqUHi6tY1CIimiRbtNPr4r9B5lB4T4vnaNnTj8Sa81r2k\/ebNhkCKLB5Xj2L0LW5ytkHguIjEn1h5BvfmOaAtvOITRaARAvWMMqNpeLnUAAAiMSURBVG6U0Ngbjy0L3VSgOl7GYz8EUO9gbQbNF0ZRt5d\/dB8AcDj\/bsM55UKc7UYNFhJJw7agwm+AdcegXXhr9wRorf37Del9i\/vdR1mPk7UNjMeWMTI365jx3+5YHFu6jZG5Wbyc\/37DZpQcUNCpI7LbUKaedv6g6wfMayN0C5L4ycd3LfcDWZ4KaOy7xVS9Y9iugtlOgIp2i7bS3E+SShJt5bB+qoWyPIZnpnEsZamM3KxGZFF2Q7uMx5alftXY97VZp71+R6T74wkGgC3rx5UPMoYbdvTOXkql69ZVxf00PMGAGI\/AWfFioDfjyO334fLaj5GP7+o+C0ajZ+uzosXfl9cLTn3+MgzDMBebbCaDzJtv4QsvDvE\/lm7jj37yF3ab1DKpD3eA6PcBAK6tx3jjr\/7SZotao9\/2N3X69zOqsdu\/1Y9FYye4\/T6MRm\/ZbUbLyM4SrdOanBLNHOLDMzdwsr6BfHzHdHNAy9jSgnCM5x6sYqJDp\/\/Re\/fqoo1KB5m6F3VyYMrQNXay4TA8cwO5VLXA3os338LwzI26YtF6mw29QHv9WjxTgZbuzyBRSqV7WqfD6ZAW\/mg0Ak8wgCvxpyKaTe7bepkQJ+sbuFxz5iibj+ukGsgRYaabOn53uW6BLR9XTCTrnOuyJvnVxEcoJpLC0eaZCoi5hq6nXU7WP8DY4m14ggFcTfxMXJPcFvmtxuwmu\/AEA3XSCdqo7+P37hkeq21\/LXpp8CNzs3Xp8lqO3rtn2WnX4Pyz8Jxux2Y95GeOlYK+\/aCdsehSFLEZMFEbg4W9JCrqIdx+n9DVBowz47p5T1uBag24FAVXnj2ty7QRNvdhbi7VAkNajciVZYG0kjQk9yOchTa\/g3Zr3LSDHB2t14\/kz4zaieRrOpVD8oZDmNh83JHMB80dLkXBlfhTnG5tw+33iXdgy4VeNXM3UI0olzNz6qSQajU\/xhYpS7Ya9U4SUr2CbDAqBG4EFRLXg+7nsWZuobXEUDgEZfMxCnvPMTI3ezYf6GQWdwrVShiZm8XwzDQKiednmTzfna7LOLI6D1Jb2T3uGYZhGMaITCaDV2uSPsX9wZRW\/CyVBq16\/z61DwyQhj\/Qf\/tt1\/S\/yIwtLQxsNDc5Swq1l2FPMFC3UGnmEB8Kh4D1DZQz2boFcjNogdWtaP9SKo2SwXfjseWGzQtZ67+TIr5yYeJSKo2cZkGht9nQC8yu\/7xj5hS9KORWVuG9HhKyNtpxeLR0RzdaLR\/fFVk+lMIvY7boB4zrAZQzWbxcumP4W4BxQfZOo7ZP1jbEQt\/ompwU6a9nI5F7sGq64d3OhqJe\/6j7XlFamkvkudvK5ny3NkHlmjBOcfoDrY9Fkki8tFLNgvEEA7ptRM9KPbp9T61SSCQbxrRMKZUW2Xa9pp3AECrWS\/9v9r3dEh92FnHWK9xr9L3TpX2A6txxsr4hIsC1Na2sziVmc3dFVXE4\/27dZ+QQ9wQDuFzLhOkHBWkzzu339TRyXX6f1z7jqUBrt5HnXMokhs47\/1EL74q0ZnDSuwLDMAzDyISuX8fP52+hnMngKwOo4Q8Ar0Uj+OX+PlyKgj+YGywNf6D\/9jd1+g+S3nyvya087Nq5vOGQrh72oCAX9D1Z38Cllft1i+dmOpne8Fl0YT6+IyIWrdDtaH8Zl6LAG76G0WhEd1FGL\/LNnCVWfkfZfIzj9+7VtRvJo\/SySDFTvY9OzgLqFxVVhXrzHSF3QpQzWRzH3jdduJITUq61UVFVnKx\/0PJcSVJhtBGm91uF+A7GFhcanFilVLphHLWDUVu0e012kI\/v4rS2Get0SPrDDkmPQnxHZJCQ1JrdtDMWT7e2UdxPY2xxoeGZUc5kcbK24ZhNDS168wdQvSanyC4ZQcV6KWjB6Httkd+LRrNIfr3Cvk6HNqPkd9ZyJoujpc6L0ubju8g9eNhwnkIiiaOlO3XyPxVVxXHsntj06wUUyOMJBjBy8+2ePwMP57+PibUf12c3rW\/0bAOwoqp48eZbGFtaEAXeZaqyP+9bHsNU3Lt6rLXC4EzvKR9k4BnArHqGYZhe8od3+xNg2isURRlIWSKi3\/a7fuv\/WgzAXaN\/QKmYTOfpxTLK5uOe6NEzveVo6Y6QYeiW7A1F+zcrysh0j8\/Cb1xoZ4weLkXBUDCAspTNYhVvCxHbnUJ2Avq1Ybr9G4PgQGfOF+2ORRqHWpk6p0N292o8M0y36eR52QlUALdfz6WRuVlcWrmPiqris\/C3+zI+3X4fPJP+vs8H9LtAe8\/98dgyRqMRlFJpvHjzrS5bx7TC5bVHIhuOpL3+JfhvDPsT\/ZturvMZhmFaYTy2jKEp5\/uBivtpHMf0M+C00oVOxUiRYNDtN4Od\/i3QrZcBeolmBg96aby89oij8QeU3IPVgYjaZhiGYRiGsQuXouBq4mdwKQq\/O5ng9vtwNfERgLPgIMYeqM\/mVlZFptsrB5+a3hd2+jMMwzDnGbfdBlw0XIrCkkkDSkmKOmKH\/2BSUVXdwrQMwzAMwzDMGSRvB6BBios5Y3Q+AuBMqpCxDyrQLN+H063tga6jxzAMwzCd0FTT\/\/DmO\/2w48LgDV9D+SCDss3F3ZjWoRdITzCgq0\/LOJ+TdX3NeIZhGIZhGKaek7WNatFzg5o7DERh8qOlO3abcuFw+30Yufn22f\/PzTbUhcmtPMRw\/CmuxJ+KtVz5IMMbNAzDMMyFoKm8D8MwDMMwDMMwDHPxcPt9A1UnxA64jezBEwzg0t1qjbWyeoj81hPdwvduvw9jSwvw1Ao2y7rUdA6VAx0ZhmGYcwg7\/RmGYRiGYRiGYRiGYRiGYRjmnMCa\/gzDMAzDMAzDMAzDMAzDMAxzTmCnP8MwDMMwDMMwDMMwDMMwDMOcE4YAfGS3EQzDMAzDMAzDMAzDMAzDMAzDdM7\/B3myMz8Ip64uAAAAAElFTkSuQmCC\" alt=\"Markalama G\u00f6rseli\" title=\"\"><\/p>\n<\/div>\n<div>\n<table style=\"width: 100%;\" cellspacing=\"0\" cellpadding=\"0\">\n<tbody>\n<tr>\n<td style=\"width: 120px; font-weight: bold;\">\u0646\u0648\u0631\u0645<\/td>\n<td style=\"width: 400px; text-align: left;\">\u064a\u0641\u064a \u0628\u0645\u062a\u0637\u0644\u0628\u0627\u062a \u0625\u062f\u0627\u0631\u0629 \u0627\u0644\u063a\u0630\u0627\u0621 \u0648\u0627\u0644\u062f\u0648\u0627\u0621 \u0627\u0644\u0623\u0645\u0631\u064a\u0643\u064a\u0629 \u0648\u0627\u0644\u0623\u0648\u0631\u0648\u0628\u064a\u0629<br \/>\nISO 1307<\/td>\n<td style=\"width: 120px; font-weight: bold;\">\u0644\u0648\u0646<\/td>\n<td style=\"width: 400px;\">\n<div class=\"color-icons\"><img decoding=\"async\" src=\"data:image\/svg+xml;base64,PHN2ZyB2aWV3Qm94PSIwIDAgMTAwIDEwMCIgeG1sbnM9Imh0dHA6Ly93d3cudzMub3JnLzIwMDAvc3ZnIj4KICA8Y2lyY2xlIGN4PSI1MCIgY3k9IjUwIiByPSI0OSIgZmlsbD0iIzAwMDAwMCIgc3Ryb2tlPSJibGFjayIgc3Ryb2tlLXdpZHRoPSIwLjUiLz4KICA8Y2lyY2xlIGN4PSI1MCIgY3k9IjUwIiByPSIzOCIgZmlsbD0id2hpdGUiIHN0cm9rZT0iYmxhY2siIHN0cm9rZS13aWR0aD0iMC41Ii8+CiAgPGNpcmNsZSBjeD0iNTAiIGN5PSI1MCIgcj0iMzMiIGZpbGw9IiNGRkZGRkYiIHN0cm9rZT0iYmxhY2siIHN0cm9rZS13aWR0aD0iMC41Ii8+CiAgPGNpcmNsZSBjeD0iNTAiIGN5PSI1MCIgcj0iMjIiIGZpbGw9IndoaXRlIiBzdHJva2U9ImJsYWNrIiBzdHJva2Utd2lkdGg9IjAuNSIvPgo8L3N2Zz4=\" alt=\"\" title=\"\"><br \/>\n<img decoding=\"async\" src=\"data:image\/svg+xml;base64,PHN2ZyB2aWV3Qm94PSIwIDAgMTAwIDEwMCIgeG1sbnM9Imh0dHA6Ly93d3cudzMub3JnLzIwMDAvc3ZnIj4KICA8Y2lyY2xlIGN4PSI1MCIgY3k9IjUwIiByPSI0OSIgZmlsbD0iI0U4M0YzRiIgc3Ryb2tlPSJibGFjayIgc3Ryb2tlLXdpZHRoPSIwLjUiLz4KICA8Y2lyY2xlIGN4PSI1MCIgY3k9IjUwIiByPSIzOCIgZmlsbD0id2hpdGUiIHN0cm9rZT0iYmxhY2siIHN0cm9rZS13aWR0aD0iMC41Ii8+CiAgPGNpcmNsZSBjeD0iNTAiIGN5PSI1MCIgcj0iMzMiIGZpbGw9IiNGRkZGRkYiIHN0cm9rZT0iYmxhY2siIHN0cm9rZS13aWR0aD0iMC41Ii8+CiAgPGNpcmNsZSBjeD0iNTAiIGN5PSI1MCIgcj0iMjIiIGZpbGw9IndoaXRlIiBzdHJva2U9ImJsYWNrIiBzdHJva2Utd2lkdGg9IjAuNSIvPgo8L3N2Zz4=\" alt=\"\" title=\"\"><br \/>\n<img decoding=\"async\" src=\"data:image\/svg+xml;base64,PHN2ZyB2aWV3Qm94PSIwIDAgMTAwIDEwMCIgeG1sbnM9Imh0dHA6Ly93d3cudzMub3JnLzIwMDAvc3ZnIj4KICA8Y2lyY2xlIGN4PSI1MCIgY3k9IjUwIiByPSI0OSIgZmlsbD0iIzQ2QTZEOCIgc3Ryb2tlPSJibGFjayIgc3Ryb2tlLXdpZHRoPSIwLjUiLz4KICA8Y2lyY2xlIGN4PSI1MCIgY3k9IjUwIiByPSIzOCIgZmlsbD0id2hpdGUiIHN0cm9rZT0iYmxhY2siIHN0cm9rZS13aWR0aD0iMC41Ii8+CiAgPGNpcmNsZSBjeD0iNTAiIGN5PSI1MCIgcj0iMzMiIGZpbGw9IiNGRkZGRkYiIHN0cm9rZT0iYmxhY2siIHN0cm9rZS13aWR0aD0iMC41Ii8+CiAgPGNpcmNsZSBjeD0iNTAiIGN5PSI1MCIgcj0iMjIiIGZpbGw9IndoaXRlIiBzdHJva2U9ImJsYWNrIiBzdHJva2Utd2lkdGg9IjAuNSIvPgo8L3N2Zz4=\" alt=\"\" title=\"\"><\/div>\n<\/td>\n<\/tr>\n<\/tbody>\n<\/table>\n<\/div>\n<\/div>\n<\/div>","protected":false},"excerpt":{"rendered":"<p>&nbsp; \u00dcr\u00fcn Ad\u0131: RAKI D\/10 PE \u00dcr\u00fcn Kodu: FDPE802 G\u0131da Maddesi Transferi UHMW-PE Kullanim Alan\u0131 : Y\u00fcksek alkol oran\u0131na sahip g\u0131da maddelerinin (99\u00b0&#8217;ye kadar) bo\u015falt\u0131lmas\u0131 i\u00e7in. \u00d6zellikle bira fabrikalar\u0131 ve dam\u0131t\u0131mevlerinde kullan\u0131m i\u00e7in. Alt Katman : Beyaz Renkli, Toksik Olmayan, Tat ve Koku \u0130\u00e7ermeyen, UHMW-PE Takviye Katman\u0131 : Y\u00fcksek Mukavemetli Sentetik Tekstil. \u00dcst Katman : [&#8230;]\n","protected":false},"featured_media":22329,"comment_status":"open","ping_status":"closed","template":"","meta":{"jetpack_post_was_ever_published":false},"product_brand":[],"product_cat":[2361],"product_tag":[],"class_list":{"0":"post-21485","1":"product","2":"type-product","3":"status-publish","4":"has-post-thumbnail","6":"product_cat-sel_gida_hortumlari","8":"first","9":"instock","10":"taxable","11":"shipping-taxable","12":"product-type-simple"},"jetpack-related-posts":[],"jetpack_sharing_enabled":true,"jetpack_likes_enabled":true,"_links":{"self":[{"href":"https:\/\/tuzlahortum.com.tr\/ar\/wp-json\/wp\/v2\/product\/21485","targetHints":{"allow":["GET"]}}],"collection":[{"href":"https:\/\/tuzlahortum.com.tr\/ar\/wp-json\/wp\/v2\/product"}],"about":[{"href":"https:\/\/tuzlahortum.com.tr\/ar\/wp-json\/wp\/v2\/types\/product"}],"replies":[{"embeddable":true,"href":"https:\/\/tuzlahortum.com.tr\/ar\/wp-json\/wp\/v2\/comments?post=21485"}],"wp:featuredmedia":[{"embeddable":true,"href":"https:\/\/tuzlahortum.com.tr\/ar\/wp-json\/wp\/v2\/media\/22329"}],"wp:attachment":[{"href":"https:\/\/tuzlahortum.com.tr\/ar\/wp-json\/wp\/v2\/media?parent=21485"}],"wp:term":[{"taxonomy":"product_brand","embeddable":true,"href":"https:\/\/tuzlahortum.com.tr\/ar\/wp-json\/wp\/v2\/product_brand?post=21485"},{"taxonomy":"product_cat","embeddable":true,"href":"https:\/\/tuzlahortum.com.tr\/ar\/wp-json\/wp\/v2\/product_cat?post=21485"},{"taxonomy":"product_tag","embeddable":true,"href":"https:\/\/tuzlahortum.com.tr\/ar\/wp-json\/wp\/v2\/product_tag?post=21485"}],"curies":[{"name":"\u062f\u0628\u0644\u064a\u0648 \u0628\u064a","href":"https:\/\/api.w.org\/{rel}","templated":true}]}}