{"id":21404,"date":"2025-08-11T10:56:43","date_gmt":"2025-08-11T07:56:43","guid":{"rendered":"https:\/\/tuzlahortum.com.tr\/urun\/cimento\/"},"modified":"2025-08-20T15:50:45","modified_gmt":"2025-08-20T12:50:45","slug":"cimento","status":"publish","type":"product","link":"https:\/\/tuzlahortum.com.tr\/ar\/product\/cimento\/","title":{"rendered":"\u0633\u064a\u0645\u064a\u0646\u062a\u0648"},"content":{"rendered":"<p>&nbsp;<\/p>\n<div class=\"report-container\">\n<div class=\"report-header\">\n<div class=\"standard-text\">\u0627\u0633\u0645 \u0627\u0644\u0645\u0646\u062a\u062c: CIMENTO<\/div>\n<div class=\"standard-text\">\u0631\u0645\u0632 \u0627\u0644\u0645\u0646\u062a\u062c: ABC731<\/div>\n<\/div>\n<div class=\"product-image-container\">\n<div class=\"key-feature\">\u062a\u0641\u0631\u064a\u063a \u0627\u0644\u0623\u0633\u0645\u0646\u062a<\/div>\n<\/div>\n<div class=\"horizontal-line\"><\/div>\n<div class=\"product-details\">\n<div class=\"detail-row\">\n<div class=\"detail-label\">\u0645\u0646\u0637\u0642\u0629 \u0627\u0644\u0627\u0633\u062a\u062e\u062f\u0627\u0645<\/div>\n<div class=\"detail-value\">: \u0644\u062a\u0635\u0631\u064a\u0641 \u0627\u0644\u0645\u0648\u0627\u062f \u0627\u0644\u0633\u0627\u0626\u0628\u0629 \u0627\u0644\u062c\u0627\u0641\u0629 \u0648\u0627\u0644\u0631\u0645\u0644 \u0648\u0627\u0644\u062d\u0635\u0649 \u0648\u0627\u0644\u0623\u0633\u0645\u0646\u062a \u0627\u0644\u062c\u0627\u0641\u060c \u0625\u0644\u062e.<\/div>\n<\/div>\n<div class=\"detail-row\">\n<div class=\"detail-label\">\u0627\u0644\u0637\u0628\u0642\u0629 \u0627\u0644\u0633\u0641\u0644\u0649<\/div>\n<div class=\"detail-value\">: \u0645\u0637\u0627\u0637 \u0637\u0628\u064a\u0639\u064a \u0645\u0642\u0627\u0648\u0645 \u0644\u0644\u062a\u0622\u0643\u0644 \u0648\u0645\u0636\u0627\u062f \u0644\u0644\u0643\u0647\u0631\u0628\u0627\u0621 \u0627\u0644\u0633\u0627\u0643\u0646\u0629.<\/div>\n<\/div>\n<div class=\"detail-row\">\n<div class=\"detail-label\">\u0637\u0628\u0642\u0629 \u0627\u0644\u062a\u0639\u0632\u064a\u0632<\/div>\n<div class=\"detail-value\">: \u0645\u0646\u0633\u0648\u062c\u0627\u062a \u0627\u0635\u0637\u0646\u0627\u0639\u064a\u0629 \u0639\u0627\u0644\u064a\u0629 \u0627\u0644\u0642\u0648\u0629 \u0648\u0623\u0633\u0644\u0627\u0643 \u0646\u062d\u0627\u0633\u064a\u0629 \u0645\u0636\u0627\u062f\u0629 \u0644\u0644\u0643\u0647\u0631\u0628\u0627\u0621 \u0627\u0644\u0633\u0627\u0643\u0646\u0629.<\/div>\n<\/div>\n<div class=\"detail-row\">\n<div class=\"detail-label\">\u0627\u0644\u0637\u0628\u0642\u0629 \u0627\u0644\u0639\u0644\u064a\u0627<\/div>\n<div class=\"detail-value\">: \u0645\u0642\u0627\u0648\u0645 \u0644\u0644\u062a\u0622\u0643\u0644 \u0648\u0627\u0644\u0623\u0648\u0632\u0648\u0646 \u0648\u0627\u0644\u0639\u0648\u0627\u0645\u0644 \u0627\u0644\u062c\u0648\u064a\u0629\u060c \u0645\u0637\u0627\u0637 \u0635\u0646\u0627\u0639\u064a \u062e\u0627\u0635 \u0645\u062b\u0642\u0648\u0628 \u0628\u0634\u0643\u0644 \u062f\u0642\u064a\u0642.<\/div>\n<\/div>\n<\/div>\n<div class=\"datasheet_table\"><img decoding=\"async\" class=\"alignnone size-full\" src=\"https:\/\/tuzlahortum.com.tr\/wp-content\/uploads\/2025\/08\/datasheet236.svg\" alt=\"\" title=\"\"><\/div>\n<div class=\"table-notes\">\u0642\u064a\u0645\u0629 \u0641\u0642\u062f \u0627\u0644\u062a\u0622\u0643\u0644: \u2264 60 \u0645\u0645\u00b3 \u0648\u0641\u0642\u064b\u0627 \u0644\u0640 DIN 53516<\/div>\n<div class=\"horizontal-line\"><\/div>\n<div class=\"footer\">\n<div class=\"standards-section\">\n<div class=\"standard-item\" style=\"margin-top: 9px;\"><\/div>\n<div class=\"standard-info\"><\/div>\n<\/div>\n<div class=\"temperature-section\">\n<div class=\"temp-icon\"><img decoding=\"async\" src=\"data:image\/svg+xml;base64,PD94bWwgdmVyc2lvbj0iMS4wIiBlbmNvZGluZz0iVVRGLTgiPz4KPHN2ZyBpZD0ia2F0bWFuXzIiIGRhdGEtbmFtZT0ia2F0bWFuIDIiIHhtbG5zPSJodHRwOi8vd3d3LnczLm9yZy8yMDAwL3N2ZyIgdmlld0JveD0iMCAwIDcyLjI3IDE2Ljk4Ij4KICA8ZGVmcz4KICAgIDxzdHlsZT4KICAgICAgLmNscy0xIHsKICAgICAgICBzdHJva2Utd2lkdGg6IC41OXB4OwogICAgICB9CgogICAgICAuY2xzLTEsIC5jbHMtMiwgLmNscy0zLCAuY2xzLTQgewogICAgICAgIGZpbGw6IG5vbmU7CiAgICAgICAgc3Ryb2tlLW1pdGVybGltaXQ6IDMuODY7CiAgICAgIH0KCiAgICAgIC5jbHMtMSwgLmNscy0zLCAuY2xzLTQgewogICAgICAgIHN0cm9rZTogI2E3YTlhYjsKICAgICAgfQoKICAgICAgLmNscy01IHsKICAgICAgICBmaWxsOiAjYTdhOWFiOwogICAgICB9CgogICAgICAuY2xzLTIgewogICAgICAgIHN0cm9rZTogI2ZmZjsKICAgICAgfQoKICAgICAgLmNscy0zIHsKICAgICAgICBzdHJva2Utd2lkdGg6IDIuMDZweDsKICAgICAgfQoKICAgICAgLmNscy00IHsKICAgICAgICBzdHJva2Utd2lkdGg6IC4ycHg7CiAgICAgIH0KICAgIDwvc3R5bGU+CiAgPC9kZWZzPgogIDxnIGlkPSJrYXRtYW5fMSIgZGF0YS1uYW1lPSJrYXRtYW4gMSI+CiAgICA8Zz4KICAgICAgPHBhdGggY2xhc3M9ImNscy0zIiBkPSJNMTEuMzQsMTEuNTdjLS45NCwxLjcxLTIuNzEsMi42Ni00LjgsMi42Ni0zLjA1LDAtNS41MS0yLjQ3LTUuNTEtNS41MlMzLjUsMy4xOSw2LjU1LDMuMTljMS45NCwwLDMuNjUsMSw0LjYzLDIuNTIiLz4KICAgICAgPGNpcmNsZSBjbGFzcz0iY2xzLTUiIGN4PSI2LjU1IiBjeT0iOC42NiIgcj0iMi40Ii8+CiAgICAgIDxjaXJjbGUgY2xhc3M9ImNscy0yIiBjeD0iNi41NSIgY3k9IjguNjYiIHI9IjIuNCIvPgogICAgICA8bGluZSBjbGFzcz0iY2xzLTMiIHgxPSI2OC4zNCIgeTE9IjExLjc2IiB4Mj0iOS45MiIgeTI9IjExLjc2Ii8+CiAgICAgIDxsaW5lIGNsYXNzPSJjbHMtMyIgeDE9IjY4Ljc4IiB5MT0iNS41MSIgeDI9IjkuNzMiIHkyPSI1LjUxIi8+CiAgICAgIDxsaW5lIGNsYXNzPSJjbHMtMyIgeDE9IjU0LjA3IiB5MT0iOC43NSIgeDI9IjguNjQiIHkyPSI4Ljc1Ii8+CiAgICAgIDxwYXRoIGNsYXNzPSJjbHMtMyIgZD0iTTY4LjE1LDUuNTVjMS43MSwwLDMuMDksMS4zOSwzLjA5LDMuMDlzLTEuOTIsMy4wNi0zLjYyLDMuMDYiLz4KICAgICAgPHBhdGggY2xhc3M9ImNscy01IiBkPSJNNTMuOTEsOC43NWMwLS4xNC4xMi0uMjYuMjYtLjI2cy4yNy4xMi4yNy4yNi0uMTIuMjctLjI3LjI3LS4yNi0uMTItLjI2LS4yN1oiLz4KICAgICAgPHBhdGggY2xhc3M9ImNscy0zIiBkPSJNNTMuOTEsOC43NWMwLS4xNC4xMi0uMjYuMjYtLjI2cy4yNy4xMi4yNy4yNi0uMTIuMjctLjI3LjI3LS4yNi0uMTItLjI2LS4yN1oiLz4KICAgICAgPGxpbmUgY2xhc3M9ImNscy0xIiB4MT0iMzYuNDMiIHkxPSIxNi45OCIgeDI9IjM2LjQzIiB5Mj0iMTQuMjQiLz4KICAgICAgPGxpbmUgY2xhc3M9ImNscy0xIiB4MT0iMjguMDUiIHkxPSIxNi45OCIgeDI9IjI4LjA1IiB5Mj0iMTQuMjQiLz4KICAgICAgPGxpbmUgY2xhc3M9ImNscy0xIiB4MT0iMTkuNTkiIHkxPSIxNi45OCIgeDI9IjE5LjU5IiB5Mj0iMTQuMjQiLz4KICAgICAgPGxpbmUgY2xhc3M9ImNscy0xIiB4MT0iNDEuNTciIHkxPSIyLjc0IiB4Mj0iNDEuNTciLz4KICAgICAgPGxpbmUgY2xhc3M9ImNscy0xIiB4MT0iMzMuMjgiIHkxPSIyLjc0IiB4Mj0iMzMuMjgiLz4KICAgICAgPGxpbmUgY2xhc3M9ImNscy0xIiB4MT0iMjQuOTkiIHkxPSIyLjc0IiB4Mj0iMjQuOTkiLz4KICAgICAgPGxpbmUgY2xhc3M9ImNscy0xIiB4MT0iMTYuMDgiIHkxPSIyLjc0IiB4Mj0iMTYuMDgiLz4KICAgICAgPGxpbmUgY2xhc3M9ImNscy0xIiB4MT0iNDQuNjMiIHkxPSIxNi45OCIgeDI9IjQ0LjYzIiB5Mj0iMTQuMjQiLz4KICAgICAgPGxpbmUgY2xhc3M9ImNscy0xIiB4MT0iNDkuNDkiIHkxPSIyLjc0IiB4Mj0iNDkuNDkiLz4KICAgICAgPGxpbmUgY2xhc3M9ImNscy00IiB4MT0iNDAuODgiIHkxPSIxNi45OCIgeDI9IjQwLjg4IiB5Mj0iMTQuMjQiLz4KICAgICAgPGxpbmUgY2xhc3M9ImNscy00IiB4MT0iMzIuMzMiIHkxPSIxNi45OCIgeDI9IjMyLjMzIiB5Mj0iMTQuMjQiLz4KICAgICAgPGxpbmUgY2xhc3M9ImNscy00IiB4MT0iMjMuNzkiIHkxPSIxNi45OCIgeDI9IjIzLjc5IiB5Mj0iMTQuMjQiLz4KICAgICAgPGxpbmUgY2xhc3M9ImNscy00IiB4MT0iMjAuNTkiIHkxPSIyLjc0IiB4Mj0iMjAuNTkiLz4KICAgICAgPGxpbmUgY2xhc3M9ImNscy00IiB4MT0iMjkuMTMiIHkxPSIyLjc0IiB4Mj0iMjkuMTMiLz4KICAgICAgPGxpbmUgY2xhc3M9ImNscy00IiB4MT0iMzcuMTYiIHkxPSIyLjc0IiB4Mj0iMzcuMTYiLz4KICAgICAgPGxpbmUgY2xhc3M9ImNscy00IiB4MT0iNDUuNzEiIHkxPSIyLjc0IiB4Mj0iNDUuNzEiLz4KICAgIDwvZz4KICA8L2c+Cjwvc3ZnPg==\" alt=\"S\u0131cakl\u0131k\" width=\"100\" title=\"\"><\/div>\n<div class=\"temp-values\">\n<div>-40 \u062f\u0631\u062c\u0629 \u0645\u0626\u0648\u064a\u0629 \/ +70 \u062f\u0631\u062c\u0629 \u0645\u0626\u0648\u064a\u0629<\/div>\n<div>-40 \u062f\u0631\u062c\u0629 \u0641\u0647\u0631\u0646\u0647\u0627\u064a\u062a\/+158 \u062f\u0631\u062c\u0629 \u0641\u0647\u0631\u0646\u0647\u0627\u064a\u062a<\/div>\n<\/div>\n<\/div>\n<div class=\"marking-section\">\n<div class=\"detail-row\">\n<div class=\"detail-label\">\u0648\u0636\u0639 \u0627\u0644\u0639\u0644\u0627\u0645\u0627\u062a<\/div>\n<div class=\"detail-value\">: \u0634\u0631\u064a\u0637 \u0646\u0642\u0644 \u0623\u0648 \u0634\u0631\u064a\u0637 \u0646\u0642\u0644 \u0623\u0648 \u0645\u0646\u0642\u0648\u0634<\/div>\n<\/div>\n<p><img decoding=\"async\" class=\"marking-image\" src=\"data:image\/png;base64,iVBORw0KGgoAAAANSUhEUgAABf0AAAAoCAYAAABEkVAiAAAACXBIWXMAACE3AAAhNwEzWJ96AAAgAElEQVR4nO2dTWgbaZrH\/2tCE7LuIoRhxoyK3V46F9Wlw14k6G6mWSJl6abnYNUhWR\/i6JBstkHWLPk4tO2D7RwcmxlbkE0nB9s5mOQg+TAhgUhht5fugHQZuucgXQI7LKXFOwxNqPY2IYSwB+mtlEpVpSqp9FHy\/wcmlkt663k\/6s2r533e\/\/NX7\/\/te6cAHAchhBBCCCGEEEIIIYQQQsLMiyMAfgfgkyEbQgghhBBCCCGEEEIIIYSQ3vh6YtgWEEIIIYQQQgghhBBCCCEkGOj0J4QQQgghhBBCCCGEEELGBDr9CSGEEEIIIYQQQgghhJAx4UgvH85ks4jFY0HZEgi1ahUrS8sAgJSqYlpNGddWlpZRq1aHZVogSJNv8PDu\/yAy9XrYphBy6NAPJvD3v\/6bYZtBCCGEEEIIIYQQQogjXTv9U6qKTHYuSFsCJyLLiMXjxmtJkoZoTTDMpnQ6\/AkZEjdunRi2CYQQQgghhBBCCCGEuNK1vE9EloO0g3hAnnqN2ZQ+bDMIOZTUnr+DwpPJYZtBCCGEEEIIIYQQQogrPcn7kMGSOf8C0uSbYZtByKFk5d8Y5U8IIWR0kSQJus7gEDfYRoQQQggZJczqJKNMXdOgaVrb3yVJQlRRhmCRf2rVats6MOz2dyIwp\/\/K0jJ2traCKo5YiJ16iekzB8M2g5BDSenZMVS+OzpsMwghhBBbZFnG7oP7+OeLl0Kfv6pfzKbTSCQTmDl7btimEEIIIYQAAHYf3B+2CZ7IbWwit7HR9veoooSmDjNnz6FSLrf8Lez2dyIwp3+vXzCC2l3RdX0sv+xkzr8Ytgk9U98\/Au1\/G0Mu+v4rnlroAnMbyr94zfwOAyKMWv4iYsBpR56MDlFFMXLO+Nm9Pwx9LNombP+3y7JsyCD6WZiZPzfO\/ToozJFTfhfIYSOTnUNElpHJzuHyxUvDNqdvdDtfyrKM+cUFAI1xMe7jgRBCCCGEkJGR9wlqd6VSLo9dBE\/qzAFiH7wcthldox9M4PLiz9sipWdTuqNk0cl\/eA8AsPu7\/Za65+4dR+7ecUiTb\/CH3\/93x3t\/fvGXqD1\/B5nzL1o2TirfH8XMb6Y82W\/+rPlzVtvMmN\/3\/N\/\/1FInL8ROvcTub\/eN105tGDv1EreX\/swNlD6Su3cc2v7ITJUdSakqvlxcaElcvpfPY2Vpuc05EovHPc271l3953\/6LwDAJx997OqUjCoKHj5+BAA4+d7ftVwTZbhhnc93H9xHLB7H9StXUcjnbT+TyWaRyc4ZNovPeMFp59ypDF3X8bRYRG5j07YdrLZYSSSTmF9caMuRUyoWcWNp2bFt\/fQx8LatrX0gEOOg0\/+fkiThD3\/8HkDnvndrd13XsbO1bdsmgqii4Ku7d1raplIuY2Vp2db53+1YtivDrR069akkSbh9905L3XVdR25j0\/U0ZFRRML+40NZmtWoVK0vLbeNS2NEJuzFt7sfPP\/2srT3Fc7uztYWVpeW2MkXfurWl+X121DUNK0vLKBWLHetgh7n+ThE71vFT1zRPUfCd2rbT8zkMZFnGtKoCAPbyBePviWQSq+trkCSpY38BwH9++w0isuw4x3aaT53mGC+f7zQm\/M6X1mdV0zSUikUkkklksnOYOUunPyGEEEIOF3VNw8zZc9B1Havra0gkk8M2yTelYhHXr1yFJEnYfXA\/dPlmB21\/14l8yWCQJt+EOspfP5jAzL9O2Uqj7BQkXF78edfllp4dc31Pff8Ias\/f6ap8L+TuHe9b2Wbc2rDy3VF88k8y9AM+yv1AP5jATkHq\/MYRIaWqhoPHzLSq9uXI2ukOi4SUmgr8ngA8OTsHgSRJmFZV\/P7xI98n1RLJJG5bnJLma79\/\/AipphPPzKD72IzZWdeL9qQkSchk55DJZm2viyAAa9sIp7w8ogs7sXCzto0kSZhfXHCsr5BlsWtT0RYiQjkIdF1HvekgtWtL8TenMS3+3svJi4gs4\/bdO7ZjvBM319dc5wCnBXSk2c7WZ8cviWQykHKCRLRHpVw2nOYpVcXtu3c82xlVFERkGbqud70Z0wtuY6Lb+dLKjeYmViweD41+LiGEEEJIUGjNk8SNU9S1YZvTFbVqDbquG3UJG4O2Pzzhq4eU2ZQeagmXG7dOGI53eeo1Tn\/4EwBg78kk9IMJVL47ity9411tbDz99hgSzfLs2PborI2dcj9FITu0f+W7o6h8f9TzKQzrffSDCaNtrNei778yfr+++jPbNnz67Bi0\/SPQDyZwffVnuL38Z092EO\/cuHUiNBsqsixjdX3NeL2Xz0PT6kipKURkGVFFQSabtY307CSdUneMOE+5Ri97iRxwk1hwsikiy0ipqmO0v1sZQkrOrs6dZCKsUhJCikWSJNxcX8Pnn37W0R6B2Ykr+goAYvEYYvG4bbLJXvo4CBLJhPH76WTCc\/tb6yHkOTLZuWYdWsfXVyZHZaVcRqVcaWmX1fU1x0j8bsdyEMwvLhgO8bqmoZAvQJYjRgS2U30z2bm2+gJo+awTnSSAnMa0pmnGmLE6eEUd7JyikiS1SKt4wW4MiLK\/XFxAqVj0lZCqU5tMq6pho3hGRFuKjTovOajMfQEAkvQuEskkIs3nfjad7tuz5hexAbuztW38bdrnpuuF9AUAwFMP\/dFNErFOn3cbE93Ml3aYo\/1TaooSP4QQQgg5VEQVBVFFQV3TkEgmUCmXW+RFw0AimcDO1hYisgxZllEpl1vkH0edQdsfmNO\/m4gZt8W29cuWV\/r5hX7QyFOvMZvq\/kvVsKnvH0HhySQAIHryFXZ\/u2\/I0GTOv8DMv06h9vwd7BQkzKZ03xI1pWfHsOpy\/WmHkwACs4yOX3L3jnv+vPV9LVJBDmXU948YJxrc2rD07Bjq+0dCvUE0atSev2OM3zAw23TYAK2SHTtbW9h9cB9RRcFs+oKtk6pWrXYlixZVFMiybOt0FFGjnehWji2TnfPkdLbKk4ho8W7qbCezcnN9DdOqiqiiIJFMeoqQFY5DwF6aJKWqOJ1MtJXVSx8HQTeR\/nZtZpZ9Op1MtjhgzW2zsrTcck20tYjStVtDdDuWe0U4k4HGkU2zpvr21rYRGZ7JzuHalau2n7OTX9ne2sbN9TXkNjZt71vIF7rq78ZGShxRJdp2LRaPGb9HFaXFuS82BER0ihfcxoAkSUgkk56eZTN7+Twismw7DsXm1F4+39LWQGNDQCy0O1EpV9radmVp2TiVkUgmRsLpn0gmDae3dc6oVauolMuYTac7liM2DkrFUsf32vWpH\/yMiW7nSyf28gUkkslmfa92fD8hhBBCyLggSZLxPcz83UNIPIaBqKIYUqVibSjLMr7+9pshW+aNQdsfmNO\/cbTYn+SCm26u3Zetw4aT3n1YMMvvfGXRnZcm32D+ix8w85sp6AcTePrsGKbPHPgqXz+YwN6TSdvP1Z6\/MxAddr\/R\/n7p1IZfLf0Zv\/qnxuRceDIZaimoUWPl38KVvFc4v\/by+RYnna7ruHzxEr7+9htIkhR4AkOr01bQL2kfgXD4DTtS89qVq4jF44jIMhIeHU\/CcdrY3G63v5DP2zpBh9XHwNtTDfXmcdCoonR9n1q1akTbxuKxlvEjHM51TWsbV9a2HnbfmzGfarlucTTXqlXs5fOYTafbnNRmCR2nDTk\/J0i8IsaPnbyP2SZZlm2d\/r0mVbaOAT9Of6E37yRnJepkdV6XiiVMq2rP8lA7W9vNDRN\/kl79QjwzTy1zz16+gEI+7ygrZcZt42BQOI2JbudLJ8QpAnHqK0wJwgkhhBBCgsK8BhKngMOGqEMYZX6Awdg\/VN2KUfrSNGrETr307QQfNYQGffTkK9sI9NgHLxtJijvI67hR+tY+mn8QOuxC9qef2v6iDWOnXtq2YWTqtdF+\/cxfcNgoPTtmm0NhlBFzacGUxFGgNR2oYhc5SJyc+\/1MCiROdI2Ktr9oc78LJb+n2YbVx8DbKGCz460XTWyhIWk9xuhWR6AR+T5Kzn6B6PtKuWwrM9JpjAy6TmJhaV2DyU25KkH79QiA3p3+jTIaY8Dvc9PJwSvKs\/aDeN3rF5pOMjIiUj2Tzbo+I2LjTLR3IpnEbDrt+\/l96xRvnU\/8OMLF6QjrxsGgcRsT3Zz+db5PY\/xS158QQgghh5XV9TXMptOYX1yAJEnIbWwOLfijW3Yf3MdsOo3bd++gVCwit7EZKvUXO\/uDDkjpOhQ6KEOcdIsaSf78O3TcTg+EiXGI2Nb\/r7GnpJj06a2sXv9LV2VLk2+MZL76wUTbiQgRIS\/e1w8y51\/g2urP+hrtL9ow6tKG0fdfofLdUeO9pHdu3ApXlL\/ZSeQ0N1tlboLCTuJHSPvU+xQxkNvYxOr6mqvMyyBp3H\/OtwPJTlrFiWH2MfA2mrhSrkDXdcym032RNxH1dKrjztaWJ2mWQSP60slu89\/txuygAyCs0fvitTknQeM0Tazlc28j\/cOZ+CtI7Jz\/KVXFl80vTg3mUNc0\/PPFS21jY35xAbF4HDNnzyGlpgyZp\/nFBVy+eMnzly4x7\/QyD\/qR9gEaa\/fZdBqKEkW1WsNePt+Txr8X\/MyXnRDyVkqAZRJCCCGEhAlJkoy8SZ989DE0TWsEr\/yxf8F7QRNVFMwvNnIU\/OqjjwE0vufcvntnyJZ5YxD2d+30LxWLmDl7zreTQyTdIs6kzhz0TS5mGPRDZz568hXq+0eg7R9pkwYSGwHy1GtEpl73LWJ7+swBCk8mjWTEveQG6ISbzFOYJaBGkdy94wORhgoSs2O9344XM0KKwSrxI6L\/S8WiJy1pv2iahr18HtOqikx2DjNnRy\/y2w3RR4lk0rO8xLD6WJAwRfqbo8S9JtBsL68RWWyNxHCK0h51hJNX13\/09TlRT+FEHeSGRqVcbjo+253+hXwBmexc22aEeB3EEVRJerfnMoaBGLtWJ3ssHm9JtC2IyDK+unsHn3\/6me24zmTbNwy9jn\/zZmC3fdKNtM\/q+pox5qfRSALsVD8\/2I2JbubLTogywniMnRBCCCEkaN5truvCkgzXDrGeDWsd+mV\/T6HBlXIZuY0NXz9BHs8dR6TJN2MR5T8ITn\/4EwBg2yLl87Qp+SOu9xPRVyLan4Qb\/WBiINJQ48LTZlSoVeJHOIidJFqCQCQ2FdH+YcIsofHw8SPcXF8zHG+jiGjfuqYZjsVeJH5m02lHSZLDRq1aNTY+5hcXsPvgPlIB6M57QdzX7Ph8e6KjIeMkSZJhi1n6p9fTNUICp1HWaI4BWY4Y80sjcW8SN5vHoIGGtr+ZSrmMvXwelXIZly9ewszZc8bpm0YeCvuoqVg8bgTSCIkur+0r+q6XY8xWaR9ZlpHJZl1zAVjnqogsG5Fi3eI0JvoxX5o32wghhBBCRgWRq23m7DnUqlXUqlXMnD2HyxcvQdd17OXzxpoRaJz0njl7DntNWUfxWkiOupUl1p8rS8vYfXDf+BFldCv142SzWBe72SheX754CXVN61hWbmPTKOvh40fYfXAfmeycUWY3a+Sw228lXOGsh4DZlN6XyPhx5EJKx05BQu35O6jvH0Fk6jX0gwkUnkwCaJyY8JKM9eQ\/vOd4bfd3+66nLmIfvETs1MuBRPuT\/nPj1om+yUGNMrF4HM\/\/9F+213Ibm44SLqViEatYa5H4MUv7eInIdLpvJ6k2TdOMSOWUmhq6xI8fhP6+cB5Oq6oh7VEqFrHTJ916p7buhF1ks5DH6JS82CnZKgDPkcVOGzt247Lbsey1jH6wsrRsHOE017VWrWJna9tVm91NClEsIJ2oVmuYBlokfMyJemvVqpF7yZzcy2+ktZ100Wz6glHeqGqHmp9LM3VNw8rSsm3bXrMkca6Uy1CUKKZV1TFhsdgkEL93Q7dR\/pIkmeaexiZuRJaNMeX0vOi6jutXrjalvi4gkUxiWlWR29j0ZIufMdGP+VI4\/ZlXjBBCCCGjxNNi0VgHibWZWOfMVi8Ya81KudxySljXdURk2Xid22h8TxBlFfIF\/KjrLWWJNVSlXEZKTRkSpOaTx93k6SvkCy33Ea8r5TISyYSrjZIkGa\/fBok1ypoup7C9tY1atYpKuYz5xQVjrVqrVvGHP36PiCy35CYQp5f9YF5bBm2\/WCv3034rI+vdym1s4uR7f+f7J8x6\/tLkG8ymwiVpMEwiU68RPdnQuhca\/k+b\/8qma\/2G0f7jQX3\/iLFhRLwhdquBt5rQZmmffiOi\/acHFBkdJCtLy7ZSLolkErsP7uOmjUzIsBBOaLPed6\/JfEUUhBc5kFg8bji3zT\/jQqlYNByoZqKKgtX1NTx8\/KgvEcnCeW+N5K9rGnRdN3T7xYJV9LVfB7M4wWD+MctFBZ2sqt+8K0m++kNErTsncR7eSQfRD3VN8zRniy9Z169cRalYNH4XeHWi+x0TQc+XYRtzhBBCCDkcxOJxY50ZVaJGTiNx+jbVDHwQ63LzOj2qKC2vzad0Y\/EYTjcDuURZ5jLEOtVaRnd1iLXcR5QnynazMZFMtLw2119RFNt6A62bE9Yy\/GJtpyDtFz6TftpvhZH+I8T8Fz9Qn90nqTMHWHl+AjsFCbMpHaUupH1ip5wj+aW\/7twfjPYfD67d\/NmwTRgaDQefvROk05GyUrGEaVVFSk1hZ2vLt7SPU4SmF6eM2HEXTmFrlO2os7K0jNzGZjO6O4ZEMmksuKZVFaViKdDNE6e2liTJ0VlnvtYa6d\/4PdJcCLklsBXObFmWjfr9+tPPAtGFt9LLWPZShrkOQVLI51HI501SMomWBWYmO2ebqNksuWSl04aKVddc3K\/a\/Lv4Vyw2ZTnS\/FwwSXzNEe6jyF4+3zaPib5YXV9zPKlifZ7e7bBBMMxTSuJLjdd5xm4M6s2oMfFls5c5y21MDHq+JIQQQggZNBFZxh\/++H3L38wnkFfX11pySD18\/KjlvdbXbmWZA6muX7mKQj6P2XS6rQy\/JJLJlvvMLy60yEB2stHNZmtZ4lS5ruv4\/NPPjCS41jIOk\/1W6PQfEaInX7UkoyXeSHz4E1ZunYC2fwSlZ8eMiP8LPk5MBOGkz5x\/gZnvphjtH1Iq3x\/tW8LnMCC05rqhVCxC13VEFcVwwniV9gHQ8+ms3MYmdh\/EDWmJsCEch6ViEStLy4jF47h9905TdiMVqBPLqa1j8bijDI\/YxDE77wXC0ReLxx372yyDElUUY5EUacpBeUHopIsy3LTDexnLXspoaJ3375SB2MjKbWxAlmXcvnsHUUXBtKraOlwL+YInySI7dF1HvSnbIxy2DRsakefW5L7CwerXSb2Xz0PT6i1\/q1WrI++g1bR6W10r5TJ+1HWsrq+1HOcFGs7++cUFW0mgUcSsod\/P\/Ct2dDsmgpovqeVPCCGEEPIWIUG5s7XVc56mYSCkSYGGPE83skTDpJ\/2uzr93RwB\/abb4\/tuOtC91MWrFnC3zH\/xQ9\/KHmciU6+R+PAnlJ4dw\/XVRqR29OSrgedFsEb7MxlzuBBjh3TH02IR06pqRB0M0plnjfa3OpLCRqVcxo2lZayur41EgmIR5R2R5bb\/Q4UsTCwes5XesCIWM1FF8ZWHQXOJZh9nNE3D5YuX8PW33xjR40HLklSrVURkuXnEt9HX5nuIZ8t8BNhvQimzruc4YM5lIkmSsRk2m06HxuEPtEr7DFruJqgx0e18KTayvMiLEUIIIYSMI7quY2drG1Elikw2i9zGBjLZ7LDN8kUjaKSERDJhBKLNpi8M2yzPDML+oUf6c8HdiFZ3SxYbdtwi3\/eeTELbP4LoyVdI+JDkMZP4qOH0FwlYU0M6MdES7f9BsFHjtefvdHWNdGanIEHbH\/pU2BNm54mTYzClqojIsuEkDxIh8SOiJwetUS2i\/U8nk0aOgUEinN9+naFOCAe3ORp1WH0sdAclSXJ0qvmJRNjZ2sbq+poRuW5dA4hNAVmWYTeKRJuM2tpBJDYWuo1WzDkn\/IwT82ZHf3T9a8YJHdkmkl8k8xXjQNf1Q7kBY8Y89qKK8jbRV3OBbpUF6nQ6JQi6SUgrpH2qzT62K0skdBtl7OZLr1DbnxBCCCGHFZGjCWhI1oQxZ9rM2XPNzYutQCVxBsUg7B9qIt+9fJ4LboxvlH\/0\/UYiXSentH4wgZVbJ5C7dxz1HpyuVv3+bjcPekVE+wMNR3IQiDZ02zgR18R7iXf0gwnk7h0fthmBIBxRTo7ZLxcXkMnO9SXhrZD4EXYMWrZDJH5sSDwMPtJWREj32xk66D4Wkcxe8Or4N48Nu756W0f7pEWJpqNy1NYOwm7Fwflq7rNRcpqLdkwkE4jIclu7Cv3+UW13OzptCPW6YeT0TIi\/X7ty1dh463eiYuGQ78bhLT4jkuGKHzudUfH+hrxVuCLA7Ohmk4QQQgghZJwwrx\/DKn0o7Kb9zrh6WkVyrn6wly8YulFB3sv85aquaYHZH1QEp5XM+RcDl6IZFLFTL7FTkAzHqlXyJnfvuBGd34ujXpp8g9SZAxSeTA5F2sfM\/L\/8gM8v\/tKoV6+Y21AkKzYjron3En+Yx2DYqZTLSCSTuJC+gL18vsWxNZtOm6Lw+zOnC4mfp0PS6RYR5IP+D1\/orQONEw9eiMXjSKkpx8TDKTUFoL2vBt3HwlFdq1bx+aef2b7n9t07SCSTiMVjnjZ7dF3HXj6PaVXFhfSFNlkgETF\/OpmELG+2OMhlWTYizr229aAwJzaeTafb6iWiwK1tJEkSbt+9g8sXL9k6o1OmjZF+PLtW3X6rg\/ptMt+47fVRRJxOSCQTLW0W1MaFebNqFNpD13XjJE4\/o\/J1XTciwMynicyJi\/vRHt3Ol26IpNSDPpVGCCGEEDJMdF3HjWaesEx2DrF4DFFFMXJ3hYFatYrcxiaiioLdB\/cNOdKwMGj7XZ3+QSTE80o\/7lXI51s2FkYNafJNmxN3nEh8+BPkqdfQ9o8Y0dSpMwfQDyZQeDJpRMPHTr3s2VE\/\/Y8H0P73SFft2SnxrvyL157ti558ZWxABIG5DVdunYB+MGE490X+AACQm7kNiHfq+0cCO5ExCuzlC4ZMx+6D+1hZWkZd0zCtqoajppE8sX0D0026BWhsenaKTi7kC4jIsu+EkG731XXdsxOpkM8jk53r64LFGh0ai8cNZ66u6543PG6uryEiy4jIMna2tlEpl6HrOmRZxrSqGk5Fq0Oqlz7uBuEkdXOmVcqVptPf+0JFyEGJBLLm8vea\/ShJklFHc84GsbHh1NZBjOVuMOcrEJHSYuxmsnPG2Hlq2ayYX1xALB7Hw8ePkNvYRKVchqZpRpLVL5tlOfWBLEdc62uXgNmMtS2qzch+8+dbX7deb9jQGLd1Tet5zSUSQ\/ciUSWc\/tOqilKxZIwf8Vx5nVPs2tb8zDu1rXVM9\/tLiKivWWrICytLy7abpOYxbF2Xl4pFJJJJzC8uGBtV84sLRjn9cPp3O1+60W1+CkIIIYSQMLOztW2s12PxWKjyUQnE98NSsYiUmgpdHQZtf7iFrEPO\/Bc\/QJp8M2wz+sqXX\/yAyws\/B9CIqrZKqUiTb3Dz2l96vk\/sg5fY\/e1+V5+d+c2U6\/XM+Re+EvNmzr8IzOkPtLch7tm\/h\/jj2s3xSt5bKhYN55bYNTaj6zpyG5u2n7V7vxkvicwbSdT9O+nc7uuWmN2O3MamkUy4H7jpcuc2Nj05k0XizwjeOjjtENp+ZnrpY7+YneduUfXCySh0+L20QalYRF3TEJHltoS+mqZhZ2sLs+k0IrKM23fvtH1+Z2vL8T5BjOVuWVlaNu5tN1Zq1aqjUzwiy65j16lfzU5PO2bOnuvoCDZHl9g5bc3X7do9IsvIZOdQKZcDcfpnsnPIbXR\/smFna9s4+WI3FrxuTHZqW2ufCIe4iNgBWqPg+4U4HeM1obbAi4Pe2gc7W9tIJJOIKgq+\/vablmulYjHwDbVe5ku3MkWfjHq+AkIIIYSQIBGnHQGEKrrfjMj9JkkS3g2hrM+g7R8PXYsQEj35CtNDSjg7SBIf\/oSb1+2d+tLkG+z+dn\/s5I0iU68DTSbs1oYAcPP6Xxjl75PK90dR+S7YZMujwOWLl2wdObquY+bsuZHSEu8HhXx+4JGbuq5jZWnZs8NJ9IWbFE5d04ykPlYG1cdm55qbY8wc7ewv2r9R\/9PJZFu08crSsmNC5r18HivNI6mjRqVcxnUHCRKn04zXrlx13ajRdR3Xmxrx\/cI8nuzu0+n6qKFpmuMYyW1sBhKNbk58Zi7b\/CyIzbl+SwAJOxI2z1LQVMpl22ezrmmOY78Xep0v7TCf+Bj3\/xMJIYQQQsxMqyoePn6Eh48fhUoSx8zq+hp2H9zHw8ePQqnlP2j7XSP9Y\/G4a8TcYcJvxGknxjV5rx3TZw4Q++AlCk8mUfn+KKS\/foPYqZeYPnPgeNJBRNbLv2jdEIideokMXkD2uFGQat7bqncv\/+K15+h982e9fs5LrgY\/NljbEGicbkidORi7TZNBcH11vKL8Bbqu4\/NPP0NKVXE6mYAkSaiUK46SL3VN8xQZbnX0+Ykmd3qvlzKsDvy9fAGVcsXVsX\/tylVXbWtRZz+bA+K+dmWZkxhbqZTLthHLuq7j8sVLiCqKoYcvyquUK65l+u1joHNb27WJODXgpZ1uLC0jYony79RXO1vb0PUfAbyN5jVz7cpVFPIFpNQUIrLclI4pdOzXTrg5rb2MDac+FRTyeVTKZcymLyCqKE3Zp5JrBHxuYwN7+TxON8eCaI9KuYKnDtHTwo5OeOm\/UrEEXf\/R8b3iutOYdGo3L8+rlU7t67X8na0t1KpVz+PHzgY7hIyXXZ\/UqlX8+tPPMK2qiMVjRt9XymVD\/sir\/X6oVavGyZnZdLrtJIufNgU6P0uNRMUVY\/4pFUttOUac6KbO3c6XTvW+0JRn8itFRwghhBAyDvT7FOogCOuGhWCQ9v\/V+3\/73n8A+MTJEDr9GwTp9E98+Pw2x2YAAAFCSURBVBNuL\/85kLIIIf7YKUhYuXVi2GYQQgghgTCbTmN+cQG6ruOTjz72HPV+2Egkk4Zk2CcffcxIf0IIIYQMnbA4sJ1yow1CzjIo7HJyhd3+DnxNTf8hcJii\/AkZJfSDiba8EoQQQkiYMSfAtov2Jw1Ero0gE54TQgghhPRCGOQz3WicUA5vHcJufydcnf7jXnk\/BKXJ6kX2hRDSH3L3jkM\/YCoTQggh40Mjke02Mtm5lgRt5C0iWVqQCc8JIYQQQggZZVzlfUjwRE++ctSxJ4T0l3FM3ksIIYQAwM31NVzrQ0LdcSGqKIjF454TrxNCCCGEEBJivqbTnxBCCCGEEEIIIYQQQggZD76mzgUhhBBCCCGEEEIIIYQQMibQ6U8IIYQQQgghhBBCCCGEjAl0+hNCCCGEEEIIIYQQQgghY8L\/A0y8m\/pwq8aNAAAAAElFTkSuQmCC\" alt=\"Markalama G\u00f6rseli\" title=\"\"><\/p>\n<\/div>\n<div>\n<table style=\"width: 100%;\" cellspacing=\"0\" cellpadding=\"0\">\n<tbody>\n<tr>\n<td style=\"width: 120px; font-weight: bold;\">\u0646\u0648\u0631\u0645<\/td>\n<td style=\"width: 400px; text-align: left;\">ISO 1307<\/td>\n<td style=\"width: 120px; font-weight: bold;\">\u0644\u0648\u0646<\/td>\n<td style=\"width: 400px;\">\n<div class=\"color-icons\"><img decoding=\"async\" src=\"data:image\/svg+xml;base64,PHN2ZyB2aWV3Qm94PSIwIDAgMTAwIDEwMCIgeG1sbnM9Imh0dHA6Ly93d3cudzMub3JnLzIwMDAvc3ZnIj4KICA8Y2lyY2xlIGN4PSI1MCIgY3k9IjUwIiByPSI0OSIgZmlsbD0iIzAwMDAwMCIgc3Ryb2tlPSJibGFjayIgc3Ryb2tlLXdpZHRoPSIwLjUiLz4KICA8Y2lyY2xlIGN4PSI1MCIgY3k9IjUwIiByPSIzOCIgZmlsbD0id2hpdGUiIHN0cm9rZT0iYmxhY2siIHN0cm9rZS13aWR0aD0iMC41Ii8+CiAgPGNpcmNsZSBjeD0iNTAiIGN5PSI1MCIgcj0iMzMiIGZpbGw9IiMwMDAwMDAiIHN0cm9rZT0iYmxhY2siIHN0cm9rZS13aWR0aD0iMC41Ii8+CiAgPGNpcmNsZSBjeD0iNTAiIGN5PSI1MCIgcj0iMjIiIGZpbGw9IndoaXRlIiBzdHJva2U9ImJsYWNrIiBzdHJva2Utd2lkdGg9IjAuNSIvPgo8L3N2Zz4=\" alt=\"\" title=\"\"><\/div>\n<\/td>\n<\/tr>\n<\/tbody>\n<\/table>\n<\/div>\n<\/div>\n<\/div>","protected":false},"excerpt":{"rendered":"<p>&nbsp; \u00dcr\u00fcn Ad\u0131: CIMENTO \u00dcr\u00fcn Kodu: ABC731 \u00c7imento Bo\u015faltma Kullanim Alan\u0131 : Kuru d\u00f6kme malzemelerin, kumun, \u00e7ak\u0131l\u0131n, kuru \u00e7imentonun vb. bo\u015falt\u0131lmas\u0131 i\u00e7in. Alt Katman : A\u015f\u0131nmaya Dayan\u0131kl\u0131 Antistatik Do\u011fal Kau\u00e7uk. Takviye Katman\u0131 : Y\u00fcksek Mukavemetli Sentetik Tekstil ve Antistatik Bak\u0131r Tel. \u00dcst Katman : A\u015f\u0131nmaya, ozona ve hava ko\u015fullar\u0131na dayan\u0131kl\u0131, mikro delikli \u00f6zel sentetik kau\u00e7uk. [&#8230;]\n","protected":false},"featured_media":22276,"comment_status":"open","ping_status":"closed","template":"","meta":{"jetpack_post_was_ever_published":false},"product_brand":[],"product_cat":[2360],"product_tag":[],"class_list":{"0":"post-21404","1":"product","2":"type-product","3":"status-publish","4":"has-post-thumbnail","6":"product_cat-sel_asinmaya_dayanikli_hortumlar","8":"first","9":"instock","10":"taxable","11":"shipping-taxable","12":"product-type-simple"},"jetpack-related-posts":[],"jetpack_sharing_enabled":true,"jetpack_likes_enabled":true,"_links":{"self":[{"href":"https:\/\/tuzlahortum.com.tr\/ar\/wp-json\/wp\/v2\/product\/21404","targetHints":{"allow":["GET"]}}],"collection":[{"href":"https:\/\/tuzlahortum.com.tr\/ar\/wp-json\/wp\/v2\/product"}],"about":[{"href":"https:\/\/tuzlahortum.com.tr\/ar\/wp-json\/wp\/v2\/types\/product"}],"replies":[{"embeddable":true,"href":"https:\/\/tuzlahortum.com.tr\/ar\/wp-json\/wp\/v2\/comments?post=21404"}],"wp:featuredmedia":[{"embeddable":true,"href":"https:\/\/tuzlahortum.com.tr\/ar\/wp-json\/wp\/v2\/media\/22276"}],"wp:attachment":[{"href":"https:\/\/tuzlahortum.com.tr\/ar\/wp-json\/wp\/v2\/media?parent=21404"}],"wp:term":[{"taxonomy":"product_brand","embeddable":true,"href":"https:\/\/tuzlahortum.com.tr\/ar\/wp-json\/wp\/v2\/product_brand?post=21404"},{"taxonomy":"product_cat","embeddable":true,"href":"https:\/\/tuzlahortum.com.tr\/ar\/wp-json\/wp\/v2\/product_cat?post=21404"},{"taxonomy":"product_tag","embeddable":true,"href":"https:\/\/tuzlahortum.com.tr\/ar\/wp-json\/wp\/v2\/product_tag?post=21404"}],"curies":[{"name":"\u062f\u0628\u0644\u064a\u0648 \u0628\u064a","href":"https:\/\/api.w.org\/{rel}","templated":true}]}}