{"id":21380,"date":"2025-08-11T10:54:14","date_gmt":"2025-08-11T07:54:14","guid":{"rendered":"https:\/\/tuzlahortum.com.tr\/urun\/buhar-dw\/"},"modified":"2025-08-20T15:55:02","modified_gmt":"2025-08-20T12:55:02","slug":"buhar-dw","status":"publish","type":"product","link":"https:\/\/tuzlahortum.com.tr\/ar\/product\/buhar-dw\/","title":{"rendered":"STEAM DW"},"content":{"rendered":"<p>&nbsp;<\/p>\n<div class=\"report-container\">\n<div class=\"report-header\">\n<div class=\"standard-text\">\u0627\u0633\u0645 \u0627\u0644\u0645\u0646\u062a\u062c: STEAM DW<\/div>\n<div class=\"standard-text\">\u0631\u0645\u0632 \u0627\u0644\u0645\u0646\u062a\u062c: FSDDD881<\/div>\n<\/div>\n<div class=\"product-image-container\">\n<div class=\"key-feature\">\u0627\u0644\u062a\u0646\u0638\u064a\u0641 \u0628\u0627\u0644\u0628\u062e\u0627\u0631 \u0644\u0635\u0646\u0627\u0639\u0629 \u0627\u0644\u0623\u0644\u0628\u0627\u0646<\/div>\n<\/div>\n<div class=\"horizontal-line\"><\/div>\n<div class=\"product-details\">\n<div class=\"detail-row\">\n<div class=\"detail-label\">\u0645\u0646\u0637\u0642\u0629 \u0627\u0644\u0627\u0633\u062a\u062e\u062f\u0627\u0645<\/div>\n<div class=\"detail-value\">: \u0644\u0644\u062a\u0646\u0638\u064a\u0641 \u0628\u0627\u0644\u0645\u0627\u0621 \u0627\u0644\u0633\u0627\u062e\u0646 \u0648\u0627\u0644\u0628\u062e\u0627\u0631 \u0641\u064a \u0645\u0635\u0627\u0646\u0639 \u062a\u062c\u0647\u064a\u0632 \u0627\u0644\u0623\u063a\u0630\u064a\u0629 (\u0645\u0646\u062a\u062c\u0627\u062a \u0627\u0644\u0623\u0644\u0628\u0627\u0646 \u0648\u0627\u0644\u0645\u0633\u0627\u0644\u062e \u0648\u063a\u064a\u0631\u0647\u0627).<\/div>\n<\/div>\n<div class=\"detail-row\">\n<div class=\"detail-label\">\u0627\u0644\u0637\u0628\u0642\u0629 \u0627\u0644\u0633\u0641\u0644\u0649<\/div>\n<div class=\"detail-value\">: \u0645\u0637\u0627\u0637 \u0635\u0646\u0627\u0639\u064a \u062e\u0627\u0635 \u0623\u0628\u064a\u0636 \u0645\u0642\u0627\u0648\u0645 \u0644\u0644\u0632\u064a\u0648\u062a \u0648\u0627\u0644\u0623\u0628\u062e\u0631\u0629\u060c \u0639\u062f\u064a\u0645 \u0627\u0644\u0631\u0627\u0626\u062d\u0629 \u0648\u0645\u0637\u0627\u0637 \u0635\u0646\u0627\u0639\u064a \u062e\u0627\u0635 \u0639\u062f\u064a\u0645 \u0627\u0644\u0631\u0627\u0626\u062d\u0629.<\/div>\n<\/div>\n<div class=\"detail-row\">\n<div class=\"detail-label\">\u0637\u0628\u0642\u0629 \u0627\u0644\u062a\u0639\u0632\u064a\u0632<\/div>\n<div class=\"detail-value\">: \u0645\u0646\u0633\u0648\u062c\u0627\u062a \u0627\u0635\u0637\u0646\u0627\u0639\u064a\u0629 \u0639\u0627\u0644\u064a\u0629 \u0627\u0644\u0642\u0648\u0629.<\/div>\n<\/div>\n<div class=\"detail-row\">\n<div class=\"detail-label\">\u0627\u0644\u0637\u0628\u0642\u0629 \u0627\u0644\u0639\u0644\u064a\u0627<\/div>\n<div class=\"detail-value\">: \u0645\u0637\u0627\u0637 \u0635\u0646\u0627\u0639\u064a \u062e\u0627\u0635 \u0645\u0642\u0627\u0648\u0645 \u0644\u0644\u0632\u064a\u062a \u0648\u0627\u0644\u062d\u0631\u0627\u0631\u0629 \u0648\u0627\u0644\u062a\u0622\u0643\u0644 \u0648\u0627\u0644\u0623\u0648\u0632\u0648\u0646 \u0648\u0627\u0644\u0637\u0642\u0633.<\/div>\n<\/div>\n<\/div>\n<div class=\"datasheet_table\"><img decoding=\"async\" class=\"alignnone size-full\" src=\"https:\/\/tuzlahortum.com.tr\/wp-content\/uploads\/2025\/08\/datasheet228.svg\" alt=\"\" title=\"\"><\/div>\n<div class=\"table-notes\"><\/div>\n<div class=\"horizontal-line\"><\/div>\n<div class=\"footer\">\n<div class=\"standards-section\">\n<div class=\"standard-item\" style=\"margin-top: 9px;\"><\/div>\n<div class=\"standard-info\"><\/div>\n<\/div>\n<div class=\"temperature-section\">\n<div class=\"temp-icon\"><img decoding=\"async\" src=\"data:image\/svg+xml;base64,PD94bWwgdmVyc2lvbj0iMS4wIiBlbmNvZGluZz0iVVRGLTgiPz4KPHN2ZyBpZD0ia2F0bWFuXzIiIGRhdGEtbmFtZT0ia2F0bWFuIDIiIHhtbG5zPSJodHRwOi8vd3d3LnczLm9yZy8yMDAwL3N2ZyIgdmlld0JveD0iMCAwIDcyLjI3IDE2Ljk4Ij4KICA8ZGVmcz4KICAgIDxzdHlsZT4KICAgICAgLmNscy0xIHsKICAgICAgICBzdHJva2Utd2lkdGg6IC41OXB4OwogICAgICB9CgogICAgICAuY2xzLTEsIC5jbHMtMiwgLmNscy0zLCAuY2xzLTQgewogICAgICAgIGZpbGw6IG5vbmU7CiAgICAgICAgc3Ryb2tlLW1pdGVybGltaXQ6IDMuODY7CiAgICAgIH0KCiAgICAgIC5jbHMtMSwgLmNscy0zLCAuY2xzLTQgewogICAgICAgIHN0cm9rZTogI2E3YTlhYjsKICAgICAgfQoKICAgICAgLmNscy01IHsKICAgICAgICBmaWxsOiAjYTdhOWFiOwogICAgICB9CgogICAgICAuY2xzLTIgewogICAgICAgIHN0cm9rZTogI2ZmZjsKICAgICAgfQoKICAgICAgLmNscy0zIHsKICAgICAgICBzdHJva2Utd2lkdGg6IDIuMDZweDsKICAgICAgfQoKICAgICAgLmNscy00IHsKICAgICAgICBzdHJva2Utd2lkdGg6IC4ycHg7CiAgICAgIH0KICAgIDwvc3R5bGU+CiAgPC9kZWZzPgogIDxnIGlkPSJrYXRtYW5fMSIgZGF0YS1uYW1lPSJrYXRtYW4gMSI+CiAgICA8Zz4KICAgICAgPHBhdGggY2xhc3M9ImNscy0zIiBkPSJNMTEuMzQsMTEuNTdjLS45NCwxLjcxLTIuNzEsMi42Ni00LjgsMi42Ni0zLjA1LDAtNS41MS0yLjQ3LTUuNTEtNS41MlMzLjUsMy4xOSw2LjU1LDMuMTljMS45NCwwLDMuNjUsMSw0LjYzLDIuNTIiLz4KICAgICAgPGNpcmNsZSBjbGFzcz0iY2xzLTUiIGN4PSI2LjU1IiBjeT0iOC42NiIgcj0iMi40Ii8+CiAgICAgIDxjaXJjbGUgY2xhc3M9ImNscy0yIiBjeD0iNi41NSIgY3k9IjguNjYiIHI9IjIuNCIvPgogICAgICA8bGluZSBjbGFzcz0iY2xzLTMiIHgxPSI2OC4zNCIgeTE9IjExLjc2IiB4Mj0iOS45MiIgeTI9IjExLjc2Ii8+CiAgICAgIDxsaW5lIGNsYXNzPSJjbHMtMyIgeDE9IjY4Ljc4IiB5MT0iNS41MSIgeDI9IjkuNzMiIHkyPSI1LjUxIi8+CiAgICAgIDxsaW5lIGNsYXNzPSJjbHMtMyIgeDE9IjU0LjA3IiB5MT0iOC43NSIgeDI9IjguNjQiIHkyPSI4Ljc1Ii8+CiAgICAgIDxwYXRoIGNsYXNzPSJjbHMtMyIgZD0iTTY4LjE1LDUuNTVjMS43MSwwLDMuMDksMS4zOSwzLjA5LDMuMDlzLTEuOTIsMy4wNi0zLjYyLDMuMDYiLz4KICAgICAgPHBhdGggY2xhc3M9ImNscy01IiBkPSJNNTMuOTEsOC43NWMwLS4xNC4xMi0uMjYuMjYtLjI2cy4yNy4xMi4yNy4yNi0uMTIuMjctLjI3LjI3LS4yNi0uMTItLjI2LS4yN1oiLz4KICAgICAgPHBhdGggY2xhc3M9ImNscy0zIiBkPSJNNTMuOTEsOC43NWMwLS4xNC4xMi0uMjYuMjYtLjI2cy4yNy4xMi4yNy4yNi0uMTIuMjctLjI3LjI3LS4yNi0uMTItLjI2LS4yN1oiLz4KICAgICAgPGxpbmUgY2xhc3M9ImNscy0xIiB4MT0iMzYuNDMiIHkxPSIxNi45OCIgeDI9IjM2LjQzIiB5Mj0iMTQuMjQiLz4KICAgICAgPGxpbmUgY2xhc3M9ImNscy0xIiB4MT0iMjguMDUiIHkxPSIxNi45OCIgeDI9IjI4LjA1IiB5Mj0iMTQuMjQiLz4KICAgICAgPGxpbmUgY2xhc3M9ImNscy0xIiB4MT0iMTkuNTkiIHkxPSIxNi45OCIgeDI9IjE5LjU5IiB5Mj0iMTQuMjQiLz4KICAgICAgPGxpbmUgY2xhc3M9ImNscy0xIiB4MT0iNDEuNTciIHkxPSIyLjc0IiB4Mj0iNDEuNTciLz4KICAgICAgPGxpbmUgY2xhc3M9ImNscy0xIiB4MT0iMzMuMjgiIHkxPSIyLjc0IiB4Mj0iMzMuMjgiLz4KICAgICAgPGxpbmUgY2xhc3M9ImNscy0xIiB4MT0iMjQuOTkiIHkxPSIyLjc0IiB4Mj0iMjQuOTkiLz4KICAgICAgPGxpbmUgY2xhc3M9ImNscy0xIiB4MT0iMTYuMDgiIHkxPSIyLjc0IiB4Mj0iMTYuMDgiLz4KICAgICAgPGxpbmUgY2xhc3M9ImNscy0xIiB4MT0iNDQuNjMiIHkxPSIxNi45OCIgeDI9IjQ0LjYzIiB5Mj0iMTQuMjQiLz4KICAgICAgPGxpbmUgY2xhc3M9ImNscy0xIiB4MT0iNDkuNDkiIHkxPSIyLjc0IiB4Mj0iNDkuNDkiLz4KICAgICAgPGxpbmUgY2xhc3M9ImNscy00IiB4MT0iNDAuODgiIHkxPSIxNi45OCIgeDI9IjQwLjg4IiB5Mj0iMTQuMjQiLz4KICAgICAgPGxpbmUgY2xhc3M9ImNscy00IiB4MT0iMzIuMzMiIHkxPSIxNi45OCIgeDI9IjMyLjMzIiB5Mj0iMTQuMjQiLz4KICAgICAgPGxpbmUgY2xhc3M9ImNscy00IiB4MT0iMjMuNzkiIHkxPSIxNi45OCIgeDI9IjIzLjc5IiB5Mj0iMTQuMjQiLz4KICAgICAgPGxpbmUgY2xhc3M9ImNscy00IiB4MT0iMjAuNTkiIHkxPSIyLjc0IiB4Mj0iMjAuNTkiLz4KICAgICAgPGxpbmUgY2xhc3M9ImNscy00IiB4MT0iMjkuMTMiIHkxPSIyLjc0IiB4Mj0iMjkuMTMiLz4KICAgICAgPGxpbmUgY2xhc3M9ImNscy00IiB4MT0iMzcuMTYiIHkxPSIyLjc0IiB4Mj0iMzcuMTYiLz4KICAgICAgPGxpbmUgY2xhc3M9ImNscy00IiB4MT0iNDUuNzEiIHkxPSIyLjc0IiB4Mj0iNDUuNzEiLz4KICAgIDwvZz4KICA8L2c+Cjwvc3ZnPg==\" alt=\"S\u0131cakl\u0131k\" width=\"100\" title=\"\"><\/div>\n<div class=\"temp-values\">\n<div>-40 \u062f\u0631\u062c\u0629 \u0645\u0626\u0648\u064a\u0629 \/ +125 \u062f\u0631\u062c\u0629 \u0645\u0626\u0648\u064a\u0629 (\u062d\u062a\u0649 165 \u062f\u0631\u062c\u0629 \u0645\u0626\u0648\u064a\u0629 \u0641\u064a \u0627\u0644\u0628\u062e\u0627\u0631)<\/div>\n<div>-40 \u062f\u0631\u062c\u0629 \u0641\u0647\u0631\u0646\u0647\u0627\u064a\u062a \/ +257 \u062f\u0631\u062c\u0629 \u0641\u0647\u0631\u0646\u0647\u0627\u064a\u062a (\u062d\u062a\u0649 329 \u062f\u0631\u062c\u0629 \u0641\u0647\u0631\u0646\u0647\u0627\u064a\u062a \u0641\u064a \u0627\u0644\u0628\u062e\u0627\u0631)<\/div>\n<\/div>\n<\/div>\n<div class=\"marking-section\">\n<div class=\"detail-row\">\n<div class=\"detail-label\">\u0648\u0636\u0639 \u0627\u0644\u0639\u0644\u0627\u0645\u0627\u062a<\/div>\n<div class=\"detail-value\">: \u0634\u0631\u064a\u0637 \u0646\u0642\u0644 \u0623\u0648 \u0634\u0631\u064a\u0637 \u0646\u0642\u0644 \u0623\u0648 \u0645\u0646\u0642\u0648\u0634<\/div>\n<\/div>\n<p><img decoding=\"async\" class=\"marking-image\" src=\"data:image\/png;base64,iVBORw0KGgoAAAANSUhEUgAABf4AAAAoCAYAAACvpushAAAACXBIWXMAACE3AAAhNwEzWJ96AAAgAElEQVR4nO2df2wbZ3rnv8tYVGhPuAxlnRhHxzBZBmh4hk3vtdqkEE6Us1h4F4uY7gZptthWcovDdg9dWEIPl7ZYQBZQNLftArLQ+yP55yShxe0P7MFSsJc1FllLDoRbV+3WjOGj20RpGJ7Wps4xzWVoa0U57P1BPqOXw\/lJDjlD+fkAQWRRnHnmnXfemfk+vz6FuXcTAJbBMAzDMAzDMAzDMAzDMAzDMEy3M+px2gKGYRiGYRiGYRiGYRiGYRiGYeyDhX+GYRiGYRiGYRiGYRiGYRiG2UOw8M8wDMMwDMMwDMMwDMMwDMMwe4h9rXw5IvVgKh5EROqxyx5bmFy7hVR+G\/FgL2aG+uXfL6wXMb9edNAye5iIBeqOi2GYzjG5dgvn0gWnzWAYhmEYhmEYhmEYhmEYTVoS\/pdPPO460R8AAl6P\/P9EyCf\/\/lJuyymTbCPg9WAq3ue0GQzzQJIp7bDozzAMwzAMwzAMwzAMw7ielkr9uFH03+tMxftkxwbDMJ1lcu0jp01gGIZhGIZhGIZhGIZhGENaivhnOktE6sFELOC0GQzzQLKS28JituS0GQzDMAzDMAzDMAzD7AEiUg8ikvul2UK5glR+W\/WzeLC3KwKUM6X7yJR2Gn7f7fYbYdvsypR2cHp1U\/633qRgmmNueMBpExjmgWVy7ZbTJjAMwzBMR5kbHsBsusDP9CoEvB6cP34Ioxc2nDaFYRiGYZguZTzqx1Q86LQZhqzktjSfeWaG+uvKrLuV6VQeZ1O3G37f7fYbYaPwfx8re6CGvltJhHxdMREZZi8yv15k0YNhGIZ5oEiEfBiP+pEI+fDkDzNOm+M6lk8MIh7sxXjUj\/n1otPmMAzDMAzDMEwDrsonWT4xaIu4PXphY885IZyK9k\/ltw0jnceifoxH\/brfnRnqRzzYq\/p98hoqtzO\/XsTCehHxYC9mhvo190\/f19sHUPVQTqduI+B9COePP6Z7TLRvLSJSD87EArr7U7NRjURoP8aij6j2zKDvTcX7VK8NslPr2KdTeazk7hmOIaNNoVzpimj\/8agfYyrXIQAsZUuYXy+iUK6Y2tbyiUEAwKmLN3S\/Q\/Nucu1WnWNEzxYAWFgv1okkybCEM7UyZlrXykQsgJNhqSG7TElE6sFUPIhkWJLT9VL5bSysF+saMxutFyJ0fDQuehitmbTf6dRt3fsUjeFStmTYUPpsvA8jIV\/DuNoBjful3JZqdAHtW+28ieuO1nm1cpyA+fNLaM1RETqvRlG7dmwrGZYwFQ\/Kcy+V38Z0Km9YRmw86q+75xTKFSxmS5qR2HbMVbtJhHyYivehUP4Epy7ebPic1gGt8aVj0ht\/8e\/UuJTbwrn0HdNrodntGtlldA+uzoPbTdnVTqbifQCqwT1EwOvBVLwP8WCv5hxKhiXMDB2Un2sypR1Mrn2kOc8p0o3+fjFbwuTaR4apzHr3mkL5E8ymC5rrbMDrwUTs0brnr0xpB4vZu6rngs6heMwruS3Eg72YigdZ+GcYhmEYpiv47uoV\/PU\/bmAktB+vvvS80+Y0xZ\/+4Ke4lLuHb352EF8dPua0OZbptP2uEv4ZdSZiAccaKRfKFUMnykpuCwvrxYaXYvG7ei+z9DeJ0P66339oMovEzD6AqthIf5sp7eiOqfG+tzC\/XsTc8ICq00PLRq3PzqXvYGaov2FbVMMrkdtSFf7pmOjls3Hb9zQ\/Y8wxmy64ToxRIyL1aDpOSXAbvbBhmLkgZhclQvt1Bcl4sBeJkK+hHp6eLbSPozUBFajOU3LGaUVOnqmtg9Mp7WspHuzF8onBBnviwV7Eh\/oxFvXj9OomUvlt2XYz0PbscExTn5ZUWNJdF2gMI9I+Q0H8TCyAgNeDS21yeOsd90htviRCvobjoTHWE+\/GatHEAa\/H8DitnF+lDXo1G82e11a3NR71Nzjx48FenD\/+GM6lC5oivNp9JuD1YLzmLFdL+XRjhmChXNG1i8Y3GZYa1ilxTTFaj43WnpPhAxi9sGF5XTcaU715EfB6DO0aj\/rx5A8\/cM39RrwXkLM14PXIUe5aJMNSQ3BFROrB+eOP4dTFmw33FLXrIhmWEA\/24tgbWd3xMLrXJMMSTq9uNtxTtI6DemmN19YS0Va1cziduo3xqB8RqYej\/hmGYRiG6Qr++O0Mbh46jFT6Kl512pgmuJ5O4y\/zQVT8YQSuvdd1wr8T9ru\/e8EDDkVWuYGEIPBUBald4bwaTZ930DpjRFFqMXvXlm1Ort2y5SW9UK7g9Opmg3BGTV60xFr6\/Tsan9P2jrLw3xSZ0k5TNdTcSLUW8WOGTWtOhiXh5wNts2ciFqgT8kgwUdunuN7oCSszQ\/3y8WVKO7JTjK7ReLAXSeH4Oo2476TJsY1IPYYiWzsbEdEao+dUAqBqI50zrfVLFNLiwV5DB7fbz68eiZCvTtxM5bfrxkW8HpTfE0V\/Ombxu+T4cTuizWrHOlL73dGgt+EzuhcWypWmGlqJOJkBRwER4n9EwOtxVWYeRdLPrxflMZ+IPWoYSDAzdFD+WXmM4mdA\/THT2NC+qiL8oy0fx9zwQMPaIh6HeE5o3wGvR85C00O8d5n5e4ZhGIZhGKcZi\/rhy1zF8cAnKBaLuJ5OO22SJZ6JxfBc8Z\/hy1zFSMiHX2xs4Bcb3dNvyQn7bYv4N4pmUiOV3zYVCW4Vt0RL2cFUvM81L\/Rqae6p\/LYcOTe\/XnRtU5JUfrtOLFjKluTIWz0SIZ\/qcVN0Jh23mW0BjeWsCuUKZtMFWVyeTt1GQthfIrS\/7mVUeUw019WENWXUK2OdybWPnDbBMsroXxJWxKhEvchqcX62GjWsFoksRm2PRf3yOr+UvYvxqF8WssV1nASoxWxJU\/QTI\/i1xiAR8sm\/V5ZioWtdr2kR8an598wcfgMjwnhGpB5EpB5TIuZY1I+URjR4O50zQP06orRXXFfUnIt0vO\/ky6rbVmZ5JUI+zK\/bc37dBomChXIFpy7eEDLdfDh\/\/JDs5F9RzD36Xqa0g9ELv6gbf\/qungO62bnaLijbpirENmaIiP8XoblipdeK8tjFtXA86m\/acS9uNyL14IMXIwDqy+FoQc9MSrvmhgeQDEtypLkbICfakkqgxPx6UTXbUXTgiWU3aX0lRyadx\/GoX17vxYw0elY6GT5g6prWynqha4tKSBF0XS1mSzi9ulk3DyZiAcwM9Zs+D7PpAiZqZbjMrukMwzAMwzBO8epLz+NVAMViEb\/2336KzWAEf\/HuMl5JjjptmmlW\/8vLAICfpa4hUutD9XaigOfihx20yjydtt824Z\/EHCsUyhUceyOr+ZBsJL7sdSjl2M1Ua5v2YXLtlqtfdujFlV44KUq0WafKRCyAhVrDV7NOBDWqYk\/VWXK2VvObhBFgN\/LRSNhX+1xLoGPMsZLbMqy73Q1QNgmVRBjTEf4DXg\/iwV4UyhUUyp80iDR2kMpvy84y0bFAor6ac0JPgFL+TSq\/3SAA0Rg47USl46VrPBk+YKqufTJ8QLMMTLsj3CnCuuqo2Ke5rqhF61OU9krunuq2RxTjcTJ8QDOjoxvOrxYBr0e2X9nbYSW3hcm1W5gbHpDLCIkiJH1Prd75Sm7LVaVhzFAv\/O8SkXrk86c2l56ozaVWyllRvxYSrI1KmZlBjBpv9hmoatdH8rlWK5vVacS5KI5RofyJ\/GyuJvyLtfKV83x3HemR7ym0BixmS3X3mdl0AYmQr6Vnl5Xcluq9RizXpRT9gWpgh5WeOJnSTl35OC3nJcMwDMMwjJu4nk7j5qGq0HwpdxOvOGxPM7yduYX7gcHazxt4Lu6wQRbplP2OviVTjVpGHWVKtFvpBlGZXlzPCP0SWn3hN1tv2AxiirhWpL5SCFCW92n8vFxnJ2ONaZdGDjfLbE1gNiobA+z2hgDaM3+WateeUuBbWP8YAOqaNYoRoWbqJ+sJZk4KpOREoSwfoD4DwMx3lbS7zA9BkczKCH0xyl9tnuyKgOqR0FTuiMrEKbevhlvPrx7iuVObw+K9SOv61HKeuPWYtfiwNheUc1953Mr5JArKrSD2HrL67KIsWwPsHofW+TGL2eMy6jGh9R2r0LWoPK5zOs1ygd0xVbvm6XfiuC9l72I6lceC4roolD+xbLMadK9RO9d6WcdWrytySptd0xmGYRiGYZzmc88+iz\/Zn8UXf\/Ue\/uoLh\/H9t1bx\/bdWnTbLEt84\/u\/xcuV9vFx5H1\/79afx+puX8LPUNafNMk2n7G8p4r+ViGkzWM0gICbXbtkaoeoE1OCOaZ1CuVJXp\/qdWpTtpdyWLY4nO4SXgNcjp4h\/KLwwUxTkbjTh7kslHRN975KiATC9sDvVGLqbmRcaQe8VRAFHK4qfRItLtYyY8agfIyGfqah0O6ByYWLJBCplY7ZpolujvhOCQKjV0FwPtXI\/NDbtvhfT2kJR14RSTBPnlegYVRM1KfKXIoopGtgow8St51cPUbRWu1+QGE0RzmprT8D7UNeJ\/Gqs5O5hCkE5G4RQm0viOIjZMk6hloVKdmuVs7IDsUQRQZkiyvE4G+\/DVDyI6VQei9mSXFaNsh3MrqOUbdiuhuGElj27DoT2Rc\/buZbQeeiGQBiGYRiGYRji1ZeeBwB8\/61VvLxR60f21ip++\/PDDlplHr\/fj+\/+\/gkAwDf+9id47f6T2PfuJjIHN\/D4YHN6cifplP0tCf+jFzYsi9NPSPtMi63NRpp2ozCgxE0N3oygF0O3CsyLQnRxROqRhczFbAlzGDD4tjYr8nHbUzFLWUaDIAFEK8KfyoUoBQCKruPGvtYolCuub1TdDKJoqLVG7kb8V8syzGGgLQ5IsTyGCJWHoIam59J35P0rI0K1SIYlTHrtabptJyTSX6qNrVgaQs\/JJJYFUpb7obFZzJbamj2nJWqJNffJYSM6JMXvKqFof3JILWbvYiIWQDIs6Yq7bj2\/ehhlPogEvA+p\/n486ndt\/wIriPNDLGs0ophL4n1LfLZwW1BHwqaIf63svoDXg+UTg6rX3vKJQc1ST09I+2TRn7YzEvKZFv6Nrt92M9IBRw+Vv7PDyc\/CP8MwDMMw3Yxd2ZZOUihXHK5p0xrttL8lxTKV37b8UE6CDqPNeNTfFS8PJNKdS98BUF+uxk1QCjYJTRRlS5kAzYw11eIH2v+iRw1+1Wr6U9M6pfAvRtl2w1xyE7Ppgqv7VbSLeLBXFuJoLpkVp61AcxZQF8sW1ou1XgSPyA8gZu41i9kSpuJBBLweXHkhLEe8ukUg3i2dsSX\/vzq2+3XHdil7V3ZaisI6lflJ5bfrsoTagdpaQj+L50YUa48Kn6shZpfQ\/ydiAc1SGW4\/v+1iMVtCMixhKh7EE9I+zKo4ebuJav+QitxPRFl2R8z6IeIGc8kKAa\/HtuwBMTillW3R+QUaI+DF55T59SI+LN3Hp70eTMQCckNotf4f41E\/CuUKzqULiEj7kAxLlhzaWs7ZThCRekz1dTHDSaE3CCH2eDp\/\/BBmazX9W7nvP4jPDAzDMAzDtIcfr13FX\/\/jBr752UF8cegIvr24jEu5LfzVFw7j3x4M4JU3LgMAvv3Cs\/i\/HxXw5ytpRKQevPrS8\/g\/\/5LFn6+kEQ\/24pXkqLyt3z38GL46fAzfXlxGKr+NbyVi+HdPhfGnP\/gpMqUdfCsRw2v4AABw+Kkn8dX\/fkHeRjOI+yGbC+UKXn\/xN2WbtWy0cvwA8PUf\/m8EvB585wuHEf+H93Ak1oerN\/L4jz+6Km\/jQbNfiW3NfRl7oJRuN\/Kp+fc0P5uIBdrWiDiV326p0TOJiyQo0Yv\/Sm4LC+tFxHXGW2vfolDXboeHWoNfUSyhyEkqI0FiIME1\/s2TKe3IjqwHDbXIVRKnT4alpoT\/segjqrW8KQpVTdSZXy9iZqgfEakHU\/E+ALv9CfSgpt2JkA8RqQdzwwOYwwBS+W0srBctNWs0QqsMXSq\/rSrCqTlVSOg+GT5gGMlNEf1iuR\/KIFhYL2pGiduFsu+I6DAVhX81sVaZqUQ0OkLu1X7f2OCW9tPK+Z0Z6rft\/Nu5LSNm0wVZBB2P+mVBdzFbwoKJkmRW52onSOW368oaifcw+q8dwn\/A68Hc8G6WX6tR+jSH9WrFN37Hh38df1r1Myrfo+T06iamU\/k6cfmX5Qqm4kHd+\/vohY2GkoBWccLJROcoU9oxnaGgRiLkk59LldfJbLogOxKn4kFMxYPIlHawmL3bsvPfDc2ZGYZhGIbpXv7grfdx89BhrLx5FT+X9uHPcgFUHh4EfnINIyEfXrv\/JAAgvnoFqfw2vuf5DHAPSF6+jOlUHj9++Gn8IFfCC+k0\/vjtD3D9YAwrb11FPNhb25aEX\/7kGqbiN\/Bf74UBDxC\/+r4s8n\/ptTfrtvFMLGbJ\/uvpdN1+ToYPVG32APGLP8el3JamjV8dPoavvPketiJHkHrrGv7+UBDfyvRUG+CK2wIQufhzAKge\/30g8U8Z+Rj2n\/2f8jZuWBTOnbJ\/fGPDFvvVcLXw36zY283RcBOxR7uuVFE82FvXjNNuxGZ8VhEjQsV62iRkGm3XaN9n431tL3EkRt5RHWwS0+iYSEBZyd2rK5XB0f7WmE7l93wEsRYnVSIsSZxu1nlEkepqLGZLmqIOCd20FpptxH3q4o2GshjxYC\/iQ\/1yZGwrQhJhdTzEkjwEiY6iU0CLhfUixqP+unI\/u9u825EsOlF0T+W35Yj+d\/LbstNRHBe9Gt0k7lPJI6A+sjkR2q96zls5v3auhZ1cV1dyWzi9ulknWAe8HtkJsJLbwqmLNzTnjxsdv7s9I6prg1LYT+W368qwkPPbamaLlsAOwBZHoJpTvlmo6beWTcrriDJgtJtB12cJdktEeiLkqyshZhYS77VQOo\/Ppm43lB6NSD1yEMu5dMGyY4zWSIZhGIZhmFb47P4d\/C8A8aAXjw8OYiD\/U9w8dBhHg704cqgPnlwJnl\/dxZF4H4Db8GRL6ClsYvDzh3E0exc\/vgcM5DN4fPB5fHZ\/GtcBPLVvu2Fbg4OD6F25hp3AQJ0GeTTYW7cNq6jZvO\/dTVQePoAjh\/pQKN\/StBG14\/5ZbRyq21rGLwIDeGrfNo4cCtdtq1gs7o7H0O6zoLiNbrHf77fHfjVcLfw\/aBEz1QhX7RcXpzlbi74VoUaVx97I4soLYdcJzVRGgoQmQkz1JzHdChQ52IkGzPUNfu\/Lwhuwm8VA5ULeyZeRDO9G2brtfLiZldyWLaJwt7Ib8b+77oridLMRo2oYiSqz6YIsyFgR6ArlCo69kUUyLGGkJiDRNUDXbDMl6lpFWdaGbN2t3y\/pzj3quUDlfmhNoPWrE1Bz8XiwF4vZkqpYS+OdKe3I663afVwZ7U\/sZpgcUBX+3Xp+2w01G0+GD9SOe788vomQD3PDAzh18abDVppHWTpK2SCX7mNiRgDQeoQ+YVe2A81jKw1wM6UdLKx\/XPe7J2qleM4ffwynVzdN3YeM5ni3XgPk4Erlt227H59e3VRdJ0+vbsoZNSOCwwGoZrF+WNrpWGN7hmEYhmEY4kcTL+HvLl\/GM7ER+P1+\/NMfPY\/r6TQ+92xVhL8mpeH39+PxwUE8Fwf+QzoNv\/8wHh8cxKsvDSJ5+TKe+a3n4ff78bf\/6UV88\/JlPPNbX1bd1vtfA4rFIioPP4nYd5YQkXrwvd8ZRjKdlrdhFbX9ZA5uoFgs4plYDF8cgqaNAHBhfKT23ZcAAOn\/fLL271MN2wKAI4eq4\/F25hae\/4vzGIv6G7bxINmvhquF\/weNmaGDTpugi5pTYgpB+UX19OomrrwQtn2\/1MROC70SRIu16OWTCoFejLJdyW1hPKou\/Cv3PZ3K42zqNgrlSkdFdRJAKFJSGdE\/Etot0zKFoPySy419zTO9BxpnNgs5sKjMBlEfhe3D\/Lo1kZmuF6AqzN75nc8A0C7\/QpB4Gw\/2NlXjeTFbqmvqPR71y+vXmVgAp1c3LW9TRG\/NUSLWFNcSus003aTmt2NCJoTZhsfE8olBzYjU0Qsbus52OmcU5aw8JlqbxFJOWuKj2OhYxGyGSTPnV+\/49CLD1bBzW2bJ1ERIEiKpLjw5jrQcc1bmqh5n432agQnidW4GvfsX\/X8Kuw1+my31o3aOlrIlW8Rccr5ZtStTuq86VguhIpZPDGJmqL9hLUiEfDhTa3xtll92YebaeNQvO3msOmaq9677Db8z6okhOgoDXg+SYQkzQ\/11\/ZMYhmEYhmE6zeeefVb+2e\/31\/1bWXpH+W\/xb4229fjgIB5Htab99YMxXAfw3dUr+PqXRlqyX2s\/zdhotC06\/r\/50VXcPHQY37mxiT8qFhv20S32\/2W+hN\/b2GjJfiWGwv\/MUL+tAqeVMjZ6Yq8ek2u3VB\/01epNW6GVOvNGJEK+jkSPt4OpeBDz68Wmo+fbhShivpPfbkgbD3gfQqFcwZKFUhlj0Ufkl\/aF9Y87lqEhNvgV6\/vT9aQURpQNExl95k3Uyt7LiOuiWmYP\/U0rEZiFcgXztZI1Z2IBw21RlD81+G2WTGlHvmaNamK3A7HEmHKdiUj7an9jbNPCehETsQCS4QNyTf\/FFhtfWkGsFU7rinjNiA1+aV1SE6KpqStQnVPi\/eLTte9RiSgz2QxOn1+nWMyWsJK7hw9efFJ2Lll1zDmFKLSK84Hmk+gYEEvdWS3N0+5nNmDXOdoqYlaPWCM+IvU0\/SzcTYj9rcyUYVSysP6xJeeTGnSPypR2sHxi0NI6BLizrBbDMAzDMIweP0tdw9UbtxEP9uKx9DUAwJc\/\/xsOW2WN77+1CqAaXLaydrVWYmfYYavMo2b\/M7GXbd2HofBPkZ5O0Ox+tZwLevWmncatDX3NII4plaIBrDl5gGq6u52IopieyGi2fjhQPdZkWMJitoRz6Tu2Cv\/KaDURGptMaUeOkhVF\/YDXI7+gisfDL6LGFMoVS7WEuxXxelQKaMlaBLZeubFkWMJptBYpT7XqSdDrZDkKiiLu9D2AotsB9awpYFdMN4pMFR2ryuwMM+ht30hUVTYUV25Pra8IlW4RER3ceg7XZPiApWhbp86vGXadJtr3OLo+rTi6SHROKBwo7SBT2tEUY5spN0X10KlskTiXqJ+N1lxzA0ebzELQg56fyNEP7K4Z1ANApBOBB3aWeNND7G\/VakZWq4jzPCLts3z8D3IQAcMwDMMw3cP1dBrDl3dQefgQ\/qSUxY0\/O+W0SZZ5\/c1L+MP\/dwgAcOGpW7h39isOW2SNTtnveKkfu2q2djMkhO01xGOi+tBKxBcqu4WLJQuC\/mK2ZDrjYiz6iNw0mCKYW0UU8dQcIGJEP42TMnuFamtT\/eC9OKfawWy60DWND1tBjDwXxSqzDlGKzG1F6BKjWu0oudMNmHW+iSW8tKByP\/SzVVqta07nbiz6CID6kk1qDX7V7u9ms+5GQr49U2aDxHyxX4uIGPXuNoGbmF8v2toDhZ4JaC4pj5vudWdq891KHf1OQPO83XbR2nx6dbMhSKGdwj+VWmtG+LaK6HCmiPtuw40OR4ZhGIZhGLO0mmXvBqxmB7uNdtrvmPC\/mC1hOpV37UtupxDTm7sVvYh5EgoXNARyMdLaTqGaavcD1dIlWmITlYVayt41LfyL9ZS1jssqYiSfmlAojg2Nt3K8RkK+utrXLPwbU62bfcdpMzoCCWjKNZfmW6a0oynEU8m3ZFhqec2mElnJsIRJ7y3bbnBUIkNLnCTHRyfvOaJT5dTFm6oPVGNRP8ajfpwMS4ZCN5X7oZ87DYmxtFaqibViw121LCaab9OpvKpjIB7sxcxQf8N67MbzaxYxAngi9mhDSRLxHqK0f6JWFkvtOukGh4EW5DSi86zs+yE2+AWayypoJ7vliewJXhF7gagda6dfxmi+UX8hs1Dmjdrzh9aYiVkNncq+Oxvv0ywNJD6Dmb2uKJun265DhmEYhmEePH68dhVXb9zGl498Bv8jmkemVMA3jttXT74TvP7mJRTKFXzt15\/Ga1ffBwD89udb60vQSTptv6Hw384aqe3e10puy7bGdu1CTG\/uRhazJVksFF9cibGoH6m1W1jJbeH06qbcNA0AzqULsoiTDEu2joP4YjkWfUQzGouibK2mZo9H\/Tibui3X3W9WZKfmcyT46ZVsEOv+ioIPofw3R6AZM53Kd71n2IiI1IOZoYPytakUjKkUjV5d5aXsXbkJbavMrxcxFQ\/KjRTtiiKeGx6Qr59z6Tt155WaYwKdFWaohJKyBJeS8ajfVGYAlfuhnzsNibGiPSLU4Jei2pUCpli6RSuydyW3JTvDxTXPjefXCpQdNhWvNl8X731Ttb4alElGJEI+zAz1Yyzqx2TtPkpQ0EAzDWbdgJrTSIQEZL3joz43qfx2y+u4lW01IwzrEZF6MDc8IP9bbR2uXjdbin+3D7qWj1p8tiFnX8DrwYTQHHciFhB6f+w6BBMhn+z46lT2HTWqPhr0YnLto4bMU1p\/KIvJDOR4dJuDimEYhmEYRslX3nwPW5EjuPSTa3jzD7\/ktDmW+bvLl+XyOPiH9\/BKctRZgyzihP2Ol\/p5kNGrp+1GjJwoE7FHG343HvVjOnVbLoujJfKRaGMXS7UyGKLQpAZF2WZKO5YEfLHJ72y6UPfSroeec8so+0OMvFOzUykc2iHS7mVWclu2lq5wC1PxoOa6kspvN0SVk2CxpFM6hkQ4UdRtFqoVTmKtHedAdITR8ZOAF5H21a0BdkSU\/uv405qfreS25OucrkG9sjyiyEf9Q\/R48ocZC5baiyhyqomTajX\/RWiNEh0YatD8OBmWsJLb6vj5bQez6YIscM4ND6jeM5Q13OnajAd7sXxisK6RrLje65VHMTtXO02j0L+l+7nafJoZ6kci5MPohY2W66pb2ZaYXWJ1LUyEfIbnRDyXlEUzM9SPo8Fe\/LK2PyqR1C7U5pkZxPWdnFZAfblC8fjEZz+te5fdAXOmc8UAAAS6SURBVDy0LifDEpJhqVZq8X5DQIWVtYS26baSVAzDMAzDMEoCXg+2AHy6SwOQ\/X4\/PL8qofKwvcHDncIJ+7tvlPYQM0MHnTbBNhIhn+oLW8DrwfKJQd0JTZGcdkLimdF26+tRm39hE8tdaJVhsELA68H544d0HQ9i5J1Yr11E\/D6X+tFnWiPNf6+Sym83lPIhIR\/QL1khXhtac88KlHVg5JgzS6FcweiFjTpBiRrTi9s\/vbrZ0YhMWiOMxCAaX7c764yEfaPPT9bGw2itpfGi9dmt59cKatefyOnVzYZxOZu6Xeeoo6w6ZcR5q70bnEDMCFGbK0afO8nRoBeA\/Xal8ts4dfFG3e9m0wUUyhU5gp7E8YD3IVv3rYTuB9R43ArifKRG7mqfAWj7cahx6uINRQPfnroSZYC1nhb0faC53isMwzAMwzCd5O9\/7zfw2r+5gddf\/E2nTWmKZ2IxrD7bg+8NbuLrX+qe8j6EE\/YbRvwvnxjshB1dAdWDt4NEyGe6pryTqJXvqf\/8IZwMH9Ctcx8P9uLKC+FaTedqNFt1u\/txJhbQ3P4T0r6GlzE16Pu7aeQ78ndOmhjjiVgAqfw2PhQEIzP7PhMLyHV3V3L3dM+n1jEGvA9hpJbqbuTtI6EL2C3PooRKJgW8D3Wl97NTzK8XW44QdRsUaamkUP4ES9m7qiJGROqRr0kj59W5dEEuh0HQeqj8LtmiJcIuZksYy1XXjGrd9sa\/09q2Fqn8No69kZXr5Yv1sldyW5hNF3TXb+oLovc3ZuYMfV\/M0DGqA65Wr99oDJv921YQ55ha83Txcy1nx0puy7Dx+mK21OAEafb8mplHZteCVrdFkflnYgH5frGYLWE2XdD83uTaLSxlSxirlYMiRweNo1ZfCCtz1SkWayXEtOYDfa41l7TORzNru9X1pjr+5kVese+QGkvZkmoQQaa0g9ELG5iKB5EI7UfA65F7ZKllCNq1FhTKFSxmS0iGJdVG7HrrJV2r1MsF0O7r1eocbOZ4yZFYXUsOyONaPaZ7WFj\/WDXzSuuY6fnXKJOJYRiGYRjGDTw+OIivD3a3zvtc\/DCec9qIFui0\/Z\/C3LsJAMtaf6CXkvygYUc6OXHlhTBHZDOMAxTKFRx7I8sv6AzDMAyjQTIs4fzxxwBUS4zxPbORgNeDKy+EEZF6MLl2y7BBO8MwDMMwjJKI1IOI5P4q7GLZUSXKAEG3kindV32m7Xb7DRh1\/+zag4xH\/Sz6M4xDdKqBIMMwDMN0K4vZEjKlHbkflV6pqgeVidijiEg9ch8rhmEYhmEYq1T7DXW3PuF0JnGrdLv9RrjfpbHHMGrgyjBM+8iUdnAufcdpMxiGYRjG9VCDWyojyNRDZRepFwPDMAzDMAzDuA3DUj+MvQS8Ho72ZxiHaDI1imEYhmEeSJZPDGI6dXvP9cWxg3iwF3PDAzj2RtZpUxiGYRiGYRhGjVEW\/hmGYRiGYRiGYRiGYRiGYRhm7zDKebsMwzAMwzAMwzAMwzAMwzAMs4dg4Z9hGIZhGIZhGIZhGIZhGIZh9hAs\/DMMwzAMwzAMwzAMwzAMwzDMHmIfgBSAUacNYRiGYRiGYRiGYRiGYRiGYRimZVL\/H6cxU3eYj9mWAAAAAElFTkSuQmCC\" alt=\"Markalama G\u00f6rseli\" title=\"\"><\/p>\n<\/div>\n<div>\n<table style=\"width: 100%;\" cellspacing=\"0\" cellpadding=\"0\">\n<tbody>\n<tr>\n<td style=\"width: 120px; font-weight: bold;\">\u0646\u0648\u0631\u0645<\/td>\n<td style=\"width: 400px; text-align: left;\">\u064a\u0641\u064a \u0628\u0645\u062a\u0637\u0644\u0628\u0627\u062a \u0625\u062f\u0627\u0631\u0629 \u0627\u0644\u063a\u0630\u0627\u0621 \u0648\u0627\u0644\u062f\u0648\u0627\u0621 \u0627\u0644\u0623\u0645\u0631\u064a\u0643\u064a\u0629 \u0648\u0627\u0644\u0623\u0648\u0631\u0648\u0628\u064a\u0629<br \/>\nISO 1307<\/td>\n<td style=\"width: 120px; font-weight: bold;\">\u0644\u0648\u0646<\/td>\n<td style=\"width: 400px;\">\n<div class=\"color-icons\"><img decoding=\"async\" src=\"data:image\/svg+xml;base64,PHN2ZyB2aWV3Qm94PSIwIDAgMTAwIDEwMCIgeG1sbnM9Imh0dHA6Ly93d3cudzMub3JnLzIwMDAvc3ZnIj4KICA8Y2lyY2xlIGN4PSI1MCIgY3k9IjUwIiByPSI0OSIgZmlsbD0iI0U4M0YzRiIgc3Ryb2tlPSJibGFjayIgc3Ryb2tlLXdpZHRoPSIwLjUiLz4KICA8Y2lyY2xlIGN4PSI1MCIgY3k9IjUwIiByPSIzOCIgZmlsbD0id2hpdGUiIHN0cm9rZT0iYmxhY2siIHN0cm9rZS13aWR0aD0iMC41Ii8+CiAgPGNpcmNsZSBjeD0iNTAiIGN5PSI1MCIgcj0iMzMiIGZpbGw9IiNGRkZGRkYiIHN0cm9rZT0iYmxhY2siIHN0cm9rZS13aWR0aD0iMC41Ii8+CiAgPGNpcmNsZSBjeD0iNTAiIGN5PSI1MCIgcj0iMjIiIGZpbGw9IndoaXRlIiBzdHJva2U9ImJsYWNrIiBzdHJva2Utd2lkdGg9IjAuNSIvPgo8L3N2Zz4=\" alt=\"\" title=\"\"><br \/>\n<img decoding=\"async\" src=\"data:image\/svg+xml;base64,PHN2ZyB2aWV3Qm94PSIwIDAgMTAwIDEwMCIgeG1sbnM9Imh0dHA6Ly93d3cudzMub3JnLzIwMDAvc3ZnIj4KICA8Y2lyY2xlIGN4PSI1MCIgY3k9IjUwIiByPSI0OSIgZmlsbD0iIzQ2QTZEOCIgc3Ryb2tlPSJibGFjayIgc3Ryb2tlLXdpZHRoPSIwLjUiLz4KICA8Y2lyY2xlIGN4PSI1MCIgY3k9IjUwIiByPSIzOCIgZmlsbD0id2hpdGUiIHN0cm9rZT0iYmxhY2siIHN0cm9rZS13aWR0aD0iMC41Ii8+CiAgPGNpcmNsZSBjeD0iNTAiIGN5PSI1MCIgcj0iMzMiIGZpbGw9IiNGRkZGRkYiIHN0cm9rZT0iYmxhY2siIHN0cm9rZS13aWR0aD0iMC41Ii8+CiAgPGNpcmNsZSBjeD0iNTAiIGN5PSI1MCIgcj0iMjIiIGZpbGw9IndoaXRlIiBzdHJva2U9ImJsYWNrIiBzdHJva2Utd2lkdGg9IjAuNSIvPgo8L3N2Zz4=\" alt=\"\" title=\"\"><br \/>\n<img decoding=\"async\" src=\"data:image\/svg+xml;base64,PHN2ZyB2aWV3Qm94PSIwIDAgMTAwIDEwMCIgeG1sbnM9Imh0dHA6Ly93d3cudzMub3JnLzIwMDAvc3ZnIj4KICA8Y2lyY2xlIGN4PSI1MCIgY3k9IjUwIiByPSI0OSIgZmlsbD0iIzAwMDAwMCIgc3Ryb2tlPSJibGFjayIgc3Ryb2tlLXdpZHRoPSIwLjUiLz4KICA8Y2lyY2xlIGN4PSI1MCIgY3k9IjUwIiByPSIzOCIgZmlsbD0id2hpdGUiIHN0cm9rZT0iYmxhY2siIHN0cm9rZS13aWR0aD0iMC41Ii8+CiAgPGNpcmNsZSBjeD0iNTAiIGN5PSI1MCIgcj0iMzMiIGZpbGw9IiNGRkZGRkYiIHN0cm9rZT0iYmxhY2siIHN0cm9rZS13aWR0aD0iMC41Ii8+CiAgPGNpcmNsZSBjeD0iNTAiIGN5PSI1MCIgcj0iMjIiIGZpbGw9IndoaXRlIiBzdHJva2U9ImJsYWNrIiBzdHJva2Utd2lkdGg9IjAuNSIvPgo8L3N2Zz4=\" alt=\"\" title=\"\"><\/div>\n<\/td>\n<\/tr>\n<\/tbody>\n<\/table>\n<\/div>\n<\/div>\n<\/div>","protected":false},"excerpt":{"rendered":"<p>&nbsp; \u00dcr\u00fcn Ad\u0131: BUHAR DW \u00dcr\u00fcn Kodu: FSDD881 S\u00fct End\u00fcstrisi i\u00e7in Buhar&#8217;la Temizleme Kullanim Alan\u0131 : G\u0131da \u0130\u015fleme Tesislerinde (S\u00fct \u00dcr\u00fcnleri, Mezbahalar vb.) S\u0131cak Su ve Buhar ile Temizlik \u0130\u00e7in. Alt Katman : Beyaz Ya\u011f ve Buhara Dayan\u0131kl\u0131, Kokusuz \u00d6zel Sentetik Kau\u00e7uk. Takviye Katman\u0131 : Y\u00fcksek Mukavemetli Sentetik Tekstil. \u00dcst Katman : Ya\u011f, Is\u0131, A\u015f\u0131nma, [&#8230;]\n","protected":false},"featured_media":22260,"comment_status":"open","ping_status":"closed","template":"","meta":{"jetpack_post_was_ever_published":false},"product_brand":[],"product_cat":[2358],"product_tag":[],"class_list":{"0":"post-21380","1":"product","2":"type-product","3":"status-publish","4":"has-post-thumbnail","6":"product_cat-sel_buhar_hortumlari","8":"first","9":"instock","10":"taxable","11":"shipping-taxable","12":"product-type-simple"},"jetpack-related-posts":[],"jetpack_sharing_enabled":true,"jetpack_likes_enabled":true,"_links":{"self":[{"href":"https:\/\/tuzlahortum.com.tr\/ar\/wp-json\/wp\/v2\/product\/21380","targetHints":{"allow":["GET"]}}],"collection":[{"href":"https:\/\/tuzlahortum.com.tr\/ar\/wp-json\/wp\/v2\/product"}],"about":[{"href":"https:\/\/tuzlahortum.com.tr\/ar\/wp-json\/wp\/v2\/types\/product"}],"replies":[{"embeddable":true,"href":"https:\/\/tuzlahortum.com.tr\/ar\/wp-json\/wp\/v2\/comments?post=21380"}],"wp:featuredmedia":[{"embeddable":true,"href":"https:\/\/tuzlahortum.com.tr\/ar\/wp-json\/wp\/v2\/media\/22260"}],"wp:attachment":[{"href":"https:\/\/tuzlahortum.com.tr\/ar\/wp-json\/wp\/v2\/media?parent=21380"}],"wp:term":[{"taxonomy":"product_brand","embeddable":true,"href":"https:\/\/tuzlahortum.com.tr\/ar\/wp-json\/wp\/v2\/product_brand?post=21380"},{"taxonomy":"product_cat","embeddable":true,"href":"https:\/\/tuzlahortum.com.tr\/ar\/wp-json\/wp\/v2\/product_cat?post=21380"},{"taxonomy":"product_tag","embeddable":true,"href":"https:\/\/tuzlahortum.com.tr\/ar\/wp-json\/wp\/v2\/product_tag?post=21380"}],"curies":[{"name":"\u062f\u0628\u0644\u064a\u0648 \u0628\u064a","href":"https:\/\/api.w.org\/{rel}","templated":true}]}}