{"id":21338,"date":"2025-08-11T10:49:56","date_gmt":"2025-08-11T07:49:56","guid":{"rendered":"https:\/\/tuzlahortum.com.tr\/urun\/isi-l-l\/"},"modified":"2025-08-20T15:55:37","modified_gmt":"2025-08-20T12:55:37","slug":"isi-l-l","status":"publish","type":"product","link":"https:\/\/tuzlahortum.com.tr\/ar\/product\/isi-l-l\/","title":{"rendered":"\u0627\u0644\u062d\u0631\u0627\u0631\u0629 L\/\u0644\u062a\u0631"},"content":{"rendered":"<p>&nbsp;<\/p>\n<div class=\"report-container\">\n<div class=\"report-header\">\n<div class=\"standard-text\">\u0627\u0633\u0645 \u0627\u0644\u0645\u0646\u062a\u062c: HEAT L\/L<\/div>\n<div class=\"standard-text\">\u0631\u0645\u0632 \u0627\u0644\u0645\u0646\u062a\u062c: LL\/HH160<\/div>\n<\/div>\n<div class=\"product-image-container\">\n<div class=\"key-feature\">\u0633\u062e\u0627\u0646 \u0627\u0644\u0633\u064a\u0627\u0631\u0629 - \u0627\u0644\u0645\u0628\u0631\u062f<\/div>\n<\/div>\n<div class=\"horizontal-line\"><\/div>\n<div class=\"product-details\">\n<div class=\"detail-row\">\n<div class=\"detail-label\">\u0645\u0646\u0637\u0642\u0629 \u0627\u0644\u0627\u0633\u062a\u062e\u062f\u0627\u0645<\/div>\n<div class=\"detail-value\">: \u0644\u0646\u0642\u0644 \u0627\u0644\u0645\u064a\u0627\u0647 \u0627\u0644\u0633\u0627\u062e\u0646\u0629 \u0630\u0627\u062a \u0627\u0644\u0645\u062d\u062a\u0648\u0649 \u0627\u0644\u0643\u064a\u0645\u064a\u0627\u0626\u064a \u0627\u0644\u062e\u0641\u064a\u0641 \u062c\u062f\u0627\u064b \u0641\u064a \u0627\u0644\u062a\u0637\u0628\u064a\u0642\u0627\u062a \u0627\u0644\u0635\u0646\u0627\u0639\u064a\u0629.<\/div>\n<\/div>\n<div class=\"detail-row\">\n<div class=\"detail-label\">\u0627\u0644\u0637\u0628\u0642\u0629 \u0627\u0644\u0633\u0641\u0644\u0649<\/div>\n<div class=\"detail-value\">: \u0645\u0637\u0627\u0637 EPDM.<\/div>\n<\/div>\n<div class=\"detail-row\">\n<div class=\"detail-label\">\u0637\u0628\u0642\u0629 \u0627\u0644\u062a\u0639\u0632\u064a\u0632<\/div>\n<div class=\"detail-value\">: \u0645\u0646\u0633\u0648\u062c\u0627\u062a \u0627\u0635\u0637\u0646\u0627\u0639\u064a\u0629 \u0639\u0627\u0644\u064a\u0629 \u0627\u0644\u0642\u0648\u0629.<\/div>\n<\/div>\n<div class=\"detail-row\">\n<div class=\"detail-label\">\u0627\u0644\u0637\u0628\u0642\u0629 \u0627\u0644\u0639\u0644\u064a\u0627<\/div>\n<div class=\"detail-value\">: \u0645\u0642\u0627\u0648\u0645 \u0644\u0644\u062a\u0622\u0643\u0644\u060c \u0648\u0627\u0644\u062d\u0631\u0627\u0631\u0629\u060c \u0648\u0627\u0644\u0623\u0643\u0633\u062c\u064a\u0646 \u0648\u0627\u0644\u0637\u0642\u0633\u060c \u0648\u0645\u0637\u0627\u0637 EPDM \u0627\u0644\u0623\u0645\u0644\u0633 \u0627\u0644\u0645\u0642\u0627\u0648\u0645 \u0644\u0644\u062a\u0622\u0643\u0644 \u0648\u0627\u0644\u062d\u0631\u0627\u0631\u0629 \u0648\u0627\u0644\u0623\u0643\u0633\u062c\u064a\u0646 \u0648\u0627\u0644\u0637\u0642\u0633.<\/div>\n<\/div>\n<\/div>\n<div class=\"datasheet_table\"><img decoding=\"async\" class=\"alignnone size-full\" src=\"https:\/\/tuzlahortum.com.tr\/wp-content\/uploads\/2025\/08\/datasheet213.svg\" alt=\"\" title=\"\"><\/div>\n<div class=\"table-notes\"><\/div>\n<div class=\"horizontal-line\"><\/div>\n<div class=\"footer\">\n<div class=\"standards-section\">\n<div class=\"standard-item\" style=\"margin-top: 9px;\"><img data-recalc-dims=\"1\" width=\"1020\" decoding=\"async\" style=\"margin-right: 10px;\" src=\"https:\/\/i0.wp.com\/tuzlahortum.com.tr\/wp-content\/uploads\/2025\/04\/tse-1.png?fit=1020%2C40&#038;ssl=1\" height=\"40\" alt=\"\" title=\"\"><\/div>\n<div class=\"standard-info\"><\/div>\n<\/div>\n<div class=\"horizontal-line\"><\/div>\n<div class=\"temperature-section\">\n<div class=\"temp-icon\"><img decoding=\"async\" src=\"data:image\/svg+xml;base64,PD94bWwgdmVyc2lvbj0iMS4wIiBlbmNvZGluZz0iVVRGLTgiPz4KPHN2ZyBpZD0ia2F0bWFuXzIiIGRhdGEtbmFtZT0ia2F0bWFuIDIiIHhtbG5zPSJodHRwOi8vd3d3LnczLm9yZy8yMDAwL3N2ZyIgdmlld0JveD0iMCAwIDcyLjI3IDE2Ljk4Ij4KICA8ZGVmcz4KICAgIDxzdHlsZT4KICAgICAgLmNscy0xIHsKICAgICAgICBzdHJva2Utd2lkdGg6IC41OXB4OwogICAgICB9CgogICAgICAuY2xzLTEsIC5jbHMtMiwgLmNscy0zLCAuY2xzLTQgewogICAgICAgIGZpbGw6IG5vbmU7CiAgICAgICAgc3Ryb2tlLW1pdGVybGltaXQ6IDMuODY7CiAgICAgIH0KCiAgICAgIC5jbHMtMSwgLmNscy0zLCAuY2xzLTQgewogICAgICAgIHN0cm9rZTogI2E3YTlhYjsKICAgICAgfQoKICAgICAgLmNscy01IHsKICAgICAgICBmaWxsOiAjYTdhOWFiOwogICAgICB9CgogICAgICAuY2xzLTIgewogICAgICAgIHN0cm9rZTogI2ZmZjsKICAgICAgfQoKICAgICAgLmNscy0zIHsKICAgICAgICBzdHJva2Utd2lkdGg6IDIuMDZweDsKICAgICAgfQoKICAgICAgLmNscy00IHsKICAgICAgICBzdHJva2Utd2lkdGg6IC4ycHg7CiAgICAgIH0KICAgIDwvc3R5bGU+CiAgPC9kZWZzPgogIDxnIGlkPSJrYXRtYW5fMSIgZGF0YS1uYW1lPSJrYXRtYW4gMSI+CiAgICA8Zz4KICAgICAgPHBhdGggY2xhc3M9ImNscy0zIiBkPSJNMTEuMzQsMTEuNTdjLS45NCwxLjcxLTIuNzEsMi42Ni00LjgsMi42Ni0zLjA1LDAtNS41MS0yLjQ3LTUuNTEtNS41MlMzLjUsMy4xOSw2LjU1LDMuMTljMS45NCwwLDMuNjUsMSw0LjYzLDIuNTIiLz4KICAgICAgPGNpcmNsZSBjbGFzcz0iY2xzLTUiIGN4PSI2LjU1IiBjeT0iOC42NiIgcj0iMi40Ii8+CiAgICAgIDxjaXJjbGUgY2xhc3M9ImNscy0yIiBjeD0iNi41NSIgY3k9IjguNjYiIHI9IjIuNCIvPgogICAgICA8bGluZSBjbGFzcz0iY2xzLTMiIHgxPSI2OC4zNCIgeTE9IjExLjc2IiB4Mj0iOS45MiIgeTI9IjExLjc2Ii8+CiAgICAgIDxsaW5lIGNsYXNzPSJjbHMtMyIgeDE9IjY4Ljc4IiB5MT0iNS41MSIgeDI9IjkuNzMiIHkyPSI1LjUxIi8+CiAgICAgIDxsaW5lIGNsYXNzPSJjbHMtMyIgeDE9IjU0LjA3IiB5MT0iOC43NSIgeDI9IjguNjQiIHkyPSI4Ljc1Ii8+CiAgICAgIDxwYXRoIGNsYXNzPSJjbHMtMyIgZD0iTTY4LjE1LDUuNTVjMS43MSwwLDMuMDksMS4zOSwzLjA5LDMuMDlzLTEuOTIsMy4wNi0zLjYyLDMuMDYiLz4KICAgICAgPHBhdGggY2xhc3M9ImNscy01IiBkPSJNNTMuOTEsOC43NWMwLS4xNC4xMi0uMjYuMjYtLjI2cy4yNy4xMi4yNy4yNi0uMTIuMjctLjI3LjI3LS4yNi0uMTItLjI2LS4yN1oiLz4KICAgICAgPHBhdGggY2xhc3M9ImNscy0zIiBkPSJNNTMuOTEsOC43NWMwLS4xNC4xMi0uMjYuMjYtLjI2cy4yNy4xMi4yNy4yNi0uMTIuMjctLjI3LjI3LS4yNi0uMTItLjI2LS4yN1oiLz4KICAgICAgPGxpbmUgY2xhc3M9ImNscy0xIiB4MT0iMzYuNDMiIHkxPSIxNi45OCIgeDI9IjM2LjQzIiB5Mj0iMTQuMjQiLz4KICAgICAgPGxpbmUgY2xhc3M9ImNscy0xIiB4MT0iMjguMDUiIHkxPSIxNi45OCIgeDI9IjI4LjA1IiB5Mj0iMTQuMjQiLz4KICAgICAgPGxpbmUgY2xhc3M9ImNscy0xIiB4MT0iMTkuNTkiIHkxPSIxNi45OCIgeDI9IjE5LjU5IiB5Mj0iMTQuMjQiLz4KICAgICAgPGxpbmUgY2xhc3M9ImNscy0xIiB4MT0iNDEuNTciIHkxPSIyLjc0IiB4Mj0iNDEuNTciLz4KICAgICAgPGxpbmUgY2xhc3M9ImNscy0xIiB4MT0iMzMuMjgiIHkxPSIyLjc0IiB4Mj0iMzMuMjgiLz4KICAgICAgPGxpbmUgY2xhc3M9ImNscy0xIiB4MT0iMjQuOTkiIHkxPSIyLjc0IiB4Mj0iMjQuOTkiLz4KICAgICAgPGxpbmUgY2xhc3M9ImNscy0xIiB4MT0iMTYuMDgiIHkxPSIyLjc0IiB4Mj0iMTYuMDgiLz4KICAgICAgPGxpbmUgY2xhc3M9ImNscy0xIiB4MT0iNDQuNjMiIHkxPSIxNi45OCIgeDI9IjQ0LjYzIiB5Mj0iMTQuMjQiLz4KICAgICAgPGxpbmUgY2xhc3M9ImNscy0xIiB4MT0iNDkuNDkiIHkxPSIyLjc0IiB4Mj0iNDkuNDkiLz4KICAgICAgPGxpbmUgY2xhc3M9ImNscy00IiB4MT0iNDAuODgiIHkxPSIxNi45OCIgeDI9IjQwLjg4IiB5Mj0iMTQuMjQiLz4KICAgICAgPGxpbmUgY2xhc3M9ImNscy00IiB4MT0iMzIuMzMiIHkxPSIxNi45OCIgeDI9IjMyLjMzIiB5Mj0iMTQuMjQiLz4KICAgICAgPGxpbmUgY2xhc3M9ImNscy00IiB4MT0iMjMuNzkiIHkxPSIxNi45OCIgeDI9IjIzLjc5IiB5Mj0iMTQuMjQiLz4KICAgICAgPGxpbmUgY2xhc3M9ImNscy00IiB4MT0iMjAuNTkiIHkxPSIyLjc0IiB4Mj0iMjAuNTkiLz4KICAgICAgPGxpbmUgY2xhc3M9ImNscy00IiB4MT0iMjkuMTMiIHkxPSIyLjc0IiB4Mj0iMjkuMTMiLz4KICAgICAgPGxpbmUgY2xhc3M9ImNscy00IiB4MT0iMzcuMTYiIHkxPSIyLjc0IiB4Mj0iMzcuMTYiLz4KICAgICAgPGxpbmUgY2xhc3M9ImNscy00IiB4MT0iNDUuNzEiIHkxPSIyLjc0IiB4Mj0iNDUuNzEiLz4KICAgIDwvZz4KICA8L2c+Cjwvc3ZnPg==\" alt=\"S\u0131cakl\u0131k\" width=\"100\" title=\"\"><\/div>\n<div class=\"temp-values\">\n<div>-40 \u062f\u0631\u062c\u0629 \u0645\u0626\u0648\u064a\u0629 \/ +125 \u062f\u0631\u062c\u0629 \u0645\u0626\u0648\u064a\u0629<\/div>\n<div>-40 \u062f\u0631\u062c\u0629 \u0641\u0647\u0631\u0646\u0647\u0627\u064a\u062a\/+257 \u062f\u0631\u062c\u0629 \u0641\u0647\u0631\u0646\u0647\u0627\u064a\u062a<\/div>\n<\/div>\n<\/div>\n<div class=\"marking-section\">\n<div class=\"detail-row\">\n<div class=\"detail-label\">\u0648\u0636\u0639 \u0627\u0644\u0639\u0644\u0627\u0645\u0627\u062a<\/div>\n<div class=\"detail-value\">: \u0645\u0646\u0642\u0648\u0634\u0629 \u0623\u0648 \u0646\u0627\u0641\u062b\u0629 \u0644\u0644\u062d\u0628\u0631<\/div>\n<\/div>\n<p><img decoding=\"async\" class=\"marking-image\" src=\"data:image\/png;base64,iVBORw0KGgoAAAANSUhEUgAABf4AAAAsCAYAAAA0N6k3AAAACXBIWXMAACE3AAAhNwEzWJ96AAAV6ElEQVR4nO3dP2\/bWLrH8d8Otr18Ayaws9htxGIX2EYsEkwGGKlIkFtYKhy4sVUkm8Z2YSfFximSTJGxC9vNTFLIboKkkF3cwUwhBdhZTAqpudh7C6q5wL0F\/Qa4b+AW0mGoP6RI\/Y\/y\/QCDCWyR4iHPoYHnnPM8v\/nD7768JenvAgAAAAAAAAAAn7qvv1j0FQAAAAAAAAAAgOkh8A8AAAAAAAAAwAoh8A8AAAAAAAAAwAoh8A8AAAAAAAAAwAoh8A8AAAAAAAAAwAoh8A8AAAAAAAAAwAoh8A8AAAAAAAAAwAoh8A8AAAAAAAAAwAoh8P+J+\/71K71591a2bS\/6UvCZsyxLOcdZ9GXMXd51F30JK2GV+88qtw0AAAAAACyn3056gpzjaGdvV5ZlTeN6YrU9Ty+ePVepXNZ6uSRJevHsudqeN9PvXWY5x1GhWNS178v3\/UVfDj5z379+pZzjaHPj3mczLkvlsl4eH+ns5FRnJyeLvpxP2qr2H8uy9ObdW63Ztm7duKkgCBZ9SQAAAAAA4DMwceC\/UCyqUCxO41pSWbPtcIXtNCcb3rx7K0na3Lg38DvLsrRVqahQLISrNtuep0a9oYtqdSCQ8+TpoXKOkzgxkXMcPXl6GE5ojMPc90a9LknhpMhV7VKXtVrm86U53tynuLblXVdblW3lXVeWZYX3KRoUNW1Po\/9a8q6rnb1dXfu+Hu0fxLbh8f7BwGSIbdt6eXwkafhzlhQ+57h7YJ5tGpsb91K3Nfp9o45p1Bu6qtUyBxBHtc2wLEtPnh5qzbZT989Suay8665sUDPa70vlUji+TXt39nZ1VavFTsBN2uejYyoIArWaTV1Uz9VqNhPPFZ0oHWbU5GmhWNRWZTt2vEkf34+lcklrtq1r31er2ey5P6NE+0+hWAzvVdw43dnbU97Nq9Vs6ezkZGQ7jaT2ph0fSd8VBIHe1xs9x5t7YMZV3H0cV9Z3kmHbtnb2dpV3Xa11d4y1ms2J331xzwwAAAAAAMzXxIH\/qFmuPJ\/1CtC4dB05x9Gbd28HJhlyjqOc42irsq1vnz3vCZTkHCcM0sWxLGviFCGFYkGSdFm7lPRxUqTVbI11vjTHJ026mNXPUeY+FYoFbW7cUxAEmdrefy3Xvh8eOyyw+E2xoLzrKu+68vuCV+a5XCf00e3KttZsW5ZlDQ1+mXOklbat0XaOOibvuiqVS+H9TGtU26RO+354\/SoMBKa1s7crSbqonq\/Uam0j2u+j47tRr6tRr6tQLGpnbzcxOD5On\/\/u+Ejr5fLAucyEa6vZ1MP7D2L7QXSiNO66kuzs7SrnOHqcEKx+8+5tT0B4zba1Xi6Hq\/fT9NFo\/7moVrVV2ZZlWSqVywN91bKs8PNnJ6fhd6a5v0ntTTM+0nxXoVhU3s339IVH+wf68eeftF4u6+zkdKp\/J7O+k6Th72pJ4btzZ29Xf73\/oGcsj\/M9AAAAAABgcaYa+L97+87Krfh98vQwXGV7VaupUW9I6gTd18vl8HfzZtu2co6ja99fikBr3nXDQNK174eTETknp0KxGKaEevHsua59PwzYGSaQ11k1fR3+vH9Fs+\/74eRBznEGfm8CU3k3PxC8M8HJuFXSOccJA945x5Ft2wMBuqvaZU9gNu\/mw8kE0+ZhRv1+2DUNO8a218Kg6lalkjq9TJq2SZ2gZdagf6lcDld6r3q6m+hYN\/\/+9tlzFYrFxKDuOH0+77ph0N+sxPZ9X7Zta71c6tkBMEqr2Rw6oZc0CWYm7YIgCHcV9St1+6Jpx2XtUoViQVuVSuo+Oqz\/XFTPtbO3q63K9sA43qpUwmvvHzdx7RzV3rTjY9R3mffBermsy9pleH1tz9NVrab1cjlxgmgcWd9JlmXpb90dFde+r\/PuZF1nQqnzd+3fLEv\/iulX\/f0VAAAAAAAsp6kG\/rMEwN+8e5tp9WCr2Zx7CoHoCsf+vNOtZlNnJ6daL5djg2Kz9E03zc+oVB\/zslXZltQJcPWv8t2qVPTk6aG2KhVdVM\/lDwkQmyBoNFgWp+154crU6Gft7mpdafgOjryblyR5XnvoeUvd9B1mYuGbYlEX1WrPZ\/qDkJ2UI+7QNkWN+n2WY3z\/OgyKpj1nmrYZ5ucmwDrKN307T1bV4\/2D8B0Q\/bfv++Gq\/7j7Ok6fN2OqUa\/r4f0H4c9b6vTDQrGYeuW4SYmTxXb3+9\/X67HvdvPsr2q1MJht2rJVqYRjLsmw\/nNRrYa7DfrHubkv\/RMpne\/O3k4p2\/gY9V3mb9tWZbvnus+r51ovl7vv7ukF\/rO+k8yE9bXvD0zWN+p1nVfPEyc+0ryjAQAAAADA4n2x6AtYZiaI3Pa8oavqgyAYGRyaFROoMjsQFs3UGzg7OR0IEl5Uq+FK22mkijCrW3NOrufn0XOvRSYB+n8fF7QybTBpTUopcoYvgrn+LDUu0rbtolrtplD6V+ZzX41RV+JTcVGthgHWYTnQ33fH4TT7jHm+VzETKo16fWa7fSzLCncbnFfPEz8naWAFeJb30rD+Y3ZYSR8D\/VJnd4AJWo9Tx2TUNUxj7Jv3U\/\/4bHuern0\/TNU0qXFr3JjjGjETOp26LJNPZk+zBg8AAAAAAMhuqiv+tyqVkYGoYUHXNKsHlyGdzbIwaX6SUnDMUzS\/d9z1+L6vNdvOnEZmmE5\/2ZXTV2jSrC6+7n5X3nXD64le47C+ZFJ9XHdXbwdBkDrlxyKlSfWSpW1Z01aZyZRZ1vdYBtECx8MCzo16XS91lLrI6iKYXTJtz1Or2Ux81iboHzfpOUraoG9S\/zE7qgrFYthXzSRA0mREVrMa+8PuQaNeD9MgTfLuLhSLenl8pL\/86c9jn2PWOu3M6fH+wcqlAAQAAAAA4FMw1cD\/k27e4CRnJ6cD6QfmncInLROsMLmqF7W6v58Jlr1fgqC\/NP+VnSYQaVb1m+dk7st59VxPnh4q7+bD4JozIr\/\/xx0Unc+\/r9fDtBzL8twNOzJ5kiagNsu2mWvxPvOJuSAIeiacppEKxTzbnb1dtT1voiD0VmU7TC1kzt2fvizKpPm5GBFgb9QbyruuCsVCz3t9vdvnRk0aJPUf3\/fDvPhblW016o1wwnOau0umPT5se03S8LHZ7qYZS5MCaRjLsvTy+GiiHQPmujpp6hozTdtTKBaV\/+Dq4f0HpAcCAAAAAGDOJg78Z18hPBjwePPu7cjj2p7Xs+p2Hsxq15zj6MnTQ21XttWo19VqtiYOxE3C5MSeVZof216bSkqeWQmCIHwupsCvZVnhqt2rWq0b+P\/YBpMWKC4QaQJpJs94o97QermsUrk0lcC\/ZVmx97TteUPH0bBjbNsOC3OmDX7Osm1mB0c7pm7C58TsapmWq9plWBj7lw+\/9rx7sgZRo2nLco4jy7L0w+tX+urGzYHPmgLPQRCEuxuePD1UznH04tnznjF0VaupVC4p5zj6x4dfw+K+pvD4sDz8UaP6z2XtUuvlsta7BYClzmRE3N+dpHfXqBRfWcfHsO+KFmQelqJpkr8ZedfVd8dH4X0YN5D+vl7Xzt6uLMvSm3dvu6l9OhMAce+iqLhdLea9bJhzme+5qFaHpoIDAAAAAACzMXHg\/6JaTZUKIim4v8xB5kf7B\/rh9aswTc1WpRIWPW01mwOBsFmL5oeeVZofE2hbZiaAaVZXR\/P3RycGjFy44r81cC6T6iMauIqmCJpGup+c48SOgc2Ne0ODeEnHBEEwMqhqzjHrtn1KTOHVP375+9jP7OztaWdvN\/a5jGLbtgZ7WXaNel0X1Wr4vikUi+HY79QXOU9dyLbteXp4\/4F831fOcfTjzz9pzbZVKBYH3iNmtX50YsmMtf7dPeY6XnYD0tFdBecJAfq0Ws1mOL5N25OC8UnvrmHPfJLxkfRdbc9LrEFgZ5ggsiyrW8y70w+CINDj\/YOx3\/++7+vbZ8\/1t6eHsiwrnECVOs\/uqlbr1vkY\/uzidva1ms2e3XuNel3t257+9vRQhWJRW5WKCsWiHu0fsPofAAAAAIA5mEpxXxOcSfrvU9X2PH1146Ye7x\/oqlbrCfLnXVc\/\/vzTXCcuZh30\/1T0F\/g1O0nMz81zMs\/G\/H\/YJI1J9dGfOsnc42+mUIhzmlrNpv799p1UAftPrW2rYJqr\/l88e65bN27q7OS0Jy+\/CQaP2i11Vatpc+NeGPSXeou39q\/etruTAdLoND9SZ1y9PD6S1MnT32o2w0Le\/btuxhWd4Lqq1aa6YnwW4+OiWh2Zvi5LH3l5fBQG\/aXOROGk7\/\/LWk23btzUi2fP1ajXw2cmdSY0fvnw61RSuPm+r4f3H4TXu2bb+v71q6WuhQEAAAAAwKqYSuB\/Un\/88vcj\/1t0HYDLWk2P9g909\/Yd\/eVPf+4pWJimtsG0mDQ\/72eU5kfqBNrinsOyMDnBTe7+6Ir\/zv9b4c9NkCmuAO3HyZTee2rusQkOTqLVbMbe07iJsf5jTHAuSyHdebRt2W1VKmGqGsPu7t75\/vUrSR\/TqERzp1uWpVK5rDfv3s69jkWU7\/s6OznR5sY9\/eVPf9bd23fCQGp0JXzcsa1mc6C\/mNQ6Jh+9YVawDztmGFNst1Gv66sbN7W5cU9f3bgZ7haYxrsxOj4uh6TPicr67ppkfES\/61YkZVLba091cuLh\/Qc9kx9v3r3Vzt7exOft7Nao6uH9B\/rqxs1wgkn6OLE0zObGvdR\/o83uEnOf256XWFsCAAAAAABMz1SL+34uTO5r3\/f15t3bua5eZMV\/R3+BX5NT3AQrTbAw7+bDgPmwAqIm1YfUCWKaQKb0MS\/6sqTEOTs51cvjI62Xy4mpOIxPqW2ztF3ZDtN0Gb98+DX8t23bKpVLA6lbzKSA1Bl3Salboma9w8mk7TFpi3KOM\/b7oH\/luekjaVb7Sx\/fR9\/21V958ey51svlsJ7AMuZ1n+b46C9EPKqvZO0jZycnatTr+u74SDnH0c7ergrFgu7evpPpPEnMBJPUKSg96d+1QrHYM4bOTk5Tp6YCAAAAAACTyxT4z7tuqkK8Wf3P\/\/3vyM\/05w+W0hUFjjt2Guadwiga9F+mQFp09WbOcYau5pzFimmT+ztac8HwfV\/Xvq+864bXMyy\/f3RFb1Jakm+KxakU+Z3EZa2mnb3dMIg9Kog2z7b1rxxfJndv3+nmGN\/u2f1xWbvUVXcC79H+Qbeoa6knj\/77el3n1fNUK5TnvSug1WxNnEonmuKlVC73BLz7d0h0PlPqfnfvu68\/MB59P5kC3EkW0X+mPT7OTk7DyQ5Te6TfJH2k7Xm6e\/tOWINiVhPOnesevto\/C3N9bc\/To\/0DVvkDAAAAADBnc1\/xPyz4usziAjjmd\/NUmEOan3EEQaBr3w+LhfYHeKJBxGnuVDCBT5OSor9veZ6nNdsOV3EPCzyZIG8nAHw98Puck1OhWFSpXFp44F\/qpDrpFPrc1kW1mjgBNI+2mSDhMufsNjt0vikWeq6z\/\/416vWwD0udIG3aoL\/UG+icBrOLJe4Zm7oWSb7rFt01NQI+nrtTGyPaL6Kr\/+PSvKyXy\/L964F3Yv+EX7R47XXCavlF9p9pjw+TVsm8kzY3hhfslibrI2cnJ2o1m\/quW1shK8uytGbbsdcwzb9rF9WqXvTtBgEAAAAAAPORKfAfBMFEq9xbzVa4Sjlr4MN83hSQHOfYrExu8KtaTWcnpz2rWvOuG+avnlfaHVNochmLJZuA9M7ebpg7Wuq9T9e+P9VVn\/3n6r8vrWZLhWIxXGU7LFhpgp1xqXNMsdNlSYlzUa1qq7Ity7ISV\/3Pq23mGSxzShfpYy78TrHxVnfypPf+mbzmQRDo8f6Bvn\/9Sk+eHqbaLWSCpUmB+iwsy9IP3TQpZyenPaljzLM33znq\/dMZg5Y2N+4pCIKeugDRMZT0bjXPt+15PYH8tucp5zj67vgoPL9lWT0Ff5P61aL6z6zGx9nJqd68c5V33aGTxmayxtRYGFer2Rw7zc\/L4yPlXVcX1fOBya9SN1WRNFj3IKtRE5MAAAAAAGC2MgX+TWG+aRh3FeBlrZY61\/akTCoIk\/s7CIIw0BVN2RAtvJhV3nUTUx2ZvMgmgN32vJEBKBOAj7O5cW\/qkwcX1aoK3RXVT54eDi3q+Wj\/YKrfGW1DEAQD9yX6+6TV\/m3Piw1QmZRBa7Y9UUqctM95lCAIdFWraatS0VZlO\/aYebUtOiay5MGfNxPMfLx\/IN\/3VSqXBu7fejfVzeP9AzXq9TBne1z6qiizG2da4yrvumFg+uXxkV4eH\/UEyY1GvZ54bdH0M\/\/53\/8VBualTlA+OmmQ9G419QRePHve08azk1N9\/\/rV0PNL0vmIWgHT7j9p332zGh+tZjNsz1Zlu+deWZY1UIR8EuME1W3bVt51w0munb3dcHImutL\/uluzYJhRKfZMIWWC\/gAAAAAALNYXi76AZXb39h2dnZyGAQwTuIkGzu7evjOX3MUmsHhZu5z5d40jCILYCYVr39fD+w+mPtlgUgxJwwNp0aDesN+nvacmOBrNCb5IpvCqZVkqRYrRRs2zbeY71pfk\/gzz8P4DbW7cCyeH\/nr\/gW7duNnzmYtqVZsb98Lg84tnz1ONb8uywnRS0xqfjXpdd2\/f6UvP4wykKnp4\/0HieXzf1+P9g553mNQZk38dcWza6xx2fqkzKZAmWL6I\/jPL8WHGZ6FY7El5FK1FsqidQ77v69aNmz1B\/bXuZIBhdhMQuAcAAAAA4NP2mz\/87stbkv6e5sOzKu47D2YVYpxRKzFzjiOnmx7i2vfleV5sQDCaFiMueGJZVqq81mY15j8+\/Ko129atGzdjg0a2bffk6Y4Td13m+KT0HOY+JbUteq86qVVGB\/zTnDfuuyzLir3mpN+n\/c7os+pvi7lnZuVy0rFJotdnjok7Z7RdcZ+ZtG2j2tV\/jl8+\/CrLsmaym2TZmWKr176vr\/omE5JkfUbRd1TWcWImLU2h3azPaNQ7LXr+tuep1Wymvr40\/WfUvcr67ptkfGR5T5rPRNv4eP9gpjtjsoxd88zMs03aUda\/0y3O5zb+AQAAAABYUl8T+P8E5BxHP\/78k9qeN3ZeZ2CWosHvz2m1sG3b+o+ff5JlWXp4\/8Hc6n2smlXvP0+eHmqrUuEdDgAAAAAA5uXrTDn+r31\/onz2GI9JMzFpsUVgVi6qVZXKJa11C6Iua67\/aTN1AVrNJkH\/Caxy\/4mmghq3tg0AAAAAAEBWmVb8YzFK5bLWbFtXtdrCckMDo+QcR9uV7akXcV52T54e9tQCwXhWuf+YVE3jFgcHAAAAAADIKFuqHwAAAAAAAAAAsNS+\/mLRVwAAAAAAAAAAAKaHwD8AAAAAAAAAACuEwD8AAAAAAAAAACuEwD8AAAAAAAAAACuEwD8AAAAAAAAAACuEwD8AAAAAAAAAACvkt5L+KenrRV8IAAAAAAAAAACY2D8XfQEAAAAAAAAAAAAAAAAAAAAAAAAAAAAAAAAAAAAAAAAAAAAAAHwq\/h+a2TOoK0ANUAAAAABJRU5ErkJggg==\" alt=\"Markalama G\u00f6rseli\" title=\"\"><\/p>\n<\/div>\n<div>\n<table style=\"width: 100%;\" cellspacing=\"0\" cellpadding=\"0\">\n<tbody>\n<tr>\n<td style=\"width: 120px; font-weight: bold;\">\u0646\u0648\u0631\u0645<\/td>\n<td style=\"width: 400px; text-align: left;\">TS 548<br \/>\n\u0645\u0639\u064a\u0627\u0631 DIN 73411<br \/>\nISO 1307<\/td>\n<td style=\"width: 120px; font-weight: bold;\">\u0644\u0648\u0646<\/td>\n<td style=\"width: 400px;\">\n<div class=\"color-icons\"><img decoding=\"async\" src=\"data:image\/svg+xml;base64,PHN2ZyB2aWV3Qm94PSIwIDAgMTAwIDEwMCIgeG1sbnM9Imh0dHA6Ly93d3cudzMub3JnLzIwMDAvc3ZnIj4KICA8Y2lyY2xlIGN4PSI1MCIgY3k9IjUwIiByPSI0OSIgZmlsbD0iIzAwMDAwMCIgc3Ryb2tlPSJibGFjayIgc3Ryb2tlLXdpZHRoPSIwLjUiLz4KICA8Y2lyY2xlIGN4PSI1MCIgY3k9IjUwIiByPSIzOCIgZmlsbD0id2hpdGUiIHN0cm9rZT0iYmxhY2siIHN0cm9rZS13aWR0aD0iMC41Ii8+CiAgPGNpcmNsZSBjeD0iNTAiIGN5PSI1MCIgcj0iMzMiIGZpbGw9IiMwMDAwMDAiIHN0cm9rZT0iYmxhY2siIHN0cm9rZS13aWR0aD0iMC41Ii8+CiAgPGNpcmNsZSBjeD0iNTAiIGN5PSI1MCIgcj0iMjIiIGZpbGw9IndoaXRlIiBzdHJva2U9ImJsYWNrIiBzdHJva2Utd2lkdGg9IjAuNSIvPgo8L3N2Zz4=\" alt=\"\" title=\"\"><\/div>\n<\/td>\n<\/tr>\n<\/tbody>\n<\/table>\n<\/div>\n<\/div>\n<\/div>","protected":false},"excerpt":{"rendered":"<p>&nbsp; \u00dcr\u00fcn Ad\u0131: ISI L\/L \u00dcr\u00fcn Kodu: LL\/HH160 Araba Is\u0131t\u0131c\u0131 &#8211; Radyat\u00f6r Kullanim Alan\u0131 : End\u00fcstriyel uygulamalarda \u00e7ok hafif kimyasal i\u00e7erikli s\u0131cak suyun ta\u015f\u0131nmas\u0131 i\u00e7in. Alt Katman : EPDM Kau\u00e7uk. Takviye Katman\u0131 : Y\u00fcksek Mukavemetli Sentetik Tekstil. \u00dcst Katman : A\u015f\u0131nmaya, Is\u0131ya, Oksijene ve Hava Ko\u015fullar\u0131na Dayan\u0131kl\u0131, P\u00fcr\u00fczs\u00fcz EPDM Kau\u00e7uk. -40\u00b0C \/ +125\u00b0C -40\u00b0F \/ [&#8230;]\n","protected":false},"featured_media":22232,"comment_status":"open","ping_status":"closed","template":"","meta":{"jetpack_post_was_ever_published":false},"product_brand":[],"product_cat":[2357],"product_tag":[],"class_list":{"0":"post-21338","1":"product","2":"type-product","3":"status-publish","4":"has-post-thumbnail","6":"product_cat-sel_sicak_su_hortumlari","8":"first","9":"instock","10":"taxable","11":"shipping-taxable","12":"product-type-simple"},"jetpack-related-posts":[{"id":21341,"url":"https:\/\/tuzlahortum.com.tr\/ar\/product\/heater-l-l\/","url_meta":{"origin":21338,"position":0},"title":"\u0633\u062e\u0627\u0646 L\/\u0644\u062a\u0631","author":"admin","date":"11 \u0623\u063a\u0633\u0637\u0633 2025","format":false,"excerpt":"\u00a0 \u00dcr\u00fcn Ad\u0131: HEATER L\/L \u00dcr\u00fcn Kodu: LL\/HC162 Araba Is\u0131t\u0131c\u0131 D\u00fc\u015f\u00fck Ya\u011f Direnci Kullanim Alan\u0131 : End\u00fcstriyel uygulamalarda hafif kimyasal i\u00e7erikli s\u0131cak suyun iletimi i\u00e7in. Alt Katman : EPDM Kau\u00e7uk Takviye Katman\u0131 : Y\u00fcksek Mukavemetli Sentetik Tekstil. \u00dcst Katman : A\u015f\u0131nmaya, Is\u0131ya, Oksijene ve Dayan\u0131kl\u0131, P\u00fcr\u00fczs\u00fcz EPDM Kau\u00e7uk. -40\u00b0C \/\u2026","rel":"","context":"\u062a\u062f\u0648\u064a\u0646\u0629 \u0645\u0634\u0627\u0628\u0647\u0629","block_context":{"text":"\u062a\u062f\u0648\u064a\u0646\u0629 \u0645\u0634\u0627\u0628\u0647\u0629","link":""},"img":{"alt_text":"","src":"https:\/\/i0.wp.com\/tuzlahortum.com.tr\/wp-content\/uploads\/2025\/08\/heaterll-p.png?fit=553%2C553&ssl=1&resize=350%2C200","width":350,"height":200,"srcset":"https:\/\/i0.wp.com\/tuzlahortum.com.tr\/wp-content\/uploads\/2025\/08\/heaterll-p.png?fit=553%2C553&ssl=1&resize=350%2C200 1x, https:\/\/i0.wp.com\/tuzlahortum.com.tr\/wp-content\/uploads\/2025\/08\/heaterll-p.png?fit=553%2C553&ssl=1&resize=525%2C300 1.5x"},"classes":[]},{"id":21620,"url":"https:\/\/tuzlahortum.com.tr\/ar\/product\/pompa-l-2\/","url_meta":{"origin":21338,"position":1},"title":"\u0645\u0636\u062e\u0629 \/ L+","author":"admin","date":"11 \u0623\u063a\u0633\u0637\u0633 2025","format":false,"excerpt":"\u00dcr\u00fcn Ad\u0131: POMPA \/ L+ \u00dcr\u00fcn Kodu: OPL44U Petrol Pump \u1d58L - 54\u00b0C Kullanim Alan\u0131 : T\u00fcm Benzin Da\u011f\u0131t\u0131m Uygulamalar\u0131 \u0130\u00e7in (Normal, Premium Benzin ve Dizel). Alt Katman : Ya\u011f, Benzin ve Dizel Diren\u00e7li, D\u00fcz, Siyah, Nitril Kau\u00e7uk. Takviye Katman\u0131 : Y\u00fcksek Mukavemetli Sentetik Tekstil ve Antistatik Bak\u0131r Tel. \u00dcst\u2026","rel":"","context":"\u062a\u062f\u0648\u064a\u0646\u0629 \u0645\u0634\u0627\u0628\u0647\u0629","block_context":{"text":"\u062a\u062f\u0648\u064a\u0646\u0629 \u0645\u0634\u0627\u0628\u0647\u0629","link":""},"img":{"alt_text":"","src":"https:\/\/i0.wp.com\/tuzlahortum.com.tr\/wp-content\/uploads\/2025\/08\/pompal-p-1.png?fit=528%2C528&ssl=1&resize=350%2C200","width":350,"height":200,"srcset":"https:\/\/i0.wp.com\/tuzlahortum.com.tr\/wp-content\/uploads\/2025\/08\/pompal-p-1.png?fit=528%2C528&ssl=1&resize=350%2C200 1x, https:\/\/i0.wp.com\/tuzlahortum.com.tr\/wp-content\/uploads\/2025\/08\/pompal-p-1.png?fit=528%2C528&ssl=1&resize=525%2C300 1.5x"},"classes":[]},{"id":21617,"url":"https:\/\/tuzlahortum.com.tr\/ar\/product\/pompa-l\/","url_meta":{"origin":21338,"position":2},"title":"\u0645\u0636\u062e\u0629 \/ \u0644","author":"admin","date":"11 \u0623\u063a\u0633\u0637\u0633 2025","format":false,"excerpt":"\u00dcr\u00fcn Ad\u0131: POMPA \/ L \u00dcr\u00fcn Kodu: OPL441 Benzin Pompas\u0131 -30\u00b0C Kullanim Alan\u0131 : T\u00fcm Tip Benzin Da\u011f\u0131t\u0131m Uygulamalar\u0131 \u0130\u00e7in Uygundur. (Normal, Premium Benzin ve Dizel) Alt Katman : Ya\u011f, Benzin ve Dizel Diren\u00e7li, D\u00fcz, Siyah, Nitril Kau\u00e7uk. Takviye Katman\u0131 : Y\u00fcksek Mukavemetli Sentetik Tekstil ve Antistatik Bak\u0131r Tel. \u00dcst\u2026","rel":"","context":"\u062a\u062f\u0648\u064a\u0646\u0629 \u0645\u0634\u0627\u0628\u0647\u0629","block_context":{"text":"\u062a\u062f\u0648\u064a\u0646\u0629 \u0645\u0634\u0627\u0628\u0647\u0629","link":""},"img":{"alt_text":"","src":"","width":0,"height":0},"classes":[]},{"id":21769,"url":"https:\/\/tuzlahortum.com.tr\/ar\/product\/torch-l-l\/","url_meta":{"origin":21338,"position":3},"title":"TORCH L\/\u0644\u062a\u0631","author":"admin","date":"11 \u0623\u063a\u0633\u0637\u0633 2025","format":false,"excerpt":"\u00a0 \u00dcr\u00fcn Ad\u0131: TORCH L\/L \u00dcr\u00fcn Kodu: LL\/TC160 Kaynak Tor\u00e7 Hortumu Kullanim Alan\u0131 : Kaynak torcu i\u00e7in uygun su ve so\u011futma s\u0131v\u0131lar\u0131n\u0131n iletimi. Alt Katman : \u0130letken Olmayan \u00d6zel Sentetik Kau\u00e7uk. Takviye Katman\u0131 : Y\u00fcksek Mukavemetli Sentetik Tekstil. \u00dcst Katman : A\u015f\u0131nmaya, Is\u0131ya, Oksijene ve Hava Ko\u015fullar\u0131na Dayan\u0131kl\u0131 \u0130letken Olmayan\u2026","rel":"","context":"\u062a\u062f\u0648\u064a\u0646\u0629 \u0645\u0634\u0627\u0628\u0647\u0629","block_context":{"text":"\u062a\u062f\u0648\u064a\u0646\u0629 \u0645\u0634\u0627\u0628\u0647\u0629","link":""},"img":{"alt_text":"","src":"https:\/\/i0.wp.com\/tuzlahortum.com.tr\/wp-content\/uploads\/2025\/08\/torchll-p.png?fit=552%2C552&ssl=1&resize=350%2C200","width":350,"height":200,"srcset":"https:\/\/i0.wp.com\/tuzlahortum.com.tr\/wp-content\/uploads\/2025\/08\/torchll-p.png?fit=552%2C552&ssl=1&resize=350%2C200 1x, https:\/\/i0.wp.com\/tuzlahortum.com.tr\/wp-content\/uploads\/2025\/08\/torchll-p.png?fit=552%2C552&ssl=1&resize=525%2C300 1.5x"},"classes":[]},{"id":21440,"url":"https:\/\/tuzlahortum.com.tr\/ar\/product\/pararub-l\/","url_meta":{"origin":21338,"position":4},"title":"\u0628\u0627\u0631\u0627\u0631\u0648\u0628 \u0644","author":"admin","date":"11 \u0623\u063a\u0633\u0637\u0633 2025","format":false,"excerpt":"\u00a0 \u00dcr\u00fcn Ad\u0131: PARARUB L \u00dcr\u00fcn Kodu: ABPL790 A\u015f\u0131nma - Pararub Kullanim Alan\u0131 : A\u015f\u0131nd\u0131r\u0131c\u0131 tozlar, gran\u00fcller, kum, \u00e7ak\u0131l, \u00e7imento ve benzeri tozlar\u0131n tahliyesi i\u00e7in. Alt Katman : A\u015f\u0131nmaya Dayan\u0131kl\u0131 Do\u011fal Kau\u00e7uk (Bej Renk) Takviye Katman\u0131 : Y\u00fcksek Mukavemetli Sentetik Tekstil ve Antistatik Bak\u0131r Tel. \u00dcst Katman : A\u015f\u0131nmaya, ozona\u2026","rel":"","context":"\u062a\u062f\u0648\u064a\u0646\u0629 \u0645\u0634\u0627\u0628\u0647\u0629","block_context":{"text":"\u062a\u062f\u0648\u064a\u0646\u0629 \u0645\u0634\u0627\u0628\u0647\u0629","link":""},"img":{"alt_text":"","src":"https:\/\/i0.wp.com\/tuzlahortum.com.tr\/wp-content\/uploads\/2025\/08\/pararubl-p.png?fit=547%2C547&ssl=1&resize=350%2C200","width":350,"height":200,"srcset":"https:\/\/i0.wp.com\/tuzlahortum.com.tr\/wp-content\/uploads\/2025\/08\/pararubl-p.png?fit=547%2C547&ssl=1&resize=350%2C200 1x, https:\/\/i0.wp.com\/tuzlahortum.com.tr\/wp-content\/uploads\/2025\/08\/pararubl-p.png?fit=547%2C547&ssl=1&resize=525%2C300 1.5x"},"classes":[]},{"id":21494,"url":"https:\/\/tuzlahortum.com.tr\/ar\/product\/white-l\/","url_meta":{"origin":21338,"position":5},"title":"\u0623\u0628\u064a\u0636 \u0644","author":"admin","date":"11 \u0623\u063a\u0633\u0637\u0633 2025","format":false,"excerpt":"\u00a0 \u00dcr\u00fcn Ad\u0131: WHITE L \u00dcr\u00fcn Kodu: ABFL248 Hafif Hizmet D\u00f6kme G\u0131da Verici D\u00dcZ Kullanim Alan\u0131 : G\u0131da End\u00fcstrisi \u0130\u00e7in D\u00f6kme A\u015f\u0131nd\u0131r\u0131c\u0131 Malzemelerin Bo\u015falt\u0131lmas\u0131. Alt Katman : Beyaz Renk, Toksik Olmayan, A\u015f\u0131nmaya Dayan\u0131kl\u0131 Do\u011fal Kau\u00e7uk. Takviye Katman\u0131 : Y\u00fcksek Mukavemetli Sentetik Tekstil ve Antistatik Bak\u0131r Tel. \u00dcst Katman : A\u015f\u0131nma,\u2026","rel":"","context":"\u062a\u062f\u0648\u064a\u0646\u0629 \u0645\u0634\u0627\u0628\u0647\u0629","block_context":{"text":"\u062a\u062f\u0648\u064a\u0646\u0629 \u0645\u0634\u0627\u0628\u0647\u0629","link":""},"img":{"alt_text":"","src":"https:\/\/i0.wp.com\/tuzlahortum.com.tr\/wp-content\/uploads\/2025\/08\/whitel-p.png?fit=534%2C534&ssl=1&resize=350%2C200","width":350,"height":200,"srcset":"https:\/\/i0.wp.com\/tuzlahortum.com.tr\/wp-content\/uploads\/2025\/08\/whitel-p.png?fit=534%2C534&ssl=1&resize=350%2C200 1x, https:\/\/i0.wp.com\/tuzlahortum.com.tr\/wp-content\/uploads\/2025\/08\/whitel-p.png?fit=534%2C534&ssl=1&resize=525%2C300 1.5x"},"classes":[]}],"jetpack_sharing_enabled":true,"jetpack_likes_enabled":true,"_links":{"self":[{"href":"https:\/\/tuzlahortum.com.tr\/ar\/wp-json\/wp\/v2\/product\/21338","targetHints":{"allow":["GET"]}}],"collection":[{"href":"https:\/\/tuzlahortum.com.tr\/ar\/wp-json\/wp\/v2\/product"}],"about":[{"href":"https:\/\/tuzlahortum.com.tr\/ar\/wp-json\/wp\/v2\/types\/product"}],"replies":[{"embeddable":true,"href":"https:\/\/tuzlahortum.com.tr\/ar\/wp-json\/wp\/v2\/comments?post=21338"}],"wp:featuredmedia":[{"embeddable":true,"href":"https:\/\/tuzlahortum.com.tr\/ar\/wp-json\/wp\/v2\/media\/22232"}],"wp:attachment":[{"href":"https:\/\/tuzlahortum.com.tr\/ar\/wp-json\/wp\/v2\/media?parent=21338"}],"wp:term":[{"taxonomy":"product_brand","embeddable":true,"href":"https:\/\/tuzlahortum.com.tr\/ar\/wp-json\/wp\/v2\/product_brand?post=21338"},{"taxonomy":"product_cat","embeddable":true,"href":"https:\/\/tuzlahortum.com.tr\/ar\/wp-json\/wp\/v2\/product_cat?post=21338"},{"taxonomy":"product_tag","embeddable":true,"href":"https:\/\/tuzlahortum.com.tr\/ar\/wp-json\/wp\/v2\/product_tag?post=21338"}],"curies":[{"name":"\u062f\u0628\u0644\u064a\u0648 \u0628\u064a","href":"https:\/\/api.w.org\/{rel}","templated":true}]}}