{"id":21261,"date":"2025-08-11T10:41:58","date_gmt":"2025-08-11T07:41:58","guid":{"rendered":"https:\/\/tuzlahortum.com.tr\/urun\/fogna\/"},"modified":"2025-08-20T16:06:04","modified_gmt":"2025-08-20T13:06:04","slug":"fogna","status":"publish","type":"product","link":"https:\/\/tuzlahortum.com.tr\/ar\/product\/fogna\/","title":{"rendered":"\u0641\u0648\u063a\u0646\u0627"},"content":{"rendered":"<p>&nbsp;<\/p>\n<div class=\"report-container\">\n<div class=\"report-header\">\n<div class=\"standard-text\">\u0627\u0633\u0645 \u0627\u0644\u0645\u0646\u062a\u062c: \u0641\u0648\u063a\u0646\u0627<\/div>\n<div class=\"standard-text\">\u0631\u0645\u0632 \u0627\u0644\u0645\u0646\u062a\u062c: FVH145<\/div>\n<\/div>\n<div class=\"product-image-container\">\n<div class=\"key-feature\">\u062e\u0631\u0637\u0648\u0645 \u062a\u0641\u0631\u064a\u063a \u0627\u0644\u0647\u0648\u0627\u0621 \u0644\u0634\u0627\u062d\u0646\u0629 \u062a\u0641\u0631\u064a\u063a \u0627\u0644\u0647\u0648\u0627\u0621<\/div>\n<\/div>\n<div class=\"horizontal-line\"><\/div>\n<div class=\"product-details\">\n<div class=\"detail-row\">\n<div class=\"detail-label\">\u0645\u0646\u0637\u0642\u0629 \u0627\u0644\u0627\u0633\u062a\u062e\u062f\u0627\u0645<\/div>\n<div class=\"detail-value\">: \u0644\u0634\u0641\u0637 \u0648\u062a\u0646\u0638\u064a\u0641 \u0623\u0646\u0638\u0645\u0629 \u0627\u0644\u0635\u0631\u0641 \u0627\u0644\u0635\u062d\u064a.<\/div>\n<\/div>\n<div class=\"detail-row\">\n<div class=\"detail-label\">\u0627\u0644\u0637\u0628\u0642\u0629 \u0627\u0644\u0633\u0641\u0644\u0649<\/div>\n<div class=\"detail-value\">: NBR \u0623\u0633\u0648\u062f \u0645\u0642\u0627\u0648\u0645 \u0644\u0644\u0632\u064a\u0648\u062a \u0648\u0627\u0644\u062a\u0622\u0643\u0644 \u0648\u0645\u0636\u0627\u062f \u0644\u0644\u0643\u0647\u0631\u0628\u0627\u0621 \u0627\u0644\u0633\u0627\u0643\u0646\u0629 NBR.<\/div>\n<\/div>\n<div class=\"detail-row\">\n<div class=\"detail-label\">\u0637\u0628\u0642\u0629 \u0627\u0644\u062a\u0639\u0632\u064a\u0632<\/div>\n<div class=\"detail-value\">: \u0646\u0633\u064a\u062c \u0635\u0646\u0627\u0639\u064a \u0635\u0646\u0627\u0639\u064a \u0639\u0627\u0644\u064a \u0627\u0644\u0642\u0648\u0629 \u0648\u0633\u0644\u0643 \u0641\u0648\u0644\u0627\u0630\u064a \u062d\u0644\u0632\u0648\u0646\u064a.<\/div>\n<\/div>\n<div class=\"detail-row\">\n<div class=\"detail-label\">\u0627\u0644\u0637\u0628\u0642\u0629 \u0627\u0644\u0639\u0644\u064a\u0627<\/div>\n<div class=\"detail-value\">: \u0645\u0642\u0627\u0648\u0645 \u0644\u0644\u0632\u064a\u062a \u0648\u0627\u0644\u062a\u0622\u0643\u0644 \u0648\u0627\u0644\u0623\u0643\u0633\u062c\u064a\u0646 \u0648\u0627\u0644\u0637\u0642\u0633 \u0648\u0645\u0642\u0627\u0648\u0645 \u0644\u0644\u0632\u064a\u0648\u062a \u0648\u0627\u0644\u0623\u0643\u0633\u062c\u064a\u0646 \u0648\u0645\u0642\u0627\u0648\u0645 \u0644\u0644\u0637\u0642\u0633 \u0648\u0645\u0642\u0627\u0648\u0645 \u0644\u0644\u0643\u0647\u0631\u0628\u0627\u0621 \u0627\u0644\u0633\u0627\u0643\u0646\u0629 CR \u0648\u0625\u062f\u062e\u0627\u0644\u0627\u062a \u0645\u0643\u0628\u0644\u0629.<\/div>\n<\/div>\n<\/div>\n<div class=\"datasheet_table\"><img decoding=\"async\" class=\"alignnone size-full\" src=\"https:\/\/tuzlahortum.com.tr\/wp-content\/uploads\/2025\/08\/datasheet186.svg\" alt=\"\" title=\"\"><\/div>\n<div class=\"table-notes\"><\/div>\n<div class=\"horizontal-line\"><\/div>\n<div class=\"footer\">\n<div class=\"standards-section\">\n<div class=\"standard-item\" style=\"margin-top: 9px;\"><\/div>\n<div class=\"standard-info\"><\/div>\n<\/div>\n<div class=\"temperature-section\">\n<div class=\"temp-icon\"><img decoding=\"async\" src=\"data:image\/svg+xml;base64,PD94bWwgdmVyc2lvbj0iMS4wIiBlbmNvZGluZz0iVVRGLTgiPz4KPHN2ZyBpZD0ia2F0bWFuXzIiIGRhdGEtbmFtZT0ia2F0bWFuIDIiIHhtbG5zPSJodHRwOi8vd3d3LnczLm9yZy8yMDAwL3N2ZyIgdmlld0JveD0iMCAwIDcyLjI3IDE2Ljk4Ij4KICA8ZGVmcz4KICAgIDxzdHlsZT4KICAgICAgLmNscy0xIHsKICAgICAgICBzdHJva2Utd2lkdGg6IC41OXB4OwogICAgICB9CgogICAgICAuY2xzLTEsIC5jbHMtMiwgLmNscy0zLCAuY2xzLTQgewogICAgICAgIGZpbGw6IG5vbmU7CiAgICAgICAgc3Ryb2tlLW1pdGVybGltaXQ6IDMuODY7CiAgICAgIH0KCiAgICAgIC5jbHMtMSwgLmNscy0zLCAuY2xzLTQgewogICAgICAgIHN0cm9rZTogI2E3YTlhYjsKICAgICAgfQoKICAgICAgLmNscy01IHsKICAgICAgICBmaWxsOiAjYTdhOWFiOwogICAgICB9CgogICAgICAuY2xzLTIgewogICAgICAgIHN0cm9rZTogI2ZmZjsKICAgICAgfQoKICAgICAgLmNscy0zIHsKICAgICAgICBzdHJva2Utd2lkdGg6IDIuMDZweDsKICAgICAgfQoKICAgICAgLmNscy00IHsKICAgICAgICBzdHJva2Utd2lkdGg6IC4ycHg7CiAgICAgIH0KICAgIDwvc3R5bGU+CiAgPC9kZWZzPgogIDxnIGlkPSJrYXRtYW5fMSIgZGF0YS1uYW1lPSJrYXRtYW4gMSI+CiAgICA8Zz4KICAgICAgPHBhdGggY2xhc3M9ImNscy0zIiBkPSJNMTEuMzQsMTEuNTdjLS45NCwxLjcxLTIuNzEsMi42Ni00LjgsMi42Ni0zLjA1LDAtNS41MS0yLjQ3LTUuNTEtNS41MlMzLjUsMy4xOSw2LjU1LDMuMTljMS45NCwwLDMuNjUsMSw0LjYzLDIuNTIiLz4KICAgICAgPGNpcmNsZSBjbGFzcz0iY2xzLTUiIGN4PSI2LjU1IiBjeT0iOC42NiIgcj0iMi40Ii8+CiAgICAgIDxjaXJjbGUgY2xhc3M9ImNscy0yIiBjeD0iNi41NSIgY3k9IjguNjYiIHI9IjIuNCIvPgogICAgICA8bGluZSBjbGFzcz0iY2xzLTMiIHgxPSI2OC4zNCIgeTE9IjExLjc2IiB4Mj0iOS45MiIgeTI9IjExLjc2Ii8+CiAgICAgIDxsaW5lIGNsYXNzPSJjbHMtMyIgeDE9IjY4Ljc4IiB5MT0iNS41MSIgeDI9IjkuNzMiIHkyPSI1LjUxIi8+CiAgICAgIDxsaW5lIGNsYXNzPSJjbHMtMyIgeDE9IjU0LjA3IiB5MT0iOC43NSIgeDI9IjguNjQiIHkyPSI4Ljc1Ii8+CiAgICAgIDxwYXRoIGNsYXNzPSJjbHMtMyIgZD0iTTY4LjE1LDUuNTVjMS43MSwwLDMuMDksMS4zOSwzLjA5LDMuMDlzLTEuOTIsMy4wNi0zLjYyLDMuMDYiLz4KICAgICAgPHBhdGggY2xhc3M9ImNscy01IiBkPSJNNTMuOTEsOC43NWMwLS4xNC4xMi0uMjYuMjYtLjI2cy4yNy4xMi4yNy4yNi0uMTIuMjctLjI3LjI3LS4yNi0uMTItLjI2LS4yN1oiLz4KICAgICAgPHBhdGggY2xhc3M9ImNscy0zIiBkPSJNNTMuOTEsOC43NWMwLS4xNC4xMi0uMjYuMjYtLjI2cy4yNy4xMi4yNy4yNi0uMTIuMjctLjI3LjI3LS4yNi0uMTItLjI2LS4yN1oiLz4KICAgICAgPGxpbmUgY2xhc3M9ImNscy0xIiB4MT0iMzYuNDMiIHkxPSIxNi45OCIgeDI9IjM2LjQzIiB5Mj0iMTQuMjQiLz4KICAgICAgPGxpbmUgY2xhc3M9ImNscy0xIiB4MT0iMjguMDUiIHkxPSIxNi45OCIgeDI9IjI4LjA1IiB5Mj0iMTQuMjQiLz4KICAgICAgPGxpbmUgY2xhc3M9ImNscy0xIiB4MT0iMTkuNTkiIHkxPSIxNi45OCIgeDI9IjE5LjU5IiB5Mj0iMTQuMjQiLz4KICAgICAgPGxpbmUgY2xhc3M9ImNscy0xIiB4MT0iNDEuNTciIHkxPSIyLjc0IiB4Mj0iNDEuNTciLz4KICAgICAgPGxpbmUgY2xhc3M9ImNscy0xIiB4MT0iMzMuMjgiIHkxPSIyLjc0IiB4Mj0iMzMuMjgiLz4KICAgICAgPGxpbmUgY2xhc3M9ImNscy0xIiB4MT0iMjQuOTkiIHkxPSIyLjc0IiB4Mj0iMjQuOTkiLz4KICAgICAgPGxpbmUgY2xhc3M9ImNscy0xIiB4MT0iMTYuMDgiIHkxPSIyLjc0IiB4Mj0iMTYuMDgiLz4KICAgICAgPGxpbmUgY2xhc3M9ImNscy0xIiB4MT0iNDQuNjMiIHkxPSIxNi45OCIgeDI9IjQ0LjYzIiB5Mj0iMTQuMjQiLz4KICAgICAgPGxpbmUgY2xhc3M9ImNscy0xIiB4MT0iNDkuNDkiIHkxPSIyLjc0IiB4Mj0iNDkuNDkiLz4KICAgICAgPGxpbmUgY2xhc3M9ImNscy00IiB4MT0iNDAuODgiIHkxPSIxNi45OCIgeDI9IjQwLjg4IiB5Mj0iMTQuMjQiLz4KICAgICAgPGxpbmUgY2xhc3M9ImNscy00IiB4MT0iMzIuMzMiIHkxPSIxNi45OCIgeDI9IjMyLjMzIiB5Mj0iMTQuMjQiLz4KICAgICAgPGxpbmUgY2xhc3M9ImNscy00IiB4MT0iMjMuNzkiIHkxPSIxNi45OCIgeDI9IjIzLjc5IiB5Mj0iMTQuMjQiLz4KICAgICAgPGxpbmUgY2xhc3M9ImNscy00IiB4MT0iMjAuNTkiIHkxPSIyLjc0IiB4Mj0iMjAuNTkiLz4KICAgICAgPGxpbmUgY2xhc3M9ImNscy00IiB4MT0iMjkuMTMiIHkxPSIyLjc0IiB4Mj0iMjkuMTMiLz4KICAgICAgPGxpbmUgY2xhc3M9ImNscy00IiB4MT0iMzcuMTYiIHkxPSIyLjc0IiB4Mj0iMzcuMTYiLz4KICAgICAgPGxpbmUgY2xhc3M9ImNscy00IiB4MT0iNDUuNzEiIHkxPSIyLjc0IiB4Mj0iNDUuNzEiLz4KICAgIDwvZz4KICA8L2c+Cjwvc3ZnPg==\" alt=\"S\u0131cakl\u0131k\" width=\"100\" title=\"\"><\/div>\n<div class=\"temp-values\">\n<div>-35 \u062f\u0631\u062c\u0629 \u0645\u0626\u0648\u064a\u0629 \/ +100 \u062f\u0631\u062c\u0629 \u0645\u0626\u0648\u064a\u0629<\/div>\n<div>-31 \u062f\u0631\u062c\u0629 \u0641\u0647\u0631\u0646\u0647\u0627\u064a\u062a \/ +212 \u062f\u0631\u062c\u0629 \u0641\u0647\u0631\u0646\u0647\u0627\u064a\u062a<\/div>\n<\/div>\n<\/div>\n<div class=\"marking-section\">\n<div class=\"detail-row\">\n<div class=\"detail-label\">\u0648\u0636\u0639 \u0627\u0644\u0639\u0644\u0627\u0645\u0627\u062a<\/div>\n<div class=\"detail-value\">: \u0634\u0631\u064a\u0637 \u0646\u0642\u0644 \u0623\u0648 \u0634\u0631\u064a\u0637 \u0646\u0642\u0644 \u0623\u0648 \u0645\u0646\u0642\u0648\u0634<\/div>\n<\/div>\n<p><img decoding=\"async\" class=\"marking-image\" src=\"data:image\/png;base64,iVBORw0KGgoAAAANSUhEUgAABf0AAAAwCAYAAACrFNDUAAAACXBIWXMAACE3AAAhNwEzWJ96AAAgAElEQVR4nO2dT2xb173nv3ILvGx0PasJUF04KV6bCQmkBYqnkIsYr2hMLuK2E4hcOGO0kLhwXlJA0sKO82BJM89\/gDg28CQNGtdeyEIC1V5QhvHykgVlBynsBVkXA0yDR3mcAm2NywLpany1cRcTzeLyd3h4ef+RvPwnfT+AYEu8vDz3nMtzzv2e3\/n+xv7+uef\/BwghhBBCCCGEEEIIIYQQMup8\/k0A\/33QpSCEEEIIIYQQQgghhBBCSPccGHQBCCGEEEIIIYQQQgghhBASDxT9CSGEEEIIIYQQQgghhJA9wje7ebNpmpgwzbjKEgs1y4JlWQCARDIJwzDUa5VyeVDFipVfHN4ddBEI2ZfYT4GPHowNuhiEEEIIIYQQQgghhPjSseifyWZx8fKlJlF9GFhdXsHq8jIAYGFpEal0Wr32nee\/PahixcbrL+3i7Ve+HnQxCNmXfHCfm6MIIYQQQgghhBBCyHDTsYI1XZgZOsF\/rzP+DPDuEQr+hAyC2hPgQ0b5E0IIIYQQQgghhJAhh2GrI8TPJ3cx\/sygS0HI\/uSDewew83TQpSCEEEIIIYQQQgghJJiuPP11tkolbFe34zpdx+wV3343EwdBWx9CBsSDx2O4\/QWj\/AkhpFtS6fSenauR6Jj1nGCSh4uQINhvtA\/rjBBChp9EMomFpcVBFyMS58+ew3a12vL3XD6PqXxuACVqn+PH3mj526iXP4zYRP+3TrwZ16mIB6dp60PIwPjlPQr+hBDSLal0Ghs3b+BWsYh3Tp4adHHIgDAMA1euXQUA\/OS1owMuDRl22G+0z\/uXL+FINoufvnaUC2uEEDLEGIbRlId0mPGzd58wzZG5Bi9GvfxhxCb6d0sqnY6loivl8p6Lapg8tItXX9gddDF6zsOvxrDzt\/Djxv8OePHZ1vqoPQE+ezSGnb85Au1\/+c\/R623nKXD3yzH85Um09+48BR7+1Tl28lD3x0n5\/\/JkDN86uIuJg5GKTfrA7S\/G8ODx6Ij+0o\/WLMv3Qc8wDCSSSQDAdrUK27Z9j7Ft23NF349MNqvOHdQfm6aJCdMMLGcimYRhGE1ljFIuv3NH+cyox0rZoiDlD3pP0PV41YMbafeg8S+uttHvn6C67LSNvc5zJJuFYRiwbRt3SqVIIob+PsBph61SKbAcYey1+UVUpC0Bpw6kvtrpHwzDwPuXLwEAjmSzMM0V1Y5h878o9d5OmfT23q9tOkimCwXVh8zOz2N1eTnS+6K0cZQxIsoYqKPf\/35EOU+ndHK\/6tcYxLDf\/0H9hn5MJptVbVSzLGyVSqHjZRhhdRNl3GinfhPJJFLptDqnbduolMuB\/Zlci36\/p9JpTOXzAICLly91FBVICCFk73KrWAQANVaMGrZt41axqMbNUaPf5R8q0X92fq7r86wuD\/8Etl3ePbL3BX8AeO9ONHF18tAu1o8318ntL8Zw5t\/dKSrG8OKzu1jNfR0ooj\/8agzTv3b7tTvvvXB013OB4eFfxzC94XzehR9\/jddf8m4j\/bj\/+Of\/F3hdF+8cwN1HY\/Xr486OYWDnqePlP0rMzs8hlU4HRsRlsllcrD9Ef+f5bwceY9s2fvC974d+rmEY2Lh5wyUyzKFSLuOtE2+2PHxP5fOYnZ\/D6vKKr+CzsLSIVDqN48feUP16IpnExs0bqJTLvg+yfueWv2+VSqG7065cu4pEMulbPilbFKT8Ye\/xqyuvenCzcfMGAO\/2jLttZufnMF0owLZt\/DQgSrfTNtbJ5fPqXtXfE3ROOWa6UGj5u23bOH3yVIv4H7U9\/b4vex1pS8CpA6mvoO+hm+lCQYlyq8vNwp3cv37I5Hh1ecVXyNPb8IevHA5cGNKP3a9tOkhWl5eRyWaQSCYxOz+HW8VipIW82fk5ZLJZAP7tlkqnceXaVWxXq767CKYLBXU\/\/+S1o7BDFon0+z+I9bW1wHu0EwzDwMeffgIA9e9btGccGSvDqFkWzp8957sgOmiC+g2gMVdxi+9n7EVcOHsOm3VhQydKvQDhfUOUccO2bawur2B9bc33mEQyiV9du+q7sFQpl7G6vOI5Rsq16H1xpVzG+toapgsFpNJp5PJ5z3oghBCy\/1hfW8P5s+cAjG6EuzzLGYaBz+\/fixyINyz0u\/yjpWbtQ15\/yVt0Jg28BX+Hh1+NYWbjG74JWL0F\/\/DXdOIShe8+chY8HjweY8LYIeGj3x1A7cmgS9EelXIFQHAkWyKZqB\/rLx6k0ikA0aIFvUVlOU9a2TgMCxkt+tsL0zQjRUjGTSqdbhG4uyXutkkkk0pMX1+73lPbAC\/BX5CFB+\/X5n1fE1uR2fn52MpJwjEMA9OFGQANQar99xewcfNGpInxmRHxRt3PyAMngMhBP3ruML8+WsauoChsGQOdc0bfyRaG3KNxovdlq8srsZ4bcB74r1y7itwQRvuF9RuJZBJXrl31bGfDMHDx8iW1SDQoDMPAwtKir1+zLM4E7SQReyO\/cc0LffEpjqA6Qgghe49e7VDsFyx\/NIYm0p+0Mv4M8O4+9PKfPLSLl5\/zf\/1bBxuLILUnwHt3GqL7zyYdW57aE+CjB2N4+NUYak+AX94\/4FmX791pCOyvvrCL\/1qP2P\/owZgS3898cgCrOf92qD1xFh78ov2jIIK\/+v3L7s5Huqf2BPjwwejY+giOkD+HCdNUNghuGlYwFd\/zHNEelDPZbKAwols1OA\/m1wE4D5qybW3YIs0y2axveY5EEAluFTeb6s80JzCVz6NmWdgsbjYdW3MJ405Ua81VHifqVSx44hKi4m4bES62q9XIlhydYBiGEm5t28b62nVUymWk0mlMF2ZgGIaKENbvcV0kqllWU2So\/l6\/qFavtiEN3P1J1MnqVD6vhLkg4dLr+2OaE8qmSUS+sN0FmWyWSSyHHLEYS6XT9fY9F3o\/yfgGAEmfflJf8E6l057f9aTWJ7aLVx9hGOPqHnd2L0S3LApC78+2q9WO72evxHvOeJNR9XVmaXGoxmggvN\/QxeytUgm3ipuwbRvThRkl9i8sLfr298492DwPkjHCPW6H4VU+mRc45y1gq7TV0oa\/0hYtKuUybhU31Zhlmiam8rlI9n1uZNycnZ9TkZzsDwkhhMi4JGPP8WNvIJPNtLWwPGgWlhbrz7Ep9YwobgejQL\/LH5vo\/\/Gnn7S1UiHbHf2EDb\/M0GG0O0kbZn4+uYvxZwZdiv7z8nPA269EW+z47FFDtNdtdiYBvPrdXUz\/+gAefjWG21+M4RevoKk+H37VsBN6\/aVdXPhx4zNffWEXs5uO3c7dR87CQZBF0Af3DuD1l4Lte8KuQ+fBnyn6D5oP7oXv8hhG9Ic6L8FDj9z3ewB0R0hmsplAASNXz3bvtvqolMsqyny6MDNUgsKRbMa3PHI9QbjfKx66lmWFij2bxc2Wul9fW1Pb+8IWWdohzrYRIRVojtLtBfpujLdOvKnqq1IuY6tUwseffgLDMDCVzzdFf2Y07\/\/jx95o2okg702l077169U2pIFui7VdreJ0xKSach\/WLCuwfv2+P6a5oiy3Uuk0MtlsqB3JwtIik8QOOetr15WHedBCrNA8vqU8j9d3AKTSKc8xsJGfwn\/h2w+\/PmKzuKlseHL5XCyiv94PyoJtJ3gtGEjk\/JVrV9XnDJswHNZviLBfs6ymvknGt1Q6jYn6zj2vPr9SrjS1k2maaiGh3Xrwa+9qdVstlufyuabzJpJJdS962Q5W4Mw1JF9Bu\/OC9bU1dT3uzyaEELI\/kd2zQMMOs1Iuj5ToP1Efr2uWhePLzvPt6jKwcXM0RP9+lz82ex95EIv6k8lmfbc6Ao0Jars\/vbQa6CcTB6ML3\/sZiZCfPLTbIpI7OyWcv+kJdYXPvmz87rUL4LT2N7co70ai\/TtFFh9+NumU9+6Xoxdhvpd48Hisq\/YcNLr\/vRv9b34PgCLsipgaZJOgJzh0R7rZtq3E4XYS3\/YDP4ufQVn7SIJaoGFP0S1xto1YFABOpGuvxYMj2QwARwhxf5aekNddV3qyWa\/5wHa12ra1DHE4ffKUagvbtj3zQXihf6eudyhcWnXfcSFTvz+CSCSTQ2lZQhpslUoqWOdIhDYFGnY8fpZlOmFjYJzWPtvVqkqMN2GaMEMS\/0ZBBFtnB0xvFs31xYRhipAL6zf0dnTvDgKc3XhC1LmHfv1bpa3IZQ1ifW1N3ePu+tV\/D9oBtVUqdTRuSS4UINoORkIIIfsLGYcG8ewbB\/p8axSvoV\/l7zjSPw7\/oWDP6c4uumZZe0L4P70PbX06QcRyPzugyUO7Tcfqv\/\/2z41jvHZUTBx0FgN2\/jaGbwVE+U8e2sWDx2MdR\/uLBRHgfN7tL5wcBO7ykv7xy3ujK\/gDTvSas8DaKh5H2SYuglqlXGla0PWKrNV9aL3OKQnoAPjaDQ0Kr8jSQT4Yx20rE2fbSDJFfbGgl4hIo3t469wpbSGTzfoKa37vI52xvrbWdH+cPnkq8ndZn+t1s1hUKZdRsyxMaItZXmxXqyqaWxJ3D1O\/0yskT4Vum5PL5zBuGKiUKy1WWLl8HkeyGezYNirliq+oLP0\/4EQzyw6bTDZTX4BrtiwxTRPThRkkkkn1uUHz8kq5jKl8PrLgXCmXkUgmI4n+XufU\/xan6A809+ETptnV80gun\/ddtO03pmniSDaLZDKBCdNEpVxR95nf8WIfIO0f9X4TwvqNMCE\/qO5l15t7d7g+Z4pzYdvy6bf0a4j7XhQq5UqT9VSvPocQQsjocfHyJWUj95PXjmK7WsXC0uJIRf3\/26efoGZZMAwDP\/je9wEAV65dHapAhiD6Uf6ORf\/V5RW1JbcXBO0CCGJ1eaWnPsP9YPKQ40tPohMkjoso78eLz\/qf14m8D26LXxzexfTGWMfe\/g8eN8oJAC8f2lW2QhT9+8\/tL8YC75dRQHyPvQWPVP0Yb1sD2eIv5xEv2Ew24yn6h1kFAf7b3geFbdswDMPT4kfsBLar1b5HDBjGeKzni6ttdMuDC2fDfbfjIGxxSgQdvzYKs6Qi7dGplz\/QSJpq23bXgpOIZ0ETYbGPvHLtKiZME9OFwr64F+Q7urrs9GNT2i6HTDaLmcIMjh97A7ZttzxMTOXzmNZe10ml0+rcW6VSUzJlJ09GQc29c\/k8ziwtNr0+Oz+H0ydP+Yq87YqS+oKe245GxretUklZv7iPkftx2IOEpupjkW3boVZW3RAmPM\/Oz7ckgnXunTlUymXPHT8T2pixXa0qay5hqr6gEfS9DOs3mheaJlpe1+9vt7jvN67Iov92tdr3hcIolmWd4LZ8pOhPCCFEJ5VOo2ZZanzYKm2NlOhvGAaMZLIpuEUCIEeBfpS\/Y3uf7WoVP\/je9\/Gd57\/d1g\/9BMMRSxrSH4wu8ybo1kIf3Gv\/KyU2MrLQI0K\/LAaQ\/rHztLM2HDbcD3k6YUKwHC8PvXKc38AzTJY9UREbHbfFj9gJOCJLPFv72yGjCQ5xEFfbnNGS9w5TXgYvatpiwChNWHvJxs0b+MOf\/hhp8phKp\/GHP\/0RGzdvxPb50uf0U2zSbaGmCzOxWK10Sr\/rP5PNNAn+woRp4uLlS76JwpwEtHMtf9d5\/\/Ilz35ldn6uRfDXObO06NsGuvAepc9ye6Lr6Enq\/cYuSeJb7cH9qIvP3eQY03dXrK9d75kALQnRATSN93o5gu6JsNeBRtJ4Hd12xo8o\/YZuXaN\/huw2Afyt3rw+T0+oGydy7wctPly8fKknAkW73y9CCCGDZ7tabRozKuWymgu489y4f9+uVpvGTvfv+rlk7B+v51YyDAO5fK7lPZ3g9TntlNF9\/fK7+1xy\/UfqO8BN00Qmm2k5x34rv05siXxJPLz+0i5efHZ\/i\/61\/wvfSOtvHdwNTKg7KN4+7NjytBvtv\/PUsfcBgMlDzt9+9MIu3rvTsP0Zxuvdq3z0uwPKamnUEXsHx2Kh4fHfsE3xHsgbOwHK6jjbtpXn3DBHRkbFsmoqkl+3+JEovzs9jKoEvKPTpwszXSWX7BWSgwdwRMNOLJpMc6Jvi0ZbpRLO2IsqB8FMYaYuAFciRVEG7e5g0EJnSBvHNXGNyvmz51TC59n5ObwTMenwqJNIJrFVKmF1eQU1y0Imm1VivIjJt4pFZRkzlc8r4XYqnw+075owTZw+eQpbpZKK5pb+4eLlSyrXg0Tai+Dr7KzKevqSuxepw75nlmWp3VrJejS4XLd+Tul3dMuWbpP4BpFIJtViS7e7CESwBpwx+Q9\/+qPK+7K6vNL2uXP1rfvN5U0gqSWS9bLsqpTL+MlrRzE7P4f1teuqbUzTVNH704UC1teu+5YpkUxidXlFCfRT+Txs2w69hij9xuryCo7URYqPP\/1Ey\/WSVmNVVDu6Zjuh+O4NscZzztuaTFksywzDwMbNG6hZFrZKJWxXt2PLVSfzwbjyBRFCCOkd62trauz6+NNPsLq8gq1SCYZh4PP79\/CT147Ctm3k6vO3f3zlMABnZ14qnVIWdu9fvgQAav67cfMG1teuq3P9r9\/\/bxw\/9oZ6Jv74008ANMZ+OYdXIEkYMheUz\/nhK4dh2zYy2azaWepXxkq5onYC\/ub+Pawur2CzWFTXr59rYWlR1cd0oYDP798D0Oz+8pv79wJtQfdi+d0MrejveEC27288yg\/lTuJZevnf\/sI\/ieovDu\/2PMHx9EZrpPeLzwa3zcRBZ8Hm9hfteftLwt7xZ6AWeyYOOj+1J04CYUnuS3pL7Qnw4YPRtvXR0X39RWhxR\/F7IQKO\/tBbKZeRyWZ9RZtRZLO4iYWlZJPFj1j7bJW2emrtE5bEvpdWDu0ikxkAysu73XtgKp\/vaMLYCbZt48LZc7hYL7fYu0wXCrBtG+tr11v86XWC2uY7z3+7J2XuBWELdPrrYceK+NZptLF8l+LOWRGGJFaV+2+zuNm3OeIg679mWXjrxJvq981iscVuRV8AWV1ehmlOKIudIOH9wtlzqr+0q1WcPnkKqfsNq09ZEABQFy6r6gEmk83ENn5sV6tqUVuQ8U3sYCpl57uvHxNHEl8vAd0wxpv6uG48+J0Ir0ZuGfks6X+PZLP46WtH2xKDg\/rf7WoVb5140\/d88rqOZVnKQgtw6tXv\/c4CU8PGJ6rVVpR+w7IsnD55SpUj48rJs7q8ErmddUG8kzFYcmroyPdKL4+bfzrxZpNlloxZgpN8\/vrQ77IjhBASD7a9o\/3fboo239F+t1wBBo5FT8Mq1j1+1upBE3Iu+Zv+r\/v\/nc7d3Z+j\/xt0\/ppluV5vXKP7+qVu3NfSeg1W26J5N+XX5x2DKr+boRX9+\/lwNiz8fNI7oSzpL967DMKF906i\/T97VLf2+W7zsT96YRcfPXC85Sn694cP7h3AztNBlyI+vHz9JSoyKPmeDCr6Q2+lXEEmm21aQBh1bhWLWFhaVFsZxU9a\/JP77ecPeIsrg2S6MAPDMFTUaiqdxkxhZujvgc26J6LbVkIivjPZjIpg2YtItM5WqYQ7pS0lJpmmiUShgJl6FLFEBp1ZWkSyHh2uT14z2ayyignyZB9mzp89pyKBZ+fncPxY7+eVg65\/L9uarVJJ8+VvtS7bLG5GWphzn1u2KIvY6hZLrfqW5bhtS2RRu1n0b96lJv\/quQLiSCodVk+Vcrmr74o7mbw8pMu1xr1zJZFM4uLlS57e\/EHobS27S7yo9jCpupTdj4WlRRU5H0Yj4KGz+yLM5shvh8Z2tYqfvnYU04UZZLLZlgd7ucZUOrVvdisRQsh+Zrowo3aBpdJpLCwZWF1ewVQ+Vw\/imMd2taqec+R32TUuuY9k16AIyGKFJ+cCnF2a62vXMV2YQaVcxna1iql8Hrl8pekc7bKwtNj0OVeuXcWt4iZm5+cwYZot53eXUeY9+vUn6rsT9XPp1z87P6d2Fc7OzzWdo9\/lB9BV+acLM12V383Qiv77jYmD6HkE+6gweWgXLz\/n\/9qw0km0\/2\/rCwyTzzVf1+QhR\/S\/+2jvRJ4PMw8e++8uGVVkldkwDBVJqvsde+GXPFV+d0fRjTIi7jvCWhbjdWGu19Y+QPNOtkQyoep12IRoESvfOXkKZn3i6Ux08m2JWpVy2feey9UnsHGzVSqpbZmSiFrE34YlReviRae7DIcJ+R7LvS24xTFdCDUMoym6VPcUB+CZ9HoUkN0d4mPf7r3bCYOu\/20PkTWufApe59mubvd9bJBFbaBhCeQe3yTiXx6YnP8HL3x3g9xr3SaN1iPOz58917RT78q1qyrivx0B+PixNzyvOZPNKi\/5jZs3fMcgqcNO7Nh6mcvjV\/X6ABxRXc\/jICL8xcuXUHmlHLig0StrH8ARAs6fPRe48GDVjzl\/9pzKLZRKp5oWtqbyeVhWbV8kJSeEkP2MYRhNc8ZEMql2tAGti8zu393zTf13w3UumavWLEsFo1TKlaZjOsFd5rA5cVAZw84l13+rWFRzo4Wlxa6uYdTL7yZQ9Hc\/dMRB1GRqXttno+CIC96Tea+tl1FxhIDe+dGepq2P4uXnBrsA8h\/\/3BDrP7h\/AL+8F10Mdkf7B\/nxP3g8piLL3ZH+L2uLG3cfjakkv6Q3tNPGo4Jb8EC57OsrKxzJZuqvNz\/0ih1QmPXDqHGntFW3LcqosakfCXz1nWy6lUM\/BMl2kYSoFUBFN0zlc22K\/hVfoSKVTvVE9BdkccdZADiHjZs36rkcvK1G9sIuw\/W1tbqXe2OhQ5CoV92D+6evHcWRbBa5fK5lh4tEqw\/bfdkOq8vLanFpdn6u5\/ZZrP\/eowvJiWQSNcvyTMLaGAOdXWq6xV2nnD97zvP9cfUbetJXvY+qlMu4VSyqxaE4xuKtUgn2CVv1i+4xyDAMXLl2tScJZrtFIuaAZu9boJF8b6Gey0LP3eOFfn2d9g\/i76sj87B2ECsAKUcun1diQi6fo+hPCCGEkLYIFf3Dtiv2ik79f1eX\/Sfe3VxLXMmUvJg8tEtRd4\/gjva\/8GP\/xQs9ij\/9r9\/wPe4ziv495fYXY76Jo0edSrmsBA+Jcgvy85cH39n5Od\/+UrLJC536fAsJLRGjm6BF4iD7HdOciPTZW6USLuJS02p7v\/305eE+k82Giul6UmYdv3rqtm3EH19YXV5RUaG9XvyRRaa4zyk+1MMoYsWJLHQsLNlNEeTvnDzV0m5WXVy8Uyrh3+qJbwGn\/4jDbkqE16jfyyi0e2+fP3sOV65dbfHL7hXDVP97EX1RO5lMYEfzR9VF1kq5gql8HslkEmY9WSrgvRsiKk6+gN71fQ0v+9Znjkq5Evv9q1+LezxeWFocWF8Z1m\/o4\/Ytj3FzfW1N5WgJmmc453ICHjoR6YVe3RObxSJS6RSm8vmeLpATQgjZf8iieS6fx8bNG8reZ5SQ3YzvX76kctGN0jX0o\/ytGUv7SC+3fI4S7x6hoNstQaJtmKD72z939pofbx92hP7aE+D27\/0\/+7OI1j17VZAeBnaeOl7+exWJ2Bfh3\/mb94Np1K37bgFA+vEgYWDj5g0VSegm6DODHnA7fZ+ORIELg0qge6u4CcCpw6CFDr9r9rvebtvGvcNtq1RSYqskPe4VYWWX8rY7j+h2IWSUSKXTSiCU7\/37ly\/53kcX66\/JwqD+\/m6QOo9DsOq03WXHCtDIVdFrhqX+hx2972lHOJV7IGh8k98nTLPJK38UdvN43eO97r\/c44DUWaVcxg++93185\/lvN\/30knb6jbCgrKAgAbF8A4b3vujWcq5xffFaFxFCCBltZPeYs8DszDv7MUeOC93lRfJTjZLg36\/yD0zt2q5WmZAITlT4i89S9O8U8fi\/+8j7dT2a3p0P4MVnnX8f\/nXMM4HrzlPnNQC+OQa8kGh\/AL4+8bUnzo9Tjl1MHvL+kWMffkXhvxd89LsDqh32IjKI6Elgwvz8JTGj14+cSxem9ezyXr7OTgJgJzJcP1YXdb0mF\/q5dPFD\/7\/X54kFkftYP+5odj53+mDt44UupnslTJLrkGhEN\/J39\/V22jaCbe+4fnc8qwEnAiGqXV8nSHl0f2sd+buX2BM0WZXX9oP4L9Eit4pFvHXiTZUUzGsXTy6fV9+bt068idXlFQDOrp9u21kXZ7tB7yu87tcwztd3regiXy8ZlvofdvTra+d7qS9q+4malmWpe0USKNu23VO7zm6ROvC6R3txL+j9pbv+5bVbxc2+95nt9Bte9eK21fKjl37+UYgirhjGeFfn30\/jHiGEkOiI\/fmoBpnIc6xhGD0PSOsF\/Sp\/oL3PrWKxZ1EP7vPG9Vn6xO782XOxrVT1YlfC+DPAu\/Ty74pXX9jFg8djePiVk4hVxHagHsV93xHLx59pFf0lWe7OU+C9O61WPO\/dOaAWA3703fYWZt498jXufvkNz8UEoDnKf7Pgfw+k\/9U5x2dfjnFxKGZqT4APH+ztxRTdAiEskk2E46BEhL+5fw8T9YSuVn07vYgqImaJly7gPGyKwKX\/3V2OhaXFpkVg\/X1uOyL9mtyfJ+fy+gw\/xOJH\/j8oxKt5Kp9X4qQglg5ensuJZFJFBHjZhnTSNmHllPdNF2ZayhoXYsvhlXzVSczrLGK4F2qmCwXk8jkcP\/aG5zXJospe32lomiZs28a4beP82XOw6\/9e0RJf6kgi69XlFWU3Iz74413Oo8RKRU8q3i7uJFib9d0x7ZWjilvFYl8igIap\/ocdfWGvne9l1eXrD3j3+ZVyuckaZVijuQVJ7iw7v\/Tvy5T2QBhXH9Y8Zg5PJHhYv6Ff\/5mlxRYrLF3AqAbYOen3350+zwEkkfLpk6d85x\/6GN\/JYqe+qLHXxz1CCCHhiKVPIpnExs0bA7Nz7waxxBFbolGj3+UPFP0lmVA\/6MVnDfvk5ueTuxh\/ZtClGG1ef2kXv7zvCPxn\/v0AHvx5FxP\/yXnt9u\/HVBT3zydbBfNXX3B2WciCQe3JAbz6gtMmt3\/f8HmfPNT+bozxZ5zP9EsQK+cO8+p\/9XX\/MZQAAAf6SURBVLtOfoC7j4C3X2mrCCSED+4d8F2U2UuIrz\/g7+evR74GCd8inqTSqSYR9vradSwsLarJgwhyM4WZpkR7OrZtKwFOBBkRHETsArzFvfW167h4+RISySQ+\/vQTdUwqnVIPuHr0fBC2beN0fcFhkFFwm8VNtaXSLXJvlUpKvHc89VOwrBoMYxxT+bwSEb3qqpO2CcKyrKZ2W11e6Um9bRaLOFNPwui0dQK2vQPDGFdijtueSRYyDMPA5\/fv1YMJKrBtG2Y9AbHcH7d8ROOcdowXo5JE0bIsHD\/2BhLJpGqfrVIJb5140\/M7Lsln9dfeOXkKOzFEResi65Fs1jOBsmCapoo6EhLJRNNOFX3nUbucP3uuJbluLxim+h92MpqFTDu45\/h+fuzV6jammt7nLQAnkkklgPsl6+2UXD6vBHuvhK86t4qbqg\/auHlD9bF6\/9XOQq3z+d79mj7W2rbdInpLbpXpwkxLbrNeRwWG9RtSB5Ko98q1q7hT2oJt28hkM02Le0Fivtx\/tT4+8wJOXyeWXleuXcV2tYqt0pa6bue6mpOBtzNWC\/oOwWFf8CKEENJ7ZCzYrlZVoMGo0bDEKapk96NEv8sfKPqT3jFxEPjZPzDKv1tkt8SZf3ecqrzsdF58dte3ri8c3cX0r51o\/wePWxO6OufvLML+Z\/\/wNT580Brtv\/O0YTvk3n3gZvI5R\/R\/+JVTRi4SxYMs9OwH9MR\/\/lH+zkNvWBI7ib52fH4bkfkSlSo7ChaWmrfj++3kWl1eUQ+0Etmos12tegqEm8UipgszSCSTnnYZ7gS0YQQlz+0XMvFKJJM4ks20lEmihAHv5D7ra2uebddp2wRxfe26WmyYLhR6JoSfPnlKXbOXwHShHkEtiGill83rfdvVqm+bh0WBj4roDzSsunSCFvXcr8Uleuo7TnL5XKDo72d\/o5epm+S2YlHVj6imYan\/YUb6cADY6sBerVIuNwnhfscE\/S7o1nBxLwrJDrkouMc3r4fBdndYRdndcuHsuRbRW74riWQSn9+\/19ZndktYvyEL9jJGZLJZTxs72T3jhWmaA9sBYlmWGq8A3abKu2+6VSx2NFeRvAyD3MlICCFkeJidn8PqcrP976ixsLSIrdLWSFr6AP0vf6Dor0+G9jtxR4C8ffhrCrgx4Vj6fN1kxyNMHtrF\/8z51\/WLz+5i\/b99jdnNVm\/3iYPAau7rjm11\/KL9f\/tYzzMQfA59UeDul832RaRz3ruzPwR\/oPlB1i\/CMSzJr\/tcsjNAF6WOH3sDV65dbZk83CoWffO3SDTsr65dbRlrKuVyoLjn93k1y8I\/nXhzJKNjN4ubWFhKIpPNttgZbJVKOH3ylIp+11lfWwsUgTppmyC2q1UltuXyuZ4J4X7XLIs6XgLIOydPoVrdVhH\/fuck\/WWzuKnEw1Q63bbAVrMsbBY3Y7nXVpeXmyKcyeCY0XKYdGKtUilXQvPVyA436Q9GIdrZr88WoTvOBaGaZeH82XOeovDq8jJMc8Jz0aAfVllh\/YbsnrnokSDbtm2sLq8ELjIO2s\/\/nZOn1DX6CS+yUNlJ35fTdgIOKmcRIYSQ4SKVTmPj5miK\/YJfYNeo0O\/yj\/39c8\/7qoiz8\/Mj6fHUC8T7Kg4mD+1i\/Tij\/N08\/GoMO38DvnVwFxMH23\/\/zlNHUP8\/fx3D+N\/tYvIQ2hLs9Uh\/PZGu32dJkt92j6s9Af7yJFqkv5QL6LxeSDN3H41hdnNgOcwHgp7Y1ssSIJFMwjCMSIubUc6VyWZVlGtUcSKTzTZZDEV9n3yelCkomk0WsqNcZzvHAo2FkKDdElLPUWyWgo7JZLOYqHuG3ymVIi9wRG2bKNeuBwX4lTXKecLqBGi+ZrFAiWJtoe8eqVlWiz2FVznCGAXBcBgxTVNFClfK5RaLk6BIo6jfQWnDsB1LUp5R8XiPin6ve9VX0OtBfU9YXYW97tcu+j3R6QJklH5IL4NfGYHodRD0OVHK2c795h7f2rH1iZKwOup3y6zvVJBxR8YPv3sqylgWhbB+Q0fv76PWVbftGuW+ioqURa5Bvi9h53UfryN5mGqWhX985XBX5SOEENIbdHvBYcfP\/lC3MRx2vOYSo17+EP6Fon9E4hT9149\/HUnsJYTET\/aDb7Ts6iCEENJb3r98SUUG+3nbk\/3Dxs0bSrD84SuHR3J3Fuk97Dc6Q3+GP33y1FDYGBJCCCGk7\/zL\/gp3HQJefyk4gpwQ0js+uN9q40QIIaT3nNdyMHjZcZD9w3ShoAT\/9bU1Cv7EF\/Yb7ZNIJpXgH5TDhhBCCCF7n0BP\/0q5jNXRyVnXU+La\/j353G5LslhCSH\/48AG\/e4QQMgj0xJt3Ilo0kb2JWK\/s1H3XCfGD\/Ub71CwL29UqEslkR7ZZhBBCCNk7BNr7EEIIIYQQEhe5fJ6Rp6TJ852QMNhvtIdhGEil07RDIoQQQvY3wZ7+hBBCCCGEEEIIIYQQQggZGejpTwghhBBCCCGEEEIIIYTsFSj6E0IIIYQQQgghhBBCCCF7hG8C+HzQhSCEEEIIIYQQQgghhBBCSNf8adAFIIQQQgghhBBCCCGEEEIIIYQQQgghhBBCCCGEEEIIIYQQQgghhBBCCCGEEEIIIYQQQgghhBBCCCGEEEIIIYQQQgghhBBCCCGEEEIIIYQQQgghhBBCCCGEEEIIIYQQQgghhBBCCCGEEEIIIYQQQgghhBBCCCGEEDJa\/H\/UBZg0gCu2hgAAAABJRU5ErkJggg==\" alt=\"Markalama G\u00f6rseli\" title=\"\"><\/p>\n<\/div>\n<div>\n<table style=\"width: 100%;\" cellspacing=\"0\" cellpadding=\"0\">\n<tbody>\n<tr>\n<td style=\"width: 120px; font-weight: bold;\">\u0646\u0648\u0631\u0645<\/td>\n<td style=\"width: 400px; text-align: left;\">ISO 1307<\/td>\n<td style=\"width: 120px; font-weight: bold;\">\u0644\u0648\u0646<\/td>\n<td style=\"width: 400px;\">\n<div class=\"color-icons\"><img decoding=\"async\" src=\"data:image\/svg+xml;base64,PHN2ZyB2aWV3Qm94PSIwIDAgMTAwIDEwMCIgeG1sbnM9Imh0dHA6Ly93d3cudzMub3JnLzIwMDAvc3ZnIj4KICA8Y2lyY2xlIGN4PSI1MCIgY3k9IjUwIiByPSI0OSIgZmlsbD0iIzAwMDAwMCIgc3Ryb2tlPSJibGFjayIgc3Ryb2tlLXdpZHRoPSIwLjUiLz4KICA8Y2lyY2xlIGN4PSI1MCIgY3k9IjUwIiByPSIzOCIgZmlsbD0id2hpdGUiIHN0cm9rZT0iYmxhY2siIHN0cm9rZS13aWR0aD0iMC41Ii8+CiAgPGNpcmNsZSBjeD0iNTAiIGN5PSI1MCIgcj0iMzMiIGZpbGw9IiMwMDAwMDAiIHN0cm9rZT0iYmxhY2siIHN0cm9rZS13aWR0aD0iMC41Ii8+CiAgPGNpcmNsZSBjeD0iNTAiIGN5PSI1MCIgcj0iMjIiIGZpbGw9IndoaXRlIiBzdHJva2U9ImJsYWNrIiBzdHJva2Utd2lkdGg9IjAuNSIvPgo8L3N2Zz4=\" alt=\"\" title=\"\"><\/div>\n<\/td>\n<\/tr>\n<\/tbody>\n<\/table>\n<\/div>\n<\/div>\n<\/div>","protected":false},"excerpt":{"rendered":"<p>&nbsp; \u00dcr\u00fcn Ad\u0131: FOGNA \u00dcr\u00fcn Kodu: FVH145 Vidanj\u00f6r Vakum Hortumu Kullanim Alan\u0131 : Kanalizasyon sistemlerinin emilmesi ve temizlenmesi i\u00e7in. Alt Katman : Ya\u011fa ve A\u015f\u0131nmaya Dayan\u0131kl\u0131 Siyah Antistatik NBR. Takviye Katman\u0131 : Y\u00fcksek Mukavemetli Sentetik Tekstil ve \u00c7elik Tel Spiral. \u00dcst Katman : Ya\u011f, A\u015f\u0131nma, Oksijen ve Hava Ko\u015fullar\u0131na Dayan\u0131kl\u0131 Antistatik CR ve Man\u015fetli U\u00e7lar. [&#8230;]\n","protected":false},"featured_media":22185,"comment_status":"open","ping_status":"closed","template":"","meta":{"jetpack_post_was_ever_published":false},"product_brand":[],"product_cat":[2353],"product_tag":[],"class_list":{"0":"post-21261","1":"product","2":"type-product","3":"status-publish","4":"has-post-thumbnail","6":"product_cat-sel_kanal_hortumlari","8":"first","9":"instock","10":"taxable","11":"shipping-taxable","12":"product-type-simple"},"jetpack-related-posts":[],"jetpack_sharing_enabled":true,"jetpack_likes_enabled":true,"_links":{"self":[{"href":"https:\/\/tuzlahortum.com.tr\/ar\/wp-json\/wp\/v2\/product\/21261","targetHints":{"allow":["GET"]}}],"collection":[{"href":"https:\/\/tuzlahortum.com.tr\/ar\/wp-json\/wp\/v2\/product"}],"about":[{"href":"https:\/\/tuzlahortum.com.tr\/ar\/wp-json\/wp\/v2\/types\/product"}],"replies":[{"embeddable":true,"href":"https:\/\/tuzlahortum.com.tr\/ar\/wp-json\/wp\/v2\/comments?post=21261"}],"wp:featuredmedia":[{"embeddable":true,"href":"https:\/\/tuzlahortum.com.tr\/ar\/wp-json\/wp\/v2\/media\/22185"}],"wp:attachment":[{"href":"https:\/\/tuzlahortum.com.tr\/ar\/wp-json\/wp\/v2\/media?parent=21261"}],"wp:term":[{"taxonomy":"product_brand","embeddable":true,"href":"https:\/\/tuzlahortum.com.tr\/ar\/wp-json\/wp\/v2\/product_brand?post=21261"},{"taxonomy":"product_cat","embeddable":true,"href":"https:\/\/tuzlahortum.com.tr\/ar\/wp-json\/wp\/v2\/product_cat?post=21261"},{"taxonomy":"product_tag","embeddable":true,"href":"https:\/\/tuzlahortum.com.tr\/ar\/wp-json\/wp\/v2\/product_tag?post=21261"}],"curies":[{"name":"\u062f\u0628\u0644\u064a\u0648 \u0628\u064a","href":"https:\/\/api.w.org\/{rel}","templated":true}]}}