{"id":21258,"date":"2025-08-11T10:41:39","date_gmt":"2025-08-11T07:41:39","guid":{"rendered":"https:\/\/tuzlahortum.com.tr\/urun\/accordion\/"},"modified":"2025-08-20T16:05:23","modified_gmt":"2025-08-20T13:05:23","slug":"accordion","status":"publish","type":"product","link":"https:\/\/tuzlahortum.com.tr\/ar\/product\/accordion\/","title":{"rendered":"\u0623\u0643\u0648\u0631\u062f\u064a\u0648\u0646"},"content":{"rendered":"<p>&nbsp;<\/p>\n<div class=\"report-container\">\n<div class=\"report-header\">\n<div class=\"standard-text\">\u0627\u0633\u0645 \u0627\u0644\u0645\u0646\u062a\u062c: \u0623\u0643\u0648\u0631\u062f\u064a\u0648\u0646<\/div>\n<div class=\"standard-text\">\u0631\u0645\u0632 \u0627\u0644\u0645\u0646\u062a\u062c: SH244<\/div>\n<\/div>\n<div class=\"product-image-container\">\n<div class=\"key-feature\">\u062e\u0631\u0637\u0648\u0645 \u0627\u0644\u0645\u0643\u0646\u0633\u0629 \u0627\u0644\u0643\u0647\u0631\u0628\u0627\u0626\u064a\u0629<\/div>\n<\/div>\n<div class=\"horizontal-line\"><\/div>\n<div class=\"product-details\">\n<div class=\"detail-row\">\n<div class=\"detail-label\">\u0645\u0646\u0637\u0642\u0629 \u0627\u0644\u0627\u0633\u062a\u062e\u062f\u0627\u0645<\/div>\n<div class=\"detail-value\">: \u062a\u0633\u062a\u062e\u062f\u0645 \u0641\u064a \u0622\u0644\u0627\u062a \u062a\u0646\u0638\u064a\u0641 \u0627\u0644\u0634\u0648\u0627\u0631\u0639\u060c \u0645\u0631\u0646\u0629 \u0644\u0644\u063a\u0627\u064a\u0629.<\/div>\n<\/div>\n<div class=\"detail-row\">\n<div class=\"detail-label\">\u0627\u0644\u0637\u0628\u0642\u0629 \u0627\u0644\u0633\u0641\u0644\u0649<\/div>\n<div class=\"detail-value\">: \u0645\u0637\u0627\u0637 \u0637\u0628\u064a\u0639\u064a \u0645\u0642\u0627\u0648\u0645 \u0644\u0644\u062a\u0622\u0643\u0644.<\/div>\n<\/div>\n<div class=\"detail-row\">\n<div class=\"detail-label\">\u0637\u0628\u0642\u0629 \u0627\u0644\u062a\u0639\u0632\u064a\u0632<\/div>\n<div class=\"detail-value\">: \u0645\u0637\u0627\u0637 \u0635\u0646\u0627\u0639\u064a \u062e\u0627\u0635.<\/div>\n<\/div>\n<div class=\"detail-row\">\n<div class=\"detail-label\">\u0627\u0644\u0637\u0628\u0642\u0629 \u0627\u0644\u0639\u0644\u064a\u0627<\/div>\n<div class=\"detail-value\">: \u0645\u0637\u0627\u0637 \u0635\u0646\u0627\u0639\u064a \u062e\u0627\u0635 \u0645\u0642\u0627\u0648\u0645 \u0644\u0644\u062a\u0622\u0643\u0644 \u0648\u0627\u0644\u0623\u0648\u0632\u0648\u0646 \u0648\u0627\u0644\u0639\u0648\u0627\u0645\u0644 \u0627\u0644\u062c\u0648\u064a\u0629<\/div>\n<\/div>\n<\/div>\n<div class=\"datasheet_table\"><img decoding=\"async\" class=\"alignnone size-full\" src=\"https:\/\/tuzlahortum.com.tr\/wp-content\/uploads\/2025\/08\/datasheet185.svg\" alt=\"\" title=\"\"><\/div>\n<div class=\"table-notes\">\u0645\u0644\u0627\u062d\u0638\u0627\u062a \u0627\u0644\u0637\u0644\u0628: \u062d\u062f\u062f \u0628\u0648\u0636\u0648\u062d \u0637\u0648\u0644 \u0627\u0644\u062e\u0631\u0637\u0648\u0645 \u0648\u0627\u0644\u062a\u062c\u0647\u064a\u0632\u0627\u062a.<\/div>\n<div class=\"horizontal-line\"><\/div>\n<div class=\"footer\">\n<div class=\"standards-section\">\n<div class=\"standard-item\" style=\"margin-top: 9px;\"><\/div>\n<div class=\"standard-info\"><\/div>\n<\/div>\n<div class=\"temperature-section\">\n<div class=\"temp-icon\"><img decoding=\"async\" src=\"data:image\/svg+xml;base64,PD94bWwgdmVyc2lvbj0iMS4wIiBlbmNvZGluZz0iVVRGLTgiPz4KPHN2ZyBpZD0ia2F0bWFuXzIiIGRhdGEtbmFtZT0ia2F0bWFuIDIiIHhtbG5zPSJodHRwOi8vd3d3LnczLm9yZy8yMDAwL3N2ZyIgdmlld0JveD0iMCAwIDcyLjI3IDE2Ljk4Ij4KICA8ZGVmcz4KICAgIDxzdHlsZT4KICAgICAgLmNscy0xIHsKICAgICAgICBzdHJva2Utd2lkdGg6IC41OXB4OwogICAgICB9CgogICAgICAuY2xzLTEsIC5jbHMtMiwgLmNscy0zLCAuY2xzLTQgewogICAgICAgIGZpbGw6IG5vbmU7CiAgICAgICAgc3Ryb2tlLW1pdGVybGltaXQ6IDMuODY7CiAgICAgIH0KCiAgICAgIC5jbHMtMSwgLmNscy0zLCAuY2xzLTQgewogICAgICAgIHN0cm9rZTogI2E3YTlhYjsKICAgICAgfQoKICAgICAgLmNscy01IHsKICAgICAgICBmaWxsOiAjYTdhOWFiOwogICAgICB9CgogICAgICAuY2xzLTIgewogICAgICAgIHN0cm9rZTogI2ZmZjsKICAgICAgfQoKICAgICAgLmNscy0zIHsKICAgICAgICBzdHJva2Utd2lkdGg6IDIuMDZweDsKICAgICAgfQoKICAgICAgLmNscy00IHsKICAgICAgICBzdHJva2Utd2lkdGg6IC4ycHg7CiAgICAgIH0KICAgIDwvc3R5bGU+CiAgPC9kZWZzPgogIDxnIGlkPSJrYXRtYW5fMSIgZGF0YS1uYW1lPSJrYXRtYW4gMSI+CiAgICA8Zz4KICAgICAgPHBhdGggY2xhc3M9ImNscy0zIiBkPSJNMTEuMzQsMTEuNTdjLS45NCwxLjcxLTIuNzEsMi42Ni00LjgsMi42Ni0zLjA1LDAtNS41MS0yLjQ3LTUuNTEtNS41MlMzLjUsMy4xOSw2LjU1LDMuMTljMS45NCwwLDMuNjUsMSw0LjYzLDIuNTIiLz4KICAgICAgPGNpcmNsZSBjbGFzcz0iY2xzLTUiIGN4PSI2LjU1IiBjeT0iOC42NiIgcj0iMi40Ii8+CiAgICAgIDxjaXJjbGUgY2xhc3M9ImNscy0yIiBjeD0iNi41NSIgY3k9IjguNjYiIHI9IjIuNCIvPgogICAgICA8bGluZSBjbGFzcz0iY2xzLTMiIHgxPSI2OC4zNCIgeTE9IjExLjc2IiB4Mj0iOS45MiIgeTI9IjExLjc2Ii8+CiAgICAgIDxsaW5lIGNsYXNzPSJjbHMtMyIgeDE9IjY4Ljc4IiB5MT0iNS41MSIgeDI9IjkuNzMiIHkyPSI1LjUxIi8+CiAgICAgIDxsaW5lIGNsYXNzPSJjbHMtMyIgeDE9IjU0LjA3IiB5MT0iOC43NSIgeDI9IjguNjQiIHkyPSI4Ljc1Ii8+CiAgICAgIDxwYXRoIGNsYXNzPSJjbHMtMyIgZD0iTTY4LjE1LDUuNTVjMS43MSwwLDMuMDksMS4zOSwzLjA5LDMuMDlzLTEuOTIsMy4wNi0zLjYyLDMuMDYiLz4KICAgICAgPHBhdGggY2xhc3M9ImNscy01IiBkPSJNNTMuOTEsOC43NWMwLS4xNC4xMi0uMjYuMjYtLjI2cy4yNy4xMi4yNy4yNi0uMTIuMjctLjI3LjI3LS4yNi0uMTItLjI2LS4yN1oiLz4KICAgICAgPHBhdGggY2xhc3M9ImNscy0zIiBkPSJNNTMuOTEsOC43NWMwLS4xNC4xMi0uMjYuMjYtLjI2cy4yNy4xMi4yNy4yNi0uMTIuMjctLjI3LjI3LS4yNi0uMTItLjI2LS4yN1oiLz4KICAgICAgPGxpbmUgY2xhc3M9ImNscy0xIiB4MT0iMzYuNDMiIHkxPSIxNi45OCIgeDI9IjM2LjQzIiB5Mj0iMTQuMjQiLz4KICAgICAgPGxpbmUgY2xhc3M9ImNscy0xIiB4MT0iMjguMDUiIHkxPSIxNi45OCIgeDI9IjI4LjA1IiB5Mj0iMTQuMjQiLz4KICAgICAgPGxpbmUgY2xhc3M9ImNscy0xIiB4MT0iMTkuNTkiIHkxPSIxNi45OCIgeDI9IjE5LjU5IiB5Mj0iMTQuMjQiLz4KICAgICAgPGxpbmUgY2xhc3M9ImNscy0xIiB4MT0iNDEuNTciIHkxPSIyLjc0IiB4Mj0iNDEuNTciLz4KICAgICAgPGxpbmUgY2xhc3M9ImNscy0xIiB4MT0iMzMuMjgiIHkxPSIyLjc0IiB4Mj0iMzMuMjgiLz4KICAgICAgPGxpbmUgY2xhc3M9ImNscy0xIiB4MT0iMjQuOTkiIHkxPSIyLjc0IiB4Mj0iMjQuOTkiLz4KICAgICAgPGxpbmUgY2xhc3M9ImNscy0xIiB4MT0iMTYuMDgiIHkxPSIyLjc0IiB4Mj0iMTYuMDgiLz4KICAgICAgPGxpbmUgY2xhc3M9ImNscy0xIiB4MT0iNDQuNjMiIHkxPSIxNi45OCIgeDI9IjQ0LjYzIiB5Mj0iMTQuMjQiLz4KICAgICAgPGxpbmUgY2xhc3M9ImNscy0xIiB4MT0iNDkuNDkiIHkxPSIyLjc0IiB4Mj0iNDkuNDkiLz4KICAgICAgPGxpbmUgY2xhc3M9ImNscy00IiB4MT0iNDAuODgiIHkxPSIxNi45OCIgeDI9IjQwLjg4IiB5Mj0iMTQuMjQiLz4KICAgICAgPGxpbmUgY2xhc3M9ImNscy00IiB4MT0iMzIuMzMiIHkxPSIxNi45OCIgeDI9IjMyLjMzIiB5Mj0iMTQuMjQiLz4KICAgICAgPGxpbmUgY2xhc3M9ImNscy00IiB4MT0iMjMuNzkiIHkxPSIxNi45OCIgeDI9IjIzLjc5IiB5Mj0iMTQuMjQiLz4KICAgICAgPGxpbmUgY2xhc3M9ImNscy00IiB4MT0iMjAuNTkiIHkxPSIyLjc0IiB4Mj0iMjAuNTkiLz4KICAgICAgPGxpbmUgY2xhc3M9ImNscy00IiB4MT0iMjkuMTMiIHkxPSIyLjc0IiB4Mj0iMjkuMTMiLz4KICAgICAgPGxpbmUgY2xhc3M9ImNscy00IiB4MT0iMzcuMTYiIHkxPSIyLjc0IiB4Mj0iMzcuMTYiLz4KICAgICAgPGxpbmUgY2xhc3M9ImNscy00IiB4MT0iNDUuNzEiIHkxPSIyLjc0IiB4Mj0iNDUuNzEiLz4KICAgIDwvZz4KICA8L2c+Cjwvc3ZnPg==\" alt=\"S\u0131cakl\u0131k\" width=\"100\" title=\"\"><\/div>\n<div class=\"temp-values\">\n<div>-25 \u062f\u0631\u062c\u0629 \u0645\u0626\u0648\u064a\u0629 \/ +70 \u062f\u0631\u062c\u0629 \u0645\u0626\u0648\u064a\u0629<\/div>\n<div>-13 \u062f\u0631\u062c\u0629 \u0641\u0647\u0631\u0646\u0647\u0627\u064a\u062a \/ +158 \u062f\u0631\u062c\u0629 \u0641\u0647\u0631\u0646\u0647\u0627\u064a\u062a<\/div>\n<\/div>\n<\/div>\n<div class=\"marking-section\">\n<div class=\"detail-row\">\n<div class=\"detail-label\">\u0648\u0636\u0639 \u0627\u0644\u0639\u0644\u0627\u0645\u0627\u062a<\/div>\n<div class=\"detail-value\">: \u0634\u0631\u064a\u0637 \u0646\u0642\u0644 \u0623\u0648 \u0634\u0631\u064a\u0637 \u0646\u0642\u0644 \u0623\u0648 \u0645\u0646\u0642\u0648\u0634<\/div>\n<\/div>\n<p><img decoding=\"async\" class=\"marking-image\" src=\"data:image\/png;base64,iVBORw0KGgoAAAANSUhEUgAABf0AAAAoCAYAAABEkVAiAAAACXBIWXMAACE3AAAhNwEzWJ96AAAdKElEQVR4nO3dTWgbaZoH8P8YY4xbKUJous2oYHpoX6TDJuxFgvSwzRApwwy9B0sHp32IrUP39DYoZsjHIbZhbOfgJDSOoSckB1k5eJODpMM23YylwPbSCUiXIZlD6eJmhqUEnqYJodoTjAnePUhvuapUVfqwIqnk\/w+ajqX6eOtV2ZKe93mf92fv\/+K9\/wYREREREREREREREXndg2EAH\/a6FUREREREREREREREdGT\/M9TrFhARERERERERERERUWcw6E9ERERERERERERENCCGj7JzIBhEJBrtVFs6olQsolQsAgBi8Tj8sqw\/t7621qtmdYzkO8DqtR8h+Q563RSiY0fbHcJnC+\/0uhlERERERERERESO2g76x+JxrN6+1cm2dMT6GvSg\/2Q8hlA4bHjO+0H\/mZiGyNlXvW4G0bF0bfXtXjeBiIiIiIiIiIjIVdvlfSbjsU62g5ogj7\/GTEzrdTOIjqXy9giyW75eN4OIiIiIiIiIiMgVa\/p7SPLiS5b1IeqRlT+d6nUTiIiIiIiIiIiIGjpSTX+jdCoFTfvpyMepqCpUVT3S\/oModGYPk+d3e90MomOp8HQMpWejvW4GEREREREREQ2AUDiMzUcPe92MpkxPXdBLqRsl5+aQnLvUgxa1buK9X9Y95vX2N9KxoP\/K0nKnDkU2khdf9roJRMfWjS+Z5U9ERERERERERN7QsaD\/UcXi8Y6sE5DLZJHNZDrQov4RO7+L0Om9XjfDVWVnGNktHyTfQUvrDpSejyL3Zx\/Uf1RvxcD7+5iNafCPv3bdT9sdQm7Lh8LTMQCA9NYBIh+8amo2hPWc8ruvMfkb5z4uPR91zfKWx1\/j3NlXjqWX1h+cdNw3dGbP9bXNbfmg7gy7bmftCwCInK32RaM2Rc6+QmBi3\/H8YrvY+d2Gr8mgWn9wEupO3\/ypbCgUDiMWj8EvywCqs58K+QIK+by+jSRJmEkkAIhZWubfWfF8qVi0Hc2PxePwy7Lp+eTcXMO2VVTV9PdZHKcR4yLsoXDYtEC7kaZpyGUyddfzJtrndi7B2M+5TMZxFpu4Jk3TkE6lXLdxek2c9jHeC27vj6J\/nBa8l2UZk\/F4XR810y7Rj9Y+cHrczkwiAUmSGm7bzDEbXaskSZiMxxGJRgCI+yLbsN9lWcZMYhaBYBBA9R55XPvd69Q9SURERERE1I7q980NSNIJ\/Xuq15QVBYV8AYFgAJFotNfNaVm32983kSy\/LDsGclpRKpY60Jr+IfkOPJHlv5GVkM5KAOAabDbKbflwdfVt02OlZ6PIbfkw\/\/kLxwC+tjuE6T+Mo7w9Ynq88HQM2S0f7i794Hh+23MCyG75kLz40ravS89GXQP3QDXwf3fpB9sAuuu+D4DAxD5uXv3Rdt\/slg+lZ6NI4qVt0N+pL0rPRpHd8jkeV7Sp9HwUm1\/sODZPbBc6s3csg\/7a7pB+X3vBzdu3MBmP1z0+GY+jVCzi2uUrUFUVmqbpU9jsgrWBYBDJuUso5AO2gU4R2FxZ0gxB\/8ZT4krFoimAORmPNfV33xr0dztXcu4SpqcuoKwodY93un1O5xI0TcNMYhaSJLkG9GcSs4hEoyjk8w23KRVDmJ5qHPSPxeNYvX3L9FgoHMZMYhbTUxfqgtCif5wC4X5ZRnLuUl0fiddjfQ2OQXHRj6Vi0RSIF49L0gnX2YKyLGN+cQEA6o7R7LmavVZJkrD56KEeuD88bhzpVMqxnXb9DQCRaBRJ9RKuXr5S1z\/t3JNERERERETtSKc29O9Afln2ZNB8ZWlZ\/171l78+hyR5J14DdL\/9XMi3z800kfXeD0rPDzPhHxsyzp0Uno7VBd8FbXcIK1+eqgtkC3ZBbr0dz0YdS7G4nROoBrgLTbTdjrozjM8W32lr3\/L2CKb\/MI5KG9nkbn1R3h7B1ZvO1wtU+8v42pHZjS9PQdv1xp\/J6myp+oC\/EAqHcff+Pf1n8UZjDW4aHwvaPGd83inY3UsiaNuNN39JknDTJtBrJPo5FA45biP62W3QWgw+VIPk7tcWiUZtA9BA9bVzeq5XGn3YPNfFD6N2AX9hJpGwbassy6596pflrt2TREREREREdiTphP5vuYkZ9\/1IfKeSJMmT36+63f6OZfqLTEbqHHn8dUulcnqlsjNsCjwXnow1LLNjDMwbs\/rTWQnrD05WA\/9\/OlWXhZ7b8unnMmbIl56P6gMF2S2fbbmea4aAv\/GcuS0fVmrtubb6NiL\/9b+2bQ5M7GP+8xd1j6czEgpPx6DuDCO35XO89vnPX5iy7kUWeenZKLTdIaw\/OInVaz\/ad5iNdFay7QsR7C9vj6C8PYJ0VnK9j9YfnHTN9j+uxL3kFSJruKwoptFjWZZxfXEBkWjUlKUsFj2XZX\/dsYLBAIBqsNL6t90YELXL7J6euuDYRqf3iJWl5ZYHEHKZDLKZrOkxkXUuyrPYZc13qn2xeAyT8TgCwaCepW+nVCwhEo06DqDIsqyX33HKlLcG+kPhsOP5AOhZ8Zqm4cbSMrKZDGRZxt379\/T2imz4fuCXZQSCQcd7INaB0n\/NiNVeTwAo5PO4sbQMVVURi8dxfXEBkiRhfnGhru\/F756xv4HD8k7VmRB3HO+vdu5JIiIiIiKiVswkEggEg5AkCWVFwUe\/\/R1mEgn9+6MXrN6+hRllFrIs49rlKyjk85hfXHBNgOwn3W5\/x4L+f\/nr85a2r6iq7XR3wWll6OMkefFlU2Vyek2vq+87gLY71DBzXATIgWog3BiQFuV11h+cROnZKMrbI6ZA+Uat1Io8\/hqbX+zo\/RM6vYfNL3bw4cdyNZiekUxB\/8LTMT1j23pO8e+VWla3U+Be8h3YltgJnd7Dhx\/LUHeGXQc8AhP7dftHzr7CZwvv6KWJkhdfNj2zQwSkrX0RmNjH5hc7+PdPfg51Z7hh0F9k+\/f7uhHdtvIn7yzeGwgG9cDx1ctXTMFTVVXx2Sef1krDHP5NVZQyJuGe6S\/+bdxPZAQ4BWjb+btdVpSW91PVSt0+pWIRsuzX67HbBf071b5SsYhQOFwrTRdyCfpX9\/PLMmRZris5IzL4NU1z7FPjNpIkIRKNOJ7PeC8YA9CqqmJ66gK++uZr+GUZsXisr95jY\/EYVpbqr1+uDQh0w7laDf+youCzTz7VH8\/W1gfYfPRQL0Vo7DsxE2F97Y6pFI+maVhfW0OpWHQd1Oqn14GIiIiIiAaX+G4pvu+kUylPBf0lSUIoHDatfZbNZD0T9O92+3tWt8Ivyw3LIhxnoTN7TS1K2w\/EIrdikELbHXItkyO2d1r0dyam6QFs43G03SE9s924jWA8nvX84pxOsydmYhrkWrBdcSiX40YEzLV\/tv4rZZw9oHzf3LmNfWE3OGRcC0LdGW5YoqbRmgXHTeHpmOvizf1GZIFXVNUxuGgNEovtmgn62z3XaOHVXinkCwDQkTViGp+r2qduQemyoujZ2vZ9XZ1V4Rb4FQvKrq\/dAeB+beI5uwVgq0HoxsfoBacSP90s7SPakE5t1D1XKhb12THWvhO\/f49dBn6YsU9ERERERP1CfM+KRKOuCWj9ym9IDotEI6ioqv59zQu61f62M\/078QXW71JDKtbkAo9WdotSepEXFu8VRIA9dHoPkbOv9MVnI2df2W5f\/v6wJI0dyXeAzS92oP1zCPK7r+v2c9t3JqYhdKY+Y10\/5\/v2+4nn1J1h03maJbLznerrN9pXDJaUt0cc+83I1BcO12R8vPz9iG0mf+z8rv56Mdv\/kNO6EP2ulb\/L4k1d1JIT+1r\/7opSP4IIUpeV8lGa+sZ0M7iqaT81tV2pWKyV1KmfESD626mevyRJ+oeBdCqF5Nwlx1kDYnsAUFwGf9Sp\/vsw5FTip1ulfYzlk9z6biaRsC2JBbAUDxERERERecP84oKe4f+v\/3IamqZ5rtTPV998DaAa2\/i3D34FALh7\/55nFijuRvvbDvqvr93RpyW8Ce1ObVhf8\/5U+dj5+nr0\/cpY2icwsY\/QmT1kt3x4\/HTMtv69kds1OgX1G+3rVIKnmeMGJvbbXshXlDRq1G63c7ebWe50zmbaMvmbXSjfV2v\/s7Z\/1fqDk3r5Ka8JBIOOwWArTdNQUVU92Gpd2DeXyeg1643kBvXnjxOn4K+VqOtv934Z0Bfxte9P8YYvnn+cz2MyHse5aNS2fJFYMNhpUEbTtL577cR9aC3xI0r7iMyTNzk7wXifO2W5iEEep4SFSDRaN7uCiIiIiIioX1VUVU9e8lq2v2Bsd1kpeyboL7zJ9rdd3qesKJieuoCJ937Z0n\/9FmzoR17K8n\/8pBokF9npIuCu7gyj4tHAaasqO8OH5YPeba4efz8RgzMi2\/84E4sre43xTeLu\/XtNB0dVm3IlQb3cTAkVVXUs79OvU+e61T5JkvQpkU5Z+oJ1QEUw9rtzPf+Q6Rzi\/+LxQSBmP1g\/3Ij+dSqb0y\/Ea3d9cQExj9SSJCIiIiKi\/pNOpfTvR6I8q\/i+USoWkU6l9CC99edcJoOcIQnJ+LP1WBVV1Uu\/JufmEAqHkZy7VHeMVlnPU1YUrK\/dabqN6VRK\/\/5s\/dl6LHH9oXAYsXgckWhUX9uv3diz19tvdTyish7SykKu\/UAEiUVJHf\/4awQm9lHeHkHh6ZjrArJeU9kZtq19n6stqAtUM+e9JnR6D6Ezeyg9Gz322f7rD042XP+gH2maZsrM33z0EBVVRalYRCFfcFlktoRQOGzKWBeBaUVRoCiKaeFS44KyTrMJknNzto\/b1ZgX3Mq5ra+t2V+0DUmSkJy7BMA5c75T7YvFY3pJGKf+FURdfzE7TrTtsLSP8xu6dRvrvoOgkC9gMh6vK\/EjSvsU8gXMJGZbOma7JQLbkU5tYPX2LUiShNXbt3B9cQGlYhGPa797jcr+tHNPEhERERHRYEmnUlhZWgZQLf2yvnYHhXwe6VQK3z75DtNTFwBUv8cn5y7pP5eVMs5FI7h6+QqAw7Kj4lgnJAm5TFY\/1l\/++hzTUxegqipymQy+ffIdgEso5POmY8wkEi1fw7XLV+rOI2ZuT8Zjjm0EAEUp67PZjdcPoO5Y84sLputfra0Zu7K0bDqG2\/p7g9h+q74N+ucyGahqpeX9vDyTwGlh235V3h7Ry6AYS+qETu8NZNBfdQj6C5GzrzxTlskqefElpp+NH+va\/pWdYU9m+QsrS8sIBIP6m4JfljEZj2MyHkdFVbGytOy4mK+xXInYv6wo+tQyUf5HlPZxm\/Yngu5WpWLRMYDpVs7NKehfDeqas90DwaAeiM9msl1pXy6TaWoa5GFdf2PQ35zFbxUIBuGXZVNJHrW2wI9xMGYQiLJFosSPsbRPtZZ+a0H\/dksEtiObySAUDunnlCSplqURxXVtAenUhuvgVTv3JBERERERDRbjmnHGxCFN0\/BTg0Qit+d\/0jT9eNb\/d5rT8Tt9DWx\/c\/o26J\/NZAcmmNGs+c9fQPId9LoZTRP17wMT+6bZCZEPXiGdlVB6Ngptd8hT19SumZjmqbJMVsz2B67efLvXTTgSTdMwPXUBk\/E4ItGIKcvZL8u4e\/8epqcumP6uWsv72GeVX9JL\/vibCPp3i1+WHWur5zKZrrx\/pFMpfUpkI2IAxThQ0aiev9NMgFKxqL\/Og\/I+uZHaqF1TFCtLy54p7SNcvXwFpWIJ52q\/e2LwyTj7pJVZK0REREREdLzMJGYhSSf0GeIiESoUDsEvy9h89BClYgmxeEz\/jl9RVUzG4\/r3D2uGviRJmIzHEQqHkc1k9e+jm48eopAv6OVkykoZM4lZ3Lx9C5qmtZ1EdfP2LdN57t6\/Z2qzaKOxzaKN56JRBIIBfQb46u1bCKTcr7+slGuJY9WM+9nELGTZD0mS2sqS93r7rfo26H\/cBCb2MXneW6VhRNDfmhVu\/Ln0fFSv9+91gYl90+LE6YyEwtMxSL4DJC++9PzgxnHO9i89H217IeV+ImrGielgoiaceMOeX1zAR7\/9nb69MXgvPlAYHxf\/F483WiQWgD5Fza5tTlaWljsykFBRVWykNmwXuO1U+0StQwCmenyNiAEU0ZfGWQnOQX\/7mQClYkn\/4DYoyopiWljaWNqnHW731Oajh2230002k9Ez88U1iA+DyblLpnqbRu3ck0RERERENFgkSTIF7P2ybJoVHAqHTd8BrWuiWQP1bscSVQLKiqIHnDVNw9379450DY3a7NZG6\/UbE6jsjiVmVxtjILLsb6ss0aC038o16G9tUCfIDpmZVu3W4y0Viy3Xcm5GtdzQm1sY0hhM9gJtdwjl7REAgDz+um4BWFHX\/\/GTsYEJ+ku+A1MgXHrrAIWnY9B2h\/D46ZjnBm2sjnO2\/7VVb2f5Oynk8yjk81CUMuYXF\/RAszGYKGr1+2XZtIgvUH3TNy7mK\/5+u\/0tbCfzvKwoLe+3vnanrczpo7avrCi1DIzqaL7bAIPdecWIfTP1\/I0f4uzeD+1eTy+rlvFJIDl3yVTapx3t3FOdVP3wrCCbyeKrb74GUH0N7a5nUGZrEBERERGRd5QVBZIk6d8pRVKal5Rr6xAKTtUA+pW1\/Z1+DRoG\/Z1qzb5p7U4lWV9zW8Cx\/WspFYtvLOjvxVrwj2tZ\/gCw8uUpx+0KT8ew6vBcZaf9iSaVneG2Fjx2W6S11QVcAxP7+uDG+oOTRwr6H2XxWKcSSu0c05rtfxyks5K+NsWgSqdSmF9cAAC9Pr9QVhR9gNeufI9xMV\/x\/HEOUmqaptefn03MNh30Bw4HWELhcN0Ai5Ux4C9eO6ftjHXfK7X3KUk60XS7jJzWCWg0tdC6vkIr+wrZTBYziYR+7d28zyqG9\/dODqSIwYdQOIxAMNj2IAYREREREVGniNK\/oXAYX33zNVRV9dRMck3T8OEHv4KmaUjOzemJVp0oidMN3Wp\/+5HGDjjOgSMjr2X5A0DhyVjjjWCeESBIb1UD1Mr3I3a7AAA++uTnmPj1e6YBBbGf276Fp2OY+PV7mPj1e6agt9jXLZAtnjOep5HZ2kLF6s5w20FyYx81WyLI2Ean8xofb\/aaRLY\/ANdFiweFtjt0LK7TjVgwXZb9CIXD0DTNNMApSvmIhVT7oZ5\/r22kNgBAHwxplgjwB4OBhpn+bkF0t+3E6+nUrkg0iu2\/\/w3bf\/+b7fNOmQWy7Hdth9N+InOkGaLEj\/C4zdI+7TDe804ftBotvExEREREROQF4nt9qVhs+XttP6ioqp6oVSoW9XJFXtGt9vcs6F\/I5\/HZJ5\/26vR9I3nxZVsZ670mAsqRs6+QvPjS9j+5dl3ZLZ9pXxFULm+P1A0IiGOLx8W2QDWzXgTFc3\/21e0HVLO2rdtaz2k3w6CyM2x7zkbOnX3VsE2N5Az90+yMD+P1PXYYgBGPS74DBCb2m26PWJB4EGrcN7L+4OSRZln0E7c3aWNZtYplxpJ4sxcLp1qD+iIoHay9Ab3JMmdeYQxOi9rzzRB92cysCfF6FvL5Wikj83+5Wnb\/OUsdR+M6DHbl9CLRiO15xc\/i+fr9RPa9dX2BYoPzReu2dWPMhO92VrzoO7vXVCymBdT\/DjX6gCz6xbofERERERFRN5WKRVRUFfOLCwiFw7h5+1avm9QSTdP0gYqZRAKhcNh1Zny\/6Xb7XWta5DKZN5KNX1HVusBRp85l\/FK9srTcsXpIbyK7VfIdYCbmvVrMpeejeqA0efGlY0C5sjMMdcdXl4keOftKz+C\/evNtbH6xowewKzvDen11yXdQtx5A5OwrZLd8KDwdQ27LZyqps\/7gpB6ojllK7RjP+fvFd0zn1HaH8PvFd0zbNku0MbvlQ3bL1\/IgTuHpmJ5pLo+\/bik4bzxv6MyeqS9ytcfFdq0Ind5D7Pxu3WDNoKnsDOuDRF4XiUZx9\/49rCwt25abuV57E7Fm8QPmWvPVn81BXfG377D0j\/MivsfJRmoD84sLmIzHsbK03FQ5GNHXjQL+xkWV19fu2L7\/iDUFxBoBxkwNUY\/x7v17mJ66oLctFo\/rpfNymazpeIV8AaFwGJPxOErFkqlk0M3bt\/Q2WwPxbucLBIP6vddsAF+U+Cnk811fq6CQLyAQDNb1gSRJWDV8GDZeiyzLuHv\/Hh7n87b3wUwiofedwlkyRERERETUIyJeIEkSvn3yXdtl1XtpeuqCXqJ489HDXjenZd1uv2vQX7UJzr8pb+Jc\/V6GYv7zF02Xc+knorRPoyD1uQ+qQWmRXS+C4f7x13pQubw9gg8\/lhE5+wra7lDdgIJV8uJLPRh9dfVtbGQlhE7vmWYHyOOv6+rr251TtL28PaKfM3Z+t+WZFzMxTW+TCPzbWfnylOn1rg6KHP4KXm+xzJNdX0i+g7qSSk7tafbYg+rqzcFZvFesVzK\/uIDZxGxtDZIKJOkEItGoHnRM18rSWFVU1baeP3C4mG+z9fzd3riqi5su1z0+v7jgGuCdnrrges5WtNM+O4\/zeX1EvtUFfQ9L+9iXiTFmlDu9j2mahrKi6IsCi+00TUMuk8FMIoFAMIivvvm6brpgRVVNQX2gOvCenLukB7hnErPQNA2yLJvuDbv2pFMb+uK73z75Tt\/GmAFvHWRwUlYUTE9d6ElWfLXfZvU+mKxl\/Bv7IJfJmO5V46LO56JRlIpFfWAsEo3ofV593P617NQ9SURERERE5ER8xxLf8SUPlcMRxDX0e7zXSbfbP9irV\/axwMT+kRZ+7SWxiG+jUjTG50vPRzE5fni91z9\/AeX7ET3gbg0wx87v2s6C8I+\/xs1rP+JqbTaAtUSQ5DvA3aUfbAdTrOe0lq8JTOy3HHgX+4kFfdNZyTHIblfKSJj\/\/EXLGfl2fWF189qPbZWPMg6SDKLS89GBKl909fIVbD56CEmS4Jdl2xH7sqI4BqbFYr1iO7fnGwVj26kF2M3ae52qVaiqKgr5PCLRKGLxWAtB\/1LDev7nHErw1B+rGsyPRCOm86+v3dEXjrXeD5qm4fc2pfU0TcONpWU9o936mmiahquXr9i2I51K6QFuYxkcIZfJtFSqp1fr\/aiqauoD63XYBeCNfS1JEiLRqKmkEVDtO7fAvdfqZxIRERERkfeIZEGv1b83Wr19C+nUhr7moNd0u\/2uQf9QOMwvozWlYrGjgQgvLt4LmLPTG9W+F7Xky9sjKDwZMw1ySL4DbH6xgxtfnjIFlkXJI7fs9MnzuzjhO8CNL0+ZMuVDZ\/Yw\/x8vHGcfOJ0TqA4yXD\/CzIvZmIarq29D2x2qKzvkRPIdIHR6DzNxrela\/lZOfSGPv8b1NgYSjAY521+UkBoUZUXBhx\/8CvOLCzgXjZrKmonM7\/W1O47Z9GWljEg0alt6zfi8XXmg4+xxvoBINKp\/aGpmtL76PlL9sOW0faOZAIfHKul1AI00TcP01AW9\/JBQUVX8\/pNPHc+brWWxzy8u6IM8os0rS8uusw7szqdpGtKpDayvrbleRz9x6oNcJmNbvkfTNHz0298hOTeHWDxm2geolgK6sbTM3xsiIiIiIuqpQDCIu\/fv9boZR2KXZOUl3W7\/z97\/xXv\/5\/Rkcm5OHwk67qqLJ3YmcBE5+wp3l3\/oyLEGRen5KKS3WltwFqgNQvxjGIH391sO2Iu1BtoNuPcb0Rfyu689uTh0t6Szkr6+w6ASWceiBAwdX6Lmv9OAjhNxD7W6nzgf0LuM\/U4RfVBWlKbXFzCWAvL69RMRERER0ZsjO8zS70e5TMb2e6GXksXtYrpeb38Df2TQv0mdDPr\/z3+qDMoS9YC2O4QPP5b1NRyIiIiIiIiIiIgGzB8Z+eqy5MWXDPgT9cj6g5MM+BMRERERERER0UBzremfy2Q4Pb2m0eKVzdJ2h7D+4GRHjkVErUlnpcYbEREREREREREReZhreR8iIiIiIiIiIiIiIvIMlvchIiIiIiIiIiIiIhoUDPoTEREREREREREREQ0IBv2JiIiIiIiIiIiIiAbEMIA\/9roRRERERERERERERER0ZN\/+P6Hz5MkxOCLaAAAAAElFTkSuQmCC\" alt=\"Markalama G\u00f6rseli\" title=\"\"><\/p>\n<\/div>\n<div>\n<table style=\"width: 100%;\" cellspacing=\"0\" cellpadding=\"0\">\n<tbody>\n<tr>\n<td style=\"width: 120px; font-weight: bold;\">\u0646\u0648\u0631\u0645<\/td>\n<td style=\"width: 400px; text-align: left;\">ISO 1307<\/td>\n<td style=\"width: 120px; font-weight: bold;\">\u0644\u0648\u0646<\/td>\n<td style=\"width: 400px;\">\n<div class=\"color-icons\"><img decoding=\"async\" src=\"data:image\/svg+xml;base64,PHN2ZyB2aWV3Qm94PSIwIDAgMTAwIDEwMCIgeG1sbnM9Imh0dHA6Ly93d3cudzMub3JnLzIwMDAvc3ZnIj4KICA8Y2lyY2xlIGN4PSI1MCIgY3k9IjUwIiByPSI0OSIgZmlsbD0iIzAwMDAwMCIgc3Ryb2tlPSJibGFjayIgc3Ryb2tlLXdpZHRoPSIwLjUiLz4KICA8Y2lyY2xlIGN4PSI1MCIgY3k9IjUwIiByPSIzOCIgZmlsbD0id2hpdGUiIHN0cm9rZT0iYmxhY2siIHN0cm9rZS13aWR0aD0iMC41Ii8+CiAgPGNpcmNsZSBjeD0iNTAiIGN5PSI1MCIgcj0iMzMiIGZpbGw9IiMwMDAwMDAiIHN0cm9rZT0iYmxhY2siIHN0cm9rZS13aWR0aD0iMC41Ii8+CiAgPGNpcmNsZSBjeD0iNTAiIGN5PSI1MCIgcj0iMjIiIGZpbGw9IndoaXRlIiBzdHJva2U9ImJsYWNrIiBzdHJva2Utd2lkdGg9IjAuNSIvPgo8L3N2Zz4=\" alt=\"\" title=\"\"><\/div>\n<\/td>\n<\/tr>\n<\/tbody>\n<\/table>\n<\/div>\n<\/div>\n<\/div>","protected":false},"excerpt":{"rendered":"<p>&nbsp; \u00dcr\u00fcn Ad\u0131: ACCORDION \u00dcr\u00fcn Kodu: SH244 S\u00fcp\u00fcrge Hortumu Kullanim Alan\u0131 : Sokak Temizleme Makinelerinde Kullan\u0131l\u0131r, Son Derece Esnektir. Alt Katman : A\u015f\u0131nmaya Dayan\u0131kl\u0131 Do\u011fal Kau\u00e7uk. Takviye Katman\u0131 : \u00d6zel Sentetik Kau\u00e7uk. \u00dcst Katman : A\u015f\u0131nma, Ozon ve Hava Ko\u015fullar\u0131na Dayan\u0131kl\u0131 \u00d6zel Sentetik Kau\u00e7uk Sipari\u015f Notlar\u0131: Hortumun ve ba\u011flant\u0131 par\u00e7alar\u0131n\u0131n uzunlu\u011funu a\u00e7\u0131k\u00e7a belirtin. -25\u00b0C \/ [&#8230;]\n","protected":false},"featured_media":22183,"comment_status":"open","ping_status":"closed","template":"","meta":{"jetpack_post_was_ever_published":false},"product_brand":[],"product_cat":[2353],"product_tag":[],"class_list":{"0":"post-21258","1":"product","2":"type-product","3":"status-publish","4":"has-post-thumbnail","6":"product_cat-sel_kanal_hortumlari","8":"first","9":"instock","10":"taxable","11":"shipping-taxable","12":"product-type-simple"},"jetpack-related-posts":[],"jetpack_sharing_enabled":true,"jetpack_likes_enabled":true,"_links":{"self":[{"href":"https:\/\/tuzlahortum.com.tr\/ar\/wp-json\/wp\/v2\/product\/21258","targetHints":{"allow":["GET"]}}],"collection":[{"href":"https:\/\/tuzlahortum.com.tr\/ar\/wp-json\/wp\/v2\/product"}],"about":[{"href":"https:\/\/tuzlahortum.com.tr\/ar\/wp-json\/wp\/v2\/types\/product"}],"replies":[{"embeddable":true,"href":"https:\/\/tuzlahortum.com.tr\/ar\/wp-json\/wp\/v2\/comments?post=21258"}],"wp:featuredmedia":[{"embeddable":true,"href":"https:\/\/tuzlahortum.com.tr\/ar\/wp-json\/wp\/v2\/media\/22183"}],"wp:attachment":[{"href":"https:\/\/tuzlahortum.com.tr\/ar\/wp-json\/wp\/v2\/media?parent=21258"}],"wp:term":[{"taxonomy":"product_brand","embeddable":true,"href":"https:\/\/tuzlahortum.com.tr\/ar\/wp-json\/wp\/v2\/product_brand?post=21258"},{"taxonomy":"product_cat","embeddable":true,"href":"https:\/\/tuzlahortum.com.tr\/ar\/wp-json\/wp\/v2\/product_cat?post=21258"},{"taxonomy":"product_tag","embeddable":true,"href":"https:\/\/tuzlahortum.com.tr\/ar\/wp-json\/wp\/v2\/product_tag?post=21258"}],"curies":[{"name":"\u062f\u0628\u0644\u064a\u0648 \u0628\u064a","href":"https:\/\/api.w.org\/{rel}","templated":true}]}}