{"id":21255,"date":"2025-08-11T10:41:19","date_gmt":"2025-08-11T07:41:19","guid":{"rendered":"https:\/\/tuzlahortum.com.tr\/urun\/swb-kuka-250\/"},"modified":"2025-08-20T16:05:24","modified_gmt":"2025-08-20T13:05:24","slug":"swb-kuka-250","status":"publish","type":"product","link":"https:\/\/tuzlahortum.com.tr\/ar\/product\/swb-kuka-250\/","title":{"rendered":"SWB KUKA - 250"},"content":{"rendered":"<p>&nbsp;<\/p>\n<div class=\"report-container\">\n<div class=\"report-header\">\n<div class=\"standard-text\">\u0627\u0633\u0645 \u0627\u0644\u0645\u0646\u062a\u062c: SWB KUKA - 250<\/div>\n<div class=\"standard-text\">\u0643\u0648\u062f \u0627\u0644\u0645\u0646\u062a\u062c: SEW31K\/250<\/div>\n<\/div>\n<div class=\"product-image-container\">\n<div class=\"key-feature\">\u062a\u0646\u0638\u064a\u0641 \u0627\u0644\u0642\u0646\u0648\u0627\u062a<\/div>\n<\/div>\n<div class=\"horizontal-line\"><\/div>\n<div class=\"product-details\">\n<div class=\"detail-row\">\n<div class=\"detail-label\">\u0645\u0646\u0637\u0642\u0629 \u0627\u0644\u0627\u0633\u062a\u062e\u062f\u0627\u0645<\/div>\n<div class=\"detail-value\">: \u0644\u062a\u0646\u0638\u064a\u0641 \u0648\u0634\u0637\u0641 \u0623\u0646\u0638\u0645\u0629 \u0627\u0644\u0635\u0631\u0641 \u0627\u0644\u0635\u062d\u064a \u0628\u0645\u064a\u0627\u0647 \u0639\u0627\u0644\u064a\u0629 \u0627\u0644\u0636\u063a\u0637.<\/div>\n<\/div>\n<div class=\"detail-row\">\n<div class=\"detail-label\">\u0627\u0644\u0637\u0628\u0642\u0629 \u0627\u0644\u0633\u0641\u0644\u0649<\/div>\n<div class=\"detail-value\">: \u0645\u0637\u0627\u0637 \u0635\u0646\u0627\u0639\u064a \u062e\u0627\u0635.<\/div>\n<\/div>\n<div class=\"detail-row\">\n<div class=\"detail-label\">\u0637\u0628\u0642\u0629 \u0627\u0644\u062a\u0639\u0632\u064a\u0632<\/div>\n<div class=\"detail-value\">: \u0634\u0628\u0643\u0629 \u0623\u0633\u0644\u0627\u0643 \u0641\u0648\u0644\u0627\u0630\u064a\u0629 \u0639\u0627\u0644\u064a\u0629 \u0627\u0644\u0634\u062f \u0623\u062d\u0627\u062f\u064a\u0629 \u0627\u0644\u0637\u0628\u0642\u0629<\/div>\n<\/div>\n<div class=\"detail-row\">\n<div class=\"detail-label\">\u0627\u0644\u0637\u0628\u0642\u0629 \u0627\u0644\u0639\u0644\u064a\u0627<\/div>\n<div class=\"detail-value\">: \u0645\u0637\u0627\u0637 \u0635\u0646\u0627\u0639\u064a \u062e\u0627\u0635 \u0645\u0642\u0627\u0648\u0645 \u0644\u0644\u0632\u064a\u062a \u0648\u0627\u0644\u062a\u0622\u0643\u0644 \u0648\u0627\u0644\u0639\u0648\u0627\u0645\u0644 \u0627\u0644\u062c\u0648\u064a\u0629<\/div>\n<\/div>\n<\/div>\n<div class=\"datasheet_table\"><img decoding=\"async\" class=\"alignnone size-full\" src=\"https:\/\/tuzlahortum.com.tr\/wp-content\/uploads\/2025\/08\/datasheet182.svg\" alt=\"\" title=\"\"><\/div>\n<div class=\"table-notes\">\u0639\u0646\u062f \u0627\u0644\u0637\u0644\u0628: \u064a\u0645\u0643\u0646 \u062a\u0631\u0643\u064a\u0628\u0647\u0627 \u0628\u062a\u062c\u0647\u064a\u0632\u0627\u062a \u0623\u0646\u062b\u0649\/\u0630\u0643\u0631 BSP.<\/div>\n<div class=\"horizontal-line\"><\/div>\n<div class=\"footer\">\n<div class=\"standards-section\">\n<div class=\"standard-item\" style=\"margin-top: 9px;\"><\/div>\n<div class=\"standard-info\"><\/div>\n<\/div>\n<div class=\"temperature-section\">\n<div class=\"temp-icon\"><img decoding=\"async\" src=\"data:image\/svg+xml;base64,PD94bWwgdmVyc2lvbj0iMS4wIiBlbmNvZGluZz0iVVRGLTgiPz4KPHN2ZyBpZD0ia2F0bWFuXzIiIGRhdGEtbmFtZT0ia2F0bWFuIDIiIHhtbG5zPSJodHRwOi8vd3d3LnczLm9yZy8yMDAwL3N2ZyIgdmlld0JveD0iMCAwIDcyLjI3IDE2Ljk4Ij4KICA8ZGVmcz4KICAgIDxzdHlsZT4KICAgICAgLmNscy0xIHsKICAgICAgICBzdHJva2Utd2lkdGg6IC41OXB4OwogICAgICB9CgogICAgICAuY2xzLTEsIC5jbHMtMiwgLmNscy0zLCAuY2xzLTQgewogICAgICAgIGZpbGw6IG5vbmU7CiAgICAgICAgc3Ryb2tlLW1pdGVybGltaXQ6IDMuODY7CiAgICAgIH0KCiAgICAgIC5jbHMtMSwgLmNscy0zLCAuY2xzLTQgewogICAgICAgIHN0cm9rZTogI2E3YTlhYjsKICAgICAgfQoKICAgICAgLmNscy01IHsKICAgICAgICBmaWxsOiAjYTdhOWFiOwogICAgICB9CgogICAgICAuY2xzLTIgewogICAgICAgIHN0cm9rZTogI2ZmZjsKICAgICAgfQoKICAgICAgLmNscy0zIHsKICAgICAgICBzdHJva2Utd2lkdGg6IDIuMDZweDsKICAgICAgfQoKICAgICAgLmNscy00IHsKICAgICAgICBzdHJva2Utd2lkdGg6IC4ycHg7CiAgICAgIH0KICAgIDwvc3R5bGU+CiAgPC9kZWZzPgogIDxnIGlkPSJrYXRtYW5fMSIgZGF0YS1uYW1lPSJrYXRtYW4gMSI+CiAgICA8Zz4KICAgICAgPHBhdGggY2xhc3M9ImNscy0zIiBkPSJNMTEuMzQsMTEuNTdjLS45NCwxLjcxLTIuNzEsMi42Ni00LjgsMi42Ni0zLjA1LDAtNS41MS0yLjQ3LTUuNTEtNS41MlMzLjUsMy4xOSw2LjU1LDMuMTljMS45NCwwLDMuNjUsMSw0LjYzLDIuNTIiLz4KICAgICAgPGNpcmNsZSBjbGFzcz0iY2xzLTUiIGN4PSI2LjU1IiBjeT0iOC42NiIgcj0iMi40Ii8+CiAgICAgIDxjaXJjbGUgY2xhc3M9ImNscy0yIiBjeD0iNi41NSIgY3k9IjguNjYiIHI9IjIuNCIvPgogICAgICA8bGluZSBjbGFzcz0iY2xzLTMiIHgxPSI2OC4zNCIgeTE9IjExLjc2IiB4Mj0iOS45MiIgeTI9IjExLjc2Ii8+CiAgICAgIDxsaW5lIGNsYXNzPSJjbHMtMyIgeDE9IjY4Ljc4IiB5MT0iNS41MSIgeDI9IjkuNzMiIHkyPSI1LjUxIi8+CiAgICAgIDxsaW5lIGNsYXNzPSJjbHMtMyIgeDE9IjU0LjA3IiB5MT0iOC43NSIgeDI9IjguNjQiIHkyPSI4Ljc1Ii8+CiAgICAgIDxwYXRoIGNsYXNzPSJjbHMtMyIgZD0iTTY4LjE1LDUuNTVjMS43MSwwLDMuMDksMS4zOSwzLjA5LDMuMDlzLTEuOTIsMy4wNi0zLjYyLDMuMDYiLz4KICAgICAgPHBhdGggY2xhc3M9ImNscy01IiBkPSJNNTMuOTEsOC43NWMwLS4xNC4xMi0uMjYuMjYtLjI2cy4yNy4xMi4yNy4yNi0uMTIuMjctLjI3LjI3LS4yNi0uMTItLjI2LS4yN1oiLz4KICAgICAgPHBhdGggY2xhc3M9ImNscy0zIiBkPSJNNTMuOTEsOC43NWMwLS4xNC4xMi0uMjYuMjYtLjI2cy4yNy4xMi4yNy4yNi0uMTIuMjctLjI3LjI3LS4yNi0uMTItLjI2LS4yN1oiLz4KICAgICAgPGxpbmUgY2xhc3M9ImNscy0xIiB4MT0iMzYuNDMiIHkxPSIxNi45OCIgeDI9IjM2LjQzIiB5Mj0iMTQuMjQiLz4KICAgICAgPGxpbmUgY2xhc3M9ImNscy0xIiB4MT0iMjguMDUiIHkxPSIxNi45OCIgeDI9IjI4LjA1IiB5Mj0iMTQuMjQiLz4KICAgICAgPGxpbmUgY2xhc3M9ImNscy0xIiB4MT0iMTkuNTkiIHkxPSIxNi45OCIgeDI9IjE5LjU5IiB5Mj0iMTQuMjQiLz4KICAgICAgPGxpbmUgY2xhc3M9ImNscy0xIiB4MT0iNDEuNTciIHkxPSIyLjc0IiB4Mj0iNDEuNTciLz4KICAgICAgPGxpbmUgY2xhc3M9ImNscy0xIiB4MT0iMzMuMjgiIHkxPSIyLjc0IiB4Mj0iMzMuMjgiLz4KICAgICAgPGxpbmUgY2xhc3M9ImNscy0xIiB4MT0iMjQuOTkiIHkxPSIyLjc0IiB4Mj0iMjQuOTkiLz4KICAgICAgPGxpbmUgY2xhc3M9ImNscy0xIiB4MT0iMTYuMDgiIHkxPSIyLjc0IiB4Mj0iMTYuMDgiLz4KICAgICAgPGxpbmUgY2xhc3M9ImNscy0xIiB4MT0iNDQuNjMiIHkxPSIxNi45OCIgeDI9IjQ0LjYzIiB5Mj0iMTQuMjQiLz4KICAgICAgPGxpbmUgY2xhc3M9ImNscy0xIiB4MT0iNDkuNDkiIHkxPSIyLjc0IiB4Mj0iNDkuNDkiLz4KICAgICAgPGxpbmUgY2xhc3M9ImNscy00IiB4MT0iNDAuODgiIHkxPSIxNi45OCIgeDI9IjQwLjg4IiB5Mj0iMTQuMjQiLz4KICAgICAgPGxpbmUgY2xhc3M9ImNscy00IiB4MT0iMzIuMzMiIHkxPSIxNi45OCIgeDI9IjMyLjMzIiB5Mj0iMTQuMjQiLz4KICAgICAgPGxpbmUgY2xhc3M9ImNscy00IiB4MT0iMjMuNzkiIHkxPSIxNi45OCIgeDI9IjIzLjc5IiB5Mj0iMTQuMjQiLz4KICAgICAgPGxpbmUgY2xhc3M9ImNscy00IiB4MT0iMjAuNTkiIHkxPSIyLjc0IiB4Mj0iMjAuNTkiLz4KICAgICAgPGxpbmUgY2xhc3M9ImNscy00IiB4MT0iMjkuMTMiIHkxPSIyLjc0IiB4Mj0iMjkuMTMiLz4KICAgICAgPGxpbmUgY2xhc3M9ImNscy00IiB4MT0iMzcuMTYiIHkxPSIyLjc0IiB4Mj0iMzcuMTYiLz4KICAgICAgPGxpbmUgY2xhc3M9ImNscy00IiB4MT0iNDUuNzEiIHkxPSIyLjc0IiB4Mj0iNDUuNzEiLz4KICAgIDwvZz4KICA8L2c+Cjwvc3ZnPg==\" alt=\"S\u0131cakl\u0131k\" width=\"100\" title=\"\"><\/div>\n<div class=\"temp-values\">\n<div>-40 \u062f\u0631\u062c\u0629 \u0645\u0626\u0648\u064a\u0629 \/ +70 \u062f\u0631\u062c\u0629 \u0645\u0626\u0648\u064a\u0629<\/div>\n<div>-40 \u062f\u0631\u062c\u0629 \u0641\u0647\u0631\u0646\u0647\u0627\u064a\u062a\/+158 \u062f\u0631\u062c\u0629 \u0641\u0647\u0631\u0646\u0647\u0627\u064a\u062a<\/div>\n<\/div>\n<\/div>\n<div class=\"marking-section\">\n<div class=\"detail-row\">\n<div class=\"detail-label\">\u0648\u0636\u0639 \u0627\u0644\u0639\u0644\u0627\u0645\u0627\u062a<\/div>\n<div class=\"detail-value\">: \u0634\u0631\u064a\u0637 \u0646\u0642\u0644 - \u0645\u0646\u0642\u0648\u0634 \u0623\u0648 \u0646\u0627\u0641\u062b \u0644\u0644\u062d\u0628\u0631<\/div>\n<\/div>\n<p><img decoding=\"async\" class=\"marking-image\" src=\"data:image\/png;base64,iVBORw0KGgoAAAANSUhEUgAABf4AAAAwCAYAAABAI2vXAAAACXBIWXMAACE3AAAhNwEzWJ96AAAgAElEQVR4nO2dT2wb173vv5QLVBvRXcVAOVBStElNFu59eKgiLmw0jUUukvTVELmwa7iQuLCvY0DWA+zYD\/4DPMlGLUvAlQU4qb2ghBqqvSAFF4mzoOTcPtgLMrp4wK1xST2nQFNjWMBZVaONuoj5FsPf4ZnhzHBIDv9Jvw8QRJbImTNnzpxz5nt+5\/vz\/fD1N\/4bgH8DwzAMwzAMwzAMwzAMwzAMwzC9zv\/8DoDvAXinwwVhGIZhGIZhGIZhGIZhGIZhGKZ5vtfX6RIwDMMwDMMwDMMwDMMwDMMwDOMdLPwzDMMwDMMwDMMwDMMwDMMwzA7iO80eIBaPI6AoXpTFM1ZSKaiqCgCYmJwUvy+qKtKpVKeK5RlDgyWcOVTqdDEYZlfy+LkP99Z9nS4GwzAMwzAMwzAMwzAMw9jSlPB\/c24Wo\/G4V2XxjFw2Kwn\/Zw2\/3wnC\/5lDJQwNsvDPMJ3g0me8UYphGIZhGIZhGIZhGIbpbppSsLpR9N\/pHDnAoj\/DdIqPn\/ahuNnpUjAMwzAMwzAMwzAMwzCMMxy62kMM9AMfHnrV6WIwzK5kaxv4PVv8MAzDMAzDMAzDMAzDMD1A0x7\/hKZpWEou1vxMIZ\/36pS2tOMcneA3QyUE9na6FAyzO7mx1oet7U6XgmEYhmk3fr8fY4kEFubnO10UpsOMJRJYSaWgaVqni8IwLYP7vJ3BcDgMQLc7Zhime5mYnDRYlHczP3rjB5a\/X35wX\/Q53Uwum8Xxo8eqft\/r5a+FZ8J\/IZ\/nyUELCewFTvyMo\/0ZphNsvPTh4TOO9mcYhtmNzMzNIhKNQlEC+Ojc+U4Xh+kQsXgcl69eQSQaaeili2F6Be7zep9gKIRP7t4BALxz8BAvVjIMw+xiPBP+veDy1SsIhkJNH+fa1PSOi\/r\/8NArDPS351zFTeCPz\/rw5d8qv9u\/Dzgx9Mqw44A+BwAfHrRelHj4zIe\/b\/ps\/35v3Yetf\/owNKjnLpCPacevDrzyZOcDlY3O7VQ+wHiN9N3v7y3hyAHr766\/8GH9RfV33dTbxksfvvhK\/65T+eSyvPtmCfv3NZb\/4d66D4+f6+fz9wO\/OlDC4beqj0XnssOuPra2gXv\/YWxTh98q4cRQb+SruLHWW6K\/3+9HJBrFcHgYAUURv89lc1hJpUTyczOxeNzw+VrQseh7+s6vpOVnFUXBaDyOoqraJlkPhkKIRKOGYzdTLmJicrLmd1YzGc\/GDTpfLputirIaDofriibIZbMoqmpbcupQeeleyb+TcXO\/zZ8F4Bgc4Pf7MRqPIxKNiN+tZlaxlsnYtlc75Dp2au+A872SURQFY4lxwxxlNbNaV+QvPZPyMQr5PFYzq7bnbqS9cGRfBWp\/1O+4vd8ykWhU9EsDfr\/4vfycWKFpmqv2S2XS20LG1Wed+lGmdQyHh8v\/D2MskajZ\/xFu7jE9605tMxKNiv7DTbBVrbHPbRuth1g8jpFoBP7ys1LI55FOpW3HVzfjs1OdDIfDiMVjhjlCvX2zV7jprzVN6\/odI3Z9nh1243c91zmWSIg2U6tt19PG3I6hzQQvupmjup1jKoqCkfJcga5P0zQxf7erT6uxIRQKiWPMzM3i9MlTrq+JYZidDb1\/BENB0d\/3Gnq\/WkAkGvFEQ2437S6\/74evv\/EOgH9v5Mt\/+fqv4udGtxzIeLW94vjRY2KC6HUZO8H+fSWkE+2J9n\/4zOdoaXJiqIQzB\/VFiI2XPsSSuoC9dPyVpTgd\/rc92NoGMh9+aynW\/+S3ewAA1z94hSMHSlh\/4cPYcu3UE2cOlWxFc7eMLfdh\/YXP9lhyWcyfoe8ODZawdNy6HB8\/7cPtJ7pg\/F\/\/61vL48q\/tyrbQD+wevpb20WfrW29jgH93lwcqb9OYsk+bLysFraPHCjh+gfG41G57LCqj61tYOwP1udoZ9tulMfPfZhI9046lGAohOUH98Vk34qVVArXpqarXiDq7YOpr705NysEMLvtf7F4HDNzsyiqKn5+8JDlZ+Rtju8cPCTEiEbLRcjjgBMrqZQnkW10voX5W1Uvk\/Vu5VyYv4VcNovlB\/ebLpebcy3Mz2M4HBbns7oG+X6Y69qM\/Fm7thGJRjEzN2vZZjVNw\/Wp6bpETrmOa5XP6V5ZHa+R8vn9fiw\/uO84qctls5ZBC420F959WYHaH83\/3NxvM\/\/n6ROx0CVHTcrPiROrmQwunDtvK9hQmczHd\/psr85nex2\/349PP39k2R6coDbkdN9oHHUah6g9O42jMm7HPq\/6DXkuYObCufOW\/aSbMtqVz+l8hXwex48ea6vA7ra\/bmRcayd2fZ4VTuNbUVVx\/OixmgtLiqLgT0+fAKg9D6u3jbm9J3bzEze4naPWGgtonmwH2SpbPQt2Y8Mnd+8IUa\/WfIhhmM7RbqsfO73UDd1i9UPlcDsfJ7rF6sfr8tfgF72jZu1iLo60Jyp6\/YUPlz5z9jG\/t+7D7ad6s5Gjy4ub1Z8tbkIcy0r0lX+3\/7X6ynr7SSVCvRVsbQOXPqtcZ7OLDPVwb72yU+D6+847Pb6URPgvGqiPj59aC\/KAvgjkJPK75caa\/Tk2Xvpwr8sT5s6s9U436Ub0B4DReNxTITmfL4if7QZMipQMKAoUm8go+oymaZ5GILpltGzjwLin2foaDofxyd07tm3W7\/djZm4WsTbseLCi1kScymcXLeNG9Af0evj080c1n12mvciRnNctFkvdEIlGXfXLfr+\/Z\/xddyuapmFh\/haASpSzG\/LlBT2nF0r6m5vP5D3e1TwxedZV5L3zMSYd62NmbtbTF+pINOp4vmAo1LXjea1xo5PU2+d9cveO7fgWUBRHIZuQ+z16vqw\/19425jWRaFRY75ipJfoDlTGinnZ9fWpa\/DyWGHf9PYZhdjY0J+3l945ev4Z2l98zq59erfBu5\/BbzjYvXiILsBdH9Ah8Ep0fPvPh4yd90P6pW\/4Q+\/eVsPGS7F+M5ZRF4\/\/3ja\/KOmbjm8rPVhY15mj44qYubt8oC7EfP60+plfcftonFjPatfAC6NdICytDg9Z2OzKy2F\/c1IX0eux+fl++5\/v3lbAQ0y2U5B0J99Z9lu1v\/76SZb0MfLf6HI+\/qpxj6df6QkZxExhf3oPipt62utXy5966z3JRq1uZmDwr+uLVTAYL87dEBDHZ\/0xMnkVAUXBNehmwws1KMh1bjiAKhkKWEUXyy9hwOAzVItKNXh6dIpLqKZfV762uW1EUXLp6RSSzc7Il8BI3tnRFVYWmabaRCYAeIZdOpWueTxZCrM5dbGCxJRgKIRaPNxy5eFN60ZXbLN0TEkYuXb2C1UymrdGbiqJUCRJkHRQMhTAxeVaU73K5fGZG43HRrvVcSLcMn4tEoxhLjGM4HMbC\/C3H63PbXphqzPXm9vkmoaSWtY7VM0htxO\/3IxgKubJa0O1jFjuy8Mm4Q7eM0sfR8cS4K7ufXDYn+opgKFTV\/hRFEWIrLY6b24AsruayubrKbDf2DYfDoo+bmDxb0xrNDn3s1J8VTdNw+uQp5LJZ+P1+XL56RYi1sXjMdny3KyNg3a+NxmPi52tT0+I+BEMh\/O7uHQTKVlwL87c68jxZRUTqFlHjoi1MTJ6tae\/Vbtz2eYDRRqeQz+P0yVNQVRWKoogFgeFw2LI9E7Jl2qqD7ZQXbawdVsBWczV5jqlbU1XPmS5JYr4816Dvj8bj4vqdFkfMqKqKlVSqbMUUdbwXDMPsHmbmZjGWH4eiKDh+9BgK+byhL+0FPv38EVRVhd\/vxzvlXZBOi9HdRrvL75nwHwyF6t4mkstmceHcedsBqJltdzuFCw1YtzQKRdCfOVTtvX7kQAmH3\/wWX77wGSx79r8GbLwEvvwb8OFB4\/HkKG+rv5NXvNuFjcBe3c6muFnCvXWfbRR5s8hR6CeG2rfwAujR5VvbwEA\/qmx2rCBRfaBf36Ww\/kLPx+CG9Rc+sSPj+vslcV+HBnWf\/ofP7Ot44Lvu7pv5HLSQFNir56249Jn9boBOs7VdWYTpFehlMpfNVglMmqYhnUphNZMR1hdO1LMdWH6RGg4PVwkhfr\/f4H86HB6ueulRFEXyay3Ajma2Kes+qdXfz0H3sSVRPBKNtkX4L+Tzrq\/H6XOqWqy7Xuo5dy0aFeUj0ahoF+Y2q6oqTp88Jbb106JMO21s5Og4s9UEiRy0jT6gKJYv8+R5TIs35jpazWSwmsm4Wjzx8p7tJsyC4oVz512JbYqiiMl3rYU1q2cwl81iJZUS1jBuRZeZuVm28elyFpOLuHz1CgLlNlJrvDCOkeGqz5tf8qwWx0Om3CD1YDv2lX9H4v9INOo6b4FMJBoV4\/f1qWlxXE3T8NG58xgOhxFQFMdobLsyOp0T0PtQucy0wErR08FQqGuETspVQHYCwbIHe7f4\/dfT5wEwePqT6A\/o4\/fC\/C0R3e50D2SRaSm56HCu5ttYO8ZQuzmmqqoiWGMkGjGM98PhsJTfoNrWSq\/PeaykUsKCqR4Wk4uinht9xhmG2VnQQqTcL6ZT6Z4S\/gPloImlZFKMMXregt4Q\/ttd\/o6qWhT5wFhz5lDJkyS2bpCj899901rQHehHVQQ6RZdvfGNl5SP9bPF3SvTqVqgmWhXlT1x6pJc1sBc400aLn8fPK\/ZFZw7WTmC88dInFgmonA+fuRfRi5uVxMHmXQKB71U+4xVV52hT226U20+dba+6DfllZ8XhhU3TtJZEmNGkIWQxWJlfxKwGNGM0Y\/vFzTWpTshyiHEHifL1ItezXaSn\/HtZZGgHJCzp9h7WCw7yNnqrdkNtf63Gwki3ej33OuTzTeiR+e7qekSy4Vhp8P7I1jDmY9pRb0Jnpv3I7cGNXYs8poVCwaq\/m\/uOoMVn5N95OUbKImAzYx+J2lZloxfaWglQG8EqUEAWmbtRAJB3bHRT+ert8wr5Ahbmb+Ha1HSVsC+Pd3bXKEfxu0m43qk25gW5bFYs2Jn7d+P83b7eVVVt6Nkv5PPi3O2eRzEM093QzixA7x+Kqtpzu4cpsEZfzBhGIZ\/vmgV1N7Sr\/E1F\/Gua1rTFj9OEp1G\/yUa3qnYTA\/3AiZ91JulpYK97YZ1E+61tCBGaoMUEikY329DQYkA952s18k6C6x84++t7ydZ2xUt+aLB6x4UVX5Sj\/d8eLOHdt0q4sWZcDKjFkQN6ZL8VWlnwrmUbVNz0RsCnRMndQnETXZ97wIlODHa5bE5EXJkj2GTvfrK9MH8m2EQ0oxf0+pjRCegFlBbx6x176Z5rmmZ7zzVNwy\/fe78jdoLybgQ71PIEmaI27OilCehOwrygVE\/ybuq3iqraVP+wmslgBnr0saIEbD+3lEyK3S2Xr17BL997v+Fz9gpm+7EtTcPE5FmMRKPYKkeAy4noZYutQj6P1cwqlpJJy+fr8tUrIhr\/2tQ0YmWrDLKjW0ouGhbBJyYnEYvHMOD3i7\/bPfvUZ+kvzO7E8lw2K6K8zdBLN42RVgs\/smWYl8h112g\/m66xoEZ5fdyICVSG3dxnUv6ISDRiuO8rqbRtPdfb3q2ot89zu4hqd9+pvwOco\/3pXF61sU7Z3VCbdnrOWtXuc9msQeBjGIYhaDdSLpvFzyXLmW7MQ2NFQEoQT7um\/H6\/2HHb7bSr\/E0J\/9enpsWkohU0muQsl832vIhzcaR9ojMAfF8S3x9\/5bMVhM3IYu3GNxXxVrZveXuwhMfPfdj4pnqhAKg\/4p+i0L2uH9lfv90WP5RTwK3FDwA8fq7\/f2hQ3xkS2KtfQz33zw7KHWAn6v9904fox3vEvRga1D3\/68kv0M1QYudeQn5ZGI3H2u4bK4sRZp9\/Oep5pLxdezgcNpSRXjg7tUovj2O9FunQSa5NTYuktBOTZ+sSVol6bDI6gZP1FKCL\/3ZJq0nIi0SjNT38GSPUb7iJcKTFRC\/7D9q91Gx0tZvIV\/1zW1iYvyUEvGZyZ3hBO+pfFrlDoZDwwaa\/jcbjGIlG8c7BQyIRuHzOYCiESDRiuUgii1yXr14x7EqiXRX0gvXp548M9yYSjSISjeL0yVO2Y2m9Qlohn7cU\/mkxHNADl8YSCcvF8XruRzcRDIVcLaIqiiIscAD9uVlKLrbV3q1dyAuA5jqRcxTIUJsdS4w31N6DoRByB7OOz6dXfR4Aw3hol4x6XMon0Myc1W0bG0uM45O7d0QfQwuLnZ5jGOfv8ZZY8eSyOdEm3Nh9Mgyz+5D7wkK+0DPCvwxdg6Zp4v2sl2hl+ZtSt9KpFH753vv40Rs\/qOs\/xpn9++wjsVtFYG9FSL+x1od76z7XNick9sp2QZS4l6xkAONigGz9U4\/AXtwEPn6iN1uv6+jSZxVrFzmBcatZf1HJKXD4TXf2TpTIFwDeLVsfUT2u\/625SPX1F5WEtu\/a2CoVN402QOsvfBj7Q29Z49ix\/sJnaMu9giy4RKLRtie3sRL6iUrS3py01dlsbdCaaEa3yAvN+RpCL1NBj0LUxcnReHxXR5NZTc7ouQiURa1enER3iuUH90UUUi0uX72C5Qf3Pe3z6H6qatGzY9ZiKZkUC4+yCN4J2l3\/dL3mbeZ+vx8zc7PCs928uBAMhRytxuS\/m8WuicmzuDk3i2AoZLnzaEZKPm5Gbhdu7pNs7yL3k3KdyVHPdp+ptRBZL\/J5WjH+ymOrk2+82Z+dFpNvOtyDXiQWjwsPZSuBNxQKYaDcnopla5dcNmva9WK\/I96uvbtZePaqz4tEoyJZrWxxIxOLx8X5FuZv2e6GcYPbNibnCQD0tu\/1uGGHvMBnrg\/5Pl2+egUTk5OWgQTNoJr6VIZhuptiOVcK9Re5bNbQj6+kUgZrsKVkUvxbXzhPGnKhLMzfEv82H0vfFZZEJBpFrJwIPBaPGY7RCFZlpnGvVhnp+mk+SPl76N\/yseT6oF2hY4kEFEUxfGe3ld+MZ8l9Ge+4ONKZqOnfDJVw+4ku+N9Y68ONNV1Mfvt13fffLpqbEvwW\/1H5HYnPb79eieiXPf9JWHWKEB9bNq5L\/X2zIkjv31fy1H\/\/8XOj2PvHZ334sE3+\/jfWKud9\/JUPF11Y9VBZKdIf0EX6h898ePyVD9ebKA9Fuwf2Oi+uDPQD+18riftC7cbtjoVupRej\/Yml5KJ4AaKIxaKqIp\/PI5fNYS2Tcb0byunFsqiqVZGomqYJyxPZi1h+kc9ls+LlXn7RkhP7yuKIF+WSURTF8vvD4WFDlGGjft71EovHHIXyXol0vDY1LXZyTEyexfGj3RNJVquOW81SclGI\/cFQCJ\/cvSMExlw2h9VMxrXYtlPaSy8giy7tXoz86Nx5LD+435GE1p3m+NFjBgsxWniIRKPC9ovux1giIWyC6AXVCr\/fj5VUSlgG0UICPZej8ThWUimxW0lRFLFwTrt1rKKRnXa5WWH3eXqmyV5FtgSi88q5c7yM1CVbKWI1s+rZsYHKPARw5+EuL75QvYzG40in0j0XoWy1aGaeD8n5P4h0KoV8Po9QKGSYz8jb\/scS47b9glV7dxNF7kWfJ+\/YAPRrPH3ylOVn5Rx\/8iJnUVVxbWra9Q6AetsYLRwqZXs+egZanVD9snSN5ueMkmtS3U1MnsXE5FnhzU9zhWZ2s5n7n3bvCmYYpj6oH1xKJvF\/\/\/yfOH3ylBgjI9GImLNQv0DWlgN+P9Yyq2L8+PTzR1iYvyWeefOx9Pc2vf8r5Asi4OHCufOGYzSyQGo+j7wrvJAvOJbx+NFjUFVVXP\/xo8dEnsLLV69U7TCn6785Nyt2h75z8JDhGN1S\/ptzs20pv5muFv6tJkRu6GWbhsNvtddiRubDg69Q\/EefIUGsHv0M3H7is7Vz2b+vBDzziSh\/oBLx\/+PXKtcjC+u0SLD\/Nfvy2EVd799XwtKvvbNC0raBS4+MYu\/DP\/vw4UFvju\/Ex0\/7DDshtrbdWfWQFY\/cVt4u\/7y13bhn\/sdlyyEAuDBiL+AH9gLpxLfiHowt92H9RfOLDp3m3rrP04TG7WZhfh6KEhDRZEAlY3wkGsXlq1dcb212slrLZbOWAns+n0dAUQwihZWoAZy1jWa02xLeTLmIgKLUtJC7LvlJtxr5PlnRK4IfWTJMTOr3tVmLElnwMyMLg26oVcetJpfN4sK584bIYbI3GQ6HMTF51rXQsVPaix0kxNjdXxJi6e9O7UxRlKbEDXn3RrvtmUi8ovbRrrxVna7\/lVTKcO5cNouVVEq0eznyDUA5Oi3iKlJYzhOgaRquT00bknfLL2Bq+XmkPsgrkUxVVSHEhgyL48PievX\/58r9Q2VXHC2m09bvegmGQpZ9Kt1TOr\/Xiwpyv2eXwJ3QNA3Hjx4T9zgWj4vvjyXGe074d1qklRearJCTsRKapmExuSgEZCefenN7d2Md43WfpwdRpC2PRTZdhByBHigvvLkZ6+ttY3K9+\/1+Ee1PfYgXi7xWzxn1rYD9\/Th98lTV7gOqp9F4HDOYNSzoMAyzszE\/514+9+3qQ+TzcPmtj9tOulz47+2X2EZwElvbwfUPXuHdt3z44rku4srWLbqdiw\/pxLcGO5pKRL9k5fOyknhW\/0wJGy99QpCmhQGniH8r4XrjGz35biy5xyA8N8PDZ\/p1BvbqFj831nTx++Gz5r3ya\/H7ssXPxZFXuLfeJ6yMjhz41vF7j58bbX4APQJ\/aLCkC\/DP6xf+i5uV8gwNlnDYwubn4kgJW\/8s4ft7S4a6PzGkn9cqyXOvsLVdyfHQy3x07jwWk4siOtgsiJCoKr9ge0Uum0MkGjUk+K0WNYyWQOSTDDgneW019UaZMUYW5ucRi8fE4kqz0Wk7iXRZ0ByJRoVQKUNChxxdsxsZjcfFQoj8HI4lEojFY0KAJVF8Zm4Wl65ewVomI6JVI9EIxhLjIkJ89ae9+TxfOHdeJPq6dPWKbdSsl3S6\/q0sbHLZnBD+rcYGEsmdKJYFdxk5Kbf1cVsjMueyWUSiUcO4XPHuz0nntl4cb7RcdgmDiaKq4kID+VmcmJmbFYKuedFGhiINzQll06mUyCMXaiDSsNNY3SuyexmNxxEMhUQEoFvkOgzYCP9W7b1dUPnoOmfmZhEMBasEednyTtM0rJXnC3KyXze7B920MXlBUb4nZMtAkZUhj4R\/p+dM0zRcOHfe8v7QjqaINE8w2wc22m4Yhuk9bs7NIp1Ki\/fo5Qf3kcvmxLsWoPcbstUh7VLU3\/+D5V34IZE7ajg8LBY95WN9cvcOCvkCYvGY6K8nJs8ajtEI5vPcnJsVfT2AmmVMp9KIRCMA9GTDdseSF4+DoRAunDuPYChYdYxWln9mbhbBZHeV30xXC\/+7jTOH3Pm7t5rDb+mi73XoYvAXz31ClN7a1oVp2c7FkOD3pQ9b\/9R\/lvMGDA3qVj8bL+lnsvqxL8fS8epFkK1tYOwPepT8pUd9WIg1v1BCixvXP3iF\/a+VcPtp5TprCfBenHtosIQTQ7qgfvuJr+aiA4n+QGVhRfz7dWD9hf5fvcysVTz67eym7BZq5HYrJ3nuJW4\/3Rk5CgD95evaVOUFhqKLabDx+\/343d07+PnBQ7bHcNr2bPfCYWVlYBY19J+zokz6z8NV3\/eyXHL55BdQiqgFdF\/Ydov+3ZBUzkuuTU3jk3JSwmYsSjRNM7ygy9FyjZTJqY7depg3C23VpEg\/ijKUFwJm5maRy2Ydozh3UnsxQwkvqf0QshUJCcz0f7KxIOTvbWmaZ1Gc7Ybay1giIV7iWh3x3On6t2r3Xux0sDtGJ5K+UbI8eok226LI\/6e\/y+Oo1\/7+uj1eGkvJpKdComy\/ovva2o8FTu26kM8bErf2EnZzFdp9QdZvVp9TFKWcM8eYC8mNN3s7dgfZIc+vbs7NYjQex1gigXQqbegH5Os6ffKUaAML87eEndFwOFyV4FrGbRtTTQtKMuaFlFZBixsL87dq3p\/VTEbMRSu7A4eFOEQCmdOOEYZheh\/zLnV6bybMu4DNCwDyv2sdi\/pT+T1FUQKO+ZPcUE+ZzWVs9PpPnzwl+lD5Pb\/V5Se7224qv5mawr+cfKfdOHk5O2G3LdrO39ktrdyBMNAPnPhZ93mj61HwJZwY+tbRzoUi+je+qQjpsvirC8Z6tL7s9V+vQDzQD1x\/v4RYUo9q9yq6\/MRQxZKIch20I+p\/oB9iEeXEz17h9+t7ai46yPkR5CTJADDw3Uo9FzfheiGJdgkAel047cSwot7PdxvFTYgEyzsR2sK\/lEyKF05aobYTZRoRmcyChfzCJv+tkM8brAysFgfcnKNezIJyIZ\/HWGK8PEEa91z8qAX5uu4U5GjgscR4w7kSCvm8QQyZmJxseOLTrXVMVg5LyaQQSABgpDzxtvtON16LV3x07jwW5m9hJBrFeGLcENG0kkoZxKN0KoXVTAaRaBSjptwHK6kUVjOrPb97Z2H+lhB7Ll+9gl++935Lz8f133oomh+AYUeeOdqdBG9z9HCjz38um225hzlhtl9pRqBsZ2LtdlHI53F9ahozc7OWFjOyxVEvc21qWoxrkWjUcI20cGge0zRNQzqVFuO9Xe4Mr9pYKxZJfvTGDzw7FvlBr2YySKfSIvfLSDQKgIV\/hmG8Qc7TR\/TagjtZvQekwJReSmTejvLXFP7NE\/p20uiLvl3EnBt\/ZydaKfxfHPHOs75VyHYuZgJ79Wj+v29WhH1ZDCYv\/41v4Mrmxwn5e15Elwf2wpAo2K0A7xan+3rm4Cshzg\/0u1t0IH\/\/jZc+jC3bi9VfPPfhxJC7uqGEtgP98DRpcq\/Qywl968G8tbkVA2IlMWFQiOhmUSOXzWEskajyeW13ZK7sTU\/bI3ez1YoXXJuaxqefP6qKfPCKTuTw8fsHXH2uUVFOFkh6aZLaClRVxUoqZWg7fr+\/KmIUIJEohdF4zPD7fL7QtOgs30s3iVvdUk\/7pf6atj\/H2pCvolvqv9dwu2BsbldmKzz5c\/r4GDQcuxd2r7i1+NnNyPMhs8XMJWmHjSE3vRcAAA6vSURBVLldUMR3K\/C6z5OFJPPOBRI2rN7V5cUxO3ZjGyvk81hJpTCWSDQ9T2CbIIZhCE3T8M7BQ9A0DROTk\/j080cA0LKxphXIwQ3LD+4jEo00tVu83bSr\/B1Xu9xEeO509u8rtdxL3gv8DgI2WfZ8+beKjc\/QoPx3\/fr0iP9yxLpDYt92cuSnRr96EuABPRJcttYh3n5d\/z\/ZGlmhlRdI9r9mf2\/NwvyJn1UWgKwi0CmS3w12yZHNyAl9G12AajYhrlMdtRo9gfXOjfY30+oJP72AhWqIGoD+EhuTRKNORDPL0dVeCNW7Xbill1NA38aouJi01AoukEWDdtoY0LPiVL5a3tn1nIfRIVGnkM8LAfmmTQTsWCIhdhfRszwxedZVu3NLs8+03D7qjWBeSibFYkErFtKs6Lb671bk+1qP8FgZI4O2u93o38PhsEgEXMjnu76vqMfixw1uF117GfnFnuxtAD3Px\/Gjxwz\/1Upe6xVu+zyyLrB73mu1160G2rOXbazX5muattXwdxvtrxiG2dnIc4tK0EHviP6A2U44Z5kjpZtpV\/k7JvxTJNNuTOBrxs5Pvd1YCdwyTuIuRd1vfFMRps0R\/fQZErQbjfiXkwi3iloC\/Pf3VhYyrOpla1uP2Afc2+0AxkUHSoYsQ979A\/16Tgir\/2gRiayQnJAT+rpZgPrJb\/fgJ7\/dU9VW5HtiJ+Kb60mTytbJ3S47KdrfjQDZakGGBq+AooiEfGZRQ07iS5HOnUpIRzYWgF7mZqNq5XvQ7SJNq7g2NS2u3WniIrcLOx9Jpez1q3++vQtDdD4ryw1C9mhczaxW\/T0YCtUUF3aDSOoWPe+BLupcm5oWiRCDoVCVVaO8q2QpuYhrU9PIZbNVNhCNQvffHK1aL2OJcfFzI4IL2Vi04yWmm+q\/26GcCPXuQqq0q4rI67Q4PiKJnN2M+b67EamHw2H85eu\/4i9f\/9WQ8FX+O+Bcx3Qf7OjELrFayH2+Xfk6sWum3j5v+cF9LD+4b9ilIGMnHtE1W\/3dSXBqpI0tP7iPv3z9VxHFKiOP651uJ+7m785t3fm7tdscwzC7B7K\/DYZCIojjsk1f3q0UVRW5bBZjiXGxKCzPubuddpe\/ptXPtanpltlBtOpc8uS4XZ6WjXL4rVJXJEJdf+HDRLoPRw6ULKO+N176cGNNF0gPv1VdXhJ7rfz9CUo8K77jkNjXjq1t4NKj2iJzswz0A4ffLOHhM5+ICJev6fCbJVwq\/zyR7sPSr411dkNKlPuuRX058asDr3D7yR4AwO0nPiwdr3yfBPe3B0v40MaSR7cJ0r\/\/5Quf5f0iLn1WO6GvzNCgbvd0b914XFocGeg3ivjy\/fnjsz5Dmf\/4rPKdTnFv3f0Oim5nOBwuZ5\/P4sK585aR0cFQSLygyeK7l1glS7Pq72myYSd8tBPy0gb0aFU3dj+xcuI92VuWvLiJnezH7oRsoeSEbCkyMXm2yu9XURRhS6V\/Pt2aAtuwllkVYtTNuVn868lTpgSFxqRLayahxu\/3Y\/nBfWxpGj46d97Wq1i+xt3aZoiiqop2ICd8nJg8aymErWUyCIZCIoiErKa8aCuUi6TRyCfqD6gNFVW1ITGP6qIdtpvdVP\/dDt2PfJ3jKCXopfHRbIUHVMZn4xjZ3TukZfuVpWTSVV8m96cTk2eRy2YNO63o2bOqY7KRGYlG4fdPGxba5Rfneu9PqxkOhx3tfIiAokBrc9nr7fOojVLCavl+yov55rabz+dFnik5cbnf78e4dO\/MddNoG6NrisXjhvldt7QTymO0lExiYf6WZdBILB4X89RG5gm0mKNpWkcTQDMM0x38j\/feh6qqQj\/oNYqqip8fPARA70Pld6leoBPlryn8tzPCpBXn6vaX6Asj3eGnfmNNF2EfPvPh4bM9OPxWSQjzGy+NuwF+ZREVPtCvR7aTiEpWODI\/fk1PPEvUEu3HlqsjseUI+CMHSi0VjT889EoI6GYBfqBfP\/\/DZ7p1UeSTPeJ6\/r5ZEZMDe60XSpwI7K0cW1502NquXL\/TYkJgbyXZ8hfP7YV\/eUfBQL9+jfL9IZaOV9rokZ+WRJmiH+\/BkZ+W8Ph5JeL\/8JvGcw30VxYLbj\/xYeNlH\/bv0y2h6Nzm77SLrW3g9tOdE+1PVgzD4TD+9PSJEG9oa3AkGjG8zC0lFx0j0t1MAq5NTVf122o5cp9ezqxEDaAifhB507+9LpcTannFnbbWRaJRR4Hu8tUr4qV2OBzGaiYjIjPlhYxaZbh89UrNXQErqXRP5h1YmJ9HLB5zjFJWVRVLyaTwrF1+cF+0W9pqSvVZyOfbXg\/kX07t4tPPHxkECuPzlKxq55evXhHJmZYf3BeRHWT3EgwFDVGusthqxU5uL4SqqlUBG0vJJFZSqapr18oLKnIkYyGfx3\/\/6b94stuGcpFQ\/g+nPiEWj1VFyZqF+mZsOi6cO48\/PX3S8Pfd0k31380EQyFpYbs+Qd4sMNo98ySq2n2PkJOfe5lYFAD+8vVfAaDmDu1YPG7oy5yEBLl90Y670XgcwVAIn37+SIyn8m6qpeRi1XEoCazf78efnj4pt9Etw1yHFrI6gdX1m8eN1UzGMG7Ikdg352YNInCr8ubI1NPnATDkjKJ7V8gXquabK6YxaSm5KNrL8oP7on+JRKPiuTJ\/p9E2tpRcFPO1mblZjEQjKOQLhvmJm\/laq1Ck\/INjiQTGEonyXEDvV\/z+AUO9AHq91wvtHOp2XYRhmPZAY0+37ya0Qx47e\/EaOlH+msI\/0zrOHCrVZQPTSq6\/X8JEuiJYP37uw+Pn1Z87cqBkKyTv31dCcVMXc39sIerL1j6BvbUjvZ181wf6dT\/6VmInwBMXR15h45s+bLz0GUR5uYwLscbKaLXo8PiryvFr7RIZGtQXbJzqUM5PYFV+K44cKOHeeklYHOmLBTp29+TMoZJIQmxuVwP9+rV2gttP+2paIfUS\/3ryFH539454OXDy6FtJpWrarLmJLrXboZXLZsULmt1Lhp21QS2aKZcTC\/O3sPxAP\/ZYYtzxhTedSmM0Hoff70dAUapsajRNwwVpJ4AdbqLquj3K04lrU9M1IxgW5m8ZrHSs2m1RVXH65KmWldOJ0ydPYfnBfVEmq\/aXy2YtRd1rU9PlxIb6dwKKYhCzZAr5fM1r3OnthbASjZ2EZKtoaS+Q+6RINOLYJwQcknBpmobrU9NNWXfIi2Stplvqv5uRc9OYd\/rUgvx0a0Xy57I50V+0aoeeV5jbfj27ZK5NTYvFVavxdCWVspwfLCWTQmD2+\/2Wz8ZHLsbhVlFrrlLI56vmCfJzHgyF2h7BWE+fB+gLF7Rwo38nWmXZZLUonstmDd8zj4uaplWNqY22MVVVcW1qWuzGNJfR6lztRFVVXDh3HpfKgQJAJXeCFRdsdg86EZGCUtYsLAkZhtl9fHL3DlZSaYxK85leQt91PYmiqvaUvQ\/RifLXFP5j8XhPJUdoJSuplGfb4wb6dR\/5bmH\/vhLSiW9x7z\/68PDP1fYngb26QOvkAb9\/H4So+7aFME1i\/9Z24\/7+ZMHTaBLaeqkV9b\/061e4sdYn\/PyJocESLo6UGr5Oq0WH9b9VcgbUWjAaGiwJG5uNl76Gy2HF0q9f4dKjPsMuELpeq3syNFjCQuwVZtb6DO2KvtOJxa\/ipnXuhl6mkM\/j5wcPIRaPYywxbvlSVMjnsZRcbHlEsB7xRcK\/taihqqrYqk9l6yQU8UUitLz93Ewhn8fxo8dw+eqVqpczfVHlFm+lhi4K1LIo0TQNx48ew8TkZNUOAU3TsJbJGHIGtBsqnx6JN25YVCqqKhaTi4YE0VbfHQ6HhX+jmaKqIp1KYymZ3BWCaS8hRyOPxuN1P9e0e2UpuehJf0CWZL2WkHKnIUej6zt46r+3ZD9Cx7BC\/n2nx8dWomkafvne+5iZm60SZJeSi7ZBCtS\/Xr56pUo4LuTzIudEt6EnzV617fNJhDY\/6zTetNKDuZE+76Nz56GqxbrHR7vvkV2ll+PhUjKJLU3DxORZwxyDFu07\/XylUymsZjIYSyRsd0quZjJYSi421KZJVNI0rSO5IxiG6T6sFmp7jVbvgms17S6\/74evv\/EOgH+3+8Dyg\/tt8RXtBY4fPebZJPL6B84ieqfZ2tYT9QK6JU8nfdh7BYqY3y31RW3k+3vdi\/fFTd0KqZ7vtIKx5T5XOxx6nW7x0N\/JyFv3uY6bRylHfXZrhCs9U3YWVrVQpMhwivxluhfZTmIllepoBDHTHcjWOl6+FzCV8bSR\/p\/eVXdSv9rseNMIzfR5jZa3nfeOytjt7YTqpNm5kHw\/a1l2MQzTOZx2+nQbdv1IrwSM60FX1UGQvV7+GvyChf868GqCr0fXd0+0P8PsJtZf+CzzRzAMwzCMGXkezELv7oZ86AF9odecD4FhdgLc5+0M\/H4\/Pv38kQimeOfgoa5e7GAYhmFaxi9Y\/eoAF0e6N9KfYXY6lz7jbo9hGIZxh2w70UqbDab7ke9\/J33BGaaVcJ+3MxhLJET0qpwommEYhtl91Iz4l60idjtebAsc6Ad+M8TCP8N0guI\/UJWPgWEYhmGcGEskMDF5FsePHutKCyqmPQRDISw\/uO\/oPc8wOwHu83ofv9+P5Qf3RT4MhmEYZtdS2+qHYRiGYRiGYXYziqJw0m6G2wGza+C23vtQ8CZH+zMMw+xqWPhnGIZhGIZhGIZhGIZhGIZhmB0Ee\/wzDMMwDMMwDMMwDMMwDMMwzE6ChX+GYRiGYRiGYRiGYRiGYRiG2UF8B8DXAP53h8vBMAzDMAzDMAzDMAzDMAzDMEzzfN3pAjAMwzAMwzAMwzAMwzAMwzAMwzAMwzAMwzAMwzAMwzAMwzAMwzAMwzAMwzAMwzAMwzAMwzAMwzAMwzAMwzAMwzAMwzAMwzAMwzAMwzAMwzAMwzAMwzAMwzAMwzAMwzAMwzAMwzAMwzAMwzAMwzAMwzAMwzAMwzAMwzAMwzAMwzAMwzAMwzAMwzAMwzAMwzA7i\/8PNiZjwIAwlNIAAAAASUVORK5CYII=\" alt=\"Markalama G\u00f6rseli\" title=\"\"><\/p>\n<\/div>\n<div>\n<table style=\"width: 100%;\" cellspacing=\"0\" cellpadding=\"0\">\n<tbody>\n<tr>\n<td style=\"width: 120px; font-weight: bold;\">\u0646\u0648\u0631\u0645<\/td>\n<td style=\"width: 400px; text-align: left;\">ISO 1307<\/td>\n<td style=\"width: 120px; font-weight: bold;\">\u0644\u0648\u0646<\/td>\n<td style=\"width: 400px;\">\n<div class=\"color-icons\"><img decoding=\"async\" src=\"data:image\/svg+xml;base64,PHN2ZyB2aWV3Qm94PSIwIDAgMTAwIDEwMCIgeG1sbnM9Imh0dHA6Ly93d3cudzMub3JnLzIwMDAvc3ZnIj4KICA8Y2lyY2xlIGN4PSI1MCIgY3k9IjUwIiByPSI0OSIgZmlsbD0iIzAwMDAwMCIgc3Ryb2tlPSJibGFjayIgc3Ryb2tlLXdpZHRoPSIwLjUiLz4KICA8Y2lyY2xlIGN4PSI1MCIgY3k9IjUwIiByPSIzOCIgZmlsbD0id2hpdGUiIHN0cm9rZT0iYmxhY2siIHN0cm9rZS13aWR0aD0iMC41Ii8+CiAgPGNpcmNsZSBjeD0iNTAiIGN5PSI1MCIgcj0iMzMiIGZpbGw9IiMwMDAwMDAiIHN0cm9rZT0iYmxhY2siIHN0cm9rZS13aWR0aD0iMC41Ii8+CiAgPGNpcmNsZSBjeD0iNTAiIGN5PSI1MCIgcj0iMjIiIGZpbGw9IndoaXRlIiBzdHJva2U9ImJsYWNrIiBzdHJva2Utd2lkdGg9IjAuNSIvPgo8L3N2Zz4=\" alt=\"\" title=\"\"><\/div>\n<\/td>\n<\/tr>\n<\/tbody>\n<\/table>\n<\/div>\n<\/div>\n<\/div>","protected":false},"excerpt":{"rendered":"<p>&nbsp; \u00dcr\u00fcn Ad\u0131: SWB KUKA &#8211; 250 \u00dcr\u00fcn Kodu: SEW31K\/250 Kanal Temizleme Kullanim Alan\u0131 : Kanalizasyon sistemlerinin y\u00fcksek bas\u0131n\u00e7l\u0131 su ile temizlenmesi ve durulanmas\u0131 i\u00e7in. Alt Katman : \u00d6zel Sentetik Kau\u00e7uk. Takviye Katman\u0131 : Tek Kat Y\u00fcksek Mukavemetli \u00c7elik Tel \u00d6rg\u00fc \u00dcst Katman : Ya\u011f, A\u015f\u0131nma ve Hava Ko\u015fullar\u0131na Dayan\u0131kl\u0131 \u00d6zel Sentetik Kau\u00e7uk Talep \u00dczerine: [&#8230;]\n","protected":false},"featured_media":22181,"comment_status":"open","ping_status":"closed","template":"","meta":{"jetpack_post_was_ever_published":false},"product_brand":[],"product_cat":[2353],"product_tag":[],"class_list":{"0":"post-21255","1":"product","2":"type-product","3":"status-publish","4":"has-post-thumbnail","6":"product_cat-sel_kanal_hortumlari","8":"first","9":"instock","10":"taxable","11":"shipping-taxable","12":"product-type-simple"},"jetpack-related-posts":[],"jetpack_sharing_enabled":true,"jetpack_likes_enabled":true,"_links":{"self":[{"href":"https:\/\/tuzlahortum.com.tr\/ar\/wp-json\/wp\/v2\/product\/21255","targetHints":{"allow":["GET"]}}],"collection":[{"href":"https:\/\/tuzlahortum.com.tr\/ar\/wp-json\/wp\/v2\/product"}],"about":[{"href":"https:\/\/tuzlahortum.com.tr\/ar\/wp-json\/wp\/v2\/types\/product"}],"replies":[{"embeddable":true,"href":"https:\/\/tuzlahortum.com.tr\/ar\/wp-json\/wp\/v2\/comments?post=21255"}],"wp:featuredmedia":[{"embeddable":true,"href":"https:\/\/tuzlahortum.com.tr\/ar\/wp-json\/wp\/v2\/media\/22181"}],"wp:attachment":[{"href":"https:\/\/tuzlahortum.com.tr\/ar\/wp-json\/wp\/v2\/media?parent=21255"}],"wp:term":[{"taxonomy":"product_brand","embeddable":true,"href":"https:\/\/tuzlahortum.com.tr\/ar\/wp-json\/wp\/v2\/product_brand?post=21255"},{"taxonomy":"product_cat","embeddable":true,"href":"https:\/\/tuzlahortum.com.tr\/ar\/wp-json\/wp\/v2\/product_cat?post=21255"},{"taxonomy":"product_tag","embeddable":true,"href":"https:\/\/tuzlahortum.com.tr\/ar\/wp-json\/wp\/v2\/product_tag?post=21255"}],"curies":[{"name":"\u062f\u0628\u0644\u064a\u0648 \u0628\u064a","href":"https:\/\/api.w.org\/{rel}","templated":true}]}}