{"id":21249,"date":"2025-08-11T10:40:42","date_gmt":"2025-08-11T07:40:42","guid":{"rendered":"https:\/\/tuzlahortum.com.tr\/urun\/tb-kuka-250\/"},"modified":"2025-08-20T16:05:29","modified_gmt":"2025-08-20T13:05:29","slug":"tb-kuka-250","status":"publish","type":"product","link":"https:\/\/tuzlahortum.com.tr\/ar\/product\/tb-kuka-250\/","title":{"rendered":"TB KUKA - 250"},"content":{"rendered":"<p>&nbsp;<\/p>\n<div class=\"report-container\">\n<div class=\"report-header\">\n<div class=\"standard-text\">\u0627\u0633\u0645 \u0627\u0644\u0645\u0646\u062a\u062c: TB KUKA - 250<\/div>\n<div class=\"standard-text\">\u0643\u0648\u062f \u0627\u0644\u0645\u0646\u062a\u062c: SEW22K\/250<\/div>\n<\/div>\n<div class=\"product-image-container\">\n<div class=\"key-feature\">\u062a\u0646\u0638\u064a\u0641 \u0645\u062c\u0627\u0631\u064a \u0627\u0644\u0647\u0648\u0627\u0621 250 \u0628\u0627\u0631<\/div>\n<\/div>\n<div class=\"horizontal-line\"><\/div>\n<div class=\"product-details\">\n<div class=\"detail-row\">\n<div class=\"detail-label\">\u0645\u0646\u0637\u0642\u0629 \u0627\u0644\u0627\u0633\u062a\u062e\u062f\u0627\u0645<\/div>\n<div class=\"detail-value\">: \u0644\u062a\u0646\u0638\u064a\u0641 \u0648\u0634\u0637\u0641 \u0623\u0646\u0638\u0645\u0629 \u0627\u0644\u0635\u0631\u0641 \u0627\u0644\u0635\u062d\u064a \u0628\u0645\u064a\u0627\u0647 \u0639\u0627\u0644\u064a\u0629 \u0627\u0644\u0636\u063a\u0637.<\/div>\n<\/div>\n<div class=\"detail-row\">\n<div class=\"detail-label\">\u0627\u0644\u0637\u0628\u0642\u0629 \u0627\u0644\u0633\u0641\u0644\u0649<\/div>\n<div class=\"detail-value\">: \u0645\u0637\u0627\u0637 \u0635\u0646\u0627\u0639\u064a \u062e\u0627\u0635.<\/div>\n<\/div>\n<div class=\"detail-row\">\n<div class=\"detail-label\">\u0637\u0628\u0642\u0629 \u0627\u0644\u062a\u0639\u0632\u064a\u0632<\/div>\n<div class=\"detail-value\">: \u0645\u0637\u0627\u0637 \u0635\u0646\u0627\u0639\u064a \u0639\u0627\u0644\u064a \u0627\u0644\u0642\u0648\u0629<\/div>\n<\/div>\n<div class=\"detail-row\">\n<div class=\"detail-label\">\u0627\u0644\u0637\u0628\u0642\u0629 \u0627\u0644\u0639\u0644\u064a\u0627<\/div>\n<div class=\"detail-value\">: \u0645\u0637\u0627\u0637 \u0635\u0646\u0627\u0639\u064a \u062e\u0627\u0635 \u0623\u0645\u0644\u0633 \u0645\u0642\u0627\u0648\u0645 \u0644\u0644\u062a\u0622\u0643\u0644 \u0648\u0645\u0642\u0627\u0648\u0645 \u0644\u0644\u0632\u064a\u062a \u0648\u0627\u0644\u0637\u0642\u0633 \u0648\u0645\u0637\u0627\u0637 \u0635\u0646\u0627\u0639\u064a \u062e\u0627\u0635 \u0623\u0645\u0644\u0633.<\/div>\n<\/div>\n<\/div>\n<div class=\"datasheet_table\"><img decoding=\"async\" class=\"alignnone size-full\" src=\"https:\/\/tuzlahortum.com.tr\/wp-content\/uploads\/2025\/08\/datasheet180.svg\" alt=\"\" title=\"\"><\/div>\n<div class=\"table-notes\">\u0639\u0646\u062f \u0627\u0644\u0637\u0644\u0628: \u064a\u0645\u0643\u0646 \u062a\u062c\u0645\u064a\u0639\u0647\u0627 \u0628\u062a\u062c\u0647\u064a\u0632\u0627\u062a \u0623\u0646\u062b\u0648\u064a\u0629\/\u0630\u0643\u0631\u064a\u0629 BSP.<\/div>\n<div class=\"horizontal-line\"><\/div>\n<div class=\"footer\">\n<div class=\"standards-section\">\n<div class=\"standard-item\" style=\"margin-top: 9px;\"><\/div>\n<div class=\"standard-info\"><\/div>\n<\/div>\n<div class=\"temperature-section\">\n<div class=\"temp-icon\"><img decoding=\"async\" src=\"data:image\/svg+xml;base64,PD94bWwgdmVyc2lvbj0iMS4wIiBlbmNvZGluZz0iVVRGLTgiPz4KPHN2ZyBpZD0ia2F0bWFuXzIiIGRhdGEtbmFtZT0ia2F0bWFuIDIiIHhtbG5zPSJodHRwOi8vd3d3LnczLm9yZy8yMDAwL3N2ZyIgdmlld0JveD0iMCAwIDcyLjI3IDE2Ljk4Ij4KICA8ZGVmcz4KICAgIDxzdHlsZT4KICAgICAgLmNscy0xIHsKICAgICAgICBzdHJva2Utd2lkdGg6IC41OXB4OwogICAgICB9CgogICAgICAuY2xzLTEsIC5jbHMtMiwgLmNscy0zLCAuY2xzLTQgewogICAgICAgIGZpbGw6IG5vbmU7CiAgICAgICAgc3Ryb2tlLW1pdGVybGltaXQ6IDMuODY7CiAgICAgIH0KCiAgICAgIC5jbHMtMSwgLmNscy0zLCAuY2xzLTQgewogICAgICAgIHN0cm9rZTogI2E3YTlhYjsKICAgICAgfQoKICAgICAgLmNscy01IHsKICAgICAgICBmaWxsOiAjYTdhOWFiOwogICAgICB9CgogICAgICAuY2xzLTIgewogICAgICAgIHN0cm9rZTogI2ZmZjsKICAgICAgfQoKICAgICAgLmNscy0zIHsKICAgICAgICBzdHJva2Utd2lkdGg6IDIuMDZweDsKICAgICAgfQoKICAgICAgLmNscy00IHsKICAgICAgICBzdHJva2Utd2lkdGg6IC4ycHg7CiAgICAgIH0KICAgIDwvc3R5bGU+CiAgPC9kZWZzPgogIDxnIGlkPSJrYXRtYW5fMSIgZGF0YS1uYW1lPSJrYXRtYW4gMSI+CiAgICA8Zz4KICAgICAgPHBhdGggY2xhc3M9ImNscy0zIiBkPSJNMTEuMzQsMTEuNTdjLS45NCwxLjcxLTIuNzEsMi42Ni00LjgsMi42Ni0zLjA1LDAtNS41MS0yLjQ3LTUuNTEtNS41MlMzLjUsMy4xOSw2LjU1LDMuMTljMS45NCwwLDMuNjUsMSw0LjYzLDIuNTIiLz4KICAgICAgPGNpcmNsZSBjbGFzcz0iY2xzLTUiIGN4PSI2LjU1IiBjeT0iOC42NiIgcj0iMi40Ii8+CiAgICAgIDxjaXJjbGUgY2xhc3M9ImNscy0yIiBjeD0iNi41NSIgY3k9IjguNjYiIHI9IjIuNCIvPgogICAgICA8bGluZSBjbGFzcz0iY2xzLTMiIHgxPSI2OC4zNCIgeTE9IjExLjc2IiB4Mj0iOS45MiIgeTI9IjExLjc2Ii8+CiAgICAgIDxsaW5lIGNsYXNzPSJjbHMtMyIgeDE9IjY4Ljc4IiB5MT0iNS41MSIgeDI9IjkuNzMiIHkyPSI1LjUxIi8+CiAgICAgIDxsaW5lIGNsYXNzPSJjbHMtMyIgeDE9IjU0LjA3IiB5MT0iOC43NSIgeDI9IjguNjQiIHkyPSI4Ljc1Ii8+CiAgICAgIDxwYXRoIGNsYXNzPSJjbHMtMyIgZD0iTTY4LjE1LDUuNTVjMS43MSwwLDMuMDksMS4zOSwzLjA5LDMuMDlzLTEuOTIsMy4wNi0zLjYyLDMuMDYiLz4KICAgICAgPHBhdGggY2xhc3M9ImNscy01IiBkPSJNNTMuOTEsOC43NWMwLS4xNC4xMi0uMjYuMjYtLjI2cy4yNy4xMi4yNy4yNi0uMTIuMjctLjI3LjI3LS4yNi0uMTItLjI2LS4yN1oiLz4KICAgICAgPHBhdGggY2xhc3M9ImNscy0zIiBkPSJNNTMuOTEsOC43NWMwLS4xNC4xMi0uMjYuMjYtLjI2cy4yNy4xMi4yNy4yNi0uMTIuMjctLjI3LjI3LS4yNi0uMTItLjI2LS4yN1oiLz4KICAgICAgPGxpbmUgY2xhc3M9ImNscy0xIiB4MT0iMzYuNDMiIHkxPSIxNi45OCIgeDI9IjM2LjQzIiB5Mj0iMTQuMjQiLz4KICAgICAgPGxpbmUgY2xhc3M9ImNscy0xIiB4MT0iMjguMDUiIHkxPSIxNi45OCIgeDI9IjI4LjA1IiB5Mj0iMTQuMjQiLz4KICAgICAgPGxpbmUgY2xhc3M9ImNscy0xIiB4MT0iMTkuNTkiIHkxPSIxNi45OCIgeDI9IjE5LjU5IiB5Mj0iMTQuMjQiLz4KICAgICAgPGxpbmUgY2xhc3M9ImNscy0xIiB4MT0iNDEuNTciIHkxPSIyLjc0IiB4Mj0iNDEuNTciLz4KICAgICAgPGxpbmUgY2xhc3M9ImNscy0xIiB4MT0iMzMuMjgiIHkxPSIyLjc0IiB4Mj0iMzMuMjgiLz4KICAgICAgPGxpbmUgY2xhc3M9ImNscy0xIiB4MT0iMjQuOTkiIHkxPSIyLjc0IiB4Mj0iMjQuOTkiLz4KICAgICAgPGxpbmUgY2xhc3M9ImNscy0xIiB4MT0iMTYuMDgiIHkxPSIyLjc0IiB4Mj0iMTYuMDgiLz4KICAgICAgPGxpbmUgY2xhc3M9ImNscy0xIiB4MT0iNDQuNjMiIHkxPSIxNi45OCIgeDI9IjQ0LjYzIiB5Mj0iMTQuMjQiLz4KICAgICAgPGxpbmUgY2xhc3M9ImNscy0xIiB4MT0iNDkuNDkiIHkxPSIyLjc0IiB4Mj0iNDkuNDkiLz4KICAgICAgPGxpbmUgY2xhc3M9ImNscy00IiB4MT0iNDAuODgiIHkxPSIxNi45OCIgeDI9IjQwLjg4IiB5Mj0iMTQuMjQiLz4KICAgICAgPGxpbmUgY2xhc3M9ImNscy00IiB4MT0iMzIuMzMiIHkxPSIxNi45OCIgeDI9IjMyLjMzIiB5Mj0iMTQuMjQiLz4KICAgICAgPGxpbmUgY2xhc3M9ImNscy00IiB4MT0iMjMuNzkiIHkxPSIxNi45OCIgeDI9IjIzLjc5IiB5Mj0iMTQuMjQiLz4KICAgICAgPGxpbmUgY2xhc3M9ImNscy00IiB4MT0iMjAuNTkiIHkxPSIyLjc0IiB4Mj0iMjAuNTkiLz4KICAgICAgPGxpbmUgY2xhc3M9ImNscy00IiB4MT0iMjkuMTMiIHkxPSIyLjc0IiB4Mj0iMjkuMTMiLz4KICAgICAgPGxpbmUgY2xhc3M9ImNscy00IiB4MT0iMzcuMTYiIHkxPSIyLjc0IiB4Mj0iMzcuMTYiLz4KICAgICAgPGxpbmUgY2xhc3M9ImNscy00IiB4MT0iNDUuNzEiIHkxPSIyLjc0IiB4Mj0iNDUuNzEiLz4KICAgIDwvZz4KICA8L2c+Cjwvc3ZnPg==\" alt=\"S\u0131cakl\u0131k\" width=\"100\" title=\"\"><\/div>\n<div class=\"temp-values\">\n<div>-40 \u062f\u0631\u062c\u0629 \u0645\u0626\u0648\u064a\u0629 \/ +70 \u062f\u0631\u062c\u0629 \u0645\u0626\u0648\u064a\u0629<\/div>\n<div>-40 \u062f\u0631\u062c\u0629 \u0641\u0647\u0631\u0646\u0647\u0627\u064a\u062a\/+158 \u062f\u0631\u062c\u0629 \u0641\u0647\u0631\u0646\u0647\u0627\u064a\u062a<\/div>\n<\/div>\n<\/div>\n<div class=\"marking-section\">\n<div class=\"detail-row\">\n<div class=\"detail-label\">\u0648\u0636\u0639 \u0627\u0644\u0639\u0644\u0627\u0645\u0627\u062a<\/div>\n<div class=\"detail-value\">: \u0634\u0631\u064a\u0637 \u0646\u0642\u0644 - \u0645\u0646\u0642\u0648\u0634 \u0623\u0648 \u0646\u0627\u0641\u062b \u0644\u0644\u062d\u0628\u0631<\/div>\n<\/div>\n<p><img decoding=\"async\" class=\"marking-image\" src=\"data:image\/png;base64,iVBORw0KGgoAAAANSUhEUgAABf4AAAAwCAYAAABAI2vXAAAACXBIWXMAACE3AAAhNwEzWJ96AAAgAElEQVR4nO2dT2wbV57nf1QGaF9U3lMMtApOL3o7Y9bAGWAwGvJgoZO2WIc4wRgiD3YbCSge7I6NlXSw4yws6aA\/mCgSsJIWsds+UEQMwT5QggeJc6DkdBr2gYyCxWyMLXqcAEkbxQGc07p0cR9G3EPx9\/iqWH\/J4v\/fBzAsUcWqV1Wv3nv1+\/P9hX792q\/eBIA\/AUEQBEEQBEEQBEEQBEEQBEEQ3c5bA+1uAUEQBEEQBEEQBEEQBEEQBEEQwUGGf4IgCIIgCIIgCIIgCIIgCILoIcjwTxAEQRAEQRAEQRAEQRAEQRA9xN808mVBEGAskQBBEIJqTyBsZ7OgqioAAExMTbHPS6oKW9lsu5oVGMNHy3BppNzuZhBEX\/LgaQhu74Xa3QyCIAiCIAiCIAiCIAiCsKUhw\/+NWzchEo0G1ZbAKOTznOF\/0vB5Lxj+F985gKHD7W4FQfQf+y8B\/vsWJUoRBEEQBEEQBEEQBEEQnU1DFqxONPr3OqePl8noTxBt4va3A7D\/st2tIAiCIAiCIAiCIAiCIAhnKHS1ixg8BPDR6EG7m0EQfUnpBcBnJPFDEARBEARBEARBEARBdAENSf3waJoGVy9fAU3Tgtpl3RQVpd1NaArvD5dh8FC7W0EQ\/cn1hxTtTxAE0Y8IggDJVArWV1fb3RSizSRTKdjOZjvifYcgmgWNeb0BqjMU8vk2t4QgCCcmpqYMEuWdzH\/71X+1\/Hzz7p2uUIQp5PNw7szZms+7vf1uBGb4LyoK7ORyQe2OMDF0GODiCYr2J4h2sPcsBPceU7Q\/QRBEP7K0sgwxWQZRHIIPL19pd3OINhFPJGB6dgZicqyuly6C6BZozOt+wpIEN27dBACAN0+MkLOSIAiijwnM8B8EQXlZzp0523Oe7astlvgpvQD418felaCGj5Zh+GgZ7j0OwX+8sDeQ\/vJwGU4fL3va596zEOw9Czl+58HTEPz7z\/rx\/vl4tegxfhfA3mHCnyP\/XQCA64+sP0f2X+p6717OCdvyt6+W4eTr3s7dzIOnIfjXxyHQKhHnJ18vw3vDtfvyct\/szune4xDc+656744dAbh04oCyTADg04fdZfQXBAFisgyRaASGRJF9XsgXYDubZcXPzcQTCcP2buC+8HuapkEmnbbcVhRFGEskoKSqtkXWw5IEMVk27LuRdiETU1Ou39nJ5QLLFsPjFfL5mrkoEo36mucK+TyUVBXGEolA2uZ2rEI+z+4V\/xmPl\/tt3hYAHCMHBUGAsUQCYnKMfbaT24HdXM62v9rBX2On\/g7gfK94RFGEZGocwpJkaJ+fyF98Jvl96EETO7bHrqe\/9Nr6pxGw\/+G44\/V+88RkmY1Lg4LAPuefEys0TfPUf7FNXgJocFuncZRoHpFopPJ\/FJKplOv4h3i5x\/isO\/XNmCyz8cNLJLbb3Oe1j\/ohnkjAqBwDofKsFBUFtrJbtvOrl\/nZ6ZpEolGIJ+KGNYLfsTkovIzXmqZ1fMaI3Zhnh9387ec8k6kU6zNufdtPH\/M6hzaS2eBljep1jSmKIoxW1gp4fpqmsfW73fW0mhskSWL7WFpZhg\/OX\/B8TgRB9DaFfB7WV9cgEo12TaaBmUw6DTu5HUimxtmc1U20uv2hX7\/2qzcB4E\/1fPmHn35kP9ebcsDTDMN\/0G1sB8NHy5A511rD\/96zECQ3vRv+L42U4eKJA0huDjCDux3HjpRh8VQZjh1xNoJffzQAnz4M2Z7\/\/kuA2I1XYP9l7TXC7wIA\/N\/\/8Z+W++fPMXPuAIaPVtvzd\/\/yiuXnVvu32waJpwfgyfMQHDtShq2U\/\/v48e4A3LbQlj92pAyZ3xsN817um1V7r30xYBnRPngIYCv1n31dUPre4xBc+6J7yqGEJQk2795hi30rtrNZWJibr3mB8DsG41j7ycoyM4DZpf\/FEwlYWlmGkqrCb0+MWG7Dpzm+eWKEGSPqbRfCzwNObGezgUS24fHWV9dqXib9pnKur65BIZ+Hzbt3Gm6Xl2Otr65CJBplx7M6B\/5+uDna+W3t+kZMlmFpZdmyz2qaBotz876MnPw1dmuf072y2l897RMEATbv3jEY\/M0U8nlYmJuvMQzU019ImqEK9j9c\/3m532b+\/Oghc3TxUZP8c+LETi7nKIWJbTLv32nbbl3PdjuCIMDnX9637A9OYB9yum84jzrNQ9ifneZRHq9zX1DjBr8WMHP18hXLcdJLG+3a53S8oqLAuTNnW2pg9zpe1zOvtRK7Mc8Kp\/mtpKpw7sxZV8eSKIrw9aOHAOC+DvPbx7zeE7v1iRe8rlHd5gJcJ9uhB1tsWD4LdnPDjVs3mUGpFwMjCaJXaLXUj5291AudIvWD7fC6Hkc6Reon6Pa78Fb3WLP6mI9G64sS71SePA\/BtfuNR1Bfu69rrg8eAlh8p3WOkSfPQ8zo\/95w2dHov\/9S3x6\/V3rh71h7z0KWRn\/cH2YdNMK9x\/YyNvsvAZZ2+3eY2H+pa\/t3C16M\/gAAY4lEoIZkRSmyn+0mTIyUHBJFEG0io3AbTdMCjUD0ylhFxoHwTqPXKxKNwo1bN237rCAIsLSyDPEWZDxY4bYQx\/bZRWp4MfoD6Nfh8y\/vuz67RGvhIzkXLZylXojJsqdxWRCEro266hc0TYP11TUAqEY5e0GpOPScXijxb162UQKuZTYxNekp8t55H1OO12NpZTnQF+qYLDseLyxJHTufu80b7cTvmHfj1k3b+W1IFB0N2Qg\/7uHzZb1da\/tY0MRkmUnvmHEz+gNU5wg\/\/Xpxbp79nEyNe\/4eQRC9DY7bdu\/k3UC3n0Or2x+Y1E8zXlbr9Up3cvqkX04fd4+MbwbHXq2Nsr\/3nW4gPnakXOOM+OVh4++YAcCz9ywEH++G4Mlz\/d+Dp6GGpG8ePNWN1e8Pl1sakY5Oi8FDuhSOEw++NxrUv3oaspTosQON\/oOHAP5XXI\/UL70AGN98BUovAD7bC8HFE9bf\/Wj0AI4dqf382KvG43\/1tHqMzO8P4NiRMuy\/1B0reJ3RwdJv3P52wLezpp1MTE2ysXgnl4P11TUWQYzyPxNTkzAkirDAvQxY4cWTjPvmx+qwJFmO3fzLWCQaBdUi0g0nQKex30+7rD63Om9RFOHa7AwrZuckSxAkVhHeZkqqCpqm2UYmAOgRclvZLdfj8YYQq2OX6nC2hCUJ4olE3ZGLn3AvunyfxXuChpFrszOwk8u1dH4XRbHGIIHSQWFJgompSda+6Ur7zIwlEqxfFxUF1lfXDNvFZBmSqXGIRKOwvrrmeH5e+wtRi\/m6eX2+0VDiJq1j9QxiHxEEAcKS5ElqQZeP2WiL45Pwhi4Zpc+j46lxT3I\/hXyBjRVhSarpf6IoMmMrOsfNfYA3rhbyBV9ttpv7+BT\/ialJV2k0O\/S5U39WNE2DD85fgEI+D4IgwPTsDDPWxhNx2\/ndro0A1uPaWCLOfl6Ym2f3ISxJ8MdbN2GoIsW1vrrWlufJKiJSl4iqpvRPTE12XH08r2MegFFGp6go8MH5C6CqKoiiyBwCkWjUsj8jvGTajoPsVBB9zMsc2ihWazV+jalLU9Wuma5xxnx+rYHfH0sk2Pk7OUfMqKoK29lsRYpJdrwXBEH0D1ivKCxJ8O7bp6CoKF1VYBhAfw\/Gd8Z\/eOPvQdO0rinQC9D69gdm+A9Lku80EbcUwH5PYx48pBtv23VscyQ7SvgM\/qL2b14YPlqGzO\/LEP2fuozOv\/9cn+Gfj0I\/dqTWwdBMbu+FWAT\/4il3\/XveqL7\/Ur+Gfgz\/6Ny4dKIqzzN0GODiyAFc+0LPeCi9AEvHx7Ej3u4Tfwx0Mg0e0utKPHiq36snP4fquufdDDpWugl8mSzk8zUGJk3TYCubhZ1cjklfOOHH8cq\/SEWikRpDiCAIBv3TSDRS89IjiiKn11oEOxpJU9Z1Umu\/XwBdxxaN4jFZbonhv6gons\/HaTtVLfm+Ln6O7Ua9RvmYLLN+Ye6zqqrCB+cvsLR+dMq0UsaGj44zS02gkQPT6IdE0fJlHjWP0XljvkY7uRzs5HKenCdB3rN+wmxQvHr5iidjmyiKzNjq5lizegYL+TxsZ7NMGsar0WVpZbnv17+dzkZ6A6ZnZ2Co0kfc5gvjHBmt2d4cMW3lHJdMtUH8YDv3VT7DF\/1RWfZct4AnJsts\/l6cm2f71TQNPrx8BSLRKAyJouPLrF0bnY4JoI+hfJvRwYrR02FJ6hhDJ9YqwBf7cEWDvVMC1vyMeQBg0PRHoz+APn+vr66x6Hane8BH8GfSGw7HaryPtWIOtVtjqqrKgjVG5Zhhvo9Eo1x9g1pZK\/16rsJ2NsskmPywkd5g17neZ5wgiN4D1yPGQL7uMfyjMzWTTrNxsZAvdI3hv9Xtb6uGxZApmo4w8v5wueeirK0cCn759FE1CnvxVOuM0aUX+rEB9OK6XpwW31ScJejAweh5Lzx5HmJFk4ePGv\/GG\/qdiin7wZwd0M+6\/gC6xI\/Xe9UJ8JPEtsMLm6ZpTYkww5cdySLl2zyBWaWFG6MZW2\/c3OWuCUoOEd5Ao7xf+OtsF+nJf84bGVoBGpZ0eQ9rhwOfRm\/Vb7Dv77o4RjpV67nbQZ1vRI\/M93atRzkZju067w8vDWPepx1+CzoTrYfvD17kWvg5TZLCNX83jx1hi234z4KcI3kjYCNzHxq1rdqGRl+3Aqj1YBUowBuZ3WTW2gGfsdFJ7fM75hWVIqyvrsHC3HyNYZ+f7+zOkY\/i91JwvV19LAgK+TwzrpnHd+P63f66q6pa17PPG\/ZavY4iCKKzCUsSJFMpEEUR4ol4VwYZjSUSzJkek2OG8bYbaFX7G4r4L6lqwxOs0\/fr1aBuRSpfsxk6DC2NZO8Wnjyvat5fGmmtDNLSLldT4JT7vdl7VpXIOX28DNcf6s6Db555y3Q4dqQMmXPW22mcQdos3WPGLiPAD3vP+ivif++Zfd2DbqAd0WPooR6qRO7zbeC1+1H2wrxNuIFoxiDolIjAbgIXhihf4FcmAu+5pmm291zTNHj37VNt0b7nsxHsUFWVrYWc1jOdEtHZb5gdSn6Kd+O4VVLVhsaHnVwOlkCPPhbFIdvtMuk0y26Znp2Bd98+VfcxuwWz\/Ni+psHE1CSMyjLsVyLA+UL0vMRWUVFgJ7djiJTimZ6dYdH4C3PzEK9IZaAcXSa9YXCCT0xNQTwRh0FBYH+3e\/ZxzNKlTLwZywv5PHuxM4OGP5wjrRw\/vGRYkPDXrt5xdsvFoYb6tV6kyLAN\/TxmYv0IlGEA0O\/7dnbL9jr77e9W+B3zvDpR7e47jncAztH+eKyg+li75G6wTzs9Z83q94V8nkkvEQRB8EzPzsD07AwU8nm29nQqpN5pYD01AGPWFBaq73Ra1f6GDP9\/OH\/BoCntFa+TTr2TUy8Ux7vaJomfVoAR6oO\/8G9IRn39Vkv88DUFvEj84HcAAP6pYjAfPlqG0uMQfNVAbQOElxCya8unD0Ow92yAbff+cGuvWTeDxZu7Cf5lYSwRb7luLG+MMOv881HPo5V07Ug0amgjvnAWFaUtL\/y8MYZ00r2zMDfPitJOTE36MqwifmQy2oGT9BSAbvy3K1qNhryYLLtq+BNGcNzwEnmEzsQgxw\/MXmo08slL5Ku+3T6sr64xA14jtTOCoBXXnzdyS5LEdLDxb2OJBIzKMrx5YoQVAuePidFRVk4S3sg1PTtjyErCrAp8wfr8y\/uGexOTZYjJMnxw\/oLtXOrXkFZUFEvDPzrDAfRo32QqZekc93M\/OomwJHlyooqiaNC21TQNMumNlsq7tQreAWi+JnyNAh7ss8nUeF39PSxJUDiRd3w+gxrzAIzFCu2KUY9z9QQaWbN67WPJ1DjcuHWTjTHoWGz3GsO4fk80RYqnkC+wPuFF7pMgiP6Df\/9V1VIbW1I\/xnNoPEi91TSz\/Q0Z\/lHj1i9+awH0G8NHvcnIdCPXKzI9g4cAfufzHK8\/GmD6+n508hsFC90C6JHzXu8NGufxPIdfK8O9xyFWK6GR9mDR4JO\/sW8Lf5z9l2jMHiDjvwtB3KN2gAYXNDLeuHXTUNy32ZgN\/eaCv\/o2BabBGolGDC96zYpm9AovO6e4GHqJKnoUol44biyRgK3sVt++UFotzgr5PKsBsHn3Tk1xX8IejH6xKpJpZnp2BiLRKJw7czaw\/of3s5UvP5l0GsZT4zBUKQbZ6oLWPK2+\/mj0L5kkOwRBgKWVZUMRUcwsA6imqdsZy3iDKEbdIxNTkyCKQxCWJNA0DUqVwt3I0soy7Lxh\/bzy\/cKLTrud4Y0\/Xia9YdgGxwpjRlyw8xN\/PZox\/\/Jzq5NuvDlrCp3JojhUl0O5U4lX5koAsOyzkiTBYKVv85H36AzSs16mbB0idv3di+M5qDEvJsusWK2dZEE8kWDHW19dg0g06pj954TXPmaW5YpEo7B59w6cO3O26WtP3sFnPhY\/Zk5XxsF6C23bwe+rFwIkCaLXwazGsBSGmCzDTi4HRaXIMsH0bMd9JpeWSW+AIAxCMpVijnP83W1f+nhTgmRqHKZnNVDVEsQTcVhfXWP7qAc\/bTa30e\/5o0zatdkZGBQEEMUhEAQB1lfX2D76rf1mAivuSwTHR6Pdb\/S\/910IvvmLsYQEb0z9aPTAl\/yMudDqve9CcPp4a67Tp4+qWu+lF95kb0ovgNUhwG1P\/qYM1yp\/e\/I8VLdM0ce71fZcHHE24h87UobBX1Sv\/acPQ\/DPx0m\/3479l7q2f7eSSW+wFyCMWCypKiiKAoV8AXZzOc8vEhNTU7Z\/K6lqTSQqGk30YodVLWLeqFDI55nhnzdk8IV9ee3bINrFI4qi5fcj0YghyrBePW+\/xBNxx2jRbol0XJibZ5kcE1OTcO5M5xj+3a5xs8mkN9hiLSxJcOPWTWbcKOQLlYWgN4NDr\/SXboCPVm21M\/LDy1dg8+6dthS0bje84wCNcgD6fIayX3g\/kqkUkwmKJ+K2hn80oqFkEDoS8LkcSyRgO5tlxmVRFOHGrZvM0IovbGacstyssNsen2k08vKSQHhcvnZOkI5VlJVCdnI7ge0boLoOAfCm4c4bfvG6dKtD2Uqu1rwe4ut\/IFvZLCiKApIkGdYzgiCwQuHJ1LjtuGDV371EkQcx5vEZGwD6OdoFCKKxAwAMmT4lVYWFuXnPDnK\/fQyDZMSKowmfgWYXVJ\/mztH8nKGmNl67ialJmJiaZNr8uFZoxAlsHn8oAIEgOpsFroj5Dz\/9yMbSQj4P8UScSVkKwmAlY3S18rsAhXyBzR+RaNSwr\/\/93f8x7Gt6doatf4qKwjIrr16+YthHPfVo+ONMTE0a5Df5d3ZzG\/\/86CErGC8IAsS+k9m+dnI5mJ6dMexLEAYNv+O65s0TI4Z99Fv7zXS04b\/eSbjdKXuNcPp4a3Xrm4Vu+LaOml5858C30f7aF8ZCq3vPQoFo17ux96xaUwC595274R+j\/YcOV9s4eEg3xD95HoKvvq\/P8M9rz783XHY8\/49GD1hmxN6zECQ3B1jbWpkx0U3c\/rZaOLobWV9dBVEcMmjyYRRdTJaZfp+X1GanwuuFfN7SwK5UIjF5I4WVUQNg0vByyC8m7FLCG2kX4qWg\/CKnJ91s3LQTu8Xgh5ElE1P6fW1UooQ3+JnxG1Hcbn3KQj4PVy9fgaWVZfYZyptEolGYmJr0bOjolf5iBxpi7O4vGmLx7079TBTFhowbfORxqyPu0XiF\/SPoyE872n39t7NZw7EL+TzLJgKAmgy2TDoNMTnm6YWUrxOgaRoszs0binfzEeVq5XnEMSgoI5mqqswQKxmc4xF2vvr\/BZYVh6AzXdO0uvpCWJIsx1S8p3j8oJ0K\/LhnV8Ad0TTNEHkdTyTY95Op8a4z\/Ds5aXlHkxV8MVZE0zTYSG8wA7KTTr25v3uRjgl6zNODKLYs94UyXQgfgT5Ucbx5mev99jH+uqOmMmZIYH2ERrF6zkQum8Xufnxw\/gJrD4LXaSyRgCVYNjh0CILobXjZQ\/wf1xDmDGNBGGQ\/D4kiDApFw36c9sWPv+axOIhzsD7OIGim4\/JtG6z889bmQcdzaGT97HRMqLkHndd+Mx1t+O+2RV6jDB7SjbW9wNBhgF8eNhqX9\/+qR7rrRvwDz8bnJz+HmNF\/PX4AE1u6Afv6wwFYfKe51wuzDE6+rkfO33usG94vjjg7HR6YZH6Qk68DPHkO8OApwMUT\/tvz8W5V2\/+ShWTPsVfLkDmnf847J4aPlpnTQXfIkOHfjDmrpFv58PIV2EhvsOhgs0GkmanNhXyByZrgBFdr1KiVBPJS5LXZ+I0yI4ysr65CPBFnzpV2SpR0GlsVg+aoLDNDJQ8aOvjomn5kLJFgjhD+OUymUhBPxJkBFo3iSyvLcG12BnZzORatGpNjkEyNswhxO5mWTufq5Svw9aOHAKBHw9Yjq+mXdl9\/KwmbQr7ADP9WcwMayZ0oVQzuPHxRbuv9Nuf9A6W\/whbOccx2c3KO19suu4LBSElV4WrAcjpLK8vsBdZJdhCDvMwFZbeyWVacVqoj0rDdWN0rlHsZSyQgLElw7sxZX\/Mkfw3tDAJW\/b1VYPvwPJdWliEshWsM8rxkgaZpsFtZL\/DFfr1kD3rpY7xDkb8nmqbB+uoai26VAjL8Oz1nmqbB1ctXLO8PZjTFuHWC2fBWb78hCKL7WFpZhqQyztZXn395H9SKHCFmgOnv2fqYw8vBRaJRiMkx5iTg94XftdpXWJLYelOXWIwYZMr84tZmpzZu3r0DRUXxfP68BOS5M2dZljW\/j6Dbz1+fTmy\/mY42\/Pcb7w+XPRWN7QZOv2FdSPbeY93w\/\/HuAAwfPfAU9Y5G\/0sjeu2D4aNlFvnuZoBvlP2XupF98dQBPPm5Gm3v5HTYf1mV1jFnBui\/h+DJ8xDbt1du74VYjYNLJ6wLDA8eqj0mMnRYdzo8ee79mP3E9YfGrJJupqgosDBXfYHB6GI0zAqCAH+8dRN+e2LEdh9OGVd2LxxWUgZmo4b+c561Sf85UvP9INvFt49\/AcWIWgBdF7bVRv9OKCoXJAtz83CjUpSwEYkSTdMML+h8tFw9bXK6xnaZBUGjqipk0mkW6ccvzPEZWVpZhkI+7xjF2Uv9xQwWvMT+g\/BSJLj4xf9RxgLhv7dfeYnpxmuG\/SWZSkFMlltSjLHd19+q3wcR6WS3j3YUfdP1XauGf7MsCv8\/\/p2fR4PW99dT1bcqWrPBGRJ5+ZWiojjOBU79uqgohsKt3YTdWgWzL\/Cl3mo7URRhLJEwZH0AeNNmb0V2kB38+uqTlWUYSyQgmUrBVnbLMA7w5\/XB+QusD6yvrjE5o0g06lg7w2sfU00OJR6zI6VZoHNjfXXN9f7s5HJsLVrNDowwp0hYkgzSHARB9CZmh725Do5VYJ\/d7173xdchC6cl1yx5N\/y02dzGes8fs8X0QIvaYKt+ar8ZV8P\/9OxM3V6eRqn3hdzu5dgu1dUrzdT\/GzoMfVF09fTxMnz1tAwPnupG9I88yt0cO1J1JFwaKUNy090AHxSLpw6YQd2L0+EbrpaBcAhsC8U++N57nYL9l3qtAQD9WtQj1XPsiJ5pQNTCSyj1IjiBZNJp9sI5VJFisDPK1GNkMhss+Bc2\/m9FRTFIGVg5B7wcwy9mg3JRUSCZGq9oaY8HbvxwA3VdewU+GjiZGq+7VkJRUQzz7cTUVN2Lz069xijlkEmnmYEEAGBUlm1lGTr1XILiw8tXYH11DUZlmRW4BajW3eCNR1vZLOzkchCTZRgz1T7YzmZhJ7fT9dk766trzNgzPTsD7759qqnHo+vffDCaH8ComWuOdkeDt\/mFr97nv5DPN13DHDHLrzRioGxlYe1WUVQUWJybZwWrzeswXuKom1mYm2fzGhY6RNBxaJ7TNE2DrewWm+\/tamcE1cea4STxUgzdK5qmMUfAVnaL1X4ZlWUAIMM\/QRDBgGsQ3ilrdjx3Onx9oEI+31CmQjtoRftdDf9WC89WUe9x7SIi3FJd28nVHpH48QIaoP1Eni+eMsrWBB31P\/gL689Pvq5nGSBenA6o7w8ATFffiq+eejf88wV9e6H4c6fx6cPeNfrzmFObvUSP+aVamDDMjOhmo0YhX4BkKlWj89rqyFxemx6LOPaz1EoQLMzNw+df3meFfoOm1IZoRl4704l6jXK8gaQZz2Q3oaoqbGezhr4jCEJNxCgAGomyMJaIGz5XlGLDRmf+Xnop3OoVP\/0Xx2sMwIm3oF5Fp1z\/bsOrw9jcr8xSePx2+vwYNuy7G7JXvEr89DP8esgsMXONy7Ax94tmGjKCHvM0TWNyWmYDEjoVrQzvvHPMjn7sY0VFge1sFpKpVMPrBJIJIggCKakqvPv2KdA0DZKpFPy5IjPZTZl2O7kckyi6cesmyxzrlneqVrXf3irZIjLpjXY3oe0MHzUalwkjqE\/Pc2mk+vvtvdpuzMvd2Mm3aNzndpJD5sh6dDoA6LJFVvt+8L03I\/I3NpkAZvho9NPHy66Fhe0o\/b+6vgYAAH\/7au\/2z3uPQ7ZZGb1Isxf8+AImuRg1APSX2DhnNGpHNDMfXR2EobpbFhnNAl9OAXQ9Wi+6hG4Oed5o0EoZA3xWnNoXREABvYQbQaNOUVGYAfkTmwjYZCrFsovwWZ6YmgxMDxOg8Wea7x9+I5gz6TRzFjTDkWZFp13\/ToW\/r34Mj9U5Mmyb7Ya\/R6JRVgi4qCgdP1b4kfjxglenazfDG1dQ3gZAr\/Nx7sxZwz+34rVB4XXMQ8lGu+fdrb\/u19Gfg+xj3bZe07T9ur9b73hFEERvo2maIVDPLEnTDfBBNSVOR79baFX722b4L6kqfHD+Qt9FBVnRbxHcQWjMuxng+cLCdob425VCrn6zBQxOh2+NjxBq9wPoToNLI9b\/AHSHxIOn7gZnvqDvxRHnzJDrjwbg7\/7lFYinax\/tJz\/r\/x87Yv3d0gvj7\/w1FZVTGskAAAvhSURBVHqk9oSZ\/Zd65kav4MUA2WyDDBoshkSRFeQzGzX4Ir4Y6dyugnQoYwGgt7nRqFr+HnS6kaZZLMzNs3N3Wjzy\/YLXBucRK1q\/+vatdQzh8ZwyH3l9853cTs3fvSze+sFI6hW97oFu1FmYm2eFEMOSBBNTU4Zt+aySTHoDFubmWXpsEFIZeP8bTXdOpsbZz\/UYXFDGohUvYp10\/TsdrIngNwup2q+qRl4n5\/goZ+TsZMz33YuROhKNwg8\/\/Qg\/\/PSjoeAr\/3cA52uM98GOdmSJucGP+Xbta8f7sd8xb\/PuHdi8e8eQpcBjl52A52z1d6eMhnr62ObdO\/DDTz\/C51\/er\/kbP6+3u594W78793Xn77r3OYIg+oeSqsL66hqTk4zJcssCTIICZYxjsgzxRALiiYThvazT4dufTKWa3n5XqZ9WaUI261hBau01g9PHa6PZe5l7j0PM2G1ngPbK6Td0uZ\/9l7oBnq+RMHRYj+J\/8jwEH+8OwLFXjYWE+Sjv3\/nMthg+Woahw7qh\/LO9ELz3j9UivV99XzXSf+Qg33Tvu1eg9EKP5nfK9rj+aIAV9H1\/uOzqpOCLB+89CzHnyN6zamHgocPG4+F1uvedUXqI17y3k0Lqdm5\/O1Dj8OhWItEobN69A4V8Hq5evmIZGR2WJPaCxhvfg8SqWJqVwRalDOwMH60EtbQB9GhVL3I\/8UrhPV5bFhdPSC\/rsTvBSyg5wUuKTExN1uj9iqLIZKn07bea02AbdnM7zBj1ycoy\/OH8BVOBwqjhHHdNhhpBEGDz7h3Y1zT48PIVW61i\/hz7tc8gJVVl\/YAv+DgxNWlpCNvN5SAsSSzqE6WmgugrWIukXmkN\/mUKQD+3eox5eC1aIVXZSde\/08H7oficR7FAL86PZik8gOr8bJwj3WvgtBNefiWTTnsay\/jxdGJqEgr5vCHTCp89q2uMkYmjsgyCMG9wtPPONr\/3p9lEolFHOR9kSBRBa3Hb\/Y552EexYDV\/P3lnvrnvKorC6kzxhcsFQYBx7t6Zr029fQzPKZ5IGNZ3ndJPsI5RJp2G9dU1y6AR3iBUzzoBnTmaprW1ADRBEJ0ByvtsZ7Pw9aOHtgFYnQpfD66oFLsu4KQd7Xc1\/BPNw8043M3c+y4E3\/zFGEn9Hy9CBiPre8ONnfvp42W4\/tDaAK\/vvwzXvtAdA\/H0ADOC7\/8VmBG83nZcHDmAa18M1DgdsHjuyd84OxN+93oZbu+F4KunIfho1H67z\/aq7fzmL1BzTQH0jBF0avBOieTmADPk81kPZkfHydf1LIy9ZyGIpwfg5Ou6LBAa\/tGJ0mtgv+kVUIohEo3C148eMuMNpgbH5JjhZS6T3nCMSPdSCN2qkLpaidzHlzMrowZA1fiBKKbfg26XE6qqMsPakChCTJYdDXTTszNsgRSJRmEnl2ORmbwjw60N07MzrlkB29mtrqw7sL66CvFE3DFKWVVVyKTTTLN28+4d1m+x\/gNez6KitPw6oH459ovPv7xvMFAYn6d0TT+fnp0BQRDYuZUq\/QzlXsJS2BDlyhtbrejl\/oKoqloTBJJJp2E7m605d63iUOEjGYuKAv\/wxt8Hkm2DtUiw\/ofTmBBPxGuiZM2G+kZkOq5evgJfV3RXm0knXf9OJixJnGPbn0HebGC0e+bRqGr3PYQvfh50sNMPP\/0IALrzx0lSJZ5IGMYyDESwgu9faHQYSyQgLEnw+Zf32XzKR71ZycJiEVhBEODrRw8rfXTfsNZBR1Y7sDp\/87yxk8sZ5g0+EvuTlWWDEbhZdXN4\/Ix5AGCoGYX3rqgUa9ab26Y5KZPeYP1l8+4dNr7EZJk9V+bv1NvHMukNtl5bWlmGUTkGRaVoWJ94Wa81C1EU2X1NplKQTKUqawF9XBGEQcN1AdCvu18wc6jfgwsIgiD6FTL8t5H3h8sGQ3UvUXoBUHphb1S9NOIeve4FOwM8gO4Y2PtLmRmwrXTcF985qKsdVk4HjXMoDL\/mbCgfPqob\/vXrZC83xMvt2OnQ7\/\/VeKyrowcwsaU7CPiofQDr6\/7ePx7AZ3uvwP5Lvf1mKaZeLTx9\/eGAbf2HbuQP5y\/AH2\/dZC8H5sK5PNvZrKsuqpfoUjsJk0I+z17Q7F4y7KQN3GikXU6sr67B5l1938nUuOML71Z2C8YSCRAEAYZEsSZKQtM0uMplAtjhJaqu06M8nViYmzdEs1uxvrpmkNKx6rcoDdgOPjh\/ATbv3mFtsup\/hXze0qi7MDdfKWyof2dIFG1TOIuK4nqOvd5fECujsZMh2SpaOgj4MSkmxxzHBCdNVE3TYHFuviHpDt5J1mw65fp3MnxtGnOmjxuo1e8WyV\/IF9h40awMvaAw930\/WTILc\/PMuWo1n25ns5brAz09PsYcxFbPxoce5uFm4bZWKSpKzTqBf87DkuQ6fwaNnzEPQHdcoONG\/45cI9lk5RQv5POG75nnRU3TaubUevuYqqqwMDfPsjHNbbQ6VitRVRWuXr4C1yqBAgDV2glWXLXJHnQixgWl7FpIEhIE0X\/cuHUTCvkCxORYu5tSF2FJgk9WlkFVS4bsrW6hHe13NfxPz87Unebca\/iNInVi6DAYjNT9wrEjZbh4Irhixm5R\/4vvHMDQfxmAz\/aMdQCGDusG7UbaYXY68HUF3Arw\/hP396+ehmqKCDfCydfLsB4\/gGv3q4btwUO6o8mqzw0eAsj8\/gA+3jUWuQ3iGnUqfMHkXqGoKPDbEyMQTyQgmRq3HLeLigKZ9EbTI4L1iC80\/FsbNVRVZan62LZ2ghFfaITm08\/NYHre9OxMzcuZ7lRZo1Rq0I0CbhIlmqbBuTNnYWJqqiZDQNM02M3lDDUDWg22T4\/EGzc4lUqqChvpDUOBaKvvRqJRSKbGLTWsS6oKW9ktyKTTfWEw7Sb4aOSxRML3c43ZK5n0RiDjAUqSdVPBsl6Ej0bXM3j831uUH8F9WMF\/3u75sZlomgbvvn0KllaWawyymfSGbZACjq\/TszM1huOiorCaE52GXjR7x3bMRyO0+VnH+WbaRk8\/COoZ8z68fIUZLvzMj3bfQ7nKIOfDTDoN+5oGE1OThjUGOu3b\/XxtZbOwk8tVNJ6tMyV3cjnIpDfq6tNoVNI0jWorEgQBAM4Oxm6hm\/T8rWh1+0O\/fu1XbwLAn+w22Lx7p+s7RVCcO3M2sEXk4jsHBj11ovk8eR6C\/b\/qhX+DyDboBvCc3RwRyP5LgCc\/h2DwF70p74MkNwdsMyh6iU7R0O9l+NR9usaNI1aiPjs1whWfKTsJKzdELjIcI3+JzoWXk9jOZtsaQUx0Bry0TpDvBUR1Pq1n\/Md31V4aVxudb+qhkTGv3va28t5hGzu9n+A1aXQtxN9PN8kugiDaRzcZ4u3GkXgi4Sjx2inoQVe1QZDd3n4X3iLDvw+CWuAPHy1D5lz\/RfsTRCfw4GmISSERBEEQhBP8OpgMvf0N6tAD6I5ecz0EgugFaMzrDQRBgM+\/vM+CKd48MdLRzg6CIAiiabxF1q82cGmkdyOpCaLTWdqlYY8gCILwBi870UyZDaLz4e9\/O3XBCaKZ0JjXGyRTKRa9yheKJgiCIPoP14h\/IliGDgOcfoMM\/wTRDp481yP+CYIgCMIryVQKJqYm4dyZsx0pQUW0hrAkwebdO47a8wTRC9CY1\/0IggCbd++wehgEQRBE3+Iu9UMQBEEQBEEQ\/YwoilS0m6B+QPQN1Ne7H6zzRdH+BEEQfQ0Z\/gmCIAiCIAiCIAiCIAiCIAiihyCNf4IgCIIgCIIgCIIgCIIgCILoJcjwTxAEQRAEQRAEQRAEQRAEQRA9xN8AwL8BwFvtbghBEARBEARBEARBEARBEARBEA3zb+1uAEEQBEEQBEEQBEEQBEEQBEEQBEEQBEEQBEEQBEEQBEEQBEEQBEEQBEEQBEEQBEEQBEEQBEEQBEEQBEEQBEEQBEEQBEEQBEEQBEEQBEEQBEEQBEEQBEEQBEEQBEEQBEEQBEEQBEEQBEEQBEEQBEEQBEEQBEEQBEEQBEEQBEEQBEEQBEEQBEEQBEEQBEEQBNFb\/H\/u8bAMdpBWVQAAAABJRU5ErkJggg==\" alt=\"Markalama G\u00f6rseli\" title=\"\"><\/p>\n<\/div>\n<div>\n<table style=\"width: 100%;\" cellspacing=\"0\" cellpadding=\"0\">\n<tbody>\n<tr>\n<td style=\"width: 120px; font-weight: bold;\">\u0646\u0648\u0631\u0645<\/td>\n<td style=\"width: 400px; text-align: left;\">ISO 1307<\/td>\n<td style=\"width: 120px; font-weight: bold;\">\u0644\u0648\u0646<\/td>\n<td style=\"width: 400px;\">\n<div class=\"color-icons\"><img decoding=\"async\" src=\"data:image\/svg+xml;base64,PHN2ZyB2aWV3Qm94PSIwIDAgMTAwIDEwMCIgeG1sbnM9Imh0dHA6Ly93d3cudzMub3JnLzIwMDAvc3ZnIj4KICA8Y2lyY2xlIGN4PSI1MCIgY3k9IjUwIiByPSI0OSIgZmlsbD0iIzAwMDAwMCIgc3Ryb2tlPSJibGFjayIgc3Ryb2tlLXdpZHRoPSIwLjUiLz4KICA8Y2lyY2xlIGN4PSI1MCIgY3k9IjUwIiByPSIzOCIgZmlsbD0id2hpdGUiIHN0cm9rZT0iYmxhY2siIHN0cm9rZS13aWR0aD0iMC41Ii8+CiAgPGNpcmNsZSBjeD0iNTAiIGN5PSI1MCIgcj0iMzMiIGZpbGw9IiMwMDAwMDAiIHN0cm9rZT0iYmxhY2siIHN0cm9rZS13aWR0aD0iMC41Ii8+CiAgPGNpcmNsZSBjeD0iNTAiIGN5PSI1MCIgcj0iMjIiIGZpbGw9IndoaXRlIiBzdHJva2U9ImJsYWNrIiBzdHJva2Utd2lkdGg9IjAuNSIvPgo8L3N2Zz4=\" alt=\"\" title=\"\"><\/div>\n<\/td>\n<\/tr>\n<\/tbody>\n<\/table>\n<\/div>\n<\/div>\n<\/div>","protected":false},"excerpt":{"rendered":"<p>&nbsp; \u00dcr\u00fcn Ad\u0131: TB KUKA &#8211; 250 \u00dcr\u00fcn Kodu: SEW22K\/250 Kanal A\u00e7ma Temizleme 250 BAR Kullanim Alan\u0131 : Kanalizasyon sistemlerinin y\u00fcksek bas\u0131n\u00e7l\u0131 su ile temizlenmesi ve durulanmas\u0131 i\u00e7in. Alt Katman : \u00d6zel Sentetik Kau\u00e7uk. Takviye Katman\u0131 : Y\u00fcksek Mukavemetli Sentetik Kau\u00e7uk \u00dcst Katman : A\u015f\u0131nmaya Dayan\u0131kl\u0131 Ya\u011f ve Hava Ko\u015fullar\u0131na Dayan\u0131kl\u0131 P\u00fcr\u00fczs\u00fcz \u00d6zel Sentetik Kau\u00e7uk. [&#8230;]\n","protected":false},"featured_media":22177,"comment_status":"open","ping_status":"closed","template":"","meta":{"jetpack_post_was_ever_published":false},"product_brand":[],"product_cat":[2353],"product_tag":[],"class_list":{"0":"post-21249","1":"product","2":"type-product","3":"status-publish","4":"has-post-thumbnail","6":"product_cat-sel_kanal_hortumlari","8":"first","9":"instock","10":"taxable","11":"shipping-taxable","12":"product-type-simple"},"jetpack-related-posts":[],"jetpack_sharing_enabled":true,"jetpack_likes_enabled":true,"_links":{"self":[{"href":"https:\/\/tuzlahortum.com.tr\/ar\/wp-json\/wp\/v2\/product\/21249","targetHints":{"allow":["GET"]}}],"collection":[{"href":"https:\/\/tuzlahortum.com.tr\/ar\/wp-json\/wp\/v2\/product"}],"about":[{"href":"https:\/\/tuzlahortum.com.tr\/ar\/wp-json\/wp\/v2\/types\/product"}],"replies":[{"embeddable":true,"href":"https:\/\/tuzlahortum.com.tr\/ar\/wp-json\/wp\/v2\/comments?post=21249"}],"wp:featuredmedia":[{"embeddable":true,"href":"https:\/\/tuzlahortum.com.tr\/ar\/wp-json\/wp\/v2\/media\/22177"}],"wp:attachment":[{"href":"https:\/\/tuzlahortum.com.tr\/ar\/wp-json\/wp\/v2\/media?parent=21249"}],"wp:term":[{"taxonomy":"product_brand","embeddable":true,"href":"https:\/\/tuzlahortum.com.tr\/ar\/wp-json\/wp\/v2\/product_brand?post=21249"},{"taxonomy":"product_cat","embeddable":true,"href":"https:\/\/tuzlahortum.com.tr\/ar\/wp-json\/wp\/v2\/product_cat?post=21249"},{"taxonomy":"product_tag","embeddable":true,"href":"https:\/\/tuzlahortum.com.tr\/ar\/wp-json\/wp\/v2\/product_tag?post=21249"}],"curies":[{"name":"\u062f\u0628\u0644\u064a\u0648 \u0628\u064a","href":"https:\/\/api.w.org\/{rel}","templated":true}]}}