{"id":21225,"date":"2025-08-11T10:38:15","date_gmt":"2025-08-11T07:38:15","guid":{"rendered":"https:\/\/tuzlahortum.com.tr\/urun\/karadeniz-16\/"},"modified":"2025-08-20T16:05:46","modified_gmt":"2025-08-20T13:05:46","slug":"karadeniz-16","status":"publish","type":"product","link":"https:\/\/tuzlahortum.com.tr\/ar\/product\/karadeniz-16\/","title":{"rendered":"\u0627\u0644\u0628\u062d\u0631 \u0627\u0644\u0623\u0633\u0648\u062f-16"},"content":{"rendered":"<p>&nbsp;<\/p>\n<div class=\"report-container\">\n<div class=\"report-header\">\n<div class=\"standard-text\">\u0627\u0633\u0645 \u0627\u0644\u0645\u0646\u062a\u062c: KARADENIZ-16<\/div>\n<div class=\"standard-text\">\u0631\u0645\u0632 \u0627\u0644\u0645\u0646\u062a\u062c: WSD142<\/div>\n<\/div>\n<div class=\"product-image-container\">\n<div class=\"key-feature\">\u0645\u0633\u062a\u0642\u0628\u0644 \u0648\u062c\u0647\u0627\u0632 \u0625\u0631\u0633\u0627\u0644 \u0648\u0627\u0633\u062a\u0642\u0628\u0627\u0644 \u0627\u0644\u0645\u064a\u0627\u0647 \u0644\u0644\u062e\u062f\u0645\u0629 \u0627\u0644\u0634\u0627\u0642\u0629<\/div>\n<\/div>\n<div class=\"horizontal-line\"><\/div>\n<div class=\"product-details\">\n<div class=\"detail-row\">\n<div class=\"detail-label\">\u0645\u0646\u0637\u0642\u0629 \u0627\u0644\u0627\u0633\u062a\u062e\u062f\u0627\u0645<\/div>\n<div class=\"detail-value\">: \u0634\u0641\u0637 \u0627\u0644\u0645\u064a\u0627\u0647 \u0648\u062a\u0635\u0631\u064a\u0641\u0647\u0627 \u0641\u064a \u0627\u0644\u062e\u062f\u0645\u0627\u062a \u0627\u0644\u0635\u0646\u0627\u0639\u064a\u0629 \u0648\u0627\u0644\u0625\u0646\u0634\u0627\u0626\u064a\u0629.<\/div>\n<\/div>\n<div class=\"detail-row\">\n<div class=\"detail-label\">\u0627\u0644\u0637\u0628\u0642\u0629 \u0627\u0644\u0633\u0641\u0644\u0649<\/div>\n<div class=\"detail-value\">: \u0627\u0644\u0645\u0637\u0627\u0637 \u0627\u0644\u0637\u0628\u064a\u0639\u064a \u0648\u0627\u0644\u0627\u0635\u0637\u0646\u0627\u0639\u064a.<\/div>\n<\/div>\n<div class=\"detail-row\">\n<div class=\"detail-label\">\u0637\u0628\u0642\u0629 \u0627\u0644\u062a\u0639\u0632\u064a\u0632<\/div>\n<div class=\"detail-value\">: \u0646\u0633\u064a\u062c \u0635\u0646\u0627\u0639\u064a \u0635\u0646\u0627\u0639\u064a \u0639\u0627\u0644\u064a \u0627\u0644\u0642\u0648\u0629 \u06482 \u0623\u0633\u0644\u0627\u0643 \u0641\u0648\u0644\u0627\u0630\u064a\u0629 \u062d\u0644\u0632\u0648\u0646\u064a\u0629.<\/div>\n<\/div>\n<div class=\"detail-row\">\n<div class=\"detail-label\">\u0627\u0644\u0637\u0628\u0642\u0629 \u0627\u0644\u0639\u0644\u064a\u0627<\/div>\n<div class=\"detail-value\">: \u0645\u0637\u0627\u0637 \u0635\u0646\u0627\u0639\u064a \u0645\u0642\u0627\u0648\u0645 \u0644\u0644\u062d\u0631\u0627\u0631\u0629 \u0648\u0627\u0644\u0637\u0642\u0633 \u0648\u0645\u0642\u0627\u0648\u0645 \u0644\u0644\u062a\u0622\u0643\u0644.<\/div>\n<\/div>\n<\/div>\n<div class=\"datasheet_table\"><img decoding=\"async\" class=\"alignnone size-full\" src=\"https:\/\/tuzlahortum.com.tr\/wp-content\/uploads\/2025\/08\/datasheet172.svg\" alt=\"\" title=\"\"><\/div>\n<div class=\"table-notes\"><\/div>\n<div class=\"horizontal-line\"><\/div>\n<div class=\"footer\">\n<div class=\"standards-section\">\n<div class=\"standard-item\" style=\"margin-top: 9px;\"><\/div>\n<div class=\"standard-info\"><\/div>\n<\/div>\n<div class=\"temperature-section\">\n<div class=\"temp-icon\"><img decoding=\"async\" src=\"data:image\/svg+xml;base64,PD94bWwgdmVyc2lvbj0iMS4wIiBlbmNvZGluZz0iVVRGLTgiPz4KPHN2ZyBpZD0ia2F0bWFuXzIiIGRhdGEtbmFtZT0ia2F0bWFuIDIiIHhtbG5zPSJodHRwOi8vd3d3LnczLm9yZy8yMDAwL3N2ZyIgdmlld0JveD0iMCAwIDcyLjI3IDE2Ljk4Ij4KICA8ZGVmcz4KICAgIDxzdHlsZT4KICAgICAgLmNscy0xIHsKICAgICAgICBzdHJva2Utd2lkdGg6IC41OXB4OwogICAgICB9CgogICAgICAuY2xzLTEsIC5jbHMtMiwgLmNscy0zLCAuY2xzLTQgewogICAgICAgIGZpbGw6IG5vbmU7CiAgICAgICAgc3Ryb2tlLW1pdGVybGltaXQ6IDMuODY7CiAgICAgIH0KCiAgICAgIC5jbHMtMSwgLmNscy0zLCAuY2xzLTQgewogICAgICAgIHN0cm9rZTogI2E3YTlhYjsKICAgICAgfQoKICAgICAgLmNscy01IHsKICAgICAgICBmaWxsOiAjYTdhOWFiOwogICAgICB9CgogICAgICAuY2xzLTIgewogICAgICAgIHN0cm9rZTogI2ZmZjsKICAgICAgfQoKICAgICAgLmNscy0zIHsKICAgICAgICBzdHJva2Utd2lkdGg6IDIuMDZweDsKICAgICAgfQoKICAgICAgLmNscy00IHsKICAgICAgICBzdHJva2Utd2lkdGg6IC4ycHg7CiAgICAgIH0KICAgIDwvc3R5bGU+CiAgPC9kZWZzPgogIDxnIGlkPSJrYXRtYW5fMSIgZGF0YS1uYW1lPSJrYXRtYW4gMSI+CiAgICA8Zz4KICAgICAgPHBhdGggY2xhc3M9ImNscy0zIiBkPSJNMTEuMzQsMTEuNTdjLS45NCwxLjcxLTIuNzEsMi42Ni00LjgsMi42Ni0zLjA1LDAtNS41MS0yLjQ3LTUuNTEtNS41MlMzLjUsMy4xOSw2LjU1LDMuMTljMS45NCwwLDMuNjUsMSw0LjYzLDIuNTIiLz4KICAgICAgPGNpcmNsZSBjbGFzcz0iY2xzLTUiIGN4PSI2LjU1IiBjeT0iOC42NiIgcj0iMi40Ii8+CiAgICAgIDxjaXJjbGUgY2xhc3M9ImNscy0yIiBjeD0iNi41NSIgY3k9IjguNjYiIHI9IjIuNCIvPgogICAgICA8bGluZSBjbGFzcz0iY2xzLTMiIHgxPSI2OC4zNCIgeTE9IjExLjc2IiB4Mj0iOS45MiIgeTI9IjExLjc2Ii8+CiAgICAgIDxsaW5lIGNsYXNzPSJjbHMtMyIgeDE9IjY4Ljc4IiB5MT0iNS41MSIgeDI9IjkuNzMiIHkyPSI1LjUxIi8+CiAgICAgIDxsaW5lIGNsYXNzPSJjbHMtMyIgeDE9IjU0LjA3IiB5MT0iOC43NSIgeDI9IjguNjQiIHkyPSI4Ljc1Ii8+CiAgICAgIDxwYXRoIGNsYXNzPSJjbHMtMyIgZD0iTTY4LjE1LDUuNTVjMS43MSwwLDMuMDksMS4zOSwzLjA5LDMuMDlzLTEuOTIsMy4wNi0zLjYyLDMuMDYiLz4KICAgICAgPHBhdGggY2xhc3M9ImNscy01IiBkPSJNNTMuOTEsOC43NWMwLS4xNC4xMi0uMjYuMjYtLjI2cy4yNy4xMi4yNy4yNi0uMTIuMjctLjI3LjI3LS4yNi0uMTItLjI2LS4yN1oiLz4KICAgICAgPHBhdGggY2xhc3M9ImNscy0zIiBkPSJNNTMuOTEsOC43NWMwLS4xNC4xMi0uMjYuMjYtLjI2cy4yNy4xMi4yNy4yNi0uMTIuMjctLjI3LjI3LS4yNi0uMTItLjI2LS4yN1oiLz4KICAgICAgPGxpbmUgY2xhc3M9ImNscy0xIiB4MT0iMzYuNDMiIHkxPSIxNi45OCIgeDI9IjM2LjQzIiB5Mj0iMTQuMjQiLz4KICAgICAgPGxpbmUgY2xhc3M9ImNscy0xIiB4MT0iMjguMDUiIHkxPSIxNi45OCIgeDI9IjI4LjA1IiB5Mj0iMTQuMjQiLz4KICAgICAgPGxpbmUgY2xhc3M9ImNscy0xIiB4MT0iMTkuNTkiIHkxPSIxNi45OCIgeDI9IjE5LjU5IiB5Mj0iMTQuMjQiLz4KICAgICAgPGxpbmUgY2xhc3M9ImNscy0xIiB4MT0iNDEuNTciIHkxPSIyLjc0IiB4Mj0iNDEuNTciLz4KICAgICAgPGxpbmUgY2xhc3M9ImNscy0xIiB4MT0iMzMuMjgiIHkxPSIyLjc0IiB4Mj0iMzMuMjgiLz4KICAgICAgPGxpbmUgY2xhc3M9ImNscy0xIiB4MT0iMjQuOTkiIHkxPSIyLjc0IiB4Mj0iMjQuOTkiLz4KICAgICAgPGxpbmUgY2xhc3M9ImNscy0xIiB4MT0iMTYuMDgiIHkxPSIyLjc0IiB4Mj0iMTYuMDgiLz4KICAgICAgPGxpbmUgY2xhc3M9ImNscy0xIiB4MT0iNDQuNjMiIHkxPSIxNi45OCIgeDI9IjQ0LjYzIiB5Mj0iMTQuMjQiLz4KICAgICAgPGxpbmUgY2xhc3M9ImNscy0xIiB4MT0iNDkuNDkiIHkxPSIyLjc0IiB4Mj0iNDkuNDkiLz4KICAgICAgPGxpbmUgY2xhc3M9ImNscy00IiB4MT0iNDAuODgiIHkxPSIxNi45OCIgeDI9IjQwLjg4IiB5Mj0iMTQuMjQiLz4KICAgICAgPGxpbmUgY2xhc3M9ImNscy00IiB4MT0iMzIuMzMiIHkxPSIxNi45OCIgeDI9IjMyLjMzIiB5Mj0iMTQuMjQiLz4KICAgICAgPGxpbmUgY2xhc3M9ImNscy00IiB4MT0iMjMuNzkiIHkxPSIxNi45OCIgeDI9IjIzLjc5IiB5Mj0iMTQuMjQiLz4KICAgICAgPGxpbmUgY2xhc3M9ImNscy00IiB4MT0iMjAuNTkiIHkxPSIyLjc0IiB4Mj0iMjAuNTkiLz4KICAgICAgPGxpbmUgY2xhc3M9ImNscy00IiB4MT0iMjkuMTMiIHkxPSIyLjc0IiB4Mj0iMjkuMTMiLz4KICAgICAgPGxpbmUgY2xhc3M9ImNscy00IiB4MT0iMzcuMTYiIHkxPSIyLjc0IiB4Mj0iMzcuMTYiLz4KICAgICAgPGxpbmUgY2xhc3M9ImNscy00IiB4MT0iNDUuNzEiIHkxPSIyLjc0IiB4Mj0iNDUuNzEiLz4KICAgIDwvZz4KICA8L2c+Cjwvc3ZnPg==\" alt=\"S\u0131cakl\u0131k\" width=\"100\" title=\"\"><\/div>\n<div class=\"temp-values\">\n<div>-25 \u062f\u0631\u062c\u0629 \u0645\u0626\u0648\u064a\u0629 \/ +70 \u062f\u0631\u062c\u0629 \u0645\u0626\u0648\u064a\u0629<\/div>\n<div>-13 \u062f\u0631\u062c\u0629 \u0641\u0647\u0631\u0646\u0647\u0627\u064a\u062a \/ +158 \u062f\u0631\u062c\u0629 \u0641\u0647\u0631\u0646\u0647\u0627\u064a\u062a<\/div>\n<\/div>\n<\/div>\n<div class=\"marking-section\">\n<div class=\"detail-row\">\n<div class=\"detail-label\">\u0648\u0636\u0639 \u0627\u0644\u0639\u0644\u0627\u0645\u0627\u062a<\/div>\n<div class=\"detail-value\">: \u0634\u0631\u064a\u0637 \u0646\u0642\u0644 \u0623\u0648 \u0634\u0631\u064a\u0637 \u0646\u0642\u0644 \u0623\u0648 \u0645\u0646\u0642\u0648\u0634<\/div>\n<\/div>\n<p><img decoding=\"async\" class=\"marking-image\" src=\"data:image\/png;base64,iVBORw0KGgoAAAANSUhEUgAABf4AAAAoCAYAAACvpushAAAACXBIWXMAACE3AAAhNwEzWJ96AAAgAElEQVR4nO2dXWxTV7r3\/0MLI8h0N3QglciWMIfhwlv0wHvUytaoCEqxpZeKj0l8AeKijlW1pzdJKkGRpiQMHx2JgtSEGwbOKEkvEFw4GT4EFw7DgDoa2epoTjpF269EK4K0kzklFU03DdEppXov7LWyvL0\/nW1vG56fVJUk22s9+2Nt7\/1fz\/o\/P1u9MrQewMcgCIIgCIIgCIIgCIIgCIIgCKLRee9ZAM0ANgUcCEEQBEEQBEEQBEEQBEEQBEEQ86d5QdAREARBEARBEARBEARBEARBEAThHyT8EwRBEARBEARBEARBEARBEMQTxLPz+bAkSWhLJCBJkl\/x+MJIOg1N0yDLMtoSCf77XDaLXDYbYGT+MLNWwncblgcdBkE8lTz\/6RSabulBh0EQBEEQBEEQBEEQBEEQlsxL+D97\/hzCiuJXLL6Ry2ahaRpaZRmd3V389yf70PDC\/0+Ln8E3O1bgx6WLgg6FIJ46Fsw+xuKvZoIOg2hQOru7EYlGkFdVHD18JOhwCIIwIRKNNvyzYiNAx5kgCIIgCIIgqk\/FVj+RaLQuRf8nne82LCPRnyACYtmlSSyYfRx0GESDkkx1IBKNBh0GQRAWdHZ34+z5c2gXVosS\/hNWFJw6cxoHenuCDoUgCIIgCIIgnmjmlfFP1JYfX1iE6Q3Lgg6DIJ5Kfj45i+c++zaQvsOKAkmSoOs68qpquo0kSQgriqttACCvqtB1a8si1ueEpkHTNMvtKhGyWZYn68Mtxpjd9D3fjFJZlhGJRtEqyyVtem03Fo\/zfR1ODwNw3n+nc2SF2K5dnF6uB6CwD+KE\/2gmY3mtWfVnTBrIqypy2axl37Islxx7J5yu10qo9vhzMw4quY7F\/tweFzam7PbDiJtz5KW9oAgrCl8lmkx1YDidLttGHAO6ruNaJuN4XCVJQiwe58doQtMwmsk4jrdKPyd+3ilBx8t4me\/4Fa\/5A709kCQJyVQKo5lRyvwnCIIgCIIgiCrhm\/A\/oWk4evhIRSKF39T7y2Wl3I+\/iJ8WPxN0GATxVPLLi\/8KrO\/O7i7E4nEAwK9Cq0y3iUSjOHXmNPKqim1b3zDdJplKcWFr29Y3oNvcK8+ePwdJkmzbY9t5he3Dgd4eTxMHe3btLhGI3PSt6zo+PHzEVMSzQ5IknDpz2iK+LkxoGk729btuNxaPASh8V7LvKDf7P5rJ4MPDRzyJ2WK7VtcLUBA62TE0HluRSDSKj04cLxN3O7u7kMtmcfTwEcfv3QO9PUimUqZ\/03UdQwODGBoYKHuGaEskSiz7nDjZ14+TfX2ut3dDtcefm+tA13Wc7OvH0MCAq5jDioI\/nDnNz5mb4xKLx3HqzGm+vdtnKbfnyO21EhRi9vn7e\/eV\/E2SJFN7ywO9PRhJp8u2Z7AxZpzY+UDvwf69+zCayXj63DEcx\/69+1zdd8TxbUcum8X+vfts7zF+jF\/xHrN\/7z5cunoFkiThoxPHsfHVDY5xEgRBEARBPCl0dnd7escJilw2iz27dpv+7ez5cw2xmt3qPajR4\/eCb8L\/cHrY8gWGmD+zq3+BBy8vDToMgngqabqlY\/FX3wfWf17Nc+ExrCimwlkkGuF\/Z9nJRsJKWGjTWnwTs9PDigJZln3Poq4VkiTh2InjAOBapLcS+URaZRnHThzHlngM7779jmObW4rnz+v3ZCweRyQaxZ5duwMRTEUx2IxINIqz58\/ZxvfRieNos7FOkSQJnd1daE+0FwTxOkggEKn1+DNDkiQc6O2BLLc61odwOmdWJFMdAJiQ626CwQturpWgiESj\/MHfbNLD7n7QlkhA1\/Wy8yLLsql4D8zdl\/Jb1bJ7q93nAODYiePQdd23Z+5INIpLV69g+9Y3TO\/z1Ri\/mqZhaGAQnd1daJVltCcSnidnCYIgCIIgCIJwpq6sfirJHDWjnjPKKuXb+ItVazsZ2ozQkhdxY+oL3Ji6ZbpN95ptaF74CwDA71Tr8xRqakFy5euYfvQ9+m5ftu130\/K12LT8Jcu\/jz\/8Ghcmcph+5K6YKtuPC5NZjE3fsd32d4r5rCUA2+MAOMctMnT3zxifuVfyOadjw7Ybf\/g1hsavm8YttsuOuRNm7Xlh54oI1jf\/W1n\/ZrBzMd8+64VllyYD7b+QJVnICFAshcdoyb\/NRCGlKFw52Sqw7HTGlnjcUgg82ddf9rv2RDtaZRkTmsZtbZwwa8fIhMXkg1U\/stzKBasPent44XcnDvT2lFikDA4M8mNesN+I8XZz2Zxje6KVi9XxMO6\/JD3HbT7YRMSmVzfUVBQXJ02AwnUzkh6GpmkIKwo6Uh08vgO9PabZIO2JBD9Wuq5jJJ3GaGaU\/50dS0mSoDrYDY2k09C0CduYq2EZUsvxZzYOxOvYjTVKJfWXROF7JJ2u+DozuwYi0Si\/JzCR2M1kWS2xm\/RoTyRKLJpO9vVD13VEolHBGijFf8\/o7O7i4340k8HQwCDvi02uJlMdZRMGTp9j23gR\/gv2ZOX3KvG8HDtxvOz8+Tl+jQwNDCCZ6oAkSWhLtJPwTxAEQRAEUSXYM6X4PNlosOSczu6uhqw3G2T8dSX8+7XMwotndCPw4JWlmF3dVLX231z5OjYtXwuoMBW8Ny1fi4\/XvQUAOKSet22r61fb0b1mGwBgaPy6rWi\/aflLOKjssm3voHIPv\/nb7x2F\/OaFTRh8ufAC\/vzCJoxN\/9GhXet+D2IXxqbvoOPv\/ab9uombcWPqC0H4n\/vc2PQdy8kFtt2NqVtlojn7vNhuaEmLq3jM2nNL95pt\/Bow9m8k1NTCz0XH353F3HrnhczXePb+D4HGIIp8kWjEVCARvzwi0UiZKCRJErf9cBKrWXa6ruuQJAntiXYb4b982VkkGkFrcZWA22Vp81m+ZtePrutIplKQJMl2AkOE7f+EpplmsI5mMhgcGLQ9LiLtiXYei9WktFn8J\/v6caC3hwtrnd1djtnefsL6BQr7LIq1hUmANM+EZsKxUZDeIkwimWV657JZvp9O+zacHg7EC7yW48\/qOlbVPLeiaU+0Ox6HvKri\/b37cPnqFdvtGOwaBcCF5kowiyuXzWJoYACXr15BqyzX3csG89IHgGsmHvripMCeXbv539m+MvHfOOEzNzmYLRs7N\/\/6KVplueyhvyCCW3+OLUm2W1liRi6bM722xPMSiUbLVnf5OX6NsImEZCpl2jdBEARBEAThD\/v37uPvorF\/1tezuBsKyTdzz7KVrG4OkqDjX1DT3gjP\/LT4GdyvYra\/E80LmzD4SuGldmz6jm22P1CYJGDsbI3Mu\/\/Qkhb86de\/ddzO737XN6\/CXzZ+iFBTy7zbMuOgzYqDesMo+jvBVh9MP5rBhQnnbOh6ZsHsYzz\/6TdBhwFgzhrEbHbYOGlqto2xIKMVos0Pyz5mdj+NiJhhz+xY7BCz8wcHBi2Ftbyquha6RFHRC8w+hMVQa8FUFIP3m3iYG+1NjCtFgLlr064QsK7reL\/4MFqv1Gr8WTE0MMBXvLipC7Ft6xueivMysbmwqsJ\/8VXXdcNYrB8\/TXFcDZpMeoSFlRrGa1Sc6BDPcVhReBFws4kUzeJclhbPHoURcdLIj0whVjuCYYyn2uNXPDZb6mxCiCAIgiAI4kmBJSAZa7Y1CpIk8Xf0RtyHoOP3LeNfllv9aooQ+G7DMvy4dFFg\/R9UdiO0pCB+v\/e5fRZ9qKkF65vnCh\/uWBF1lWE+Nn3HtO2uNduxc0UEoSUtSIY227a1o3XuZTW0pBCH0yoBoLBP4nbNC5vQtWY7Ni1fi+aFTTio7EbHZ+ZZ61ZxG7cxo2Dns9bWUsgtY9N38NrNDyz6mVtl8MndP1fUPrN4mn40g+aFzitP3gxtBgBcmHRv01SvLLs0iQWzj4MOA0BBYAoriivh0UxUE39nL\/zPFaEdGhjgWcZus+XrDXFf3awGE7fxwzIurCj8y91MyHNC13Vcy2TQlkjU\/CHBTvBksL9JkmR6bbLjmVfz1Qu0BtRq\/NmhaRpaZdnxOvDavlhYzI3lVjUJKwpi8Tivh5BX87aTEe3FcVGw+0pDlmUkUx1F4T3naiKDTQharcixK5At3i\/EMZJXVctCaCJmEwn2\/T1n+dlKEY+P8dqq9vjVNA0Txes6Eo005HcMQRAEQRBEvXP2\/DnkVRWyLGPb1jcwoWk4duJ43a3EtaJVlnH56hVomgZJkvAf\/76O2+E2wkRA0PH7Jvy3CT6gbmHLmK1eXuxefp4GfnxhEaY3LAus\/\/XNq7htT9\/ty44i9c4VhZdnJhCLWfh2TD+aMW37xtQt3Nn6XwgtaXGcRDDr243wb2a5c2Eyhz\/9+rfYuSKC5MrNOKSeM7W1sYrbLQeV3bhhIdh7wS4OtrJg\/OG9eXntD929josTWcfVF2yiBgAOOawOqXd+PjmL5z77NugwOKLwYrRUYcLVaCbDv7yN2zAhbULTbIUwYxFa1qZbW5t6Q1yp4FUoi8Vj87aWEW1+Ki3GKfram9npVBsna6i8qiISjdpOrMTisXnZOQVNrcZfrWEWWABc18CovK850doosDOPeePLRyweR2d3F4YGBkxX2LQl2kuOtViTIhKNIpnqcKyNEXZRe8EKcZWLl8\/PCereJmligg1bLWtZVXP85rJZtCUSdbUKhCAIgiAI4klCkiT+zMyeIa9lRhtG+AfAE6BYXS1d1\/lzZCMQZPyBWv1EotGGOUlBcD\/+In5a\/Exg\/TOf9vGH91yJuBuLBW8Pqee4AM8E+UphgrZdpvn65lVoXtiE6UczPM43XRS7tUPM5F\/\/fHUmoFjWf7UQ25+PCN93+xI6Put3lb3\/Zqhw3G9M3bIt\/tsI\/PLiv4IOoQQrSwlgLps4l83x7YwiCissqrq0+WG2HNeKWeqNavcjfse4yVoVj3MylUIylZpX\/+w8eLX5aUTMsuHZ8QwrCj46cbxha\/DUYvw5wcafVZHrSmD1L4DqZvuHFaXEu77cRz9l++Lh9HdZlvFBcXWSiJtCxXOFe71ltYuTJhOa5lqIF4sFj7gsfg4UrimWEeTn\/US8rxuvrVqMXzax2aj3BoIgCIIgiEaBrWAuPMfGkFdVX98takEsHoMkSZCLNarsVqfXI0HEX3HGv1+ZRnYP+p3d3RW1WS2P2loyu\/oXePDy0sD6716zjdv2uBV9mch\/Y+oW1k3mkFy5GRuXv4QLk5X7vN8tiseihVB5v1He74XJHD5e91bJZEAljM\/c45MX65v\/bV77YOTG1C2EmlqKRXn9yfo3g2X7z9dr3+0xDDW18GugUluheqHplo7FX30fdBglaJrGLVWUYvYwUCpC5rJZyHJrsdDq3KSb28KiLHtVzCYdzWRwDIUs2mra\/dhlezplt7IMBrM2RRuTEZOirGaMpNNcpDzQ24PO7i5cy2SgqvmSLAknZKF4ZyU2P35gd1z98Ah3YiQ9zGNgKwMLfuF57oHuFqd4q7kSohbjz45kKiW04d9+ioVrD\/T2IKwoRducYQwNDHh+CDV7botEIyXFaM3qRZzs68OEpiESjeBkX3+JB\/6pM6chSRIO9PZYrppplWXkVRX7+\/r5you2RLvjZIb4DOr1peeYIIQ79RNWFBzo7YEsWDWNpNOmhaKt4vxIWM3g1yQNKxrOMF5bfo5fKwptzBVIDqKAN0EQBEEQxNOAJEm4fPUKgMKz6LatbwAALl+9UpN3Qz8IKwr+8c\/PARTq0A2n05Akif+u3gki\/oqFf\/by1iYU\/3ODlQ+wGeLLiBeqvVy9FnwbYEHfUFMLF43dWPwApVY7Y9N3cHPqCyRXbsbO1oijD74dG4sZ63a2PTuKfd+c+gLjM\/cw\/vAeQktasLM1Mi97m7HpO1XLyH9v7I\/4069\/66vXv8j65lU89v7bl2vitS8W9Z3Pca8Hll2aDDoEU5ilingPZaIME8dzWRnJVKqs0KTYhhVbTIrQsnbDilJVu5+z561XpeSyWVu\/7LCi2H4eKBRHdfu9cPTwkRI\/d0mSCqJX8e9uhVGxWGVQYpbTcak2w+k0ItFIycqLWDxezN7u4jUMRLHXigMmGd0i1bYHrPb4A8yFc1luLTl+fom+7YkEF64lSYJUjLNVltHZ3YVYPMZfBtxi99w2kk6XFKs2MmwihOeyWYyk03zig00emPHu2+\/wa2g0k3FlrSWeGy\/PjXPXcOGcOgn4xsnJkXQa75tMgFjR2d3FJwy83MsYkWjE9NpqT7SXTEQY2\/Vz\/BIEQRAEQRD1g2gny973Gw32\/KnrOq8b1UjUKv55efybvaQ5EYlGAxci6p0HryzF7GrnIqrVYvDlLm6t0\/\/lJVefYcV1WWY8E7JDS1oQamqpyPYl1NTCxevxh+afFwsKi32z1Qb1KkBfmMzhxtQtbFq+tipZ\/11rtgMoiPB9t92dw\/n3WagH0X\/7MjYtX8sngRqNFzJf49n7PwQdhim5bM5EeIwU\/5Yt+T+bZGVi5Vwb5gK0aPNjzE4fTg\/jQK\/C7X4aTeCx8ge3Qtd17Nm1G22JBNoT7WUPQaIwumfXbkshkvn7j2YyDbX80G\/e37sPuWwOW+KxMrsWNqmyJR7Hnl27a+pb7pVqjj+GU8KDnwLrFsGfHig88IurEwqTfQnPz3lWtCUS0HXd01gECvcjZrlVKNpbfgx1Xa\/ZfYnVI2B4EfAZbUW7H7v7B6NQq6Cw\/xOaVtHET2EViv2qKqvz8qSMX4IgCIIgiHolr6oYzYwiFo8hrCh8hSVbnTtSzApnz9NDA4MIK2HE4nGelBaJRhCJRm3bkiSJW2G2J9r5839YUXCyr5+3UQnGfljCYDKVcoyxsJI0x5NS7NrSdZ0fjwO9PTh6+Agi0Si0Yh9iYsvTFL8dvhX3Jfzhp8XP4H6A2f47V0RKstyTK1\/H71z4w7PP3Jz6AkDBKmds+g7WN6\/CzhUR9N2+bPnZUFMLfqeUZ\/O+GdrM\/\/3JuLl1jDgxwCYXLk5kC6sNVkTQ4Rh55VjFzXA6bofUc9i08UPfs\/5DTS1Iriwcu6Hx67XJ9g9t5pNFXWu24aCyC0BhEuY3f\/t9TWLwgwWzj\/H8p98EHYYlZpYIor84UJqhz76UWGFRO9FRLFJpzJS9lsnwbOtq2f3YiVlOFhzsi5jBHoKAQvZ+JfEWHqgGMDQwwB+GmIULO+ZhRcGpM6dNVyOINj\/XArL5AeyPqzGTvJqIiQJMPGfHUpIkSJKEs+fP2RZiLWQkT5j+rRZUc\/w5MaFpOHr4SMUFos0QH+q3bX2Di7bJVIqP97ZEuyfh32zVBXtJOdDbwwVsK5HZTKCW5VbHfmspOBstftz0nctm+bFpTyRw7MRxhBUFnd1dthMhRouf9\/fu830S0WklBuDP+CUIgiAIgiDMYckgI+k0Tp05jXfffgdA4R0grIT58+JzkoRrmVH+XHb56hWcLFpdAsA\/\/vk5XwU7NDCAs+fPlbS1JR4rSVo5deY0gMLKWbENr7WX8qpqGbMkSRjNjFrGyH5mxW4\/OnGct1VIooqUtKWqef5+f\/nqFZ5Y\/h\/\/vg66rmM0k+F2RrWOfzSTwR+E81er+J2oa+HfztrBjkbOOPpuwzL8uHRRIH0\/v7AJg6+UZhu+GdrsKGCvb16F0JIWACgRr29M3cL65lXYsSJqL\/wvaeFCsRksO96MHYK\/v9gvUCgIXA0bHYZT3E7H7cbUrapk\/R8UJiPcrtiYL+w8AKWFmDctX4u\/bPwQ\/+daZfU6as2yS5NYMPs46DAsEe9tzIubfSmLouKc8BjB0MAAF9Lc2PyYCYuapvGlZ9Wy+znZ11fxZzVNK\/m8LMtc+O9Idcw7XvYQIha6PHv+HLfvMFsFIdr8+CnWesXuuEai0ZoJ\/yLsWLJJlbPnz3EP+Fg8bik0D6eHA\/X\/rub4Y5g99zjVuKgEJtYCBeFXbH9oYICvdKk040eETaIxP\/lkKoWhgcGSMRNWFPzhzOm6X55rtPip5L4l2ue0JRK2wr\/R4qfS679QT6C8kHBeVT0L9ZWOX4IgCIIgCGJ+2Any4vN9Ndr3A6f2q93\/fHGKT\/bhXaYax6Cuhf+nrcDXjy8swvSGZYH1z7K2xx\/eQ\/\/tS\/h43VsILWlBMrTZ1jKHFdcdm75TYulzcTKL7jXbsGn52ooL7fbdvoxDNgI6qy1wcWLuWpl+NMMF9R0rolUT\/v3A76z\/kmz\/u9crsliqBHGVyNDd65j+YYZfT2zVh58FkqvBzydn8dxn3wYdhi1iNrGihPGgKNgYhcFcNoe2RAJK0ZqHfXnk1bxpu6LNTywex5fj1hZNjWD3o2kaL9DbWpwE8FN8z6sqPjx8hNt9tJocD2YB47fNTz1n01YiTuu6jnfffgc3\/vopANS18Fut8SdSq+eeUm\/78lUUuWzWd59PccVEWFFKxkxQor943mRZht23lB8WPwxVzaMNpZZQRvyw+GFo2kRVrq1GGr8EQRAEQRD1yuWrV0psXs6eP4e8qqLNUJOLrbwMK2Fek+7YieMIDyj8\/fPs+XO2bbHVpJFoFO++\/Q5aZbmkjUqEZ5YYJ\/bD2mG2kGL7Yows5tHMqGXMJW3pOmS5FWFF4Ra97Yn2kjaetvidqGvh\/2njfvxF\/LT4mcD6Z5naHZ\/1Y2z6Dg4qu9G8sAkHld22wj8rrmsUrcWfNy1fayn8jk3fKSkA3LVmO3auiGD60QwOqecsJwyY6G\/W982i8F+t4rxAedyV4HfWf9evtvN\/202YrG9ehY\/XvWX590\/u\/tl1fYT1zav4tXNIPc9XOnxy98\/47y2FbMiNy1+qe+H\/lxf\/FXQIrmDCoyjKGQUd9nOrLLsqMBszeH07US27Hz852dfPs9mTqQ7fs+7tJj5Y5iswZwEzH5hVDBDMijb2EGkFuxYrnZSo50kkI9UYf0Fjdk3p+oOq9sn8Rtm\/xax2YwZ8NWtDidesk2hdicWPFeJnzV6uamHx4xfzHb92Y4kgCIIgCOJpgNWQYxjtL1kyCFB4TjT+LH7WqS32jixaBMXiMcdaY05Y9eMmRuP7lVNbbP\/37NrNV6N+OX5nXolLjR6\/HY7C\/4HeHl879zJ7VOmLnpVFUHui3VHAsCKvqp4L0nlhdvUv8ODlpVVr3y19ty9zEb3\/9mUcVHbZZv2zjG4AuPvw6zKhnfn872iNWgq\/LENf\/HnnigiaFzZhZ2vEUoDeuPylkj5K2\/weQNGGqMLiwk4Y464UY9Z\/pTQvbEKyWBfhwmTOdp+ZDZIVNz3sl2jtM3R3rhbD2PQdXJjMYeeKSNn5qTeabulY\/NX3QYfhCpZNXCqWlI4t0Zqno1gQyK74JRMnnSxFmJ1Dtex+\/ETTNO7Bzv5zKypJkuQostl9l4kFMK\/Nc8KBZXYAzrUO\/EY8flarPMTVImbXznyPZb1RjfEXBOI5EUV4hhtffa+I51nsX\/z90MCg7\/06MTeZE7bcRrT4mTBYi5nR2d3NXwY2vbrBZEWQvYWSaPEzkk4HJojXYvyya61eJzYIgiAIgiCeJCY0DbquQ5Ke47\/zw6KmlrCixOw5lOK3x1H498vjtRL87rdVlut2GfK3ARb0ZYw\/vFeSJd53+xK61myzzfrf2To3kWKXQe6l0O7Y9B0u5tutNmB9r29ehb9s\/NC2b7saA1aIgnY1MWb9exHdRbrXbOcx99+ujbc\/ULAXYhgnGz6fvlOyMqNeWXZpMugQXKMafMYB8yzJXDbLrW6stgFKhduTff22gv5HJ45z0bPe7X6Awv6cPV\/4Huns7sKeXc7imSzLuHT1CoYGBi3FPeOMv1GQ31JcQZFX1XkdI7aMkJ0fM4\/uajKaGeXfw8eKRZaMgi0rAmsV39nz56BpGvbbZCyLbdR6csMrfo+\/oBAnadoT7SXXuiRJfDLQrxUmxjFTT8djzr7JPMmlEosf8TpuSyTK7iViEorxGIsWP7quVzXpxIlajF8vNTAIgiAIgiCIypnQNGx8dQOAQmHfy1evQJKkutVJzRhJp\/H+3n2QJAmXr15BMtVRtUz5ahBE\/IFb\/dCDPvDglaWYXV0bkdmOT8avl9jqTD+aKcn6N\/NpF4u62sFWBoxNW3uHi\/R\/eQmDL3chtKTF1PteLCjsxMblL3kW\/sWVDGz1QDURs\/4roXlhE7rWbAMwN5Fgx42pW\/hZekdFfT1pvJD5Gs\/e\/yHoMFxjvGdaZekzD+m5z5n7i4sClFN2+mhmlC9T89vup7PbuQD0SDrtSUjPZbM885r5ITp955w6c5qLlO2JdoxmMshlc1z0isVjiMXjJdm4YkyizY8Xod64\/7Lcii3CpAwrkFpLRtJpdKQ6+PFj3pMAIEnPlXhO5rLZsmPLVgyGFQWRv0ZxrXgs2fEKKwovIgsUHkTtCoMWVu3Zf+eIRZirgd\/jL0jEOhhnz5\/D0MBgcelpBz+vo5lRT22ajWPjtZJX1ZJjJgrKnd1dOHr4CP8dW2FUTdgqjlZZNr1HsHsCULhGjUt359qZu\/ZGMxl8oPfwe4kst2I0MwpJktAmXMe5bLZsMu3UmdP857yqlizlFvF6P\/SK3+PXDLl4zAF\/bNEIgiAIgiAIa8Rnx7yaL1mp3iiw+mRsRXVQieqVEkT8gQn\/E5qGo4eP+O673Gj8tPgZ3K+DbH8rxKz\/rjXby4R\/JlRfmMzhcwtR\/83QZoSWtODNla9jbNqdJ\/6FiRw+XjeD5oVNeDP0epmQzfplkxNmrCwWumW2QV6KCzPLHKC8fkA1ELP+KxH\/WSFdwN7bvxqIWf7G47yyyd3kTFAsmH2M5z\/9JugwPMMsWNi\/rbax+5kh2lc4iUji\/ToWj\/ks\/Dt7CuayWc9C18m+fp6t25HqcMzWHRoYLCnam0ylLIU3Mws48Yvbi82P3f6zoj+1tsLQdR3\/+fY7fNWB0ctQ3O7dt98p+\/1werikoFFbIlHib2jWlx1WnxU52Vf9bHI\/x1+QnOzr55NLZmL2hKZ5HuNO41jX9bIxmFdVfkztrpFqIZ6b9hIljDMAAAb\/SURBVEQ7jh4uz8BnWI0BoPTa03Ud+\/fu4yK+1X4ZC\/YyOzWxb6uXgUruh17we\/yaIdbAeNrfBwiCIAiCIKoFe9eXZRntiQR0Xa96co3f5FUVuq4jFo9xq5xGEv2DjN9R+D96+Ijv\/rtWGXJW3vyVkldV39qsluDy3YZl+HHpoqq07QfTj2ZwYTKH5MrNXJRmQvim5WtLxGarbH4mwHsRtMV+kys345B6rkRgZisNbkzd4sVkjYSK\/bJY3RaX3bkigoNK4boZf3jP9SqF+dLx937c+b\/\/VdFnu9YUivqOTd+pyUSFyPjDufPSvWY7Px\/NC5u4zU+l9kXVZtmlSSyYfRx0GJ7JZXOC8Gh+XbMvFjEj24hYVNOt6DKaySAWjyMSjbryfw6a4XSa+2UXLDf6bcWy4aKfdmd3l60AOZJOl2QmM2I+2fwAhe+da5mMaT+1gn2PHujtMX0wGc1kLG1A8qqKTa9uKE6edFg+S+SyWRw9fKRhVgD6Nf6CRtM07Nm1G384c7pseW9eVX0vKGt3nt8tTjCZLXNlKxOqhVgPhN0j\/NhvNjY+6O0pu\/bZxEA9XheMWoxfVgNjQtMaZvwTBEEQBEE0ErquY9vWN4pif6LEwrJRyGWzXNv96MTxkhWyjUDQ8TsK\/7V8EPf7BUjX9bp+qfrxhUWY3rAs6DAcOaSe4wL6QWU3btz8AMCc+O4kjl+cyCK5crPnQrv9ty\/xfpMrXy8RlNkkwsVJ6\/M7PnPPsbjwx+veKslQDzW1lFgIvTdmvULBqbYAALz3+R9dTxyMz9zD0N3rfJ\/dkiyuqACA5kVNtjG9Vjx3fjI+c0+oUbAL65pXYXzmXskqhAs25ykofj45i+c++zboMCpCLPZod4\/es2u37cTtg2ImuVM7Ih8ePuJYgJNNGDuJZ14nlo0xstid+vnPt9\/x1I+maXh\/7z4cPXyEW10YLW2s+mQZrG6+e+z236nQcqXtioiT43Z9se1YzR9JkjBRFEudJjd0XcfJvj6c7OvjRYKZyMwsX+za8FrYtBY1Avwaf4xqJFiIMQDWxyWvqtj46gbE4vGSmgVejrmbc2Q3ZoC5FxKza0zXdW4xZTzebu81zvswzPtNplIlnvxuE0jMjvFwOo3RTIZbjQH2x9dLworT\/UFsq9Jx4ef4NcbbLtTAMK58IAiCIAiCIPzhga7zZ+V6T9qzQnyWbcR9CDr+wD3+n2bux1\/ET4ufCToMR0RBWsz6Z8V13fjJMzYtX4uhGfNivUbEIr9da7Zx4V8sKOym7\/XNqyxXGzAffzPe+\/yPtqsExAkIu228IE6yuCW05EXh3y2uax\/4CatRAKCsmO\/Q3es1WzXhhV9e\/FfQIVSM5sKWB3AWhty24\/UzbgXr+U4suxUnK+2HTR677UcslOzG379aE+tu2\/U6OW70ZvdKLpuFVxfvSq7RauPX+PO6XSW4Pb+jmUzFVit+niOra8xOKPcDcWVQMtVR4p8\/3wQSXdddH18\/E1b8Tn7xc\/xKkoQPikWBK6kNQBAEQRAEQbijVZZx6szpoqd\/LOhwKqKtaE+k6w9qbgvqB0HH7yj8uym4+LTgZyG1\/12xGA9eXupLW7XAmPU\/\/vd+LjDfnPrC9rPTj2bmMu9XRDE07k74B+aK\/DYvbEIytBlD49excflLAAorDZxWD9yc+gLda7YhtKTFVXHh6UczuDF1C\/23L9XcMgeoPOs\/aG5M3cJv\/vZ7fLz+rZKJh77bl2tec8ANi7+aweKvql+0mXi6YA9SZFtBEI3H+3v38XoWx04c991+kpjj2InjfJLUWCeFIAiCIAiC8JdYPN6QhXxFrOruNQpBxv+z1StDmwD8xWqDL8frL1M3KPbs2u1b9tTku6sxu9pbNjhBNALrm1eheWETxqbveCqoXEtW\/v7\/4dn7PwQdBvGE8Y9\/fg5JkjA0MEBiFkE0IAd6e5BMpbB\/7z7KQq8izF92NJMxLQxOEARBEATxJBOJRhuiMK3dykzRtrGesVrB3+jxe+A1Ev494JfwP7NWwv8kQ\/MPiCAIzzz\/6TdYdnEy6DCIJxD28ObkZ04QRH0iSRIi0WjFtkeEe2LxOK\/hQBAEQRAEQRBEVXiNPP4D4JsdK4IOgSCeShbMPsYLma+DDoN4QqnnYvIEQTjD\/PiJ6kPHmSAIgiAIgiCqj6PwTx6nc\/jh2fzjC4sgffatD9EQBOGVRZOzWDD7OOgwCIIgCIIgCIIgCIIgCKKqOFr9EARBEARBEARBEARBEARBEATRMLy2IOgICIIgCIIgCIIgCIIgCIIgCILwDxL+CYIgCIIgCIIgCIIgCIIgCOIJgoR\/giAIgiAIgiAIgiAIgiAIgniCeBbAOIBDAcdBEARBEARBEARBEARBEARBEMT8Gf\/\/+5uIDG7OxmsAAAAASUVORK5CYII=\" alt=\"Markalama G\u00f6rseli\" title=\"\"><\/p>\n<\/div>\n<div>\n<table style=\"width: 100%;\" cellspacing=\"0\" cellpadding=\"0\">\n<tbody>\n<tr>\n<td style=\"width: 120px; font-weight: bold;\">\u0646\u0648\u0631\u0645<\/td>\n<td style=\"width: 400px; text-align: left;\"><\/td>\n<td style=\"width: 120px; font-weight: bold;\">\u0644\u0648\u0646<\/td>\n<td style=\"width: 400px;\">\n<div class=\"color-icons\"><img decoding=\"async\" src=\"data:image\/svg+xml;base64,PHN2ZyB2aWV3Qm94PSIwIDAgMTAwIDEwMCIgeG1sbnM9Imh0dHA6Ly93d3cudzMub3JnLzIwMDAvc3ZnIj4KICA8Y2lyY2xlIGN4PSI1MCIgY3k9IjUwIiByPSI0OSIgZmlsbD0iIzAwMDAwMCIgc3Ryb2tlPSJibGFjayIgc3Ryb2tlLXdpZHRoPSIwLjUiLz4KICA8Y2lyY2xlIGN4PSI1MCIgY3k9IjUwIiByPSIzOCIgZmlsbD0id2hpdGUiIHN0cm9rZT0iYmxhY2siIHN0cm9rZS13aWR0aD0iMC41Ii8+CiAgPGNpcmNsZSBjeD0iNTAiIGN5PSI1MCIgcj0iMzMiIGZpbGw9IiMwMDAwMDAiIHN0cm9rZT0iYmxhY2siIHN0cm9rZS13aWR0aD0iMC41Ii8+CiAgPGNpcmNsZSBjeD0iNTAiIGN5PSI1MCIgcj0iMjIiIGZpbGw9IndoaXRlIiBzdHJva2U9ImJsYWNrIiBzdHJva2Utd2lkdGg9IjAuNSIvPgo8L3N2Zz4=\" alt=\"\" title=\"\"><\/div>\n<\/td>\n<\/tr>\n<\/tbody>\n<\/table>\n<\/div>\n<\/div>\n<\/div>","protected":false},"excerpt":{"rendered":"<p>&nbsp; \u00dcr\u00fcn Ad\u0131: KARADENIZ-16 \u00dcr\u00fcn Kodu: WSD142 A\u011f\u0131r Hizmet Su Al\u0131c\u0131 ve Verici Kullanim Alan\u0131 : End\u00fcstriyel ve in\u015faat hizmetlerinde su emi\u015f ve de\u015farj. Alt Katman : Do\u011fal ve Sentetik Kau\u00e7uk. Takviye Katman\u0131 : Y\u00fcksek Mukavemetli Sentetik Tekstil ve 2 \u00c7elik Tel Spiral. \u00dcst Katman : A\u015f\u0131nmaya Dayan\u0131kl\u0131 Is\u0131 ve Hava Ko\u015fullar\u0131na Dayan\u0131kl\u0131 Sentetik Kau\u00e7uk. [&#8230;]\n","protected":false},"featured_media":22162,"comment_status":"open","ping_status":"closed","template":"","meta":{"jetpack_post_was_ever_published":false},"product_brand":[],"product_cat":[2349],"product_tag":[],"class_list":{"0":"post-21225","1":"product","2":"type-product","3":"status-publish","4":"has-post-thumbnail","6":"product_cat-sel_su_hortumlari","8":"first","9":"instock","10":"taxable","11":"shipping-taxable","12":"product-type-simple"},"jetpack-related-posts":[],"jetpack_sharing_enabled":true,"jetpack_likes_enabled":true,"_links":{"self":[{"href":"https:\/\/tuzlahortum.com.tr\/ar\/wp-json\/wp\/v2\/product\/21225","targetHints":{"allow":["GET"]}}],"collection":[{"href":"https:\/\/tuzlahortum.com.tr\/ar\/wp-json\/wp\/v2\/product"}],"about":[{"href":"https:\/\/tuzlahortum.com.tr\/ar\/wp-json\/wp\/v2\/types\/product"}],"replies":[{"embeddable":true,"href":"https:\/\/tuzlahortum.com.tr\/ar\/wp-json\/wp\/v2\/comments?post=21225"}],"wp:featuredmedia":[{"embeddable":true,"href":"https:\/\/tuzlahortum.com.tr\/ar\/wp-json\/wp\/v2\/media\/22162"}],"wp:attachment":[{"href":"https:\/\/tuzlahortum.com.tr\/ar\/wp-json\/wp\/v2\/media?parent=21225"}],"wp:term":[{"taxonomy":"product_brand","embeddable":true,"href":"https:\/\/tuzlahortum.com.tr\/ar\/wp-json\/wp\/v2\/product_brand?post=21225"},{"taxonomy":"product_cat","embeddable":true,"href":"https:\/\/tuzlahortum.com.tr\/ar\/wp-json\/wp\/v2\/product_cat?post=21225"},{"taxonomy":"product_tag","embeddable":true,"href":"https:\/\/tuzlahortum.com.tr\/ar\/wp-json\/wp\/v2\/product_tag?post=21225"}],"curies":[{"name":"\u062f\u0628\u0644\u064a\u0648 \u0628\u064a","href":"https:\/\/api.w.org\/{rel}","templated":true}]}}