{"id":21213,"date":"2025-08-11T10:37:00","date_gmt":"2025-08-11T07:37:00","guid":{"rendered":"https:\/\/tuzlahortum.com.tr\/urun\/ege-10\/"},"modified":"2025-08-20T16:09:58","modified_gmt":"2025-08-20T13:09:58","slug":"ege-10","status":"publish","type":"product","link":"https:\/\/tuzlahortum.com.tr\/ar\/product\/ege-10\/","title":{"rendered":"EGE-10"},"content":{"rendered":"<p>&nbsp;<\/p>\n<div class=\"report-container\">\n<div class=\"report-header\">\n<div class=\"standard-text\">\u0627\u0633\u0645 \u0627\u0644\u0645\u0646\u062a\u062c: EGE-10<\/div>\n<div class=\"standard-text\">\u0631\u0645\u0632 \u0627\u0644\u0645\u0646\u062a\u062c: WMP111<\/div>\n<\/div>\n<div class=\"product-image-container\">\n<div class=\"key-feature\">\u0645\u064a\u0627\u0647 \u0645\u062a\u0648\u0633\u0637\u0629 \u0627\u0644\u0636\u063a\u0637<\/div>\n<\/div>\n<div class=\"horizontal-line\"><\/div>\n<div class=\"product-details\">\n<div class=\"detail-row\">\n<div class=\"detail-label\">\u0645\u0646\u0637\u0642\u0629 \u0627\u0644\u0627\u0633\u062a\u062e\u062f\u0627\u0645<\/div>\n<div class=\"detail-value\">: \u0627\u0644\u062e\u062f\u0645\u0627\u062a \u0627\u0644\u0635\u0646\u0627\u0639\u064a\u0629 \u0648\u0627\u0644\u0625\u0646\u0634\u0627\u0626\u064a\u0629 \u0630\u0627\u062a \u0645\u062a\u0637\u0644\u0628\u0627\u062a \u0627\u0644\u0636\u063a\u0637 \u0627\u0644\u0645\u062a\u0648\u0633\u0637<\/div>\n<\/div>\n<div class=\"detail-row\">\n<div class=\"detail-label\">\u0627\u0644\u0637\u0628\u0642\u0629 \u0627\u0644\u0633\u0641\u0644\u0649<\/div>\n<div class=\"detail-value\">: \u0627\u0644\u0645\u0637\u0627\u0637 \u0627\u0644\u0637\u0628\u064a\u0639\u064a \u0648\u0627\u0644\u0627\u0635\u0637\u0646\u0627\u0639\u064a.<\/div>\n<\/div>\n<div class=\"detail-row\">\n<div class=\"detail-label\">\u0637\u0628\u0642\u0629 \u0627\u0644\u062a\u0639\u0632\u064a\u0632<\/div>\n<div class=\"detail-value\">: \u0645\u0646\u0633\u0648\u062c\u0627\u062a \u0627\u0635\u0637\u0646\u0627\u0639\u064a\u0629 \u0639\u0627\u0644\u064a\u0629 \u0627\u0644\u0642\u0648\u0629.<\/div>\n<\/div>\n<div class=\"detail-row\">\n<div class=\"detail-label\">\u0627\u0644\u0637\u0628\u0642\u0629 \u0627\u0644\u0639\u0644\u064a\u0627<\/div>\n<div class=\"detail-value\">: \u0645\u0637\u0627\u0637 \u0635\u0646\u0627\u0639\u064a \u0645\u0642\u0627\u0648\u0645 \u0644\u0644\u0639\u0648\u0627\u0645\u0644 \u0627\u0644\u062c\u0648\u064a\u0629 \u0648\u0627\u0644\u0623\u0643\u0633\u062c\u064a\u0646 \u0648\u0627\u0644\u062a\u0622\u0643\u0644.<\/div>\n<\/div>\n<\/div>\n<div class=\"datasheet_table\"><img decoding=\"async\" class=\"alignnone size-full\" src=\"https:\/\/tuzlahortum.com.tr\/wp-content\/uploads\/2025\/08\/datasheet168.svg\" alt=\"\" title=\"\"><\/div>\n<div class=\"table-notes\"><\/div>\n<div class=\"horizontal-line\"><\/div>\n<div class=\"footer\">\n<div class=\"standards-section\">\n<div class=\"standard-item\" style=\"margin-top: 9px;\"><img data-recalc-dims=\"1\" width=\"1020\" decoding=\"async\" style=\"margin-right: 10px;\" src=\"https:\/\/i0.wp.com\/tuzlahortum.com.tr\/wp-content\/uploads\/2025\/04\/tse-1.png?fit=1020%2C40&#038;ssl=1\" height=\"40\" alt=\"\" title=\"\"><\/div>\n<div class=\"standard-info\"><\/div>\n<\/div>\n<div class=\"horizontal-line\"><\/div>\n<div class=\"temperature-section\">\n<div class=\"temp-icon\"><img decoding=\"async\" src=\"data:image\/svg+xml;base64,PD94bWwgdmVyc2lvbj0iMS4wIiBlbmNvZGluZz0iVVRGLTgiPz4KPHN2ZyBpZD0ia2F0bWFuXzIiIGRhdGEtbmFtZT0ia2F0bWFuIDIiIHhtbG5zPSJodHRwOi8vd3d3LnczLm9yZy8yMDAwL3N2ZyIgdmlld0JveD0iMCAwIDcyLjI3IDE2Ljk4Ij4KICA8ZGVmcz4KICAgIDxzdHlsZT4KICAgICAgLmNscy0xIHsKICAgICAgICBzdHJva2Utd2lkdGg6IC41OXB4OwogICAgICB9CgogICAgICAuY2xzLTEsIC5jbHMtMiwgLmNscy0zLCAuY2xzLTQgewogICAgICAgIGZpbGw6IG5vbmU7CiAgICAgICAgc3Ryb2tlLW1pdGVybGltaXQ6IDMuODY7CiAgICAgIH0KCiAgICAgIC5jbHMtMSwgLmNscy0zLCAuY2xzLTQgewogICAgICAgIHN0cm9rZTogI2E3YTlhYjsKICAgICAgfQoKICAgICAgLmNscy01IHsKICAgICAgICBmaWxsOiAjYTdhOWFiOwogICAgICB9CgogICAgICAuY2xzLTIgewogICAgICAgIHN0cm9rZTogI2ZmZjsKICAgICAgfQoKICAgICAgLmNscy0zIHsKICAgICAgICBzdHJva2Utd2lkdGg6IDIuMDZweDsKICAgICAgfQoKICAgICAgLmNscy00IHsKICAgICAgICBzdHJva2Utd2lkdGg6IC4ycHg7CiAgICAgIH0KICAgIDwvc3R5bGU+CiAgPC9kZWZzPgogIDxnIGlkPSJrYXRtYW5fMSIgZGF0YS1uYW1lPSJrYXRtYW4gMSI+CiAgICA8Zz4KICAgICAgPHBhdGggY2xhc3M9ImNscy0zIiBkPSJNMTEuMzQsMTEuNTdjLS45NCwxLjcxLTIuNzEsMi42Ni00LjgsMi42Ni0zLjA1LDAtNS41MS0yLjQ3LTUuNTEtNS41MlMzLjUsMy4xOSw2LjU1LDMuMTljMS45NCwwLDMuNjUsMSw0LjYzLDIuNTIiLz4KICAgICAgPGNpcmNsZSBjbGFzcz0iY2xzLTUiIGN4PSI2LjU1IiBjeT0iOC42NiIgcj0iMi40Ii8+CiAgICAgIDxjaXJjbGUgY2xhc3M9ImNscy0yIiBjeD0iNi41NSIgY3k9IjguNjYiIHI9IjIuNCIvPgogICAgICA8bGluZSBjbGFzcz0iY2xzLTMiIHgxPSI2OC4zNCIgeTE9IjExLjc2IiB4Mj0iOS45MiIgeTI9IjExLjc2Ii8+CiAgICAgIDxsaW5lIGNsYXNzPSJjbHMtMyIgeDE9IjY4Ljc4IiB5MT0iNS41MSIgeDI9IjkuNzMiIHkyPSI1LjUxIi8+CiAgICAgIDxsaW5lIGNsYXNzPSJjbHMtMyIgeDE9IjU0LjA3IiB5MT0iOC43NSIgeDI9IjguNjQiIHkyPSI4Ljc1Ii8+CiAgICAgIDxwYXRoIGNsYXNzPSJjbHMtMyIgZD0iTTY4LjE1LDUuNTVjMS43MSwwLDMuMDksMS4zOSwzLjA5LDMuMDlzLTEuOTIsMy4wNi0zLjYyLDMuMDYiLz4KICAgICAgPHBhdGggY2xhc3M9ImNscy01IiBkPSJNNTMuOTEsOC43NWMwLS4xNC4xMi0uMjYuMjYtLjI2cy4yNy4xMi4yNy4yNi0uMTIuMjctLjI3LjI3LS4yNi0uMTItLjI2LS4yN1oiLz4KICAgICAgPHBhdGggY2xhc3M9ImNscy0zIiBkPSJNNTMuOTEsOC43NWMwLS4xNC4xMi0uMjYuMjYtLjI2cy4yNy4xMi4yNy4yNi0uMTIuMjctLjI3LjI3LS4yNi0uMTItLjI2LS4yN1oiLz4KICAgICAgPGxpbmUgY2xhc3M9ImNscy0xIiB4MT0iMzYuNDMiIHkxPSIxNi45OCIgeDI9IjM2LjQzIiB5Mj0iMTQuMjQiLz4KICAgICAgPGxpbmUgY2xhc3M9ImNscy0xIiB4MT0iMjguMDUiIHkxPSIxNi45OCIgeDI9IjI4LjA1IiB5Mj0iMTQuMjQiLz4KICAgICAgPGxpbmUgY2xhc3M9ImNscy0xIiB4MT0iMTkuNTkiIHkxPSIxNi45OCIgeDI9IjE5LjU5IiB5Mj0iMTQuMjQiLz4KICAgICAgPGxpbmUgY2xhc3M9ImNscy0xIiB4MT0iNDEuNTciIHkxPSIyLjc0IiB4Mj0iNDEuNTciLz4KICAgICAgPGxpbmUgY2xhc3M9ImNscy0xIiB4MT0iMzMuMjgiIHkxPSIyLjc0IiB4Mj0iMzMuMjgiLz4KICAgICAgPGxpbmUgY2xhc3M9ImNscy0xIiB4MT0iMjQuOTkiIHkxPSIyLjc0IiB4Mj0iMjQuOTkiLz4KICAgICAgPGxpbmUgY2xhc3M9ImNscy0xIiB4MT0iMTYuMDgiIHkxPSIyLjc0IiB4Mj0iMTYuMDgiLz4KICAgICAgPGxpbmUgY2xhc3M9ImNscy0xIiB4MT0iNDQuNjMiIHkxPSIxNi45OCIgeDI9IjQ0LjYzIiB5Mj0iMTQuMjQiLz4KICAgICAgPGxpbmUgY2xhc3M9ImNscy0xIiB4MT0iNDkuNDkiIHkxPSIyLjc0IiB4Mj0iNDkuNDkiLz4KICAgICAgPGxpbmUgY2xhc3M9ImNscy00IiB4MT0iNDAuODgiIHkxPSIxNi45OCIgeDI9IjQwLjg4IiB5Mj0iMTQuMjQiLz4KICAgICAgPGxpbmUgY2xhc3M9ImNscy00IiB4MT0iMzIuMzMiIHkxPSIxNi45OCIgeDI9IjMyLjMzIiB5Mj0iMTQuMjQiLz4KICAgICAgPGxpbmUgY2xhc3M9ImNscy00IiB4MT0iMjMuNzkiIHkxPSIxNi45OCIgeDI9IjIzLjc5IiB5Mj0iMTQuMjQiLz4KICAgICAgPGxpbmUgY2xhc3M9ImNscy00IiB4MT0iMjAuNTkiIHkxPSIyLjc0IiB4Mj0iMjAuNTkiLz4KICAgICAgPGxpbmUgY2xhc3M9ImNscy00IiB4MT0iMjkuMTMiIHkxPSIyLjc0IiB4Mj0iMjkuMTMiLz4KICAgICAgPGxpbmUgY2xhc3M9ImNscy00IiB4MT0iMzcuMTYiIHkxPSIyLjc0IiB4Mj0iMzcuMTYiLz4KICAgICAgPGxpbmUgY2xhc3M9ImNscy00IiB4MT0iNDUuNzEiIHkxPSIyLjc0IiB4Mj0iNDUuNzEiLz4KICAgIDwvZz4KICA8L2c+Cjwvc3ZnPg==\" alt=\"S\u0131cakl\u0131k\" width=\"100\" title=\"\"><\/div>\n<div class=\"temp-values\">\n<div>-25 \u062f\u0631\u062c\u0629 \u0645\u0626\u0648\u064a\u0629 \/ +70 \u062f\u0631\u062c\u0629 \u0645\u0626\u0648\u064a\u0629<\/div>\n<div>-13 \u062f\u0631\u062c\u0629 \u0641\u0647\u0631\u0646\u0647\u0627\u064a\u062a \/ +158 \u062f\u0631\u062c\u0629 \u0641\u0647\u0631\u0646\u0647\u0627\u064a\u062a<\/div>\n<\/div>\n<\/div>\n<div class=\"marking-section\">\n<div class=\"detail-row\">\n<div class=\"detail-label\">\u0648\u0636\u0639 \u0627\u0644\u0639\u0644\u0627\u0645\u0627\u062a<\/div>\n<div class=\"detail-value\">: \u0634\u0631\u064a\u0637 \u0646\u0642\u0644 \u0623\u0648 \u0634\u0631\u064a\u0637 \u0646\u0642\u0644 \u0623\u0648 \u0645\u0646\u0642\u0648\u0634<\/div>\n<\/div>\n<p><img decoding=\"async\" class=\"marking-image\" src=\"data:image\/png;base64,iVBORw0KGgoAAAANSUhEUgAAAf8AAAANCAYAAACn3GcYAAAABmJLR0QA\/wD\/AP+gvaeTAAAZoElEQVR4nO2cZ1SU19aAn2GGLmVAmgwMRQxEJDeCmCuoYEuixhZD7IkxMbbEbtRYkmuvKcZYoyZGE4019l7AAnZRUFQEBEGlyNCZwvdj5HUGZsB2v3vXujxruWTOOXuf9p7Z5+x93hH5yr1SADl11FFHHXXUUcf\/AqmSqimmpqZ8PnQIlpZWz6zl7JkziEQi7O3t+XvnzpdqUf6btpTXN38pHf8LSPKVSOMe\/6ebUUcdddTxX4mJiQkajeY\/3Yz\/WqoZf7mXF6PGjOHQwYOolCohvaysjNLSUoNKLCwsaBLUBJmHx0sZ\/3JHM3IiHKkwEb2wjv8VXHY\/+E83oY466qgDExMTTExMUKlUtRf+f8CvUSOmTp+GVCpl2pSpXLp48ZXpDg4JQS5\/fkf55UuXSE5OxlMuJyQk5Lnl09PTiYuNfW55kUiEidiE1JRU4mJj9fKqGf9Khn0+hIqKCr20lq1a8WHvXtXKWlpaPnNjaiIn8tUa\/sGBnRncuJPwOWLbGAqVJQC0bNCEGW8NxEpiQXxOMmOil5FfXgTA+Q+XCTIbk46w+NKWGuuZFtqfd+Wh\/HbjEJtuHWNh+BB8bRvQetvoV9YXXSzul1Ivqei55ZqFhtK3fz9GffElAN\/OnMHJEyc4cugwAFbWVqzfsEEoP3b0aFLupgCwcPFiPDw9SEtNY\/Wqldy8cVNPr62dLUcOHebLUaNYvWolxUXFdHj7bXJycrhw\/jwAAz\/5BImphFUrViKRSFi\/cSOjR35JVmZWtbZWtqW8XMn+fXv5de06oa6JkydRVFTEmtW\/cPzYMUFm4Cef0LnLewDEno1l\/ty5AAQEBDD1m+mYmZmxeuUq9u\/bB4CNjQ3zFi7A2dmZM6dPs2jBQgDatm+HIl\/Bubg43N3dadu+Hb+t+\/WF69dl\/FdfsXjRQjRqDavXrmHQxwMxNzdn2IgRfLdokVDO3t6eBYsX8dkngwAIeiOI6d9+q6fr4\/4DKCgoMFpvZfrDhw+ZO3s2qSmp1doDMOnrycyZNRuAwUM+Z8vmv8jNzQW0Xx7jJkygWWgzrly5wpyZs\/ROU+916cKAjz9CpVIxZdJk7ty5A2ifF28fbwDWrP6FPbt3G6y734AB\/LVpE2VlZQCIxWI2b9VfbwvmzefsmTNG51GXZqGhTJj4FSqVmimTJgntqaRrt264NWjA8p9\/BsDJyYl5Cxfg4ODAsqU\/c2D\/fqHs640bM2XaVK7FxzN75iyD7TeGsbVkZW3FL2vX8clHH1FSUsK4CeNZOH+BQR2682JsnO3s7Jg1Zw5Ozk5s2fwXf23ebLRNk6d8jX9AAAP69kMikbB67RrGjBxFbm4uXbt1o32HDrg1cAPg64mTMBGLWfPrOjQaDQf372f2zFmUl5fz7cwZtGrdGktLS+4mJzPz23\/RtXs3Zs+cxaSvJ7Nn926jz+qrpOpc379\/n+FfjKB1RAT\/+uZbFIp8pk6fTmJCAt8tXkzbtu24e\/cu1+LjmTp9OhvWryc5OVlvnHWpXD9ZWVnMnjGTjIwMPuzdix7vv19juy5euEBZWRn\/bNFCSNu2ZQsTxo2nWbNmzFtoeL4rycnJ4dCBg\/Tq01tI27dnL3GxsS8ln5KSwlcTJ5Kd\/Yg5s2YbN\/59+vZFrVELn8\/FncNTLqdpcDB\/bdJ\/wHJysmno17DGBtVGka8VxfJXs4mopIG1I5PP\/MLR9EsAqJ70x8nSnsUth9Lp78k8LHlMO4+m1Le0E4x\/qbqciG1jANBU1Ow2ek3qgb\/Uk3\/+9QX7u85lX2ocv984zIy3Br7SvghUVFD\/WA5U1F60Kvb29jQNDsbR0ZHCwkL+2aIF169dE\/IlYgmpqamMHzsWALXq6fzb2dvR64MoGr3WiDnz5jNwwADy8\/MFvVIHKQByLzkSsfaxql+\/PiqVUtDhLpPh4+vDqhUraRocjMxDhrm54RCPRCwhJSWFieMnsHT5co4cPkL6vXvY29uz6c8\/Obj\/AL+sW6tnfN1lMsaPGUtqWioVmqcDNGT4MEZ98SU5OTm4ubkJ6T16vs\/O7Ts4sH8\/cq+nu3lHR0dMRCaA1qvl7u6uN4bPW39VfHx8KS8vw7dhQ1xcXXF2dkKt1j81hYWH4+rqio+PD8nJycRfjSeqZ08Gffop1+KvERt7VpgfY\/W6y2SMGTUKOzs7Ro4ezZiRowy3x9dX+NvD0xMzczPhc88PPqCwsJCo93sycNAg+vTrx++\/\/Sbkf\/BhFL2iorCytMLU1FRIt7O3I6pnTwA0auNrqGFDX8HwA6jVaqJ69iQwsAmRbdqw5McfBHlj86hLfv5jPu4\/AGdnZ0aM\/JKxo55uwMUSMZFt21BSXCykVVRUMG3KVB49fMi69ev1jP+QoUMZ8tlghgwbRmCTJlyLjzfaj6oYW0sSsQQ\/v4a827Ej27Zuxcvb26gO3XkxNs5Tpk1j3do1XLxwkSU\/L+XKlcsk3UwyqO9UzCn8GjUCoHuPHtja2mFmbiaMi8xDxpiRo0hNS0WtUvPjTz+RmJBIYkICVlaWvNelC1u3bOGHxd\/h7e3NzRs3OH7sOJmZmUilDojFYnx8fQ0+q7rPpUgkEg6WIpH2sGcvtScvN0+vvWKxGDs7O2EjWhXduZ4xZzYOUgf+3rGDbl26sGTpUurXr8\/gQZ\/yXtcu\/Ll5M7v\/3oWdvT3X4uNpHBhIk6Ag7t69i7e3j0H9levH0bE+I8eMZsLYcUbnShcPT08OHDiApaUl\/3jzTQCC3ngDsUT8TPI2NjY4ODqy6Y8\/DR62X1RerVLxx8YNfDp4MAAmVQUfPnjAubg47cPWuze9evfmy1GjGDpsGKCdEBsbG71\/xr7An5UKExE5rR1fSocxNBUaVBq1YPgB3vdtyarre3lYoo2ZH753kTv59\/XkKmU0FTVb2XC3QPanngPgUNoFAqSeHE2\/hFLz73GB2VwvxDyrrPaCRjgVHU1YeDjNQkM5H3euWn5FRQVqlVrP8Ovm3bxxkz82bqRNu7YvVH9WZhbOLi6EtwwnJjq61vJKpZLr167h7Oysl\/748WNh86GLWqNtu+7p1NraGkQi1Go16enpQrqlpRUmYu0SMHYqNsbz1K\/LzRs38Pf3x98\/gF07dwp\/30i8oVeuRVgYixYspFVEa+DpvGg0GtTq6vNTU72JCYlYW1k\/V\/8qaf\/226xbuxaADevX06ZtGyFPJBJhbW2NCBEFBQXVvqQrn6OqHsRKxBIxSgOuYm0\/nvRVR97YPOqSdDOJoqIisrKyqn0vvdelC\/v27NVLy87OJv3ePcrKyigpKdbLk5hKUCgUxERHC1\/iz4OxtXTi+Anav93hmfUYG2eRSISrmyvnz51Ho9Gwbs0aOnbqbFTPiePHKSsrw8TEhMaBjbl+Xbvx1x2X1hERNGyoPchJTCWoVEpioqNRqzU4u7gAkJeXh7W1NWq1hoyMdHJzc7lz+zb+AQF6\/dZ9VntGfUB4y5aA1uNoa2sLQJduXfll3Vpmzp7NyNFPN2pSBynr1v\/GrLlz6N2nj8H+JN1MwtbWlvETJ+Lj48OsGVoPxPARI5BKHZg+dRqRbdvQNDiYpUt+onVkBAM+GoBMJuP8+XP4NfJD5uHBvXv3ahz\/K5cv4+TkVPMk6eDk5ETnzp2JPXNGWNcZGffx8fGtRVKLmZkZkW0isZfas23LVgB8fA1vUJ5VHrQegfPnzgufq538FQoFvaM+1EsbPXYsMg8Z8GQ3Zm+nl29uYfHMDTNEflM7lFLT2gu+AEsjRlJQXkyxqoxWW7UnH08bZ4488QZ08Ayhkb2MA2nnuPU4A4A36vsKrv\/vL2\/l95uHjep3tLAlIVdrOHJKFdS3tDNa9mUxKa\/A4VRe7QVr4ML5C7zZtCmlpaWcPnUKK2v9i52tIyLYsetvAPr36WvQVZeWmkrT4OAXqj8mJprw8HAcHeuTm2N4R1+Jh4cHH0RF0a59O9asXi2kt2vXHn\/\/AIMGYNmKlZSXl7Fn925WrVgJwLo1a9i6YzvxV68y89t\/cf++dqO3c\/t2Vq1dw8BPPmHRgoXEnj37TH143vp1SUxMpFv37pSVlbFj+w7at2+Pk7OzYGArsbOzIzr6JN16dAfWVtPzrPV+9PFAXFxd2Lt3j1FZR8f6wpw3cHdn6ZIlQp6ZmZlwUi4vL8fE5OnppaKigkMHDnIiJpp9e\/cxf+5cysvLq+mcN2cuZ06frlZvQMDr3Kyy6akJY\/NoiKheH3LowEHhs0gkIjgkhB+\/+56IyIjqbXn9de5nPNUnFosFj0NeXh5Sqf0zt7MSY2upvLyMvLw8vGs49etibJzt7O3JyckRyt27dw9XN9da9XXs1IkD+w\/QsXMnRDwdl\/z8fMQSMd\/OmMnC+fPRqDVY2mpPr5FtIpn01UQA6tWrh1uDBgz4+CMkEgnz584l60EWXl5eRus8duQonw8dyqmYGGxtbVEoFELeqZhT\/LJqFT+vWC54Bbp178GiBQu5fOkSCxYt4o+NGw3q7du\/HyHNQli+9GdOxZzi4oWL\/Pj9D5w8cZLhI0Zw\/NgxTCWmHDp4kKNHjnAmLo6fVyznpx+X0PyttwgICOBGYqLRdrdr3wGZTKZ3b2Dvnj3k5uWRnnaPnJxs3N1lyDxklJSUcON6AiqNGn9\/f4L+8Q\/+3rkTG5t6lBQXY2+vfYYy0tPZ8PsGHj16iJOTM15eclRqNUk3b1JaWorcU46rmxvZ2dk4Ozuxf98+goKChPpfRN4QgvF3dnHBz4jrvtLwAzzOe8z2rVv18lNT0wgICMDJyYnwluF6eQqFgqtXrhodXI2FmLzm\/z6DOfz4Dxy+p3\/ho0BZgo2pNsRQrCqlqbMf2aX5gvG\/kn2H8C0jjep0tXJgS8fp5JQqOHzvImZi7cbFXGxKTqnCqNzLYh\/3GEnhy3kUlColElMJduZ2KBSKasb\/xPHjeq5SQ1hbW1FUVGgwr0JTgYmJ9jQtMjFBXcXle+XSZSZOnszdu8mIxUajTgBIJKaIJWJGDBumtwlJTUslIz0dmcyjmszQzwdXO8XHRMcQ2bIVnTp35utpUxk+ZCgAmZmZdH7nXYLeCGL+woW82+FtKioqau3D89avS3LyHbx9vMm8n8md27fp07cvHh4epOucPl7zfw0LSwvefbcjHp6emJub67nGDWGs3sSEBMzMzGqUz8nJFu4WzJhdNbatf2qvqBIGW75sGb+vX8\/osWPp1ae3cDdCV6cxmgY3JeZk7d6fSozNY1U8PD1pFhrKF8OGC2mRbSLJSM\/APyAAqYMDdnZ2gufG1NSUsePHCS560IYfKjEzMzN62Xn12jVYWFjQr3f102lNa+mvzZvoGRVVe6efYGicS4qLsdA5eFlaWFJcVFyDFi3vdHyXFcuW4eDgQPf3ewjjUlJSwl+bNnP82HHBXSwSibCxsSH65Elhc1xQUECL0OaMHjuG1\/z96dWnN1mZWVjXM+5devToEY71HWkcGEjC9et6eXfvJgtlbGxsUCgUyOWehIWHoVKpsLIy\/ubZpj830TQ4mG49uiOWiIUw3NvvvENBgYLikmLy8\/Pp068fUR9GkZubw66\/d5GYmEjzt97CP8Cfo0eOGtVvbW3N2TNnOHTw6UayY6dORstXUlhYyJrVq+neowfuMhmJCQmUlWmfIXeZjAkTv6pRXqVScfjQIQoLCuna\/V0UOl7GF5Gv6vECHeMfHBLMhK8MK9RoKvjxh+8Rm4ixsrZivs7FJIBfVq2msLAQ34YNq+XFX7nK5599ZrSROeFSNBbPFgt5VZzNSuCDhq3ZkXyKmPvXCHR4th14JVnFucLmoKNXc4IctS6Z16Qe\/Hbj0CtvL4CkQIX9xepu5hfhWny8sAt9ESLbtmX71m0G87Kzs3F2cebx48e4urpw+dIlvXy1Rk1xSTHRJ08SEdnGoI5K7t5N5s+Nf1RLv5WUxOY\/N7Fk6VLs7e15\/Lj2Vx5VKhU7d+ygx5M4tC5Xr1wlNSUVCwsLSkpKyM7OFja8rq4uZGdnv3T9lahVaiQSUyHWWfm\/rmu8ZatW3Ll9G1c3V1JTUmgWGvpMIRJDxMXFsmP7dpavWsn+vYZPADWRmpLC640bk3D9Or6+vjx4UP0tk8LCQrZu2ULn9957Lt3e3j7CZuFZqWkeQRtKmP7tN0yeOElvTAsKCnCXuePr64u3jw+eck\/ir2pj+OMmjOe3db9WizlXhoS8vLyMhhk+HfjJc7W\/kps3buI3zq\/WO0W6VB3nsrIybG1tMTU1RalU0iIs7JnuJaSlphHVqxe+vr4olUoKCgr0xqWkpBQqKjARm1BcXMyNxETKleXV9CRcT0ClVOHq6kZFRYVwOdgYd27fZtBnn\/LzT0v10h0dtCFfOzs7ioq0967y8h6zccMGo\/cX4Olcj\/pyJI\/z8vhi5Jd8PnQI99LSSE1NoaDAkTOnTxMWFk7bdm0ZMWw4\/Qf0p\/lbzVm9ciW5uTm0CAtjxbLlRuvYuWP7c4cEFQoFe3btolWrVvg18gNA6uBIRnoGfn6NapVXqVTExcaSm5dHnychj3KlshapmuUNIRj\/fXv2GtwdVGVblVO\/LiuXr3jmBoL21b6CJjbPJfO8DA7szDvyUADmnN9ITqmCY+mX+TzwPVZEjuZ6bipdfVrwTezTLyEvG1cWhg8B4MLDJP5IMr4zPHrvEl+H9EVToSHI0YeE3BTtbX+7BiwMH8L3l7eSXvjopfvheCIXkfLVvLO66Y8\/AWjVunW1vMDAQCZ9PRmADb9vIC1V++DXq2fDhIkT8Wvkx8MHD7l44YJB3Xv37GbylKlEnzxJcEgI3y1aXK3MV+PGA9Rq\/Gtj965ddOrcmQ2\/\/y6kDRk6FIVCQVpqmpA+Z\/48Uu7exV0m09uMDPrsM6QOUooKizB\/YvhB+7sVvw5fj0RiSoe3OzDhSXtftP6q5OXlCp4TlUpJZlamXn5wSAhfDBuOSqXC29ubPv361mr8a6pXqVSSmpKKb8OG3Ll9u0Y9VVm7Zg0LFi3i4IEDtO\/QgckTJwl5YrGYtb\/9ytEjR4iIbMPqlU\/Xv42NrfAcRZ+MNth+0XO+2GNsHnXp1as3UqmUQZ8OIiMjQ9hcnIs7x7m4czg5OTFm3FjB8Df086NTZ60xDQsPY\/68eUKMPuH6dcaMG8ubTZsy7PMhz9dYjK+lSo4dPUr\/jz6qVU9N4\/zbr7+yYvUq4mLjaB0Rwcf9+xvVM3T4cPz8GpGaksLsGTOZPHUKS5csISszCycnJ1at+YXQ5m\/Rrn07FsybT4uwFnTv0YOeUR\/o9X\/ugvmEhDTDzMyMjIx0li5ZQkRkG\/bsMvxGRyVHDh+hZ1QUt5L0DXrnLl2oV68eZWVlgsdl186dTJk+jf379tGggTvfL67+PVJ1rhctWEjjwEBmzpnNqZhT3EtL49f16\/l56VIO7NtPRUUFiQmJBL3xhnB\/6b0uXfS8YkOHD+fsmTMGXw9sFtqMRo1qN95nT5\/B29uHfzRtKqRZWlrohWhqIj09nVtJt\/ho4MdCmpmZmXGBZ5AH7eZq2AjtMzBsxHBbUeUv\/EX1+tDoyf9luH\/\/Pl2MXELJfN+NYq9Xe8NfFy9bV7xsXITPsQ9uUKLSTrQIEeENAnG1cuBMVoKegY5wf0P4+0FJHom5aTXW42IlJcwtkGPpl1GUF9GyQRMh78KjWxSU1+6KqwmL+6W4\/3n\/hW746yJ1kCI2EQsnWXt7e8zMzHj48CGg3UmHhDQTyicmJAixuSZBTbCwsCAt7R4PsrKq6TWVmAp6\/Bo1oqFfQ07HnNK7FCf3kpN5P1OIC3t4evLo4UODLlWxRIyXl3c1Y6Vbl6mpKZ5yuVBG7iXH1VV7C1yhUJCYkKDtp1RKi7AWKPLzORVzSjgRmpqaEhYejoWFBSeOHxeMP2gv7TRrHsq1+Gt6X9ovUn9VZDIZ5UolDx88wNXNFRORiV78+jX\/1\/RepdT97ObmRlFRkV7M1Fi9ci85D7IeUFpaiqOjI2KxWJgjXXT1e3t7k5GRIcwRaEOCTYObcuXSZTIz9TcqXt5eBAW9wa2kJBJ1YqdNgppg9eSSYUZ6erWTs7OLCz169GD5smUYwtraGqlUqidnbB51cXd3R+ahDccUFhbqvc0C2jn38PAgOVnraraxseH1xo2F\/HNxccKlSbFYTOuI1iTdTDJ68jeGsbUkloiRe8pJTk7G0tISv0Z+RsOiuvNibJwry8nlXpw+dYrCQsPhOIB\/vPmmcAnywvnzeHh4CHNtampK8+bNcXB0JDExkVtJSYjFYvr068uxI0f1+t8kqAmhoc1RqlSci40lMTGRhYsXM27MmBqf1fr16zPiyy\/4Ztp0QVfX7t1QKVUolUpiYqL1whaecjlBQUFcvnTJ4Pgbm2uxRMxnnw3GXirlpx9\/1BsTW1tbnF1cuH3rFlbWVnh6eHLjxtN7JzKZjPz8fAoKCvTWT6Vsi7Aw6tWrV60tHnJPTCXa8G9Kyl3hvoiFpQU+vr5s37qN+KtXkXvJadYsVE9W5iHDzMycgsICHj3QX5\/ePt6o1GpSku+yfds25F5yItu0QaPWUFxcu12JaNOGSxcvcC3+GpcvXRIurqqUykzB+Lu4utZ4YeNFKSsrM7hL15iKKAyoPoh1VMfyXimmec\/u9qmjjv92zM3NEUvEzxSjruO\/m3r16hHwegDnDLw9VImjoyOz5s5h5fIVel7Drt27kZebx8kTJ\/4\/mvo\/h7OLCw5Sqd4G5wmporrf9q+jjjrqqOPfiaFTNlT+Fojque7N1PFKSP0\/Je78opnWRLAAAAAASUVORK5CYII=\" alt=\"Markalama G\u00f6rseli\" title=\"\"><\/p>\n<\/div>\n<div>\n<table style=\"width: 100%;\" cellspacing=\"0\" cellpadding=\"0\">\n<tbody>\n<tr>\n<td style=\"width: 120px; font-weight: bold;\">\u0646\u0648\u0631\u0645<\/td>\n<td style=\"width: 400px; text-align: left;\">EN ISO 1403<br \/>\nTS 2420-2<\/td>\n<td style=\"width: 120px; font-weight: bold;\">\u0644\u0648\u0646<\/td>\n<td style=\"width: 400px;\">\n<div class=\"color-icons\"><img decoding=\"async\" src=\"data:image\/svg+xml;base64,PHN2ZyB2aWV3Qm94PSIwIDAgMTAwIDEwMCIgeG1sbnM9Imh0dHA6Ly93d3cudzMub3JnLzIwMDAvc3ZnIj4KICA8Y2lyY2xlIGN4PSI1MCIgY3k9IjUwIiByPSI0OSIgZmlsbD0iIzAwMDAwMCIgc3Ryb2tlPSJibGFjayIgc3Ryb2tlLXdpZHRoPSIwLjUiLz4KICA8Y2lyY2xlIGN4PSI1MCIgY3k9IjUwIiByPSIzOCIgZmlsbD0id2hpdGUiIHN0cm9rZT0iYmxhY2siIHN0cm9rZS13aWR0aD0iMC41Ii8+CiAgPGNpcmNsZSBjeD0iNTAiIGN5PSI1MCIgcj0iMzMiIGZpbGw9IiMwMDAwMDAiIHN0cm9rZT0iYmxhY2siIHN0cm9rZS13aWR0aD0iMC41Ii8+CiAgPGNpcmNsZSBjeD0iNTAiIGN5PSI1MCIgcj0iMjIiIGZpbGw9IndoaXRlIiBzdHJva2U9ImJsYWNrIiBzdHJva2Utd2lkdGg9IjAuNSIvPgo8L3N2Zz4=\" alt=\"\" title=\"\"><br \/>\n<img decoding=\"async\" src=\"data:image\/svg+xml;base64,PHN2ZyB2aWV3Qm94PSIwIDAgMTAwIDEwMCIgeG1sbnM9Imh0dHA6Ly93d3cudzMub3JnLzIwMDAvc3ZnIj4KICA8Y2lyY2xlIGN4PSI1MCIgY3k9IjUwIiByPSI0OSIgZmlsbD0iI0U4M0YzRiIgc3Ryb2tlPSJibGFjayIgc3Ryb2tlLXdpZHRoPSIwLjUiLz4KICA8Y2lyY2xlIGN4PSI1MCIgY3k9IjUwIiByPSIzOCIgZmlsbD0id2hpdGUiIHN0cm9rZT0iYmxhY2siIHN0cm9rZS13aWR0aD0iMC41Ii8+CiAgPGNpcmNsZSBjeD0iNTAiIGN5PSI1MCIgcj0iMzMiIGZpbGw9IiMwMDAwMDAiIHN0cm9rZT0iYmxhY2siIHN0cm9rZS13aWR0aD0iMC41Ii8+CiAgPGNpcmNsZSBjeD0iNTAiIGN5PSI1MCIgcj0iMjIiIGZpbGw9IndoaXRlIiBzdHJva2U9ImJsYWNrIiBzdHJva2Utd2lkdGg9IjAuNSIvPgo8L3N2Zz4=\" alt=\"\" title=\"\"><\/div>\n<\/td>\n<\/tr>\n<\/tbody>\n<\/table>\n<\/div>\n<\/div>\n<\/div>","protected":false},"excerpt":{"rendered":"<p>&nbsp; \u00dcr\u00fcn Ad\u0131: EGE-10 \u00dcr\u00fcn Kodu: WMP111 Orta Bas\u0131n\u00e7l\u0131 Su Kullanim Alan\u0131 : Orta Bas\u0131n\u00e7 Gereksinimi Olan End\u00fcstriyel ve \u0130n\u015faat Hizmetleri Alt Katman : Do\u011fal ve Sentetik Kau\u00e7uk. Takviye Katman\u0131 : Y\u00fcksek Mukavemetli Sentetik Tekstil. \u00dcst Katman : Hava, Oksijen ve A\u015f\u0131nmaya Dayan\u0131kl\u0131 Sentetik Kau\u00e7uk. -25\u00b0C \/ + 70\u00b0C -13\u00b0F \/ +158\u00b0F Markalama : Transfer [&#8230;]\n","protected":false},"featured_media":22154,"comment_status":"open","ping_status":"closed","template":"","meta":{"jetpack_post_was_ever_published":false},"product_brand":[],"product_cat":[2349],"product_tag":[],"class_list":{"0":"post-21213","1":"product","2":"type-product","3":"status-publish","4":"has-post-thumbnail","6":"product_cat-sel_su_hortumlari","8":"first","9":"instock","10":"taxable","11":"shipping-taxable","12":"product-type-simple"},"jetpack-related-posts":[],"jetpack_sharing_enabled":true,"jetpack_likes_enabled":true,"_links":{"self":[{"href":"https:\/\/tuzlahortum.com.tr\/ar\/wp-json\/wp\/v2\/product\/21213","targetHints":{"allow":["GET"]}}],"collection":[{"href":"https:\/\/tuzlahortum.com.tr\/ar\/wp-json\/wp\/v2\/product"}],"about":[{"href":"https:\/\/tuzlahortum.com.tr\/ar\/wp-json\/wp\/v2\/types\/product"}],"replies":[{"embeddable":true,"href":"https:\/\/tuzlahortum.com.tr\/ar\/wp-json\/wp\/v2\/comments?post=21213"}],"wp:featuredmedia":[{"embeddable":true,"href":"https:\/\/tuzlahortum.com.tr\/ar\/wp-json\/wp\/v2\/media\/22154"}],"wp:attachment":[{"href":"https:\/\/tuzlahortum.com.tr\/ar\/wp-json\/wp\/v2\/media?parent=21213"}],"wp:term":[{"taxonomy":"product_brand","embeddable":true,"href":"https:\/\/tuzlahortum.com.tr\/ar\/wp-json\/wp\/v2\/product_brand?post=21213"},{"taxonomy":"product_cat","embeddable":true,"href":"https:\/\/tuzlahortum.com.tr\/ar\/wp-json\/wp\/v2\/product_cat?post=21213"},{"taxonomy":"product_tag","embeddable":true,"href":"https:\/\/tuzlahortum.com.tr\/ar\/wp-json\/wp\/v2\/product_tag?post=21213"}],"curies":[{"name":"\u062f\u0628\u0644\u064a\u0648 \u0628\u064a","href":"https:\/\/api.w.org\/{rel}","templated":true}]}}