{"id":20884,"date":"2025-08-11T10:02:26","date_gmt":"2025-08-11T07:02:26","guid":{"rendered":"https:\/\/tuzlahortum.com.tr\/urun\/forcestream1sc\/"},"modified":"2025-08-20T16:48:09","modified_gmt":"2025-08-20T13:48:09","slug":"forcestream1sc","status":"publish","type":"product","link":"https:\/\/tuzlahortum.com.tr\/ar\/product\/forcestream1sc\/","title":{"rendered":"\u0641\u0648\u0631\u0633\u064a\u0633\u062a\u0631\u064a\u0645\u00ae1 \u0625\u0633 \u0633\u064a"},"content":{"rendered":"<p>&nbsp;<\/p>\n<div class=\"report-container\">\n<div class=\"report-header\">\n<div class=\"standard-text\">\u0627\u0633\u0645 \u0627\u0644\u0645\u0646\u062a\u062c: FORCESTREAM\u00ae1SC<\/div>\n<div class=\"standard-text\">\u0631\u0645\u0632 \u0627\u0644\u0645\u0646\u062a\u062c: HWB315<\/div>\n<div class=\"standard-text\">\u0627\u0644\u0645\u0648\u0627\u0635\u0641\u0629 \u0627\u0644\u0642\u064a\u0627\u0633\u064a\u0629: EN 857 1SC<\/div>\n<\/div>\n<div class=\"product-image-container\">\n<div class=\"key-feature\">\u0634\u0628\u0643\u0629 \u0623\u0633\u0644\u0627\u0643 \u0641\u0648\u0644\u0627\u0630\u064a\u0629 \u0623\u062d\u0627\u062f\u064a\u0629 \u0627\u0644\u0637\u0628\u0642\u0629<\/div>\n<\/div>\n<div class=\"horizontal-line\"><\/div>\n<div class=\"product-details\">\n<div class=\"detail-row\">\n<div class=\"detail-label\">\u0645\u0646\u0637\u0642\u0629 \u0627\u0644\u0627\u0633\u062a\u062e\u062f\u0627\u0645<\/div>\n<div class=\"detail-value\">: \u0644\u0644\u0623\u0646\u0638\u0645\u0629 \u0627\u0644\u0647\u064a\u062f\u0631\u0648\u0644\u064a\u0643\u064a\u0629 \u0630\u0627\u062a \u0627\u0644\u0636\u063a\u0637 \u0627\u0644\u0645\u0646\u062e\u0641\u0636 \u0648\u0627\u0644\u0645\u062a\u0648\u0633\u0637 \u0627\u0644\u062a\u064a \u062a\u0633\u062a\u062e\u062f\u0645 \u0627\u0644\u0632\u064a\u0648\u062a \u0627\u0644\u0647\u064a\u062f\u0631\u0648\u0644\u064a\u0643\u064a\u0629 \u0648\u0632\u064a\u0648\u062a \u0627\u0644\u062a\u0634\u062d\u064a\u0645 \u0627\u0644\u0645\u0639\u062f\u0646\u064a\u0629 \u0648\u0627\u0644\u0646\u0628\u0627\u062a\u064a\u0629<\/div>\n<\/div>\n<div class=\"detail-row\">\n<div class=\"detail-label\">\u0627\u0644\u0637\u0628\u0642\u0629 \u0627\u0644\u0633\u0641\u0644\u0649<\/div>\n<div class=\"detail-value\">: \u0645\u0637\u0627\u0637 \u0635\u0646\u0627\u0639\u064a \u062e\u0627\u0635 \u0645\u0642\u0627\u0648\u0645 \u0644\u0644\u0632\u064a\u0648\u062a \u0627\u0644\u0645\u0639\u062f\u0646\u064a\u0629 \u0648\u0627\u0644\u0646\u0628\u0627\u062a\u064a\u0629 \u0648\u0627\u0644\u0647\u064a\u062f\u0631\u0648\u0644\u064a\u0643\u064a\u0629<\/div>\n<\/div>\n<div class=\"detail-row\">\n<div class=\"detail-label\">\u0637\u0628\u0642\u0629 \u0627\u0644\u062a\u0639\u0632\u064a\u0632<\/div>\n<div class=\"detail-value\">: \u0634\u0628\u0643\u0629 \u0623\u0633\u0644\u0627\u0643 \u0641\u0648\u0644\u0627\u0630\u064a\u0629 \u0639\u0627\u0644\u064a\u0629 \u0627\u0644\u0634\u062f \u0623\u062d\u0627\u062f\u064a\u0629 \u0627\u0644\u0637\u0628\u0642\u0629<\/div>\n<\/div>\n<div class=\"detail-row\">\n<div class=\"detail-label\">\u0627\u0644\u0637\u0628\u0642\u0629 \u0627\u0644\u0639\u0644\u064a\u0627<\/div>\n<div class=\"detail-value\">: \u0645\u0637\u0627\u0637 \u0635\u0646\u0627\u0639\u064a \u062e\u0627\u0635 \u0645\u0642\u0627\u0648\u0645 \u0644\u0644\u0632\u064a\u062a \u0648\u0627\u0644\u062a\u0622\u0643\u0644 \u0648\u0627\u0644\u0639\u0648\u0627\u0645\u0644 \u0627\u0644\u062c\u0648\u064a\u0629<\/div>\n<\/div>\n<\/div>\n<div class=\"datasheet_table\"><img decoding=\"async\" class=\"alignnone size-full\" src=\"https:\/\/tuzlahortum.com.tr\/wp-content\/uploads\/2025\/08\/datasheet31.svg\" alt=\"\" title=\"\"><\/div>\n<div class=\"table-notes\">* \u0644\u0645 \u064a\u062d\u062f\u062f \u0645\u0639\u064a\u0627\u0631 EN\/SAE \u0647\u0630\u0627 \u0627\u0644\u062d\u062c\u0645 \u0644\u0644\u062e\u0631\u0637\u0648\u0645<\/div>\n<div class=\"horizontal-line\"><\/div>\n<div class=\"footer\">\n<div class=\"standards-section\">\n<div class=\"standard-item\" style=\"margin-top: 9px;\"><img data-recalc-dims=\"1\" width=\"1020\" decoding=\"async\" style=\"margin-right: 10px;\" src=\"https:\/\/i0.wp.com\/tuzlahortum.com.tr\/wp-content\/uploads\/2025\/04\/msha-1.png?fit=1020%2C40&#038;ssl=1\" height=\"40\" alt=\"\" title=\"\"><br \/>\n<img data-recalc-dims=\"1\" width=\"1020\" decoding=\"async\" style=\"margin-right: 10px;\" src=\"https:\/\/i0.wp.com\/tuzlahortum.com.tr\/wp-content\/uploads\/2025\/04\/dnv_gl_logo-1.png?fit=1020%2C40&#038;ssl=1\" height=\"40\" alt=\"\" title=\"\"><br \/>\n<img data-recalc-dims=\"1\" width=\"1020\" decoding=\"async\" style=\"margin-right: 10px;\" src=\"https:\/\/i0.wp.com\/tuzlahortum.com.tr\/wp-content\/uploads\/2025\/04\/abs-2.png?fit=1020%2C40&#038;ssl=1\" height=\"40\" alt=\"\" title=\"\"><br \/>\n<img data-recalc-dims=\"1\" width=\"1020\" decoding=\"async\" style=\"margin-right: 10px;\" src=\"https:\/\/i0.wp.com\/tuzlahortum.com.tr\/wp-content\/uploads\/2025\/04\/dumen-1.png?fit=1020%2C40&#038;ssl=1\" height=\"40\" alt=\"\" title=\"\"><br \/>\n<img data-recalc-dims=\"1\" width=\"1020\" decoding=\"async\" style=\"margin-right: 10px;\" src=\"https:\/\/i0.wp.com\/tuzlahortum.com.tr\/wp-content\/uploads\/2025\/04\/tse-1.png?fit=1020%2C40&#038;ssl=1\" height=\"40\" alt=\"\" title=\"\"><\/div>\n<div class=\"standard-info\">-04 &gt; -16 \u0627\u0644\u063a\u0637\u0627\u0621 \u0627\u0644\u0623\u0645\u0644\u0633<\/div>\n<\/div>\n<div class=\"horizontal-line\"><\/div>\n<div class=\"temperature-section\">\n<div class=\"temp-icon\"><img decoding=\"async\" src=\"data:image\/svg+xml;base64,PD94bWwgdmVyc2lvbj0iMS4wIiBlbmNvZGluZz0iVVRGLTgiPz4KPHN2ZyBpZD0ia2F0bWFuXzIiIGRhdGEtbmFtZT0ia2F0bWFuIDIiIHhtbG5zPSJodHRwOi8vd3d3LnczLm9yZy8yMDAwL3N2ZyIgdmlld0JveD0iMCAwIDcyLjI3IDE2Ljk4Ij4KICA8ZGVmcz4KICAgIDxzdHlsZT4KICAgICAgLmNscy0xIHsKICAgICAgICBzdHJva2Utd2lkdGg6IC41OXB4OwogICAgICB9CgogICAgICAuY2xzLTEsIC5jbHMtMiwgLmNscy0zLCAuY2xzLTQgewogICAgICAgIGZpbGw6IG5vbmU7CiAgICAgICAgc3Ryb2tlLW1pdGVybGltaXQ6IDMuODY7CiAgICAgIH0KCiAgICAgIC5jbHMtMSwgLmNscy0zLCAuY2xzLTQgewogICAgICAgIHN0cm9rZTogI2E3YTlhYjsKICAgICAgfQoKICAgICAgLmNscy01IHsKICAgICAgICBmaWxsOiAjYTdhOWFiOwogICAgICB9CgogICAgICAuY2xzLTIgewogICAgICAgIHN0cm9rZTogI2ZmZjsKICAgICAgfQoKICAgICAgLmNscy0zIHsKICAgICAgICBzdHJva2Utd2lkdGg6IDIuMDZweDsKICAgICAgfQoKICAgICAgLmNscy00IHsKICAgICAgICBzdHJva2Utd2lkdGg6IC4ycHg7CiAgICAgIH0KICAgIDwvc3R5bGU+CiAgPC9kZWZzPgogIDxnIGlkPSJrYXRtYW5fMSIgZGF0YS1uYW1lPSJrYXRtYW4gMSI+CiAgICA8Zz4KICAgICAgPHBhdGggY2xhc3M9ImNscy0zIiBkPSJNMTEuMzQsMTEuNTdjLS45NCwxLjcxLTIuNzEsMi42Ni00LjgsMi42Ni0zLjA1LDAtNS41MS0yLjQ3LTUuNTEtNS41MlMzLjUsMy4xOSw2LjU1LDMuMTljMS45NCwwLDMuNjUsMSw0LjYzLDIuNTIiLz4KICAgICAgPGNpcmNsZSBjbGFzcz0iY2xzLTUiIGN4PSI2LjU1IiBjeT0iOC42NiIgcj0iMi40Ii8+CiAgICAgIDxjaXJjbGUgY2xhc3M9ImNscy0yIiBjeD0iNi41NSIgY3k9IjguNjYiIHI9IjIuNCIvPgogICAgICA8bGluZSBjbGFzcz0iY2xzLTMiIHgxPSI2OC4zNCIgeTE9IjExLjc2IiB4Mj0iOS45MiIgeTI9IjExLjc2Ii8+CiAgICAgIDxsaW5lIGNsYXNzPSJjbHMtMyIgeDE9IjY4Ljc4IiB5MT0iNS41MSIgeDI9IjkuNzMiIHkyPSI1LjUxIi8+CiAgICAgIDxsaW5lIGNsYXNzPSJjbHMtMyIgeDE9IjU0LjA3IiB5MT0iOC43NSIgeDI9IjguNjQiIHkyPSI4Ljc1Ii8+CiAgICAgIDxwYXRoIGNsYXNzPSJjbHMtMyIgZD0iTTY4LjE1LDUuNTVjMS43MSwwLDMuMDksMS4zOSwzLjA5LDMuMDlzLTEuOTIsMy4wNi0zLjYyLDMuMDYiLz4KICAgICAgPHBhdGggY2xhc3M9ImNscy01IiBkPSJNNTMuOTEsOC43NWMwLS4xNC4xMi0uMjYuMjYtLjI2cy4yNy4xMi4yNy4yNi0uMTIuMjctLjI3LjI3LS4yNi0uMTItLjI2LS4yN1oiLz4KICAgICAgPHBhdGggY2xhc3M9ImNscy0zIiBkPSJNNTMuOTEsOC43NWMwLS4xNC4xMi0uMjYuMjYtLjI2cy4yNy4xMi4yNy4yNi0uMTIuMjctLjI3LjI3LS4yNi0uMTItLjI2LS4yN1oiLz4KICAgICAgPGxpbmUgY2xhc3M9ImNscy0xIiB4MT0iMzYuNDMiIHkxPSIxNi45OCIgeDI9IjM2LjQzIiB5Mj0iMTQuMjQiLz4KICAgICAgPGxpbmUgY2xhc3M9ImNscy0xIiB4MT0iMjguMDUiIHkxPSIxNi45OCIgeDI9IjI4LjA1IiB5Mj0iMTQuMjQiLz4KICAgICAgPGxpbmUgY2xhc3M9ImNscy0xIiB4MT0iMTkuNTkiIHkxPSIxNi45OCIgeDI9IjE5LjU5IiB5Mj0iMTQuMjQiLz4KICAgICAgPGxpbmUgY2xhc3M9ImNscy0xIiB4MT0iNDEuNTciIHkxPSIyLjc0IiB4Mj0iNDEuNTciLz4KICAgICAgPGxpbmUgY2xhc3M9ImNscy0xIiB4MT0iMzMuMjgiIHkxPSIyLjc0IiB4Mj0iMzMuMjgiLz4KICAgICAgPGxpbmUgY2xhc3M9ImNscy0xIiB4MT0iMjQuOTkiIHkxPSIyLjc0IiB4Mj0iMjQuOTkiLz4KICAgICAgPGxpbmUgY2xhc3M9ImNscy0xIiB4MT0iMTYuMDgiIHkxPSIyLjc0IiB4Mj0iMTYuMDgiLz4KICAgICAgPGxpbmUgY2xhc3M9ImNscy0xIiB4MT0iNDQuNjMiIHkxPSIxNi45OCIgeDI9IjQ0LjYzIiB5Mj0iMTQuMjQiLz4KICAgICAgPGxpbmUgY2xhc3M9ImNscy0xIiB4MT0iNDkuNDkiIHkxPSIyLjc0IiB4Mj0iNDkuNDkiLz4KICAgICAgPGxpbmUgY2xhc3M9ImNscy00IiB4MT0iNDAuODgiIHkxPSIxNi45OCIgeDI9IjQwLjg4IiB5Mj0iMTQuMjQiLz4KICAgICAgPGxpbmUgY2xhc3M9ImNscy00IiB4MT0iMzIuMzMiIHkxPSIxNi45OCIgeDI9IjMyLjMzIiB5Mj0iMTQuMjQiLz4KICAgICAgPGxpbmUgY2xhc3M9ImNscy00IiB4MT0iMjMuNzkiIHkxPSIxNi45OCIgeDI9IjIzLjc5IiB5Mj0iMTQuMjQiLz4KICAgICAgPGxpbmUgY2xhc3M9ImNscy00IiB4MT0iMjAuNTkiIHkxPSIyLjc0IiB4Mj0iMjAuNTkiLz4KICAgICAgPGxpbmUgY2xhc3M9ImNscy00IiB4MT0iMjkuMTMiIHkxPSIyLjc0IiB4Mj0iMjkuMTMiLz4KICAgICAgPGxpbmUgY2xhc3M9ImNscy00IiB4MT0iMzcuMTYiIHkxPSIyLjc0IiB4Mj0iMzcuMTYiLz4KICAgICAgPGxpbmUgY2xhc3M9ImNscy00IiB4MT0iNDUuNzEiIHkxPSIyLjc0IiB4Mj0iNDUuNzEiLz4KICAgIDwvZz4KICA8L2c+Cjwvc3ZnPg==\" alt=\"S\u0131cakl\u0131k\" width=\"100\" title=\"\"><\/div>\n<div class=\"temp-values\">\n<div>-40 \u062f\u0631\u062c\u0629 \u0645\u0626\u0648\u064a\u0629 \/ +100 \u062f\u0631\u062c\u0629 \u0645\u0626\u0648\u064a\u0629 (+125 \u062f\u0631\u062c\u0629 \u0645\u0626\u0648\u064a\u0629 \u0639\u0644\u0649 \u0627\u0644\u0645\u062f\u0649 \u0627\u0644\u0642\u0635\u064a\u0631)<\/div>\n<div>-40 \u062f\u0631\u062c\u0629 \u0641\u0647\u0631\u0646\u0647\u0627\u064a\u062a \/ +212 \u062f\u0631\u062c\u0629 \u0641\u0647\u0631\u0646\u0647\u0627\u064a\u062a (257 \u062f\u0631\u062c\u0629 \u0641\u0647\u0631\u0646\u0647\u0627\u064a\u062a \u0639\u0644\u0649 \u0627\u0644\u0645\u062f\u0649 \u0627\u0644\u0642\u0635\u064a\u0631)<\/div>\n<\/div>\n<\/div>\n<div class=\"marking-section\">\n<div class=\"detail-row\">\n<div class=\"detail-label\">\u0648\u0636\u0639 \u0627\u0644\u0639\u0644\u0627\u0645\u0627\u062a<\/div>\n<div class=\"detail-value\">: \u0634\u0631\u064a\u0637 \u0646\u0642\u0644\u060c \u0645\u0646\u0642\u0648\u0634 \u0623\u0648 \u0646\u0627\u0641\u062b \u0644\u0644\u062d\u0628\u0631<\/div>\n<\/div>\n<p><img decoding=\"async\" class=\"marking-image\" src=\"data:image\/png;base64,iVBORw0KGgoAAAANSUhEUgAAAfAAAAANCAYAAABW1zyVAAAABmJLR0QA\/wD\/AP+gvaeTAAAanUlEQVR4nO2cd1iT1xrAf0kIAQQBIQgyCwgoAooTcIFbcWvVurXuUVfdFre11lq1jla7HRUFF44Kah0oKq6CCgiCgw2CAoGEhNw\/olEKWlfb23v5PU+eh5zvvOe853xJ3vOOD4GzvcM1qqiiiiqqqKKKfxU6avB6vsHE1JT2HdojFApfaQBZkYxTv\/1G+44d2b1r11sp074Mqr\/VCP\/b3BLADcE\/rUUVVVTx\/4JAIMDAwICioqJ\/WpUqKkHnjw1dAgOZPWc2V65cfaUBHj7MJS7uFp8sDHorA+5ZBpOVbyz+P48CGCf+p7Wooooq\/l\/w8PRgQVAQFhYW\/LJjJ1u2fINKqXrrcUUiEc18mr22XFpqGsnJyZiYmuLuXve15ePj4snJycG9Xj1MTIxfS1YulxN9Kfq15\/yrqWDAhUIBly5dYsTQYRU6T54yBVNT03JtBQWP31oJETDqBZ8LAz8fzCZP0L5\/FLyHx\/sOYjZ2FIbt21CankHmvCBUuQ+xCJqHpG4dAFS5uWQtXoEyI4NqrVpQY8IYBEIR2ctXUnzlGjWXL0bXyVE7bsa0mehYWmI+cxoiQ0Pyt++k8MQprNZ+Xk6frIVLsVgwB0QiABQJt8latJTqfXpTvWc3bb\/873+i4OgxhNUMsP5mI\/k7d1EQdgShkSHWWzcjO32W3A2bqd4tEOOB\/clauBT5rbgX7tFeEWS+gfc9cfIkRKJnt\/lc5FmKimR07NSRdV+uRalU0iUwEDVqDocderbv1Qzo2LETSqWSw4cOoVQqaeDtjaWVJQDJSXcQCIU4vOeglUl7kMr169fLzS+VSjGXSrl18yYAzVu0wD8ggEeP8gkNCeXB\/fsAODk50atPH0QiEfv37uXWrVvlxhEKhQwbMYLvtm594VqbNmuGjo6IxNuJdA4M5Ptvv63Qp56HB0ZGRigUCgLatAGguFjG4bBD3Llzhzp16tA5sAvr165DoVDQsVMnxGIxBw8ceIXdfjf0\/2AAYQcOUlhYqG2TSqUMGzGClORkdgcHY1DNgAkTJ5GdncUP333\/RvPoGxgwcdIkdu7YwYP795k2YzpnTp\/m0sVLDBw0iLS0NE6eOAGAp5cnHTp2AjT7dTw8osI9elOe3vunY5\/67Tdifo957XE8PD24EXuDsrKyd6LXx7NmAaBSKUlKSuLg\/gOUlZXRtl07fP38yMnJYc\/u3WRlZtKte3cePXrEqd9+eydz\/5MYGhoybcYMGjZqyNLFS0h98IDBQ4fyS3AwCz8J4kZs7FuNb2BgwI\/btr20T1FRESdPnCCwa1dt24\/f\/8CSRYvw9PTkux9\/eKn8naQkcnJyaNK0qbZt6uSPOHjgAHPmzaWZj89L5UN276Fbj+6IxRqvKT09nRY+vn+ysr+fSuPklpZWdOrSWftq264dIh0Rvfr0xtrGhrKysude6rdWor0K3nvBMAZNGyM0MEB2+iyy02eR34zD4pO5GPXoSkHYESRurljMnw1A9R7dUMQnIDsTiX7jRhi29Uffuz61Nq+n6OQplBkZWK1ZBQIBxr17UhITqx23TCbD5setFB75laLIc1gsXIBAR4Ts9Fl0pFLUJXJkp88i0BFh0KwJstNnKb54CdNhgxE7OGAY0JqyoqJnet5OBMC4\/\/tU82+FXn1NpkLiUhsDn6ZIPNwBMB0xlGot\/FA9zHvh\/uQLIOTVMhoVmDBpEs18fHB2dsbZ2RlT0xq4uLowfuJE+g0YAIB\/QAD+\/gHl5FZ+torAbl3p2bsXS5YvA2D23DnMmjOHmbNm0drfnzZt2zBz1ixmzprFys9W0f+DAVp5oVBIA29v1qxbS68+vQHwbtiQTV9vRiQS4uHpyb4D+zE2NsbBwYHQA\/txr1cPO3s7gkNDqFO3\/Am7S2Agtra2L12rs7MztV1cMDQ0pHGTxjRtVvGUP3f+PHJzc\/Dw9OCDQQOxs7MjsGtXdu8NxaJmTZycnRk3YQIDBw0CoFXrVrRp1\/Y1d\/3tMDCoxtDhw8q1mZmZMWbcWCZPnQKAl1d9Ro8dQ+8nhu9NKJbJ6Nq9Gz4+PlhZWTF+4kQCu2kOoZOnTsHIyEjb161OHYYMG4qdnR1+zVsQHBpCjRo13nju57F3sGfUmNHY2dlRv0ED9oSG0rhJ49cep0PHju\/MeAOMGTeWBt4NcK5dmyVLlzFk2FD8AwJY9cVq1Go1zXyasXf\/PvT19Qns1o1WrVu\/s7n\/KboEBhJ6YD9paan06t6DPu\/35Yu1a4kID2fp4iUsXraUyVOmaA3bX4VYLEYoFLI3JPSN5I2qVyc56Q5XLl9+I3k7ezs2bdjwRrJ\/JxU88IT4BBQKOWPGjtW2udWpw\/u9NT\/CKpWS0tJS7bXSUsVbKaCvhg9e8p2TuLpScOQoDzd+A4C4lhXGfXtxxy8AVV4epWnpmE+bjMjUFB0LKdmfr6HscQFGnTpQmpaO2dTJ5KxeS97W7xHXsqLG+DGIa1kh0Ncj57MvUCs0+hv4NkOtVFIYcQJlTi4l12MofZBK7obNGPXoSv6OXyj8NRyjju2R304kd8NmRMbG1Bg3GlVWNhI3FzKDllB08tQz5UUiaowcRuGv4Yhr1nyyHhdKk1MQiMXoOtgjNDFG9egRyszMF+7BjyKQvUXue\/PGjeU8gx69elJSUsLY8eMIDQmpVKaBtzejRoxAR6zDZ59rohDW1jZ07dKZkhI5xTIZAF+tW4+hoSFhRw7z9abNWnldXV2mTJuGo6Oj1lNr2KghiYlJLApaiEAgYEFQEKampgwcMphbN28xfMgQ1Go1y1asoFHjRlqvHWDkqA+ZO3vOS9cZFxeHUCgkPz+f3buC+XD0KC5ERWmve3l5IRaLSYhPwNfPj\/S0dCZNmICuri5Hw4\/Rf8AA7iQloVAo+HD0KILfIiX00dSpCIVCfP18uRx9GZGOCB9fX1Z9upLff7\/Ol+vWczn6Eq39A9i5Ywd9+vbh0aPHfDRpEqEhIRwNP8bmTZsqhCxLFQosrSxp4O3Nvbv3tO3TP56Br58fKckpLFm8GF8\/Xzp27MSMadNYs24tIXv2cCLieAU9L0ZdwK1OHbKzs7lz5w6urm5IpVLMzMy4cOFCub4PHz5k0oQJCIVCrsXE4OLqStT582+8R8+jUqmYNEETafs1IpzatV2Ijb3BoiWLcXJy4nJ0NJ99upLuPXrg6OSEvYM9sz+eqY1SiHRElJa++xzcV+vWcy4ykqBFi\/CqXx9zqZTr166zZNEiJBIJC4KCMH7NcOx\/IxY1a7L80xXI5XJmTJ3K52vW4OrqhrGxMSuWLUNXV5ep06eza+dOLC2tCN2\/j\/lz53H92l9TA62rq0vbtm05cfwEYWFhBAYGvpa8VCqlQ+dO7A0NxcCgGm513F5LvnGTJpiZm7N86VLmzp\/\/WrJ\/JxUM+IWoKHp07VauLSr6EkKhJmRcvXp1pFKp9pquru5bKdBfBaYvceJ1XWtj1LUzFvPnUHD4KEVnIpFFXUSV98xjVcsVSFxrQ1kZ1ls2oWNuRun9B8jORWHz7WYypmtCYaVp6WTOX0i1gNYIdHRwTYkHIGvpCh79sht1cTFOF85QfPU6WYs0XiciERInRxTxCRp93FwQ16qF7a5tSJydyPliLWXFxYgd7LHd\/gMARafPcr\/\/YIw6d6CsRM7jfQcxGTTgyXpckN+KR2CgT\/U+vZDHxaPKy3\/h+u8I4Pgbet9PmffJAq3nNvdJWPBRfj6RZ88ydNiwSmV+2bmDDZs3oSMW8\/3WbzEyMsJcak74iROIxWI+HD6cSxcvATDpo8mEhYWRkpKilS8pKWHooEGs+Gyltu1c5Dk+mjqV85cuEnn2LGEHDpKSkkLt2i6cP3cOtVrzQZg3p7yhNjMzw9XNjfh4TYqhSdOmZGdlkZycjEQioVOXzuwL3cvl6Gc5qtiYGHx8fRHpiLRGsJV\/a2JjKob\/FAoFMTEx2NracicpicLCQk6cOMHIUR9WujfPzwnQt1+\/CvUfbnXcsLd3YN\/eUGbOns1PP\/zIvbt3GTZiOLNnzsKvuR8JCfEUFBQwe+4cli9ZyvygT\/Dx9eFExHGKCouoV8+jwg9kbEwsDby9qV+\/PrGxMTg6OuLq5krvPn0YP3YcH8+aSc9evdi9axefLFzIug1f4ebmxrSPplS6lgsXLtCrdy+ys7PZGxLKsBHDqevuTnJyMpkZGRXW7dfcD4f3HNE30CctLa3SMW1sbbG3tyPybCQA\/Qb0Z9fOXwAIaBNAbEwsWVlZ5WR0dHTYd\/AA+gYG2NvbExEeTvsO7XFycuKT+Qv4ZusWjkccx87enqHDh\/Hzjz+hUDxzHjw9vYiNLR92Nzc3x6tBfY6HR1TQw8fXl9TUVO7dvVuh3\/O413NHV1cXvxbNOXb0KGdOn+HDUaOIjDrPmTNnOLBvPxnpGRXk\/m20a9cOZ2dnhg8ZSnJyMkcPH2bH9u2o1fDlurWsXPEpxsbGRJ2P4t7duxQVFfHT9m20b9O2wufkVZk7ew5m5maYmphSvboRuTkPuXvvLoZGhkjNzDGTSsnLfUj16oZEnj1bTjY\/L4+NGzdSUFCAibEJdvZ2CIVCMjMyycjIQF9fHwcHBxydnDh48ACmNcqnfr\/dspVq1QyRyWTkP8ojJzsHCwsLLK0sKZXLeVxQQGpqGmPHj2PVys8YNGTwG+\/tX4nWgNd1d8fewb7SThKJRPv35ejocnnOkuJiQFOY8MdQo7JU+dKckKUaur3E+xaIxei+9x73Bw5DlfsQVU4OJsMGU3rvvraPXn1Piq9cRdfVhZK4eAoOHsKwfVtQq9GxkKIuK0OZlQ2A2LoWaqUKiWttik6dIXvFKgBK791HlZ9PUvMA9Ot7IZ03ixpjRpJ6KRpdezsAFPcfaPbC1QXZuSiKIs8hHjUCVGXoOjuilhVz9\/2BANrDRY3RH6LMzsaghR86ls88cFnUBQx8mmHY1h9Z1EXKXmLAvxbB2wYFz5w6TUKC5rCSk52jbV\/\/5VpC9u8j5vffyX9OB5FIRL8BA9i9axfmUin9B35AyJ49LJg3n70hISxZvozhI0dy6eIlTExNGTh4MAEtW\/2pHjdiYwlo2Qq\/Fs1p1bo133y7ldEjNUby+c\/YH6lpaUlmZiYqpYqWrVoxeuwYZLJivli1ilFjxuDi5oq+nj47d+zQymRnZyMQCDCrYaY1FjVrWpKcfKfSOUxMTEmIf1aDsH7tOg4ePsT1a9eRyZ5V4EokEpZ\/+ikubq7o6elhZGREj5698PD0IGj+Au0hBCD82DG2\/fwzM2fP5scfvqdFy1Z0ec6T+HrjJvr07YtKpSRkzx5GjRmNgb4BAKmpD7CqZVXRgMfG0KBBA+q6u7Nj+3YcHR25nXCbLV9\/w0dTp+BVvz6Xo6MpLCxkw\/r1BC1axOSJE5HL5ZWuO+r8eebMm0tWVha7dv5Celoa\/gH+lXrWJiYmLF2+HJWqjFUrV3Lv7t0Kfezs7Zk3fz7VjasjkUho0rQZLVq2pFYta+Lj4xg2fDg5OTkEzV9Adna2Vq5MpeLrzZs1kZupU\/FvE8DBAwdwdnZm\/iefILWw0NbfnD93jpUrVpSbt2nTpuzYvl373szMjIVLFmNpaYmeRI\/aLi60a98eR0dHos5HMWrMaAoLCtm0YQMjR4\/S9jsUFlZu3OEjRyIvKSEpKYlvt24l72Ge5jPcvDkBbdvw0\/Zt9O3Vu9K9\/Texfds2EhMTWbdxA4fDDhF9KZrCgkLGjBvLsV+P4e7uTkJCPO07tMfLqz56+noEdur8xsYbYPmnK156XaFQEBEejlKpwq95cxKfpCVB87TU3HnzXir\/KP8R23\/+mZ49elDzSQT0KS86nD\/PvXv3+H7rVoIWLyY9Pf1P+\/8TaA14i5Yt6NS5c6Wdrl65QkpyMinJKXTo2JEOHTtqr2VmZrJg3jxSklOYPuPjcnKFhQUvNeAjVPCyTIqu03uo5XKKfjsNT34YVXl5GHXuqDHutZ0xGdife736YTJkELIzkeRv24nQyBA9L0\/UxcUI9fSQuLmgzMrGNng7mfMXInF1RX4zjtInIciy4mLs9gaT\/\/1PPD4QhjwuHnVJCaAxuPLbiaDSeHESFxeyV35O4bEIDNv4o5bLkbi6oriTrB1PXVqKfqOG6Do7UvJ7LBLX2uhYWj4ZrzZ53\/2I2bgxPD4Qhu57Dpr1VcIZIdx4S+8b4PSpU5Xeh9TUVA6HHWLQkMHs37tP225hYYGVlRV7Q\/diZWXFgA8+QCqVIi8pQalUkpmRiZWVFQCt\/Vtz88aNCh5VZXQO7IKLiytffvEFe0NCqVO3LtY2Nty8cUPjLYtElJWV8cvuYM5FnmPtmjWApgLU3NwcgUBAZORZpkybxuPHj4mLiyM5+Q6+zf2ICA8vN5eRkRESiYTiJwdM0EQFzMzMK+hlY2uLV30vdmzbps3tZWVmsi80lOEjR3L40LPiPrlcTkpKMj5+vhwPj8DIyIix48cTGxNTzniDJiz8lMpqRZ7mayvL25qbS5GXVDS6sTGxfLrqM\/LyHmqNsn+bAEaNHcPokR8ydvw4bd8G3t6onhQfHg47pM0rPm\/M79+7R2FhIX7NmxO04BNuxN6gc2AgSxYuAjQHlqfrSk9Lw\/8PBzU9PT2USiVKpSZ8fe\/uXWTFMqxtbThz+gxqNXwwcCCRZ88S8\/vvTJk2jdsJt8sZb4AytZojhw4Dmly2m1sdpFIpzXx8mDl9Blu++07bt1hWzB8xNDLk8eNnBbW5ubnk5ubi5laHkydPkJGRwfCRI7h08RJnTp9myrSp5ObkcvXq1XL9\/siMqdM4Fxmpfd+3Xz9MTU34ZvPX7A4O5sLlaGxsbCrI\/Ru5EBVFnx49mTBpIjNmfszc2XO4efMmvn5+rF71OQgEDBo8iC8+X034sWN\/qS6lpaVcOH+ekpISevV+\/QNSfn4+JyKO4+Pni7OLy2vLJyUmsn\/fPoIWL35t2b8TrQHfumUL33\/73cv6MnrkyBde6\/FcteCr4FEGvn\/iWkpcXZHHx2uNN0DBgUOYjR+LS\/zvIBKRFbQEeVwCElcXHgXvAUDXzo6yvHyU2TkURpzE4Yimgjh\/xy6KTp5COnM6el4e1Bg3CoAHQ0ZSHH0Zq3WrsQiah7q0lLvd+2p0cHNBHqcJnwvEOug6OyJ\/Ek4X29miystH4uaCXn1Pat\/SeEsPt3yH2Maah19tJnfDZnQspDhfu4jYuhY6FhbIE24jNDLk8b4DWK1eycOvK1ZWlwI\/iV5rS1\/IshUrkBVrctZHDx\/mzp1nXuhX69bRu2\/5QqjMzExSklNYtmI5pqam\/HrkKIrSUpZ9uoI27dri5+fH8qWaFIOHhydxcS+unn+elOQUVq1eTd26dVGr1VhZWnH61CkUCjl93u\/L\/kNhqNVqatWqVS7k+7RSXSqVUlBYyJrVq6lmWA2BQEBCfAJjPxyFRE+v3Fy2dnZkZWZSUFCgbUu8fZvmLVto37\/n+B4nT5\/CqlYtzkVGEhERTqdOzw6xmzdt0hb6PU98XDzjRo9BIpGgI9ZhYL\/+1LKxfqU9eBUEAgG2tjYkJiZWuJaYmIipiQmRZ85o2\/QkmkjAwEEDad6iBenp6TRs1IhOnTszcfwE1m\/cQEjwbnr16Y2TszMjhw0vN+aF81E0btqE\/Lw8YmNi6Degvzb\/vfrLNeTm5r6w8nhncDC\/HjnC5k2btG2\/HjlKyO49SCQS5HI5Pbt1o4ZZDSR6eiyYO48aZhWL33R0dDh5+hQ6YjFmZmYM7D+ANu3aYm1jw8SPJmNtY42evl4FOUA7zx85dzaSw2GH0JPooVar6dW9B1ZWlkgkElat\/Ayj6kYV+smKZJXO8ZS7KSksXvoznl5eVKtWDZFIRNT583Tt3v2lcv8W5HK51kAvXLyIy9HR7A0J5ZutW7hy+Qp9evb6W54Jf\/jwIekZGbzfr98bySclJmJpWZMG3t5vJB9+LJyp06e\/kezficDJ3kENsPLzVW9V0foi6rnVoeSJN\/sUIfBFKTj\/SQG7sLoRQokE5XNhXwCRWQ306rkjT7iN8kn+SVzLCuXDPNQlJYhqmIJQiConF4GuLgZNG1OanoEiMUnT17oW6DxL\/yvTM1ArFOg3bgRAybXrqJ8U6olqmEKZGlV+PohEiG2sNSF8tRodK0vKCgoQSCQIDQ2145Xl5SM0ro4yM0tTJCcQaIx9VhYic3NKU9MQ29pQev8BYhtrlOnpqP9QgBMsejcGvF379ohEzwa6f\/8++Xl5uLq5cuK4xuNo2KgRytLScqkRc3NzevftQ1GRjD3BwZSUlOBerx5t2rbh2tVrnD6lKdbzbtiQgoICbickVDq\/h6cHSqVKW5Dm6uZKh44dKSqScSIiguTkZEATJu\/ZsydyhYJDYWFk\/aGob91XXxF28CDHfv31ldY9cNAgHJ2cWLJokbbNomZNdu0OJqBVa+zt7anz5FnSosIizkVGolQqsbKyom49d20+tIG3N2q1mmtXX+3\/Ijzl6b7cuZNE+w4d+O3kb1hYSLGyqsW1q1fxbxPA8fAIbG1tMa1hSvSlaFq0bEni7dsYGxuz8vNVdA98dig2MjKiecsWnIg4TpOmTUlLS6NMpcLaxpoLURcYPHQoMlkR165cxcTUFJmsCAODakSdP0\/LVq3IzsqiTF2GoaFRuVoBAEdHR6QWFlyIisLc3Jz6DRpoIxpe9eujUCgoKCjA2dmZ306eLCfbzMeHzIwM7X18EywsLGj45LunUCi4ERtLRnoGJqamDB4ymLhbceTm5lJcXIxKpcTAoFq5+2Fubo6xsTFJSUlvrENldOrSmYtRF8jNzS3X7unliX9AGx4\/ekT4sWM8ePAA74YNKZbJ3tmjdf8N6Ojo8OGoUTTz9WX50iUkxFf+HX9dqp4Df3doDbiJiQn6+vrvfIKMjIwKoUU9wO3tnz77n+aWACrPWv5\/4l6vHqPHjuGjiZNeqf9P27cxZ+YsUlNTy7UvW7GCfXv3cunixb9CzXfC9I9ncPPmTW1IuYoqqqiiMgRV\/wu9in8L7h4eejdiYkr+rJ9AIKBOXXe9mzdiK\/Q1MTERGRhUE6alpZZWJvvfgFudupLbCfEKlUpVdcytoooqXsh\/AFYAyTt15dw6AAAAAElFTkSuQmCC\" alt=\"Markalama G\u00f6rseli\" title=\"\"><\/p>\n<\/div>\n<div>\n<table style=\"width: 100%;\" cellspacing=\"0\" cellpadding=\"0\">\n<tbody>\n<tr>\n<td style=\"width: 120px; font-weight: bold;\">\u0646\u0648\u0631\u0645<\/td>\n<td style=\"width: 400px; text-align: left;\">EN 857 1SC<br \/>\nTS EN 857 1SC<br \/>\n\u0625\u064a\u0632\u0648 11237-1 1 \u0633 1 \u0633<\/td>\n<td style=\"width: 120px; font-weight: bold;\">\u0644\u0648\u0646<\/td>\n<td style=\"width: 400px;\">\n<div class=\"color-icons\"><img decoding=\"async\" src=\"data:image\/svg+xml;base64,PHN2ZyB2aWV3Qm94PSIwIDAgMTAwIDEwMCIgeG1sbnM9Imh0dHA6Ly93d3cudzMub3JnLzIwMDAvc3ZnIj4KICA8Y2lyY2xlIGN4PSI1MCIgY3k9IjUwIiByPSI0OSIgZmlsbD0iIzAwMDAwMCIgc3Ryb2tlPSJibGFjayIgc3Ryb2tlLXdpZHRoPSIwLjUiLz4KICA8Y2lyY2xlIGN4PSI1MCIgY3k9IjUwIiByPSIzOCIgZmlsbD0id2hpdGUiIHN0cm9rZT0iYmxhY2siIHN0cm9rZS13aWR0aD0iMC41Ii8+CiAgPGNpcmNsZSBjeD0iNTAiIGN5PSI1MCIgcj0iMzMiIGZpbGw9IiMwMDAwMDAiIHN0cm9rZT0iYmxhY2siIHN0cm9rZS13aWR0aD0iMC41Ii8+CiAgPGNpcmNsZSBjeD0iNTAiIGN5PSI1MCIgcj0iMjIiIGZpbGw9IndoaXRlIiBzdHJva2U9ImJsYWNrIiBzdHJva2Utd2lkdGg9IjAuNSIvPgo8L3N2Zz4=\" alt=\"\" title=\"\"><\/div>\n<\/td>\n<\/tr>\n<\/tbody>\n<\/table>\n<\/div>\n<\/div>\n<\/div>","protected":false},"excerpt":{"rendered":"<p>&nbsp; \u00dcr\u00fcn Ad\u0131: FORCESTREAM\u00ae1SC \u00dcr\u00fcn Kodu: HWB315 Standart: EN 857 1SC Tek Kat \u00c7elik Tel \u00d6rg\u00fc Kullanim Alan\u0131 : Hidrolik Ya\u011flar, Mineral ve Bitkisel Ya\u011flay\u0131c\u0131lar Kullanan D\u00fc\u015f\u00fck-Orta Bas\u0131n\u00e7l\u0131 Hidrolik Sistemler \u0130\u00e7in Alt Katman : Mineral, Bitkisel ve Hidrolik Ya\u011fa Dayan\u0131kl\u0131 \u00d6zel Sentetik Kau\u00e7uk Takviye Katman\u0131 : Tek Kat Y\u00fcksek Mukavemetli \u00c7elik Tel \u00d6rg\u00fc \u00dcst Katman [&#8230;]\n","protected":false},"featured_media":20882,"comment_status":"open","ping_status":"closed","template":"","meta":{"jetpack_post_was_ever_published":false},"product_brand":[],"product_cat":[2387],"product_tag":[],"class_list":{"0":"post-20884","1":"product","2":"type-product","3":"status-publish","4":"has-post-thumbnail","6":"product_cat-orgulu_tel_hidrolik","8":"first","9":"instock","10":"taxable","11":"shipping-taxable","12":"product-type-simple"},"jetpack-related-posts":[],"jetpack_sharing_enabled":true,"jetpack_likes_enabled":true,"_links":{"self":[{"href":"https:\/\/tuzlahortum.com.tr\/ar\/wp-json\/wp\/v2\/product\/20884","targetHints":{"allow":["GET"]}}],"collection":[{"href":"https:\/\/tuzlahortum.com.tr\/ar\/wp-json\/wp\/v2\/product"}],"about":[{"href":"https:\/\/tuzlahortum.com.tr\/ar\/wp-json\/wp\/v2\/types\/product"}],"replies":[{"embeddable":true,"href":"https:\/\/tuzlahortum.com.tr\/ar\/wp-json\/wp\/v2\/comments?post=20884"}],"wp:featuredmedia":[{"embeddable":true,"href":"https:\/\/tuzlahortum.com.tr\/ar\/wp-json\/wp\/v2\/media\/20882"}],"wp:attachment":[{"href":"https:\/\/tuzlahortum.com.tr\/ar\/wp-json\/wp\/v2\/media?parent=20884"}],"wp:term":[{"taxonomy":"product_brand","embeddable":true,"href":"https:\/\/tuzlahortum.com.tr\/ar\/wp-json\/wp\/v2\/product_brand?post=20884"},{"taxonomy":"product_cat","embeddable":true,"href":"https:\/\/tuzlahortum.com.tr\/ar\/wp-json\/wp\/v2\/product_cat?post=20884"},{"taxonomy":"product_tag","embeddable":true,"href":"https:\/\/tuzlahortum.com.tr\/ar\/wp-json\/wp\/v2\/product_tag?post=20884"}],"curies":[{"name":"\u062f\u0628\u0644\u064a\u0648 \u0628\u064a","href":"https:\/\/api.w.org\/{rel}","templated":true}]}}