{"id":1878,"date":"2019-02-12T14:16:03","date_gmt":"2019-02-12T11:16:03","guid":{"rendered":"http:\/\/hortum.com.tr\/?post_type=product&#038;p=1878"},"modified":"2024-03-21T17:39:22","modified_gmt":"2024-03-21T14:39:22","slug":"hortum-presleme-soketi","status":"publish","type":"product","link":"https:\/\/tuzlahortum.com.tr\/ar\/product\/hortum-presleme-soketi\/","title":{"rendered":"\u062e\u0631\u0637\u0648\u0645 \u0627\u0644\u0636\u063a\u0637 \u0639\u0644\u0649 \u0627\u0644\u0645\u0642\u0628\u0633"},"content":{"rendered":"<h2>\u062e\u0631\u0637\u0648\u0645 \u0627\u0644\u0636\u063a\u0637 \u0639\u0644\u0649 \u0627\u0644\u0645\u0642\u0628\u0633<\/h2>","protected":false},"excerpt":{"rendered":"<p>\u062e\u0631\u0637\u0648\u0645 \u0627\u0644\u0636\u063a\u0637 \u0639\u0644\u0649 \u0627\u0644\u0645\u0642\u0628\u0633<\/p>","protected":false},"featured_media":6979,"comment_status":"open","ping_status":"closed","template":"","meta":{"jetpack_post_was_ever_published":false},"product_brand":[],"product_cat":[153],"product_tag":[307,304,303,305,302,2309,306],"class_list":{"0":"post-1878","1":"product","2":"type-product","3":"status-publish","4":"has-post-thumbnail","6":"product_cat-beton-hortumlari","7":"product_tag-asinmaya-dayanikli-hortum","8":"product_tag-beton-ve-cimento-dokme-hortumu","9":"product_tag-beton-ve-cimento-nakletme-hortumu","10":"product_tag-beton-ve-cimento-verici-hortumlar","11":"product_tag-cimento-fabrikalarinda-kullanilan-hortum","12":"product_tag-hortum-presleme-soketi","13":"product_tag-silobas-hortumu","15":"first","16":"instock","17":"taxable","18":"shipping-taxable","19":"product-type-variable"},"jetpack-related-posts":[{"id":21560,"url":"https:\/\/tuzlahortum.com.tr\/ar\/product\/liman-s10-sf\/","url_meta":{"origin":1878,"position":0},"title":"\u0644\u064a\u0645\u0627\u0646 - S10 SF","author":"admin","date":"11 \u0623\u063a\u0633\u0637\u0633 2025","format":false,"excerpt":"\u00a0 \u00dcr\u00fcn Ad\u0131: LIMAN - S10 SF \u00dcr\u00fcn Kodu: PSD459 Preslenmi\u015f Flan\u015fl\u0131 \u2013 EN 1765 Tip S10, Tanker ve Yak\u0131t \u0130kmal \u0130\u00e7in Petrol Al\u0131c\u0131\/Verici Hortumu Kullanim Alan\u0131 : Tankerlere ve mavnalara yak\u0131t ikmali hizmetleri ile end\u00fcstriyel uygulamalarda, aromatik i\u00e7erik oran\u0131 %50'ye kadar olan petrol \u00fcr\u00fcnlerinin emi\u015f ve de\u015farj\u0131 i\u00e7in. Alt\u2026","rel":"","context":"\u062a\u062f\u0648\u064a\u0646\u0629 \u0645\u0634\u0627\u0628\u0647\u0629","block_context":{"text":"\u062a\u062f\u0648\u064a\u0646\u0629 \u0645\u0634\u0627\u0628\u0647\u0629","link":""},"img":{"alt_text":"","src":"https:\/\/i0.wp.com\/tuzlahortum.com.tr\/wp-content\/uploads\/2025\/08\/limans10pres-p.png?fit=612%2C612&ssl=1&resize=350%2C200","width":350,"height":200,"srcset":"https:\/\/i0.wp.com\/tuzlahortum.com.tr\/wp-content\/uploads\/2025\/08\/limans10pres-p.png?fit=612%2C612&ssl=1&resize=350%2C200 1x, https:\/\/i0.wp.com\/tuzlahortum.com.tr\/wp-content\/uploads\/2025\/08\/limans10pres-p.png?fit=612%2C612&ssl=1&resize=525%2C300 1.5x"},"classes":[]},{"id":21566,"url":"https:\/\/tuzlahortum.com.tr\/ar\/product\/liman-s15-sf\/","url_meta":{"origin":1878,"position":1},"title":"\u0644\u064a\u0645\u0627\u0646 - S15 SF","author":"admin","date":"11 \u0623\u063a\u0633\u0637\u0633 2025","format":false,"excerpt":"\u00dcr\u00fcn Ad\u0131: LIMAN - S15 - SF \u00dcr\u00fcn Kodu: PSD460 Preslenmi\u015f Flan\u015fl\u0131 \u2013 EN 1765 Tip S15, Tanker ve Yak\u0131t \u0130kmal \u0130\u00e7in Petrol Al\u0131c\u0131\/Verici Hortumu Kullanim Alan\u0131 : Aromatik i\u00e7eri\u011fi %50'ye kadar olan petrol \u00fcr\u00fcnlerinin gemiden gemiye veya gemiden iskeleye emi\u015f ve de\u015farj\u0131 i\u00e7in. Alt Katman : Ya\u011fa ve Petrol\u2026","rel":"","context":"\u062a\u062f\u0648\u064a\u0646\u0629 \u0645\u0634\u0627\u0628\u0647\u0629","block_context":{"text":"\u062a\u062f\u0648\u064a\u0646\u0629 \u0645\u0634\u0627\u0628\u0647\u0629","link":""},"img":{"alt_text":"","src":"https:\/\/i0.wp.com\/tuzlahortum.com.tr\/wp-content\/uploads\/2025\/08\/limans15pres-p-1.png?fit=612%2C612&ssl=1&resize=350%2C200","width":350,"height":200,"srcset":"https:\/\/i0.wp.com\/tuzlahortum.com.tr\/wp-content\/uploads\/2025\/08\/limans15pres-p-1.png?fit=612%2C612&ssl=1&resize=350%2C200 1x, https:\/\/i0.wp.com\/tuzlahortum.com.tr\/wp-content\/uploads\/2025\/08\/limans15pres-p-1.png?fit=612%2C612&ssl=1&resize=525%2C300 1.5x"},"classes":[]},{"id":1879,"url":"https:\/\/tuzlahortum.com.tr\/ar\/product\/hortum-rekoru\/","url_meta":{"origin":1878,"position":2},"title":"\u0627\u062a\u062d\u0627\u062f \u062e\u0631\u0637\u0648\u0645","author":"\u0130smail \u00c7elik","date":"12 \u0641\u0628\u0631\u0627\u064a\u0631 2019","format":false,"excerpt":"\u0627\u062a\u062d\u0627\u062f \u062e\u0631\u0637\u0648\u0645","rel":"","context":"\u062a\u062f\u0648\u064a\u0646\u0629 \u0645\u0634\u0627\u0628\u0647\u0629","block_context":{"text":"\u062a\u062f\u0648\u064a\u0646\u0629 \u0645\u0634\u0627\u0628\u0647\u0629","link":""},"img":{"alt_text":"","src":"https:\/\/i0.wp.com\/tuzlahortum.com.tr\/wp-content\/uploads\/2019\/03\/HORTUM-REKORU.jpg?fit=701%2C768&ssl=1&resize=350%2C200","width":350,"height":200,"srcset":"https:\/\/i0.wp.com\/tuzlahortum.com.tr\/wp-content\/uploads\/2019\/03\/HORTUM-REKORU.jpg?fit=701%2C768&ssl=1&resize=350%2C200 1x, https:\/\/i0.wp.com\/tuzlahortum.com.tr\/wp-content\/uploads\/2019\/03\/HORTUM-REKORU.jpg?fit=701%2C768&ssl=1&resize=525%2C300 1.5x, https:\/\/i0.wp.com\/tuzlahortum.com.tr\/wp-content\/uploads\/2019\/03\/HORTUM-REKORU.jpg?fit=701%2C768&ssl=1&resize=700%2C400 2x"},"classes":[]},{"id":818,"url":"https:\/\/tuzlahortum.com.tr\/ar\/product\/plastik-hortum-te\/","url_meta":{"origin":1878,"position":3},"title":"\u062e\u0631\u0637\u0648\u0645 \u0628\u0644\u0627\u0633\u062a\u064a\u0643","author":"admin","date":"6 \u0641\u0628\u0631\u0627\u064a\u0631 2019","format":false,"excerpt":"\u062e\u0631\u0637\u0648\u0645 \u0628\u0644\u0627\u0633\u062a\u064a\u0643","rel":"","context":"\u062a\u062f\u0648\u064a\u0646\u0629 \u0645\u0634\u0627\u0628\u0647\u0629","block_context":{"text":"\u062a\u062f\u0648\u064a\u0646\u0629 \u0645\u0634\u0627\u0628\u0647\u0629","link":""},"img":{"alt_text":"","src":"https:\/\/i0.wp.com\/tuzlahortum.com.tr\/wp-content\/uploads\/2019\/02\/PLAST%C4%B0K-HORTUM-TE-300x300.jpg?fit=300%2C300&ssl=1&resize=350%2C200","width":350,"height":200},"classes":[]},{"id":607,"url":"https:\/\/tuzlahortum.com.tr\/ar\/product\/sari-hortum-ekleme\/","url_meta":{"origin":1878,"position":4},"title":"\u0645\u0631\u0641\u0642 \u062e\u0631\u0637\u0648\u0645 \u0623\u0635\u0641\u0631","author":"admin","date":"6 \u0641\u0628\u0631\u0627\u064a\u0631 2019","format":false,"excerpt":"\u0645\u0631\u0641\u0642 \u062e\u0631\u0637\u0648\u0645 \u0623\u0635\u0641\u0631","rel":"","context":"\u062a\u062f\u0648\u064a\u0646\u0629 \u0645\u0634\u0627\u0628\u0647\u0629","block_context":{"text":"\u062a\u062f\u0648\u064a\u0646\u0629 \u0645\u0634\u0627\u0628\u0647\u0629","link":""},"img":{"alt_text":"","src":"https:\/\/i0.wp.com\/tuzlahortum.com.tr\/wp-content\/uploads\/2019\/02\/sarihortumek-300x300.jpg?fit=300%2C300&ssl=1&resize=350%2C200","width":350,"height":200},"classes":[]},{"id":608,"url":"https:\/\/tuzlahortum.com.tr\/ar\/product\/sari-hortum-te\/","url_meta":{"origin":1878,"position":5},"title":"\u062e\u0631\u0637\u0648\u0645 \u0623\u0635\u0641\u0631 \u062a\u064a \u0634\u064a\u0631\u062a","author":"admin","date":"6 \u0641\u0628\u0631\u0627\u064a\u0631 2019","format":false,"excerpt":"\u062e\u0631\u0637\u0648\u0645 \u0623\u0635\u0641\u0631 \u062a\u064a \u0634\u064a\u0631\u062a","rel":"","context":"\u062a\u062f\u0648\u064a\u0646\u0629 \u0645\u0634\u0627\u0628\u0647\u0629","block_context":{"text":"\u062a\u062f\u0648\u064a\u0646\u0629 \u0645\u0634\u0627\u0628\u0647\u0629","link":""},"img":{"alt_text":"","src":"https:\/\/i0.wp.com\/tuzlahortum.com.tr\/wp-content\/uploads\/2019\/02\/sarihortumte-300x300.jpg?fit=300%2C300&ssl=1&resize=350%2C200","width":350,"height":200},"classes":[]}],"jetpack_sharing_enabled":true,"jetpack_likes_enabled":true,"_links":{"self":[{"href":"https:\/\/tuzlahortum.com.tr\/ar\/wp-json\/wp\/v2\/product\/1878","targetHints":{"allow":["GET"]}}],"collection":[{"href":"https:\/\/tuzlahortum.com.tr\/ar\/wp-json\/wp\/v2\/product"}],"about":[{"href":"https:\/\/tuzlahortum.com.tr\/ar\/wp-json\/wp\/v2\/types\/product"}],"replies":[{"embeddable":true,"href":"https:\/\/tuzlahortum.com.tr\/ar\/wp-json\/wp\/v2\/comments?post=1878"}],"wp:featuredmedia":[{"embeddable":true,"href":"https:\/\/tuzlahortum.com.tr\/ar\/wp-json\/wp\/v2\/media\/6979"}],"wp:attachment":[{"href":"https:\/\/tuzlahortum.com.tr\/ar\/wp-json\/wp\/v2\/media?parent=1878"}],"wp:term":[{"taxonomy":"product_brand","embeddable":true,"href":"https:\/\/tuzlahortum.com.tr\/ar\/wp-json\/wp\/v2\/product_brand?post=1878"},{"taxonomy":"product_cat","embeddable":true,"href":"https:\/\/tuzlahortum.com.tr\/ar\/wp-json\/wp\/v2\/product_cat?post=1878"},{"taxonomy":"product_tag","embeddable":true,"href":"https:\/\/tuzlahortum.com.tr\/ar\/wp-json\/wp\/v2\/product_tag?post=1878"}],"curies":[{"name":"\u062f\u0628\u0644\u064a\u0648 \u0628\u064a","href":"https:\/\/api.w.org\/{rel}","templated":true}]}}