{"id":13248,"date":"2024-03-28T17:37:37","date_gmt":"2024-03-28T14:37:37","guid":{"rendered":"https:\/\/tuzlahortum.com.tr\/?post_type=product&#038;p=13248"},"modified":"2025-08-20T11:51:47","modified_gmt":"2025-08-20T08:51:47","slug":"flow-mt-komple-metal-bahce-tabancasi","status":"publish","type":"product","link":"https:\/\/tuzlahortum.com.tr\/ar\/product\/flow-mt-komple-metal-bahce-tabancasi\/","title":{"rendered":"\u0645\u0633\u062f\u0633 \u062d\u062f\u064a\u0642\u0629 \u0645\u0639\u062f\u0646\u064a \u0643\u0627\u0645\u0644 \u0645\u0646 \u0641\u0644\u0648 \u0625\u0645 \u062a\u064a"},"content":{"rendered":"<p>FLOW MT \u0645\u0633\u062f\u0633 \u062d\u062f\u064a\u0642\u0629 \u0645\u0639\u062f\u0646\u064a \u0628\u0627\u0644\u0643\u0627\u0645\u0644<\/p>\n<ol>\n<li>\u064a\u0645\u0643\u0646 \u062a\u0648\u0635\u064a\u0644\u0647 \u0628\u0633\u0647\u0648\u0644\u0629 \u0628\u062e\u0631\u0637\u0648\u0645 \u0642\u064a\u0627\u0633\u064a 1\/2 \u0628\u0648\u0635\u0629 - 3\/4 \u0628\u0648\u0635\u0629\u060c \u0645\u0646\u0627\u0633\u0628 \u0644\u062c\u0645\u064a\u0639 \u062e\u0631\u0627\u0637\u064a\u0645 \u0627\u0644\u062d\u062f\u0627\u0626\u0642 \u0627\u0644\u0642\u064a\u0627\u0633\u064a\u0629. \u0642\u0648\u064a \u0648\u0645\u062a\u064a\u0646 \u0648\u0645\u0642\u0627\u0648\u0645 \u0644\u0644\u062e\u062f\u0634 \u0648\u0627\u0644\u0635\u0642\u064a\u0639\/\u0627\u0644\u062a\u0644\u0641.<\/li>\n<li>%100 metalden yap\u0131lm\u0131\u015f ve \u015fok diren\u00e7li lastikle \u00e7evrili bir kadran\u0131 bulunmaktad\u0131r. Yenilenmi\u015f sa\u011flam p\u00fcsk\u00fcrtme ucu ve \u00e7inko ala\u015f\u0131ml\u0131 p\u00fcsk\u00fcrt\u00fcc\u00fc g\u00f6vdesi mevcuttur. Metal paslanmaz su \u00e7\u0131k\u0131\u015f\u0131, paslanmaz.<\/li>\n<li>\u062a\u0648\u0641\u0631 \u0645\u0644\u062d\u0642\u0627\u062a \u0627\u0644\u0648\u0627\u062c\u0647\u0629 \u0627\u0644\u0645\u0644\u0648\u0644\u0628\u0629 \u0641\u0627\u0626\u0642\u0629 \u0627\u0644\u062f\u0642\u0629 \u0627\u0644\u0645\u0635\u0646\u0648\u0639\u0629 \u0645\u0646 \u0645\u0627\u062f\u0629 \u0627\u0644\u0646\u062d\u0627\u0633 \u062e\u062a\u0645\u064b\u0627 \u0623\u0641\u0636\u0644 \u0648\u062a\u0645\u0646\u0639 \u0627\u0644\u062a\u0633\u0631\u0628.<\/li>\n<li>\u062c\u0633\u0645 \u062e\u0641\u064a\u0641 \u0644\u0644\u063a\u0627\u064a\u0629 \u0648\u0645\u0642\u0627\u0648\u0645 \u0644\u0644\u0636\u063a\u0637\u060c \u0648\u0645\u064a\u0627\u0647 \u0645\u0627\u0646\u0639\u0629 \u0644\u0644\u062a\u0633\u0631\u0628\u060c \u0648\u0623\u062c\u0632\u0627\u0621 \u062a\u0631\u0643\u064a\u0628 \u0645\u0642\u0627\u0648\u0645\u0629 \u0644\u0644\u062a\u0622\u0643\u0644.<\/li>\n<li>\u062a\u0635\u0645\u064a\u0645 \u0631\u0623\u0633 \u0631\u0634 \u0642\u0627\u0628\u0644 \u0644\u0644\u062f\u0648\u0631\u0627\u0646 360 \u062f\u0631\u062c\u0629 \u064a\u0633\u0645\u062d \u0628\u062a\u0639\u062f\u064a\u0644 \u0645\u0633\u0627\u0631 \u0627\u0644\u0645\u064a\u0627\u0647 \u0628\u062d\u0631\u064a\u0629\u060c \u0647\u0646\u0627\u0643 7 \u0623\u0648\u0636\u0627\u0639 \u0645\u064a\u0627\u0647 \u0645\u062e\u062a\u0644\u0641\u0629.<\/li>\n<\/ol>","protected":false},"excerpt":{"rendered":"<p>FLOW MT Komple Metal Bah\u00e7e Tabancas\u0131 Standart 1\/2&#8243; &#8211; 3\/4&#8243; hortuma kolayca ba\u011flanabilen, t\u00fcm standart bah\u00e7e hortumlar\u0131na uygun. G\u00fc\u00e7l\u00fc, Dayan\u0131kl\u0131, \u00c7izilmeye Kar\u015f\u0131 Diren\u00e7li ve Donma \/Hasar\u0131na Kar\u015f\u0131 Dayan\u0131kl\u0131. %100 metalden yap\u0131lm\u0131\u015f ve \u015fok diren\u00e7li lastikle \u00e7evrili bir kadran\u0131 bulunmaktad\u0131r. Yenilenmi\u015f sa\u011flam p\u00fcsk\u00fcrtme ucu ve \u00e7inko ala\u015f\u0131ml\u0131 p\u00fcsk\u00fcrt\u00fcc\u00fc g\u00f6vdesi mevcuttur. Metal paslanmaz su \u00e7\u0131k\u0131\u015f\u0131, paslanmaz. Bak\u0131r [&#8230;]\n","protected":false},"featured_media":13271,"comment_status":"open","ping_status":"closed","template":"","meta":{"jetpack_post_was_ever_published":false},"product_brand":[],"product_cat":[2347],"product_tag":[],"class_list":{"0":"post-13248","1":"product","2":"type-product","3":"status-publish","4":"has-post-thumbnail","6":"product_cat-bahce","8":"first","9":"instock","10":"featured","11":"taxable","12":"shipping-taxable","13":"product-type-simple"},"jetpack-related-posts":[{"id":13238,"url":"https:\/\/tuzlahortum.com.tr\/ar\/product\/flow-gr-komple-metal-bahce-tabancasi\/","url_meta":{"origin":13248,"position":0},"title":"\u0645\u0633\u062f\u0633 \u062d\u062f\u064a\u0642\u0629 \u0645\u0639\u062f\u0646\u064a \u0643\u0627\u0645\u0644 \u0645\u0646 \u0641\u0644\u0648 \u062c\u064a \u0622\u0631","author":"admin","date":"28 \u0645\u0627\u0631\u0633 2024","format":false,"excerpt":"FLOW GR KOMPLE METAL BAH\u00c7E TABANCASI FLOW GR Komple Metal Bah\u00e7e Tabancas\u0131, sa\u011flam metal yap\u0131s\u0131 ve kullan\u0131m\u0131 kolay \u00f6zellikleriyle bah\u00e7e sulama i\u015flerinizi etkili bir \u015fekilde yerine getirmenizi sa\u011flar. \u00d6zellikler: Dayan\u0131kl\u0131 Metal Yap\u0131: Tabancan\u0131n tamam\u0131 y\u00fcksek kaliteli metal malzemeden \u00fcretilmi\u015ftir. Bu sayede uzun s\u00fcreli kullan\u0131ma dayan\u0131kl\u0131d\u0131r ve d\u0131\u015f etkenlere kar\u015f\u0131 diren\u00e7lidir.\u2026","rel":"","context":"\u062a\u062f\u0648\u064a\u0646\u0629 \u0645\u0634\u0627\u0628\u0647\u0629","block_context":{"text":"\u062a\u062f\u0648\u064a\u0646\u0629 \u0645\u0634\u0627\u0628\u0647\u0629","link":""},"img":{"alt_text":"","src":"https:\/\/i0.wp.com\/tuzlahortum.com.tr\/wp-content\/uploads\/2024\/03\/gr_komple_metal_bahce_tabancasi_4.jpg?fit=800%2C800&ssl=1&resize=350%2C200","width":350,"height":200,"srcset":"https:\/\/i0.wp.com\/tuzlahortum.com.tr\/wp-content\/uploads\/2024\/03\/gr_komple_metal_bahce_tabancasi_4.jpg?fit=800%2C800&ssl=1&resize=350%2C200 1x, https:\/\/i0.wp.com\/tuzlahortum.com.tr\/wp-content\/uploads\/2024\/03\/gr_komple_metal_bahce_tabancasi_4.jpg?fit=800%2C800&ssl=1&resize=525%2C300 1.5x, https:\/\/i0.wp.com\/tuzlahortum.com.tr\/wp-content\/uploads\/2024\/03\/gr_komple_metal_bahce_tabancasi_4.jpg?fit=800%2C800&ssl=1&resize=700%2C400 2x"},"classes":[]},{"id":13239,"url":"https:\/\/tuzlahortum.com.tr\/ar\/product\/flow-ky-metal-govdeli-bahce-tabancasi\/","url_meta":{"origin":13248,"position":1},"title":"\u0645\u0633\u062f\u0633 \u062d\u062f\u064a\u0642\u0629 \u0630\u0648 \u0647\u064a\u0643\u0644 \u0645\u0639\u062f\u0646\u064a \u0645\u0646 \u0641\u0644\u0648 \u0643\u064a","author":"admin","date":"28 \u0645\u0627\u0631\u0633 2024","format":false,"excerpt":"FLOW KY METAL G\u00d6VDEL\u0130 BAH\u00c7E TABANCASI FLOW KY Metal G\u00f6vdeli Bah\u00e7e Tabancas\u0131, dayan\u0131kl\u0131 yap\u0131s\u0131 ve kullan\u0131m kolayl\u0131\u011f\u0131 ile bah\u00e7e sulama i\u015flerinizi kolayla\u015ft\u0131rmak i\u00e7in tasarlanm\u0131\u015ft\u0131r. \u00d6zellikler: Metal G\u00f6vde: Tabancan\u0131n sa\u011flam metal g\u00f6vdesi, uzun s\u00fcreli ve dayan\u0131kl\u0131 bir kullan\u0131m sa\u011flar. Paslanmaz \u00e7elikten yap\u0131lm\u0131\u015f olup, d\u0131\u015f etkenlere kar\u015f\u0131 diren\u00e7lidir. Ergonomik Tasar\u0131m: Rahat ve\u2026","rel":"","context":"\u062a\u062f\u0648\u064a\u0646\u0629 \u0645\u0634\u0627\u0628\u0647\u0629","block_context":{"text":"\u062a\u062f\u0648\u064a\u0646\u0629 \u0645\u0634\u0627\u0628\u0647\u0629","link":""},"img":{"alt_text":"","src":"https:\/\/i0.wp.com\/tuzlahortum.com.tr\/wp-content\/uploads\/2024\/03\/ky_metal_govdeli_bahce_tabancasi_2.jpg?fit=800%2C800&ssl=1&resize=350%2C200","width":350,"height":200,"srcset":"https:\/\/i0.wp.com\/tuzlahortum.com.tr\/wp-content\/uploads\/2024\/03\/ky_metal_govdeli_bahce_tabancasi_2.jpg?fit=800%2C800&ssl=1&resize=350%2C200 1x, https:\/\/i0.wp.com\/tuzlahortum.com.tr\/wp-content\/uploads\/2024\/03\/ky_metal_govdeli_bahce_tabancasi_2.jpg?fit=800%2C800&ssl=1&resize=525%2C300 1.5x, https:\/\/i0.wp.com\/tuzlahortum.com.tr\/wp-content\/uploads\/2024\/03\/ky_metal_govdeli_bahce_tabancasi_2.jpg?fit=800%2C800&ssl=1&resize=700%2C400 2x"},"classes":[]},{"id":13240,"url":"https:\/\/tuzlahortum.com.tr\/ar\/product\/flow-fy-metal-govdeli-bahce-tabancasi\/","url_meta":{"origin":13248,"position":2},"title":"\u0645\u0633\u062f\u0633 \u062d\u062f\u064a\u0642\u0629 \u0641\u0644\u0648 \u0641\u0627\u064a \u0628\u062c\u0633\u0645 \u0645\u0639\u062f\u0646\u064a","author":"admin","date":"28 \u0645\u0627\u0631\u0633 2024","format":false,"excerpt":"FLOW FY METAL G\u00d6VDEL\u0130 BAH\u00c7E TABANCASI Bah\u00e7enizin sulama ihtiya\u00e7lar\u0131n\u0131 kar\u015f\u0131lamak i\u00e7in tasarlanan FLOW FY Metal G\u00f6vdeli Bah\u00e7e Tabancas\u0131, dayan\u0131kl\u0131 yap\u0131s\u0131 ve kullan\u0131m kolayl\u0131\u011f\u0131 ile dikkat \u00e7eker. \u00d6zellikler: Metal G\u00f6vde: Tabancan\u0131n g\u00f6vdesi y\u00fcksek kaliteli metalden imal edilmi\u015ftir. Bu sayede dayan\u0131kl\u0131 ve uzun \u00f6m\u00fcrl\u00fc bir kullan\u0131m sa\u011flar. Ergonomik Tasar\u0131m: Rahat ve uzun\u2026","rel":"","context":"\u062a\u062f\u0648\u064a\u0646\u0629 \u0645\u0634\u0627\u0628\u0647\u0629","block_context":{"text":"\u062a\u062f\u0648\u064a\u0646\u0629 \u0645\u0634\u0627\u0628\u0647\u0629","link":""},"img":{"alt_text":"","src":"https:\/\/i0.wp.com\/tuzlahortum.com.tr\/wp-content\/uploads\/2024\/03\/fy_metal_govdeli_bahce_tabancasi_2.jpg?fit=800%2C800&ssl=1&resize=350%2C200","width":350,"height":200,"srcset":"https:\/\/i0.wp.com\/tuzlahortum.com.tr\/wp-content\/uploads\/2024\/03\/fy_metal_govdeli_bahce_tabancasi_2.jpg?fit=800%2C800&ssl=1&resize=350%2C200 1x, https:\/\/i0.wp.com\/tuzlahortum.com.tr\/wp-content\/uploads\/2024\/03\/fy_metal_govdeli_bahce_tabancasi_2.jpg?fit=800%2C800&ssl=1&resize=525%2C300 1.5x, https:\/\/i0.wp.com\/tuzlahortum.com.tr\/wp-content\/uploads\/2024\/03\/fy_metal_govdeli_bahce_tabancasi_2.jpg?fit=800%2C800&ssl=1&resize=700%2C400 2x"},"classes":[]},{"id":13241,"url":"https:\/\/tuzlahortum.com.tr\/ar\/product\/flow-ss-plastik-bahce-tabancasi\/","url_meta":{"origin":13248,"position":3},"title":"\u0645\u0633\u062f\u0633 \u0627\u0644\u062d\u062f\u0627\u0626\u0642 \u0627\u0644\u0628\u0644\u0627\u0633\u062a\u064a\u0643\u064a \u0641\u0644\u0648 \u0627\u0633 \u0627\u0633","author":"admin","date":"28 \u0645\u0627\u0631\u0633 2024","format":false,"excerpt":"FLOW SS PLAST\u0130K BAH\u00c7E TABANCASI Bah\u00e7e sulama i\u015fleriniz i\u00e7in ideal olan FLOW SS Plastik Bah\u00e7e Tabancas\u0131, kullan\u0131m\u0131 kolay ve dayan\u0131kl\u0131 bir \u00e7\u00f6z\u00fcm sunar. \u00d6zellikler: Y\u00fcksek Kaliteli Plastik Malzeme: FLOW SS Bah\u00e7e Tabancas\u0131, dayan\u0131kl\u0131 ve sa\u011flam plastik malzemeden \u00fcretilmi\u015ftir. Uzun \u00f6m\u00fcrl\u00fc kullan\u0131m i\u00e7in tasarlanm\u0131\u015ft\u0131r ve d\u0131\u015f etkilere kar\u015f\u0131 dayan\u0131kl\u0131d\u0131r. Ergonomik Tasar\u0131m:\u2026","rel":"","context":"\u062a\u062f\u0648\u064a\u0646\u0629 \u0645\u0634\u0627\u0628\u0647\u0629","block_context":{"text":"\u062a\u062f\u0648\u064a\u0646\u0629 \u0645\u0634\u0627\u0628\u0647\u0629","link":""},"img":{"alt_text":"","src":"https:\/\/i0.wp.com\/tuzlahortum.com.tr\/wp-content\/uploads\/2024\/03\/ss_plastik_bahce_tabancasi_3.jpg?fit=800%2C800&ssl=1&resize=350%2C200","width":350,"height":200,"srcset":"https:\/\/i0.wp.com\/tuzlahortum.com.tr\/wp-content\/uploads\/2024\/03\/ss_plastik_bahce_tabancasi_3.jpg?fit=800%2C800&ssl=1&resize=350%2C200 1x, https:\/\/i0.wp.com\/tuzlahortum.com.tr\/wp-content\/uploads\/2024\/03\/ss_plastik_bahce_tabancasi_3.jpg?fit=800%2C800&ssl=1&resize=525%2C300 1.5x, https:\/\/i0.wp.com\/tuzlahortum.com.tr\/wp-content\/uploads\/2024\/03\/ss_plastik_bahce_tabancasi_3.jpg?fit=800%2C800&ssl=1&resize=700%2C400 2x"},"classes":[]},{"id":13220,"url":"https:\/\/tuzlahortum.com.tr\/ar\/product\/flow-kazikli-fiskiye\/","url_meta":{"origin":13248,"position":4},"title":"\u0646\u0627\u0641\u0648\u0631\u0629 \u0627\u0644\u062a\u062f\u0641\u0642","author":"admin","date":"28 \u0645\u0627\u0631\u0633 2024","format":false,"excerpt":"FLOW KAZIKLI FISK\u0130YE FLOW Kaz\u0131kl\u0131 F\u0131skiye, bah\u00e7enizde bitkilerinizi sulamak i\u00e7in pratik bir \u00e7\u00f6z\u00fcm sunar. Kolay montaj\u0131 ve kullan\u0131m\u0131 ile dikkat \u00e7eker. \u00d6zellikler: Kolay Kurulum: Kaz\u0131k \u015feklindeki tasar\u0131m\u0131 sayesinde, f\u0131skiye h\u0131zl\u0131 ve kolay bir \u015fekilde topra\u011fa yerle\u015ftirilebilir. Herhangi bir ek ara\u00e7 veya ekipman gerektirmez. Ayarlama \u0130mkan\u0131: F\u0131skiye ba\u015fl\u0131\u011f\u0131 ayarlanabilir \u00f6zelliktedir, b\u00f6ylece\u2026","rel":"","context":"\u062a\u062f\u0648\u064a\u0646\u0629 \u0645\u0634\u0627\u0628\u0647\u0629","block_context":{"text":"\u062a\u062f\u0648\u064a\u0646\u0629 \u0645\u0634\u0627\u0628\u0647\u0629","link":""},"img":{"alt_text":"FLOW KAZIKLI FISK\u0130YE","src":"https:\/\/i0.wp.com\/tuzlahortum.com.tr\/wp-content\/uploads\/2024\/03\/bahce_fiskiye_kazikli_1.jpg?fit=800%2C800&ssl=1&resize=350%2C200","width":350,"height":200,"srcset":"https:\/\/i0.wp.com\/tuzlahortum.com.tr\/wp-content\/uploads\/2024\/03\/bahce_fiskiye_kazikli_1.jpg?fit=800%2C800&ssl=1&resize=350%2C200 1x, https:\/\/i0.wp.com\/tuzlahortum.com.tr\/wp-content\/uploads\/2024\/03\/bahce_fiskiye_kazikli_1.jpg?fit=800%2C800&ssl=1&resize=525%2C300 1.5x, https:\/\/i0.wp.com\/tuzlahortum.com.tr\/wp-content\/uploads\/2024\/03\/bahce_fiskiye_kazikli_1.jpg?fit=800%2C800&ssl=1&resize=700%2C400 2x"},"classes":[]},{"id":13221,"url":"https:\/\/tuzlahortum.com.tr\/ar\/product\/flow-kelebek-dairesel-fiskiye\/","url_meta":{"origin":13248,"position":5},"title":"\u0646\u0627\u0641\u0648\u0631\u0629 \u062f\u0627\u0626\u0631\u064a\u0629 \u0639\u0644\u0649 \u0634\u0643\u0644 \u0641\u0631\u0627\u0634\u0629","author":"admin","date":"28 \u0645\u0627\u0631\u0633 2024","format":false,"excerpt":"FLOW KELEBEK DA\u0130RESEL FISK\u0130YE FLOW Kelebek Dairesel F\u0131skiye, bah\u00e7enizdeki bitkileri d\u00fczenli ve etkili bir \u015fekilde sulamak i\u00e7in tasarlanm\u0131\u015ft\u0131r. Yayd\u0131\u011f\u0131 suyu geni\u015f bir alana e\u015fit olarak da\u011f\u0131tarak bitkilerin sa\u011fl\u0131kl\u0131 b\u00fcy\u00fcmesine yard\u0131mc\u0131 olur. \u00d6zellikler: Dairesel Sulama Alan\u0131: Kelebek \u015feklindeki tasar\u0131m\u0131 sayesinde, f\u0131skiye yayd\u0131\u011f\u0131 suyu 360 derece d\u00f6ner bir \u015fekilde da\u011f\u0131t\u0131r. Bu sayede\u2026","rel":"","context":"\u062a\u062f\u0648\u064a\u0646\u0629 \u0645\u0634\u0627\u0628\u0647\u0629","block_context":{"text":"\u062a\u062f\u0648\u064a\u0646\u0629 \u0645\u0634\u0627\u0628\u0647\u0629","link":""},"img":{"alt_text":"FLOW KELEBEK DA\u0130RESEL FISK\u0130YE","src":"https:\/\/i0.wp.com\/tuzlahortum.com.tr\/wp-content\/uploads\/2024\/03\/bahce_fiskiyekelebekli_2.jpg?fit=800%2C800&ssl=1&resize=350%2C200","width":350,"height":200,"srcset":"https:\/\/i0.wp.com\/tuzlahortum.com.tr\/wp-content\/uploads\/2024\/03\/bahce_fiskiyekelebekli_2.jpg?fit=800%2C800&ssl=1&resize=350%2C200 1x, https:\/\/i0.wp.com\/tuzlahortum.com.tr\/wp-content\/uploads\/2024\/03\/bahce_fiskiyekelebekli_2.jpg?fit=800%2C800&ssl=1&resize=525%2C300 1.5x, https:\/\/i0.wp.com\/tuzlahortum.com.tr\/wp-content\/uploads\/2024\/03\/bahce_fiskiyekelebekli_2.jpg?fit=800%2C800&ssl=1&resize=700%2C400 2x"},"classes":[]}],"jetpack_sharing_enabled":true,"jetpack_likes_enabled":true,"_links":{"self":[{"href":"https:\/\/tuzlahortum.com.tr\/ar\/wp-json\/wp\/v2\/product\/13248","targetHints":{"allow":["GET"]}}],"collection":[{"href":"https:\/\/tuzlahortum.com.tr\/ar\/wp-json\/wp\/v2\/product"}],"about":[{"href":"https:\/\/tuzlahortum.com.tr\/ar\/wp-json\/wp\/v2\/types\/product"}],"replies":[{"embeddable":true,"href":"https:\/\/tuzlahortum.com.tr\/ar\/wp-json\/wp\/v2\/comments?post=13248"}],"wp:featuredmedia":[{"embeddable":true,"href":"https:\/\/tuzlahortum.com.tr\/ar\/wp-json\/wp\/v2\/media\/13271"}],"wp:attachment":[{"href":"https:\/\/tuzlahortum.com.tr\/ar\/wp-json\/wp\/v2\/media?parent=13248"}],"wp:term":[{"taxonomy":"product_brand","embeddable":true,"href":"https:\/\/tuzlahortum.com.tr\/ar\/wp-json\/wp\/v2\/product_brand?post=13248"},{"taxonomy":"product_cat","embeddable":true,"href":"https:\/\/tuzlahortum.com.tr\/ar\/wp-json\/wp\/v2\/product_cat?post=13248"},{"taxonomy":"product_tag","embeddable":true,"href":"https:\/\/tuzlahortum.com.tr\/ar\/wp-json\/wp\/v2\/product_tag?post=13248"}],"curies":[{"name":"\u062f\u0628\u0644\u064a\u0648 \u0628\u064a","href":"https:\/\/api.w.org\/{rel}","templated":true}]}}