{"id":13245,"date":"2024-03-28T17:35:48","date_gmt":"2024-03-28T14:35:48","guid":{"rendered":"https:\/\/tuzlahortum.com.tr\/?post_type=product&#038;p=13245"},"modified":"2025-08-20T11:57:50","modified_gmt":"2025-08-20T08:57:50","slug":"flow-luks-jak-1-2-3-4-disi-uc","status":"publish","type":"product","link":"https:\/\/tuzlahortum.com.tr\/ar\/product\/flow-luks-jak-1-2-3-4-disi-uc\/","title":{"rendered":"\u062c\u0627\u0643 \u0627\u0644\u062a\u062f\u0641\u0642 \u0627\u0644\u0641\u0627\u062e\u0631 1\/2 - 3\/4 \u0646\u0647\u0627\u064a\u0629 \u0623\u0646\u062b\u0649"},"content":{"rendered":"<p>\u062c\u0627\u0643 \u0627\u0644\u062a\u062f\u0641\u0642 \u0627\u0644\u0641\u0627\u062e\u0631 1\/2 - 3\/4 \u0646\u0647\u0627\u064a\u0629 \u0623\u0646\u062b\u0649<\/p>\n<p>\u062a\u0645 \u062a\u0635\u0645\u064a\u0645\u0647 \u0644\u0644\u062a\u062e\u0644\u0635 \u0645\u0646 \u062d\u0627\u0644\u0627\u062a \u0639\u062f\u0645 \u0627\u0644\u062a\u0648\u0627\u0641\u0642 \u0641\u064a \u0623\u0646\u0638\u0645\u0629 \u0627\u0644\u0631\u064a \u0641\u064a \u062d\u062f\u064a\u0642\u062a\u0643 \u0648\u062a\u0633\u0647\u064a\u0644 \u062a\u0648\u0635\u064a\u0644\u0627\u062a \u0627\u0644\u062e\u0631\u0627\u0637\u064a\u0645 \u0627\u0644\u062e\u0627\u0635\u0629 \u0628\u0643\u060c \u062d\u064a\u062b \u064a\u0648\u0641\u0631 \u0645\u0642\u0628\u0633 \u0627\u0644\u062a\u062f\u0641\u0642 \u0627\u0644\u0641\u0627\u062e\u0631 - 1\/2 \u0628\u0648\u0635\u0629 - 3\/4 \u0628\u0648\u0635\u0629 \u062d\u0644\u0627\u064b \u0642\u0648\u064a\u064b\u0627 \u0648\u0645\u062a\u064a\u0646\u064b\u0627.<\/p>\n<p>\u0633\u0645\u0627\u062a:<\/p>\n<ol>\n<li><strong>\u0627\u0644\u062a\u0648\u0627\u0641\u0642 \u0627\u0644\u0639\u0627\u0644\u0645\u064a<\/strong>: \u0645\u062b\u0627\u0644\u064a\u0629 \u0644\u0644\u062c\u0645\u0639 \u0628\u064a\u0646 \u0645\u0639\u062f\u0627\u062a \u0627\u0644\u0631\u064a \u0645\u0639 \u062e\u064a\u0648\u0637 \u062e\u0631\u0637\u0648\u0645 1\/2 \u0628\u0648\u0635\u0629 \u06483\/4 \u0628\u0648\u0635\u0629. \u064a\u0648\u0641\u0631 \u0627\u062a\u0635\u0627\u0644\u0627\u064b \u0633\u0644\u0633\u064b\u0627 \u0628\u064a\u0646 \u0627\u0644\u062e\u0631\u0627\u0637\u064a\u0645 \u0630\u0627\u062a \u0627\u0644\u0623\u0642\u0637\u0627\u0631 \u0627\u0644\u0645\u062e\u062a\u0644\u0641\u0629.<\/li>\n<li><strong>\u0627\u0644\u0628\u0646\u0627\u0621 \u0627\u0644\u062f\u0627\u0626\u0645<\/strong>: \u0645\u0635\u0646\u0648\u0639 \u0645\u0646 \u0645\u0648\u0627\u062f \u0639\u0627\u0644\u064a\u0629 \u0627\u0644\u062c\u0648\u062f\u0629\u060c \u064a\u062a\u0645\u062a\u0639 \u0627\u0644\u0637\u0631\u0641 \u0627\u0644\u0623\u0646\u062b\u0648\u064a \u0628\u0628\u0646\u064a\u0629 \u0645\u062a\u064a\u0646\u0629 \u0648\u0645\u0648\u062b\u0648\u0642\u0629 \u0644\u0644\u0627\u0633\u062a\u062e\u062f\u0627\u0645 \u0637\u0648\u064a\u0644 \u0627\u0644\u0623\u0645\u062f. \u0648\u0647\u064a \u0645\u0635\u0646\u0648\u0639\u0629 \u0645\u0646 \u0627\u0644\u0641\u0648\u0644\u0627\u0630 \u0627\u0644\u0645\u0642\u0627\u0648\u0645 \u0644\u0644\u0635\u062f\u0623 \u0648\u0645\u0642\u0627\u0648\u0645\u0629 \u0644\u0644\u0639\u0648\u0627\u0645\u0644 \u0627\u0644\u062e\u0627\u0631\u062c\u064a\u0629.<\/li>\n<li><strong>\u062e\u0637\u0648\u0647 \u0633\u0647\u0644\u0647<\/strong>: \u0628\u0641\u0636\u0644 \u062a\u062c\u0645\u064a\u0639\u0647\u0627 \u0627\u0644\u0628\u0633\u064a\u0637\u060c \u064a\u0645\u0643\u0646\u0643 \u062f\u0645\u062c \u0627\u0644\u062e\u0631\u0627\u0637\u064a\u0645 \u0628\u0633\u0631\u0639\u0629 \u0648\u0633\u0644\u0627\u0633\u0629. \u0625\u0646\u0647 \u064a\u0648\u0641\u0631 \u0627\u0644\u0627\u0633\u062a\u062e\u062f\u0627\u0645 \u0627\u0644\u0639\u0645\u0644\u064a \u0645\u0646 \u062e\u0644\u0627\u0644 \u0645\u064a\u0632\u0629 \u0627\u0644\u0645\u0643\u0648\u0646\u0627\u062a \u0627\u0644\u0625\u0636\u0627\u0641\u064a\u0629 \u0627\u0644\u062e\u0627\u0635\u0629 \u0628\u0647.<\/li>\n<li><strong>\u0627\u062a\u0635\u0627\u0644 \u0645\u0627\u0646\u0639 \u0644\u0644\u062a\u0633\u0631\u0628<\/strong>: \u064a\u0648\u0641\u0631 \u0627\u0644\u062e\u062a\u0645 \u0628\u0641\u0636\u0644 \u0646\u0642\u0627\u0637 \u0627\u0644\u0627\u062a\u0635\u0627\u0644 \u0627\u0644\u0635\u0644\u0628\u0629\u060c \u0645\u0645\u0627 \u064a\u0633\u0645\u062d \u0644\u0644\u0645\u064a\u0627\u0647 \u0628\u0627\u0644\u062a\u062f\u0641\u0642 \u0628\u0643\u0641\u0627\u0621\u0629 \u0648\u064a\u0645\u0646\u0639 \u0641\u0642\u062f\u0627\u0646 \u0627\u0644\u0645\u0627\u0621.<\/li>\n<li><strong>\u0645\u062c\u0627\u0644\u0627\u062a \u0627\u0644\u0627\u0633\u062a\u062e\u062f\u0627\u0645 \u0627\u0644\u0645\u062e\u062a\u0644\u0641\u0629<\/strong>: \u064a\u0645\u0643\u0646 \u0627\u0633\u062a\u062e\u062f\u0627\u0645\u0647 \u0641\u064a \u062a\u0637\u0628\u064a\u0642\u0627\u062a \u0645\u062e\u062a\u0644\u0641\u0629\u060c \u0628\u062f\u0621\u064b\u0627 \u0645\u0646 \u0623\u0646\u0638\u0645\u0629 \u0631\u064a \u0627\u0644\u062d\u062f\u0627\u0626\u0642 \u0648\u062d\u062a\u0649 \u062a\u0648\u0635\u064a\u0644\u0627\u062a \u0646\u0627\u0641\u0648\u0631\u0627\u062a \u0627\u0644\u0645\u064a\u0627\u0647.<\/li>\n<\/ol>\n<p>\u0645\u0646 \u062e\u0644\u0627\u0644 \u0636\u0645\u0627\u0646 \u0627\u0644\u062a\u0648\u0627\u0641\u0642 \u0628\u064a\u0646 \u0645\u0639\u062f\u0627\u062a \u0627\u0644\u0631\u064a \u0641\u064a \u062d\u062f\u064a\u0642\u062a\u0643 \u0648\u062a\u0633\u0647\u064a\u0644 \u0627\u0644\u062a\u0648\u0635\u064a\u0644\u0627\u062a\u060c \u0641\u0625\u0646 \u0645\u0642\u0628\u0633 \u0627\u0644\u062a\u062f\u0641\u0642 \u0627\u0644\u0641\u0627\u062e\u0631 - 1\/2 \u0628\u0648\u0635\u0629 - 3\/4 \u0628\u0648\u0635\u0629 \u064a\u062c\u0639\u0644 \u0631\u064a \u062d\u062f\u064a\u0642\u062a\u0643 \u064a\u0639\u0645\u0644 \u0628\u0634\u0643\u0644 \u0623\u0643\u062b\u0631 \u0643\u0641\u0627\u0621\u0629 \u0648\u0623\u0633\u0647\u0644 \u0641\u064a \u0627\u0644\u0627\u0633\u062a\u062e\u062f\u0627\u0645.<\/p>","protected":false},"excerpt":{"rendered":"<p>FLOW L\u00dcKS JAK 1\/2 &#8211; 3\/4 D\u0130\u015e\u0130 U\u00c7 Bah\u00e7e sulama sistemlerinizdeki uyumsuzluklar\u0131 gidermek ve hortum ba\u011flant\u0131lar\u0131n\u0131z\u0131 kolayla\u015ft\u0131rmak i\u00e7in tasarlanan FLOW L\u00dcKS JAK &#8211; 1\/2&#8243; &#8211; 3\/4&#8243; Di\u015fi U\u00e7, sa\u011flam ve dayan\u0131kl\u0131 bir \u00e7\u00f6z\u00fcm sunar. \u00d6zellikler: Evrensel Uyumluluk: 1\/2&#8243; ve 3\/4&#8243; hortum di\u015fine sahip sulama ekipmanlar\u0131n\u0131 birle\u015ftirmek i\u00e7in idealdir. Farkl\u0131 \u00e7aplardaki hortumlar aras\u0131nda sorunsuz ba\u011flant\u0131 sa\u011flar. [&#8230;]\n","protected":false},"featured_media":13295,"comment_status":"open","ping_status":"closed","template":"","meta":{"jetpack_post_was_ever_published":false},"product_brand":[],"product_cat":[2347],"product_tag":[],"class_list":{"0":"post-13245","1":"product","2":"type-product","3":"status-publish","4":"has-post-thumbnail","6":"product_cat-bahce","8":"first","9":"instock","10":"taxable","11":"shipping-taxable","12":"product-type-simple"},"jetpack-related-posts":[],"jetpack_sharing_enabled":true,"jetpack_likes_enabled":true,"_links":{"self":[{"href":"https:\/\/tuzlahortum.com.tr\/ar\/wp-json\/wp\/v2\/product\/13245","targetHints":{"allow":["GET"]}}],"collection":[{"href":"https:\/\/tuzlahortum.com.tr\/ar\/wp-json\/wp\/v2\/product"}],"about":[{"href":"https:\/\/tuzlahortum.com.tr\/ar\/wp-json\/wp\/v2\/types\/product"}],"replies":[{"embeddable":true,"href":"https:\/\/tuzlahortum.com.tr\/ar\/wp-json\/wp\/v2\/comments?post=13245"}],"wp:featuredmedia":[{"embeddable":true,"href":"https:\/\/tuzlahortum.com.tr\/ar\/wp-json\/wp\/v2\/media\/13295"}],"wp:attachment":[{"href":"https:\/\/tuzlahortum.com.tr\/ar\/wp-json\/wp\/v2\/media?parent=13245"}],"wp:term":[{"taxonomy":"product_brand","embeddable":true,"href":"https:\/\/tuzlahortum.com.tr\/ar\/wp-json\/wp\/v2\/product_brand?post=13245"},{"taxonomy":"product_cat","embeddable":true,"href":"https:\/\/tuzlahortum.com.tr\/ar\/wp-json\/wp\/v2\/product_cat?post=13245"},{"taxonomy":"product_tag","embeddable":true,"href":"https:\/\/tuzlahortum.com.tr\/ar\/wp-json\/wp\/v2\/product_tag?post=13245"}],"curies":[{"name":"\u062f\u0628\u0644\u064a\u0648 \u0628\u064a","href":"https:\/\/api.w.org\/{rel}","templated":true}]}}