{"id":13242,"date":"2024-03-28T17:35:48","date_gmt":"2024-03-28T14:35:48","guid":{"rendered":"https:\/\/tuzlahortum.com.tr\/?post_type=product&#038;p=13242"},"modified":"2025-08-20T11:57:47","modified_gmt":"2025-08-20T08:57:47","slug":"flow-eko-bahce-sulama-tabancasi-seti","status":"publish","type":"product","link":"https:\/\/tuzlahortum.com.tr\/ar\/product\/flow-eko-bahce-sulama-tabancasi-seti\/","title":{"rendered":"\u0645\u062c\u0645\u0648\u0639\u0629 \u0645\u0633\u062f\u0633 \u0645\u064a\u0627\u0647 \u0641\u0644\u0648 \u0625\u064a\u0643\u0648 \u062c\u0627\u0631\u062f\u0646"},"content":{"rendered":"<p>\u0645\u062c\u0645\u0648\u0639\u0629 \u0645\u0633\u062f\u0633 \u0645\u064a\u0627\u0647 \u0641\u0644\u0648 \u0625\u064a\u0643\u0648 \u062c\u0627\u0631\u062f\u0646<\/p>\n<p>\u0635\u064f\u0645\u0645\u062a \u0645\u062c\u0645\u0648\u0639\u0629 \u0641\u0648\u0647\u0627\u062a \u0627\u0644\u0631\u064a \u0644\u0644\u062d\u062f\u064a\u0642\u0629 \u0645\u0646 FLOW ECO \u0644\u062a\u0644\u0628\u064a\u0629 \u0627\u062d\u062a\u064a\u0627\u062c\u0627\u062a \u0627\u0644\u0631\u064a \u0641\u064a \u062d\u062f\u064a\u0642\u062a\u0643\u060c \u0648\u062a\u0648\u0641\u0631 \u062d\u0644\u0627\u064b \u0639\u0645\u0644\u064a\u064b\u0627 \u0648\u0641\u0639\u0627\u0644\u0627\u064b \u0644\u0644\u0631\u064a. \u062a\u062a\u0643\u0648\u0646 \u0627\u0644\u0645\u062c\u0645\u0648\u0639\u0629 \u0645\u0646 \u0623\u0631\u0628\u0639\u0629 \u0623\u062c\u0632\u0627\u0621 \u0641\u064a \u0627\u0644\u0645\u062c\u0645\u0648\u0639: \u0645\u0633\u062f\u0633\u060c \u0648\u062c\u0633\u0645\u064a\u0646 \u0644\u0644\u062e\u0631\u0637\u0648\u0645\u060c \u0648\u0637\u0631\u0641 \u0623\u0646\u062b\u0648\u064a.<\/p>\n<p>\u0633\u0645\u0627\u062a:<\/p>\n<ol>\n<li><strong>\u0628\u0646\u062f\u0642\u064a\u0629<\/strong>: \u062a\u0645 \u062a\u0635\u0645\u064a\u0645 \u0627\u0644\u0645\u0633\u062f\u0633 \u0627\u0644\u0630\u064a \u064a\u0639\u062f \u062c\u0632\u0621\u064b\u0627 \u0645\u0646 \u0627\u0644\u0645\u062c\u0645\u0648\u0639\u0629 \u0644\u062a\u0644\u0628\u064a\u0629 \u0645\u062a\u0637\u0644\u0628\u0627\u062a \u0627\u0644\u0631\u064a \u0627\u0644\u0645\u062e\u062a\u0644\u0641\u0629. \u0625\u0646\u0647 \u064a\u0648\u0641\u0631 \u0645\u062c\u0645\u0648\u0639\u0629 \u0645\u062a\u0646\u0648\u0639\u0629 \u0645\u0646 \u062e\u064a\u0627\u0631\u0627\u062a \u0627\u0644\u0631\u064a \u0645\u0639 \u0623\u0648\u0636\u0627\u0639 \u0631\u0634 \u0642\u0627\u0628\u0644\u0629 \u0644\u0644\u062a\u0639\u062f\u064a\u0644.<\/li>\n<li><strong>\u0623\u062c\u0633\u0627\u0645 \u062e\u0631\u0637\u0648\u0645<\/strong>: \u064a\u062a\u0645 \u0627\u0633\u062a\u062e\u062f\u0627\u0645 \u062c\u0633\u0645\u064a\u0646 \u0644\u0644\u062e\u0631\u0637\u0648\u0645 \u0644\u062a\u0648\u0635\u064a\u0644 \u0627\u0644\u0645\u0633\u062f\u0633 \u0628\u0627\u0644\u062e\u0631\u0637\u0648\u0645. \u0625\u0646\u0647\u0627 \u0645\u0635\u0646\u0648\u0639\u0629 \u0645\u0646 \u0645\u0648\u0627\u062f \u0645\u062a\u064a\u0646\u0629 \u0648\u062a\u0648\u0641\u0631 \u0627\u0633\u062a\u062e\u062f\u0627\u0645\u064b\u0627 \u0637\u0648\u064a\u0644 \u0627\u0644\u0623\u0645\u062f.<\/li>\n<li><strong>\u0646\u0647\u0627\u064a\u0629 \u0623\u0646\u062b\u0649<\/strong>: \u064a\u062a\u0645 \u0627\u0633\u062a\u062e\u062f\u0627\u0645 \u0627\u0644\u0637\u0631\u0641 \u0627\u0644\u0623\u0646\u062b\u0648\u064a\u060c \u0648\u0647\u0648 \u062c\u0632\u0621 \u0645\u0646 \u0627\u0644\u0645\u062c\u0645\u0648\u0639\u0629\u060c \u0644\u0631\u0628\u0637 \u0623\u062c\u0633\u0627\u0645 \u0627\u0644\u062e\u0631\u0637\u0648\u0645 \u0648\u062a\u0648\u0635\u064a\u0644 \u0627\u0644\u0645\u0633\u062f\u0633 \u0628\u0627\u0644\u062e\u0631\u0637\u0648\u0645. \u064a\u0648\u0641\u0631 \u0627\u062a\u0635\u0627\u0644\u0627\u064b \u0645\u0648\u062b\u0648\u0642\u064b\u0627.<\/li>\n<li><strong>\u0645\u062c\u0645\u0648\u0639\u0629 \u0639\u0645\u0644\u064a\u0629<\/strong>: \u0645\u0639 \u062c\u0645\u064a\u0639 \u0623\u062c\u0632\u0627\u0626\u0647\u060c \u0641\u0625\u0646 \u0645\u062c\u0645\u0648\u0639\u0629 \u0645\u0633\u062f\u0633 \u0633\u0642\u0627\u064a\u0629 \u0627\u0644\u062d\u062f\u0627\u0626\u0642 FLOW ECO \u062a\u062c\u0639\u0644 \u0639\u0645\u0644\u064a\u0629 \u0631\u064a \u062d\u062f\u064a\u0642\u062a\u0643 \u0623\u0633\u0647\u0644 \u0648\u062a\u0632\u064a\u062f \u0645\u0646 \u0627\u0644\u0643\u0641\u0627\u0621\u0629. \u0625\u0646\u0647 \u0639\u0645\u0644\u064a \u0644\u0644\u0627\u0633\u062a\u062e\u062f\u0627\u0645 \u0645\u0639 \u062a\u062c\u0645\u064a\u0639\u0647 \u0627\u0644\u0628\u0633\u064a\u0637.<\/li>\n<\/ol>\n<p>\u0645\u062b\u0627\u0644\u064a\u0629 \u0644\u062a\u0644\u0628\u064a\u0629 \u0627\u062d\u062a\u064a\u0627\u062c\u0627\u062a \u0627\u0644\u0631\u064a \u0644\u062d\u062f\u064a\u0642\u062a\u0643\u060c \u0645\u062c\u0645\u0648\u0639\u0629 \u0645\u0633\u062f\u0633 \u0633\u0642\u0627\u064a\u0629 \u0627\u0644\u062d\u062f\u0627\u0626\u0642 FLOW ECO \u062a\u062c\u0630\u0628 \u0627\u0644\u0627\u0646\u062a\u0628\u0627\u0647 \u0628\u062a\u0635\u0645\u064a\u0645\u0647\u0627 \u0633\u0647\u0644 \u0627\u0644\u0627\u0633\u062a\u062e\u062f\u0627\u0645 \u0648\u0623\u062f\u0627\u0626\u0647\u0627 \u0627\u0644\u0641\u0639\u0627\u0644.<\/p>\n<p>&nbsp;<\/p>","protected":false},"excerpt":{"rendered":"<p>FLOW EKO BAH\u00c7E SULAMA TABANCASI SET\u0130 Bah\u00e7e sulama ihtiya\u00e7lar\u0131n\u0131z\u0131 kar\u015f\u0131lamak i\u00e7in tasarlanan FLOW EKO Bah\u00e7e Sulama Nozul Seti, pratik ve etkili bir sulama \u00e7\u00f6z\u00fcm\u00fc sunar. Set, bir tabanca, iki hortum g\u00f6vde ve bir di\u015fi u\u00e7 olmak \u00fczere toplamda d\u00f6rt par\u00e7adan olu\u015fur. \u00d6zellikler: Tabanca: Setin bir par\u00e7as\u0131 olan tabanca, farkl\u0131 sulama gereksinimlerini kar\u015f\u0131lamak i\u00e7in tasarlanm\u0131\u015ft\u0131r. Ayarlanabilir [&#8230;]\n","protected":false},"featured_media":13309,"comment_status":"open","ping_status":"closed","template":"","meta":{"jetpack_post_was_ever_published":false},"product_brand":[],"product_cat":[2347],"product_tag":[],"class_list":{"0":"post-13242","1":"product","2":"type-product","3":"status-publish","4":"has-post-thumbnail","6":"product_cat-bahce","8":"first","9":"instock","10":"taxable","11":"shipping-taxable","12":"product-type-simple"},"jetpack-related-posts":[],"jetpack_sharing_enabled":true,"jetpack_likes_enabled":true,"_links":{"self":[{"href":"https:\/\/tuzlahortum.com.tr\/ar\/wp-json\/wp\/v2\/product\/13242","targetHints":{"allow":["GET"]}}],"collection":[{"href":"https:\/\/tuzlahortum.com.tr\/ar\/wp-json\/wp\/v2\/product"}],"about":[{"href":"https:\/\/tuzlahortum.com.tr\/ar\/wp-json\/wp\/v2\/types\/product"}],"replies":[{"embeddable":true,"href":"https:\/\/tuzlahortum.com.tr\/ar\/wp-json\/wp\/v2\/comments?post=13242"}],"wp:featuredmedia":[{"embeddable":true,"href":"https:\/\/tuzlahortum.com.tr\/ar\/wp-json\/wp\/v2\/media\/13309"}],"wp:attachment":[{"href":"https:\/\/tuzlahortum.com.tr\/ar\/wp-json\/wp\/v2\/media?parent=13242"}],"wp:term":[{"taxonomy":"product_brand","embeddable":true,"href":"https:\/\/tuzlahortum.com.tr\/ar\/wp-json\/wp\/v2\/product_brand?post=13242"},{"taxonomy":"product_cat","embeddable":true,"href":"https:\/\/tuzlahortum.com.tr\/ar\/wp-json\/wp\/v2\/product_cat?post=13242"},{"taxonomy":"product_tag","embeddable":true,"href":"https:\/\/tuzlahortum.com.tr\/ar\/wp-json\/wp\/v2\/product_tag?post=13242"}],"curies":[{"name":"\u062f\u0628\u0644\u064a\u0648 \u0628\u064a","href":"https:\/\/api.w.org\/{rel}","templated":true}]}}