{"id":13241,"date":"2024-03-28T17:35:48","date_gmt":"2024-03-28T14:35:48","guid":{"rendered":"https:\/\/tuzlahortum.com.tr\/?post_type=product&#038;p=13241"},"modified":"2025-08-20T11:57:55","modified_gmt":"2025-08-20T08:57:55","slug":"flow-ss-plastik-bahce-tabancasi","status":"publish","type":"product","link":"https:\/\/tuzlahortum.com.tr\/ar\/product\/flow-ss-plastik-bahce-tabancasi\/","title":{"rendered":"\u0645\u0633\u062f\u0633 \u0627\u0644\u062d\u062f\u0627\u0626\u0642 \u0627\u0644\u0628\u0644\u0627\u0633\u062a\u064a\u0643\u064a \u0641\u0644\u0648 \u0627\u0633 \u0627\u0633"},"content":{"rendered":"<p>\u0645\u0633\u062f\u0633 \u0627\u0644\u062d\u062f\u0627\u0626\u0642 \u0627\u0644\u0628\u0644\u0627\u0633\u062a\u064a\u0643\u064a \u0641\u0644\u0648 \u0627\u0633 \u0627\u0633<\/p>\n<p>\u0645\u062b\u0627\u0644\u064a \u0644\u0623\u0639\u0645\u0627\u0644 \u0627\u0644\u0631\u064a \u0641\u064a \u062d\u062f\u064a\u0642\u062a\u0643\u060c \u064a\u0648\u0641\u0631 \u0645\u0633\u062f\u0633 \u0627\u0644\u062d\u062f\u064a\u0642\u0629 \u0627\u0644\u0628\u0644\u0627\u0633\u062a\u064a\u0643\u064a FLOW SS \u062d\u0644\u0627\u064b \u0645\u062a\u064a\u0646\u064b\u0627 \u0648\u0633\u0647\u0644 \u0627\u0644\u0627\u0633\u062a\u062e\u062f\u0627\u0645.<\/p>\n<p>\u0633\u0645\u0627\u062a:<\/p>\n<ol>\n<li><strong>\u0645\u0627\u062f\u0629 \u0628\u0644\u0627\u0633\u062a\u064a\u0643\u064a\u0629 \u0639\u0627\u0644\u064a\u0629 \u0627\u0644\u062c\u0648\u062f\u0629<\/strong>: \u0645\u0633\u062f\u0633 \u0627\u0644\u062d\u062f\u064a\u0642\u0629 FLOW SS \u0645\u0635\u0646\u0648\u0639 \u0645\u0646 \u0645\u0627\u062f\u0629 \u0628\u0644\u0627\u0633\u062a\u064a\u0643\u064a\u0629 \u0645\u062a\u064a\u0646\u0629 \u0648\u0642\u0648\u064a\u0629. \u0625\u0646\u0647 \u0645\u0635\u0645\u0645 \u0644\u0644\u0627\u0633\u062a\u062e\u062f\u0627\u0645 \u0637\u0648\u064a\u0644 \u0627\u0644\u0623\u0645\u062f \u0648\u0645\u0642\u0627\u0648\u0645 \u0644\u0644\u062a\u0623\u062b\u064a\u0631\u0627\u062a \u0627\u0644\u062e\u0627\u0631\u062c\u064a\u0629.<\/li>\n<li><strong>\u062a\u0635\u0645\u064a\u0645 \u0645\u0631\u064a\u062d<\/strong>: \u0645\u0635\u0645\u0645 \u0647\u0646\u062f\u0633\u064a\u064b\u0627 \u0644\u062a\u0648\u0641\u064a\u0631 \u0627\u0644\u0627\u0633\u062a\u062e\u062f\u0627\u0645 \u0627\u0644\u0645\u0631\u064a\u062d. \u0627\u0644\u0645\u0642\u0628\u0636 \u064a\u0646\u0627\u0633\u0628 \u064a\u062f\u0643 \u0628\u0634\u0643\u0644 \u0645\u0631\u064a\u062d \u0648\u064a\u0648\u0641\u0631 \u0627\u0644\u0631\u0627\u062d\u0629 \u062d\u062a\u0649 \u0623\u062b\u0646\u0627\u0621 \u0623\u0639\u0645\u0627\u0644 \u0627\u0644\u0631\u064a \u0637\u0648\u064a\u0644\u0629 \u0627\u0644\u0623\u0645\u062f.<\/li>\n<li><strong>\u0623\u0648\u0636\u0627\u0639 \u0631\u0634 \u0645\u062e\u062a\u0644\u0641\u0629<\/strong>: \u064a\u062d\u062a\u0648\u064a \u0639\u0644\u0649 \u0623\u0648\u0636\u0627\u0639 \u0631\u0634 \u0645\u062e\u062a\u0644\u0641\u0629 \u064a\u0645\u0643\u0646 \u062a\u0639\u062f\u064a\u0644\u0647\u0627 \u0644\u062a\u0646\u0627\u0633\u0628 \u0627\u062d\u062a\u064a\u0627\u062c\u0627\u062a \u0627\u0644\u0631\u064a \u0627\u0644\u0645\u062e\u062a\u0644\u0641\u0629. \u062a\u062a\u0636\u0645\u0646 \u0647\u0630\u0647 \u0627\u0644\u0623\u0648\u0636\u0627\u0639 \u062e\u064a\u0627\u0631\u0627\u062a \u0645\u062b\u0644 \u0627\u0644\u0637\u0627\u0626\u0631\u0629 \u0648\u0627\u0644\u0645\u0637\u0631 \u0648\u0627\u0644\u0645\u062e\u0631\u0648\u0637\u064a \u0648\u0627\u0644\u0636\u0628\u0627\u0628.<\/li>\n<li><strong>\u0647\u064a\u0643\u0644 \u0645\u062a\u064a\u0646 \u0648\u062e\u0641\u064a\u0641 \u0627\u0644\u0648\u0632\u0646<\/strong>: \u0628\u0641\u0636\u0644 \u0627\u0644\u0645\u0627\u062f\u0629 \u0627\u0644\u0628\u0644\u0627\u0633\u062a\u064a\u0643\u064a\u0629\u060c \u0641\u0647\u0648 \u064a\u062a\u0645\u064a\u0632 \u0628\u0647\u064a\u0643\u0644 \u062e\u0641\u064a\u0641 \u0648\u0644\u0643\u0646 \u0645\u062a\u064a\u0646. \u0648\u064a\u062d\u0627\u0641\u0638 \u0639\u0644\u0649 \u0623\u062f\u0627\u0626\u0647 \u062d\u062a\u0649 \u0641\u064a \u0627\u0644\u0627\u0633\u062a\u062e\u062f\u0627\u0645 \u0637\u0648\u064a\u0644 \u0627\u0644\u0623\u0645\u062f.<\/li>\n<li><strong>\u0633\u0647\u0644 \u0627\u0644\u0627\u0633\u062a\u062e\u062f\u0627\u0645<\/strong>: \u0628\u0641\u0636\u0644 \u062a\u0635\u0645\u064a\u0645\u0647 \u0627\u0644\u0628\u0633\u064a\u0637 \u0648\u0623\u0632\u0631\u0627\u0631 \u0627\u0644\u062a\u062d\u0643\u0645 \u0633\u0647\u0644\u0629 \u0627\u0644\u0627\u0633\u062a\u062e\u062f\u0627\u0645\u060c \u064a\u062a\u064a\u062d \u0644\u0643 FLOW SS Garden Gun \u0627\u0644\u0642\u064a\u0627\u0645 \u0628\u0623\u0639\u0645\u0627\u0644 \u0627\u0644\u0631\u064a \u0641\u064a \u062d\u062f\u064a\u0642\u062a\u0643 \u0628\u0633\u0631\u0639\u0629 \u0648\u0643\u0641\u0627\u0621\u0629.<\/li>\n<\/ol>\n<p>\u0644\u062c\u0639\u0644 \u0623\u0639\u0645\u0627\u0644 \u0627\u0644\u0631\u064a \u0641\u064a \u062d\u062f\u064a\u0642\u062a\u0643 \u0623\u0633\u0647\u0644 \u0648\u0623\u0643\u062b\u0631 \u0643\u0641\u0627\u0621\u0629\u060c \u064a\u0639\u062f \u0645\u0633\u062f\u0633 \u0627\u0644\u062d\u062f\u0627\u0626\u0642 \u0627\u0644\u0628\u0644\u0627\u0633\u062a\u064a\u0643\u064a FLOW SS \u062e\u064a\u0627\u0631\u064b\u0627 \u0645\u0641\u0636\u0644\u0627\u064b \u0628\u0641\u0636\u0644 \u0633\u0639\u0631\u0647 \u0627\u0644\u0645\u0639\u0642\u0648\u0644 \u0648\u0645\u064a\u0632\u0627\u062a\u0647 \u0627\u0644\u0645\u0641\u064a\u062f\u0629.<\/p>","protected":false},"excerpt":{"rendered":"<p>FLOW SS PLAST\u0130K BAH\u00c7E TABANCASI Bah\u00e7e sulama i\u015fleriniz i\u00e7in ideal olan FLOW SS Plastik Bah\u00e7e Tabancas\u0131, kullan\u0131m\u0131 kolay ve dayan\u0131kl\u0131 bir \u00e7\u00f6z\u00fcm sunar. \u00d6zellikler: Y\u00fcksek Kaliteli Plastik Malzeme: FLOW SS Bah\u00e7e Tabancas\u0131, dayan\u0131kl\u0131 ve sa\u011flam plastik malzemeden \u00fcretilmi\u015ftir. Uzun \u00f6m\u00fcrl\u00fc kullan\u0131m i\u00e7in tasarlanm\u0131\u015ft\u0131r ve d\u0131\u015f etkilere kar\u015f\u0131 dayan\u0131kl\u0131d\u0131r. Ergonomik Tasar\u0131m: Rahat bir kullan\u0131m sa\u011flamak i\u00e7in [&#8230;]\n","protected":false},"featured_media":13253,"comment_status":"open","ping_status":"closed","template":"","meta":{"jetpack_post_was_ever_published":false},"product_brand":[],"product_cat":[2347],"product_tag":[],"class_list":{"0":"post-13241","1":"product","2":"type-product","3":"status-publish","4":"has-post-thumbnail","6":"product_cat-bahce","8":"first","9":"instock","10":"taxable","11":"shipping-taxable","12":"product-type-simple"},"jetpack-related-posts":[],"jetpack_sharing_enabled":true,"jetpack_likes_enabled":true,"_links":{"self":[{"href":"https:\/\/tuzlahortum.com.tr\/ar\/wp-json\/wp\/v2\/product\/13241","targetHints":{"allow":["GET"]}}],"collection":[{"href":"https:\/\/tuzlahortum.com.tr\/ar\/wp-json\/wp\/v2\/product"}],"about":[{"href":"https:\/\/tuzlahortum.com.tr\/ar\/wp-json\/wp\/v2\/types\/product"}],"replies":[{"embeddable":true,"href":"https:\/\/tuzlahortum.com.tr\/ar\/wp-json\/wp\/v2\/comments?post=13241"}],"wp:featuredmedia":[{"embeddable":true,"href":"https:\/\/tuzlahortum.com.tr\/ar\/wp-json\/wp\/v2\/media\/13253"}],"wp:attachment":[{"href":"https:\/\/tuzlahortum.com.tr\/ar\/wp-json\/wp\/v2\/media?parent=13241"}],"wp:term":[{"taxonomy":"product_brand","embeddable":true,"href":"https:\/\/tuzlahortum.com.tr\/ar\/wp-json\/wp\/v2\/product_brand?post=13241"},{"taxonomy":"product_cat","embeddable":true,"href":"https:\/\/tuzlahortum.com.tr\/ar\/wp-json\/wp\/v2\/product_cat?post=13241"},{"taxonomy":"product_tag","embeddable":true,"href":"https:\/\/tuzlahortum.com.tr\/ar\/wp-json\/wp\/v2\/product_tag?post=13241"}],"curies":[{"name":"\u062f\u0628\u0644\u064a\u0648 \u0628\u064a","href":"https:\/\/api.w.org\/{rel}","templated":true}]}}