{"id":13232,"date":"2024-03-28T17:33:41","date_gmt":"2024-03-28T14:33:41","guid":{"rendered":"https:\/\/tuzlahortum.com.tr\/?post_type=product&#038;p=13232"},"modified":"2025-08-20T12:02:26","modified_gmt":"2025-08-20T09:02:26","slug":"flow-luks-2li-kollektor","status":"publish","type":"product","link":"https:\/\/tuzlahortum.com.tr\/ar\/product\/flow-luks-2li-kollektor\/","title":{"rendered":"\u0645\u062c\u0645\u0648\u0639\u0629 \u0627\u0644\u062a\u062f\u0641\u0642 \u0627\u0644\u0641\u0627\u062e\u0631\u0629 \u0627\u0644\u0645\u0643\u0648\u0646\u0629 \u0645\u0646 \u0642\u0637\u0639\u062a\u064a\u0646"},"content":{"rendered":"<div>\u0645\u062c\u0645\u0648\u0639\u0629 \u0627\u0644\u062a\u062f\u0641\u0642 \u0627\u0644\u0641\u0627\u062e\u0631\u0629 \u0627\u0644\u0645\u0643\u0648\u0646\u0629 \u0645\u0646 \u0642\u0637\u0639\u062a\u064a\u0646<\/div>\n<div><\/div>\n<div>\u062a\u0645 \u062a\u0635\u0645\u064a\u0645 FLOW LUXURY 2-Collector \u0644\u062a\u062d\u0633\u064a\u0646 \u0631\u064a \u062d\u062f\u064a\u0642\u062a\u0643 \u0648\u0625\u062f\u0627\u0631\u0629 \u062a\u062f\u0641\u0642 \u0627\u0644\u0645\u064a\u0627\u0647 \u0628\u0634\u0643\u0644 \u0623\u0643\u062b\u0631 \u0643\u0641\u0627\u0621\u0629.<\/div>\n<div><\/div>\n<div>\u0633\u0645\u0627\u062a:<\/div>\n<div><\/div>\n<div>1. ** \u0628\u0646\u0627\u0621 \u0645\u062a\u064a\u0646 **: \u0645\u0635\u0646\u0648\u0639 \u0645\u0646 \u0645\u0648\u0627\u062f \u0639\u0627\u0644\u064a\u0629 \u0627\u0644\u062c\u0648\u062f\u0629 \u0648\u0644\u0647 \u0647\u064a\u0643\u0644 \u0642\u0648\u064a \u0644\u0644\u0627\u0633\u062a\u062e\u062f\u0627\u0645 \u0637\u0648\u064a\u0644 \u0627\u0644\u0623\u0645\u062f. \u0641\u0647\u0648 \u064a\u0636\u0645\u0646 \u0627\u062a\u0635\u0627\u0644\u0627\u064b \u0645\u0648\u062b\u0648\u0642\u064b\u0627 \u0628\u0647 \u0628\u0627\u0633\u062a\u062e\u062f\u0627\u0645 \u0645\u0648\u0627\u062f \u0645\u062b\u0644 \u0627\u0644\u0641\u0648\u0644\u0627\u0630 \u0627\u0644\u0645\u0642\u0627\u0648\u0645 \u0644\u0644\u0635\u062f\u0623 \u0623\u0648 \u0627\u0644\u0628\u0644\u0627\u0633\u062a\u064a\u0643 \u0627\u0644\u0642\u0648\u064a.<\/div>\n<div><\/div>\n<div>2. **\u062a\u0635\u0645\u064a\u0645 \u062b\u0646\u0627\u0626\u064a \u0627\u0644\u0627\u062a\u062c\u0627\u0647**: \u064a\u062d\u062a\u0648\u064a \u0639\u0644\u0649 \u0645\u0646\u0641\u0630\u064a\u0646 \u0645\u0646\u0641\u0635\u0644\u064a\u0646\u060c \u062d\u062a\u0649 \u062a\u062a\u0645\u0643\u0646 \u0645\u0646 \u062a\u0648\u062c\u064a\u0647 \u062a\u062f\u0641\u0642 \u0627\u0644\u0645\u064a\u0627\u0647 \u0625\u0644\u0649 \u0645\u0646\u0637\u0642\u062a\u064a\u0646 \u0645\u062e\u062a\u0644\u0641\u062a\u064a\u0646 \u0644\u0644\u0631\u064a \u0641\u064a \u0646\u0641\u0633 \u0627\u0644\u0648\u0642\u062a.<\/div>\n<div><\/div>\n<div>3. **\u0633\u0647\u0648\u0644\u0629 \u0627\u0644\u062a\u0631\u0643\u064a\u0628**: \u0628\u0641\u0636\u0644 \u0645\u064a\u0632\u0629 \u0627\u0644\u062a\u0648\u0635\u064a\u0644 \u0627\u0644\u0625\u0636\u0627\u0641\u064a\u0629 \u0627\u0644\u0628\u0633\u064a\u0637\u0629\u060c \u064a\u0645\u0643\u0646 \u062a\u0648\u0635\u064a\u0644\u0647 \u0628\u0633\u0647\u0648\u0644\u0629 \u0648\u0627\u0633\u062a\u0628\u062f\u0627\u0644\u0647 \u0628\u0645\u0639\u062f\u0627\u062a \u0627\u0644\u0631\u064a \u0627\u0644\u0623\u062e\u0631\u0649. \u0644\u0627 \u064a\u062a\u0637\u0644\u0628 \u0623\u064a \u0623\u062f\u0648\u0627\u062a \u0623\u0648 \u0645\u0639\u062f\u0627\u062a \u0625\u0636\u0627\u0641\u064a\u0629.<\/div>\n<div><\/div>\n<div>4. **\u0627\u0644\u062a\u0648\u0627\u0641\u0642 \u0627\u0644\u0639\u0627\u0644\u0645\u064a**: \u0645\u062a\u0648\u0627\u0641\u0642 \u0645\u0639 \u062e\u0631\u0627\u0637\u064a\u0645 \u0627\u0644\u062d\u062f\u0627\u0626\u0642 \u0627\u0644\u0642\u064a\u0627\u0633\u064a\u0629 \u0648\u064a\u0645\u0643\u0646 \u0627\u0633\u062a\u062e\u062f\u0627\u0645\u0647 \u0645\u0639 \u0645\u0639\u0638\u0645 \u0623\u0646\u0638\u0645\u0629 \u0627\u0644\u0631\u064a.<\/div>\n<div><\/div>\n<div>5. **\u062a\u062c\u0631\u0628\u0629 \u0631\u064a \u0641\u0639\u0627\u0644\u0629**: FLOW LUXURY 2-Collector \u064a\u062c\u0639\u0644 \u0623\u0639\u0645\u0627\u0644 \u0627\u0644\u0631\u064a \u0627\u0644\u062e\u0627\u0635\u0629 \u0628\u0643 \u0623\u0643\u062b\u0631 \u0643\u0641\u0627\u0621\u0629 \u0648\u064a\u062c\u0639\u0644 \u0635\u064a\u0627\u0646\u0629 \u062d\u062f\u064a\u0642\u062a\u0643 \u0623\u0633\u0647\u0644. \u062a\u062a\u0645 \u0643\u0644 \u0639\u0645\u0644\u064a\u0629 \u0631\u064a \u0628\u0634\u0643\u0644 \u0623\u0643\u062b\u0631 \u0641\u0639\u0627\u0644\u064a\u0629.<\/div>\n<div><\/div>\n<div>\u064a\u0639\u062f FLOW LUXURY 2-Collector \u062e\u064a\u0627\u0631\u064b\u0627 \u0645\u062b\u0627\u0644\u064a\u064b\u0627 \u0644\u062a\u062d\u062f\u064a\u062b \u0623\u0646\u0638\u0645\u0629 \u0627\u0644\u0631\u064a \u0641\u064a \u062d\u062f\u064a\u0642\u062a\u0643 \u0648\u062a\u062c\u0631\u0628\u0629 \u062a\u062c\u0631\u0628\u0629 \u0631\u064a \u0623\u0643\u062b\u0631 \u0641\u0639\u0627\u0644\u064a\u0629.<\/div>","protected":false},"excerpt":{"rendered":"<p>FLOW L\u00dcKS 2&#8217;L\u0130 KOLLEKT\u00d6R FLOW L\u00dcKS 2&#8217;li Kollekt\u00f6r, bah\u00e7e sulama i\u015flerinizi optimize etmek ve su ak\u0131\u015f\u0131n\u0131 daha verimli bir \u015fekilde y\u00f6netmek i\u00e7in tasarlanm\u0131\u015ft\u0131r. \u00d6zellikler: 1. **Dayan\u0131kl\u0131 Yap\u0131**: Y\u00fcksek kaliteli malzemeden \u00fcretilmi\u015ftir ve uzun s\u00fcreli kullan\u0131m i\u00e7in sa\u011flam bir yap\u0131ya sahiptir. Paslanmaz \u00e7elik veya sa\u011flam plastik gibi malzemeler kullan\u0131larak g\u00fcvenilir bir ba\u011flant\u0131 sa\u011flar. 2. **2&#8217;l\u00fc Tasar\u0131m**: [&#8230;]\n","protected":false},"featured_media":13260,"comment_status":"open","ping_status":"closed","template":"","meta":{"jetpack_post_was_ever_published":false},"product_brand":[],"product_cat":[2347],"product_tag":[],"class_list":{"0":"post-13232","1":"product","2":"type-product","3":"status-publish","4":"has-post-thumbnail","6":"product_cat-bahce","8":"first","9":"instock","10":"featured","11":"taxable","12":"shipping-taxable","13":"product-type-simple"},"jetpack-related-posts":[],"jetpack_sharing_enabled":true,"jetpack_likes_enabled":true,"_links":{"self":[{"href":"https:\/\/tuzlahortum.com.tr\/ar\/wp-json\/wp\/v2\/product\/13232","targetHints":{"allow":["GET"]}}],"collection":[{"href":"https:\/\/tuzlahortum.com.tr\/ar\/wp-json\/wp\/v2\/product"}],"about":[{"href":"https:\/\/tuzlahortum.com.tr\/ar\/wp-json\/wp\/v2\/types\/product"}],"replies":[{"embeddable":true,"href":"https:\/\/tuzlahortum.com.tr\/ar\/wp-json\/wp\/v2\/comments?post=13232"}],"wp:featuredmedia":[{"embeddable":true,"href":"https:\/\/tuzlahortum.com.tr\/ar\/wp-json\/wp\/v2\/media\/13260"}],"wp:attachment":[{"href":"https:\/\/tuzlahortum.com.tr\/ar\/wp-json\/wp\/v2\/media?parent=13232"}],"wp:term":[{"taxonomy":"product_brand","embeddable":true,"href":"https:\/\/tuzlahortum.com.tr\/ar\/wp-json\/wp\/v2\/product_brand?post=13232"},{"taxonomy":"product_cat","embeddable":true,"href":"https:\/\/tuzlahortum.com.tr\/ar\/wp-json\/wp\/v2\/product_cat?post=13232"},{"taxonomy":"product_tag","embeddable":true,"href":"https:\/\/tuzlahortum.com.tr\/ar\/wp-json\/wp\/v2\/product_tag?post=13232"}],"curies":[{"name":"\u062f\u0628\u0644\u064a\u0648 \u0628\u064a","href":"https:\/\/api.w.org\/{rel}","templated":true}]}}