{"id":13230,"date":"2024-03-28T17:33:41","date_gmt":"2024-03-28T14:33:41","guid":{"rendered":"https:\/\/tuzlahortum.com.tr\/?post_type=product&#038;p=13230"},"modified":"2025-08-20T11:58:15","modified_gmt":"2025-08-20T08:58:15","slug":"flow-luks-jak-1-2-hortum-govde","status":"publish","type":"product","link":"https:\/\/tuzlahortum.com.tr\/ar\/product\/flow-luks-jak-1-2-hortum-govde\/","title":{"rendered":"\u062c\u0627\u0643\u0629 \u0627\u0644\u062a\u062f\u0641\u0642 \u0627\u0644\u0641\u0627\u062e\u0631\u0629 1\/2 \u062c\u0633\u0645 \u062e\u0631\u0637\u0648\u0645"},"content":{"rendered":"<p>\u062c\u0627\u0643\u0629 \u0627\u0644\u062a\u062f\u0641\u0642 \u0627\u0644\u0641\u0627\u062e\u0631\u0629 1\/2 \u062c\u0633\u0645 \u062e\u0631\u0637\u0648\u0645<\/p>\n<p>\u062a\u0645 \u062a\u0635\u0645\u064a\u0645 \u0647\u064a\u0643\u0644 \u062e\u0631\u0637\u0648\u0645 FLOW LUXURY JACK 1\/2 \u0644\u062a\u0648\u0641\u064a\u0631 \u0627\u062a\u0635\u0627\u0644 \u0645\u0648\u062b\u0648\u0642 \u0628\u0647 \u0641\u064a \u0623\u0646\u0638\u0645\u0629 \u0627\u0644\u0631\u064a \u0641\u064a \u062d\u062f\u064a\u0642\u062a\u0643.<\/p>\n<p>\u0633\u0645\u0627\u062a:<\/p>\n<ol>\n<li><strong>\u0627\u0644\u0628\u0646\u0627\u0621 \u0627\u0644\u062f\u0627\u0626\u0645<\/strong>: \u0645\u0635\u0646\u0648\u0639 \u0645\u0646 \u0645\u0648\u0627\u062f \u0639\u0627\u0644\u064a\u0629 \u0627\u0644\u062c\u0648\u062f\u0629 \u0648\u0644\u0647 \u0647\u064a\u0643\u0644 \u0645\u062a\u064a\u0646 \u0644\u0644\u0627\u0633\u062a\u062e\u062f\u0627\u0645 \u0637\u0648\u064a\u0644 \u0627\u0644\u0623\u0645\u062f. \u0641\u0647\u0648 \u064a\u0636\u0645\u0646 \u0627\u062a\u0635\u0627\u0644\u0627\u064b \u0645\u0648\u062b\u0648\u0642\u064b\u0627 \u0628\u0647 \u0628\u0627\u0633\u062a\u062e\u062f\u0627\u0645 \u0645\u0648\u0627\u062f \u0645\u062b\u0644 \u0627\u0644\u0641\u0648\u0644\u0627\u0630 \u0627\u0644\u0645\u0642\u0627\u0648\u0645 \u0644\u0644\u0635\u062f\u0623 \u0623\u0648 \u0627\u0644\u0628\u0644\u0627\u0633\u062a\u064a\u0643 \u0627\u0644\u0642\u0648\u064a.<\/li>\n<li><strong>\u0627\u0644\u062a\u0648\u0627\u0641\u0642 \u0627\u0644\u0639\u0627\u0644\u0645\u064a<\/strong>: \u062a\u0645 \u062a\u0635\u0645\u064a\u0645 \u062c\u0630\u0639 \u0627\u0644\u062e\u0631\u0637\u0648\u0645 \u0647\u0630\u0627 \u0644\u064a\u062a\u0648\u0627\u0641\u0642 \u0645\u0639 \u0645\u0639\u0638\u0645 \u0645\u0639\u062f\u0627\u062a \u0633\u0642\u0627\u064a\u0629 \u0627\u0644\u062d\u062f\u0627\u0626\u0642 \u0627\u0644\u0642\u064a\u0627\u0633\u064a\u0629. \u0625\u0646\u0647 \u0645\u062b\u0627\u0644\u064a \u0644\u0644\u062c\u0645\u0639 \u0628\u064a\u0646 \u0627\u0644\u062e\u0631\u0627\u0637\u064a\u0645 \u0630\u0627\u062a \u0627\u0644\u0623\u0642\u0637\u0627\u0631 \u0627\u0644\u0645\u062e\u062a\u0644\u0641\u0629 \u0648\u064a\u0648\u0641\u0631 \u062a\u0648\u0627\u0641\u0642\u064b\u0627 \u0648\u0627\u0633\u0639\u064b\u0627.<\/li>\n<li><strong>\u062a\u062c\u0645\u064a\u0639 \u0633\u0647\u0644<\/strong>: \u0628\u0641\u0636\u0644 \u0645\u064a\u0632\u0629 \u062a\u0648\u0635\u064a\u0644\u0647 \u0627\u0644\u0628\u0633\u064a\u0637\u0629\u060c \u064a\u0645\u0643\u0646 \u062a\u0648\u0635\u064a\u0644\u0647 \u0628\u0633\u0647\u0648\u0644\u0629 \u0648\u0627\u0633\u062a\u0628\u062f\u0627\u0644\u0647 \u0628\u0645\u0639\u062f\u0627\u062a \u0627\u0644\u0631\u064a \u0627\u0644\u0623\u062e\u0631\u0649. \u0644\u0627 \u064a\u062a\u0637\u0644\u0628 \u0623\u064a \u0623\u062f\u0648\u0627\u062a \u0623\u0648 \u0645\u0639\u062f\u0627\u062a \u0625\u0636\u0627\u0641\u064a\u0629.<\/li>\n<li><strong>\u0633\u0639\u0631 \u0645\u0646\u0627\u0633\u0628<\/strong>: \u064a\u062c\u0630\u0628 \u0627\u0644\u0627\u0646\u062a\u0628\u0627\u0647 \u0628\u0633\u0639\u0631\u0647 \u0627\u0644\u0627\u0642\u062a\u0635\u0627\u062f\u064a \u0648\u0627\u0644\u0645\u064a\u0633\u0648\u0631 \u0627\u0644\u062a\u0643\u0644\u0641\u0629. \u0625\u0646\u0647 \u062e\u064a\u0627\u0631 \u0641\u0639\u0627\u0644 \u0645\u0646 \u062d\u064a\u062b \u0627\u0644\u062a\u0643\u0644\u0641\u0629 \u0644\u062a\u062d\u062f\u064a\u062b \u0623\u0648 \u062a\u0648\u0633\u064a\u0639 \u0623\u0646\u0638\u0645\u0629 \u0627\u0644\u0631\u064a \u0641\u064a \u062d\u062f\u064a\u0642\u062a\u0643.<\/li>\n<li><strong>\u062a\u062c\u0631\u0628\u0629 \u0627\u0644\u0631\u064a \u0627\u0644\u0641\u0639\u0627\u0644\u0629<\/strong>: \u0647\u064a\u0643\u0644 \u062e\u0631\u0637\u0648\u0645 \u0627\u0644\u062a\u062f\u0641\u0642 \u0627\u0644\u0641\u0627\u062e\u0631 1\/2 \u064a\u062c\u0639\u0644 \u0639\u0645\u0644\u064a\u0629 \u0627\u0644\u0631\u064a \u0627\u0644\u062e\u0627\u0635\u0629 \u0628\u0643 \u0623\u0643\u062b\u0631 \u0643\u0641\u0627\u0621\u0629 \u0648\u064a\u062c\u0639\u0644 \u0635\u064a\u0627\u0646\u0629 \u062d\u062f\u064a\u0642\u062a\u0643 \u0623\u0633\u0647\u0644. \u062a\u062a\u0645 \u0643\u0644 \u0639\u0645\u0644\u064a\u0629 \u0631\u064a \u0628\u0634\u0643\u0644 \u0623\u0643\u062b\u0631 \u0641\u0639\u0627\u0644\u064a\u0629.<\/li>\n<\/ol>\n<p>\u064a\u0639\u062a\u0628\u0631 FLOW LUXURY JACK 1\/2 Hose Body \u062e\u064a\u0627\u0631\u064b\u0627 \u0645\u062b\u0627\u0644\u064a\u064b\u0627 \u0644\u062a\u062d\u062f\u064a\u062b \u0623\u0646\u0638\u0645\u0629 \u0627\u0644\u0631\u064a \u0641\u064a \u062d\u062f\u064a\u0642\u062a\u0643 \u0648\u062a\u062c\u0631\u0628\u0629 \u062a\u062c\u0631\u0628\u0629 \u0631\u064a \u0623\u0643\u062b\u0631 \u0641\u0639\u0627\u0644\u064a\u0629.<\/p>","protected":false},"excerpt":{"rendered":"<p>FLOW L\u00dcKS JAK 1\/2 HORTUM G\u00d6VDE FLOW L\u00dcKS JAK 1\/2 Hortum G\u00f6vdesi, bah\u00e7e sulama sistemlerinizde g\u00fcvenilir bir ba\u011flant\u0131 sa\u011flamak i\u00e7in tasarlanm\u0131\u015ft\u0131r. \u00d6zellikler: Dayan\u0131kl\u0131 Yap\u0131: Y\u00fcksek kaliteli malzemeden \u00fcretilmi\u015ftir ve uzun \u00f6m\u00fcrl\u00fc kullan\u0131m i\u00e7in dayan\u0131kl\u0131 bir yap\u0131ya sahiptir. Paslanmaz \u00e7elik veya sa\u011flam plastik gibi malzemeler kullan\u0131larak g\u00fcvenilir bir ba\u011flant\u0131 sa\u011flar. Evrensel Uyumluluk: Bu hortum g\u00f6vdesi, \u00e7o\u011fu [&#8230;]\n","protected":false},"featured_media":13272,"comment_status":"open","ping_status":"closed","template":"","meta":{"jetpack_post_was_ever_published":false},"product_brand":[],"product_cat":[2347],"product_tag":[],"class_list":{"0":"post-13230","1":"product","2":"type-product","3":"status-publish","4":"has-post-thumbnail","6":"product_cat-bahce","8":"first","9":"instock","10":"taxable","11":"shipping-taxable","12":"product-type-simple"},"jetpack-related-posts":[],"jetpack_sharing_enabled":true,"jetpack_likes_enabled":true,"_links":{"self":[{"href":"https:\/\/tuzlahortum.com.tr\/ar\/wp-json\/wp\/v2\/product\/13230","targetHints":{"allow":["GET"]}}],"collection":[{"href":"https:\/\/tuzlahortum.com.tr\/ar\/wp-json\/wp\/v2\/product"}],"about":[{"href":"https:\/\/tuzlahortum.com.tr\/ar\/wp-json\/wp\/v2\/types\/product"}],"replies":[{"embeddable":true,"href":"https:\/\/tuzlahortum.com.tr\/ar\/wp-json\/wp\/v2\/comments?post=13230"}],"wp:featuredmedia":[{"embeddable":true,"href":"https:\/\/tuzlahortum.com.tr\/ar\/wp-json\/wp\/v2\/media\/13272"}],"wp:attachment":[{"href":"https:\/\/tuzlahortum.com.tr\/ar\/wp-json\/wp\/v2\/media?parent=13230"}],"wp:term":[{"taxonomy":"product_brand","embeddable":true,"href":"https:\/\/tuzlahortum.com.tr\/ar\/wp-json\/wp\/v2\/product_brand?post=13230"},{"taxonomy":"product_cat","embeddable":true,"href":"https:\/\/tuzlahortum.com.tr\/ar\/wp-json\/wp\/v2\/product_cat?post=13230"},{"taxonomy":"product_tag","embeddable":true,"href":"https:\/\/tuzlahortum.com.tr\/ar\/wp-json\/wp\/v2\/product_tag?post=13230"}],"curies":[{"name":"\u062f\u0628\u0644\u064a\u0648 \u0628\u064a","href":"https:\/\/api.w.org\/{rel}","templated":true}]}}