{"id":13229,"date":"2024-03-28T17:33:40","date_gmt":"2024-03-28T14:33:40","guid":{"rendered":"https:\/\/tuzlahortum.com.tr\/?post_type=product&#038;p=13229"},"modified":"2025-08-20T12:02:36","modified_gmt":"2025-08-20T09:02:36","slug":"flow-luks-jak-3-4-hortum-govde","status":"publish","type":"product","link":"https:\/\/tuzlahortum.com.tr\/ar\/product\/flow-luks-jak-3-4-hortum-govde\/","title":{"rendered":"\u062c\u0627\u0643\u0629 \u0627\u0644\u062a\u062f\u0641\u0642 \u0627\u0644\u0641\u0627\u062e\u0631\u0629 3\/4 \u062e\u0631\u0637\u0648\u0645 \u0627\u0644\u062c\u0633\u0645"},"content":{"rendered":"<p>\u062c\u0627\u0643\u0629 \u0627\u0644\u062a\u062f\u0641\u0642 \u0627\u0644\u0641\u0627\u062e\u0631\u0629 3\/4 \u062e\u0631\u0637\u0648\u0645 \u0627\u0644\u062c\u0633\u0645<\/p>\n<p>\u062c\u0627\u0643 \u0627\u0644\u062a\u062f\u0641\u0642 \u0627\u0644\u0641\u0627\u062e\u0631 - \u062a\u0645 \u062a\u0635\u0645\u064a\u0645 \u062c\u0630\u0639 \u062e\u0631\u0637\u0648\u0645 3\/4 \u0628\u0648\u0635\u0629 \u062e\u0635\u064a\u0635\u064b\u0627 \u0644\u062a\u0648\u062c\u064a\u0647 \u062a\u062f\u0641\u0642 \u0627\u0644\u0645\u064a\u0627\u0647 \u0648\u062a\u0648\u0641\u064a\u0631 \u0627\u062a\u0635\u0627\u0644 \u0645\u0648\u062b\u0648\u0642 \u0628\u0647 \u0641\u064a \u0623\u0646\u0638\u0645\u0629 \u0627\u0644\u0631\u064a \u0641\u064a \u062d\u062f\u064a\u0642\u062a\u0643.<\/p>\n<p>\u0633\u0645\u0627\u062a:<\/p>\n<ol>\n<li><strong>\u0645\u0627\u062f\u0629 \u0645\u062a\u064a\u0646\u0629<\/strong>: \u0645\u0635\u0646\u0648\u0639 \u0645\u0646 \u0645\u0648\u0627\u062f \u0639\u0627\u0644\u064a\u0629 \u0627\u0644\u062c\u0648\u062f\u0629 \u0648\u0644\u0647 \u0647\u064a\u0643\u0644 \u0642\u0648\u064a \u0644\u0644\u0627\u0633\u062a\u062e\u062f\u0627\u0645 \u0637\u0648\u064a\u0644 \u0627\u0644\u0623\u0645\u062f. \u0641\u0647\u0648 \u064a\u0636\u0645\u0646 \u0627\u062a\u0635\u0627\u0644\u0627\u064b \u0645\u0648\u062b\u0648\u0642\u064b\u0627 \u0628\u0647 \u0628\u0627\u0633\u062a\u062e\u062f\u0627\u0645 \u0645\u0648\u0627\u062f \u0645\u062b\u0644 \u0627\u0644\u0641\u0648\u0644\u0627\u0630 \u0627\u0644\u0645\u0642\u0627\u0648\u0645 \u0644\u0644\u0635\u062f\u0623 \u0623\u0648 \u0627\u0644\u0628\u0644\u0627\u0633\u062a\u064a\u0643 \u0627\u0644\u0642\u0648\u064a.<\/li>\n<li><strong>\u062a\u062c\u0645\u064a\u0639 \u0633\u0647\u0644<\/strong>: \u0628\u0641\u0636\u0644 \u0645\u064a\u0632\u0629 \u062a\u0648\u0635\u064a\u0644\u0647 \u0627\u0644\u0628\u0633\u064a\u0637\u0629\u060c \u064a\u0645\u0643\u0646 \u062a\u0648\u0635\u064a\u0644\u0647 \u0628\u0633\u0647\u0648\u0644\u0629 \u0648\u0627\u0633\u062a\u0628\u062f\u0627\u0644\u0647 \u0628\u0645\u0639\u062f\u0627\u062a \u0627\u0644\u0631\u064a \u0627\u0644\u0623\u062e\u0631\u0649. \u0644\u0627 \u064a\u062a\u0637\u0644\u0628 \u0623\u064a \u0623\u062f\u0648\u0627\u062a \u0623\u0648 \u0645\u0639\u062f\u0627\u062a \u0625\u0636\u0627\u0641\u064a\u0629.<\/li>\n<li><strong>\u0627\u0644\u062a\u0648\u0627\u0641\u0642 \u0627\u0644\u0639\u0627\u0644\u0645\u064a<\/strong>: \u0645\u062a\u0648\u0627\u0641\u0642 \u0645\u0639 \u0627\u0644\u062e\u0631\u0627\u0637\u064a\u0645 \u0627\u0644\u0642\u064a\u0627\u0633\u064a\u0629 \u0645\u0642\u0627\u0633 3\/4 \u0628\u0648\u0635\u0629 \u0648\u064a\u0645\u0643\u0646 \u0627\u0633\u062a\u062e\u062f\u0627\u0645\u0647 \u0645\u0639 \u0645\u0639\u0638\u0645 \u0623\u0646\u0638\u0645\u0629 \u0627\u0644\u0631\u064a.<\/li>\n<li><strong>\u062a\u062c\u0631\u0628\u0629 \u0627\u0644\u0631\u064a \u0627\u0644\u0641\u0639\u0627\u0644\u0629<\/strong>: \u0645\u0642\u0628\u0633 \u0627\u0644\u062a\u062f\u0641\u0642 \u0627\u0644\u0641\u0627\u062e\u0631 - \u062c\u0633\u0645 \u062e\u0631\u0637\u0648\u0645 3\/4 \u0628\u0648\u0635\u0629 \u064a\u062c\u0639\u0644 \u0639\u0645\u0644 \u0627\u0644\u0631\u064a \u0627\u0644\u062e\u0627\u0635 \u0628\u0643 \u0623\u0643\u062b\u0631 \u0643\u0641\u0627\u0621\u0629 \u0648\u064a\u062c\u0639\u0644 \u0635\u064a\u0627\u0646\u0629 \u062d\u062f\u064a\u0642\u062a\u0643 \u0623\u0633\u0647\u0644. \u064a\u0633\u0645\u062d \u0644\u0643 \u0628\u062a\u0648\u062c\u064a\u0647 \u062a\u062f\u0641\u0642 \u0627\u0644\u0645\u064a\u0627\u0647 \u0641\u064a \u0627\u0644\u0627\u062a\u062c\u0627\u0647 \u0627\u0644\u0630\u064a \u062a\u0631\u064a\u062f\u0647.<\/li>\n<\/ol>\n<p>\u0645\u0642\u0628\u0633 \u0627\u0644\u062a\u062f\u0641\u0642 \u0627\u0644\u0641\u0627\u062e\u0631 - \u062c\u0633\u0645 \u062e\u0631\u0637\u0648\u0645 3\/4 \u0628\u0648\u0635\u0629 \u0647\u0648 \u062e\u064a\u0627\u0631 \u0645\u062b\u0627\u0644\u064a \u0644\u062a\u062d\u062f\u064a\u062b \u0623\u0646\u0638\u0645\u0629 \u0627\u0644\u0631\u064a \u0641\u064a \u062d\u062f\u064a\u0642\u062a\u0643 \u0648\u062a\u062c\u0631\u0628\u0629 \u062a\u062c\u0631\u0628\u0629 \u0631\u064a \u0623\u0643\u062b\u0631 \u0641\u0639\u0627\u0644\u064a\u0629.<\/p>","protected":false},"excerpt":{"rendered":"<p>FLOW L\u00dcKS JAK 3\/4 HORTUM G\u00d6VDE FLOW L\u00dcKS JAK &#8211; 3\/4&#8243; Hortum G\u00f6vdesi, bah\u00e7e sulama sistemlerinizde su ak\u0131\u015f\u0131n\u0131 y\u00f6nlendirmek ve g\u00fcvenilir bir ba\u011flant\u0131 sa\u011flamak i\u00e7in \u00f6zel olarak tasarlanm\u0131\u015ft\u0131r. \u00d6zellikler: Dayan\u0131kl\u0131 Malzeme: Y\u00fcksek kaliteli malzemeden \u00fcretilmi\u015ftir ve uzun s\u00fcreli kullan\u0131m i\u00e7in sa\u011flam bir yap\u0131ya sahiptir. Paslanmaz \u00e7elik veya sa\u011flam plastik gibi malzemeler kullan\u0131larak g\u00fcvenilir bir ba\u011flant\u0131 [&#8230;]\n","protected":false},"featured_media":13277,"comment_status":"open","ping_status":"closed","template":"","meta":{"jetpack_post_was_ever_published":false},"product_brand":[],"product_cat":[2347],"product_tag":[],"class_list":{"0":"post-13229","1":"product","2":"type-product","3":"status-publish","4":"has-post-thumbnail","6":"product_cat-bahce","8":"first","9":"instock","10":"taxable","11":"shipping-taxable","12":"product-type-simple"},"jetpack-related-posts":[{"id":13230,"url":"https:\/\/tuzlahortum.com.tr\/ar\/product\/flow-luks-jak-1-2-hortum-govde\/","url_meta":{"origin":13229,"position":0},"title":"\u062c\u0627\u0643\u0629 \u0627\u0644\u062a\u062f\u0641\u0642 \u0627\u0644\u0641\u0627\u062e\u0631\u0629 1\/2 \u062c\u0633\u0645 \u062e\u0631\u0637\u0648\u0645","author":"admin","date":"28 \u0645\u0627\u0631\u0633 2024","format":false,"excerpt":"FLOW L\u00dcKS JAK 1\/2 HORTUM G\u00d6VDE FLOW L\u00dcKS JAK 1\/2 Hortum G\u00f6vdesi, bah\u00e7e sulama sistemlerinizde g\u00fcvenilir bir ba\u011flant\u0131 sa\u011flamak i\u00e7in tasarlanm\u0131\u015ft\u0131r. \u00d6zellikler: Dayan\u0131kl\u0131 Yap\u0131: Y\u00fcksek kaliteli malzemeden \u00fcretilmi\u015ftir ve uzun \u00f6m\u00fcrl\u00fc kullan\u0131m i\u00e7in dayan\u0131kl\u0131 bir yap\u0131ya sahiptir. Paslanmaz \u00e7elik veya sa\u011flam plastik gibi malzemeler kullan\u0131larak g\u00fcvenilir bir ba\u011flant\u0131 sa\u011flar. Evrensel\u2026","rel":"","context":"\u062a\u062f\u0648\u064a\u0646\u0629 \u0645\u0634\u0627\u0628\u0647\u0629","block_context":{"text":"\u062a\u062f\u0648\u064a\u0646\u0629 \u0645\u0634\u0627\u0628\u0647\u0629","link":""},"img":{"alt_text":"","src":"https:\/\/i0.wp.com\/tuzlahortum.com.tr\/wp-content\/uploads\/2024\/03\/jak_luks_hortum_govde_7.jpg?fit=800%2C800&ssl=1&resize=350%2C200","width":350,"height":200,"srcset":"https:\/\/i0.wp.com\/tuzlahortum.com.tr\/wp-content\/uploads\/2024\/03\/jak_luks_hortum_govde_7.jpg?fit=800%2C800&ssl=1&resize=350%2C200 1x, https:\/\/i0.wp.com\/tuzlahortum.com.tr\/wp-content\/uploads\/2024\/03\/jak_luks_hortum_govde_7.jpg?fit=800%2C800&ssl=1&resize=525%2C300 1.5x, https:\/\/i0.wp.com\/tuzlahortum.com.tr\/wp-content\/uploads\/2024\/03\/jak_luks_hortum_govde_7.jpg?fit=800%2C800&ssl=1&resize=700%2C400 2x"},"classes":[]},{"id":13246,"url":"https:\/\/tuzlahortum.com.tr\/ar\/product\/flow-luks-jak-3-4-hortum-ekleme\/","url_meta":{"origin":13229,"position":1},"title":"\u0645\u0642\u0628\u0633 \u0627\u0644\u062a\u062f\u0641\u0642 \u0627\u0644\u0641\u0627\u062e\u0631 3\/4 \u0625\u0636\u0627\u0641\u0629 \u062e\u0631\u0637\u0648\u0645","author":"admin","date":"28 \u0645\u0627\u0631\u0633 2024","format":false,"excerpt":"FLOW L\u00dcKS JAK 3\/4 HORTUM EKLEME Bah\u00e7e sulama ekipmanlar\u0131n\u0131z aras\u0131ndaki uyumu sa\u011flamak i\u00e7in tasarlanan FLOW L\u00dcKS JAK 3\/4 Hortum Ekleme, sulama i\u015flerinizi daha kolay ve verimli hale getirir. \u00d6zellikler: Evrensel Uyumluluk: Bu jak, 3\/4\" \u00e7ap\u0131ndaki hortumlarla uyumludur ve farkl\u0131 sulama ekipmanlar\u0131n\u0131 birbirine ba\u011flaman\u0131z\u0131 sa\u011flar. Bah\u00e7enizdeki sulama sistemlerinin sorunsuz \u00e7al\u0131\u015fmas\u0131n\u0131 sa\u011flar.\u2026","rel":"","context":"\u062a\u062f\u0648\u064a\u0646\u0629 \u0645\u0634\u0627\u0628\u0647\u0629","block_context":{"text":"\u062a\u062f\u0648\u064a\u0646\u0629 \u0645\u0634\u0627\u0628\u0647\u0629","link":""},"img":{"alt_text":"","src":"https:\/\/i0.wp.com\/tuzlahortum.com.tr\/wp-content\/uploads\/2024\/03\/jak_luks_hortum_ekleme_2.jpg?fit=800%2C800&ssl=1&resize=350%2C200","width":350,"height":200,"srcset":"https:\/\/i0.wp.com\/tuzlahortum.com.tr\/wp-content\/uploads\/2024\/03\/jak_luks_hortum_ekleme_2.jpg?fit=800%2C800&ssl=1&resize=350%2C200 1x, https:\/\/i0.wp.com\/tuzlahortum.com.tr\/wp-content\/uploads\/2024\/03\/jak_luks_hortum_ekleme_2.jpg?fit=800%2C800&ssl=1&resize=525%2C300 1.5x, https:\/\/i0.wp.com\/tuzlahortum.com.tr\/wp-content\/uploads\/2024\/03\/jak_luks_hortum_ekleme_2.jpg?fit=800%2C800&ssl=1&resize=700%2C400 2x"},"classes":[]},{"id":13228,"url":"https:\/\/tuzlahortum.com.tr\/ar\/product\/flow-luks-jak-1-2-hortum-ekleme\/","url_meta":{"origin":13229,"position":2},"title":"\u062c\u0627\u0643 \u0627\u0644\u062a\u062f\u0641\u0642 \u0627\u0644\u0641\u0627\u062e\u0631 - \u0625\u0636\u0627\u0641\u0629 \u062e\u0631\u0637\u0648\u0645 1\/2","author":"admin","date":"28 \u0645\u0627\u0631\u0633 2024","format":false,"excerpt":"FLOW L\u00dcKS JAK - 1\/2 HORTUM EKLEME FLOW L\u00dcKS JAK - 1\/2\" Hortum Eklemesi, bah\u00e7e sulama sistemlerinizdeki uyumluluk sorunlar\u0131n\u0131 \u00e7\u00f6zmek ve su ak\u0131\u015f\u0131n\u0131 daha etkili bir \u015fekilde y\u00f6nlendirmek i\u00e7in tasarlanm\u0131\u015ft\u0131r. \u00d6zellikler: 1. **Dayan\u0131kl\u0131 Malzeme**: Y\u00fcksek kaliteli malzemeden \u00fcretilmi\u015ftir ve uzun \u00f6m\u00fcrl\u00fc kullan\u0131m i\u00e7in dayan\u0131kl\u0131 bir yap\u0131ya sahiptir. Paslanmaz \u00e7elik veya\u2026","rel":"","context":"\u062a\u062f\u0648\u064a\u0646\u0629 \u0645\u0634\u0627\u0628\u0647\u0629","block_context":{"text":"\u062a\u062f\u0648\u064a\u0646\u0629 \u0645\u0634\u0627\u0628\u0647\u0629","link":""},"img":{"alt_text":"","src":"https:\/\/i0.wp.com\/tuzlahortum.com.tr\/wp-content\/uploads\/2024\/03\/jak_luks_hortum_ekleme_2.jpg?fit=800%2C800&ssl=1&resize=350%2C200","width":350,"height":200,"srcset":"https:\/\/i0.wp.com\/tuzlahortum.com.tr\/wp-content\/uploads\/2024\/03\/jak_luks_hortum_ekleme_2.jpg?fit=800%2C800&ssl=1&resize=350%2C200 1x, https:\/\/i0.wp.com\/tuzlahortum.com.tr\/wp-content\/uploads\/2024\/03\/jak_luks_hortum_ekleme_2.jpg?fit=800%2C800&ssl=1&resize=525%2C300 1.5x, https:\/\/i0.wp.com\/tuzlahortum.com.tr\/wp-content\/uploads\/2024\/03\/jak_luks_hortum_ekleme_2.jpg?fit=800%2C800&ssl=1&resize=700%2C400 2x"},"classes":[]},{"id":13245,"url":"https:\/\/tuzlahortum.com.tr\/ar\/product\/flow-luks-jak-1-2-3-4-disi-uc\/","url_meta":{"origin":13229,"position":3},"title":"\u062c\u0627\u0643 \u0627\u0644\u062a\u062f\u0641\u0642 \u0627\u0644\u0641\u0627\u062e\u0631 1\/2 - 3\/4 \u0646\u0647\u0627\u064a\u0629 \u0623\u0646\u062b\u0649","author":"admin","date":"28 \u0645\u0627\u0631\u0633 2024","format":false,"excerpt":"FLOW L\u00dcKS JAK 1\/2 - 3\/4 D\u0130\u015e\u0130 U\u00c7 Bah\u00e7e sulama sistemlerinizdeki uyumsuzluklar\u0131 gidermek ve hortum ba\u011flant\u0131lar\u0131n\u0131z\u0131 kolayla\u015ft\u0131rmak i\u00e7in tasarlanan FLOW L\u00dcKS JAK - 1\/2\" - 3\/4\" Di\u015fi U\u00e7, sa\u011flam ve dayan\u0131kl\u0131 bir \u00e7\u00f6z\u00fcm sunar. \u00d6zellikler: Evrensel Uyumluluk: 1\/2\" ve 3\/4\" hortum di\u015fine sahip sulama ekipmanlar\u0131n\u0131 birle\u015ftirmek i\u00e7in idealdir. Farkl\u0131 \u00e7aplardaki\u2026","rel":"","context":"\u062a\u062f\u0648\u064a\u0646\u0629 \u0645\u0634\u0627\u0628\u0647\u0629","block_context":{"text":"\u062a\u062f\u0648\u064a\u0646\u0629 \u0645\u0634\u0627\u0628\u0647\u0629","link":""},"img":{"alt_text":"","src":"https:\/\/i0.wp.com\/tuzlahortum.com.tr\/wp-content\/uploads\/2024\/03\/jak_eko_disi_uc_1.jpg?fit=800%2C800&ssl=1&resize=350%2C200","width":350,"height":200,"srcset":"https:\/\/i0.wp.com\/tuzlahortum.com.tr\/wp-content\/uploads\/2024\/03\/jak_eko_disi_uc_1.jpg?fit=800%2C800&ssl=1&resize=350%2C200 1x, https:\/\/i0.wp.com\/tuzlahortum.com.tr\/wp-content\/uploads\/2024\/03\/jak_eko_disi_uc_1.jpg?fit=800%2C800&ssl=1&resize=525%2C300 1.5x, https:\/\/i0.wp.com\/tuzlahortum.com.tr\/wp-content\/uploads\/2024\/03\/jak_eko_disi_uc_1.jpg?fit=800%2C800&ssl=1&resize=700%2C400 2x"},"classes":[]},{"id":13247,"url":"https:\/\/tuzlahortum.com.tr\/ar\/product\/flow-luks-jak-1-2-3-4-hortum-ekleme\/","url_meta":{"origin":13229,"position":4},"title":"\u0645\u0642\u0628\u0633 \u0627\u0644\u062a\u062f\u0641\u0642 \u0627\u0644\u0641\u0627\u062e\u0631 1\/2-3\/4 \u0625\u0636\u0627\u0641\u0629 \u062e\u0631\u0637\u0648\u0645","author":"admin","date":"28 \u0645\u0627\u0631\u0633 2024","format":false,"excerpt":"FLOW L\u00dcKS JAK 1\/2-3\/4 HORTUM EKLEME Bah\u00e7e sulama i\u015flerinizi kolayla\u015ft\u0131ran ve hortumlar\u0131n\u0131z aras\u0131ndaki uyumu sa\u011flayan FLOW L\u00dcKS JAK, bah\u00e7enizin bak\u0131m\u0131n\u0131 daha keyifli hale getirir. \u00d6zellikler: Evrensel Uyumluluk: Bu jak, 1\/2\" ve 3\/4\" hortumlar\u0131 bir araya getirir, b\u00f6ylece farkl\u0131 \u00e7aplardaki hortumlar\u0131 sorunsuzca birbirine ba\u011flayabilirsiniz. Bah\u00e7enizdeki farkl\u0131 sulama ekipmanlar\u0131 aras\u0131nda uyum sa\u011flar.\u2026","rel":"","context":"\u062a\u062f\u0648\u064a\u0646\u0629 \u0645\u0634\u0627\u0628\u0647\u0629","block_context":{"text":"\u062a\u062f\u0648\u064a\u0646\u0629 \u0645\u0634\u0627\u0628\u0647\u0629","link":""},"img":{"alt_text":"","src":"https:\/\/i0.wp.com\/tuzlahortum.com.tr\/wp-content\/uploads\/2024\/03\/jak_luks_hortum_ekleme_dusurucu_2.jpg?fit=800%2C800&ssl=1&resize=350%2C200","width":350,"height":200,"srcset":"https:\/\/i0.wp.com\/tuzlahortum.com.tr\/wp-content\/uploads\/2024\/03\/jak_luks_hortum_ekleme_dusurucu_2.jpg?fit=800%2C800&ssl=1&resize=350%2C200 1x, https:\/\/i0.wp.com\/tuzlahortum.com.tr\/wp-content\/uploads\/2024\/03\/jak_luks_hortum_ekleme_dusurucu_2.jpg?fit=800%2C800&ssl=1&resize=525%2C300 1.5x, https:\/\/i0.wp.com\/tuzlahortum.com.tr\/wp-content\/uploads\/2024\/03\/jak_luks_hortum_ekleme_dusurucu_2.jpg?fit=800%2C800&ssl=1&resize=700%2C400 2x"},"classes":[]},{"id":13219,"url":"https:\/\/tuzlahortum.com.tr\/ar\/product\/flow-eko-jak-3-4-disi-govde\/","url_meta":{"origin":13229,"position":5},"title":"\u062c\u0627\u0643 \u0627\u0644\u062a\u062f\u0641\u0642 \u0627\u0644\u0628\u064a\u0626\u064a \u2013 3\/4 \u062c\u0633\u0645 \u0623\u0646\u062b\u0648\u064a","author":"admin","date":"28 \u0645\u0627\u0631\u0633 2024","format":false,"excerpt":"FLOW EKO JAK - 3\/4 D\u0130\u015e\u0130 G\u00d6VDE FLOW EKO JAK - 3\/4 Di\u015fi G\u00f6vde, bah\u00e7e sulama sistemlerinde su ak\u0131\u015f\u0131n\u0131 y\u00f6nlendirmek ve ba\u011flant\u0131lar\u0131 g\u00fcvenilir bir \u015fekilde sa\u011flamak i\u00e7in \u00f6zel olarak tasarlanm\u0131\u015ft\u0131r. \u00d6zellikler: Dayan\u0131kl\u0131 Malzeme: Y\u00fcksek kaliteli malzemeden \u00fcretilmi\u015ftir ve uzun \u00f6m\u00fcrl\u00fc kullan\u0131m i\u00e7in dayan\u0131kl\u0131 bir yap\u0131ya sahiptir. Paslanmaz \u00e7elik veya sa\u011flam\u2026","rel":"","context":"\u062a\u062f\u0648\u064a\u0646\u0629 \u0645\u0634\u0627\u0628\u0647\u0629","block_context":{"text":"\u062a\u062f\u0648\u064a\u0646\u0629 \u0645\u0634\u0627\u0628\u0647\u0629","link":""},"img":{"alt_text":"","src":"https:\/\/i0.wp.com\/tuzlahortum.com.tr\/wp-content\/uploads\/2024\/03\/jak_eko_disi_govde_2.jpg?fit=800%2C800&ssl=1&resize=350%2C200","width":350,"height":200,"srcset":"https:\/\/i0.wp.com\/tuzlahortum.com.tr\/wp-content\/uploads\/2024\/03\/jak_eko_disi_govde_2.jpg?fit=800%2C800&ssl=1&resize=350%2C200 1x, https:\/\/i0.wp.com\/tuzlahortum.com.tr\/wp-content\/uploads\/2024\/03\/jak_eko_disi_govde_2.jpg?fit=800%2C800&ssl=1&resize=525%2C300 1.5x, https:\/\/i0.wp.com\/tuzlahortum.com.tr\/wp-content\/uploads\/2024\/03\/jak_eko_disi_govde_2.jpg?fit=800%2C800&ssl=1&resize=700%2C400 2x"},"classes":[]}],"jetpack_sharing_enabled":true,"jetpack_likes_enabled":true,"_links":{"self":[{"href":"https:\/\/tuzlahortum.com.tr\/ar\/wp-json\/wp\/v2\/product\/13229","targetHints":{"allow":["GET"]}}],"collection":[{"href":"https:\/\/tuzlahortum.com.tr\/ar\/wp-json\/wp\/v2\/product"}],"about":[{"href":"https:\/\/tuzlahortum.com.tr\/ar\/wp-json\/wp\/v2\/types\/product"}],"replies":[{"embeddable":true,"href":"https:\/\/tuzlahortum.com.tr\/ar\/wp-json\/wp\/v2\/comments?post=13229"}],"wp:featuredmedia":[{"embeddable":true,"href":"https:\/\/tuzlahortum.com.tr\/ar\/wp-json\/wp\/v2\/media\/13277"}],"wp:attachment":[{"href":"https:\/\/tuzlahortum.com.tr\/ar\/wp-json\/wp\/v2\/media?parent=13229"}],"wp:term":[{"taxonomy":"product_brand","embeddable":true,"href":"https:\/\/tuzlahortum.com.tr\/ar\/wp-json\/wp\/v2\/product_brand?post=13229"},{"taxonomy":"product_cat","embeddable":true,"href":"https:\/\/tuzlahortum.com.tr\/ar\/wp-json\/wp\/v2\/product_cat?post=13229"},{"taxonomy":"product_tag","embeddable":true,"href":"https:\/\/tuzlahortum.com.tr\/ar\/wp-json\/wp\/v2\/product_tag?post=13229"}],"curies":[{"name":"\u062f\u0628\u0644\u064a\u0648 \u0628\u064a","href":"https:\/\/api.w.org\/{rel}","templated":true}]}}