{"id":13225,"date":"2024-03-28T17:29:03","date_gmt":"2024-03-28T14:29:03","guid":{"rendered":"https:\/\/tuzlahortum.com.tr\/?post_type=product&#038;p=13225"},"modified":"2025-08-20T12:02:45","modified_gmt":"2025-08-20T09:02:45","slug":"flow-uzayan-hortum-seti-45-mt","status":"publish","type":"product","link":"https:\/\/tuzlahortum.com.tr\/ar\/product\/flow-uzayan-hortum-seti-45-mt\/","title":{"rendered":"\u0645\u062c\u0645\u0648\u0639\u0629 \u062e\u0631\u0637\u0648\u0645 \u062a\u0645\u062f\u064a\u062f \u0627\u0644\u062a\u062f\u0641\u0642 \u2013 45 \u0637\u0646 \u0645\u062a\u0631\u064a"},"content":{"rendered":"<p>\u0645\u062c\u0645\u0648\u0639\u0629 \u062e\u0631\u0637\u0648\u0645 \u062a\u0645\u062f\u064a\u062f \u0627\u0644\u062a\u062f\u0641\u0642 \u2013 45 \u0637\u0646 \u0645\u062a\u0631\u064a<\/p>\n<p>\u0645\u062c\u0645\u0648\u0639\u0629 \u062e\u0631\u0637\u0648\u0645 \u062a\u0645\u062f\u064a\u062f \u0627\u0644\u062a\u062f\u0641\u0642 \u2013 45 \u0645\u062a\u0631\u064b\u0627 \u0647\u0648 \u0645\u0646\u062a\u062c \u0645\u0635\u0645\u0645 \u0644\u062a\u0633\u0647\u064a\u0644 \u0623\u0639\u0645\u0627\u0644 \u0627\u0644\u0631\u064a \u0641\u064a \u062d\u062f\u064a\u0642\u062a\u0643. \u064a\u0634\u062a\u0645\u0644 \u0639\u0644\u0649 \u062e\u0631\u0637\u0648\u0645 \u0645\u0631\u0646 \u064a\u0645\u0643\u0646 \u0623\u0646 \u064a\u0645\u062a\u062f \u0645\u0646 15 \u0645\u062a\u0631\u064b\u0627 \u0625\u0644\u0649 45 \u0645\u062a\u0631\u064b\u0627 \u0645\u0639 \u0636\u063a\u0637 \u0627\u0644\u0645\u0627\u0621. \u0628\u0627\u0644\u0625\u0636\u0627\u0641\u0629 \u0625\u0644\u0649 \u0630\u0644\u0643\u060c \u064a\u062a\u0645 \u062a\u062c\u0645\u064a\u0639\u0647\u0627 \u062a\u0644\u0642\u0627\u0626\u064a\u064b\u0627 \u0639\u0646\u062f \u0625\u064a\u0642\u0627\u0641 \u062a\u0634\u063a\u064a\u0644 \u0627\u0644\u0635\u0646\u0628\u0648\u0631.<\/p>\n<p>\u0633\u0645\u0627\u062a:<\/p>\n<ol>\n<li><strong>\u0637\u0648\u0644 \u0645\u0631\u0646<\/strong>: \u0645\u0639 \u0636\u063a\u0637 \u0627\u0644\u0645\u0627\u0621 \u064a\u0645\u0643\u0646 \u0644\u0644\u062e\u0631\u0637\u0648\u0645 \u0623\u0646 \u064a\u0645\u062a\u062f \u0645\u0646 10 \u0645\u062a\u0631 \u0625\u0644\u0649 30 \u0645\u062a\u0631 \u062d\u0633\u0628 \u0627\u062d\u062a\u064a\u0627\u062c\u0627\u062a \u0627\u0644\u0645\u0633\u062a\u062e\u062f\u0645. \u0648\u0647\u0630\u0627 \u064a\u0648\u0641\u0631 \u0627\u0644\u0648\u0635\u0648\u0644 \u0625\u0644\u0649 \u0645\u0646\u0627\u0637\u0642 \u0627\u0644\u0631\u064a \u0627\u0644\u0645\u062e\u062a\u0644\u0641\u0629 \u0648\u064a\u0648\u0641\u0631 \u0627\u0644\u0645\u0631\u0648\u0646\u0629.<\/li>\n<li><strong>\u0627\u0644\u062a\u062c\u0645\u064a\u0639 \u0627\u0644\u062a\u0644\u0642\u0627\u0626\u064a<\/strong>: \u0627\u0644\u062a\u062c\u0645\u064a\u0639 \u0627\u0644\u062a\u0644\u0642\u0627\u0626\u064a \u0644\u0644\u062e\u0631\u0637\u0648\u0645 \u0639\u0646\u062f \u0625\u063a\u0644\u0627\u0642 \u0627\u0644\u0635\u0646\u0628\u0648\u0631 \u064a\u0648\u0641\u0631 \u0627\u0644\u0648\u0642\u062a \u0644\u0644\u0645\u0633\u062a\u062e\u062f\u0645 \u0648\u064a\u0648\u0641\u0631 \u0633\u0647\u0648\u0644\u0629 \u0627\u0644\u062a\u062e\u0632\u064a\u0646.<\/li>\n<li><strong>\u062e\u0641\u064a\u0641\u0629 \u0627\u0644\u0648\u0632\u0646 \u0648\u0645\u0631\u0646\u0629<\/strong>: \u0627\u0644\u062e\u0631\u0637\u0648\u0645 \u0630\u0648 \u0627\u0644\u0647\u064a\u0643\u0644 \u0627\u0644\u062e\u0641\u064a\u0641 \u064a\u0633\u0647\u0644 \u062d\u0645\u0644\u0647 \u0648\u064a\u062a\u064a\u062d \u0644\u0644\u0645\u0633\u062a\u062e\u062f\u0645 \u0627\u0644\u062a\u0646\u0642\u0644. \u0648\u0641\u064a \u0627\u0644\u0648\u0642\u062a \u0646\u0641\u0633\u0647\u060c \u0646\u0638\u0631\u064b\u0627 \u0644\u0623\u0646\u0647 \u0645\u0631\u0646 \u0644\u0644\u063a\u0627\u064a\u0629\u060c \u0641\u0645\u0646 \u0627\u0644\u0639\u0645\u0644\u064a \u0627\u0633\u062a\u062e\u062f\u0627\u0645\u0647 \u0641\u064a \u0627\u0644\u0645\u0633\u0627\u062d\u0627\u062a \u0627\u0644\u0636\u064a\u0642\u0629.<\/li>\n<li><strong>\u0645\u0627\u062f\u0629 \u0645\u062a\u064a\u0646\u0629<\/strong>: \u0645\u0635\u0646\u0648\u0639 \u0645\u0646 \u0645\u0648\u0627\u062f \u0639\u0627\u0644\u064a\u0629 \u0627\u0644\u062c\u0648\u062f\u0629 \u0648\u0645\u0642\u0627\u0648\u0645 \u0644\u0644\u0635\u062f\u0645\u0627\u062a \u0648\u0627\u0644\u0627\u0646\u062d\u0646\u0627\u0621 \u0648\u0627\u0644\u0636\u063a\u0637. \u0648\u0647\u0630\u0627 \u064a\u0636\u0645\u0646 \u0627\u0644\u0645\u0648\u062b\u0648\u0642\u064a\u0629 \u0644\u0644\u0627\u0633\u062a\u062e\u062f\u0627\u0645 \u0639\u0644\u0649 \u0627\u0644\u0645\u062f\u0649 \u0627\u0644\u0637\u0648\u064a\u0644.<\/li>\n<li><strong>\u0633\u0647\u0644 \u0627\u0644\u0627\u0633\u062a\u062e\u062f\u0627\u0645<\/strong>: \u0625\u0646\u0647 \u0633\u0647\u0644 \u0627\u0644\u0627\u0633\u062a\u062e\u062f\u0627\u0645 \u0628\u0641\u0636\u0644 \u062a\u0631\u0643\u064a\u0628\u0647 \u0627\u0644\u0639\u0645\u0644\u064a \u0648\u0628\u0646\u064a\u062a\u0647 \u0627\u0644\u0645\u0631\u0646\u0629. \u064a\u0633\u0627\u0639\u062f\u0643 \u0639\u0644\u0649 \u062a\u0646\u0641\u064a\u0630 \u0623\u0639\u0645\u0627\u0644 \u0627\u0644\u0631\u064a \u0627\u0644\u062e\u0627\u0635\u0629 \u0628\u0643 \u0628\u0643\u0641\u0627\u0621\u0629.<\/li>\n<\/ol>\n<p>\u0645\u062c\u0645\u0648\u0639\u0629 \u062e\u0631\u0637\u0648\u0645 \u062a\u0645\u062f\u064a\u062f \u0627\u0644\u062a\u062f\u0641\u0642 \u2013 45 \u0645\u062a\u0631\u064b\u0627 \u0647\u064a \u0627\u0644\u062d\u0644 \u0627\u0644\u0623\u0645\u062b\u0644 \u0644\u062a\u0644\u0628\u064a\u0629 \u0627\u062d\u062a\u064a\u0627\u062c\u0627\u062a \u0627\u0644\u0631\u064a \u0644\u062d\u062f\u064a\u0642\u062a\u0643. \u064a\u0648\u0641\u0631 \u0623\u0642\u0635\u0649 \u0642\u062f\u0631 \u0645\u0646 \u0627\u0644\u0631\u0627\u062d\u0629 \u0644\u0644\u0645\u0633\u062a\u062e\u062f\u0645 \u0645\u0646 \u062e\u0644\u0627\u0644 \u0645\u064a\u0632\u0629 \u0627\u0644\u062a\u062c\u0645\u064a\u0639 \u0627\u0644\u062a\u0644\u0642\u0627\u0626\u064a \u0648\u0627\u0644\u0637\u0648\u0644 \u0627\u0644\u0645\u0631\u0646.<\/p>","protected":false},"excerpt":{"rendered":"<p>FLOW UZAYAN HORTUM SET\u0130 &#8211; 45 MT FLOW Uzayan Hortum Seti &#8211; 45 Metre, bah\u00e7e sulama i\u015flerinizi kolayla\u015ft\u0131rmak i\u00e7in tasarlanm\u0131\u015f bir \u00fcr\u00fcnd\u00fcr. Suyun bas\u0131nc\u0131yla 15 metreden 45 metreye kadar uzayabilen esnek bir hortumu i\u00e7erir. Ayr\u0131ca, musluk kapat\u0131ld\u0131\u011f\u0131nda otomatik olarak toplan\u0131r. \u00d6zellikler: Esnek Uzunluk: Suyun bas\u0131nc\u0131yla hortum, kullan\u0131c\u0131 ihtiyac\u0131na g\u00f6re 10 metreden 30 metreye kadar uzayabilir. [&#8230;]\n","protected":false},"featured_media":13342,"comment_status":"open","ping_status":"closed","template":"","meta":{"jetpack_post_was_ever_published":false},"product_brand":[],"product_cat":[2347],"product_tag":[],"class_list":{"0":"post-13225","1":"product","2":"type-product","3":"status-publish","4":"has-post-thumbnail","6":"product_cat-bahce","8":"first","9":"instock","10":"taxable","11":"shipping-taxable","12":"product-type-simple"},"jetpack-related-posts":[],"jetpack_sharing_enabled":true,"jetpack_likes_enabled":true,"_links":{"self":[{"href":"https:\/\/tuzlahortum.com.tr\/ar\/wp-json\/wp\/v2\/product\/13225","targetHints":{"allow":["GET"]}}],"collection":[{"href":"https:\/\/tuzlahortum.com.tr\/ar\/wp-json\/wp\/v2\/product"}],"about":[{"href":"https:\/\/tuzlahortum.com.tr\/ar\/wp-json\/wp\/v2\/types\/product"}],"replies":[{"embeddable":true,"href":"https:\/\/tuzlahortum.com.tr\/ar\/wp-json\/wp\/v2\/comments?post=13225"}],"wp:featuredmedia":[{"embeddable":true,"href":"https:\/\/tuzlahortum.com.tr\/ar\/wp-json\/wp\/v2\/media\/13342"}],"wp:attachment":[{"href":"https:\/\/tuzlahortum.com.tr\/ar\/wp-json\/wp\/v2\/media?parent=13225"}],"wp:term":[{"taxonomy":"product_brand","embeddable":true,"href":"https:\/\/tuzlahortum.com.tr\/ar\/wp-json\/wp\/v2\/product_brand?post=13225"},{"taxonomy":"product_cat","embeddable":true,"href":"https:\/\/tuzlahortum.com.tr\/ar\/wp-json\/wp\/v2\/product_cat?post=13225"},{"taxonomy":"product_tag","embeddable":true,"href":"https:\/\/tuzlahortum.com.tr\/ar\/wp-json\/wp\/v2\/product_tag?post=13225"}],"curies":[{"name":"\u062f\u0628\u0644\u064a\u0648 \u0628\u064a","href":"https:\/\/api.w.org\/{rel}","templated":true}]}}