{"id":13220,"date":"2024-03-28T17:29:02","date_gmt":"2024-03-28T14:29:02","guid":{"rendered":"https:\/\/tuzlahortum.com.tr\/?post_type=product&#038;p=13220"},"modified":"2025-08-20T12:02:54","modified_gmt":"2025-08-20T09:02:54","slug":"flow-kazikli-fiskiye","status":"publish","type":"product","link":"https:\/\/tuzlahortum.com.tr\/ar\/product\/flow-kazikli-fiskiye\/","title":{"rendered":"\u0646\u0627\u0641\u0648\u0631\u0629 \u0627\u0644\u062a\u062f\u0641\u0642"},"content":{"rendered":"<p>\u0646\u0627\u0641\u0648\u0631\u0629 \u0627\u0644\u062a\u062f\u0641\u0642<\/p>\n<p>\u064a\u0648\u0641\u0631 FLOW Piled Sprinkler \u062d\u0644\u0627\u064b \u0639\u0645\u0644\u064a\u064b\u0627 \u0644\u0631\u064a \u0646\u0628\u0627\u062a\u0627\u062a\u0643 \u0641\u064a \u062d\u062f\u064a\u0642\u062a\u0643. \u064a\u062c\u0630\u0628 \u0627\u0644\u0627\u0646\u062a\u0628\u0627\u0647 \u0628\u0633\u0647\u0648\u0644\u0629 \u062a\u0631\u0643\u064a\u0628\u0647 \u0648\u0627\u0633\u062a\u062e\u062f\u0627\u0645\u0647.<\/p>\n<p>\u0633\u0645\u0627\u062a:<\/p>\n<ol>\n<li><strong>\u062e\u0637\u0648\u0647 \u0633\u0647\u0644\u0647<\/strong>: \u0628\u0641\u0636\u0644 \u062a\u0635\u0645\u064a\u0645\u0647\u0627 \u0639\u0644\u0649 \u0634\u0643\u0644 \u0648\u062a\u062f\u060c \u064a\u0645\u0643\u0646 \u0648\u0636\u0639 \u0627\u0644\u0646\u0627\u0641\u0648\u0631\u0629 \u0639\u0644\u0649 \u0627\u0644\u0623\u0631\u0636 \u0628\u0633\u0631\u0639\u0629 \u0648\u0633\u0647\u0648\u0644\u0629. \u0644\u0627 \u064a\u062a\u0637\u0644\u0628 \u0623\u064a \u0623\u062f\u0648\u0627\u062a \u0623\u0648 \u0645\u0639\u062f\u0627\u062a \u0625\u0636\u0627\u0641\u064a\u0629.<\/li>\n<li><strong>\u0625\u0645\u0643\u0627\u0646\u064a\u0629 \u0627\u0644\u062a\u0639\u062f\u064a\u0644<\/strong>: \u0631\u0623\u0633 \u0627\u0644\u0631\u0634 \u0642\u0627\u0628\u0644 \u0644\u0644\u062a\u0639\u062f\u064a\u0644\u060c \u0644\u0630\u0644\u0643 \u064a\u0645\u0643\u0646\u0643 \u0636\u0628\u0637 \u0632\u0627\u0648\u064a\u0629 \u0631\u0630\u0627\u0630 \u0627\u0644\u0645\u0627\u0621 \u0648\u0627\u0644\u0645\u0633\u0627\u0641\u0629 \u062d\u0633\u0628 \u0631\u063a\u0628\u062a\u0643.<\/li>\n<li><strong>\u0645\u0627\u062f\u0629 \u0645\u062a\u064a\u0646\u0629<\/strong>: \u0645\u0635\u0646\u0648\u0639\u0629 \u0645\u0646 \u0645\u0627\u062f\u0629 \u0628\u0644\u0627\u0633\u062a\u064a\u0643\u064a\u0629 \u0623\u0648 \u0645\u0639\u062f\u0646\u064a\u0629 \u0639\u0627\u0644\u064a\u0629 \u0627\u0644\u062c\u0648\u062f\u0629\u060c \u0645\u062a\u064a\u0646\u0629 \u0644\u0644\u0627\u0633\u062a\u062e\u062f\u0627\u0645 \u0637\u0648\u064a\u0644 \u0627\u0644\u0623\u0645\u062f \u0648\u0645\u0642\u0627\u0648\u0645\u0629 \u0644\u0644\u062a\u0623\u062b\u064a\u0631\u0627\u062a \u0627\u0644\u0628\u064a\u0626\u064a\u0629.<\/li>\n<li><strong>\u0645\u062c\u0627\u0644\u0627\u062a \u0627\u0644\u0627\u0633\u062a\u062e\u062f\u0627\u0645 \u0627\u0644\u0645\u062e\u062a\u0644\u0641\u0629<\/strong>: \u0645\u062b\u0627\u0644\u064a\u0629 \u0644\u0633\u0642\u064a \u0632\u0647\u0648\u0631 \u0627\u0644\u062d\u062f\u064a\u0642\u0629 \u0623\u0648 \u0627\u0644\u0646\u0628\u0627\u062a\u0627\u062a \u0623\u0648 \u0627\u0644\u062e\u0636\u0631\u0648\u0627\u062a. \u0648\u064a\u0645\u0643\u0646 \u0627\u0633\u062a\u062e\u062f\u0627\u0645\u0647 \u0623\u064a\u0636\u064b\u0627 \u0644\u0631\u064a \u0627\u0644\u0645\u0631\u0648\u062c \u0623\u0648 \u0644\u0623\u063a\u0631\u0627\u0636 \u0627\u0644\u062f\u064a\u0643\u0648\u0631 \u0641\u064a \u0627\u0644\u062d\u062f\u064a\u0642\u0629.<\/li>\n<li><strong>\u0627\u0644\u062a\u0648\u0627\u0641\u0642 \u0627\u0644\u0639\u0627\u0644\u0645\u064a<\/strong>: \u0645\u062a\u0648\u0627\u0641\u0642 \u0645\u0639 \u062e\u0631\u0627\u0637\u064a\u0645 \u0648\u0635\u0646\u0627\u0628\u064a\u0631 \u0627\u0644\u062d\u062f\u0627\u0626\u0642 \u0627\u0644\u0642\u064a\u0627\u0633\u064a\u0629\u060c \u0648\u064a\u0645\u0643\u0646 \u062f\u0645\u062c \u0627\u0644\u0631\u0634\u0627\u0634 \u0641\u064a \u0645\u0639\u0638\u0645 \u0623\u0646\u0638\u0645\u0629 \u0631\u064a \u0627\u0644\u062d\u062f\u0627\u0626\u0642.<\/li>\n<\/ol>\n<p>\u064a\u0639\u062f FLOW Piled Sprinkler \u0645\u0646\u062a\u062c\u064b\u0627 \u0645\u0641\u064a\u062f\u064b\u0627 \u064a\u0628\u0633\u0637 \u0623\u0639\u0645\u0627\u0644 \u0627\u0644\u0631\u064a \u0641\u064a \u062d\u062f\u064a\u0642\u062a\u0643 \u0648\u064a\u0648\u0641\u0631 \u0633\u0642\u064a\u064b\u0627 \u0645\u0646\u062a\u0638\u0645\u064b\u0627 \u0648\u0641\u0639\u0627\u0644\u0627\u064b \u0644\u0646\u0628\u0627\u062a\u0627\u062a\u0643.<\/p>","protected":false},"excerpt":{"rendered":"<p>FLOW KAZIKLI FISK\u0130YE FLOW Kaz\u0131kl\u0131 F\u0131skiye, bah\u00e7enizde bitkilerinizi sulamak i\u00e7in pratik bir \u00e7\u00f6z\u00fcm sunar. Kolay montaj\u0131 ve kullan\u0131m\u0131 ile dikkat \u00e7eker. \u00d6zellikler: Kolay Kurulum: Kaz\u0131k \u015feklindeki tasar\u0131m\u0131 sayesinde, f\u0131skiye h\u0131zl\u0131 ve kolay bir \u015fekilde topra\u011fa yerle\u015ftirilebilir. Herhangi bir ek ara\u00e7 veya ekipman gerektirmez. Ayarlama \u0130mkan\u0131: F\u0131skiye ba\u015fl\u0131\u011f\u0131 ayarlanabilir \u00f6zelliktedir, b\u00f6ylece su p\u00fcsk\u00fcrtme a\u00e7\u0131s\u0131n\u0131 ve mesafesini [&#8230;]\n","protected":false},"featured_media":13326,"comment_status":"open","ping_status":"closed","template":"","meta":{"jetpack_post_was_ever_published":false},"product_brand":[],"product_cat":[2347],"product_tag":[],"class_list":{"0":"post-13220","1":"product","2":"type-product","3":"status-publish","4":"has-post-thumbnail","6":"product_cat-bahce","8":"first","9":"instock","10":"taxable","11":"shipping-taxable","12":"product-type-simple"},"jetpack-related-posts":[],"jetpack_sharing_enabled":true,"jetpack_likes_enabled":true,"_links":{"self":[{"href":"https:\/\/tuzlahortum.com.tr\/ar\/wp-json\/wp\/v2\/product\/13220","targetHints":{"allow":["GET"]}}],"collection":[{"href":"https:\/\/tuzlahortum.com.tr\/ar\/wp-json\/wp\/v2\/product"}],"about":[{"href":"https:\/\/tuzlahortum.com.tr\/ar\/wp-json\/wp\/v2\/types\/product"}],"replies":[{"embeddable":true,"href":"https:\/\/tuzlahortum.com.tr\/ar\/wp-json\/wp\/v2\/comments?post=13220"}],"wp:featuredmedia":[{"embeddable":true,"href":"https:\/\/tuzlahortum.com.tr\/ar\/wp-json\/wp\/v2\/media\/13326"}],"wp:attachment":[{"href":"https:\/\/tuzlahortum.com.tr\/ar\/wp-json\/wp\/v2\/media?parent=13220"}],"wp:term":[{"taxonomy":"product_brand","embeddable":true,"href":"https:\/\/tuzlahortum.com.tr\/ar\/wp-json\/wp\/v2\/product_brand?post=13220"},{"taxonomy":"product_cat","embeddable":true,"href":"https:\/\/tuzlahortum.com.tr\/ar\/wp-json\/wp\/v2\/product_cat?post=13220"},{"taxonomy":"product_tag","embeddable":true,"href":"https:\/\/tuzlahortum.com.tr\/ar\/wp-json\/wp\/v2\/product_tag?post=13220"}],"curies":[{"name":"\u062f\u0628\u0644\u064a\u0648 \u0628\u064a","href":"https:\/\/api.w.org\/{rel}","templated":true}]}}