{"id":13109,"date":"2024-03-18T13:06:37","date_gmt":"2024-03-18T10:06:37","guid":{"rendered":"https:\/\/tuzlahortum.com.tr\/?post_type=product&#038;p=13109"},"modified":"2025-08-20T12:03:05","modified_gmt":"2025-08-20T09:03:05","slug":"11a-otomatik-akaryakit-tabancasi-3-4-ince","status":"publish","type":"product","link":"https:\/\/tuzlahortum.com.tr\/ar\/product\/11a-otomatik-akaryakit-tabancasi-3-4-ince\/","title":{"rendered":"\u0645\u0633\u062f\u0633 \u0648\u0642\u0648\u062f \u0631\u0641\u064a\u0639 \u0623\u0648\u062a\u0648\u0645\u0627\u062a\u064a\u0643\u064a 11 \u0623\u0645\u0628\u064a\u0631 \u2013 3\/4"},"content":{"rendered":"<h2>\u0645\u0633\u062f\u0633 \u0648\u0642\u0648\u062f \u0631\u0641\u064a\u0639 \u0623\u0648\u062a\u0648\u0645\u0627\u062a\u064a\u0643\u064a 11 \u0623\u0645\u0628\u064a\u0631 \u2013 3\/4<\/h2>\n<p>\u062a\u0645 \u062a\u0635\u0645\u064a\u0645 \u0645\u062d\u0637\u0627\u062a \u0627\u0644\u062e\u062f\u0645\u0629 \u0627\u0644\u0630\u0627\u062a\u064a\u0629 \u0623\u0648 \u0645\u062d\u0637\u0627\u062a \u0627\u0644\u062f\u0641\u0639 \u0627\u0644\u0645\u0633\u0628\u0642 \u0647\u0630\u0647\u060c \u0627\u0644\u062a\u064a \u062a\u062a\u0645\u064a\u0632 \u0628\u0645\u0628\u062f\u0623 \u062a\u0634\u063a\u064a\u0644 \u062d\u0633\u0627\u0633 \u0644\u0644\u0636\u063a\u0637\u060c \u0644\u062a\u0645\u0643\u064a\u0646 \u0627\u0644\u0645\u0633\u062a\u062e\u062f\u0645\u064a\u0646 \u0645\u0646 \u0634\u0631\u0627\u0621 \u0627\u0644\u0648\u0642\u0648\u062f \u0628\u0633\u0647\u0648\u0644\u0629 \u0648\u0643\u0641\u0627\u0621\u0629. \u0645\u0628\u062f\u0623 \u0627\u0644\u062a\u0634\u063a\u064a\u0644 \u0647\u0648 \u0623\u0646 \u0627\u0644\u0645\u0633\u062f\u0633 \u064a\u0639\u0645\u0644 \u0628\u0627\u0644\u0636\u063a\u0637 \u0648\u064a\u0637\u0644\u0642 \u0627\u0644\u0646\u0627\u0631 \u062a\u0644\u0642\u0627\u0626\u064a\u0627 \u0639\u0646\u062f \u0632\u0648\u0627\u0644 \u0627\u0644\u0636\u063a\u0637.<\/p>\n<p>\u062a\u0636\u0645\u0646 \u0645\u064a\u0632\u0629 \u0627\u0644\u0637\u0631\u062f \u0627\u0644\u062a\u0644\u0642\u0627\u0626\u064a \u0627\u0646\u0642\u0637\u0627\u0639 \u0627\u0644\u062a\u062f\u0641\u0642 \u0628\u0639\u062f \u0623\u0646 \u064a\u062d\u062f\u062f \u0627\u0644\u0645\u0633\u062a\u062e\u062f\u0645\u0648\u0646 \u0627\u0644\u0636\u063a\u0637 \u0627\u0644\u0645\u0637\u0644\u0648\u0628 \u0644\u0625\u0643\u0645\u0627\u0644 \u0627\u0644\u0639\u0645\u0644\u064a\u0629. \u0648\u0628\u0647\u0630\u0647 \u0627\u0644\u0637\u0631\u064a\u0642\u0629\u060c \u064a\u0645\u0643\u0646 \u0644\u0644\u0645\u0633\u062a\u062e\u062f\u0645\u064a\u0646 \u0625\u062c\u0631\u0627\u0621 \u0627\u0644\u0645\u0639\u0627\u0645\u0644\u0629 \u0628\u0634\u0643\u0644 \u0623\u0643\u062b\u0631 \u0623\u0645\u0627\u0646\u064b\u0627 \u0648\u0643\u0641\u0627\u0621\u0629.<\/p>\n<h3>\u062a\u062f\u0641\u0642 80 \u0644\u062a\u0631<\/h3>\n<p>\u0648\u062a\u0645 \u062a\u0635\u0645\u064a\u0645 \u0627\u0644\u0645\u062d\u0637\u0627\u062a \u0628\u062d\u064a\u062b \u062a\u0648\u0641\u0631 \u0645\u0639\u062f\u0644 \u062a\u062f\u0641\u0642 \u064a\u0635\u0644 \u0625\u0644\u0649 80 \u0644\u062a\u0631\u0627\u064b \u0641\u064a \u0627\u0644\u062f\u0642\u064a\u0642\u0629\u060c \u0645\u0645\u0627 \u064a\u062a\u064a\u062d \u0644\u0644\u0645\u0633\u062a\u062e\u062f\u0645\u064a\u0646 \u0627\u0644\u062d\u0635\u0648\u0644 \u0639\u0644\u0649 \u0627\u0644\u0648\u0642\u0648\u062f \u0628\u0633\u0631\u0639\u0629. \u062a\u062a\u0643\u064a\u0641 \u062e\u064a\u0627\u0631\u0627\u062a \u0627\u0644\u062e\u064a\u0637 BSP 3\/4 \u0628\u0648\u0635\u0629 \u0645\u0639 \u0645\u062a\u0637\u0644\u0628\u0627\u062a \u0627\u0644\u0627\u062a\u0635\u0627\u0644 \u0627\u0644\u0645\u062e\u062a\u0644\u0641\u0629.<\/p>\n<p>\u062a\u0639\u0645\u0644 \u0627\u0644\u0641\u062a\u062d\u0627\u062a \u0627\u0644\u062a\u064a \u064a\u062a\u0645 \u0641\u062a\u062d\u0647\u0627 \u0639\u0643\u0633 \u0627\u062a\u062c\u0627\u0647 \u0627\u0644\u062a\u062f\u0641\u0642 \u0639\u0644\u0649 \u062a\u0642\u0644\u064a\u0644 \u0627\u0644\u0642\u0637\u0631\u0627\u062a \u0648\u0627\u0644\u0627\u0646\u0633\u0643\u0627\u0628\u0627\u062a \u0628\u0639\u062f \u0627\u0644\u062e\u062f\u0645\u0629\u060c \u0648\u0628\u0627\u0644\u062a\u0627\u0644\u064a \u062a\u0638\u0644 \u0627\u0644\u0645\u062d\u0637\u0627\u062a \u0646\u0638\u064a\u0641\u0629 \u0648\u0645\u0631\u062a\u0628\u0629.<\/p>\n<h4>\u0623\u0644\u0648\u0627\u0646 \u0645\u062e\u062a\u0644\u0641\u0629<\/h4>\n<p>\u062a\u062a\u0643\u064a\u0641 \u062e\u064a\u0627\u0631\u0627\u062a \u0627\u0644\u0623\u0644\u0648\u0627\u0646 \u0627\u0644\u0645\u062e\u062a\u0644\u0641\u0629 \u0627\u0644\u0645\u062a\u0648\u0641\u0631\u0629 \u0639\u0644\u0649 \u063a\u0637\u0627\u0621 \u0627\u0644\u062c\u0633\u0645 \u0627\u0644\u0645\u0635\u0646\u0648\u0639 \u0645\u0646 \u0645\u0627\u062f\u0629 \u0627\u0644\u0628\u0648\u0644\u064a \u0623\u0645\u064a\u062f \u0645\u0639 \u062a\u0641\u0636\u064a\u0644\u0627\u062a \u0627\u0644\u0645\u0633\u062a\u062e\u062f\u0645\u064a\u0646 \u0648\u062a\u0635\u0645\u064a\u0645 \u0627\u0644\u0645\u062d\u0637\u0629. \u062a\u0634\u0645\u0644 \u0627\u0644\u0623\u0644\u0648\u0627\u0646 \u0627\u0644\u0642\u064a\u0627\u0633\u064a\u0629 \u0627\u0644\u0623\u0633\u0648\u062f \u0648\u0627\u0644\u0623\u062e\u0636\u0631 \u0648\u0627\u0644\u0623\u062d\u0645\u0631 \u0648\u0627\u0644\u0623\u0632\u0631\u0642 \u0648\u0627\u0644\u0623\u0635\u0641\u0631 \u0648\u0627\u0644\u0631\u0645\u0627\u062f\u064a.<\/p>\n<h3>.<\/h3>","protected":false},"excerpt":{"rendered":"<p>11A Otomatik \u0130nce Akaryak\u0131t Tabancas\u0131 &#8211; 3\/4 Bas\u0131nca duyarl\u0131 \u00e7al\u0131\u015fma prensibine sahip olan bu self servis veya \u00f6n \u00f6demeli istasyonlar, kullan\u0131c\u0131lar\u0131n kolay ve verimli bir \u015fekilde akaryak\u0131t almas\u0131n\u0131 sa\u011flamak i\u00e7in tasarlanm\u0131\u015ft\u0131r. \u0130\u015fleyi\u015f prensibi, tabancan\u0131n bas\u0131n\u00e7la \u00e7al\u0131\u015fmas\u0131 ve bas\u0131n\u00e7 ortadan kalkt\u0131\u011f\u0131nda otomatik olarak atmas\u0131 \u00fczerine kuruludur. Otomatik atma \u00f6zelli\u011fi, kullan\u0131c\u0131lar\u0131n i\u015flemi tamamlamas\u0131 i\u00e7in gerekli olan bas\u0131nc\u0131 [&#8230;]\n","protected":false},"featured_media":13111,"comment_status":"open","ping_status":"closed","template":"","meta":{"jetpack_post_was_ever_published":true},"product_brand":[],"product_cat":[2340,2343],"product_tag":[733,2346],"class_list":{"0":"post-13109","1":"product","2":"type-product","3":"status-publish","4":"has-post-thumbnail","6":"product_cat-akaryakit","7":"product_cat-akaryakit-tabacalari","8":"product_tag-akaryakit","9":"product_tag-fuel-transfer-pump","11":"first","12":"instock","13":"featured","14":"taxable","15":"shipping-taxable","16":"product-type-simple"},"jetpack-related-posts":[],"jetpack_sharing_enabled":true,"jetpack_likes_enabled":true,"_links":{"self":[{"href":"https:\/\/tuzlahortum.com.tr\/ar\/wp-json\/wp\/v2\/product\/13109","targetHints":{"allow":["GET"]}}],"collection":[{"href":"https:\/\/tuzlahortum.com.tr\/ar\/wp-json\/wp\/v2\/product"}],"about":[{"href":"https:\/\/tuzlahortum.com.tr\/ar\/wp-json\/wp\/v2\/types\/product"}],"replies":[{"embeddable":true,"href":"https:\/\/tuzlahortum.com.tr\/ar\/wp-json\/wp\/v2\/comments?post=13109"}],"wp:featuredmedia":[{"embeddable":true,"href":"https:\/\/tuzlahortum.com.tr\/ar\/wp-json\/wp\/v2\/media\/13111"}],"wp:attachment":[{"href":"https:\/\/tuzlahortum.com.tr\/ar\/wp-json\/wp\/v2\/media?parent=13109"}],"wp:term":[{"taxonomy":"product_brand","embeddable":true,"href":"https:\/\/tuzlahortum.com.tr\/ar\/wp-json\/wp\/v2\/product_brand?post=13109"},{"taxonomy":"product_cat","embeddable":true,"href":"https:\/\/tuzlahortum.com.tr\/ar\/wp-json\/wp\/v2\/product_cat?post=13109"},{"taxonomy":"product_tag","embeddable":true,"href":"https:\/\/tuzlahortum.com.tr\/ar\/wp-json\/wp\/v2\/product_tag?post=13109"}],"curies":[{"name":"\u062f\u0628\u0644\u064a\u0648 \u0628\u064a","href":"https:\/\/api.w.org\/{rel}","templated":true}]}}