{"id":13087,"date":"2024-03-16T19:38:30","date_gmt":"2024-03-16T16:38:30","guid":{"rendered":"https:\/\/tuzlahortum.com.tr\/?post_type=product&#038;p=13087"},"modified":"2024-03-29T17:31:34","modified_gmt":"2024-03-29T14:31:34","slug":"zva-breakaway-3-4-erkek","status":"publish","type":"product","link":"https:\/\/tuzlahortum.com.tr\/ar\/product\/zva-breakaway-3-4-erkek\/","title":{"rendered":"ZVA \u0628\u0631\u064a\u0643 \u0623\u0648\u0627\u064a 3\/4 \u0644\u0644\u0631\u062c\u0627\u0644"},"content":{"rendered":"<h2>ZVA \u0628\u0631\u064a\u0643 \u0623\u0648\u0627\u064a 3\/4 \u0644\u0644\u0631\u062c\u0627\u0644<\/h2>\n<p>\u064a\u0632\u064a\u062f \u0627\u0644\u062c\u0633\u0645 \u0648\u0627\u0644\u0623\u0642\u0648\u0627\u0633 \u0627\u0644\u0645\u0635\u0646\u0648\u0639\u0629 \u0645\u0646 \u0627\u0644\u0623\u0644\u0648\u0645\u0646\u064a\u0648\u0645 \u0627\u0644\u0645\u0635\u0628\u0648\u0628 \u0645\u0646 \u0645\u062a\u0627\u0646\u0629 \u0627\u0644\u0645\u062d\u0637\u0629 \u0648\u0637\u0648\u0644 \u0639\u0645\u0631\u0647\u0627. \u0625\u0646 \u0627\u0633\u062a\u062e\u062f\u0627\u0645 \u0627\u0644\u062d\u0644\u0642\u0627\u062a \u0627\u0644\u062f\u0627\u0626\u0631\u064a\u0629 \u0627\u0644\u0645\u0632\u062f\u0648\u062c\u0629 \u0644\u0644\u0625\u063a\u0644\u0627\u0642 \u0627\u0644\u0645\u062b\u0627\u0644\u064a \u064a\u0645\u0646\u0639 \u062a\u0633\u0631\u0628 \u0627\u0644\u0648\u0642\u0648\u062f \u0645\u0646 \u0627\u0644\u0645\u062d\u0637\u0629 \u0648\u064a\u0636\u0645\u0646 \u0627\u0644\u0633\u0644\u0627\u0645\u0629. \u0645\u062d\u0645\u0644 \u0627\u0644\u062a\u064a\u0641\u0644\u0648\u0646 \u0645\u0642\u0627\u0648\u0645 \u0644\u062c\u0645\u064a\u0639 \u0623\u0646\u0648\u0627\u0639 \u0627\u0644\u0648\u0642\u0648\u062f \u0648\u0644\u0647 \u0639\u0645\u0631 \u0637\u0648\u064a\u0644 \u0644\u0644\u0627\u0633\u062a\u062e\u062f\u0627\u0645 \u0627\u0644\u0645\u0633\u062a\u0645\u0631.<\/p>\n<p>\u0628\u0641\u0636\u0644 \u0627\u0644\u062d\u0644\u0648\u0644 \u0627\u0644\u0630\u0643\u064a\u0629 \u0648\u0627\u0644\u0639\u0645\u0644\u064a\u0629\u060c \u0641\u0625\u0646\u0647 \u064a\u0644\u063a\u064a \u0627\u0644\u062d\u0627\u062c\u0629 \u0625\u0644\u0649 \u062e\u0631\u0627\u0637\u064a\u0645 \u0642\u0635\u064a\u0631\u0629\u060c \u0628\u062d\u064a\u062b \u064a\u062a\u0645\u062a\u0639 \u0627\u0644\u0645\u0633\u062a\u062e\u062f\u0645\u0648\u0646 \u0628\u062a\u062c\u0631\u0628\u0629 \u0623\u0643\u062b\u0631 \u0631\u0627\u062d\u0629. \u0625\u0646\u0647 \u064a\u0648\u0641\u0631 \u062d\u0644\u0627\u064b \u0645\u062b\u0627\u0644\u064a\u064b\u0627 \u0644\u0644\u0645\u0636\u062e\u0627\u062a \u0627\u0644\u0623\u0633\u0637\u0648\u0627\u0646\u064a\u0629 \u0648\u064a\u0636\u0645\u0646 \u0627\u0644\u0633\u0644\u0627\u0645\u0629 \u0628\u0642\u064a\u0645\u0629 \u0643\u0633\u0631 \u062a\u062a\u0631\u0627\u0648\u062d \u0628\u064a\u0646 80 \u0648150 \u0643\u062c\u0645. \u064a\u0634\u064a\u0631 \u0648\u062c\u0648\u062f \u0636\u063a\u0637 \u0627\u062e\u062a\u0628\u0627\u0631 \u064a\u0628\u0644\u063a 4 \u0628\u0627\u0631 \u0625\u0644\u0649 \u0627\u0633\u062a\u062e\u062f\u0627\u0645 \u0645\u0648\u0627\u062f \u0639\u0627\u0644\u064a\u0629 \u0627\u0644\u062c\u0648\u062f\u0629 \u0648\u0625\u0639\u0637\u0627\u0621 \u0627\u0644\u0623\u0648\u0644\u0648\u064a\u0629 \u0644\u0644\u0645\u0648\u062b\u0648\u0642\u064a\u0629.<\/p>\n<p>\u0625\u0646\u0647 \u064a\u062c\u0630\u0628 \u0627\u0644\u0627\u0646\u062a\u0628\u0627\u0647 \u0628\u062a\u0635\u0645\u064a\u0645\u0647 \u0627\u0644\u0623\u0635\u0644\u064a \u0648\u0627\u0644\u0642\u062f\u0631\u0629 \u0639\u0644\u0649 \u0627\u0644\u062f\u0648\u0631\u0627\u0646 \u0628\u0633\u0647\u0648\u0644\u0629 360 \u062f\u0631\u062c\u0629 \u0639\u0644\u0649 \u0648\u0635\u0644\u0629 \u0627\u0644\u0628\u0646\u062f\u0642\u064a\u0629 \u0645\u0645\u0627 \u064a\u0648\u0641\u0631 \u0644\u0644\u0645\u0633\u062a\u062e\u062f\u0645\u064a\u0646 \u0645\u0631\u0648\u0646\u0629 \u0623\u0643\u0628\u0631 \u0623\u062b\u0646\u0627\u0621 \u0627\u0644\u062a\u0634\u063a\u064a\u0644. \u064a\u062a\u0645 \u062a\u0642\u062f\u064a\u0645 \u062e\u064a\u0627\u0631\u0627\u062a \u0646\u0648\u0639 \u0627\u0644\u062e\u064a\u0637 BSP 1 \u0644\u062a\u0644\u0628\u064a\u0629 \u0645\u062a\u0637\u0644\u0628\u0627\u062a \u0627\u0644\u0627\u062a\u0635\u0627\u0644 \u0627\u0644\u0645\u062e\u062a\u0644\u0641\u0629 \u0648\u0627\u0644\u062a\u0643\u064a\u0641 \u0645\u0639 \u0645\u062c\u0627\u0644\u0627\u062a \u0627\u0644\u0627\u0633\u062a\u062e\u062f\u0627\u0645 \u0627\u0644\u0645\u062e\u062a\u0644\u0641\u0629.<\/p>","protected":false},"excerpt":{"rendered":"<p>ZVA Breakaway 3\/4 Erkek Al\u00fcminyum d\u00f6k\u00fcm g\u00f6vde ve dirsekler, istasyonun dayan\u0131kl\u0131l\u0131\u011f\u0131n\u0131 ve uzun \u00f6m\u00fcrl\u00fcl\u00fc\u011f\u00fcn\u00fc art\u0131r\u0131r. M\u00fckemmel s\u0131zd\u0131rmazl\u0131k i\u00e7in \u00e7ift O-ring kullan\u0131m\u0131, istasyonun akaryak\u0131t ka\u00e7aklar\u0131n\u0131 \u00f6nler ve g\u00fcvenli\u011fi sa\u011flar. Teflon yataklama, her t\u00fcrl\u00fc akaryak\u0131ta dayan\u0131kl\u0131d\u0131r ve s\u00fcrekli kullan\u0131m i\u00e7in uzun \u00f6m\u00fcrl\u00fcd\u00fcr. Ak\u0131ll\u0131 ve pratik \u00e7\u00f6z\u00fcmler sayesinde k\u0131sa hortum ihtiyac\u0131n\u0131 giderir, b\u00f6ylece kullan\u0131c\u0131lar daha rahat bir deneyim [&#8230;]\n","protected":false},"featured_media":13120,"comment_status":"open","ping_status":"closed","template":"","meta":{"jetpack_post_was_ever_published":false},"product_brand":[],"product_cat":[2340,2342,2345],"product_tag":[],"class_list":{"0":"post-13087","1":"product","2":"type-product","3":"status-publish","4":"has-post-thumbnail","6":"product_cat-akaryakit","7":"product_cat-akaryakit-mafsallar","8":"product_cat-akaryakit-zva-urunler","10":"first","11":"instock","12":"featured","13":"taxable","14":"shipping-taxable","15":"product-type-simple"},"jetpack-related-posts":[],"jetpack_sharing_enabled":true,"jetpack_likes_enabled":true,"_links":{"self":[{"href":"https:\/\/tuzlahortum.com.tr\/ar\/wp-json\/wp\/v2\/product\/13087","targetHints":{"allow":["GET"]}}],"collection":[{"href":"https:\/\/tuzlahortum.com.tr\/ar\/wp-json\/wp\/v2\/product"}],"about":[{"href":"https:\/\/tuzlahortum.com.tr\/ar\/wp-json\/wp\/v2\/types\/product"}],"replies":[{"embeddable":true,"href":"https:\/\/tuzlahortum.com.tr\/ar\/wp-json\/wp\/v2\/comments?post=13087"}],"wp:featuredmedia":[{"embeddable":true,"href":"https:\/\/tuzlahortum.com.tr\/ar\/wp-json\/wp\/v2\/media\/13120"}],"wp:attachment":[{"href":"https:\/\/tuzlahortum.com.tr\/ar\/wp-json\/wp\/v2\/media?parent=13087"}],"wp:term":[{"taxonomy":"product_brand","embeddable":true,"href":"https:\/\/tuzlahortum.com.tr\/ar\/wp-json\/wp\/v2\/product_brand?post=13087"},{"taxonomy":"product_cat","embeddable":true,"href":"https:\/\/tuzlahortum.com.tr\/ar\/wp-json\/wp\/v2\/product_cat?post=13087"},{"taxonomy":"product_tag","embeddable":true,"href":"https:\/\/tuzlahortum.com.tr\/ar\/wp-json\/wp\/v2\/product_tag?post=13087"}],"curies":[{"name":"\u062f\u0628\u0644\u064a\u0648 \u0628\u064a","href":"https:\/\/api.w.org\/{rel}","templated":true}]}}