{"id":13086,"date":"2024-03-16T19:37:53","date_gmt":"2024-03-16T16:37:53","guid":{"rendered":"https:\/\/tuzlahortum.com.tr\/?post_type=product&#038;p=13086"},"modified":"2025-08-20T12:03:14","modified_gmt":"2025-08-20T09:03:14","slug":"zva-donusturucu-1-x-1","status":"publish","type":"product","link":"https:\/\/tuzlahortum.com.tr\/ar\/product\/zva-donusturucu-1-x-1\/","title":{"rendered":"\u0645\u062d\u0648\u0644 ZVA 1 \u0628\u0648\u0635\u0629 \u00d7 1 \u0628\u0648\u0635\u0629"},"content":{"rendered":"<h2>\u0645\u062d\u0648\u0644 ZVA 1 \u0628\u0648\u0635\u0629 \u00d7 1 \u0628\u0648\u0635\u0629<\/h2>","protected":false},"excerpt":{"rendered":"<p>\u0645\u062d\u0648\u0644 ZVA 1 \u0628\u0648\u0635\u0629 \u00d7 1 \u0628\u0648\u0635\u0629<\/p>","protected":false},"featured_media":13123,"comment_status":"open","ping_status":"closed","template":"","meta":{"jetpack_post_was_ever_published":false},"product_brand":[],"product_cat":[2340,2342,2345],"product_tag":[],"class_list":{"0":"post-13086","1":"product","2":"type-product","3":"status-publish","4":"has-post-thumbnail","6":"product_cat-akaryakit","7":"product_cat-akaryakit-mafsallar","8":"product_cat-akaryakit-zva-urunler","10":"first","11":"instock","12":"taxable","13":"shipping-taxable","14":"product-type-simple"},"jetpack-related-posts":[{"id":13085,"url":"https:\/\/tuzlahortum.com.tr\/ar\/product\/zva-donusturucu-3-4-x-1\/","url_meta":{"origin":13086,"position":0},"title":"\u0645\u062d\u0648\u0644 ZVA 3\/4 \u00d7 1 \u0628\u0648\u0635\u0629","author":"admin","date":"16 \u0645\u0627\u0631\u0633 2024","format":false,"excerpt":"ZVA D\u00f6n\u00fc\u015ft\u00fcr\u00fcc\u00fc 3\/4 x 1 Inch ZVA D\u00f6n\u00fc\u015ft\u00fcr\u00fcc\u00fc 3\/4 x 1 Inch","rel":"","context":"\u062a\u062f\u0648\u064a\u0646\u0629 \u0645\u0634\u0627\u0628\u0647\u0629","block_context":{"text":"\u062a\u062f\u0648\u064a\u0646\u0629 \u0645\u0634\u0627\u0628\u0647\u0629","link":""},"img":{"alt_text":"","src":"https:\/\/i0.wp.com\/tuzlahortum.com.tr\/wp-content\/uploads\/2024\/03\/ZVA_Donusturucu_1inchx3-4inch_1.jpg?fit=1200%2C1200&ssl=1&resize=350%2C200","width":350,"height":200,"srcset":"https:\/\/i0.wp.com\/tuzlahortum.com.tr\/wp-content\/uploads\/2024\/03\/ZVA_Donusturucu_1inchx3-4inch_1.jpg?fit=1200%2C1200&ssl=1&resize=350%2C200 1x, https:\/\/i0.wp.com\/tuzlahortum.com.tr\/wp-content\/uploads\/2024\/03\/ZVA_Donusturucu_1inchx3-4inch_1.jpg?fit=1200%2C1200&ssl=1&resize=525%2C300 1.5x, https:\/\/i0.wp.com\/tuzlahortum.com.tr\/wp-content\/uploads\/2024\/03\/ZVA_Donusturucu_1inchx3-4inch_1.jpg?fit=1200%2C1200&ssl=1&resize=700%2C400 2x, https:\/\/i0.wp.com\/tuzlahortum.com.tr\/wp-content\/uploads\/2024\/03\/ZVA_Donusturucu_1inchx3-4inch_1.jpg?fit=1200%2C1200&ssl=1&resize=1050%2C600 3x"},"classes":[]},{"id":13078,"url":"https:\/\/tuzlahortum.com.tr\/ar\/product\/1-x-25-mm-akaryakit-hortum-rekoru\/","url_meta":{"origin":13086,"position":1},"title":"\u062a\u0631\u0643\u064a\u0628 \u062e\u0631\u0637\u0648\u0645 \u0627\u0644\u0648\u0642\u0648\u062f 1 \u0628\u0648\u0635\u0629 \u00d7 25 \u0645\u0644\u0645","author":"admin","date":"16 \u0645\u0627\u0631\u0633 2024","format":false,"excerpt":"Akaryak\u0131t Hortum Rekoru 1 Inch x 25 mm Akaryak\u0131t Hortum Rekoru 1\" BSP x 25 mm \u00f6l\u00e7\u00fclerinde ba\u011flant\u0131. Yeniden kullan\u0131labilir akaryak\u0131t hortumu seti. NBR O-Halka ile sa\u011flanm\u0131\u015f s\u0131zd\u0131rmazl\u0131k \u00f6zelli\u011fi, krom kapl\u0131. Kaliteli ve dayan\u0131kl\u0131 malzemelerle \u00fcretilmi\u015f olan \u00fcr\u00fcnlerimiz, g\u00fcvenilirlik ve uzun \u00f6m\u00fcr i\u00e7in tasarlanm\u0131\u015ft\u0131r.\"","rel":"","context":"\u062a\u062f\u0648\u064a\u0646\u0629 \u0645\u0634\u0627\u0628\u0647\u0629","block_context":{"text":"\u062a\u062f\u0648\u064a\u0646\u0629 \u0645\u0634\u0627\u0628\u0647\u0629","link":""},"img":{"alt_text":"","src":"https:\/\/i0.wp.com\/tuzlahortum.com.tr\/wp-content\/uploads\/2024\/03\/Akaryakit_Hortum_Rekoru-1x25_2.jpg?fit=1200%2C1200&ssl=1&resize=350%2C200","width":350,"height":200,"srcset":"https:\/\/i0.wp.com\/tuzlahortum.com.tr\/wp-content\/uploads\/2024\/03\/Akaryakit_Hortum_Rekoru-1x25_2.jpg?fit=1200%2C1200&ssl=1&resize=350%2C200 1x, https:\/\/i0.wp.com\/tuzlahortum.com.tr\/wp-content\/uploads\/2024\/03\/Akaryakit_Hortum_Rekoru-1x25_2.jpg?fit=1200%2C1200&ssl=1&resize=525%2C300 1.5x, https:\/\/i0.wp.com\/tuzlahortum.com.tr\/wp-content\/uploads\/2024\/03\/Akaryakit_Hortum_Rekoru-1x25_2.jpg?fit=1200%2C1200&ssl=1&resize=700%2C400 2x, https:\/\/i0.wp.com\/tuzlahortum.com.tr\/wp-content\/uploads\/2024\/03\/Akaryakit_Hortum_Rekoru-1x25_2.jpg?fit=1200%2C1200&ssl=1&resize=1050%2C600 3x"},"classes":[]},{"id":13084,"url":"https:\/\/tuzlahortum.com.tr\/ar\/product\/zva-donusturucu-3-4-x-3-4\/","url_meta":{"origin":13086,"position":2},"title":"\u0645\u062d\u0648\u0644 ZVA 3\/4 \u00d7 3\/4","author":"admin","date":"16 \u0645\u0627\u0631\u0633 2024","format":false,"excerpt":"\u0645\u062d\u0648\u0644 ZVA 3\/4 \u00d7 3\/4","rel":"","context":"\u062a\u062f\u0648\u064a\u0646\u0629 \u0645\u0634\u0627\u0628\u0647\u0629","block_context":{"text":"\u062a\u062f\u0648\u064a\u0646\u0629 \u0645\u0634\u0627\u0628\u0647\u0629","link":""},"img":{"alt_text":"","src":"https:\/\/i0.wp.com\/tuzlahortum.com.tr\/wp-content\/uploads\/2024\/03\/ZVA_Donusturucu_3-4inch_1.jpg?fit=1200%2C1200&ssl=1&resize=350%2C200","width":350,"height":200,"srcset":"https:\/\/i0.wp.com\/tuzlahortum.com.tr\/wp-content\/uploads\/2024\/03\/ZVA_Donusturucu_3-4inch_1.jpg?fit=1200%2C1200&ssl=1&resize=350%2C200 1x, https:\/\/i0.wp.com\/tuzlahortum.com.tr\/wp-content\/uploads\/2024\/03\/ZVA_Donusturucu_3-4inch_1.jpg?fit=1200%2C1200&ssl=1&resize=525%2C300 1.5x, https:\/\/i0.wp.com\/tuzlahortum.com.tr\/wp-content\/uploads\/2024\/03\/ZVA_Donusturucu_3-4inch_1.jpg?fit=1200%2C1200&ssl=1&resize=700%2C400 2x, https:\/\/i0.wp.com\/tuzlahortum.com.tr\/wp-content\/uploads\/2024\/03\/ZVA_Donusturucu_3-4inch_1.jpg?fit=1200%2C1200&ssl=1&resize=1050%2C600 3x"},"classes":[]},{"id":13061,"url":"https:\/\/tuzlahortum.com.tr\/ar\/product\/7h-otomatik-akaryakit-tabancasi-1\/","url_meta":{"origin":13086,"position":3},"title":"\u0645\u0633\u062f\u0633 \u0648\u0642\u0648\u062f \u0623\u0648\u062a\u0648\u0645\u0627\u062a\u064a\u0643\u064a 7H 1 \u0628\u0648\u0635\u0629","author":"admin","date":"16 \u0645\u0627\u0631\u0633 2024","format":false,"excerpt":"\u0645\u0633\u062f\u0633 \u0648\u0642\u0648\u062f \u0623\u0648\u062a\u0648\u0645\u0627\u062a\u064a\u0643\u064a 7H 1 \u0628\u0648\u0635\u0629","rel":"","context":"\u062a\u062f\u0648\u064a\u0646\u0629 \u0645\u0634\u0627\u0628\u0647\u0629","block_context":{"text":"\u062a\u062f\u0648\u064a\u0646\u0629 \u0645\u0634\u0627\u0628\u0647\u0629","link":""},"img":{"alt_text":"","src":"https:\/\/i0.wp.com\/tuzlahortum.com.tr\/wp-content\/uploads\/2024\/03\/7h-1-Heavy-Duty-Auto-Truck-Nozzle.webp?fit=1200%2C1200&ssl=1&resize=350%2C200","width":350,"height":200,"srcset":"https:\/\/i0.wp.com\/tuzlahortum.com.tr\/wp-content\/uploads\/2024\/03\/7h-1-Heavy-Duty-Auto-Truck-Nozzle.webp?fit=1200%2C1200&ssl=1&resize=350%2C200 1x, https:\/\/i0.wp.com\/tuzlahortum.com.tr\/wp-content\/uploads\/2024\/03\/7h-1-Heavy-Duty-Auto-Truck-Nozzle.webp?fit=1200%2C1200&ssl=1&resize=525%2C300 1.5x, https:\/\/i0.wp.com\/tuzlahortum.com.tr\/wp-content\/uploads\/2024\/03\/7h-1-Heavy-Duty-Auto-Truck-Nozzle.webp?fit=1200%2C1200&ssl=1&resize=700%2C400 2x, https:\/\/i0.wp.com\/tuzlahortum.com.tr\/wp-content\/uploads\/2024\/03\/7h-1-Heavy-Duty-Auto-Truck-Nozzle.webp?fit=1200%2C1200&ssl=1&resize=1050%2C600 3x"},"classes":[]},{"id":13083,"url":"https:\/\/tuzlahortum.com.tr\/ar\/product\/tabanca-arkasi-duz-mafsal-1\/","url_meta":{"origin":13086,"position":4},"title":"\u0645\u0633\u062f\u0633 \u062e\u0644\u0641\u064a \u0642\u0627\u0628\u0644 \u0644\u0644\u0633\u062d\u0628 1 \u0628\u0648\u0635\u0629","author":"admin","date":"16 \u0645\u0627\u0631\u0633 2024","format":false,"excerpt":"\u0645\u0633\u062f\u0633 \u062e\u0644\u0641\u064a \u0642\u0627\u0628\u0644 \u0644\u0644\u0633\u062d\u0628 1 \u0628\u0648\u0635\u0629","rel":"","context":"\u062a\u062f\u0648\u064a\u0646\u0629 \u0645\u0634\u0627\u0628\u0647\u0629","block_context":{"text":"\u062a\u062f\u0648\u064a\u0646\u0629 \u0645\u0634\u0627\u0628\u0647\u0629","link":""},"img":{"alt_text":"","src":"https:\/\/i0.wp.com\/tuzlahortum.com.tr\/wp-content\/uploads\/2024\/03\/Tabanca_Arkasi_Duz_Mafsal_1inch_1.jpg?fit=1200%2C1200&ssl=1&resize=350%2C200","width":350,"height":200,"srcset":"https:\/\/i0.wp.com\/tuzlahortum.com.tr\/wp-content\/uploads\/2024\/03\/Tabanca_Arkasi_Duz_Mafsal_1inch_1.jpg?fit=1200%2C1200&ssl=1&resize=350%2C200 1x, https:\/\/i0.wp.com\/tuzlahortum.com.tr\/wp-content\/uploads\/2024\/03\/Tabanca_Arkasi_Duz_Mafsal_1inch_1.jpg?fit=1200%2C1200&ssl=1&resize=525%2C300 1.5x, https:\/\/i0.wp.com\/tuzlahortum.com.tr\/wp-content\/uploads\/2024\/03\/Tabanca_Arkasi_Duz_Mafsal_1inch_1.jpg?fit=1200%2C1200&ssl=1&resize=700%2C400 2x, https:\/\/i0.wp.com\/tuzlahortum.com.tr\/wp-content\/uploads\/2024\/03\/Tabanca_Arkasi_Duz_Mafsal_1inch_1.jpg?fit=1200%2C1200&ssl=1&resize=1050%2C600 3x"},"classes":[]},{"id":13066,"url":"https:\/\/tuzlahortum.com.tr\/ar\/product\/breakaway-1\/","url_meta":{"origin":13086,"position":5},"title":"\u0627\u0644\u0627\u0646\u0641\u0635\u0627\u0644\u064a\u0629 1 \u0628\u0648\u0635\u0629","author":"admin","date":"16 \u0645\u0627\u0631\u0633 2024","format":false,"excerpt":"Breakaway 1 Inch 1\"F x 1\"F Aluminyum G\u00f6vdeli Yak\u0131t Ba\u011flant\u0131 Noktas\u0131 Bu yak\u0131t ba\u011flant\u0131 noktas\u0131, g\u00fcvenilirlik ve dayan\u0131kl\u0131l\u0131k a\u00e7\u0131s\u0131ndan \u00fcst d\u00fczey performans sunar. Aluminyum g\u00f6vdesi, hafifli\u011fi ve dayan\u0131kl\u0131l\u0131\u011f\u0131 ile \u00f6ne \u00e7\u0131kar, b\u00f6ylece uzun \u00f6m\u00fcrl\u00fc bir kullan\u0131m sa\u011flar. S\u0131zd\u0131rmazl\u0131k i\u00e7in Viton Ring kullan\u0131l\u0131r, b\u00f6ylece g\u00fcvenli bir ba\u011flant\u0131 elde edilir. Bu, yak\u0131t\u2026","rel":"","context":"\u062a\u062f\u0648\u064a\u0646\u0629 \u0645\u0634\u0627\u0628\u0647\u0629","block_context":{"text":"\u062a\u062f\u0648\u064a\u0646\u0629 \u0645\u0634\u0627\u0628\u0647\u0629","link":""},"img":{"alt_text":"","src":"https:\/\/i0.wp.com\/tuzlahortum.com.tr\/wp-content\/uploads\/2024\/03\/Breakaway_1inch_2.jpg?fit=1200%2C1200&ssl=1&resize=350%2C200","width":350,"height":200,"srcset":"https:\/\/i0.wp.com\/tuzlahortum.com.tr\/wp-content\/uploads\/2024\/03\/Breakaway_1inch_2.jpg?fit=1200%2C1200&ssl=1&resize=350%2C200 1x, https:\/\/i0.wp.com\/tuzlahortum.com.tr\/wp-content\/uploads\/2024\/03\/Breakaway_1inch_2.jpg?fit=1200%2C1200&ssl=1&resize=525%2C300 1.5x, https:\/\/i0.wp.com\/tuzlahortum.com.tr\/wp-content\/uploads\/2024\/03\/Breakaway_1inch_2.jpg?fit=1200%2C1200&ssl=1&resize=700%2C400 2x, https:\/\/i0.wp.com\/tuzlahortum.com.tr\/wp-content\/uploads\/2024\/03\/Breakaway_1inch_2.jpg?fit=1200%2C1200&ssl=1&resize=1050%2C600 3x"},"classes":[]}],"jetpack_sharing_enabled":true,"jetpack_likes_enabled":true,"_links":{"self":[{"href":"https:\/\/tuzlahortum.com.tr\/ar\/wp-json\/wp\/v2\/product\/13086","targetHints":{"allow":["GET"]}}],"collection":[{"href":"https:\/\/tuzlahortum.com.tr\/ar\/wp-json\/wp\/v2\/product"}],"about":[{"href":"https:\/\/tuzlahortum.com.tr\/ar\/wp-json\/wp\/v2\/types\/product"}],"replies":[{"embeddable":true,"href":"https:\/\/tuzlahortum.com.tr\/ar\/wp-json\/wp\/v2\/comments?post=13086"}],"wp:featuredmedia":[{"embeddable":true,"href":"https:\/\/tuzlahortum.com.tr\/ar\/wp-json\/wp\/v2\/media\/13123"}],"wp:attachment":[{"href":"https:\/\/tuzlahortum.com.tr\/ar\/wp-json\/wp\/v2\/media?parent=13086"}],"wp:term":[{"taxonomy":"product_brand","embeddable":true,"href":"https:\/\/tuzlahortum.com.tr\/ar\/wp-json\/wp\/v2\/product_brand?post=13086"},{"taxonomy":"product_cat","embeddable":true,"href":"https:\/\/tuzlahortum.com.tr\/ar\/wp-json\/wp\/v2\/product_cat?post=13086"},{"taxonomy":"product_tag","embeddable":true,"href":"https:\/\/tuzlahortum.com.tr\/ar\/wp-json\/wp\/v2\/product_tag?post=13086"}],"curies":[{"name":"\u062f\u0628\u0644\u064a\u0648 \u0628\u064a","href":"https:\/\/api.w.org\/{rel}","templated":true}]}}