{"id":13081,"date":"2024-03-16T19:33:53","date_gmt":"2024-03-16T16:33:53","guid":{"rendered":"https:\/\/tuzlahortum.com.tr\/?post_type=product&#038;p=13081"},"modified":"2024-03-29T17:32:49","modified_gmt":"2024-03-29T14:32:49","slug":"c-mafsal-3-4","status":"publish","type":"product","link":"https:\/\/tuzlahortum.com.tr\/ar\/product\/c-mafsal-3-4\/","title":{"rendered":"\u0648\u0635\u0644\u0629 C 3\/4 \u0628\u0648\u0635\u0629"},"content":{"rendered":"<h2>\u0648\u0635\u0644\u0629 C 3\/4 \u0628\u0648\u0635\u0629<\/h2>\n<p>Bu tabanca, geni\u015f bir yak\u0131t yelpazesine uyum sa\u011flar ve \u00e7e\u015fitli akaryak\u0131t t\u00fcrlerinde kullan\u0131labilir. Dizel, benzin ve %10&#8217;a kadar etanol katk\u0131lar\u0131yla uyumlu olmas\u0131, istasyonun farkl\u0131 m\u00fc\u015fteri gereksinimlerini kar\u015f\u0131layabilmesini sa\u011flar.<\/p>\n<p>\u062a\u062a\u0643\u064a\u0641 \u062e\u064a\u0627\u0631\u0627\u062a \u062e\u064a\u0637 BSP 3\/4 \u0628\u0648\u0635\u0629 \u0645\u0639 \u0645\u062a\u0637\u0644\u0628\u0627\u062a \u0627\u0644\u0627\u062a\u0635\u0627\u0644 \u0627\u0644\u0645\u062e\u062a\u0644\u0641\u0629 \u0648\u064a\u0645\u0643\u0646 \u0623\u0646 \u062a\u062a\u0643\u064a\u0641 \u0645\u0639 \u0633\u064a\u0646\u0627\u0631\u064a\u0648\u0647\u0627\u062a \u0627\u0644\u062a\u062b\u0628\u064a\u062a \u0627\u0644\u0645\u062e\u062a\u0644\u0641\u0629.<\/p>\n<p>\u064a\u062a\u064a\u062d \u0639\u0645\u0644 \u0627\u0644\u0628\u0646\u062f\u0642\u064a\u0629 \u0627\u0644\u0633\u0647\u0644 \u0645\u0639 \u062d\u0631\u0643\u0629 \u0627\u0644\u0645\u062d\u0648\u0631 \u0627\u0644\u0645\u0632\u062f\u0648\u062c \u0644\u0644\u0645\u0633\u062a\u062e\u062f\u0645\u064a\u0646 \u0627\u0633\u062a\u062e\u062f\u0627\u0645 \u0627\u0644\u0645\u062d\u0637\u0629 \u0628\u0634\u0643\u0644 \u0623\u0643\u062b\u0631 \u0645\u0644\u0627\u0621\u0645\u0629 \u0648\u0643\u0641\u0627\u0621\u0629. \u062a\u0624\u062f\u064a \u0647\u0630\u0647 \u0627\u0644\u062d\u0631\u0643\u0629 \u0625\u0644\u0649 \u062a\u0642\u0644\u064a\u0644 \u062a\u0645\u062f\u062f \u0648\u0627\u0646\u062d\u0646\u0627\u0621 \u0627\u0644\u062e\u0631\u0637\u0648\u0645\u060c \u0645\u0645\u0627 \u064a\u0637\u064a\u0644 \u0639\u0645\u0631 \u0627\u0644\u062e\u0631\u0637\u0648\u0645 \u0648\u064a\u0642\u0644\u0644 \u062a\u0643\u0627\u0644\u064a\u0641 \u0627\u0644\u0635\u064a\u0627\u0646\u0629. \u062a\u062a\u064a\u062d \u0647\u0630\u0647 \u0627\u0644\u0645\u064a\u0632\u0629 \u0644\u0644\u0645\u0633\u062a\u062e\u062f\u0645\u064a\u0646 \u0627\u0633\u062a\u062e\u062f\u0627\u0645 \u0627\u0644\u0645\u062d\u0637\u0629 \u0644\u0641\u062a\u0631\u0629 \u0623\u0637\u0648\u0644 \u062f\u0648\u0646 \u0623\u064a \u0645\u0634\u0627\u0643\u0644<\/p>","protected":false},"excerpt":{"rendered":"<p>C Mafsal 3\/4 Inch Bu tabanca, geni\u015f bir yak\u0131t yelpazesine uyum sa\u011flar ve \u00e7e\u015fitli akaryak\u0131t t\u00fcrlerinde kullan\u0131labilir. Dizel, benzin ve %10&#8217;a kadar etanol katk\u0131lar\u0131yla uyumlu olmas\u0131, istasyonun farkl\u0131 m\u00fc\u015fteri gereksinimlerini kar\u015f\u0131layabilmesini sa\u011flar. BSP 3\/4&#8243; di\u015f se\u00e7enekleri, farkl\u0131 ba\u011flant\u0131 gereksinimlerine uyum sa\u011flar ve \u00e7e\u015fitli kurulum senaryolar\u0131na adapte olabilir. \u00c7ift eksen hareketiyle kolay tabanca hareketi, kullan\u0131c\u0131lar\u0131n istasyonu [&#8230;]\n","protected":false},"featured_media":13141,"comment_status":"open","ping_status":"closed","template":"","meta":{"jetpack_post_was_ever_published":false},"product_brand":[],"product_cat":[2340,2342],"product_tag":[],"class_list":{"0":"post-13081","1":"product","2":"type-product","3":"status-publish","4":"has-post-thumbnail","6":"product_cat-akaryakit","7":"product_cat-akaryakit-mafsallar","9":"first","10":"instock","11":"taxable","12":"shipping-taxable","13":"product-type-simple"},"jetpack-related-posts":[{"id":13080,"url":"https:\/\/tuzlahortum.com.tr\/ar\/product\/c-mafsal-1\/","url_meta":{"origin":13081,"position":0},"title":"\u0633\u064a \u0645\u0634\u062a\u0631\u0643 1 \u0628\u0648\u0635\u0629","author":"admin","date":"16 \u0645\u0627\u0631\u0633 2024","format":false,"excerpt":"C Mafsal 1 Inch Bu tabanca, geni\u015f bir yak\u0131t yelpazesine uyum sa\u011flar ve \u00e7e\u015fitli akaryak\u0131t t\u00fcrlerinde kullan\u0131labilir. Dizel, benzin ve %10'a kadar etanol katk\u0131lar\u0131yla uyumlu olmas\u0131, istasyonun farkl\u0131 m\u00fc\u015fteri gereksinimlerini kar\u015f\u0131layabilmesini sa\u011flar. BSP 1\" di\u015f se\u00e7enekleri, farkl\u0131 ba\u011flant\u0131 gereksinimlerine uyum sa\u011flar ve \u00e7e\u015fitli kurulum senaryolar\u0131na adapte olabilir. \u00c7ift eksen hareketiyle\u2026","rel":"","context":"\u062a\u062f\u0648\u064a\u0646\u0629 \u0645\u0634\u0627\u0628\u0647\u0629","block_context":{"text":"\u062a\u062f\u0648\u064a\u0646\u0629 \u0645\u0634\u0627\u0628\u0647\u0629","link":""},"img":{"alt_text":"","src":"https:\/\/i0.wp.com\/tuzlahortum.com.tr\/wp-content\/uploads\/2024\/03\/C_Mafsal_1inch_2.jpg?fit=1200%2C1200&ssl=1&resize=350%2C200","width":350,"height":200,"srcset":"https:\/\/i0.wp.com\/tuzlahortum.com.tr\/wp-content\/uploads\/2024\/03\/C_Mafsal_1inch_2.jpg?fit=1200%2C1200&ssl=1&resize=350%2C200 1x, https:\/\/i0.wp.com\/tuzlahortum.com.tr\/wp-content\/uploads\/2024\/03\/C_Mafsal_1inch_2.jpg?fit=1200%2C1200&ssl=1&resize=525%2C300 1.5x, https:\/\/i0.wp.com\/tuzlahortum.com.tr\/wp-content\/uploads\/2024\/03\/C_Mafsal_1inch_2.jpg?fit=1200%2C1200&ssl=1&resize=700%2C400 2x, https:\/\/i0.wp.com\/tuzlahortum.com.tr\/wp-content\/uploads\/2024\/03\/C_Mafsal_1inch_2.jpg?fit=1200%2C1200&ssl=1&resize=1050%2C600 3x"},"classes":[]},{"id":13071,"url":"https:\/\/tuzlahortum.com.tr\/ar\/product\/3-4-zva-kalin-tabanca-ucu\/","url_meta":{"origin":13081,"position":1},"title":"ZVA \u0637\u0631\u0641 \u0645\u0633\u062f\u0633 \u0633\u0645\u064a\u0643 3\/4","author":"admin","date":"16 \u0645\u0627\u0631\u0633 2024","format":false,"excerpt":"ZVA Kal\u0131n Tabanca Ucu 3\/4 Otomatik yak\u0131t kesme sistemi, istasyondan ayr\u0131ld\u0131ktan sonra ak\u0131\u015f\u0131 otomatik olarak durduran bir mekanizmad\u0131r. Bu sistem, kullan\u0131c\u0131n\u0131n i\u015flemi tamamlad\u0131ktan sonra yak\u0131t\u0131n akmas\u0131n\u0131 otomatik olarak keserek g\u00fcvenli\u011fi sa\u011flar. Dizel ve kur\u015funlu akaryak\u0131tta kullan\u0131ma uygun olmas\u0131, geni\u015f bir yak\u0131t yelpazesine uyum sa\u011flar. Bu \u00f6zellik, istasyonun farkl\u0131 yak\u0131t tipleri\u2026","rel":"","context":"\u062a\u062f\u0648\u064a\u0646\u0629 \u0645\u0634\u0627\u0628\u0647\u0629","block_context":{"text":"\u062a\u062f\u0648\u064a\u0646\u0629 \u0645\u0634\u0627\u0628\u0647\u0629","link":""},"img":{"alt_text":"","src":"https:\/\/i0.wp.com\/tuzlahortum.com.tr\/wp-content\/uploads\/2024\/03\/ZVA_Tabanca_Ucu_3.jpg?fit=1200%2C1199&ssl=1&resize=350%2C200","width":350,"height":200,"srcset":"https:\/\/i0.wp.com\/tuzlahortum.com.tr\/wp-content\/uploads\/2024\/03\/ZVA_Tabanca_Ucu_3.jpg?fit=1200%2C1199&ssl=1&resize=350%2C200 1x, https:\/\/i0.wp.com\/tuzlahortum.com.tr\/wp-content\/uploads\/2024\/03\/ZVA_Tabanca_Ucu_3.jpg?fit=1200%2C1199&ssl=1&resize=525%2C300 1.5x, https:\/\/i0.wp.com\/tuzlahortum.com.tr\/wp-content\/uploads\/2024\/03\/ZVA_Tabanca_Ucu_3.jpg?fit=1200%2C1199&ssl=1&resize=700%2C400 2x, https:\/\/i0.wp.com\/tuzlahortum.com.tr\/wp-content\/uploads\/2024\/03\/ZVA_Tabanca_Ucu_3.jpg?fit=1200%2C1199&ssl=1&resize=1050%2C600 3x"},"classes":[]},{"id":13072,"url":"https:\/\/tuzlahortum.com.tr\/ar\/product\/3-4-zva-ince-tabanca-ucu\/","url_meta":{"origin":13081,"position":2},"title":"ZVA \u0637\u0631\u0641 \u0645\u0633\u062f\u0633 \u0631\u0641\u064a\u0639 3\/4","author":"admin","date":"16 \u0645\u0627\u0631\u0633 2024","format":false,"excerpt":"ZVA \u0130nce Tabanca Ucu 3\/4 Otomatik yak\u0131t kesme sistemi, istasyondan ayr\u0131ld\u0131ktan sonra ak\u0131\u015f\u0131 otomatik olarak durduran bir mekanizmad\u0131r. Bu sistem, kullan\u0131c\u0131n\u0131n i\u015flemi tamamlad\u0131ktan sonra yak\u0131t\u0131n akmas\u0131n\u0131 otomatik olarak keserek g\u00fcvenli\u011fi sa\u011flar. Dizel ve kur\u015funlu akaryak\u0131tta kullan\u0131ma uygun olmas\u0131, geni\u015f bir yak\u0131t yelpazesine uyum sa\u011flar. Bu \u00f6zellik, istasyonun farkl\u0131 yak\u0131t tipleri\u2026","rel":"","context":"\u062a\u062f\u0648\u064a\u0646\u0629 \u0645\u0634\u0627\u0628\u0647\u0629","block_context":{"text":"\u062a\u062f\u0648\u064a\u0646\u0629 \u0645\u0634\u0627\u0628\u0647\u0629","link":""},"img":{"alt_text":"","src":"https:\/\/i0.wp.com\/tuzlahortum.com.tr\/wp-content\/uploads\/2024\/03\/ZVA_Tabanca_Ucu_2.jpg?fit=1200%2C1047&ssl=1&resize=350%2C200","width":350,"height":200,"srcset":"https:\/\/i0.wp.com\/tuzlahortum.com.tr\/wp-content\/uploads\/2024\/03\/ZVA_Tabanca_Ucu_2.jpg?fit=1200%2C1047&ssl=1&resize=350%2C200 1x, https:\/\/i0.wp.com\/tuzlahortum.com.tr\/wp-content\/uploads\/2024\/03\/ZVA_Tabanca_Ucu_2.jpg?fit=1200%2C1047&ssl=1&resize=525%2C300 1.5x, https:\/\/i0.wp.com\/tuzlahortum.com.tr\/wp-content\/uploads\/2024\/03\/ZVA_Tabanca_Ucu_2.jpg?fit=1200%2C1047&ssl=1&resize=700%2C400 2x, https:\/\/i0.wp.com\/tuzlahortum.com.tr\/wp-content\/uploads\/2024\/03\/ZVA_Tabanca_Ucu_2.jpg?fit=1200%2C1047&ssl=1&resize=1050%2C600 3x"},"classes":[]},{"id":13073,"url":"https:\/\/tuzlahortum.com.tr\/ar\/product\/3-4-zva-2-kalin-tabanca-ucu\/","url_meta":{"origin":13081,"position":3},"title":"ZVA 2 \u0637\u0631\u0641 \u0645\u0633\u062f\u0633 \u0633\u0645\u064a\u0643 3\/4","author":"admin","date":"16 \u0645\u0627\u0631\u0633 2024","format":false,"excerpt":"ZVA 2 Kal\u0131n Tabanca Ucu 3\/4 Otomatik yak\u0131t kesme sistemi, istasyondan ayr\u0131ld\u0131ktan sonra ak\u0131\u015f\u0131 otomatik olarak durduran bir mekanizmad\u0131r. Bu sistem, kullan\u0131c\u0131n\u0131n i\u015flemi tamamlad\u0131ktan sonra yak\u0131t\u0131n akmas\u0131n\u0131 otomatik olarak keserek g\u00fcvenli\u011fi sa\u011flar. Dizel ve kur\u015funlu akaryak\u0131tta kullan\u0131ma uygun olmas\u0131, geni\u015f bir yak\u0131t yelpazesine uyum sa\u011flar. Bu \u00f6zellik, istasyonun farkl\u0131 yak\u0131t\u2026","rel":"","context":"\u062a\u062f\u0648\u064a\u0646\u0629 \u0645\u0634\u0627\u0628\u0647\u0629","block_context":{"text":"\u062a\u062f\u0648\u064a\u0646\u0629 \u0645\u0634\u0627\u0628\u0647\u0629","link":""},"img":{"alt_text":"","src":"https:\/\/i0.wp.com\/tuzlahortum.com.tr\/wp-content\/uploads\/2024\/03\/ZVA2_Motorin_Tabanca_Ucu_3.jpg?fit=1200%2C1200&ssl=1&resize=350%2C200","width":350,"height":200,"srcset":"https:\/\/i0.wp.com\/tuzlahortum.com.tr\/wp-content\/uploads\/2024\/03\/ZVA2_Motorin_Tabanca_Ucu_3.jpg?fit=1200%2C1200&ssl=1&resize=350%2C200 1x, https:\/\/i0.wp.com\/tuzlahortum.com.tr\/wp-content\/uploads\/2024\/03\/ZVA2_Motorin_Tabanca_Ucu_3.jpg?fit=1200%2C1200&ssl=1&resize=525%2C300 1.5x, https:\/\/i0.wp.com\/tuzlahortum.com.tr\/wp-content\/uploads\/2024\/03\/ZVA2_Motorin_Tabanca_Ucu_3.jpg?fit=1200%2C1200&ssl=1&resize=700%2C400 2x, https:\/\/i0.wp.com\/tuzlahortum.com.tr\/wp-content\/uploads\/2024\/03\/ZVA2_Motorin_Tabanca_Ucu_3.jpg?fit=1200%2C1200&ssl=1&resize=1050%2C600 3x"},"classes":[]},{"id":13074,"url":"https:\/\/tuzlahortum.com.tr\/ar\/product\/3-4-zva-2-ince-tabanca-ucu\/","url_meta":{"origin":13081,"position":4},"title":"ZVA 2 \u0637\u0631\u0641 \u0645\u0633\u062f\u0633 \u0631\u0641\u064a\u0639 3\/4","author":"admin","date":"16 \u0645\u0627\u0631\u0633 2024","format":false,"excerpt":"ZVA 2 \u0130nce Tabanca Ucu 3\/4 Otomatik yak\u0131t kesme sistemi, kullan\u0131c\u0131lar\u0131n i\u015flemi tamamlad\u0131ktan sonra ak\u0131\u015f\u0131 otomatik olarak durduran bir mekanizmad\u0131r. Bu sistem, kullan\u0131c\u0131n\u0131n i\u015flemi tamamlad\u0131ktan sonra yak\u0131t ak\u0131\u015f\u0131n\u0131 otomatik olarak keserek g\u00fcvenli\u011fi art\u0131r\u0131r ve yak\u0131t s\u0131z\u0131nt\u0131lar\u0131n\u0131 minimize eder. Dizel ve kuru\u015funlu akaryak\u0131tta kullan\u0131ma uygun olmas\u0131, geni\u015f bir yak\u0131t yelpazesine uyum\u2026","rel":"","context":"\u062a\u062f\u0648\u064a\u0646\u0629 \u0645\u0634\u0627\u0628\u0647\u0629","block_context":{"text":"\u062a\u062f\u0648\u064a\u0646\u0629 \u0645\u0634\u0627\u0628\u0647\u0629","link":""},"img":{"alt_text":"","src":"https:\/\/i0.wp.com\/tuzlahortum.com.tr\/wp-content\/uploads\/2024\/03\/ZVA2_Benzin_Tabanca_Ucu_1.jpg?fit=1197%2C1200&ssl=1&resize=350%2C200","width":350,"height":200,"srcset":"https:\/\/i0.wp.com\/tuzlahortum.com.tr\/wp-content\/uploads\/2024\/03\/ZVA2_Benzin_Tabanca_Ucu_1.jpg?fit=1197%2C1200&ssl=1&resize=350%2C200 1x, https:\/\/i0.wp.com\/tuzlahortum.com.tr\/wp-content\/uploads\/2024\/03\/ZVA2_Benzin_Tabanca_Ucu_1.jpg?fit=1197%2C1200&ssl=1&resize=525%2C300 1.5x, https:\/\/i0.wp.com\/tuzlahortum.com.tr\/wp-content\/uploads\/2024\/03\/ZVA2_Benzin_Tabanca_Ucu_1.jpg?fit=1197%2C1200&ssl=1&resize=700%2C400 2x, https:\/\/i0.wp.com\/tuzlahortum.com.tr\/wp-content\/uploads\/2024\/03\/ZVA2_Benzin_Tabanca_Ucu_1.jpg?fit=1197%2C1200&ssl=1&resize=1050%2C600 3x"},"classes":[]},{"id":13087,"url":"https:\/\/tuzlahortum.com.tr\/ar\/product\/zva-breakaway-3-4-erkek\/","url_meta":{"origin":13081,"position":5},"title":"ZVA \u0628\u0631\u064a\u0643 \u0623\u0648\u0627\u064a 3\/4 \u0644\u0644\u0631\u062c\u0627\u0644","author":"admin","date":"16 \u0645\u0627\u0631\u0633 2024","format":false,"excerpt":"ZVA Breakaway 3\/4 Erkek Al\u00fcminyum d\u00f6k\u00fcm g\u00f6vde ve dirsekler, istasyonun dayan\u0131kl\u0131l\u0131\u011f\u0131n\u0131 ve uzun \u00f6m\u00fcrl\u00fcl\u00fc\u011f\u00fcn\u00fc art\u0131r\u0131r. M\u00fckemmel s\u0131zd\u0131rmazl\u0131k i\u00e7in \u00e7ift O-ring kullan\u0131m\u0131, istasyonun akaryak\u0131t ka\u00e7aklar\u0131n\u0131 \u00f6nler ve g\u00fcvenli\u011fi sa\u011flar. Teflon yataklama, her t\u00fcrl\u00fc akaryak\u0131ta dayan\u0131kl\u0131d\u0131r ve s\u00fcrekli kullan\u0131m i\u00e7in uzun \u00f6m\u00fcrl\u00fcd\u00fcr. Ak\u0131ll\u0131 ve pratik \u00e7\u00f6z\u00fcmler sayesinde k\u0131sa hortum ihtiyac\u0131n\u0131 giderir, b\u00f6ylece\u2026","rel":"","context":"\u062a\u062f\u0648\u064a\u0646\u0629 \u0645\u0634\u0627\u0628\u0647\u0629","block_context":{"text":"\u062a\u062f\u0648\u064a\u0646\u0629 \u0645\u0634\u0627\u0628\u0647\u0629","link":""},"img":{"alt_text":"","src":"https:\/\/i0.wp.com\/tuzlahortum.com.tr\/wp-content\/uploads\/2024\/03\/ZVA_Breakaway_Erkek_3-4inch_1.jpg?fit=1200%2C1200&ssl=1&resize=350%2C200","width":350,"height":200,"srcset":"https:\/\/i0.wp.com\/tuzlahortum.com.tr\/wp-content\/uploads\/2024\/03\/ZVA_Breakaway_Erkek_3-4inch_1.jpg?fit=1200%2C1200&ssl=1&resize=350%2C200 1x, https:\/\/i0.wp.com\/tuzlahortum.com.tr\/wp-content\/uploads\/2024\/03\/ZVA_Breakaway_Erkek_3-4inch_1.jpg?fit=1200%2C1200&ssl=1&resize=525%2C300 1.5x, https:\/\/i0.wp.com\/tuzlahortum.com.tr\/wp-content\/uploads\/2024\/03\/ZVA_Breakaway_Erkek_3-4inch_1.jpg?fit=1200%2C1200&ssl=1&resize=700%2C400 2x, https:\/\/i0.wp.com\/tuzlahortum.com.tr\/wp-content\/uploads\/2024\/03\/ZVA_Breakaway_Erkek_3-4inch_1.jpg?fit=1200%2C1200&ssl=1&resize=1050%2C600 3x"},"classes":[]}],"jetpack_sharing_enabled":true,"jetpack_likes_enabled":true,"_links":{"self":[{"href":"https:\/\/tuzlahortum.com.tr\/ar\/wp-json\/wp\/v2\/product\/13081","targetHints":{"allow":["GET"]}}],"collection":[{"href":"https:\/\/tuzlahortum.com.tr\/ar\/wp-json\/wp\/v2\/product"}],"about":[{"href":"https:\/\/tuzlahortum.com.tr\/ar\/wp-json\/wp\/v2\/types\/product"}],"replies":[{"embeddable":true,"href":"https:\/\/tuzlahortum.com.tr\/ar\/wp-json\/wp\/v2\/comments?post=13081"}],"wp:featuredmedia":[{"embeddable":true,"href":"https:\/\/tuzlahortum.com.tr\/ar\/wp-json\/wp\/v2\/media\/13141"}],"wp:attachment":[{"href":"https:\/\/tuzlahortum.com.tr\/ar\/wp-json\/wp\/v2\/media?parent=13081"}],"wp:term":[{"taxonomy":"product_brand","embeddable":true,"href":"https:\/\/tuzlahortum.com.tr\/ar\/wp-json\/wp\/v2\/product_brand?post=13081"},{"taxonomy":"product_cat","embeddable":true,"href":"https:\/\/tuzlahortum.com.tr\/ar\/wp-json\/wp\/v2\/product_cat?post=13081"},{"taxonomy":"product_tag","embeddable":true,"href":"https:\/\/tuzlahortum.com.tr\/ar\/wp-json\/wp\/v2\/product_tag?post=13081"}],"curies":[{"name":"\u062f\u0628\u0644\u064a\u0648 \u0628\u064a","href":"https:\/\/api.w.org\/{rel}","templated":true}]}}