{"id":13080,"date":"2024-03-16T19:33:43","date_gmt":"2024-03-16T16:33:43","guid":{"rendered":"https:\/\/tuzlahortum.com.tr\/?post_type=product&#038;p=13080"},"modified":"2024-03-29T17:32:57","modified_gmt":"2024-03-29T14:32:57","slug":"c-mafsal-1","status":"publish","type":"product","link":"https:\/\/tuzlahortum.com.tr\/ar\/product\/c-mafsal-1\/","title":{"rendered":"\u0633\u064a \u0645\u0634\u062a\u0631\u0643 1 \u0628\u0648\u0635\u0629"},"content":{"rendered":"<h2>\u0633\u064a \u0645\u0634\u062a\u0631\u0643 1 \u0628\u0648\u0635\u0629<\/h2>\n<p>Bu tabanca, geni\u015f bir yak\u0131t yelpazesine uyum sa\u011flar ve \u00e7e\u015fitli akaryak\u0131t t\u00fcrlerinde kullan\u0131labilir. Dizel, benzin ve %10&#8217;a kadar etanol katk\u0131lar\u0131yla uyumlu olmas\u0131, istasyonun farkl\u0131 m\u00fc\u015fteri gereksinimlerini kar\u015f\u0131layabilmesini sa\u011flar.<\/p>\n<p>\u062a\u062a\u0643\u064a\u0641 \u062e\u064a\u0627\u0631\u0627\u062a \u062e\u064a\u0637 BSP 1 \u0645\u0639 \u0645\u062a\u0637\u0644\u0628\u0627\u062a \u0627\u0644\u0627\u062a\u0635\u0627\u0644 \u0627\u0644\u0645\u062e\u062a\u0644\u0641\u0629 \u0648\u064a\u0645\u0643\u0646 \u0623\u0646 \u062a\u062a\u0643\u064a\u0641 \u0645\u0639 \u0633\u064a\u0646\u0627\u0631\u064a\u0648\u0647\u0627\u062a \u0627\u0644\u062a\u062b\u0628\u064a\u062a \u0627\u0644\u0645\u062e\u062a\u0644\u0641\u0629.<\/p>\n<p>\u064a\u062a\u064a\u062d \u0639\u0645\u0644 \u0627\u0644\u0628\u0646\u062f\u0642\u064a\u0629 \u0627\u0644\u0633\u0647\u0644 \u0645\u0639 \u062d\u0631\u0643\u0629 \u0627\u0644\u0645\u062d\u0648\u0631 \u0627\u0644\u0645\u0632\u062f\u0648\u062c \u0644\u0644\u0645\u0633\u062a\u062e\u062f\u0645\u064a\u0646 \u0627\u0633\u062a\u062e\u062f\u0627\u0645 \u0627\u0644\u0645\u062d\u0637\u0629 \u0628\u0634\u0643\u0644 \u0623\u0643\u062b\u0631 \u0645\u0644\u0627\u0621\u0645\u0629 \u0648\u0643\u0641\u0627\u0621\u0629. \u062a\u0624\u062f\u064a \u0647\u0630\u0647 \u0627\u0644\u062d\u0631\u0643\u0629 \u0625\u0644\u0649 \u062a\u0642\u0644\u064a\u0644 \u062a\u0645\u062f\u062f \u0648\u0627\u0646\u062d\u0646\u0627\u0621 \u0627\u0644\u062e\u0631\u0637\u0648\u0645\u060c \u0645\u0645\u0627 \u064a\u0637\u064a\u0644 \u0639\u0645\u0631 \u0627\u0644\u062e\u0631\u0637\u0648\u0645 \u0648\u064a\u0642\u0644\u0644 \u062a\u0643\u0627\u0644\u064a\u0641 \u0627\u0644\u0635\u064a\u0627\u0646\u0629. \u062a\u062a\u064a\u062d \u0647\u0630\u0647 \u0627\u0644\u0645\u064a\u0632\u0629 \u0644\u0644\u0645\u0633\u062a\u062e\u062f\u0645\u064a\u0646 \u0627\u0633\u062a\u062e\u062f\u0627\u0645 \u0627\u0644\u0645\u062d\u0637\u0629 \u0644\u0641\u062a\u0631\u0629 \u0623\u0637\u0648\u0644 \u062f\u0648\u0646 \u0623\u064a \u0645\u0634\u0627\u0643\u0644<\/p>","protected":false},"excerpt":{"rendered":"<p>C Mafsal 1 Inch Bu tabanca, geni\u015f bir yak\u0131t yelpazesine uyum sa\u011flar ve \u00e7e\u015fitli akaryak\u0131t t\u00fcrlerinde kullan\u0131labilir. Dizel, benzin ve %10&#8217;a kadar etanol katk\u0131lar\u0131yla uyumlu olmas\u0131, istasyonun farkl\u0131 m\u00fc\u015fteri gereksinimlerini kar\u015f\u0131layabilmesini sa\u011flar. BSP 1&#8243; di\u015f se\u00e7enekleri, farkl\u0131 ba\u011flant\u0131 gereksinimlerine uyum sa\u011flar ve \u00e7e\u015fitli kurulum senaryolar\u0131na adapte olabilir. \u00c7ift eksen hareketiyle kolay tabanca hareketi, kullan\u0131c\u0131lar\u0131n istasyonu [&#8230;]\n","protected":false},"featured_media":13145,"comment_status":"open","ping_status":"closed","template":"","meta":{"jetpack_post_was_ever_published":false},"product_brand":[],"product_cat":[2340,2342],"product_tag":[],"class_list":{"0":"post-13080","1":"product","2":"type-product","3":"status-publish","4":"has-post-thumbnail","6":"product_cat-akaryakit","7":"product_cat-akaryakit-mafsallar","9":"first","10":"instock","11":"featured","12":"taxable","13":"shipping-taxable","14":"product-type-simple"},"jetpack-related-posts":[],"jetpack_sharing_enabled":true,"jetpack_likes_enabled":true,"_links":{"self":[{"href":"https:\/\/tuzlahortum.com.tr\/ar\/wp-json\/wp\/v2\/product\/13080","targetHints":{"allow":["GET"]}}],"collection":[{"href":"https:\/\/tuzlahortum.com.tr\/ar\/wp-json\/wp\/v2\/product"}],"about":[{"href":"https:\/\/tuzlahortum.com.tr\/ar\/wp-json\/wp\/v2\/types\/product"}],"replies":[{"embeddable":true,"href":"https:\/\/tuzlahortum.com.tr\/ar\/wp-json\/wp\/v2\/comments?post=13080"}],"wp:featuredmedia":[{"embeddable":true,"href":"https:\/\/tuzlahortum.com.tr\/ar\/wp-json\/wp\/v2\/media\/13145"}],"wp:attachment":[{"href":"https:\/\/tuzlahortum.com.tr\/ar\/wp-json\/wp\/v2\/media?parent=13080"}],"wp:term":[{"taxonomy":"product_brand","embeddable":true,"href":"https:\/\/tuzlahortum.com.tr\/ar\/wp-json\/wp\/v2\/product_brand?post=13080"},{"taxonomy":"product_cat","embeddable":true,"href":"https:\/\/tuzlahortum.com.tr\/ar\/wp-json\/wp\/v2\/product_cat?post=13080"},{"taxonomy":"product_tag","embeddable":true,"href":"https:\/\/tuzlahortum.com.tr\/ar\/wp-json\/wp\/v2\/product_tag?post=13080"}],"curies":[{"name":"\u062f\u0628\u0644\u064a\u0648 \u0628\u064a","href":"https:\/\/api.w.org\/{rel}","templated":true}]}}