{"id":13079,"date":"2024-03-16T19:32:58","date_gmt":"2024-03-16T16:32:58","guid":{"rendered":"https:\/\/tuzlahortum.com.tr\/?post_type=product&#038;p=13079"},"modified":"2025-08-20T12:09:44","modified_gmt":"2025-08-20T09:09:44","slug":"tabanca-kilifi","status":"publish","type":"product","link":"https:\/\/tuzlahortum.com.tr\/ar\/product\/tabanca-kilifi\/","title":{"rendered":"\u0627\u0644\u062d\u0627\u0641\u0638\u0629"},"content":{"rendered":"<h2>\u0627\u0644\u062d\u0627\u0641\u0638\u0629<\/h2>\n<p>\u062d\u0627\u0641\u0638\u0627\u062a \u0645\u0633\u062f\u0633\u0627\u062a \u0627\u0644\u0648\u0642\u0648\u062f 11A \u0647\u064a \u062d\u0627\u0641\u0638\u0627\u062a \u062e\u0627\u0635\u0629 \u0645\u0635\u0645\u0645\u0629 \u0644\u062d\u0645\u0627\u064a\u0629 \u0648\u062d\u0645\u0644 \u0628\u0646\u0627\u062f\u0642 \u0645\u0646 \u0627\u0644\u0646\u0648\u0639 11A\u060c \u0648\u0627\u0644\u062a\u064a \u062a\u0633\u062a\u062e\u062f\u0645 \u0628\u0634\u0643\u0644 \u0639\u0627\u0645 \u0641\u064a \u0645\u062d\u0637\u0627\u062a \u0627\u0644\u0648\u0642\u0648\u062f. \u062a\u0639\u0645\u0644 \u0647\u0630\u0647 \u0627\u0644\u062d\u0627\u0641\u0638\u0627\u062a \u0639\u0644\u0649 \u062d\u0645\u0627\u064a\u0629 \u0627\u0644\u0623\u0633\u0644\u062d\u0629 \u0645\u0646 \u0627\u0644\u062a\u0623\u062b\u064a\u0631\u0627\u062a \u0627\u0644\u0628\u064a\u0626\u064a\u0629 \u0648\u062a\u0633\u0645\u062d \u0644\u0644\u0645\u0633\u062a\u062e\u062f\u0645\u064a\u0646 \u0628\u062d\u0645\u0644\u0647\u0627 \u0628\u0623\u0645\u0627\u0646. \u0628\u0627\u0644\u0625\u0636\u0627\u0641\u0629 \u0625\u0644\u0649 \u0630\u0644\u0643\u060c \u0641\u0625\u0646 \u0627\u0644\u062d\u0627\u0641\u0638\u0627\u062a \u0645\u0635\u0646\u0648\u0639\u0629 \u0645\u0646 \u0645\u0648\u0627\u062f \u0645\u062a\u064a\u0646\u0629 \u0645\u0635\u0645\u0645\u0629 \u0644\u0636\u0645\u0627\u0646 \u0637\u0648\u0644 \u0639\u0645\u0631 \u0627\u0644\u0645\u0633\u062f\u0633\u0627\u062a. \u062a\u0639\u062a\u0628\u0631 \u062d\u0627\u0641\u0638\u0627\u062a \u0627\u0644\u0623\u0633\u0644\u062d\u0629 \u062d\u0644\u0627\u064b \u0639\u0645\u0644\u064a\u064b\u0627 \u062d\u064a\u062b \u064a\u0645\u0643\u0646 \u0644\u0644\u0645\u0633\u062a\u062e\u062f\u0645\u064a\u0646 \u062a\u062e\u0632\u064a\u0646 \u0627\u0644\u0628\u0646\u062f\u0642\u064a\u0629 \u0648\u0627\u0644\u0648\u0635\u0648\u0644 \u0625\u0644\u064a\u0647\u0627 \u0628\u0623\u0645\u0627\u0646 \u0623\u062b\u0646\u0627\u0621 \u0627\u0644\u062a\u0634\u063a\u064a\u0644. \u062a\u0644\u0639\u0628 \u0647\u0630\u0647 \u0627\u0644\u0623\u063a\u0637\u064a\u0629 \u062f\u0648\u0631\u064b\u0627 \u0645\u0647\u0645\u064b\u0627 \u0641\u064a \u062a\u0634\u063a\u064a\u0644 \u0645\u062d\u0637\u0627\u062a \u0627\u0644\u0648\u0642\u0648\u062f \u0648\u062a\u0633\u0627\u0639\u062f \u0623\u0635\u062d\u0627\u0628 \u0627\u0644\u0623\u0639\u0645\u0627\u0644 \u0639\u0644\u0649 \u0636\u0645\u0627\u0646 \u0633\u0644\u0627\u0645\u0629 \u0627\u0644\u0645\u0633\u062a\u062e\u062f\u0645\u064a\u0646 \u0648\u0627\u0644\u0645\u0639\u062f\u0627\u062a.<\/p>","protected":false},"excerpt":{"rendered":"<p>Tabanca K\u0131l\u0131f\u0131 11A akaryak\u0131t tabanca k\u0131l\u0131flar\u0131, genellikle akaryak\u0131t istasyonlar\u0131nda kullan\u0131lan 11A tipi tabancalar\u0131n korunmas\u0131 ve ta\u015f\u0131nmas\u0131 i\u00e7in tasarlanm\u0131\u015f \u00f6zel k\u0131l\u0131flard\u0131r. Bu k\u0131l\u0131flar, tabancalar\u0131 \u00e7evresel etkilere kar\u015f\u0131 korurken, kullan\u0131c\u0131lar\u0131n g\u00fcvenli bir \u015fekilde ta\u015f\u0131mas\u0131n\u0131 sa\u011flar. Ayr\u0131ca k\u0131l\u0131flar, tabancalar\u0131n uzun \u00f6m\u00fcrl\u00fc olmas\u0131n\u0131 sa\u011flamak i\u00e7in tasarlanm\u0131\u015f dayan\u0131kl\u0131 malzemelerden \u00fcretilir. Tabanca k\u0131l\u0131flar\u0131, kullan\u0131c\u0131lar\u0131n i\u015flem s\u0131ras\u0131nda tabancay\u0131 g\u00fcvenli bir \u015fekilde saklayabilece\u011fi [&#8230;]\n","protected":false},"featured_media":13148,"comment_status":"open","ping_status":"closed","template":"","meta":[],"product_brand":[],"product_cat":[2340,2343],"product_tag":[],"class_list":{"0":"post-13079","1":"product","2":"type-product","3":"status-publish","4":"has-post-thumbnail","6":"product_cat-akaryakit","7":"product_cat-akaryakit-tabacalari","9":"first","10":"instock","11":"taxable","12":"shipping-taxable","13":"product-type-simple"},"jetpack-related-posts":[{"id":13109,"url":"https:\/\/tuzlahortum.com.tr\/ar\/product\/11a-otomatik-akaryakit-tabancasi-3-4-ince\/","url_meta":{"origin":13079,"position":0},"title":"\u0645\u0633\u062f\u0633 \u0648\u0642\u0648\u062f \u0631\u0641\u064a\u0639 \u0623\u0648\u062a\u0648\u0645\u0627\u062a\u064a\u0643\u064a 11 \u0623\u0645\u0628\u064a\u0631 \u2013 3\/4","author":"admin","date":"18 \u0645\u0627\u0631\u0633 2024","format":false,"excerpt":"11A Otomatik \u0130nce Akaryak\u0131t Tabancas\u0131 - 3\/4 Bas\u0131nca duyarl\u0131 \u00e7al\u0131\u015fma prensibine sahip olan bu self servis veya \u00f6n \u00f6demeli istasyonlar, kullan\u0131c\u0131lar\u0131n kolay ve verimli bir \u015fekilde akaryak\u0131t almas\u0131n\u0131 sa\u011flamak i\u00e7in tasarlanm\u0131\u015ft\u0131r. \u0130\u015fleyi\u015f prensibi, tabancan\u0131n bas\u0131n\u00e7la \u00e7al\u0131\u015fmas\u0131 ve bas\u0131n\u00e7 ortadan kalkt\u0131\u011f\u0131nda otomatik olarak atmas\u0131 \u00fczerine kuruludur. Otomatik atma \u00f6zelli\u011fi, kullan\u0131c\u0131lar\u0131n i\u015flemi\u2026","rel":"","context":"\u062a\u062f\u0648\u064a\u0646\u0629 \u0645\u0634\u0627\u0628\u0647\u0629","block_context":{"text":"\u062a\u062f\u0648\u064a\u0646\u0629 \u0645\u0634\u0627\u0628\u0647\u0629","link":""},"img":{"alt_text":"11A Otomatik","src":"https:\/\/i0.wp.com\/tuzlahortum.com.tr\/wp-content\/uploads\/2024\/03\/11A_Ince_Akaryakit_Tabanca_2.jpg?fit=1200%2C1200&ssl=1&resize=350%2C200","width":350,"height":200,"srcset":"https:\/\/i0.wp.com\/tuzlahortum.com.tr\/wp-content\/uploads\/2024\/03\/11A_Ince_Akaryakit_Tabanca_2.jpg?fit=1200%2C1200&ssl=1&resize=350%2C200 1x, https:\/\/i0.wp.com\/tuzlahortum.com.tr\/wp-content\/uploads\/2024\/03\/11A_Ince_Akaryakit_Tabanca_2.jpg?fit=1200%2C1200&ssl=1&resize=525%2C300 1.5x, https:\/\/i0.wp.com\/tuzlahortum.com.tr\/wp-content\/uploads\/2024\/03\/11A_Ince_Akaryakit_Tabanca_2.jpg?fit=1200%2C1200&ssl=1&resize=700%2C400 2x, https:\/\/i0.wp.com\/tuzlahortum.com.tr\/wp-content\/uploads\/2024\/03\/11A_Ince_Akaryakit_Tabanca_2.jpg?fit=1200%2C1200&ssl=1&resize=1050%2C600 3x"},"classes":[]},{"id":13069,"url":"https:\/\/tuzlahortum.com.tr\/ar\/product\/11a-ince-tabanca-ucu\/","url_meta":{"origin":13079,"position":1},"title":"11A \u0637\u0631\u0641 \u0627\u0644\u0628\u0646\u062f\u0642\u064a\u0629 \u0627\u0644\u062c\u0645\u064a\u0644\u0629","author":"admin","date":"16 \u0645\u0627\u0631\u0633 2024","format":false,"excerpt":"11A \u0130nce Tabanca Ucu Al\u00fcminyum boru ve zamak popet kafas\u0131, istasyonun hafif olmas\u0131n\u0131 sa\u011flar ve dayan\u0131kl\u0131 bir yap\u0131 sunar. Pirin\u00e7 popet yata\u011f\u0131, istasyonun uzun \u00f6m\u00fcrl\u00fc olmas\u0131n\u0131 sa\u011flar ve sorunsuz \u00e7al\u0131\u015fmas\u0131n\u0131 destekler. Otomatik yak\u0131t kesme sistemi, kullan\u0131c\u0131n\u0131n istasyondan ayr\u0131ld\u0131ktan sonra ak\u0131\u015f\u0131 otomatik olarak durdurarak g\u00fcvenli\u011fi art\u0131r\u0131r. Bu sistem, yak\u0131t s\u0131z\u0131nt\u0131lar\u0131n\u0131 ve\u2026","rel":"","context":"\u062a\u062f\u0648\u064a\u0646\u0629 \u0645\u0634\u0627\u0628\u0647\u0629","block_context":{"text":"\u062a\u062f\u0648\u064a\u0646\u0629 \u0645\u0634\u0627\u0628\u0647\u0629","link":""},"img":{"alt_text":"","src":"https:\/\/i0.wp.com\/tuzlahortum.com.tr\/wp-content\/uploads\/2024\/03\/11A_Ince_Tabanca_Ucu_3.jpg?fit=1200%2C1200&ssl=1&resize=350%2C200","width":350,"height":200,"srcset":"https:\/\/i0.wp.com\/tuzlahortum.com.tr\/wp-content\/uploads\/2024\/03\/11A_Ince_Tabanca_Ucu_3.jpg?fit=1200%2C1200&ssl=1&resize=350%2C200 1x, https:\/\/i0.wp.com\/tuzlahortum.com.tr\/wp-content\/uploads\/2024\/03\/11A_Ince_Tabanca_Ucu_3.jpg?fit=1200%2C1200&ssl=1&resize=525%2C300 1.5x, https:\/\/i0.wp.com\/tuzlahortum.com.tr\/wp-content\/uploads\/2024\/03\/11A_Ince_Tabanca_Ucu_3.jpg?fit=1200%2C1200&ssl=1&resize=700%2C400 2x, https:\/\/i0.wp.com\/tuzlahortum.com.tr\/wp-content\/uploads\/2024\/03\/11A_Ince_Tabanca_Ucu_3.jpg?fit=1200%2C1200&ssl=1&resize=1050%2C600 3x"},"classes":[]},{"id":13070,"url":"https:\/\/tuzlahortum.com.tr\/ar\/product\/11a-kalin-tabanca-ucu\/","url_meta":{"origin":13079,"position":2},"title":"\u0637\u0631\u0641 \u0628\u0646\u062f\u0642\u064a\u0629 \u0633\u0645\u064a\u0643 11A","author":"admin","date":"16 \u0645\u0627\u0631\u0633 2024","format":false,"excerpt":"11A Kal\u0131n Tabanca Ucu ChatGPT Al\u00fcminyum boru ve zamak popet kafas\u0131, istasyonun hafif olmas\u0131n\u0131 sa\u011flar ve dayan\u0131kl\u0131 bir yap\u0131 sunar. Pirin\u00e7 popet yata\u011f\u0131, istasyonun uzun \u00f6m\u00fcrl\u00fc olmas\u0131n\u0131 sa\u011flar ve sorunsuz \u00e7al\u0131\u015fmas\u0131n\u0131 destekler. Otomatik yak\u0131t kesme sistemi, kullan\u0131c\u0131n\u0131n istasyondan ayr\u0131ld\u0131ktan sonra ak\u0131\u015f\u0131 otomatik olarak durdurarak g\u00fcvenli\u011fi art\u0131r\u0131r. Bu sistem, yak\u0131t s\u0131z\u0131nt\u0131lar\u0131n\u0131\u2026","rel":"","context":"\u062a\u062f\u0648\u064a\u0646\u0629 \u0645\u0634\u0627\u0628\u0647\u0629","block_context":{"text":"\u062a\u062f\u0648\u064a\u0646\u0629 \u0645\u0634\u0627\u0628\u0647\u0629","link":""},"img":{"alt_text":"","src":"https:\/\/i0.wp.com\/tuzlahortum.com.tr\/wp-content\/uploads\/2024\/03\/11A_Kalin_Tabanca_Ucu_3.jpg?fit=1200%2C1200&ssl=1&resize=350%2C200","width":350,"height":200,"srcset":"https:\/\/i0.wp.com\/tuzlahortum.com.tr\/wp-content\/uploads\/2024\/03\/11A_Kalin_Tabanca_Ucu_3.jpg?fit=1200%2C1200&ssl=1&resize=350%2C200 1x, https:\/\/i0.wp.com\/tuzlahortum.com.tr\/wp-content\/uploads\/2024\/03\/11A_Kalin_Tabanca_Ucu_3.jpg?fit=1200%2C1200&ssl=1&resize=525%2C300 1.5x, https:\/\/i0.wp.com\/tuzlahortum.com.tr\/wp-content\/uploads\/2024\/03\/11A_Kalin_Tabanca_Ucu_3.jpg?fit=1200%2C1200&ssl=1&resize=700%2C400 2x, https:\/\/i0.wp.com\/tuzlahortum.com.tr\/wp-content\/uploads\/2024\/03\/11A_Kalin_Tabanca_Ucu_3.jpg?fit=1200%2C1200&ssl=1&resize=1050%2C600 3x"},"classes":[]},{"id":13075,"url":"https:\/\/tuzlahortum.com.tr\/ar\/product\/3-4-zva-akaryakit-tabancasi\/","url_meta":{"origin":13079,"position":3},"title":"\u0645\u0633\u062f\u0633 \u0648\u0642\u0648\u062f ZVA 3\/4","author":"admin","date":"16 \u0645\u0627\u0631\u0633 2024","format":false,"excerpt":"ZVA Akaryak\u0131t Tabancas\u0131 3\/4 3\/4 ZVA Akaryak\u0131t Tabancas\u0131 ZVA Akaryak\u0131t tabancas\u0131, kullan\u0131c\u0131lara kolay ve g\u00fcvenli bir \u015fekilde akaryak\u0131t dolumu yapmalar\u0131n\u0131 sa\u011flayan \u00f6nemli bir ekipmand\u0131r. A\u015fa\u011f\u0131daki \u00f6zellikler \u00f6ne \u00e7\u0131kmaktad\u0131r: FlowLock Sistemi: Standart benzin ve bio yak\u0131tlarda kullan\u0131labilen bir tabanca, ara\u00e7 deposundan d\u00fc\u015fme veya yukar\u0131 kald\u0131r\u0131lmas\u0131 durumunda otomatik yak\u0131t kesme \u00f6zelli\u011fine sahiptir.\u2026","rel":"","context":"\u062a\u062f\u0648\u064a\u0646\u0629 \u0645\u0634\u0627\u0628\u0647\u0629","block_context":{"text":"\u062a\u062f\u0648\u064a\u0646\u0629 \u0645\u0634\u0627\u0628\u0647\u0629","link":""},"img":{"alt_text":"","src":"https:\/\/i0.wp.com\/tuzlahortum.com.tr\/wp-content\/uploads\/2024\/03\/ZVA_Akaryakit_Tabanca_3.jpg?fit=1199%2C1200&ssl=1&resize=350%2C200","width":350,"height":200,"srcset":"https:\/\/i0.wp.com\/tuzlahortum.com.tr\/wp-content\/uploads\/2024\/03\/ZVA_Akaryakit_Tabanca_3.jpg?fit=1199%2C1200&ssl=1&resize=350%2C200 1x, https:\/\/i0.wp.com\/tuzlahortum.com.tr\/wp-content\/uploads\/2024\/03\/ZVA_Akaryakit_Tabanca_3.jpg?fit=1199%2C1200&ssl=1&resize=525%2C300 1.5x, https:\/\/i0.wp.com\/tuzlahortum.com.tr\/wp-content\/uploads\/2024\/03\/ZVA_Akaryakit_Tabanca_3.jpg?fit=1199%2C1200&ssl=1&resize=700%2C400 2x, https:\/\/i0.wp.com\/tuzlahortum.com.tr\/wp-content\/uploads\/2024\/03\/ZVA_Akaryakit_Tabanca_3.jpg?fit=1199%2C1200&ssl=1&resize=1050%2C600 3x"},"classes":[]},{"id":13242,"url":"https:\/\/tuzlahortum.com.tr\/ar\/product\/flow-eko-bahce-sulama-tabancasi-seti\/","url_meta":{"origin":13079,"position":4},"title":"\u0645\u062c\u0645\u0648\u0639\u0629 \u0645\u0633\u062f\u0633 \u0645\u064a\u0627\u0647 \u0641\u0644\u0648 \u0625\u064a\u0643\u0648 \u062c\u0627\u0631\u062f\u0646","author":"admin","date":"28 \u0645\u0627\u0631\u0633 2024","format":false,"excerpt":"FLOW EKO BAH\u00c7E SULAMA TABANCASI SET\u0130 Bah\u00e7e sulama ihtiya\u00e7lar\u0131n\u0131z\u0131 kar\u015f\u0131lamak i\u00e7in tasarlanan FLOW EKO Bah\u00e7e Sulama Nozul Seti, pratik ve etkili bir sulama \u00e7\u00f6z\u00fcm\u00fc sunar. Set, bir tabanca, iki hortum g\u00f6vde ve bir di\u015fi u\u00e7 olmak \u00fczere toplamda d\u00f6rt par\u00e7adan olu\u015fur. \u00d6zellikler: Tabanca: Setin bir par\u00e7as\u0131 olan tabanca, farkl\u0131 sulama\u2026","rel":"","context":"\u062a\u062f\u0648\u064a\u0646\u0629 \u0645\u0634\u0627\u0628\u0647\u0629","block_context":{"text":"\u062a\u062f\u0648\u064a\u0646\u0629 \u0645\u0634\u0627\u0628\u0647\u0629","link":""},"img":{"alt_text":"","src":"https:\/\/i0.wp.com\/tuzlahortum.com.tr\/wp-content\/uploads\/2024\/03\/bahce_tabanca_seti_2.jpg?fit=800%2C800&ssl=1&resize=350%2C200","width":350,"height":200,"srcset":"https:\/\/i0.wp.com\/tuzlahortum.com.tr\/wp-content\/uploads\/2024\/03\/bahce_tabanca_seti_2.jpg?fit=800%2C800&ssl=1&resize=350%2C200 1x, https:\/\/i0.wp.com\/tuzlahortum.com.tr\/wp-content\/uploads\/2024\/03\/bahce_tabanca_seti_2.jpg?fit=800%2C800&ssl=1&resize=525%2C300 1.5x, https:\/\/i0.wp.com\/tuzlahortum.com.tr\/wp-content\/uploads\/2024\/03\/bahce_tabanca_seti_2.jpg?fit=800%2C800&ssl=1&resize=700%2C400 2x"},"classes":[]},{"id":13080,"url":"https:\/\/tuzlahortum.com.tr\/ar\/product\/c-mafsal-1\/","url_meta":{"origin":13079,"position":5},"title":"\u0633\u064a \u0645\u0634\u062a\u0631\u0643 1 \u0628\u0648\u0635\u0629","author":"admin","date":"16 \u0645\u0627\u0631\u0633 2024","format":false,"excerpt":"C Mafsal 1 Inch Bu tabanca, geni\u015f bir yak\u0131t yelpazesine uyum sa\u011flar ve \u00e7e\u015fitli akaryak\u0131t t\u00fcrlerinde kullan\u0131labilir. Dizel, benzin ve %10'a kadar etanol katk\u0131lar\u0131yla uyumlu olmas\u0131, istasyonun farkl\u0131 m\u00fc\u015fteri gereksinimlerini kar\u015f\u0131layabilmesini sa\u011flar. BSP 1\" di\u015f se\u00e7enekleri, farkl\u0131 ba\u011flant\u0131 gereksinimlerine uyum sa\u011flar ve \u00e7e\u015fitli kurulum senaryolar\u0131na adapte olabilir. \u00c7ift eksen hareketiyle\u2026","rel":"","context":"\u062a\u062f\u0648\u064a\u0646\u0629 \u0645\u0634\u0627\u0628\u0647\u0629","block_context":{"text":"\u062a\u062f\u0648\u064a\u0646\u0629 \u0645\u0634\u0627\u0628\u0647\u0629","link":""},"img":{"alt_text":"","src":"https:\/\/i0.wp.com\/tuzlahortum.com.tr\/wp-content\/uploads\/2024\/03\/C_Mafsal_1inch_2.jpg?fit=1200%2C1200&ssl=1&resize=350%2C200","width":350,"height":200,"srcset":"https:\/\/i0.wp.com\/tuzlahortum.com.tr\/wp-content\/uploads\/2024\/03\/C_Mafsal_1inch_2.jpg?fit=1200%2C1200&ssl=1&resize=350%2C200 1x, https:\/\/i0.wp.com\/tuzlahortum.com.tr\/wp-content\/uploads\/2024\/03\/C_Mafsal_1inch_2.jpg?fit=1200%2C1200&ssl=1&resize=525%2C300 1.5x, https:\/\/i0.wp.com\/tuzlahortum.com.tr\/wp-content\/uploads\/2024\/03\/C_Mafsal_1inch_2.jpg?fit=1200%2C1200&ssl=1&resize=700%2C400 2x, https:\/\/i0.wp.com\/tuzlahortum.com.tr\/wp-content\/uploads\/2024\/03\/C_Mafsal_1inch_2.jpg?fit=1200%2C1200&ssl=1&resize=1050%2C600 3x"},"classes":[]}],"jetpack_sharing_enabled":true,"jetpack_likes_enabled":true,"_links":{"self":[{"href":"https:\/\/tuzlahortum.com.tr\/ar\/wp-json\/wp\/v2\/product\/13079","targetHints":{"allow":["GET"]}}],"collection":[{"href":"https:\/\/tuzlahortum.com.tr\/ar\/wp-json\/wp\/v2\/product"}],"about":[{"href":"https:\/\/tuzlahortum.com.tr\/ar\/wp-json\/wp\/v2\/types\/product"}],"replies":[{"embeddable":true,"href":"https:\/\/tuzlahortum.com.tr\/ar\/wp-json\/wp\/v2\/comments?post=13079"}],"wp:featuredmedia":[{"embeddable":true,"href":"https:\/\/tuzlahortum.com.tr\/ar\/wp-json\/wp\/v2\/media\/13148"}],"wp:attachment":[{"href":"https:\/\/tuzlahortum.com.tr\/ar\/wp-json\/wp\/v2\/media?parent=13079"}],"wp:term":[{"taxonomy":"product_brand","embeddable":true,"href":"https:\/\/tuzlahortum.com.tr\/ar\/wp-json\/wp\/v2\/product_brand?post=13079"},{"taxonomy":"product_cat","embeddable":true,"href":"https:\/\/tuzlahortum.com.tr\/ar\/wp-json\/wp\/v2\/product_cat?post=13079"},{"taxonomy":"product_tag","embeddable":true,"href":"https:\/\/tuzlahortum.com.tr\/ar\/wp-json\/wp\/v2\/product_tag?post=13079"}],"curies":[{"name":"\u062f\u0628\u0644\u064a\u0648 \u0628\u064a","href":"https:\/\/api.w.org\/{rel}","templated":true}]}}