{"id":13076,"date":"2024-03-16T19:29:42","date_gmt":"2024-03-16T16:29:42","guid":{"rendered":"https:\/\/tuzlahortum.com.tr\/?post_type=product&#038;p=13076"},"modified":"2025-08-20T12:09:58","modified_gmt":"2025-08-20T09:09:58","slug":"3-4-x-16-mm-akaryakit-hortum-rekoru","status":"publish","type":"product","link":"https:\/\/tuzlahortum.com.tr\/ar\/product\/3-4-x-16-mm-akaryakit-hortum-rekoru\/","title":{"rendered":"\u062a\u0631\u0643\u064a\u0628 \u062e\u0631\u0637\u0648\u0645 \u0627\u0644\u0648\u0642\u0648\u062f 3\/4 \u00d7 16 \u0645\u0644\u0645"},"content":{"rendered":"<h2>\u062a\u0631\u0643\u064a\u0628 \u062e\u0631\u0637\u0648\u0645 \u0627\u0644\u0648\u0642\u0648\u062f 3\/4 \u00d7 16 \u0645\u0644\u0645<\/h2>\n<ul>\n<li>\u0642\u064a\u0627\u0633 \u0627\u0644\u062a\u0648\u0635\u064a\u0644 3\/4\u2033 BSP \u00d7 16 \u0645\u0645.<\/li>\n<li>\u0645\u062c\u0645\u0648\u0639\u0629 \u062e\u0631\u0637\u0648\u0645 \u0627\u0644\u0648\u0642\u0648\u062f \u0627\u0644\u0642\u0627\u0628\u0644\u0629 \u0644\u0625\u0639\u0627\u062f\u0629 \u0627\u0644\u0627\u0633\u062a\u062e\u062f\u0627\u0645.<\/li>\n<li>\u0645\u064a\u0632\u0629 \u0627\u0644\u062e\u062a\u0645 \u0627\u0644\u0645\u0642\u062f\u0645\u0629 \u0645\u0646 NBR O-Ring\u060c \u0645\u0637\u0644\u064a\u0629 \u0628\u0627\u0644\u0643\u0631\u0648\u0645.<\/li>\n<\/ul>\n<p>&quot;\u0645\u0646\u062a\u062c\u0627\u062a\u0646\u0627 \u0645\u0635\u0646\u0648\u0639\u0629 \u0645\u0646 \u0645\u0648\u0627\u062f \u0639\u0627\u0644\u064a\u0629 \u0627\u0644\u062c\u0648\u062f\u0629 \u0648\u0645\u062a\u064a\u0646\u0629\u060c \u0648\u0642\u062f \u062a\u0645 \u062a\u0635\u0645\u064a\u0645\u0647\u0627 \u0644\u0636\u0645\u0627\u0646 \u0627\u0644\u0645\u0648\u062b\u0648\u0642\u064a\u0629 \u0648\u0627\u0644\u0639\u0645\u0631 \u0627\u0644\u0637\u0648\u064a\u0644.&quot;<\/p>","protected":false},"excerpt":{"rendered":"<p>Akaryak\u0131t Hortum Rekoru 3\/4 x 16 mm 3\/4&#8243; BSP x 16 mm \u00f6l\u00e7\u00fclerinde ba\u011flant\u0131. Yeniden kullan\u0131labilir akaryak\u0131t hortumu seti. NBR O-Halka ile sa\u011flanm\u0131\u015f s\u0131zd\u0131rmazl\u0131k \u00f6zelli\u011fi, krom kapl\u0131. Kaliteli ve dayan\u0131kl\u0131 malzemelerle \u00fcretilmi\u015f olan \u00fcr\u00fcnlerimiz, g\u00fcvenilirlik ve uzun \u00f6m\u00fcr i\u00e7in tasarlanm\u0131\u015ft\u0131r.&#8221;<\/p>","protected":false},"featured_media":13156,"comment_status":"open","ping_status":"closed","template":"","meta":{"jetpack_post_was_ever_published":false},"product_brand":[],"product_cat":[2340,2341],"product_tag":[],"class_list":{"0":"post-13076","1":"product","2":"type-product","3":"status-publish","4":"has-post-thumbnail","6":"product_cat-akaryakit","7":"product_cat-akaryakit-hortum-rekorlari","9":"first","10":"instock","11":"taxable","12":"shipping-taxable","13":"product-type-simple"},"jetpack-related-posts":[],"jetpack_sharing_enabled":true,"jetpack_likes_enabled":true,"_links":{"self":[{"href":"https:\/\/tuzlahortum.com.tr\/ar\/wp-json\/wp\/v2\/product\/13076","targetHints":{"allow":["GET"]}}],"collection":[{"href":"https:\/\/tuzlahortum.com.tr\/ar\/wp-json\/wp\/v2\/product"}],"about":[{"href":"https:\/\/tuzlahortum.com.tr\/ar\/wp-json\/wp\/v2\/types\/product"}],"replies":[{"embeddable":true,"href":"https:\/\/tuzlahortum.com.tr\/ar\/wp-json\/wp\/v2\/comments?post=13076"}],"wp:featuredmedia":[{"embeddable":true,"href":"https:\/\/tuzlahortum.com.tr\/ar\/wp-json\/wp\/v2\/media\/13156"}],"wp:attachment":[{"href":"https:\/\/tuzlahortum.com.tr\/ar\/wp-json\/wp\/v2\/media?parent=13076"}],"wp:term":[{"taxonomy":"product_brand","embeddable":true,"href":"https:\/\/tuzlahortum.com.tr\/ar\/wp-json\/wp\/v2\/product_brand?post=13076"},{"taxonomy":"product_cat","embeddable":true,"href":"https:\/\/tuzlahortum.com.tr\/ar\/wp-json\/wp\/v2\/product_cat?post=13076"},{"taxonomy":"product_tag","embeddable":true,"href":"https:\/\/tuzlahortum.com.tr\/ar\/wp-json\/wp\/v2\/product_tag?post=13076"}],"curies":[{"name":"\u062f\u0628\u0644\u064a\u0648 \u0628\u064a","href":"https:\/\/api.w.org\/{rel}","templated":true}]}}