{"id":13075,"date":"2024-03-16T19:28:59","date_gmt":"2024-03-16T16:28:59","guid":{"rendered":"https:\/\/tuzlahortum.com.tr\/?post_type=product&#038;p=13075"},"modified":"2025-08-20T12:10:00","modified_gmt":"2025-08-20T09:10:00","slug":"3-4-zva-akaryakit-tabancasi","status":"publish","type":"product","link":"https:\/\/tuzlahortum.com.tr\/ar\/product\/3-4-zva-akaryakit-tabancasi\/","title":{"rendered":"\u0645\u0633\u062f\u0633 \u0648\u0642\u0648\u062f ZVA 3\/4"},"content":{"rendered":"<h2>\u0645\u0633\u062f\u0633 \u0648\u0642\u0648\u062f ZVA 3\/4<\/h2>\n<h2>3\/4 \u0645\u0633\u062f\u0633 \u0648\u0642\u0648\u062f ZVA<\/h2>\n<p>\u064a\u0639\u062f \u0645\u0633\u062f\u0633 \u0627\u0644\u0648\u0642\u0648\u062f ZVA \u0645\u0646 \u0627\u0644\u0645\u0639\u062f\u0627\u062a \u0627\u0644\u0645\u0647\u0645\u0629 \u0627\u0644\u062a\u064a \u062a\u062a\u064a\u062d \u0644\u0644\u0645\u0633\u062a\u062e\u062f\u0645\u064a\u0646 \u0645\u0644\u0621 \u0627\u0644\u0648\u0642\u0648\u062f \u0628\u0633\u0647\u0648\u0644\u0629 \u0648\u0623\u0645\u0627\u0646.<\/p>\n<p>\u062a\u0628\u0631\u0632 \u0627\u0644\u0645\u064a\u0632\u0627\u062a \u0627\u0644\u062a\u0627\u0644\u064a\u0629:<\/p>\n<ol>\n<li><strong>\u0646\u0638\u0627\u0645 \u0641\u0644\u0648\u0644\u0648\u0643<\/strong>: \u0645\u0633\u062f\u0633 \u064a\u0645\u0643\u0646 \u0627\u0633\u062a\u062e\u062f\u0627\u0645\u0647 \u0645\u0639 \u0627\u0644\u0628\u0646\u0632\u064a\u0646 \u0627\u0644\u0639\u0627\u062f\u064a \u0648\u0627\u0644\u0648\u0642\u0648\u062f \u0627\u0644\u062d\u064a\u0648\u064a\u060c \u0648\u0645\u0632\u0648\u062f \u0628\u062e\u0627\u0635\u064a\u0629 \u0642\u0637\u0639 \u0627\u0644\u0648\u0642\u0648\u062f \u062a\u0644\u0642\u0627\u0626\u064a\u064b\u0627 \u0641\u064a \u062d\u0627\u0644\u0629 \u0633\u0642\u0648\u0637\u0647 \u0645\u0646 \u062e\u0632\u0627\u0646 \u0627\u0644\u0633\u064a\u0627\u0631\u0629 \u0623\u0648 \u0631\u0641\u0639\u0647. \u0648\u0647\u0630\u0627 \u064a\u0632\u064a\u062f \u0645\u0646 \u0633\u0644\u0627\u0645\u0629 \u0627\u0644\u0648\u0642\u0648\u062f \u0648\u064a\u0642\u0644\u0644 \u0645\u0646 \u0627\u0644\u0645\u062e\u0627\u0637\u0631 \u0627\u0644\u0628\u064a\u0626\u064a\u0629.<\/li>\n<li><strong>\u0645\u0628\u062f\u0623 \u0627\u0644\u0639\u0645\u0644 \u0627\u0644\u062d\u0633\u0627\u0633 \u0644\u0644\u0636\u063a\u0637<\/strong>: \u064a\u0633\u062a\u062e\u062f\u0645 \u0641\u064a \u0645\u062d\u0637\u0627\u062a \u0627\u0644\u062e\u062f\u0645\u0629 \u0627\u0644\u0630\u0627\u062a\u064a\u0629 \u0623\u0648 \u0627\u0644\u062f\u0641\u0639 \u0627\u0644\u0645\u0633\u0628\u0642\u060c \u0648\u064a\u0639\u0645\u0644 \u0627\u0644\u0645\u0633\u062f\u0633 \u0628\u0627\u0644\u0636\u063a\u0637 \u0648\u064a\u0641\u0631\u063a \u062a\u0644\u0642\u0627\u0626\u064a\u0627\u064b \u0628\u0639\u062f \u0625\u062a\u0645\u0627\u0645 \u0627\u0644\u0645\u0633\u062a\u062e\u062f\u0645 \u0644\u0644\u0645\u0639\u0627\u0645\u0644\u0629. \u0648\u0647\u0630\u0627 \u064a\u0645\u0646\u062d \u0627\u0644\u0645\u0633\u062a\u062e\u062f\u0645\u064a\u0646 \u0645\u0632\u064a\u062f\u064b\u0627 \u0645\u0646 \u0627\u0644\u062a\u062d\u0643\u0645 \u0623\u062b\u0646\u0627\u0621 \u0627\u0644\u0639\u0645\u0644\u064a\u0629.<\/li>\n<li><strong>\u062e\u0627\u0635\u064a\u0629 \u0627\u0644\u0631\u0645\u064a \u0627\u0644\u062a\u0644\u0642\u0627\u0626\u064a<\/strong>: \u064a\u062a\u0645 \u062a\u0641\u0631\u064a\u063a \u0627\u0644\u0628\u0646\u062f\u0642\u064a\u0629 \u062a\u0644\u0642\u0627\u0626\u064a\u064b\u0627 \u0628\u0639\u062f \u0627\u0646\u062a\u0647\u0627\u0621 \u0627\u0644\u0645\u0633\u062a\u062e\u062f\u0645 \u0645\u0646 \u0627\u0644\u0639\u0645\u0644\u064a\u0629\u060c \u0644\u0630\u0644\u0643 \u0644\u0627 \u064a\u062d\u062a\u0627\u062c \u0627\u0644\u0645\u0633\u062a\u062e\u062f\u0645\u0648\u0646 \u0625\u0644\u0649 \u0627\u0644\u062a\u062f\u062e\u0644 \u0623\u0643\u062b\u0631 \u0628\u0639\u062f \u0627\u0644\u0639\u0645\u0644\u064a\u0629.<\/li>\n<li><strong>\u062a\u062f\u0641\u0642 \u0639\u0627\u0644\u064a\u0629<\/strong>: \u064a\u0648\u0641\u0631 \u0645\u0639\u062f\u0644 \u062a\u062f\u0641\u0642 \u064a\u0635\u0644 \u0625\u0644\u0649 80 \u0644\u062a\u0631\u064b\u0627 \u0641\u064a \u0627\u0644\u062f\u0642\u064a\u0642\u0629 \u0645\u0645\u0627 \u064a\u062f\u0644 \u0639\u0644\u0649 \u0642\u062f\u0631\u062a\u0647 \u0639\u0644\u0649 \u0627\u0644\u0627\u0645\u062a\u0644\u0627\u0621 \u0628\u0633\u0631\u0639\u0629.<\/li>\n<li><strong>\u0627\u0644\u062d\u062f \u0645\u0646 \u0627\u0644\u062a\u0646\u0642\u064a\u0637<\/strong>: \u064a\u0642\u0644\u0644 \u0645\u0646 \u0627\u0644\u0642\u0637\u0631\u0627\u062a \u0648\u0627\u0644\u0627\u0646\u0633\u0643\u0627\u0628\u0627\u062a \u0628\u0639\u062f \u0627\u0644\u062e\u062f\u0645\u0629 \u0628\u0641\u0636\u0644 \u0641\u062a\u062d\u0629 \u0627\u0644\u0642\u0641\u0627\u0632 \u0639\u0643\u0633 \u0627\u062a\u062c\u0627\u0647 \u0627\u0644\u062a\u062f\u0641\u0642. \u0647\u0630\u0627 \u064a\u0628\u0642\u064a \u0627\u0644\u0645\u062d\u0637\u0629 \u0646\u0638\u064a\u0641\u0629 \u0648\u0645\u0631\u062a\u0628\u0629.<\/li>\n<li><strong>\u062e\u064a\u0627\u0631\u0627\u062a \u0623\u0644\u0648\u0627\u0646 \u0645\u062e\u062a\u0644\u0641\u0629<\/strong>: \u062a\u062a\u0648\u0641\u0631 \u062e\u064a\u0627\u0631\u0627\u062a \u0623\u0644\u0648\u0627\u0646 \u0645\u062e\u062a\u0644\u0641\u0629 \u0639\u0644\u0649 \u063a\u0637\u0627\u0621 \u0627\u0644\u062c\u0633\u0645 \u0627\u0644\u0645\u0635\u0646\u0648\u0639 \u0645\u0646 \u0645\u0627\u062f\u0629 \u0627\u0644\u0628\u0648\u0644\u064a \u0623\u0645\u064a\u062f\u060c \u0628\u062d\u064a\u062b \u064a\u0645\u0643\u0646 \u0645\u0648\u0627\u0621\u0645\u062a\u0647 \u0645\u0639 \u062a\u0635\u0645\u064a\u0645 \u0627\u0644\u0645\u062d\u0637\u0629.<\/li>\n<li><strong>\u0645\u0648\u0627\u062f \u0645\u062a\u064a\u0646\u0629<\/strong>: \u064a\u062a\u0645 \u062a\u0642\u062f\u064a\u0645 \u0645\u0646\u062a\u062c \u0637\u0648\u064a\u0644 \u0627\u0644\u0623\u0645\u062f \u0628\u0627\u0633\u062a\u062e\u062f\u0627\u0645 \u0645\u0648\u0627\u062f \u0645\u062a\u064a\u0646\u0629 \u0645\u062b\u0644 \u0623\u0646\u0628\u0648\u0628 \u0627\u0644\u0628\u0646\u062f\u0642\u064a\u0629 \u0627\u0644\u0645\u0635\u0646\u0648\u0639 \u0645\u0646 \u0627\u0644\u0623\u0644\u0648\u0645\u0646\u064a\u0648\u0645 \u063a\u064a\u0631 \u0627\u0644\u0642\u0627\u0628\u0644 \u0644\u0644\u0635\u062f\u0623.<\/li>\n<\/ol>","protected":false},"excerpt":{"rendered":"<p>ZVA Akaryak\u0131t Tabancas\u0131 3\/4 3\/4 ZVA Akaryak\u0131t Tabancas\u0131 ZVA Akaryak\u0131t tabancas\u0131, kullan\u0131c\u0131lara kolay ve g\u00fcvenli bir \u015fekilde akaryak\u0131t dolumu yapmalar\u0131n\u0131 sa\u011flayan \u00f6nemli bir ekipmand\u0131r. A\u015fa\u011f\u0131daki \u00f6zellikler \u00f6ne \u00e7\u0131kmaktad\u0131r: FlowLock Sistemi: Standart benzin ve bio yak\u0131tlarda kullan\u0131labilen bir tabanca, ara\u00e7 deposundan d\u00fc\u015fme veya yukar\u0131 kald\u0131r\u0131lmas\u0131 durumunda otomatik yak\u0131t kesme \u00f6zelli\u011fine sahiptir. Bu, yak\u0131t\u0131n g\u00fcvenli\u011fini art\u0131r\u0131r ve [&#8230;]\n","protected":false},"featured_media":13160,"comment_status":"open","ping_status":"closed","template":"","meta":{"jetpack_post_was_ever_published":false},"product_brand":[],"product_cat":[2340,2343,2345],"product_tag":[],"class_list":{"0":"post-13075","1":"product","2":"type-product","3":"status-publish","4":"has-post-thumbnail","6":"product_cat-akaryakit","7":"product_cat-akaryakit-tabacalari","8":"product_cat-akaryakit-zva-urunler","10":"first","11":"instock","12":"taxable","13":"shipping-taxable","14":"product-type-simple"},"jetpack-related-posts":[],"jetpack_sharing_enabled":true,"jetpack_likes_enabled":true,"_links":{"self":[{"href":"https:\/\/tuzlahortum.com.tr\/ar\/wp-json\/wp\/v2\/product\/13075","targetHints":{"allow":["GET"]}}],"collection":[{"href":"https:\/\/tuzlahortum.com.tr\/ar\/wp-json\/wp\/v2\/product"}],"about":[{"href":"https:\/\/tuzlahortum.com.tr\/ar\/wp-json\/wp\/v2\/types\/product"}],"replies":[{"embeddable":true,"href":"https:\/\/tuzlahortum.com.tr\/ar\/wp-json\/wp\/v2\/comments?post=13075"}],"wp:featuredmedia":[{"embeddable":true,"href":"https:\/\/tuzlahortum.com.tr\/ar\/wp-json\/wp\/v2\/media\/13160"}],"wp:attachment":[{"href":"https:\/\/tuzlahortum.com.tr\/ar\/wp-json\/wp\/v2\/media?parent=13075"}],"wp:term":[{"taxonomy":"product_brand","embeddable":true,"href":"https:\/\/tuzlahortum.com.tr\/ar\/wp-json\/wp\/v2\/product_brand?post=13075"},{"taxonomy":"product_cat","embeddable":true,"href":"https:\/\/tuzlahortum.com.tr\/ar\/wp-json\/wp\/v2\/product_cat?post=13075"},{"taxonomy":"product_tag","embeddable":true,"href":"https:\/\/tuzlahortum.com.tr\/ar\/wp-json\/wp\/v2\/product_tag?post=13075"}],"curies":[{"name":"\u062f\u0628\u0644\u064a\u0648 \u0628\u064a","href":"https:\/\/api.w.org\/{rel}","templated":true}]}}