{"id":13074,"date":"2024-03-16T19:27:56","date_gmt":"2024-03-16T16:27:56","guid":{"rendered":"https:\/\/tuzlahortum.com.tr\/?post_type=product&#038;p=13074"},"modified":"2025-08-20T12:10:02","modified_gmt":"2025-08-20T09:10:02","slug":"3-4-zva-2-ince-tabanca-ucu","status":"publish","type":"product","link":"https:\/\/tuzlahortum.com.tr\/ar\/product\/3-4-zva-2-ince-tabanca-ucu\/","title":{"rendered":"ZVA 2 \u0637\u0631\u0641 \u0645\u0633\u062f\u0633 \u0631\u0641\u064a\u0639 3\/4"},"content":{"rendered":"<h2>ZVA 2 \u0637\u0631\u0641 \u0645\u0633\u062f\u0633 \u0631\u0641\u064a\u0639 3\/4<\/h2>\n<p>\u0646\u0638\u0627\u0645 \u0642\u0637\u0639 \u0627\u0644\u0648\u0642\u0648\u062f \u0627\u0644\u062a\u0644\u0642\u0627\u0626\u064a \u0647\u0648 \u0622\u0644\u064a\u0629 \u062a\u0639\u0645\u0644 \u0639\u0644\u0649 \u0625\u064a\u0642\u0627\u0641 \u0627\u0644\u062a\u062f\u0641\u0642 \u062a\u0644\u0642\u0627\u0626\u064a\u064b\u0627 \u0628\u0639\u062f \u0625\u0643\u0645\u0627\u0644 \u0627\u0644\u0645\u0633\u062a\u062e\u062f\u0645\u064a\u0646 \u0644\u0644\u0639\u0645\u0644\u064a\u0629. \u064a\u0639\u0645\u0644 \u0647\u0630\u0627 \u0627\u0644\u0646\u0638\u0627\u0645 \u0639\u0644\u0649 \u0632\u064a\u0627\u062f\u0629 \u0627\u0644\u0623\u0645\u0627\u0646 \u0648\u062a\u0642\u0644\u064a\u0644 \u062a\u0633\u0631\u0628 \u0627\u0644\u0648\u0642\u0648\u062f \u0639\u0646 \u0637\u0631\u064a\u0642 \u0642\u0637\u0639 \u062a\u062f\u0641\u0642 \u0627\u0644\u0648\u0642\u0648\u062f \u062a\u0644\u0642\u0627\u0626\u064a\u064b\u0627 \u0628\u0639\u062f \u0627\u0646\u062a\u0647\u0627\u0621 \u0627\u0644\u0645\u0633\u062a\u062e\u062f\u0645 \u0645\u0646 \u0627\u0644\u0639\u0645\u0644\u064a\u0629.<\/p>\n<p>\u0646\u0638\u0631\u064b\u0627 \u0644\u0643\u0648\u0646\u0647 \u0645\u0646\u0627\u0633\u0628\u064b\u0627 \u0644\u0644\u0627\u0633\u062a\u062e\u062f\u0627\u0645 \u0641\u064a \u0648\u0642\u0648\u062f \u0627\u0644\u062f\u064a\u0632\u0644 \u0648\u0627\u0644\u0648\u0642\u0648\u062f \u0627\u0644\u0645\u062d\u062a\u0648\u064a \u0639\u0644\u0649 \u0627\u0644\u0631\u0635\u0627\u0635\u060c \u0641\u0625\u0646\u0647 \u064a\u062a\u0643\u064a\u0641 \u0645\u0639 \u0645\u062c\u0645\u0648\u0639\u0629 \u0648\u0627\u0633\u0639\u0629 \u0645\u0646 \u0623\u0646\u0648\u0627\u0639 \u0627\u0644\u0648\u0642\u0648\u062f. \u0648\u062a\u0639\u0645\u0644 \u0647\u0630\u0647 \u0627\u0644\u0645\u064a\u0632\u0629 \u0639\u0644\u0649 \u0632\u064a\u0627\u062f\u0629 \u062a\u0648\u0641\u0631 \u0627\u0644\u0645\u062d\u0637\u0629 \u0644\u0645\u062e\u062a\u0644\u0641 \u0623\u0646\u0648\u0627\u0639 \u0627\u0644\u0648\u0642\u0648\u062f \u0648\u062a\u0644\u0628\u064a\u0629 \u0627\u062d\u062a\u064a\u0627\u062c\u0627\u062a \u0627\u0644\u0645\u0633\u062a\u062e\u062f\u0645\u064a\u0646.<\/p>\n<p>\u062a\u062a\u0643\u064a\u0641 \u062e\u064a\u0627\u0631\u0627\u062a \u0627\u0644\u062a\u0648\u0635\u064a\u0644 \u0645\u0646 \u0627\u0644\u0646\u0648\u0639 \u0627\u0644\u0644\u0648\u0644\u0628\u064a \u0648\u0627\u0644\u0645\u0643\u0648\u0646 \u0627\u0644\u0625\u0636\u0627\u0641\u064a \u0645\u0639 \u0645\u062a\u0637\u0644\u0628\u0627\u062a \u0627\u0644\u062a\u062b\u0628\u064a\u062a \u0627\u0644\u0645\u062e\u062a\u0644\u0641\u0629 \u0644\u062a\u0648\u0635\u064a\u0644 \u062e\u0631\u0637\u0648\u0645 \u0627\u0644\u0648\u0642\u0648\u062f \u0628\u0627\u0644\u0645\u062d\u0637\u0629. \u0648\u0647\u0630\u0627 \u064a\u0633\u0645\u062d \u0644\u0644\u0645\u062d\u0637\u0629 \u0628\u0627\u0644\u062a\u0643\u064a\u0641 \u0628\u0633\u0647\u0648\u0644\u0629 \u0645\u0639 \u0645\u062a\u0637\u0644\u0628\u0627\u062a \u0627\u0644\u062a\u0643\u0648\u064a\u0646 \u0648\u0627\u0644\u062a\u0631\u0643\u064a\u0628 \u0627\u0644\u0645\u062e\u062a\u0644\u0641\u0629<\/p>","protected":false},"excerpt":{"rendered":"<p>ZVA 2 \u0130nce Tabanca Ucu 3\/4 Otomatik yak\u0131t kesme sistemi, kullan\u0131c\u0131lar\u0131n i\u015flemi tamamlad\u0131ktan sonra ak\u0131\u015f\u0131 otomatik olarak durduran bir mekanizmad\u0131r. Bu sistem, kullan\u0131c\u0131n\u0131n i\u015flemi tamamlad\u0131ktan sonra yak\u0131t ak\u0131\u015f\u0131n\u0131 otomatik olarak keserek g\u00fcvenli\u011fi art\u0131r\u0131r ve yak\u0131t s\u0131z\u0131nt\u0131lar\u0131n\u0131 minimize eder. Dizel ve kuru\u015funlu akaryak\u0131tta kullan\u0131ma uygun olmas\u0131, geni\u015f bir yak\u0131t yelpazesine uyum sa\u011flar. Bu \u00f6zellik, istasyonun farkl\u0131 [&#8230;]\n","protected":false},"featured_media":13168,"comment_status":"open","ping_status":"closed","template":"","meta":{"jetpack_post_was_ever_published":false},"product_brand":[],"product_cat":[2340,2343,2345],"product_tag":[],"class_list":{"0":"post-13074","1":"product","2":"type-product","3":"status-publish","4":"has-post-thumbnail","6":"product_cat-akaryakit","7":"product_cat-akaryakit-tabacalari","8":"product_cat-akaryakit-zva-urunler","10":"first","11":"instock","12":"taxable","13":"shipping-taxable","14":"product-type-simple"},"jetpack-related-posts":[],"jetpack_sharing_enabled":true,"jetpack_likes_enabled":true,"_links":{"self":[{"href":"https:\/\/tuzlahortum.com.tr\/ar\/wp-json\/wp\/v2\/product\/13074","targetHints":{"allow":["GET"]}}],"collection":[{"href":"https:\/\/tuzlahortum.com.tr\/ar\/wp-json\/wp\/v2\/product"}],"about":[{"href":"https:\/\/tuzlahortum.com.tr\/ar\/wp-json\/wp\/v2\/types\/product"}],"replies":[{"embeddable":true,"href":"https:\/\/tuzlahortum.com.tr\/ar\/wp-json\/wp\/v2\/comments?post=13074"}],"wp:featuredmedia":[{"embeddable":true,"href":"https:\/\/tuzlahortum.com.tr\/ar\/wp-json\/wp\/v2\/media\/13168"}],"wp:attachment":[{"href":"https:\/\/tuzlahortum.com.tr\/ar\/wp-json\/wp\/v2\/media?parent=13074"}],"wp:term":[{"taxonomy":"product_brand","embeddable":true,"href":"https:\/\/tuzlahortum.com.tr\/ar\/wp-json\/wp\/v2\/product_brand?post=13074"},{"taxonomy":"product_cat","embeddable":true,"href":"https:\/\/tuzlahortum.com.tr\/ar\/wp-json\/wp\/v2\/product_cat?post=13074"},{"taxonomy":"product_tag","embeddable":true,"href":"https:\/\/tuzlahortum.com.tr\/ar\/wp-json\/wp\/v2\/product_tag?post=13074"}],"curies":[{"name":"\u062f\u0628\u0644\u064a\u0648 \u0628\u064a","href":"https:\/\/api.w.org\/{rel}","templated":true}]}}