{"id":13068,"date":"2024-03-16T19:24:25","date_gmt":"2024-03-16T16:24:25","guid":{"rendered":"https:\/\/tuzlahortum.com.tr\/?post_type=product&#038;p=13068"},"modified":"2024-03-29T17:36:26","modified_gmt":"2024-03-29T14:36:26","slug":"z-mafsal-3-4","status":"publish","type":"product","link":"https:\/\/tuzlahortum.com.tr\/ar\/product\/z-mafsal-3-4\/","title":{"rendered":"Z \u0645\u0634\u062a\u0631\u0643 3\/4"},"content":{"rendered":"<h2>Z \u0645\u0634\u062a\u0631\u0643 3\/4<\/h2>\n<p>\u064a\u062a\u0645\u064a\u0632 \u0627\u0644\u062c\u0645\u0639 \u0628\u064a\u0646 \u0645\u0631\u0641\u0642 \u0627\u0644\u062c\u0633\u0645 \u0627\u0644\u0645\u0635\u0646\u0648\u0639 \u0645\u0646 \u0627\u0644\u0623\u0644\u0648\u0645\u0646\u064a\u0648\u0645 \u0627\u0644\u0645\u0635\u0628\u0648\u0628 \u0648\u0627\u0644\u062d\u0644\u0645\u0629 \u0627\u0644\u0646\u062d\u0627\u0633\u064a\u0629 \u0628\u0645\u062a\u0627\u0646\u062a\u0647 \u0648\u0648\u0638\u064a\u0641\u062a\u0647. \u062a\u0648\u0641\u0631 \u0647\u0630\u0647 \u0627\u0644\u0645\u0648\u0627\u062f \u0623\u062f\u0627\u0621\u064b \u0637\u0648\u064a\u0644 \u0627\u0644\u0623\u0645\u062f \u0648\u0645\u0648\u062b\u0648\u0642\u064b\u0627.<\/p>\n<p>\u064a\u062a\u0645 \u0627\u0633\u062a\u062e\u062f\u0627\u0645 \u062d\u0644\u0642\u0627\u062a O \u0645\u0632\u062f\u0648\u062c\u0629 \u0644\u062e\u062a\u0645 \u0645\u062b\u0627\u0644\u064a. \u0648\u0647\u0630\u0627 \u064a\u0636\u0645\u0646 \u0627\u062a\u0635\u0627\u0644\u0627\u064b \u0622\u0645\u0646\u064b\u0627 \u0648\u0622\u0645\u0646\u064b\u0627\u060c \u0648\u0628\u0627\u0644\u062a\u0627\u0644\u064a \u062a\u0642\u0644\u064a\u0644 \u0645\u062e\u0627\u0637\u0631 \u0627\u0644\u062a\u0633\u0631\u0628\u0627\u062a.<\/p>\n<p>\u064a\u0648\u0641\u0631 \u0645\u062d\u0645\u0644 \u0627\u0644\u062a\u064a\u0641\u0644\u0648\u0646\u060c \u0627\u0644\u0645\u0642\u0627\u0648\u0645 \u0644\u062c\u0645\u064a\u0639 \u0623\u0646\u0648\u0627\u0639 \u0627\u0644\u0648\u0642\u0648\u062f\u060c \u0623\u062f\u0627\u0621\u064b \u0648\u0645\u0648\u062b\u0648\u0642\u064a\u0629 \u0641\u0627\u0626\u0642\u064a\u0646. \u062a\u062a\u064a\u062d \u0647\u0630\u0647 \u0627\u0644\u0645\u064a\u0632\u0629 \u0644\u0644\u0645\u0646\u062a\u062c \u0627\u0644\u062a\u0643\u064a\u0641 \u0645\u0639 \u0645\u062c\u0645\u0648\u0639\u0629 \u0648\u0627\u0633\u0639\u0629 \u0645\u0646 \u0627\u0644\u062a\u0637\u0628\u064a\u0642\u0627\u062a.<\/p>\n<p>\u0645\u0639\u062a\u0645\u062f \u0645\u0646 ATEX\u060c \u064a\u0648\u0641\u0631 \u0647\u0630\u0627 \u0627\u0644\u0645\u0646\u062a\u062c \u0636\u0645\u0627\u0646\u064b\u0627 \u0628\u0623\u0646\u0647 \u064a\u0644\u0628\u064a \u0645\u0639\u0627\u064a\u064a\u0631 \u0627\u0644\u0633\u0644\u0627\u0645\u0629 \u0648\u0627\u0644\u062c\u0648\u062f\u0629. \u0648\u0647\u0630\u0627 \u064a\u062c\u0639\u0644\u0647\u0627 \u062e\u064a\u0627\u0631\u064b\u0627 \u0645\u062b\u0627\u0644\u064a\u064b\u0627 \u0644\u0644\u0627\u0633\u062a\u062e\u062f\u0627\u0645 \u0627\u0644\u0635\u0646\u0627\u0639\u064a.<\/p>\n<p>\u064a\u0642\u062f\u0645 \u0647\u0630\u0627 \u0627\u0644\u0645\u0646\u062a\u062c\u060c \u0627\u0644\u0630\u064a \u064a\u0644\u0641\u062a \u0627\u0644\u0627\u0646\u062a\u0628\u0627\u0647 \u0628\u062a\u0635\u0645\u064a\u0645\u0647 \u0627\u0644\u0623\u0635\u0644\u064a\u060c \u062d\u0644\u0627\u064b \u0641\u0631\u064a\u062f\u064b\u0627 \u0648\u0639\u0645\u0644\u064a\u064b\u0627. \u062a\u0648\u0641\u0631 \u0627\u0644\u0642\u062f\u0631\u0629 \u0639\u0644\u0649 \u0627\u0644\u062f\u0648\u0631\u0627\u0646 \u0628\u0633\u0647\u0648\u0644\u0629 360 \u062f\u0631\u062c\u0629 \u0641\u064a \u0648\u0635\u0644\u0629 \u0627\u0644\u0645\u0633\u062f\u0633 \u0648\u0627\u0644\u062e\u0631\u0637\u0648\u0645 \u0633\u0647\u0648\u0644\u0629 \u0627\u0644\u0627\u0633\u062a\u062e\u062f\u0627\u0645 \u0648\u0627\u0644\u0645\u0631\u0648\u0646\u0629. \u062a\u0648\u0641\u0631 \u0647\u0630\u0647 \u0627\u0644\u0645\u064a\u0632\u0629 \u0644\u0644\u0645\u0633\u062a\u062e\u062f\u0645\u064a\u0646 \u062a\u062c\u0631\u0628\u0629 \u0623\u0643\u062b\u0631 \u0631\u0627\u062d\u0629 \u0648\u062a\u062d\u0633\u0646 \u0643\u0641\u0627\u0621\u0629 \u0627\u0644\u0639\u0645\u0644.<\/p>","protected":false},"excerpt":{"rendered":"<p>Z Mafsal 3\/4 Al\u00fcminyum d\u00f6k\u00fcm g\u00f6vdeli dirsek ve pirin\u00e7 nipel kombinasyonu, dayan\u0131kl\u0131l\u0131\u011f\u0131 ve i\u015flevselli\u011fiyle \u00f6ne \u00e7\u0131kar. Bu malzemeler, uzun \u00f6m\u00fcrl\u00fc ve g\u00fcvenilir bir performans sa\u011flar. M\u00fckemmel s\u0131zd\u0131rmazl\u0131k i\u00e7in \u00e7ift O-Ring kullan\u0131l\u0131r. Bu, g\u00fcvenli ve sa\u011flam bir ba\u011flant\u0131 sa\u011flar, b\u00f6ylece s\u0131z\u0131nt\u0131 riskini en aza indirir. Her t\u00fcrl\u00fc akaryak\u0131ta dayan\u0131kl\u0131 teflon yataklama, \u00fcst\u00fcn performans ve g\u00fcvenilirlik sa\u011flar. [&#8230;]\n","protected":false},"featured_media":13093,"comment_status":"open","ping_status":"closed","template":"","meta":{"jetpack_post_was_ever_published":false},"product_brand":[],"product_cat":[2340,2342],"product_tag":[],"class_list":{"0":"post-13068","1":"product","2":"type-product","3":"status-publish","4":"has-post-thumbnail","6":"product_cat-akaryakit","7":"product_cat-akaryakit-mafsallar","9":"first","10":"instock","11":"taxable","12":"shipping-taxable","13":"product-type-simple"},"jetpack-related-posts":[],"jetpack_sharing_enabled":true,"jetpack_likes_enabled":true,"_links":{"self":[{"href":"https:\/\/tuzlahortum.com.tr\/ar\/wp-json\/wp\/v2\/product\/13068","targetHints":{"allow":["GET"]}}],"collection":[{"href":"https:\/\/tuzlahortum.com.tr\/ar\/wp-json\/wp\/v2\/product"}],"about":[{"href":"https:\/\/tuzlahortum.com.tr\/ar\/wp-json\/wp\/v2\/types\/product"}],"replies":[{"embeddable":true,"href":"https:\/\/tuzlahortum.com.tr\/ar\/wp-json\/wp\/v2\/comments?post=13068"}],"wp:featuredmedia":[{"embeddable":true,"href":"https:\/\/tuzlahortum.com.tr\/ar\/wp-json\/wp\/v2\/media\/13093"}],"wp:attachment":[{"href":"https:\/\/tuzlahortum.com.tr\/ar\/wp-json\/wp\/v2\/media?parent=13068"}],"wp:term":[{"taxonomy":"product_brand","embeddable":true,"href":"https:\/\/tuzlahortum.com.tr\/ar\/wp-json\/wp\/v2\/product_brand?post=13068"},{"taxonomy":"product_cat","embeddable":true,"href":"https:\/\/tuzlahortum.com.tr\/ar\/wp-json\/wp\/v2\/product_cat?post=13068"},{"taxonomy":"product_tag","embeddable":true,"href":"https:\/\/tuzlahortum.com.tr\/ar\/wp-json\/wp\/v2\/product_tag?post=13068"}],"curies":[{"name":"\u062f\u0628\u0644\u064a\u0648 \u0628\u064a","href":"https:\/\/api.w.org\/{rel}","templated":true}]}}