{"id":13066,"date":"2024-03-16T19:22:06","date_gmt":"2024-03-16T16:22:06","guid":{"rendered":"https:\/\/tuzlahortum.com.tr\/?post_type=product&#038;p=13066"},"modified":"2024-03-29T17:36:42","modified_gmt":"2024-03-29T14:36:42","slug":"breakaway-1","status":"publish","type":"product","link":"https:\/\/tuzlahortum.com.tr\/ar\/product\/breakaway-1\/","title":{"rendered":"\u0627\u0644\u0627\u0646\u0641\u0635\u0627\u0644\u064a\u0629 1 \u0628\u0648\u0635\u0629"},"content":{"rendered":"<h2>\u0627\u0644\u0627\u0646\u0641\u0635\u0627\u0644\u064a\u0629 1 \u0628\u0648\u0635\u0629<\/h2>\n<p>1 \u0628\u0648\u0635\u0629 F \u00d7 1 \u0628\u0648\u0635\u0629 F \u0645\u0646\u0641\u0630 \u0648\u0642\u0648\u062f \u0644\u0644\u062c\u0633\u0645 \u0645\u0635\u0646\u0648\u0639 \u0645\u0646 \u0627\u0644\u0623\u0644\u0648\u0645\u0646\u064a\u0648\u0645<\/p>\n<p>\u064a\u0648\u0641\u0631 \u0645\u0646\u0641\u0630 \u0627\u0644\u0648\u0642\u0648\u062f \u0647\u0630\u0627 \u0627\u0644\u0623\u062f\u0627\u0621 \u0627\u0644\u0646\u0647\u0627\u0626\u064a \u0645\u0646 \u062d\u064a\u062b \u0627\u0644\u0645\u0648\u062b\u0648\u0642\u064a\u0629 \u0648\u0627\u0644\u0645\u062a\u0627\u0646\u0629. \u064a\u062a\u0645\u064a\u0632 \u0647\u064a\u0643\u0644\u0647 \u0627\u0644\u0645\u0635\u0646\u0648\u0639 \u0645\u0646 \u0627\u0644\u0623\u0644\u0648\u0645\u0646\u064a\u0648\u0645 \u0628\u062e\u0641\u0629 \u0648\u0632\u0646\u0647 \u0648\u0645\u062a\u0627\u0646\u062a\u0647\u060c \u0645\u0645\u0627 \u064a\u0636\u0645\u0646 \u0627\u0633\u062a\u062e\u062f\u0627\u0645\u064b\u0627 \u0637\u0648\u064a\u0644 \u0627\u0644\u0623\u0645\u062f.<\/p>\n<p>\u064a\u062a\u0645 \u0627\u0633\u062a\u062e\u062f\u0627\u0645 \u062d\u0644\u0642\u0629 Viton \u0644\u0644\u0625\u063a\u0644\u0627\u0642\u060c \u0648\u0628\u0627\u0644\u062a\u0627\u0644\u064a \u0636\u0645\u0627\u0646 \u0627\u0644\u0627\u062a\u0635\u0627\u0644 \u0627\u0644\u0622\u0645\u0646. \u0648\u0647\u0630\u0627 \u064a\u0642\u0644\u0644 \u0645\u0646 \u062e\u0637\u0631 \u062a\u0633\u0631\u0628 \u0627\u0644\u0648\u0642\u0648\u062f \u0648\u064a\u0632\u064a\u062f \u0645\u0646 \u0645\u0639\u0627\u064a\u064a\u0631 \u0627\u0644\u0633\u0644\u0627\u0645\u0629.<\/p>\n<p>\u062a\u062a\u0631\u0627\u0648\u062d \u0642\u064a\u0645\u0629 \u0627\u0644\u0643\u0633\u0631 \u0628\u064a\u0646 80 \u0648120 \u0643\u062c\u0645\u060c \u0645\u0645\u0627 \u064a\u0648\u0641\u0631 \u0642\u0648\u0629 \u0639\u0627\u0644\u064a\u0629 \u0648\u064a\u0636\u0645\u0646 \u0627\u062a\u0635\u0627\u0644\u064b\u0627 \u0622\u0645\u0646\u064b\u0627. \u0625\u0646\u0647 \u064a\u062a\u062d\u0645\u0644 \u0636\u063a\u0637 \u0627\u062e\u062a\u0628\u0627\u0631 \u064a\u0628\u0644\u063a 4 \u0628\u0627\u0631\u060c \u0644\u0630\u0644\u0643 \u062a\u0645 \u0627\u062e\u062a\u0628\u0627\u0631\u0647 \u0648\u0627\u0639\u062a\u0645\u0627\u062f\u0647 \u0645\u0646 \u062d\u064a\u062b \u0627\u0644\u0645\u0648\u062b\u0648\u0642\u064a\u0629.<\/p>\n<p>\u0628\u0641\u0636\u0644 \u0627\u0644\u0635\u0645\u0627\u0645 \u0630\u0648 \u0627\u0644\u0648\u062c\u0647\u064a\u0646\u060c \u064a\u062a\u0645 \u0645\u0646\u0639 \u062a\u0633\u0631\u0628 \u0627\u0644\u0648\u0642\u0648\u062f \u0625\u0644\u0649 \u0627\u0644\u0628\u064a\u0626\u0629 \u0627\u0644\u062e\u0627\u0631\u062c\u064a\u0629 \u0641\u064a \u062d\u0627\u0644\u0629 \u062a\u0645\u0632\u0642\u0647. \u0648\u0647\u0630\u0627 \u064a\u0642\u0644\u0644 \u0645\u0646 \u0627\u0644\u062a\u0623\u062b\u064a\u0631 \u0627\u0644\u0628\u064a\u0626\u064a \u0648\u064a\u0632\u064a\u062f \u0645\u0646 \u0627\u0644\u0633\u0644\u0627\u0645\u0629.<\/p>\n<p>\u0628\u0627\u0644\u0625\u0636\u0627\u0641\u0629 \u0625\u0644\u0649 \u0630\u0644\u0643\u060c \u0641\u0647\u0648 \u0645\u0632\u0648\u062f \u0628\u062d\u0627\u0641\u0638\u0629 \u0648\u0627\u0642\u064a\u0629 \u062a\u0648\u0641\u0631 \u0637\u0628\u0642\u0629 \u0625\u0636\u0627\u0641\u064a\u0629 \u0645\u0646 \u0627\u0644\u0623\u0645\u0627\u0646 \u0648\u062d\u0645\u0627\u064a\u0629 \u0625\u0636\u0627\u0641\u064a\u0629 \u0644\u0644\u0627\u0633\u062a\u062e\u062f\u0627\u0645 \u0637\u0648\u064a\u0644 \u0627\u0644\u0623\u0645\u062f.<\/p>","protected":false},"excerpt":{"rendered":"<p>Breakaway 1 Inch 1&#8243;F x 1&#8243;F Aluminyum G\u00f6vdeli Yak\u0131t Ba\u011flant\u0131 Noktas\u0131 Bu yak\u0131t ba\u011flant\u0131 noktas\u0131, g\u00fcvenilirlik ve dayan\u0131kl\u0131l\u0131k a\u00e7\u0131s\u0131ndan \u00fcst d\u00fczey performans sunar. Aluminyum g\u00f6vdesi, hafifli\u011fi ve dayan\u0131kl\u0131l\u0131\u011f\u0131 ile \u00f6ne \u00e7\u0131kar, b\u00f6ylece uzun \u00f6m\u00fcrl\u00fc bir kullan\u0131m sa\u011flar. S\u0131zd\u0131rmazl\u0131k i\u00e7in Viton Ring kullan\u0131l\u0131r, b\u00f6ylece g\u00fcvenli bir ba\u011flant\u0131 elde edilir. Bu, yak\u0131t s\u0131z\u0131nt\u0131s\u0131 riskini en aza indirir [&#8230;]\n","protected":false},"featured_media":13107,"comment_status":"open","ping_status":"closed","template":"","meta":{"jetpack_post_was_ever_published":true},"product_brand":[],"product_cat":[2340,2344],"product_tag":[],"class_list":{"0":"post-13066","1":"product","2":"type-product","3":"status-publish","4":"has-post-thumbnail","6":"product_cat-akaryakit","7":"product_cat-akaryakit-pull-off-breakeaway","9":"first","10":"instock","11":"taxable","12":"shipping-taxable","13":"product-type-simple"},"jetpack-related-posts":[],"jetpack_sharing_enabled":true,"jetpack_likes_enabled":true,"_links":{"self":[{"href":"https:\/\/tuzlahortum.com.tr\/ar\/wp-json\/wp\/v2\/product\/13066","targetHints":{"allow":["GET"]}}],"collection":[{"href":"https:\/\/tuzlahortum.com.tr\/ar\/wp-json\/wp\/v2\/product"}],"about":[{"href":"https:\/\/tuzlahortum.com.tr\/ar\/wp-json\/wp\/v2\/types\/product"}],"replies":[{"embeddable":true,"href":"https:\/\/tuzlahortum.com.tr\/ar\/wp-json\/wp\/v2\/comments?post=13066"}],"wp:featuredmedia":[{"embeddable":true,"href":"https:\/\/tuzlahortum.com.tr\/ar\/wp-json\/wp\/v2\/media\/13107"}],"wp:attachment":[{"href":"https:\/\/tuzlahortum.com.tr\/ar\/wp-json\/wp\/v2\/media?parent=13066"}],"wp:term":[{"taxonomy":"product_brand","embeddable":true,"href":"https:\/\/tuzlahortum.com.tr\/ar\/wp-json\/wp\/v2\/product_brand?post=13066"},{"taxonomy":"product_cat","embeddable":true,"href":"https:\/\/tuzlahortum.com.tr\/ar\/wp-json\/wp\/v2\/product_cat?post=13066"},{"taxonomy":"product_tag","embeddable":true,"href":"https:\/\/tuzlahortum.com.tr\/ar\/wp-json\/wp\/v2\/product_tag?post=13066"}],"curies":[{"name":"\u062f\u0628\u0644\u064a\u0648 \u0628\u064a","href":"https:\/\/api.w.org\/{rel}","templated":true}]}}