{"id":13061,"date":"2024-03-16T16:48:17","date_gmt":"2024-03-16T13:48:17","guid":{"rendered":"https:\/\/tuzlahortum.com.tr\/?post_type=product&#038;p=13061"},"modified":"2024-03-29T17:37:19","modified_gmt":"2024-03-29T14:37:19","slug":"7h-otomatik-akaryakit-tabancasi-1","status":"publish","type":"product","link":"https:\/\/tuzlahortum.com.tr\/ar\/product\/7h-otomatik-akaryakit-tabancasi-1\/","title":{"rendered":"\u0645\u0633\u062f\u0633 \u0648\u0642\u0648\u062f \u0623\u0648\u062a\u0648\u0645\u0627\u062a\u064a\u0643\u064a 7H 1 \u0628\u0648\u0635\u0629"},"content":{"rendered":"<h2>\u0645\u0633\u062f\u0633 \u0648\u0642\u0648\u062f \u0623\u0648\u062a\u0648\u0645\u0627\u062a\u064a\u0643\u064a 7H 1 \u0628\u0648\u0635\u0629<\/h2>","protected":false},"excerpt":{"rendered":"<p>\u0645\u0633\u062f\u0633 \u0648\u0642\u0648\u062f \u0623\u0648\u062a\u0648\u0645\u0627\u062a\u064a\u0643\u064a 7H 1 \u0628\u0648\u0635\u0629<\/p>","protected":false},"featured_media":13178,"comment_status":"open","ping_status":"closed","template":"","meta":{"jetpack_post_was_ever_published":true},"product_brand":[],"product_cat":[2340,2343],"product_tag":[],"class_list":{"0":"post-13061","1":"product","2":"type-product","3":"status-publish","4":"has-post-thumbnail","6":"product_cat-akaryakit","7":"product_cat-akaryakit-tabacalari","9":"first","10":"instock","11":"taxable","12":"shipping-taxable","13":"product-type-simple"},"jetpack-related-posts":[{"id":13060,"url":"https:\/\/tuzlahortum.com.tr\/ar\/product\/11a-otomatik-akaryakit-tabancasi-3-4\/","url_meta":{"origin":13061,"position":0},"title":"\u0645\u0633\u062f\u0633 \u0648\u0642\u0648\u062f \u0623\u0648\u062a\u0648\u0645\u0627\u062a\u064a\u0643\u064a 11 \u0623\u0645\u0628\u064a\u0631 \u2013 \u0633\u0645\u0627\u0643\u0629 3\/4","author":"admin","date":"16 \u0645\u0627\u0631\u0633 2024","format":false,"excerpt":"11A Otomatik Akaryak\u0131t Tabancas\u0131 - 3\/4 Kal\u0131n 11A Otomatik Akaryak\u0131t","rel":"","context":"\u062a\u062f\u0648\u064a\u0646\u0629 \u0645\u0634\u0627\u0628\u0647\u0629","block_context":{"text":"\u062a\u062f\u0648\u064a\u0646\u0629 \u0645\u0634\u0627\u0628\u0647\u0629","link":""},"img":{"alt_text":"","src":"https:\/\/i0.wp.com\/tuzlahortum.com.tr\/wp-content\/uploads\/2024\/03\/11A_Ince_Akaryakit_Tabanca_1.jpg?fit=1200%2C1200&ssl=1&resize=350%2C200","width":350,"height":200,"srcset":"https:\/\/i0.wp.com\/tuzlahortum.com.tr\/wp-content\/uploads\/2024\/03\/11A_Ince_Akaryakit_Tabanca_1.jpg?fit=1200%2C1200&ssl=1&resize=350%2C200 1x, https:\/\/i0.wp.com\/tuzlahortum.com.tr\/wp-content\/uploads\/2024\/03\/11A_Ince_Akaryakit_Tabanca_1.jpg?fit=1200%2C1200&ssl=1&resize=525%2C300 1.5x, https:\/\/i0.wp.com\/tuzlahortum.com.tr\/wp-content\/uploads\/2024\/03\/11A_Ince_Akaryakit_Tabanca_1.jpg?fit=1200%2C1200&ssl=1&resize=700%2C400 2x, https:\/\/i0.wp.com\/tuzlahortum.com.tr\/wp-content\/uploads\/2024\/03\/11A_Ince_Akaryakit_Tabanca_1.jpg?fit=1200%2C1200&ssl=1&resize=1050%2C600 3x"},"classes":[]},{"id":13075,"url":"https:\/\/tuzlahortum.com.tr\/ar\/product\/3-4-zva-akaryakit-tabancasi\/","url_meta":{"origin":13061,"position":1},"title":"\u0645\u0633\u062f\u0633 \u0648\u0642\u0648\u062f ZVA 3\/4","author":"admin","date":"16 \u0645\u0627\u0631\u0633 2024","format":false,"excerpt":"ZVA Akaryak\u0131t Tabancas\u0131 3\/4 3\/4 ZVA Akaryak\u0131t Tabancas\u0131 ZVA Akaryak\u0131t tabancas\u0131, kullan\u0131c\u0131lara kolay ve g\u00fcvenli bir \u015fekilde akaryak\u0131t dolumu yapmalar\u0131n\u0131 sa\u011flayan \u00f6nemli bir ekipmand\u0131r. A\u015fa\u011f\u0131daki \u00f6zellikler \u00f6ne \u00e7\u0131kmaktad\u0131r: FlowLock Sistemi: Standart benzin ve bio yak\u0131tlarda kullan\u0131labilen bir tabanca, ara\u00e7 deposundan d\u00fc\u015fme veya yukar\u0131 kald\u0131r\u0131lmas\u0131 durumunda otomatik yak\u0131t kesme \u00f6zelli\u011fine sahiptir.\u2026","rel":"","context":"\u062a\u062f\u0648\u064a\u0646\u0629 \u0645\u0634\u0627\u0628\u0647\u0629","block_context":{"text":"\u062a\u062f\u0648\u064a\u0646\u0629 \u0645\u0634\u0627\u0628\u0647\u0629","link":""},"img":{"alt_text":"","src":"https:\/\/i0.wp.com\/tuzlahortum.com.tr\/wp-content\/uploads\/2024\/03\/ZVA_Akaryakit_Tabanca_3.jpg?fit=1199%2C1200&ssl=1&resize=350%2C200","width":350,"height":200,"srcset":"https:\/\/i0.wp.com\/tuzlahortum.com.tr\/wp-content\/uploads\/2024\/03\/ZVA_Akaryakit_Tabanca_3.jpg?fit=1199%2C1200&ssl=1&resize=350%2C200 1x, https:\/\/i0.wp.com\/tuzlahortum.com.tr\/wp-content\/uploads\/2024\/03\/ZVA_Akaryakit_Tabanca_3.jpg?fit=1199%2C1200&ssl=1&resize=525%2C300 1.5x, https:\/\/i0.wp.com\/tuzlahortum.com.tr\/wp-content\/uploads\/2024\/03\/ZVA_Akaryakit_Tabanca_3.jpg?fit=1199%2C1200&ssl=1&resize=700%2C400 2x, https:\/\/i0.wp.com\/tuzlahortum.com.tr\/wp-content\/uploads\/2024\/03\/ZVA_Akaryakit_Tabanca_3.jpg?fit=1199%2C1200&ssl=1&resize=1050%2C600 3x"},"classes":[]},{"id":13086,"url":"https:\/\/tuzlahortum.com.tr\/ar\/product\/zva-donusturucu-1-x-1\/","url_meta":{"origin":13061,"position":2},"title":"\u0645\u062d\u0648\u0644 ZVA 1 \u0628\u0648\u0635\u0629 \u00d7 1 \u0628\u0648\u0635\u0629","author":"admin","date":"16 \u0645\u0627\u0631\u0633 2024","format":false,"excerpt":"\u0645\u062d\u0648\u0644 ZVA 1 \u0628\u0648\u0635\u0629 \u00d7 1 \u0628\u0648\u0635\u0629","rel":"","context":"\u062a\u062f\u0648\u064a\u0646\u0629 \u0645\u0634\u0627\u0628\u0647\u0629","block_context":{"text":"\u062a\u062f\u0648\u064a\u0646\u0629 \u0645\u0634\u0627\u0628\u0647\u0629","link":""},"img":{"alt_text":"","src":"https:\/\/i0.wp.com\/tuzlahortum.com.tr\/wp-content\/uploads\/2024\/03\/ZVA_Donusturucu_1inch_1.jpg?fit=1200%2C1200&ssl=1&resize=350%2C200","width":350,"height":200,"srcset":"https:\/\/i0.wp.com\/tuzlahortum.com.tr\/wp-content\/uploads\/2024\/03\/ZVA_Donusturucu_1inch_1.jpg?fit=1200%2C1200&ssl=1&resize=350%2C200 1x, https:\/\/i0.wp.com\/tuzlahortum.com.tr\/wp-content\/uploads\/2024\/03\/ZVA_Donusturucu_1inch_1.jpg?fit=1200%2C1200&ssl=1&resize=525%2C300 1.5x, https:\/\/i0.wp.com\/tuzlahortum.com.tr\/wp-content\/uploads\/2024\/03\/ZVA_Donusturucu_1inch_1.jpg?fit=1200%2C1200&ssl=1&resize=700%2C400 2x, https:\/\/i0.wp.com\/tuzlahortum.com.tr\/wp-content\/uploads\/2024\/03\/ZVA_Donusturucu_1inch_1.jpg?fit=1200%2C1200&ssl=1&resize=1050%2C600 3x"},"classes":[]},{"id":13109,"url":"https:\/\/tuzlahortum.com.tr\/ar\/product\/11a-otomatik-akaryakit-tabancasi-3-4-ince\/","url_meta":{"origin":13061,"position":3},"title":"\u0645\u0633\u062f\u0633 \u0648\u0642\u0648\u062f \u0631\u0641\u064a\u0639 \u0623\u0648\u062a\u0648\u0645\u0627\u062a\u064a\u0643\u064a 11 \u0623\u0645\u0628\u064a\u0631 \u2013 3\/4","author":"admin","date":"18 \u0645\u0627\u0631\u0633 2024","format":false,"excerpt":"11A Otomatik \u0130nce Akaryak\u0131t Tabancas\u0131 - 3\/4 Bas\u0131nca duyarl\u0131 \u00e7al\u0131\u015fma prensibine sahip olan bu self servis veya \u00f6n \u00f6demeli istasyonlar, kullan\u0131c\u0131lar\u0131n kolay ve verimli bir \u015fekilde akaryak\u0131t almas\u0131n\u0131 sa\u011flamak i\u00e7in tasarlanm\u0131\u015ft\u0131r. \u0130\u015fleyi\u015f prensibi, tabancan\u0131n bas\u0131n\u00e7la \u00e7al\u0131\u015fmas\u0131 ve bas\u0131n\u00e7 ortadan kalkt\u0131\u011f\u0131nda otomatik olarak atmas\u0131 \u00fczerine kuruludur. Otomatik atma \u00f6zelli\u011fi, kullan\u0131c\u0131lar\u0131n i\u015flemi\u2026","rel":"","context":"\u062a\u062f\u0648\u064a\u0646\u0629 \u0645\u0634\u0627\u0628\u0647\u0629","block_context":{"text":"\u062a\u062f\u0648\u064a\u0646\u0629 \u0645\u0634\u0627\u0628\u0647\u0629","link":""},"img":{"alt_text":"11A Otomatik","src":"https:\/\/i0.wp.com\/tuzlahortum.com.tr\/wp-content\/uploads\/2024\/03\/11A_Ince_Akaryakit_Tabanca_2.jpg?fit=1200%2C1200&ssl=1&resize=350%2C200","width":350,"height":200,"srcset":"https:\/\/i0.wp.com\/tuzlahortum.com.tr\/wp-content\/uploads\/2024\/03\/11A_Ince_Akaryakit_Tabanca_2.jpg?fit=1200%2C1200&ssl=1&resize=350%2C200 1x, https:\/\/i0.wp.com\/tuzlahortum.com.tr\/wp-content\/uploads\/2024\/03\/11A_Ince_Akaryakit_Tabanca_2.jpg?fit=1200%2C1200&ssl=1&resize=525%2C300 1.5x, https:\/\/i0.wp.com\/tuzlahortum.com.tr\/wp-content\/uploads\/2024\/03\/11A_Ince_Akaryakit_Tabanca_2.jpg?fit=1200%2C1200&ssl=1&resize=700%2C400 2x, https:\/\/i0.wp.com\/tuzlahortum.com.tr\/wp-content\/uploads\/2024\/03\/11A_Ince_Akaryakit_Tabanca_2.jpg?fit=1200%2C1200&ssl=1&resize=1050%2C600 3x"},"classes":[]},{"id":13085,"url":"https:\/\/tuzlahortum.com.tr\/ar\/product\/zva-donusturucu-3-4-x-1\/","url_meta":{"origin":13061,"position":4},"title":"\u0645\u062d\u0648\u0644 ZVA 3\/4 \u00d7 1 \u0628\u0648\u0635\u0629","author":"admin","date":"16 \u0645\u0627\u0631\u0633 2024","format":false,"excerpt":"ZVA D\u00f6n\u00fc\u015ft\u00fcr\u00fcc\u00fc 3\/4 x 1 Inch ZVA D\u00f6n\u00fc\u015ft\u00fcr\u00fcc\u00fc 3\/4 x 1 Inch","rel":"","context":"\u062a\u062f\u0648\u064a\u0646\u0629 \u0645\u0634\u0627\u0628\u0647\u0629","block_context":{"text":"\u062a\u062f\u0648\u064a\u0646\u0629 \u0645\u0634\u0627\u0628\u0647\u0629","link":""},"img":{"alt_text":"","src":"https:\/\/i0.wp.com\/tuzlahortum.com.tr\/wp-content\/uploads\/2024\/03\/ZVA_Donusturucu_1inchx3-4inch_1.jpg?fit=1200%2C1200&ssl=1&resize=350%2C200","width":350,"height":200,"srcset":"https:\/\/i0.wp.com\/tuzlahortum.com.tr\/wp-content\/uploads\/2024\/03\/ZVA_Donusturucu_1inchx3-4inch_1.jpg?fit=1200%2C1200&ssl=1&resize=350%2C200 1x, https:\/\/i0.wp.com\/tuzlahortum.com.tr\/wp-content\/uploads\/2024\/03\/ZVA_Donusturucu_1inchx3-4inch_1.jpg?fit=1200%2C1200&ssl=1&resize=525%2C300 1.5x, https:\/\/i0.wp.com\/tuzlahortum.com.tr\/wp-content\/uploads\/2024\/03\/ZVA_Donusturucu_1inchx3-4inch_1.jpg?fit=1200%2C1200&ssl=1&resize=700%2C400 2x, https:\/\/i0.wp.com\/tuzlahortum.com.tr\/wp-content\/uploads\/2024\/03\/ZVA_Donusturucu_1inchx3-4inch_1.jpg?fit=1200%2C1200&ssl=1&resize=1050%2C600 3x"},"classes":[]},{"id":13083,"url":"https:\/\/tuzlahortum.com.tr\/ar\/product\/tabanca-arkasi-duz-mafsal-1\/","url_meta":{"origin":13061,"position":5},"title":"\u0645\u0633\u062f\u0633 \u062e\u0644\u0641\u064a \u0642\u0627\u0628\u0644 \u0644\u0644\u0633\u062d\u0628 1 \u0628\u0648\u0635\u0629","author":"admin","date":"16 \u0645\u0627\u0631\u0633 2024","format":false,"excerpt":"\u0645\u0633\u062f\u0633 \u062e\u0644\u0641\u064a \u0642\u0627\u0628\u0644 \u0644\u0644\u0633\u062d\u0628 1 \u0628\u0648\u0635\u0629","rel":"","context":"\u062a\u062f\u0648\u064a\u0646\u0629 \u0645\u0634\u0627\u0628\u0647\u0629","block_context":{"text":"\u062a\u062f\u0648\u064a\u0646\u0629 \u0645\u0634\u0627\u0628\u0647\u0629","link":""},"img":{"alt_text":"","src":"https:\/\/i0.wp.com\/tuzlahortum.com.tr\/wp-content\/uploads\/2024\/03\/Tabanca_Arkasi_Duz_Mafsal_1inch_1.jpg?fit=1200%2C1200&ssl=1&resize=350%2C200","width":350,"height":200,"srcset":"https:\/\/i0.wp.com\/tuzlahortum.com.tr\/wp-content\/uploads\/2024\/03\/Tabanca_Arkasi_Duz_Mafsal_1inch_1.jpg?fit=1200%2C1200&ssl=1&resize=350%2C200 1x, https:\/\/i0.wp.com\/tuzlahortum.com.tr\/wp-content\/uploads\/2024\/03\/Tabanca_Arkasi_Duz_Mafsal_1inch_1.jpg?fit=1200%2C1200&ssl=1&resize=525%2C300 1.5x, https:\/\/i0.wp.com\/tuzlahortum.com.tr\/wp-content\/uploads\/2024\/03\/Tabanca_Arkasi_Duz_Mafsal_1inch_1.jpg?fit=1200%2C1200&ssl=1&resize=700%2C400 2x, https:\/\/i0.wp.com\/tuzlahortum.com.tr\/wp-content\/uploads\/2024\/03\/Tabanca_Arkasi_Duz_Mafsal_1inch_1.jpg?fit=1200%2C1200&ssl=1&resize=1050%2C600 3x"},"classes":[]}],"jetpack_sharing_enabled":true,"jetpack_likes_enabled":true,"_links":{"self":[{"href":"https:\/\/tuzlahortum.com.tr\/ar\/wp-json\/wp\/v2\/product\/13061","targetHints":{"allow":["GET"]}}],"collection":[{"href":"https:\/\/tuzlahortum.com.tr\/ar\/wp-json\/wp\/v2\/product"}],"about":[{"href":"https:\/\/tuzlahortum.com.tr\/ar\/wp-json\/wp\/v2\/types\/product"}],"replies":[{"embeddable":true,"href":"https:\/\/tuzlahortum.com.tr\/ar\/wp-json\/wp\/v2\/comments?post=13061"}],"wp:featuredmedia":[{"embeddable":true,"href":"https:\/\/tuzlahortum.com.tr\/ar\/wp-json\/wp\/v2\/media\/13178"}],"wp:attachment":[{"href":"https:\/\/tuzlahortum.com.tr\/ar\/wp-json\/wp\/v2\/media?parent=13061"}],"wp:term":[{"taxonomy":"product_brand","embeddable":true,"href":"https:\/\/tuzlahortum.com.tr\/ar\/wp-json\/wp\/v2\/product_brand?post=13061"},{"taxonomy":"product_cat","embeddable":true,"href":"https:\/\/tuzlahortum.com.tr\/ar\/wp-json\/wp\/v2\/product_cat?post=13061"},{"taxonomy":"product_tag","embeddable":true,"href":"https:\/\/tuzlahortum.com.tr\/ar\/wp-json\/wp\/v2\/product_tag?post=13061"}],"curies":[{"name":"\u062f\u0628\u0644\u064a\u0648 \u0628\u064a","href":"https:\/\/api.w.org\/{rel}","templated":true}]}}