{"id":12847,"date":"2023-09-13T14:17:22","date_gmt":"2023-09-13T11:17:22","guid":{"rendered":"https:\/\/tuzlahortum.com.tr\/?post_type=product&#038;p=12847"},"modified":"2024-03-21T17:38:17","modified_gmt":"2024-03-21T14:38:17","slug":"d-tipi-paslanmaz-kamlok-304","status":"publish","type":"product","link":"https:\/\/tuzlahortum.com.tr\/ar\/product\/d-tipi-paslanmaz-kamlok-304\/","title":{"rendered":"D \u0646\u0648\u0639 \u063a\u064a\u0631 \u0627\u0644\u0642\u0627\u0628\u0644 \u0644\u0644\u0635\u062f\u0623 Camlock (304)"},"content":{"rendered":"<h2>D \u0646\u0648\u0639 \u063a\u064a\u0631 \u0627\u0644\u0642\u0627\u0628\u0644 \u0644\u0644\u0635\u062f\u0623 Camlock (304)<\/h2>\n<h6>\u0627\u0644\u0641\u0648\u0644\u0627\u0630 \u0627\u0644\u0645\u0642\u0627\u0648\u0645 \u0644\u0644\u0635\u062f\u0623 Camlock (D TYPE) \u062e\u064a\u0648\u0637 \u062f\u0627\u062e\u0644\u064a\u0629 \u0648\u063a\u0627\u0644\u0628\u064b\u0627 \u0645\u0627 \u0646\u0642\u062f\u0645 \u0644\u0639\u0645\u0644\u0627\u0626\u0646\u0627 \u062e\u064a\u0627\u0631 \u062e\u064a\u0637 \u0623\u0646\u0627\u0628\u064a\u0628 BSP.<\/h6>\n<h6>\u0645\u0646\u0627\u0637\u0642 \u0627\u0644\u0627\u0633\u062a\u062e\u062f\u0627\u0645<\/h6>\n<ul>\n<li>\n<h6>\u062d\u0627\u0645\u0636 \u0643\u064a\u0645\u0627\u0648\u064a \u060c \u0645\u0630\u064a\u0628 \u060c \u0646\u0641\u0637 \u0625\u0644\u062e \u0644\u062c\u0645\u064a\u0639 \u0627\u0644\u0643\u064a\u0645\u0627\u0648\u064a\u0627\u062a<\/h6>\n<\/li>\n<li>\n<h6>\u0641\u064a \u0645\u0635\u0627\u0646\u0639 \u0627\u0644\u062d\u062f\u064a\u062f \u0648\u0627\u0644\u0635\u0644\u0628<\/h6>\n<\/li>\n<li>\n<h6>\u0641\u064a \u0627\u0644\u0628\u064a\u0626\u0627\u062a \u0627\u0644\u062d\u0627\u0631\u0629<\/h6>\n<\/li>\n<li>\n<h6>\u0642\u0637\u0627\u0639 \u0627\u0644\u0633\u0641\u0646 \u0628\u0645\u064a\u0627\u0647 \u0627\u0644\u0628\u062d\u0631<\/h6>\n<\/li>\n<\/ul>\n<h6>VB \u0647\u064a \u0627\u0644\u062a\u062c\u0647\u064a\u0632\u0627\u062a \u0627\u0644\u0623\u0643\u062b\u0631 \u062a\u0641\u0636\u064a\u0644\u0627\u064b \u0644\u0633\u0647\u0648\u0644\u0629 \u0627\u0644\u0627\u0633\u062a\u062e\u062f\u0627\u0645 \u0648\u0627\u0644\u0645\u0639\u062f\u0627\u062a \u0627\u0644\u062a\u064a \u064a\u0645\u0643\u0646 \u0627\u0644\u0627\u0639\u062a\u0645\u0627\u062f \u0639\u0644\u064a\u0647\u0627<\/h6>\n<p style=\"text-align: center;\">\n    <a href=\"https:\/\/www.flow-hose.com.tr\/technical-info\/2-2\/kamloklar\" target=\"_blank\" class=\"button\" style=\"margin-top:12px;\" rel=\"noopener\">\u0627\u0646\u0642\u0631 \u0644\u0644\u062d\u0635\u0648\u0644 \u0639\u0644\u0649 \u062f\u0644\u064a\u0644 \u0643\u0627\u0645\u0644\u0648\u0643<\/a>\n<\/p>\n<p><iframe loading=\"lazy\" title=\"\u0623\u0646\u0648\u0627\u0639 \u0627\u0644\u0643\u0627\u0645\u0644\u0648\u0643\u060c \u0645\u062c\u0627\u0644\u0627\u062a \u0627\u0644\u0627\u0633\u062a\u062e\u062f\u0627\u0645\u060c \u0642\u0637\u0639 \u0627\u0644\u063a\u064a\u0627\u0631\" width=\"1020\" height=\"574\" src=\"https:\/\/www.youtube.com\/embed\/O8ZlzKEjfEQ?feature=oembed\" frameborder=\"0\" allow=\"accelerometer; autoplay; clipboard-write; encrypted-media; gyroscope; picture-in-picture; web-share\" referrerpolicy=\"strict-origin-when-cross-origin\" allowfullscreen><\/iframe><\/p>","protected":false},"excerpt":{"rendered":"<p>D Tipi Paslanmaz Kamlok (304) Paslanmaz Kamlok\u00a0( D T\u0130P\u0130) \u0130\u00c7TEN \u00a0D\u0130\u015eL\u0130 OLUP GENELL\u0130KLE \u00a0BSP \u00a0BORU D\u0130\u015e SE\u00c7ENE\u011e\u0130YLE M\u00dc\u015eTER\u0130M\u0130ZE SUNMAKTAYIZ KULLANIM ALANLARI K\u0130MYEV\u0130 MADDE AS\u0130T , SOLVENT , PETROL VB T\u00dcM K\u0130MYASALLAR \u0130\u00c7\u0130N DEM\u0130R \u00c7EL\u0130K FABR\u0130KALARINDA SICAK ORTAMLAR DA GEM\u0130 SEKT\u00d6R\u00dc DEN\u0130Z SUYU VB B\u0130R \u00c7OK AMACA UYGUN KULLANIM KOLAYLI\u011eI VE G\u00dcVEN\u0130L\u0130R EK\u0130PMAN OLMASI EN \u00c7OK [&#8230;]\n","protected":false},"featured_media":12677,"comment_status":"open","ping_status":"closed","template":"","meta":{"jetpack_post_was_ever_published":false},"product_brand":[],"product_cat":[2338],"product_tag":[271,317,278,270,269,277,666,1081,274,276,275],"class_list":{"0":"post-12847","1":"product","2":"type-product","3":"status-publish","4":"has-post-thumbnail","6":"product_cat-304-paslanmaz-kamloklar","7":"product_tag-baglanti-elemani","8":"product_tag-d-tipi","9":"product_tag-hizli-baglanti","10":"product_tag-hortum-baglantisi","11":"product_tag-kamlok","12":"product_tag-kolay-baglanti","13":"product_tag-paslanmaz","14":"product_tag-polyamid","15":"product_tag-sok","16":"product_tag-sok-tak","17":"product_tag-tak","19":"first","20":"instock","21":"taxable","22":"shipping-taxable","23":"product-type-variable"},"jetpack-related-posts":[],"jetpack_sharing_enabled":true,"jetpack_likes_enabled":true,"_links":{"self":[{"href":"https:\/\/tuzlahortum.com.tr\/ar\/wp-json\/wp\/v2\/product\/12847","targetHints":{"allow":["GET"]}}],"collection":[{"href":"https:\/\/tuzlahortum.com.tr\/ar\/wp-json\/wp\/v2\/product"}],"about":[{"href":"https:\/\/tuzlahortum.com.tr\/ar\/wp-json\/wp\/v2\/types\/product"}],"replies":[{"embeddable":true,"href":"https:\/\/tuzlahortum.com.tr\/ar\/wp-json\/wp\/v2\/comments?post=12847"}],"wp:featuredmedia":[{"embeddable":true,"href":"https:\/\/tuzlahortum.com.tr\/ar\/wp-json\/wp\/v2\/media\/12677"}],"wp:attachment":[{"href":"https:\/\/tuzlahortum.com.tr\/ar\/wp-json\/wp\/v2\/media?parent=12847"}],"wp:term":[{"taxonomy":"product_brand","embeddable":true,"href":"https:\/\/tuzlahortum.com.tr\/ar\/wp-json\/wp\/v2\/product_brand?post=12847"},{"taxonomy":"product_cat","embeddable":true,"href":"https:\/\/tuzlahortum.com.tr\/ar\/wp-json\/wp\/v2\/product_cat?post=12847"},{"taxonomy":"product_tag","embeddable":true,"href":"https:\/\/tuzlahortum.com.tr\/ar\/wp-json\/wp\/v2\/product_tag?post=12847"}],"curies":[{"name":"\u062f\u0628\u0644\u064a\u0648 \u0628\u064a","href":"https:\/\/api.w.org\/{rel}","templated":true}]}}