{"id":12156,"date":"2020-10-07T08:39:16","date_gmt":"2020-10-07T05:39:16","guid":{"rendered":"https:\/\/tuzlahortum.com.tr\/?post_type=product&#038;p=12156"},"modified":"2024-03-21T17:38:27","modified_gmt":"2024-03-21T14:38:27","slug":"telli-seffaf-hortumlar-kopya","status":"publish","type":"product","link":"https:\/\/tuzlahortum.com.tr\/ar\/product\/telli-seffaf-hortumlar-kopya\/","title":{"rendered":"\u062e\u0631\u0637\u0648\u0645 \u0632\u064a\u062a \u0632\u064a\u062a\u0648\u0646 \u0633\u0644\u0643 \u0634\u0641\u0627\u0641"},"content":{"rendered":"<h2>\u062e\u0631\u0637\u0648\u0645 \u0632\u064a\u062a \u0632\u064a\u062a\u0648\u0646 \u0633\u0644\u0643 \u0634\u0641\u0627\u0641<\/h2>\n<p>\u062e\u0631\u0637\u0648\u0645 PU \u0627\u0644\u062d\u0644\u0632\u0648\u0646\u064a \u0628\u0633\u0644\u0643 \u0641\u0648\u0644\u0627\u0630\u064a \u0644\u0634\u0641\u0637 \u0648\u062a\u0648\u0635\u064a\u0644 \u0627\u0644\u0633\u0648\u0627\u0626\u0644 \u0627\u0644\u063a\u0630\u0627\u0626\u064a\u0629 \u0648\u0627\u0644\u0632\u064a\u0648\u062a \u0627\u0644\u0646\u0628\u0627\u062a\u064a\u0629.<\/p>\n<p>\u0645\u0639\u0627\u064a\u064a\u0631 \u0627\u0644\u0627\u062a\u062d\u0627\u062f \u0627\u0644\u0623\u0648\u0631\u0648\u0628\u064a EU 10\/2011 ABC D2 \u0648\u0627\u0644\u0632\u064a\u0648\u062a \u0627\u0644\u0646\u0628\u0627\u062a\u064a\u0629 \u060c<\/p>\n<p>\u064a\u0633\u062a\u062e\u062f\u0645 \u0644\u0627\u0645\u062a\u0635\u0627\u0635 \u0648\u0646\u0642\u0644 \u0627\u0644\u0632\u064a\u0648\u062a \u0627\u0644\u0635\u0646\u0627\u0639\u064a\u0629 \u0648\u0647\u0648 \u0639\u062f\u064a\u0645 \u0627\u0644\u0631\u0627\u0626\u062d\u0629.<\/p>\n<p>\u0625\u0646\u0647\u0627 \u0645\u0646\u0627\u0633\u0628\u0629 \u0644\u0644\u0627\u0633\u062a\u062e\u062f\u0627\u0645 \u0641\u064a \u0646\u0642\u0644 \u0627\u0644\u0645\u0648\u0627\u062f \u0627\u0644\u0643\u064a\u0645\u064a\u0627\u0626\u064a\u0629 \u0627\u0644\u062e\u0641\u064a\u0641\u0629.<\/p>\n<div class=\"video video-fit mb\" style=\"padding-top:56.25%;\"><p><iframe loading=\"lazy\" title=\"\u0627\u0631\u062a\u0628\u0627\u0643 \u0627\u0644\u0642\u064a\u0627\u0633 (\u0628\u0648\u0635\u0629\u060c \u0625\u0635\u0628\u0639\u060c \u0636\u0628\u0627\u0628\u060c \u0645\u0644\u0644\u064a\u0645\u062a\u0631)\" width=\"1020\" height=\"574\" src=\"https:\/\/www.youtube.com\/embed\/uKk6AG_AZls?feature=oembed\" frameborder=\"0\" allow=\"accelerometer; autoplay; clipboard-write; encrypted-media; gyroscope; picture-in-picture\" allowfullscreen><\/iframe><\/p>\n<\/div>\n<div class=\"video video-fit mb\" style=\"padding-top:56.25%;\"><p>https:\/\/www.youtube.com\/watch?v=O8ZlzKEjfEQ%20<\/p>\n<\/div>","protected":false},"excerpt":{"rendered":"<p>Telli \u015eeffaf Hortum Zeytinya\u011f\u0131 G\u0131da s\u0131v\u0131lar\u0131n\u0131n ve bitkisel ya\u011flar\u0131n\u0131n emilmesi ve iletilmesi i\u00e7in\u00a0 \u00e7elik telli spiralli PU hortum. Avrupa Birli\u011fi EU 10\/2011 A B C\u00a0 D2\u00a0 Normlar\u0131na uygun\u00a0 ve bitkisel ya\u011flar\u0131n, End\u00fcstriyel ya\u011flar\u0131n emilmesi ve iletilmesi kullan\u0131l\u0131r ve kokusuzdur. Hafif kimyasallar\u0131n transferlerinde kullan\u0131ma uygundur.<\/p>","protected":false},"featured_media":12221,"comment_status":"open","ping_status":"closed","template":"","meta":{"jetpack_post_was_ever_published":false},"product_brand":[],"product_cat":[170,172],"product_tag":[646,1204,402,526,1190,387,290,1019,549,1203,572,573],"class_list":{"0":"post-12156","1":"product","2":"type-product","3":"status-publish","4":"has-post-thumbnail","6":"product_cat-seffaf-hortumlar","7":"product_cat-telli-seffaf-hortumlar","8":"product_tag-celik","9":"product_tag-celik-telli-seffaf-hortum","10":"product_tag-gida","11":"product_tag-gida-isleme","12":"product_tag-gida-urunleri","13":"product_tag-gidaya-uygun","14":"product_tag-hortum","15":"product_tag-seffaf","16":"product_tag-sivi-gida","17":"product_tag-telli","18":"product_tag-yagli-gida","19":"product_tag-zeytinyag","21":"first","22":"instock","23":"taxable","24":"shipping-taxable","25":"product-type-variable"},"jetpack-related-posts":[],"jetpack_sharing_enabled":true,"jetpack_likes_enabled":true,"_links":{"self":[{"href":"https:\/\/tuzlahortum.com.tr\/ar\/wp-json\/wp\/v2\/product\/12156","targetHints":{"allow":["GET"]}}],"collection":[{"href":"https:\/\/tuzlahortum.com.tr\/ar\/wp-json\/wp\/v2\/product"}],"about":[{"href":"https:\/\/tuzlahortum.com.tr\/ar\/wp-json\/wp\/v2\/types\/product"}],"replies":[{"embeddable":true,"href":"https:\/\/tuzlahortum.com.tr\/ar\/wp-json\/wp\/v2\/comments?post=12156"}],"wp:featuredmedia":[{"embeddable":true,"href":"https:\/\/tuzlahortum.com.tr\/ar\/wp-json\/wp\/v2\/media\/12221"}],"wp:attachment":[{"href":"https:\/\/tuzlahortum.com.tr\/ar\/wp-json\/wp\/v2\/media?parent=12156"}],"wp:term":[{"taxonomy":"product_brand","embeddable":true,"href":"https:\/\/tuzlahortum.com.tr\/ar\/wp-json\/wp\/v2\/product_brand?post=12156"},{"taxonomy":"product_cat","embeddable":true,"href":"https:\/\/tuzlahortum.com.tr\/ar\/wp-json\/wp\/v2\/product_cat?post=12156"},{"taxonomy":"product_tag","embeddable":true,"href":"https:\/\/tuzlahortum.com.tr\/ar\/wp-json\/wp\/v2\/product_tag?post=12156"}],"curies":[{"name":"\u062f\u0628\u0644\u064a\u0648 \u0628\u064a","href":"https:\/\/api.w.org\/{rel}","templated":true}]}}