{"id":11947,"date":"2020-06-17T10:27:35","date_gmt":"2020-06-17T07:27:35","guid":{"rendered":"https:\/\/tuzlahortum.com.tr\/?post_type=product&#038;p=11947"},"modified":"2025-08-20T11:56:20","modified_gmt":"2025-08-20T08:56:20","slug":"antistatik-granul-hortum","status":"publish","type":"product","link":"https:\/\/tuzlahortum.com.tr\/ar\/product\/antistatik-granul-hortum\/","title":{"rendered":"\u062e\u0631\u0637\u0648\u0645 \u0627\u0644\u062d\u0628\u064a\u0628\u0627\u062a \u0627\u0644\u0645\u0636\u0627\u062f \u0644\u0644\u0643\u0647\u0631\u0628\u0627\u0621 \u0627\u0644\u0633\u0627\u0643\u0646\u0629"},"content":{"rendered":"<h2>\u062e\u0631\u0637\u0648\u0645 \u0627\u0644\u062d\u0628\u064a\u0628\u0627\u062a \u0627\u0644\u0645\u0636\u0627\u062f \u0644\u0644\u0643\u0647\u0631\u0628\u0627\u0621 \u0627\u0644\u0633\u0627\u0643\u0646\u0629<\/h2>\n<h3>\u062e\u0631\u0637\u0648\u0645 \u0627\u0644\u062d\u0628\u064a\u0628\u0627\u062a \u0627\u0644\u0645\u0636\u0627\u062f \u0644\u0644\u0643\u0647\u0631\u0628\u0627\u0621 \u0627\u0644\u0633\u0627\u0643\u0646\u0629<\/h3>\n<p>\u0625\u0646\u0647 \u0645\u0642\u0648\u0649 \u0628\u0640 PVC\u060c \u0633\u0637\u062d\u0647 \u0627\u0644\u062f\u0627\u062e\u0644\u064a \u0623\u0645\u0644\u0633 \u0648\u0645\u0635\u0646\u0648\u0639 \u0645\u0646 \u0637\u0628\u0642\u0629 PU (\u0627\u0644\u0628\u0648\u0644\u064a \u064a\u0648\u0631\u064a\u062b\u064a\u0646)\u060c \u0648\u0627\u0644\u062c\u0632\u0621 \u0627\u0644\u062e\u0627\u0631\u062c\u064a \u0645\u0646 \u0627\u0644\u0644\u0648\u0627\u0644\u0628 PVC \u0645\u0644\u0641\u0648\u0641 \u0628\u0633\u0644\u0643 \u0646\u062d\u0627\u0633\u064a\u060c \u0644\u0630\u0644\u0643 \u0644\u062f\u064a\u0647\u0645 \u0647\u064a\u0643\u0644 \u0645\u0636\u0627\u062f \u0644\u0644\u0643\u0647\u0631\u0628\u0627\u0621 \u0627\u0644\u0633\u0627\u0643\u0646\u0629. \u0628\u0641\u0636\u0644 \u0647\u0630\u0647 \u0627\u0644\u0645\u064a\u0632\u0627\u062a\u060c \u0641\u0647\u0648 \u0645\u0642\u0627\u0648\u0645 \u0644\u0644\u063a\u0627\u064a\u0629 \u0644\u0644\u062a\u0622\u0643\u0644 \u0648\u0627\u0644\u0642\u0637\u0639 \u0648\u0627\u0644\u062c\u0632\u064a\u0626\u0627\u062a \u0627\u0644\u062c\u0648\u064a\u0629 \u0648\u0627\u0644\u0643\u0627\u0626\u0646\u0627\u062a \u0627\u0644\u062d\u064a\u0629 \u0627\u0644\u062f\u0642\u064a\u0642\u0629. \u0645\u062b\u0627\u0644\u064a\u0629 \u0644\u0644\u0627\u0633\u062a\u062e\u062f\u0627\u0645 \u0641\u064a \u0634\u0641\u0637 \u0648\u062a\u0641\u0631\u064a\u063a \u0627\u0644\u062d\u0628\u064a\u0628\u0627\u062a \u0648\u0627\u0644\u0645\u0648\u0627\u062f \u0627\u0644\u0643\u0627\u0634\u0637\u0629 \u0648\u0627\u0644\u0645\u0633\u0627\u062d\u064a\u0642 \u0648\u0627\u0644\u062d\u0628\u0648\u0628 \u0648\u0627\u0644\u0645\u0646\u062a\u062c\u0627\u062a \u0627\u0644\u063a\u0630\u0627\u0626\u064a\u0629 \u0627\u0644\u062c\u0627\u0641\u0629. \u0648\u064a\u0645\u0643\u0646 \u0627\u0633\u062a\u062e\u062f\u0627\u0645\u0647 \u0623\u064a\u0636\u064b\u0627 \u0628\u0623\u0645\u0627\u0646 \u0641\u064a \u0627\u0644\u0628\u064a\u0626\u0627\u062a \u0627\u0644\u062a\u064a \u062a\u062a\u0637\u0644\u0628 \u0636\u063a\u0637\u064b\u0627 \u0645\u062a\u0648\u0633\u0637\u064b\u0627. \u064a\u0648\u0641\u0631 \u0647\u064a\u0643\u0644\u0647\u0627 \u0627\u0644\u0645\u062a\u064a\u0646 \u0648\u0645\u064a\u0632\u0627\u062a\u0647\u0627 \u0627\u0644\u0645\u0636\u0627\u062f\u0629 \u0644\u0644\u0643\u0647\u0631\u0628\u0627\u0621 \u0627\u0644\u0633\u0627\u0643\u0646\u0629 \u0623\u062f\u0627\u0621\u064b \u0645\u0648\u062b\u0648\u0642\u064b\u0627 \u0628\u0647 \u0641\u064a \u0627\u0644\u062a\u0637\u0628\u064a\u0642\u0627\u062a \u0627\u0644\u0635\u0646\u0627\u0639\u064a\u0629. \u0648\u0628\u0641\u0636\u0644 \u0647\u0630\u0647 \u0627\u0644\u0645\u064a\u0632\u0627\u062a\u060c \u0641\u0625\u0646\u0647 \u064a\u0642\u062f\u0645 \u062d\u0644\u0627\u064b \u0641\u0639\u0627\u0644\u0627\u064b \u0648\u0637\u0648\u064a\u0644 \u0627\u0644\u0623\u0645\u062f \u0641\u064a \u0627\u0644\u0628\u064a\u0626\u0627\u062a \u0627\u0644\u0635\u0646\u0627\u0639\u064a\u0629 \u0627\u0644\u0645\u062e\u062a\u0644\u0641\u0629.<\/p>\n<div class=\"video video-fit mb\" style=\"padding-top:56.25%;\"><p><iframe loading=\"lazy\" title=\"\u0627\u0631\u062a\u0628\u0627\u0643 \u0627\u0644\u0642\u064a\u0627\u0633 (\u0628\u0648\u0635\u0629\u060c \u0625\u0635\u0628\u0639\u060c \u0636\u0628\u0627\u0628\u060c \u0645\u0644\u0644\u064a\u0645\u062a\u0631)\" width=\"1020\" height=\"574\" src=\"https:\/\/www.youtube.com\/embed\/uKk6AG_AZls?feature=oembed\" frameborder=\"0\" allow=\"accelerometer; autoplay; clipboard-write; encrypted-media; gyroscope; picture-in-picture; web-share\" referrerpolicy=\"strict-origin-when-cross-origin\" allowfullscreen><\/iframe><\/p>\n<\/div>","protected":false},"excerpt":{"rendered":"<p>Antistatik Gran\u00fcl Hortumu Antistatik Gran\u00fcl Hortumu PVC takviyeli, i\u00e7 y\u00fczeyi d\u00fcz ve PU (poli\u00fcretan) tabakadan mam\u00fcl, PVC spirallerin d\u0131\u015f\u0131 bak\u0131r tel ile sarg\u0131l\u0131 oldu\u011fundan antistatik \u00f6zellikli bir yap\u0131ya sahiptir. Bu \u00f6zellikleri sayesinde, a\u015f\u0131nmaya, kesilmeye, atmosferik partik\u00fcllere ve mikroorganizmalara kar\u015f\u0131 son derece diren\u00e7lidir. Gran\u00fcllerin, a\u015f\u0131nd\u0131r\u0131c\u0131 maddelerin, tozlar\u0131n, tah\u0131l ve kuru g\u0131da \u00fcr\u00fcnlerinin emi\u015f ve tahliyesinde kullan\u0131m [&#8230;]\n","protected":false},"featured_media":11949,"comment_status":"open","ping_status":"closed","template":"","meta":{"jetpack_post_was_ever_published":false},"product_brand":[],"product_cat":[2323,147],"product_tag":[480,2324,620,590,389,381],"class_list":{"0":"post-11947","1":"product","2":"type-product","3":"status-publish","4":"has-post-thumbnail","6":"product_cat-antistatik-granul","7":"product_cat-poliuretan-pu-flex-hortumlari","8":"product_tag-antistatik","9":"product_tag-antistatik-granul","10":"product_tag-asindirici","11":"product_tag-asindirici-kuru-gida-tahliye","12":"product_tag-granul","13":"product_tag-poliuretan","15":"first","16":"outofstock","17":"taxable","18":"shipping-taxable","19":"product-type-variable"},"jetpack-related-posts":[],"jetpack_sharing_enabled":true,"jetpack_likes_enabled":true,"_links":{"self":[{"href":"https:\/\/tuzlahortum.com.tr\/ar\/wp-json\/wp\/v2\/product\/11947","targetHints":{"allow":["GET"]}}],"collection":[{"href":"https:\/\/tuzlahortum.com.tr\/ar\/wp-json\/wp\/v2\/product"}],"about":[{"href":"https:\/\/tuzlahortum.com.tr\/ar\/wp-json\/wp\/v2\/types\/product"}],"replies":[{"embeddable":true,"href":"https:\/\/tuzlahortum.com.tr\/ar\/wp-json\/wp\/v2\/comments?post=11947"}],"wp:featuredmedia":[{"embeddable":true,"href":"https:\/\/tuzlahortum.com.tr\/ar\/wp-json\/wp\/v2\/media\/11949"}],"wp:attachment":[{"href":"https:\/\/tuzlahortum.com.tr\/ar\/wp-json\/wp\/v2\/media?parent=11947"}],"wp:term":[{"taxonomy":"product_brand","embeddable":true,"href":"https:\/\/tuzlahortum.com.tr\/ar\/wp-json\/wp\/v2\/product_brand?post=11947"},{"taxonomy":"product_cat","embeddable":true,"href":"https:\/\/tuzlahortum.com.tr\/ar\/wp-json\/wp\/v2\/product_cat?post=11947"},{"taxonomy":"product_tag","embeddable":true,"href":"https:\/\/tuzlahortum.com.tr\/ar\/wp-json\/wp\/v2\/product_tag?post=11947"}],"curies":[{"name":"\u062f\u0628\u0644\u064a\u0648 \u0628\u064a","href":"https:\/\/api.w.org\/{rel}","templated":true}]}}