{"id":1015,"date":"2019-02-07T00:04:26","date_gmt":"2019-02-06T21:04:26","guid":{"rendered":"http:\/\/hortum.com.tr\/product\/import-placeholder-for-380\/"},"modified":"2024-03-21T17:39:26","modified_gmt":"2024-03-21T14:39:26","slug":"afs-silencer","status":"publish","type":"product","link":"https:\/\/tuzlahortum.com.tr\/ar\/product\/afs-silencer\/","title":{"rendered":"\u0643\u0627\u062a\u0645 \u0627\u0644\u0635\u0648\u062a AFS"},"content":{"rendered":"<h2>AFS Silencer<\/h2>\n<div>Yuvarlak kanal tipi susturucular<\/div>\n<div>\n<h4>Genel \u00d6zellikler<\/h4>\n<table class=\"table table-hover table-bordered\">\n<tbody>\n<tr>\n<th class=\"urunDetayth\">Flexible Kanal Konstr\u00fcksiyonu<\/th>\n<td>[3 kat Al\u00fcminyum + 2 kat Polyester] (Perfore)<\/td>\n<\/tr>\n<tr>\n<th class=\"urunDetayth\">Flexible Kanal Nominal Kal\u0131nl\u0131\u011f\u0131<\/th>\n<td>70 mikron<\/td>\n<\/tr>\n<tr>\n<th class=\"urunDetayth\">Ceket Kontr\u00fcksiyonu<\/th>\n<td>1 kat Al\u00fcminyum + 2 kat Polyester<\/td>\n<\/tr>\n<tr>\n<th class=\"urunDetayth\">Ceket Nominal Kal\u0131nl\u0131\u011f\u0131<\/th>\n<td>45 mikron<\/td>\n<\/tr>\n<tr>\n<th class=\"urunDetayth\">\u0130zolasyon &#8211; Kal\u0131nl\u0131k &#8211; Yo\u011funluk<\/th>\n<td>Cam Y\u00fcn\u00fc 25 mm &#8211; 16 kg\/m\u00b3<\/td>\n<\/tr>\n<tr>\n<th class=\"urunDetayth\">\u00c7al\u0131\u015fma S\u0131cakl\u0131\u011f\u0131 Aral\u0131\u011f\u0131<\/th>\n<td>-30 \u00b0C \/ +150 \u00b0C<\/td>\n<\/tr>\n<tr>\n<th class=\"urunDetayth\">Hava Ak\u0131\u015f H\u0131z\u0131<\/th>\n<td>30 m\/s (maksimum)<\/td>\n<\/tr>\n<tr>\n<th class=\"urunDetayth\">\u00c7al\u0131\u015fma Bas\u0131nc\u0131<\/th>\n<td>3000 Pa (maksimum)<\/td>\n<\/tr>\n<tr>\n<th class=\"urunDetayth\">Standart Uzunluk<\/th>\n<td>0.5 m \/ 0.6 m \/ 1.0 m \/ 2.0 m<\/td>\n<\/tr>\n<tr>\n<th class=\"urunDetayth\">Paketleme<\/th>\n<td>\u00c7oklu kutulama<\/td>\n<\/tr>\n<tr>\n<th class=\"urunDetayth\">Ate\u015fe Tepki<\/th>\n<td>Alev Y\u00fcr\u00fctmez<\/td>\n<\/tr>\n<\/tbody>\n<\/table>\n<div><\/div>\n<\/div>\n<div class=\"txt\"><div class=\"video video-fit mb\" style=\"padding-top:56.25%;\"><p><iframe loading=\"lazy\" title=\"\u00d6l\u00e7\u00fc Karma\u015fas\u0131 (Inch, Parmak, Pus, Milimetre)\" width=\"1020\" height=\"574\" src=\"https:\/\/www.youtube.com\/embed\/uKk6AG_AZls?feature=oembed\" frameborder=\"0\" allow=\"accelerometer; autoplay; clipboard-write; encrypted-media; gyroscope; picture-in-picture; web-share\" referrerpolicy=\"strict-origin-when-cross-origin\" allowfullscreen><\/iframe><\/p>\n<\/div><\/div>\n<div><\/div>\n<div>\n<div class=\"txt\">SILENCERAFS yuvarlak kanal tipi susturucular, hava \u00fc\u015feme ve da\u011f\u0131t\u0131m elemanlar\u0131<\/div>\n<div class=\"txt\">vas\u0131tas\u0131yla ortama yay\u0131lan, ses seviyesi de\u011ferlerini konfor \u015fartlar\u0131na indirebilmek amac\u0131yla<\/div>\n<div class=\"txt\">\u00f6zel olarak dizayn edilmi\u015ftir. Ses seviyelerinin d\u00fc\u015f\u00fcr\u00fclmesi i\u00e7in en ekonomik \u00e7\u00f6z\u00fcmd\u00fcr.<\/div>\n<div class=\"txt\">D\u00fc\u015f\u00fck ve orta bas\u0131n\u00e7ta \u00e7al\u0131\u015fan t\u00fcm havaland\u0131rma ve iklimlendirme sistemlerinde kullan\u0131labilir.<\/div>\n<div class=\"txt\">\u00c7ok katl\u0131 laminasyonlu al\u00fcminyum ve polyester malzemenin y\u00fcksek gerilimli helezon \u00e7elik<\/div>\n<div class=\"txt\">tel ile takviyesiyle \u00fcretilen ALUAFS al\u00fcminyum flexible hava kanallar\u0131n\u0131n perfore hale<\/div>\n<div class=\"txt\">getirilmesinden sonra cam y\u00fcn\u00fc ile izole edilmesiyle \u00fcretilmi\u015ftir. \u0130zolasyon malzemesinin<\/div>\n<div class=\"txt\">\u00fczerine al\u00fcminyum telli ya da telsiz ceket yani nem bariyeri giydirilmi\u015ftir. SILENCERAFS<\/div>\n<div class=\"txt\">yuvarlak kanal tipi susturucular\u0131n oval, yuvarlak ve k\u00f6\u015fe birle\u015fme yerlerinde montaj\u0131 kolayd\u0131r.<\/div>\n<h4>\u00d6zellikler ve Avantajlar<\/h4>\n<div class=\"wrp clearfix\">\n<div class=\"tripleContent\">\n<p><b>ALUM\u0130NYUM LAM\u0130NASYONLU M\u0130KROPERFORE \u0130\u00c7 FLEX\u0130BLE<\/b><\/p>\n<div class=\"txt\">\u00a0 Ses d\u00fc\u015f\u00fcm\u00fc Alev y\u00fcr\u00fctmez UV \u0131\u015f\u0131nlar\u0131na y\u00fcksek dayan\u0131m Kimyasal diren\u00e7 D\u00fc\u015f\u00fck koruma ve bak\u0131m giderleri<\/div>\n<\/div>\n<div class=\"tripleContent\">\n<p><b>FLEXIBLE ve S\u00dcREKL\u0130 YAPI<\/b><\/p>\n<div class=\"txt\">\u00a0 Stoklama kolayl\u0131\u011f\u0131 Ta\u015f\u0131ma kolayl\u0131\u011f\u0131 D\u00fc\u015f\u00fck i\u015f\u00e7ilik giderleri Y\u0131rt\u0131lma ve darbelere kar\u015f\u0131 y\u00fcksek diren\u00e7 Hava s\u0131zd\u0131rmazl\u0131k Enerji verimlili\u011fi D\u00fc\u015f\u00fck i\u015fletme ve bak\u0131m giderleri<\/div>\n<\/div>\n<div class=\"tripleContent\">\n<p><b>D\u00dcZG\u00dcN \u0130\u00c7 C\u0130DAR<\/b><\/p>\n<div class=\"txt\">\u00a0 D\u00fc\u015f\u00fck bas\u0131n\u00e7 kayb\u0131 D\u00fc\u015f\u00fck i\u015fletme giderleri Partik\u00fcl tutmama<\/div>\n<\/div>\n<\/div>\n<div class=\"wrp clearfix\">\n<div class=\"tripleContent\">\n<p><b>Y\u00dcKSEK GER\u0130L\u0130ML\u0130 \u00c7EL\u0130K TEL<\/b><\/p>\n<div class=\"txt\">\u00a0 Y\u00fcksek mukavemet Deforme olmama Kolay montaj<\/div>\n<\/div>\n<div class=\"tripleContent\">\n<p><b>CAM Y\u00dcN\u00dc \u0130ZOLASYON<\/b><\/p>\n<div class=\"txt\">\u00a0 % 100 Yanmazl\u0131k (Sertifikal\u0131, EN 13501-1, Class A1) UL 723, Alev Yay\u0131l\u0131m\u0131 \u0130ndeksi = 0, Duman Geli\u015fimi \u0130ndeksi = 0 Elyaf erozyonu olmayan Enerji verimlili\u011fi M\u00fckemmel izolasyon karakteristi\u011fi Yo\u011fu\u015fmay\u0131 \u00f6nleme<\/div>\n<\/div>\n<\/div>\n<\/div>\n","protected":false},"excerpt":{"rendered":"<p>AFS Silencer Yuvarlak kanal tipi susturucular Genel \u00d6zellikler Flexible Kanal Konstr\u00fcksiyonu [3 kat Al\u00fcminyum + 2 kat Polyester] (Perfore) Flexible Kanal Nominal Kal\u0131nl\u0131\u011f\u0131 70 mikron Ceket Kontr\u00fcksiyonu 1 kat Al\u00fcminyum + 2 kat Polyester Ceket Nominal Kal\u0131nl\u0131\u011f\u0131 45 mikron \u0130zolasyon &#8211; Kal\u0131nl\u0131k &#8211; Yo\u011funluk Cam Y\u00fcn\u00fc 25 mm &#8211; 16 kg\/m\u00b3 \u00c7al\u0131\u015fma S\u0131cakl\u0131\u011f\u0131 Aral\u0131\u011f\u0131 -30 [&#8230;]\n","protected":false},"featured_media":6931,"comment_status":"open","ping_status":"closed","template":"","meta":{"jetpack_post_was_ever_published":false},"product_brand":[],"product_cat":[141],"product_tag":[1317,1320,1318,1316,369,378,1314,1315,1319,1313],"class_list":{"0":"post-1015","1":"product","2":"type-product","3":"status-publish","4":"has-post-thumbnail","6":"product_cat-yuvarlak-kanal-tipi-susturucular","7":"product_tag-aluminyum-laminasyonlu","8":"product_tag-esnek-hava-borusu","9":"product_tag-flexible","10":"product_tag-hava-useme","11":"product_tag-havalandirma","12":"product_tag-iklimlendirme","13":"product_tag-kanal-tipi","14":"product_tag-susturucu","15":"product_tag-tasima-kolyaligi","16":"product_tag-yuvarlak","18":"first","19":"instock","20":"taxable","21":"shipping-taxable","22":"product-type-variable"},"jetpack-related-posts":[{"id":8675,"url":"https:\/\/tuzlahortum.com.tr\/ar\/product\/sonoafs-alu-70b\/","url_meta":{"origin":1015,"position":0},"title":"SONOAFS-ALU.70B (PE \u062c\u0627\u0643\u064a\u062a)","author":"\u0130smail \u00c7elik","date":"22 \u0645\u0627\u0631\u0633 2019","format":false,"excerpt":"SONOAFS-ALU.70B (PE CEKET) Du\u0308\u015fu\u0308k ve orta bas\u0131n\u00e7ta \u00e7al\u0131\u015fan havaland\u0131rma ve iklimlendirme sistemlerine uygun Is\u0131 ve ses yal\u0131t\u0131ml\u0131 (izoleli) Formaldehit i\u00e7ermeyen cam y\u00fcn\u00fc ile izoleli flexible hava kanal\u0131 Flexible Kanal Konstr\u00fcksiyonu [3 kat Al\u00fcminyum + 2 kat Polyester] (Perfore) \/ Bariyer Flexible Kanal Nominal Kal\u0131nl\u0131\u011f\u0131 70 mikron Ceket Kontr\u00fcksiyonu 1 kat\u2026","rel":"","context":"\u062a\u062f\u0648\u064a\u0646\u0629 \u0645\u0634\u0627\u0628\u0647\u0629","block_context":{"text":"\u062a\u062f\u0648\u064a\u0646\u0629 \u0645\u0634\u0627\u0628\u0647\u0629","link":""},"img":{"alt_text":"","src":"https:\/\/i0.wp.com\/tuzlahortum.com.tr\/wp-content\/uploads\/2019\/03\/SONOAFS-ALU.70B-PE-CEKET.png?fit=800%2C800&ssl=1&resize=350%2C200","width":350,"height":200,"srcset":"https:\/\/i0.wp.com\/tuzlahortum.com.tr\/wp-content\/uploads\/2019\/03\/SONOAFS-ALU.70B-PE-CEKET.png?fit=800%2C800&ssl=1&resize=350%2C200 1x, https:\/\/i0.wp.com\/tuzlahortum.com.tr\/wp-content\/uploads\/2019\/03\/SONOAFS-ALU.70B-PE-CEKET.png?fit=800%2C800&ssl=1&resize=525%2C300 1.5x, https:\/\/i0.wp.com\/tuzlahortum.com.tr\/wp-content\/uploads\/2019\/03\/SONOAFS-ALU.70B-PE-CEKET.png?fit=800%2C800&ssl=1&resize=700%2C400 2x"},"classes":[]},{"id":592,"url":"https:\/\/tuzlahortum.com.tr\/ar\/product\/sonoafs-hijyen-green\/","url_meta":{"origin":1015,"position":1},"title":"\u0635\u0648\u0646\u0627\u0641\u0633-\u0623\u0644\u0648 \u0627\u0644\u0646\u0638\u0627\u0641\u0629 \u0627\u0644\u062e\u0636\u0631\u0627\u0621","author":"admin","date":"6 \u0641\u0628\u0631\u0627\u064a\u0631 2019","format":false,"excerpt":"SONOAFS-ALU H\u0130JYEN GREEN Greenguard Sertifikal\u0131 Is\u0131 ve Ses \u0130zoleli Al\u00fcminyum Hijyen Flexible Hava Kanallar\u0131 Flexible Kanal Konstr\u00fcksiyonu [3 kat Al\u00fcminyum + 2 kat Polyester + Hijyen Kaplama] (Perfore) \/ Bariyer Flexible Kanal Nominal Kal\u0131nl\u0131\u011f\u0131 70 mikron + Hijyen Kaplama Ceket Kontr\u00fcksiyonu 1 kat Al\u00fcminyum + 2 kat Polyester Ceket Nominal\u2026","rel":"","context":"\u062a\u062f\u0648\u064a\u0646\u0629 \u0645\u0634\u0627\u0628\u0647\u0629","block_context":{"text":"\u062a\u062f\u0648\u064a\u0646\u0629 \u0645\u0634\u0627\u0628\u0647\u0629","link":""},"img":{"alt_text":"","src":"https:\/\/i0.wp.com\/tuzlahortum.com.tr\/wp-content\/uploads\/2019\/03\/SONOAFS-ALU.B-HYGIENE-GREEN-1.png?fit=800%2C800&ssl=1&resize=350%2C200","width":350,"height":200,"srcset":"https:\/\/i0.wp.com\/tuzlahortum.com.tr\/wp-content\/uploads\/2019\/03\/SONOAFS-ALU.B-HYGIENE-GREEN-1.png?fit=800%2C800&ssl=1&resize=350%2C200 1x, https:\/\/i0.wp.com\/tuzlahortum.com.tr\/wp-content\/uploads\/2019\/03\/SONOAFS-ALU.B-HYGIENE-GREEN-1.png?fit=800%2C800&ssl=1&resize=525%2C300 1.5x, https:\/\/i0.wp.com\/tuzlahortum.com.tr\/wp-content\/uploads\/2019\/03\/SONOAFS-ALU.B-HYGIENE-GREEN-1.png?fit=800%2C800&ssl=1&resize=700%2C400 2x"},"classes":[]},{"id":593,"url":"https:\/\/tuzlahortum.com.tr\/ar\/product\/sonoafs-alu-forte-green\/","url_meta":{"origin":1015,"position":2},"title":"SONOAFS-ALU FORTE GREEN","author":"admin","date":"6 \u0641\u0628\u0631\u0627\u064a\u0631 2019","format":false,"excerpt":"SONOAFS-ALU FORTE GREENTipler Flexible Kanal Konstr\u00fcksiyonu 3 kat Al\u00fcminyum + 2 kat Polyester Flexible Kanal Nominal Kal\u0131nl\u0131\u011f\u0131 70 mikron Ceket Kontr\u00fcksiyonu 1 kat Al\u00fcminyum + 2 kat Polyester Ceket Nominal Kal\u0131nl\u0131\u011f\u0131 45 mikron \u0130zolasyon - Kal\u0131nl\u0131k - Yo\u011funluk Cam Y\u00fcn\u00fc 25 mm - 16 kg\/m\u00b3 \u00c7ap Aral\u0131\u011f\u0131 52 mm -\u2026","rel":"","context":"\u062a\u062f\u0648\u064a\u0646\u0629 \u0645\u0634\u0627\u0628\u0647\u0629","block_context":{"text":"\u062a\u062f\u0648\u064a\u0646\u0629 \u0645\u0634\u0627\u0628\u0647\u0629","link":""},"img":{"alt_text":"","src":"https:\/\/i0.wp.com\/tuzlahortum.com.tr\/wp-content\/uploads\/2019\/03\/SONOAFS-ALU.70B-FORTE-GREEN-1.png?fit=800%2C800&ssl=1&resize=350%2C200","width":350,"height":200,"srcset":"https:\/\/i0.wp.com\/tuzlahortum.com.tr\/wp-content\/uploads\/2019\/03\/SONOAFS-ALU.70B-FORTE-GREEN-1.png?fit=800%2C800&ssl=1&resize=350%2C200 1x, https:\/\/i0.wp.com\/tuzlahortum.com.tr\/wp-content\/uploads\/2019\/03\/SONOAFS-ALU.70B-FORTE-GREEN-1.png?fit=800%2C800&ssl=1&resize=525%2C300 1.5x, https:\/\/i0.wp.com\/tuzlahortum.com.tr\/wp-content\/uploads\/2019\/03\/SONOAFS-ALU.70B-FORTE-GREEN-1.png?fit=800%2C800&ssl=1&resize=700%2C400 2x"},"classes":[]},{"id":583,"url":"https:\/\/tuzlahortum.com.tr\/ar\/product\/isoafs-alu-forte-green\/","url_meta":{"origin":1015,"position":3},"title":"ISOAFS-ALU FORTE GREEN","author":"admin","date":"6 \u0641\u0628\u0631\u0627\u064a\u0631 2019","format":false,"excerpt":"ISOAFS-ALU FORTE GREENGreenguard Sertifikal\u0131 Is\u0131 \u0130zoleli Al\u00fcminyum Y\u00fcksek Mukavemetli Flexible Hava Kanallar\u0131 Tipler ISOAFS-ALU.F FORTE GREEN Genel \u00d6zellikler Flexible Kanal Konstr\u00fcksiyonu 3 kat Al\u00fcminyum + 2 kat Polyester Flexible Kanal Nominal Kal\u0131nl\u0131\u011f\u0131 70 mikron Ceket Kontr\u00fcksiyonu 1 kat Al\u00fcminyum + 2 kat Polyester Ceket Nominal Kal\u0131nl\u0131\u011f\u0131 45 mikron \u0130zolasyon -\u2026","rel":"","context":"\u062a\u062f\u0648\u064a\u0646\u0629 \u0645\u0634\u0627\u0628\u0647\u0629","block_context":{"text":"\u062a\u062f\u0648\u064a\u0646\u0629 \u0645\u0634\u0627\u0628\u0647\u0629","link":""},"img":{"alt_text":"","src":"https:\/\/i0.wp.com\/tuzlahortum.com.tr\/wp-content\/uploads\/2019\/03\/ISOAFS-ALU.70-FORTE-GREEN.png?fit=800%2C800&ssl=1&resize=350%2C200","width":350,"height":200,"srcset":"https:\/\/i0.wp.com\/tuzlahortum.com.tr\/wp-content\/uploads\/2019\/03\/ISOAFS-ALU.70-FORTE-GREEN.png?fit=800%2C800&ssl=1&resize=350%2C200 1x, https:\/\/i0.wp.com\/tuzlahortum.com.tr\/wp-content\/uploads\/2019\/03\/ISOAFS-ALU.70-FORTE-GREEN.png?fit=800%2C800&ssl=1&resize=525%2C300 1.5x, https:\/\/i0.wp.com\/tuzlahortum.com.tr\/wp-content\/uploads\/2019\/03\/ISOAFS-ALU.70-FORTE-GREEN.png?fit=800%2C800&ssl=1&resize=700%2C400 2x"},"classes":[]},{"id":585,"url":"https:\/\/tuzlahortum.com.tr\/ar\/product\/sonoafs-alu-green\/","url_meta":{"origin":1015,"position":4},"title":"\u0635\u0648\u0646\u0627\u0641\u0633 \u0623\u0644\u0648 \u062c\u0631\u064a\u0646","author":"admin","date":"6 \u0641\u0628\u0631\u0627\u064a\u0631 2019","format":false,"excerpt":"SONOAFS-ALU GREENGreenguard Sertifikal\u0131 Is\u0131 ve Ses \u0130zoleli Al\u00fcminyum Flexible Hava Kanallar\u0131 Flexible Kanal Konstr\u00fcksiyonu [3 kat Al\u00fcminyum + 2 kat Polyester] (Perfore) \/ Bariyer Flexible Kanal Nominal Kal\u0131nl\u0131\u011f\u0131 70 mikron Ceket Kontr\u00fcksiyonu 1 kat Al\u00fcminyum + 2 kat Polyester Ceket Nominal Kal\u0131nl\u0131\u011f\u0131 45 mikron \u0130zolasyon - Kal\u0131nl\u0131k - Yo\u011funluk Cam\u2026","rel":"","context":"\u062a\u062f\u0648\u064a\u0646\u0629 \u0645\u0634\u0627\u0628\u0647\u0629","block_context":{"text":"\u062a\u062f\u0648\u064a\u0646\u0629 \u0645\u0634\u0627\u0628\u0647\u0629","link":""},"img":{"alt_text":"","src":"https:\/\/i0.wp.com\/tuzlahortum.com.tr\/wp-content\/uploads\/2019\/03\/SONOAFS-ALU.70B-GREEN.png?fit=800%2C800&ssl=1&resize=350%2C200","width":350,"height":200,"srcset":"https:\/\/i0.wp.com\/tuzlahortum.com.tr\/wp-content\/uploads\/2019\/03\/SONOAFS-ALU.70B-GREEN.png?fit=800%2C800&ssl=1&resize=350%2C200 1x, https:\/\/i0.wp.com\/tuzlahortum.com.tr\/wp-content\/uploads\/2019\/03\/SONOAFS-ALU.70B-GREEN.png?fit=800%2C800&ssl=1&resize=525%2C300 1.5x, https:\/\/i0.wp.com\/tuzlahortum.com.tr\/wp-content\/uploads\/2019\/03\/SONOAFS-ALU.70B-GREEN.png?fit=800%2C800&ssl=1&resize=700%2C400 2x"},"classes":[]},{"id":590,"url":"https:\/\/tuzlahortum.com.tr\/ar\/product\/isoafs-alu-green\/","url_meta":{"origin":1015,"position":5},"title":"ISOAFS-ALU GREEN","author":"admin","date":"6 \u0641\u0628\u0631\u0627\u064a\u0631 2019","format":false,"excerpt":"ISOAFS-ALU GREENGreenguard Sertifikal\u0131 Is\u0131 \u0130zoleli Al\u00fcminyum Flexible Hava Kanallar\u0131 Tipler ISOAFS-ALU.70 GREEN ISOAFS-ALU F GREEN Genel \u00d6zellikler Flexible Kanal Konstr\u00fcksiyonu 3 kat Al\u00fcminyum + 1 kat Polyester Flexible Kanal Nominal Kal\u0131nl\u0131\u011f\u0131 74 mikron Ceket Kontr\u00fcksiyonu 1 kat Al\u00fcminyum + 2 kat Polyester Ceket Nominal Kal\u0131nl\u0131\u011f\u0131 45 mikron \u0130zolasyon - Kal\u0131nl\u0131k\u2026","rel":"","context":"\u062a\u062f\u0648\u064a\u0646\u0629 \u0645\u0634\u0627\u0628\u0647\u0629","block_context":{"text":"\u062a\u062f\u0648\u064a\u0646\u0629 \u0645\u0634\u0627\u0628\u0647\u0629","link":""},"img":{"alt_text":"","src":"https:\/\/i0.wp.com\/tuzlahortum.com.tr\/wp-content\/uploads\/2019\/03\/ISOAFS-ALU.70-GREEN.png?fit=800%2C800&ssl=1&resize=350%2C200","width":350,"height":200,"srcset":"https:\/\/i0.wp.com\/tuzlahortum.com.tr\/wp-content\/uploads\/2019\/03\/ISOAFS-ALU.70-GREEN.png?fit=800%2C800&ssl=1&resize=350%2C200 1x, https:\/\/i0.wp.com\/tuzlahortum.com.tr\/wp-content\/uploads\/2019\/03\/ISOAFS-ALU.70-GREEN.png?fit=800%2C800&ssl=1&resize=525%2C300 1.5x, https:\/\/i0.wp.com\/tuzlahortum.com.tr\/wp-content\/uploads\/2019\/03\/ISOAFS-ALU.70-GREEN.png?fit=800%2C800&ssl=1&resize=700%2C400 2x"},"classes":[]}],"jetpack_sharing_enabled":true,"jetpack_likes_enabled":true,"_links":{"self":[{"href":"https:\/\/tuzlahortum.com.tr\/ar\/wp-json\/wp\/v2\/product\/1015","targetHints":{"allow":["GET"]}}],"collection":[{"href":"https:\/\/tuzlahortum.com.tr\/ar\/wp-json\/wp\/v2\/product"}],"about":[{"href":"https:\/\/tuzlahortum.com.tr\/ar\/wp-json\/wp\/v2\/types\/product"}],"replies":[{"embeddable":true,"href":"https:\/\/tuzlahortum.com.tr\/ar\/wp-json\/wp\/v2\/comments?post=1015"}],"wp:featuredmedia":[{"embeddable":true,"href":"https:\/\/tuzlahortum.com.tr\/ar\/wp-json\/wp\/v2\/media\/6931"}],"wp:attachment":[{"href":"https:\/\/tuzlahortum.com.tr\/ar\/wp-json\/wp\/v2\/media?parent=1015"}],"wp:term":[{"taxonomy":"product_brand","embeddable":true,"href":"https:\/\/tuzlahortum.com.tr\/ar\/wp-json\/wp\/v2\/product_brand?post=1015"},{"taxonomy":"product_cat","embeddable":true,"href":"https:\/\/tuzlahortum.com.tr\/ar\/wp-json\/wp\/v2\/product_cat?post=1015"},{"taxonomy":"product_tag","embeddable":true,"href":"https:\/\/tuzlahortum.com.tr\/ar\/wp-json\/wp\/v2\/product_tag?post=1015"}],"curies":[{"name":"\u062f\u0628\u0644\u064a\u0648 \u0628\u064a","href":"https:\/\/api.w.org\/{rel}","templated":true}]}}