{"id":1013,"date":"2019-02-07T00:04:25","date_gmt":"2019-02-06T21:04:25","guid":{"rendered":"http:\/\/hortum.com.tr\/product\/import-placeholder-for-383\/"},"modified":"2024-03-21T17:39:28","modified_gmt":"2024-03-21T14:39:28","slug":"semiafs-inox","status":"publish","type":"product","link":"https:\/\/tuzlahortum.com.tr\/ar\/product\/semiafs-inox\/","title":{"rendered":"SEMIAFS-INOX"},"content":{"rendered":"<h2>SEMIAFS-INOX<\/h2>\n<div>\u0645\u062c\u0627\u0631\u064a \u0647\u0648\u0627\u0621 \u0634\u0628\u0647 \u0645\u0631\u0646\u0629 \u0645\u0646 \u0627\u0644\u0641\u0648\u0644\u0627\u0630 \u0627\u0644\u0645\u0642\u0627\u0648\u0645 \u0644\u0644\u0635\u062f\u0623<\/div>\n<div>\n<h4>\u0627\u0644\u0645\u0644\u0627\u0645\u062d \u0627\u0644\u0639\u0627\u0645\u0629<\/h4>\n<table class=\"table table-hover table-bordered\">\n<tbody>\n<tr>\n<th class=\"urunDetayth\">\u0628\u0646\u0627\u0621 \u0642\u0646\u0627\u0629 \u0645\u0631\u0646\u0629<\/th>\n<td>\u0637\u0628\u0642\u0629 \u0648\u0627\u062d\u062f\u0629 \u0645\u0646 \u0627\u0644\u0641\u0648\u0644\u0627\u0630 \u0627\u0644\u0645\u0642\u0627\u0648\u0645 \u0644\u0644\u0635\u062f\u0623 (316 \u0644\u062a\u0631) (\u0645\u0645\u0648\u062c)<\/td>\n<\/tr>\n<tr>\n<th class=\"urunDetayth\">\u0627\u0644\u0633\u0645\u0627\u0643\u0629 \u0627\u0644\u0627\u0633\u0645\u064a\u0629 \u0644\u0644\u0642\u0646\u0627\u0629 \u0627\u0644\u0645\u0631\u0646\u0629<\/th>\n<td>100 \u0645\u064a\u0643\u0631\u0648\u0646<\/td>\n<\/tr>\n<tr>\n<th class=\"urunDetayth\">\u0646\u0637\u0627\u0642 \u0627\u0644\u0642\u0637\u0631<\/th>\n<td>80 \u0645\u0645 - 800 \u0645\u0645<\/td>\n<\/tr>\n<tr>\n<th class=\"urunDetayth\">\u0646\u0637\u0627\u0642 \u0627\u0644\u062d\u0631\u0627\u0631\u0629 \u0627\u0644\u0634\u063a\u0627\u0644\u0629<\/th>\n<td>-30 \u062f\u0631\u062c\u0629 \u0645\u0626\u0648\u064a\u0629 \/ +800 \u062f\u0631\u062c\u0629 \u0645\u0626\u0648\u064a\u0629<\/td>\n<\/tr>\n<tr>\n<th class=\"urunDetayth\">\u0645\u0639\u062f\u0644 \u062a\u062f\u0641\u0642 \u0627\u0644\u0647\u0648\u0627\u0621<\/th>\n<td>30 \u0645 \/ \u062b (\u0643\u062d\u062f \u0623\u0642\u0635\u0649)<\/td>\n<\/tr>\n<tr>\n<th class=\"urunDetayth\">\u0636\u063a\u0637 \u0627\u0644\u062a\u0634\u063a\u064a\u0644<\/th>\n<td>3000 \u0628\u0627\u0633\u0643\u0627\u0644 (\u0643\u062d\u062f \u0623\u0642\u0635\u0649)<\/td>\n<\/tr>\n<tr>\n<th class=\"urunDetayth\">\u0637\u0648\u0644 \u0642\u064a\u0627\u0633\u064a<\/th>\n<td>1 \u0645 \/ 1.5 \u0645 \/ 2 \u0645 \/ 2.5 \u0645 \/ 3 \u0645 \/ 5 \u0645<\/td>\n<\/tr>\n<tr>\n<th class=\"urunDetayth\">\u0627\u0644\u062a\u0639\u0628\u0626\u0629 \u0648\u0627\u0644\u062a\u063a\u0644\u064a\u0641<\/th>\n<td>\u0643\u064a\u0633 \u0645\u0646 \u0627\u0644\u0646\u0627\u064a\u0644\u0648\u0646<\/td>\n<\/tr>\n<tr>\n<th class=\"urunDetayth\">\u0627\u0644\u062a\u0639\u0627\u0645\u0644 \u0645\u0639 \u0627\u0644\u062d\u0631\u064a\u0642<\/th>\n<td>\u0627\u0644\u0645\u0636\u0627\u062f \u0644\u0644\u0647\u0628<\/td>\n<\/tr>\n<\/tbody>\n<\/table>\n<div><\/div>\n<\/div>\n<div class=\"txt\"><div class=\"video video-fit mb\" style=\"padding-top:56.25%;\"><p><iframe loading=\"lazy\" title=\"\u0627\u0631\u062a\u0628\u0627\u0643 \u0627\u0644\u0642\u064a\u0627\u0633 (\u0628\u0648\u0635\u0629\u060c \u0625\u0635\u0628\u0639\u060c \u0636\u0628\u0627\u0628\u060c \u0645\u0644\u0644\u064a\u0645\u062a\u0631)\" width=\"1020\" height=\"574\" src=\"https:\/\/www.youtube.com\/embed\/uKk6AG_AZls?feature=oembed\" frameborder=\"0\" allow=\"accelerometer; autoplay; clipboard-write; encrypted-media; gyroscope; picture-in-picture; web-share\" referrerpolicy=\"strict-origin-when-cross-origin\" allowfullscreen><\/iframe><\/p>\n<\/div><\/div>\n<div><\/div>\n<div>\n<div class=\"txt\">\u0645\u062c\u0627\u0631\u064a \u0647\u0648\u0627\u0621 \u0634\u0628\u0647 \u0645\u0631\u0646\u0629 \u0645\u0646 \u0627\u0644\u0641\u0648\u0644\u0627\u0630 \u0627\u0644\u0645\u0642\u0627\u0648\u0645 \u0644\u0644\u0635\u062f\u0623 SEMIAFS-INOX \u060c \u0645\u0639 \u062c\u0645\u064a\u0639 \u0623\u0646\u0648\u0627\u0639 \u0627\u0644\u0648\u0642\u0648\u062f (\u0627\u0644\u063a\u0627\u0632 \u0627\u0644\u0637\u0628\u064a\u0639\u064a \u060c \u063a\u0627\u0632 \u0627\u0644\u0628\u062a\u0631\u0648\u0644 \u0627\u0644\u0645\u0633\u0627\u0644 \u060c \u0632\u064a\u062a \u0627\u0644\u0648\u0642\u0648\u062f \u060c \u0625\u0644\u062e) -<\/div>\n<div class=\"txt\">\u0648\u0635\u0644\u0627\u062a \u0627\u0644\u0645\u062f\u0627\u062e\u0646 \u0644\u0623\u062c\u0647\u0632\u0629 \u0627\u0644\u062a\u0634\u063a\u064a\u0644 \u060c \u0648\u0623\u0646\u0638\u0645\u0629 \u0646\u0642\u0644 \u0627\u0644\u0647\u0648\u0627\u0621 \u0627\u0644\u0633\u0627\u062e\u0646 \u0644\u0644\u063a\u0627\u064a\u0629 \u0627\u0644\u062a\u064a \u062a\u0639\u0645\u0644 \u0628\u0636\u063a\u0637 \u0639\u0627\u0644\u064d \u060c \u0648\u0639\u0644\u0649 \u0648\u062c\u0647 \u0627\u0644\u062e\u0635\u0648\u0635-<\/div>\n<div class=\"txt\">\u0634\u0628\u0647 \u0645\u0631\u0646 \u0645\u062a\u0639\u062f\u062f \u0627\u0644\u0623\u063a\u0631\u0627\u0636 \u0645\u0635\u0645\u0645 \u062e\u0635\u064a\u0635\u064b\u0627 \u0644\u0644\u062a\u0637\u0628\u064a\u0642\u0627\u062a \u0627\u0644\u062a\u064a \u062a\u062a\u0637\u0644\u0628 \u0642\u0648\u0629 \u0645\u064a\u0643\u0627\u0646\u064a\u0643\u064a\u0629 \u0639\u0627\u0644\u064a\u0629.<\/div>\n<div class=\"txt\">\u0647\u064a \u0627\u0644\u0642\u0646\u0627\u0629 \u0627\u0644\u0647\u0648\u0627\u0626\u064a\u0629. \u064a\u062a\u0645\u062a\u0639 SEMIAFS-INOX \u0628\u0627\u0644\u0642\u062f\u0631\u0629 \u0639\u0644\u0649 \u0627\u0644\u0627\u0646\u062d\u0646\u0627\u0621 \u0648\u0627\u0644\u0627\u0646\u062d\u0646\u0627\u0621 \u0648\u0627\u0644\u062a\u0645\u062f\u062f. SEMIAFS-INOX<\/div>\n<div class=\"txt\">\u0646\u0638\u0627\u0645 \u0627\u0644\u062a\u062b\u0628\u064a\u062a \u0627\u0644\u0645\u0633\u062a\u062e\u062f\u0645 \u0641\u064a \u0645\u062c\u0627\u0631\u064a \u0627\u0644\u0647\u0648\u0627\u0621 \u0634\u0628\u0647 \u0627\u0644\u0645\u0631\u0646\u0629 \u0627\u0644\u0645\u0635\u0646\u0648\u0639\u0629 \u0645\u0646 \u0627\u0644\u0641\u0648\u0644\u0627\u0630 \u0627\u0644\u0645\u0642\u0627\u0648\u0645 \u0644\u0644\u0635\u062f\u0623 \u0647\u0648 &quot;INTERLOCK&quot; \u060c \u0623\u064a \u0646\u0638\u0627\u0645 \u0627\u0644\u062a\u062b\u0628\u064a\u062a \u0627\u0644\u0645\u0632\u062f\u0648\u062c.<\/div>\n<div class=\"txt\">\u0644\u0627 \u064a\u0648\u062c\u062f \u0641\u0635\u0644 \u0648 \/ \u0623\u0648 \u062a\u0634\u0648\u0647 \u0644\u0634\u0631\u0627\u0626\u062d \u0627\u0644\u0641\u0648\u0644\u0627\u0630 \u0627\u0644\u0645\u0642\u0627\u0648\u0645 \u0644\u0644\u0635\u062f\u0623.<\/div>\n<h4>\u0627\u0644\u0645\u064a\u0632\u0627\u062a \u0648\u0627\u0644\u0641\u0648\u0627\u0626\u062f<\/h4>\n<div class=\"wrp clearfix\">\n<div class=\"tripleContent\">\n<p><b>316 \u0644\u062a\u0631 \u0645\u0646 \u0627\u0644\u0641\u0648\u0644\u0627\u0630 \u0627\u0644\u0645\u0642\u0627\u0648\u0645 \u0644\u0644\u0635\u062f\u0623 \u0628\u062c\u0648\u062f\u0629 \u0639\u0627\u0644\u064a\u0629<\/b><\/p>\n<div class=\"txt\">\u00a0 100\u066a \u063a\u064a\u0631 \u0642\u0627\u0628\u0644\u0629 \u0644\u0644\u0627\u0634\u062a\u0639\u0627\u0644 \u060c \u0627\u0644\u0623\u0634\u0639\u0629 \u0641\u0648\u0642 \u0627\u0644\u0628\u0646\u0641\u0633\u062c\u064a\u0629 \u060c \u0645\u0642\u0627\u0648\u0645\u0629 \u0639\u0627\u0644\u064a\u0629 \u0644\u0644\u0623\u0634\u0639\u0629 \u0641\u0648\u0642 \u0627\u0644\u0628\u0646\u0641\u0633\u062c\u064a\u0629 \u060c \u0645\u0642\u0627\u0648\u0645\u0629 \u0643\u064a\u0645\u064a\u0627\u0626\u064a\u0629<\/div>\n<\/div>\n<div class=\"tripleContent\">\n<p><b>\u0627\u0644\u0628\u0646\u0627\u0621 \u0634\u0628\u0647 \u0627\u0644\u0645\u0631\u0646<\/b><\/p>\n<div class=\"txt\">\u00a0 \u0633\u0647\u0648\u0644\u0629 \u0627\u0644\u0646\u0642\u0644 \u0648\u0627\u0644\u062a\u062e\u0632\u064a\u0646 \u062a\u0643\u0627\u0644\u064a\u0641 \u0639\u0645\u0627\u0644\u0629 \u0645\u0646\u062e\u0641\u0636\u0629<\/div>\n<\/div>\n<div class=\"tripleContent\">\n<p><b>\u0646\u0638\u0627\u0645 INTERLOCK CLAMP<\/b><\/p>\n<div class=\"txt\">\u00a0 \u0627\u0644\u0642\u0648\u0629 \u0627\u0644\u0645\u064a\u0643\u0627\u0646\u064a\u0643\u064a\u0629 \u0627\u0644\u062e\u062a\u0645 \u0643\u0641\u0627\u0621\u0629 \u0627\u0644\u0637\u0627\u0642\u0629<\/div>\n<\/div>\n<\/div>\n<\/div>","protected":false},"excerpt":{"rendered":"<p>SEMIAFS-INOX Paslanmaz \u00e7elik yar\u0131 esnek hava kanallar\u0131 Genel \u00d6zellikler Flexible Kanal Konstr\u00fcksiyonu 1 kat Paslanmaz \u00c7elik (316 L) (koruge) Flexible Kanal Nominal Kal\u0131nl\u0131\u011f\u0131 100 mikron \u00c7ap Aral\u0131\u011f\u0131 80 mm &#8211; 800 mm \u00c7al\u0131\u015fma S\u0131cakl\u0131\u011f\u0131 Aral\u0131\u011f\u0131 -30 \u00b0C \/ +800 \u00b0C Hava Ak\u0131\u015f H\u0131z\u0131 30 m\/s (maksimum) \u00c7al\u0131\u015fma Bas\u0131nc\u0131 3000 Pa (maksimum) Standart Uzunluk 1 m [&#8230;]\n","protected":false},"featured_media":1577,"comment_status":"open","ping_status":"closed","template":"","meta":[],"product_brand":[],"product_cat":[140],"product_tag":[265,1311,264,268,1312,1205,1310],"class_list":{"0":"post-1013","1":"product","2":"type-product","3":"status-publish","4":"has-post-thumbnail","6":"product_cat-yari-esnek-flexible-hava-kanali","7":"product_tag-bukulme","8":"product_tag-dusuk-bakim-ve-iscilik-giderleri","9":"product_tag-esneme","10":"product_tag-kimyasal-direnc","11":"product_tag-kivrilabilme","12":"product_tag-sizdirmazlik","13":"product_tag-yanmazlik","15":"first","16":"instock","17":"taxable","18":"shipping-taxable","19":"product-type-variable"},"jetpack-related-posts":[{"id":1012,"url":"https:\/\/tuzlahortum.com.tr\/ar\/product\/semiafs\/","url_meta":{"origin":1013,"position":0},"title":"\u0633\u064a\u0645\u064a\u0627\u0641\u0633","author":"admin","date":"7 \u0641\u0628\u0631\u0627\u064a\u0631 2019","format":false,"excerpt":"SEMIAFSAl\u00fcminyum yar\u0131 esnek hava kanallar\u0131 Genel \u00d6zellikler Flexible Kanal Konstr\u00fcksiyonu 1 kat Al\u00fcminyum (koruge) Flexible Kanal Nominal Kal\u0131nl\u0131\u011f\u0131 90 mikron \u00c7ap Aral\u0131\u011f\u0131 80 mm - 800 mm \u00c7al\u0131\u015fma S\u0131cakl\u0131\u011f\u0131 Aral\u0131\u011f\u0131 -25 \u00b0C \/ +250 \u00b0C Hava Ak\u0131\u015f H\u0131z\u0131 30 m\/s (maksimum) \u00c7al\u0131\u015fma Bas\u0131nc\u0131 3000 Pa (maksimum) Standart Uzunluk 1.5 m\u2026","rel":"","context":"\u062a\u062f\u0648\u064a\u0646\u0629 \u0645\u0634\u0627\u0628\u0647\u0629","block_context":{"text":"\u062a\u062f\u0648\u064a\u0646\u0629 \u0645\u0634\u0627\u0628\u0647\u0629","link":""},"img":{"alt_text":"","src":"https:\/\/i0.wp.com\/tuzlahortum.com.tr\/wp-content\/uploads\/urunler\/afs\/SEMIAFS.png?fit=550%2C410&ssl=1&resize=350%2C200","width":350,"height":200,"srcset":"https:\/\/i0.wp.com\/tuzlahortum.com.tr\/wp-content\/uploads\/urunler\/afs\/SEMIAFS.png?fit=550%2C410&ssl=1&resize=350%2C200 1x, https:\/\/i0.wp.com\/tuzlahortum.com.tr\/wp-content\/uploads\/urunler\/afs\/SEMIAFS.png?fit=550%2C410&ssl=1&resize=525%2C300 1.5x"},"classes":[]},{"id":581,"url":"https:\/\/tuzlahortum.com.tr\/ar\/product\/aluafs-70-green\/","url_meta":{"origin":1013,"position":1},"title":"\u0623\u0644\u0648\u0641\u0633 70 \u0623\u062e\u0636\u0631","author":"admin","date":"6 \u0641\u0628\u0631\u0627\u064a\u0631 2019","format":false,"excerpt":"ALUAFS.70 GREEN Flexible Kanal Konstr\u00fcksiyonu 3 kat Al\u00fcminyum + 2 kat Polyester Flexible Kanal Nominal Kal\u0131nl\u0131\u011f\u0131 70 mikron \u00c7ap Aral\u0131\u011f\u0131 52 mm - 800 mm \u00c7al\u0131\u015fma S\u0131cakl\u0131\u011f\u0131 Aral\u0131\u011f\u0131 -30 \u00b0C \/ +150 \u00b0C Hava Ak\u0131\u015f H\u0131z\u0131 30 m\/s (maksimum) \u00c7al\u0131\u015fma Bas\u0131nc\u0131 3000 Pa (maksimum) Standart Uzunluk 10 m Paketleme Tekli\u2026","rel":"","context":"\u062a\u062f\u0648\u064a\u0646\u0629 \u0645\u0634\u0627\u0628\u0647\u0629","block_context":{"text":"\u062a\u062f\u0648\u064a\u0646\u0629 \u0645\u0634\u0627\u0628\u0647\u0629","link":""},"img":{"alt_text":"","src":"https:\/\/i0.wp.com\/tuzlahortum.com.tr\/wp-content\/uploads\/2019\/03\/ALUAFS.70-GREEN.png?fit=800%2C800&ssl=1&resize=350%2C200","width":350,"height":200,"srcset":"https:\/\/i0.wp.com\/tuzlahortum.com.tr\/wp-content\/uploads\/2019\/03\/ALUAFS.70-GREEN.png?fit=800%2C800&ssl=1&resize=350%2C200 1x, https:\/\/i0.wp.com\/tuzlahortum.com.tr\/wp-content\/uploads\/2019\/03\/ALUAFS.70-GREEN.png?fit=800%2C800&ssl=1&resize=525%2C300 1.5x, https:\/\/i0.wp.com\/tuzlahortum.com.tr\/wp-content\/uploads\/2019\/03\/ALUAFS.70-GREEN.png?fit=800%2C800&ssl=1&resize=700%2C400 2x"},"classes":[]},{"id":846,"url":"https:\/\/tuzlahortum.com.tr\/ar\/product\/polyafs\/","url_meta":{"origin":1013,"position":2},"title":"\u0628\u0648\u0644\u064a\u0627\u0641","author":"admin","date":"6 \u0641\u0628\u0631\u0627\u064a\u0631 2019","format":false,"excerpt":"POLYAFS\u0130zolesiz polyester flexible flexible hava kanallar\u0131 Genel \u00d6zellikler Flexible Kanal Konstr\u00fcksiyonu 2 kat Polyester Flexible Kanal Nominal Kal\u0131nl\u0131\u011f\u0131 30 mikron \u00c7ap Aral\u0131\u011f\u0131 82 mm - 800 mm \u00c7al\u0131\u015fma S\u0131cakl\u0131\u011f\u0131 Aral\u0131\u011f\u0131 -30 \u00b0C \/ +120 \u00b0C Hava Ak\u0131\u015f H\u0131z\u0131 30 m\/s (maksimum) \u00c7al\u0131\u015fma Bas\u0131nc\u0131 3000 Pa (maksimum) Standart Uzunluk 7.6 m\u2026","rel":"","context":"\u062a\u062f\u0648\u064a\u0646\u0629 \u0645\u0634\u0627\u0628\u0647\u0629","block_context":{"text":"\u062a\u062f\u0648\u064a\u0646\u0629 \u0645\u0634\u0627\u0628\u0647\u0629","link":""},"img":{"alt_text":"","src":"https:\/\/i0.wp.com\/tuzlahortum.com.tr\/wp-content\/uploads\/2019\/03\/POLYAFS.png?fit=800%2C800&ssl=1&resize=350%2C200","width":350,"height":200,"srcset":"https:\/\/i0.wp.com\/tuzlahortum.com.tr\/wp-content\/uploads\/2019\/03\/POLYAFS.png?fit=800%2C800&ssl=1&resize=350%2C200 1x, https:\/\/i0.wp.com\/tuzlahortum.com.tr\/wp-content\/uploads\/2019\/03\/POLYAFS.png?fit=800%2C800&ssl=1&resize=525%2C300 1.5x, https:\/\/i0.wp.com\/tuzlahortum.com.tr\/wp-content\/uploads\/2019\/03\/POLYAFS.png?fit=800%2C800&ssl=1&resize=700%2C400 2x"},"classes":[]},{"id":590,"url":"https:\/\/tuzlahortum.com.tr\/ar\/product\/isoafs-alu-green\/","url_meta":{"origin":1013,"position":3},"title":"ISOAFS-ALU GREEN","author":"admin","date":"6 \u0641\u0628\u0631\u0627\u064a\u0631 2019","format":false,"excerpt":"ISOAFS-ALU GREENGreenguard Sertifikal\u0131 Is\u0131 \u0130zoleli Al\u00fcminyum Flexible Hava Kanallar\u0131 Tipler ISOAFS-ALU.70 GREEN ISOAFS-ALU F GREEN Genel \u00d6zellikler Flexible Kanal Konstr\u00fcksiyonu 3 kat Al\u00fcminyum + 1 kat Polyester Flexible Kanal Nominal Kal\u0131nl\u0131\u011f\u0131 74 mikron Ceket Kontr\u00fcksiyonu 1 kat Al\u00fcminyum + 2 kat Polyester Ceket Nominal Kal\u0131nl\u0131\u011f\u0131 45 mikron \u0130zolasyon - Kal\u0131nl\u0131k\u2026","rel":"","context":"\u062a\u062f\u0648\u064a\u0646\u0629 \u0645\u0634\u0627\u0628\u0647\u0629","block_context":{"text":"\u062a\u062f\u0648\u064a\u0646\u0629 \u0645\u0634\u0627\u0628\u0647\u0629","link":""},"img":{"alt_text":"","src":"https:\/\/i0.wp.com\/tuzlahortum.com.tr\/wp-content\/uploads\/2019\/03\/ISOAFS-ALU.70-GREEN.png?fit=800%2C800&ssl=1&resize=350%2C200","width":350,"height":200,"srcset":"https:\/\/i0.wp.com\/tuzlahortum.com.tr\/wp-content\/uploads\/2019\/03\/ISOAFS-ALU.70-GREEN.png?fit=800%2C800&ssl=1&resize=350%2C200 1x, https:\/\/i0.wp.com\/tuzlahortum.com.tr\/wp-content\/uploads\/2019\/03\/ISOAFS-ALU.70-GREEN.png?fit=800%2C800&ssl=1&resize=525%2C300 1.5x, https:\/\/i0.wp.com\/tuzlahortum.com.tr\/wp-content\/uploads\/2019\/03\/ISOAFS-ALU.70-GREEN.png?fit=800%2C800&ssl=1&resize=700%2C400 2x"},"classes":[]},{"id":592,"url":"https:\/\/tuzlahortum.com.tr\/ar\/product\/sonoafs-hijyen-green\/","url_meta":{"origin":1013,"position":4},"title":"\u0635\u0648\u0646\u0627\u0641\u0633-\u0623\u0644\u0648 \u0627\u0644\u0646\u0638\u0627\u0641\u0629 \u0627\u0644\u062e\u0636\u0631\u0627\u0621","author":"admin","date":"6 \u0641\u0628\u0631\u0627\u064a\u0631 2019","format":false,"excerpt":"SONOAFS-ALU H\u0130JYEN GREEN Greenguard Sertifikal\u0131 Is\u0131 ve Ses \u0130zoleli Al\u00fcminyum Hijyen Flexible Hava Kanallar\u0131 Flexible Kanal Konstr\u00fcksiyonu [3 kat Al\u00fcminyum + 2 kat Polyester + Hijyen Kaplama] (Perfore) \/ Bariyer Flexible Kanal Nominal Kal\u0131nl\u0131\u011f\u0131 70 mikron + Hijyen Kaplama Ceket Kontr\u00fcksiyonu 1 kat Al\u00fcminyum + 2 kat Polyester Ceket Nominal\u2026","rel":"","context":"\u062a\u062f\u0648\u064a\u0646\u0629 \u0645\u0634\u0627\u0628\u0647\u0629","block_context":{"text":"\u062a\u062f\u0648\u064a\u0646\u0629 \u0645\u0634\u0627\u0628\u0647\u0629","link":""},"img":{"alt_text":"","src":"https:\/\/i0.wp.com\/tuzlahortum.com.tr\/wp-content\/uploads\/2019\/03\/SONOAFS-ALU.B-HYGIENE-GREEN-1.png?fit=800%2C800&ssl=1&resize=350%2C200","width":350,"height":200,"srcset":"https:\/\/i0.wp.com\/tuzlahortum.com.tr\/wp-content\/uploads\/2019\/03\/SONOAFS-ALU.B-HYGIENE-GREEN-1.png?fit=800%2C800&ssl=1&resize=350%2C200 1x, https:\/\/i0.wp.com\/tuzlahortum.com.tr\/wp-content\/uploads\/2019\/03\/SONOAFS-ALU.B-HYGIENE-GREEN-1.png?fit=800%2C800&ssl=1&resize=525%2C300 1.5x, https:\/\/i0.wp.com\/tuzlahortum.com.tr\/wp-content\/uploads\/2019\/03\/SONOAFS-ALU.B-HYGIENE-GREEN-1.png?fit=800%2C800&ssl=1&resize=700%2C400 2x"},"classes":[]},{"id":593,"url":"https:\/\/tuzlahortum.com.tr\/ar\/product\/sonoafs-alu-forte-green\/","url_meta":{"origin":1013,"position":5},"title":"SONOAFS-ALU FORTE GREEN","author":"admin","date":"6 \u0641\u0628\u0631\u0627\u064a\u0631 2019","format":false,"excerpt":"SONOAFS-ALU FORTE GREENTipler Flexible Kanal Konstr\u00fcksiyonu 3 kat Al\u00fcminyum + 2 kat Polyester Flexible Kanal Nominal Kal\u0131nl\u0131\u011f\u0131 70 mikron Ceket Kontr\u00fcksiyonu 1 kat Al\u00fcminyum + 2 kat Polyester Ceket Nominal Kal\u0131nl\u0131\u011f\u0131 45 mikron \u0130zolasyon - Kal\u0131nl\u0131k - Yo\u011funluk Cam Y\u00fcn\u00fc 25 mm - 16 kg\/m\u00b3 \u00c7ap Aral\u0131\u011f\u0131 52 mm -\u2026","rel":"","context":"\u062a\u062f\u0648\u064a\u0646\u0629 \u0645\u0634\u0627\u0628\u0647\u0629","block_context":{"text":"\u062a\u062f\u0648\u064a\u0646\u0629 \u0645\u0634\u0627\u0628\u0647\u0629","link":""},"img":{"alt_text":"","src":"https:\/\/i0.wp.com\/tuzlahortum.com.tr\/wp-content\/uploads\/2019\/03\/SONOAFS-ALU.70B-FORTE-GREEN-1.png?fit=800%2C800&ssl=1&resize=350%2C200","width":350,"height":200,"srcset":"https:\/\/i0.wp.com\/tuzlahortum.com.tr\/wp-content\/uploads\/2019\/03\/SONOAFS-ALU.70B-FORTE-GREEN-1.png?fit=800%2C800&ssl=1&resize=350%2C200 1x, https:\/\/i0.wp.com\/tuzlahortum.com.tr\/wp-content\/uploads\/2019\/03\/SONOAFS-ALU.70B-FORTE-GREEN-1.png?fit=800%2C800&ssl=1&resize=525%2C300 1.5x, https:\/\/i0.wp.com\/tuzlahortum.com.tr\/wp-content\/uploads\/2019\/03\/SONOAFS-ALU.70B-FORTE-GREEN-1.png?fit=800%2C800&ssl=1&resize=700%2C400 2x"},"classes":[]}],"jetpack_sharing_enabled":true,"jetpack_likes_enabled":true,"_links":{"self":[{"href":"https:\/\/tuzlahortum.com.tr\/ar\/wp-json\/wp\/v2\/product\/1013","targetHints":{"allow":["GET"]}}],"collection":[{"href":"https:\/\/tuzlahortum.com.tr\/ar\/wp-json\/wp\/v2\/product"}],"about":[{"href":"https:\/\/tuzlahortum.com.tr\/ar\/wp-json\/wp\/v2\/types\/product"}],"replies":[{"embeddable":true,"href":"https:\/\/tuzlahortum.com.tr\/ar\/wp-json\/wp\/v2\/comments?post=1013"}],"wp:featuredmedia":[{"embeddable":true,"href":"https:\/\/tuzlahortum.com.tr\/ar\/wp-json\/wp\/v2\/media\/1577"}],"wp:attachment":[{"href":"https:\/\/tuzlahortum.com.tr\/ar\/wp-json\/wp\/v2\/media?parent=1013"}],"wp:term":[{"taxonomy":"product_brand","embeddable":true,"href":"https:\/\/tuzlahortum.com.tr\/ar\/wp-json\/wp\/v2\/product_brand?post=1013"},{"taxonomy":"product_cat","embeddable":true,"href":"https:\/\/tuzlahortum.com.tr\/ar\/wp-json\/wp\/v2\/product_cat?post=1013"},{"taxonomy":"product_tag","embeddable":true,"href":"https:\/\/tuzlahortum.com.tr\/ar\/wp-json\/wp\/v2\/product_tag?post=1013"}],"curies":[{"name":"\u062f\u0628\u0644\u064a\u0648 \u0628\u064a","href":"https:\/\/api.w.org\/{rel}","templated":true}]}}