{"id":1012,"date":"2019-02-07T00:04:25","date_gmt":"2019-02-06T21:04:25","guid":{"rendered":"http:\/\/hortum.com.tr\/product\/import-placeholder-for-382\/"},"modified":"2024-03-21T17:39:29","modified_gmt":"2024-03-21T14:39:29","slug":"semiafs","status":"publish","type":"product","link":"https:\/\/tuzlahortum.com.tr\/ar\/product\/semiafs\/","title":{"rendered":"\u0633\u064a\u0645\u064a\u0627\u0641\u0633"},"content":{"rendered":"<h2>\u0633\u064a\u0645\u064a\u0627\u0641\u0633<\/h2>\n<div>\u0645\u062c\u0627\u0631\u064a \u0647\u0648\u0627\u0621 \u0634\u0628\u0647 \u0645\u0631\u0646\u0629 \u0645\u0646 \u0627\u0644\u0623\u0644\u0648\u0645\u0646\u064a\u0648\u0645<\/div>\n<div>\n<h4>\u0627\u0644\u0645\u0644\u0627\u0645\u062d \u0627\u0644\u0639\u0627\u0645\u0629<\/h4>\n<table class=\"table table-hover table-bordered\">\n<tbody>\n<tr>\n<th class=\"urunDetayth\">\u0628\u0646\u0627\u0621 \u0642\u0646\u0627\u0629 \u0645\u0631\u0646\u0629<\/th>\n<td>\u0637\u0628\u0642\u0629 \u0648\u0627\u062d\u062f\u0629 \u0645\u0646 \u0627\u0644\u0623\u0644\u0645\u0646\u064a\u0648\u0645 (\u0645\u0645\u0648\u062c)<\/td>\n<\/tr>\n<tr>\n<th class=\"urunDetayth\">\u0627\u0644\u0633\u0645\u0627\u0643\u0629 \u0627\u0644\u0627\u0633\u0645\u064a\u0629 \u0644\u0644\u0642\u0646\u0627\u0629 \u0627\u0644\u0645\u0631\u0646\u0629<\/th>\n<td>90 \u0645\u064a\u0643\u0631\u0648\u0646<\/td>\n<\/tr>\n<tr>\n<th class=\"urunDetayth\">\u0646\u0637\u0627\u0642 \u0627\u0644\u0642\u0637\u0631<\/th>\n<td>80 \u0645\u0645 - 800 \u0645\u0645<\/td>\n<\/tr>\n<tr>\n<th class=\"urunDetayth\">\u0646\u0637\u0627\u0642 \u0627\u0644\u062d\u0631\u0627\u0631\u0629 \u0627\u0644\u0634\u063a\u0627\u0644\u0629<\/th>\n<td>-25 \u062f\u0631\u062c\u0629 \u0645\u0626\u0648\u064a\u0629 \/ +250 \u062f\u0631\u062c\u0629 \u0645\u0626\u0648\u064a\u0629<\/td>\n<\/tr>\n<tr>\n<th class=\"urunDetayth\">\u0645\u0639\u062f\u0644 \u062a\u062f\u0641\u0642 \u0627\u0644\u0647\u0648\u0627\u0621<\/th>\n<td>30 \u0645 \/ \u062b (\u0643\u062d\u062f \u0623\u0642\u0635\u0649)<\/td>\n<\/tr>\n<tr>\n<th class=\"urunDetayth\">\u0636\u063a\u0637 \u0627\u0644\u062a\u0634\u063a\u064a\u0644<\/th>\n<td>3000 \u0628\u0627\u0633\u0643\u0627\u0644 (\u0643\u062d\u062f \u0623\u0642\u0635\u0649)<\/td>\n<\/tr>\n<tr>\n<th class=\"urunDetayth\">\u0637\u0648\u0644 \u0642\u064a\u0627\u0633\u064a<\/th>\n<td>1.5 \u0645 \/ 3.0 \u0645 \/ 6.0 \u0645<\/td>\n<\/tr>\n<tr>\n<th class=\"urunDetayth\">\u0627\u0644\u062a\u0639\u0628\u0626\u0629 \u0648\u0627\u0644\u062a\u063a\u0644\u064a\u0641<\/th>\n<td>\u0643\u064a\u0633 \u0646\u0627\u064a\u0644\u0648\u0646 \/ \u0645\u062a\u0639\u062f\u062f \u0627\u0644\u0643\u0631\u0627\u062a\u064a\u0646<\/td>\n<\/tr>\n<tr>\n<th class=\"urunDetayth\">\u0627\u0644\u062a\u0639\u0627\u0645\u0644 \u0645\u0639 \u0627\u0644\u062d\u0631\u064a\u0642<\/th>\n<td>\u0627\u0644\u0645\u0636\u0627\u062f \u0644\u0644\u0647\u0628<\/td>\n<\/tr>\n<\/tbody>\n<\/table>\n<div><\/div>\n<\/div>\n<div><div class=\"video video-fit mb\" style=\"padding-top:56.25%;\"><p><iframe loading=\"lazy\" title=\"\u0627\u0631\u062a\u0628\u0627\u0643 \u0627\u0644\u0642\u064a\u0627\u0633 (\u0628\u0648\u0635\u0629\u060c \u0625\u0635\u0628\u0639\u060c \u0636\u0628\u0627\u0628\u060c \u0645\u0644\u0644\u064a\u0645\u062a\u0631)\" width=\"1020\" height=\"574\" src=\"https:\/\/www.youtube.com\/embed\/uKk6AG_AZls?feature=oembed\" frameborder=\"0\" allow=\"accelerometer; autoplay; clipboard-write; encrypted-media; gyroscope; picture-in-picture; web-share\" referrerpolicy=\"strict-origin-when-cross-origin\" allowfullscreen><\/iframe><\/p>\n<\/div><\/div>\n<div><\/div>\n<div>\n<div class=\"txt\"><strong>\u0633\u064a\u0645\u064a\u0627\u0641\u0633<\/strong>\u00a0\u0645\u062c\u0627\u0631\u064a \u0647\u0648\u0627\u0621 \u0634\u0628\u0647 \u0645\u0631\u0646\u0629 \u0645\u0646 \u0627\u0644\u0623\u0644\u0648\u0645\u0646\u064a\u0648\u0645 \u060c \u0647\u0648\u0627\u0621 \u0645\u0646\u062e\u0641\u0636 \u0648\u0645\u062a\u0648\u0633\u0637 \u0627\u0644\u0636\u063a\u0637<\/div>\n<div class=\"txt\">\u0623\u0646\u0638\u0645\u0629 \u0627\u0644\u0646\u0642\u0644 - \u062a\u0637\u0628\u064a\u0642\u0627\u062a \u063a\u0627\u0632 \u0627\u0644\u0639\u0627\u062f\u0645 \u0648\u062e\u0627\u0635\u0629 \u0639\u0646\u062f\u0645\u0627 \u062a\u0643\u0648\u0646 \u0627\u0644\u0642\u0648\u0629 \u0627\u0644\u0645\u064a\u0643\u0627\u0646\u064a\u0643\u064a\u0629 \u0645\u0637\u0644\u0648\u0628\u0629<\/div>\n<div class=\"txt\">\u0648\u0647\u064a \u0639\u0628\u0627\u0631\u0629 \u0639\u0646 \u0645\u062c\u0631\u0649 \u0647\u0648\u0627\u0621 \u0634\u0628\u0647 \u0645\u0631\u0646 \u0645\u062a\u0639\u062f\u062f \u0627\u0644\u0623\u063a\u0631\u0627\u0636 \u0645\u0635\u0645\u0645 \u062e\u0635\u064a\u0635\u064b\u0627 \u0644\u0644\u062a\u0637\u0628\u064a\u0642\u0627\u062a.<\/div>\n<div class=\"txt\">\u064a\u062a\u0645\u062a\u0639 SEMIAFS \u0628\u0627\u0644\u0642\u062f\u0631\u0629 \u0639\u0644\u0649 \u0627\u0644\u0627\u0646\u062d\u0646\u0627\u0621 \u0648\u0627\u0644\u0627\u0646\u062d\u0646\u0627\u0621 \u0648\u0627\u0644\u0627\u0633\u062a\u0637\u0627\u0644\u0629 \u0648\u0627\u0644\u062a\u0645\u062f\u062f. \u0627\u0644\u0628\u064a\u0636\u0627\u0648\u064a \u0648<\/div>\n<div class=\"txt\">\u0639\u0646\u062f \u0627\u0644\u0648\u0635\u0644\u0627\u062a \u0627\u0644\u062f\u0627\u0626\u0631\u064a\u0629 - \u062a\u0645 \u0625\u063a\u0644\u0627\u0642 \u0645\u062c\u0627\u0631\u064a \u0627\u0644\u0647\u0648\u0627\u0621 \u0634\u0628\u0647 \u0627\u0644\u0645\u0631\u0646\u0629 \u0627\u0644\u0645\u0635\u0646\u0648\u0639\u0629 \u0645\u0646 \u0627\u0644\u0623\u0644\u0648\u0645\u0646\u064a\u0648\u0645 \u0645\u0646 SEMIAFS.<\/div>\n<div class=\"txt\">\u0641\u064a \u0646\u0638\u0627\u0645 \u0627\u0644\u0645\u0634\u0628\u0643 INTERLOCK \u060c \u064a\u0635\u0628\u062d \u0627\u0644\u0645\u0634\u0628\u0643 \u0623\u0642\u0648\u0649 \u0645\u0639 \u062a\u0645\u062f\u062f \u0627\u0644\u0645\u0627\u062f\u0629. \u0627\u0644\u0627\u0646\u062d\u0646\u0627\u0621 \u0648\u0627\u0644\u062a\u0648\u0627\u0621 \u060c<\/div>\n<div class=\"txt\">\u0623\u062b\u0646\u0627\u0621 \u0627\u0644\u0627\u0633\u062a\u0637\u0627\u0644\u0629 \u0648\u0627\u0644\u0627\u0646\u062b\u0646\u0627\u0621 - \u0634\u0631\u0627\u0626\u0637 \u0645\u0646 \u0645\u0639\u062f\u0646 \u0627\u0644\u0623\u0644\u0645\u0646\u064a\u0648\u0645 \u0627\u0644\u0646\u0642\u064a<\/div>\n<div class=\"txt\">\u0644\u0627 \u064a\u0648\u062c\u062f \u0641\u0635\u0644 \u0648 \/ \u0623\u0648 \u062a\u0634\u0648\u0647.<\/div>\n<h4>\u0627\u0644\u0645\u064a\u0632\u0627\u062a \u0648\u0627\u0644\u0641\u0648\u0627\u0626\u062f<\/h4>\n<div class=\"wrp clearfix\">\n<div class=\"tripleContent\">\n<p><b>\u0635\u0646\u0627\u0639\u0629 \u0627\u0644\u0623\u0644\u0645\u0646\u064a\u0648\u0645 \u0627\u0644\u0645\u0639\u062f\u0646\u064a \u0627\u0644\u0646\u0642\u064a<\/b><\/p>\n<div class=\"txt\">\u00a0 100\u066a \u063a\u064a\u0631 \u0642\u0627\u0628\u0644\u0629 \u0644\u0644\u0627\u0634\u062a\u0639\u0627\u0644 \u060c \u0627\u0644\u0623\u0634\u0639\u0629 \u0641\u0648\u0642 \u0627\u0644\u0628\u0646\u0641\u0633\u062c\u064a\u0629 \u060c \u0645\u0642\u0627\u0648\u0645\u0629 \u0639\u0627\u0644\u064a\u0629 \u0644\u0644\u0623\u0634\u0639\u0629 \u0641\u0648\u0642 \u0627\u0644\u0628\u0646\u0641\u0633\u062c\u064a\u0629 \u060c \u0645\u0642\u0627\u0648\u0645\u0629 \u0643\u064a\u0645\u064a\u0627\u0626\u064a\u0629<\/div>\n<\/div>\n<div class=\"tripleContent\">\n<p><b>\u0627\u0644\u0628\u0646\u0627\u0621 \u0634\u0628\u0647 \u0627\u0644\u0645\u0631\u0646 \u0648\u0627\u0644\u062f\u0627\u062e\u0644\u064a<\/b><\/p>\n<div class=\"txt\">\u00a0 \u0633\u0647\u0648\u0644\u0629 \u0627\u0644\u0646\u0642\u0644 \u0648\u0627\u0644\u062a\u062e\u0632\u064a\u0646 \u0627\u0644\u062a\u062c\u0645\u064a\u0639 \u0627\u0644\u0633\u0647\u0644 \u0648\u0627\u0644\u0639\u0645\u0644\u064a \u0627\u0644\u0642\u0648\u0629 \u0627\u0644\u0645\u064a\u0643\u0627\u0646\u064a\u0643\u064a\u0629 \u0627\u0644\u062e\u062a\u0645 \u0643\u0641\u0627\u0621\u0629 \u0627\u0644\u0637\u0627\u0642\u0629<\/div>\n<div class=\"txt\">\u0627\u0646\u062e\u0641\u0627\u0636 \u062a\u0643\u0627\u0644\u064a\u0641 \u0627\u0644\u0635\u064a\u0627\u0646\u0629 \u0648\u0627\u0644\u0639\u0645\u0627\u0644\u0629<\/div>\n<\/div>\n<\/div>\n<\/div>","protected":false},"excerpt":{"rendered":"<p>SEMIAFS Al\u00fcminyum yar\u0131 esnek hava kanallar\u0131 Genel \u00d6zellikler Flexible Kanal Konstr\u00fcksiyonu 1 kat Al\u00fcminyum (koruge) Flexible Kanal Nominal Kal\u0131nl\u0131\u011f\u0131 90 mikron \u00c7ap Aral\u0131\u011f\u0131 80 mm &#8211; 800 mm \u00c7al\u0131\u015fma S\u0131cakl\u0131\u011f\u0131 Aral\u0131\u011f\u0131 -25 \u00b0C \/ +250 \u00b0C Hava Ak\u0131\u015f H\u0131z\u0131 30 m\/s (maksimum) \u00c7al\u0131\u015fma Bas\u0131nc\u0131 3000 Pa (maksimum) Standart Uzunluk 1.5 m \/ 3.0 m \/ [&#8230;]\n","protected":false},"featured_media":1575,"comment_status":"open","ping_status":"closed","template":"","meta":{"jetpack_post_was_ever_published":false},"product_brand":[],"product_cat":[140],"product_tag":[265,1311,264,268,1312,1205,1310],"class_list":{"0":"post-1012","1":"product","2":"type-product","3":"status-publish","4":"has-post-thumbnail","6":"product_cat-yari-esnek-flexible-hava-kanali","7":"product_tag-bukulme","8":"product_tag-dusuk-bakim-ve-iscilik-giderleri","9":"product_tag-esneme","10":"product_tag-kimyasal-direnc","11":"product_tag-kivrilabilme","12":"product_tag-sizdirmazlik","13":"product_tag-yanmazlik","15":"first","16":"instock","17":"taxable","18":"shipping-taxable","19":"product-type-variable"},"jetpack-related-posts":[],"jetpack_sharing_enabled":true,"jetpack_likes_enabled":true,"_links":{"self":[{"href":"https:\/\/tuzlahortum.com.tr\/ar\/wp-json\/wp\/v2\/product\/1012","targetHints":{"allow":["GET"]}}],"collection":[{"href":"https:\/\/tuzlahortum.com.tr\/ar\/wp-json\/wp\/v2\/product"}],"about":[{"href":"https:\/\/tuzlahortum.com.tr\/ar\/wp-json\/wp\/v2\/types\/product"}],"replies":[{"embeddable":true,"href":"https:\/\/tuzlahortum.com.tr\/ar\/wp-json\/wp\/v2\/comments?post=1012"}],"wp:featuredmedia":[{"embeddable":true,"href":"https:\/\/tuzlahortum.com.tr\/ar\/wp-json\/wp\/v2\/media\/1575"}],"wp:attachment":[{"href":"https:\/\/tuzlahortum.com.tr\/ar\/wp-json\/wp\/v2\/media?parent=1012"}],"wp:term":[{"taxonomy":"product_brand","embeddable":true,"href":"https:\/\/tuzlahortum.com.tr\/ar\/wp-json\/wp\/v2\/product_brand?post=1012"},{"taxonomy":"product_cat","embeddable":true,"href":"https:\/\/tuzlahortum.com.tr\/ar\/wp-json\/wp\/v2\/product_cat?post=1012"},{"taxonomy":"product_tag","embeddable":true,"href":"https:\/\/tuzlahortum.com.tr\/ar\/wp-json\/wp\/v2\/product_tag?post=1012"}],"curies":[{"name":"\u062f\u0628\u0644\u064a\u0648 \u0628\u064a","href":"https:\/\/api.w.org\/{rel}","templated":true}]}}