{"id":57,"date":"2015-11-19T10:40:52","date_gmt":"2015-11-19T10:40:52","guid":{"rendered":"http:\/\/flatsome.dev\/my-account\/"},"modified":"2019-02-12T10:53:53","modified_gmt":"2019-02-12T07:53:53","slug":"my-account","status":"publish","type":"page","link":"https:\/\/tuzlahortum.com.tr\/ar\/my-account\/","title":{"rendered":"\u062d\u0633\u0627\u0628\u064a"},"content":{"rendered":"<div class=\"woocommerce\"><\/div>","protected":false},"excerpt":{"rendered":"","protected":false},"author":1,"featured_media":0,"parent":0,"menu_order":0,"comment_status":"closed","ping_status":"closed","template":"","meta":{"jetpack_post_was_ever_published":false,"footnotes":""},"class_list":["post-57","page","type-page","status-publish","hentry"],"jetpack-related-posts":[{"id":4493,"url":"https:\/\/tuzlahortum.com.tr\/ar\/hesaplar\/","url_meta":{"origin":57,"position":0},"title":"\u062d\u0633\u0627\u0628\u0627\u062a \u0628\u0646\u0643\u064a\u0629","author":"admin","date":"25 \u0641\u0628\u0631\u0627\u064a\u0631 2019","format":false,"excerpt":"A\u015fa\u011f\u0131daki link yard\u0131m\u0131 ile QNBPay sistemi \u00fczerinden \u00f6deme yapabilirsiniz. Kredi kart\u0131 ile Online \u00d6deme yapmak i\u00e7in t\u0131klay\u0131n\u0131z Banka logolar\u0131 \u00fczerine geldi\u011finizde g\u00f6rece\u011finiz simgelerle yapabilecekleriniz; Zarf Simgesi\u00a0ile ilgili hesap bilgilerinin e-posta yoluyla size iletilmesini sa\u011flayabilirsiniz. Telefon Simgesi\u00a0ile\u00a0ilgili hesap bilgilerinin SMS yoluyla size iletilmesini sa\u011flayabilirsiniz. B\u00fcy\u00fcte\u00e7 Simgesi ile\u00a0ilgili hesap bilgilerini g\u00f6r\u00fcnt\u00fcleyebilirsiniz. QR(Kare)\u2026","rel":"","context":"\u062a\u062f\u0648\u064a\u0646\u0629 \u0645\u0634\u0627\u0628\u0647\u0629","block_context":{"text":"\u062a\u062f\u0648\u064a\u0646\u0629 \u0645\u0634\u0627\u0628\u0647\u0629","link":""},"img":{"alt_text":"","src":"","width":0,"height":0},"classes":[]},{"id":3,"url":"https:\/\/tuzlahortum.com.tr\/ar\/gizlilik-politikasi\/","url_meta":{"origin":57,"position":1},"title":"\u0633\u064a\u0627\u0633\u0629 \u0627\u0644\u062e\u0635\u0648\u0635\u064a\u0629","author":"admin","date":"5 \u0641\u0628\u0631\u0627\u064a\u0631 2019","format":false,"excerpt":"Biz kimiz Web sitemizin adresi: http:\/\/hortum.com.tr. Hangi ki\u015fisel bilgileri ne ama\u00e7la topluyoruz Yorumlar Ziyaret\u00e7iler sitede yorum b\u0131rakt\u0131\u011f\u0131nda yorum formunda g\u00f6sterilen verileri ve ayr\u0131ca istenmeyen yorum tespitine yard\u0131mc\u0131 olmak i\u00e7in ziyaret\u00e7inin IP adresi ve taray\u0131c\u0131 bilgisi metnini de toplar\u0131z. E-posta adresinizden olu\u015fturulmu\u015f anonimle\u015ftirilmi\u015f bir metin (hash olarak da adland\u0131r\u0131l\u0131r) Gravatar hizmetine,\u2026","rel":"","context":"\u062a\u062f\u0648\u064a\u0646\u0629 \u0645\u0634\u0627\u0628\u0647\u0629","block_context":{"text":"\u062a\u062f\u0648\u064a\u0646\u0629 \u0645\u0634\u0627\u0628\u0647\u0629","link":""},"img":{"alt_text":"","src":"","width":0,"height":0},"classes":[]}],"jetpack_sharing_enabled":true,"jetpack_likes_enabled":true,"_links":{"self":[{"href":"https:\/\/tuzlahortum.com.tr\/ar\/wp-json\/wp\/v2\/pages\/57","targetHints":{"allow":["GET"]}}],"collection":[{"href":"https:\/\/tuzlahortum.com.tr\/ar\/wp-json\/wp\/v2\/pages"}],"about":[{"href":"https:\/\/tuzlahortum.com.tr\/ar\/wp-json\/wp\/v2\/types\/page"}],"author":[{"embeddable":true,"href":"https:\/\/tuzlahortum.com.tr\/ar\/wp-json\/wp\/v2\/users\/1"}],"replies":[{"embeddable":true,"href":"https:\/\/tuzlahortum.com.tr\/ar\/wp-json\/wp\/v2\/comments?post=57"}],"version-history":[{"count":0,"href":"https:\/\/tuzlahortum.com.tr\/ar\/wp-json\/wp\/v2\/pages\/57\/revisions"}],"wp:attachment":[{"href":"https:\/\/tuzlahortum.com.tr\/ar\/wp-json\/wp\/v2\/media?parent=57"}],"curies":[{"name":"\u062f\u0628\u0644\u064a\u0648 \u0628\u064a","href":"https:\/\/api.w.org\/{rel}","templated":true}]}}