{"id":4493,"date":"2019-02-25T09:33:00","date_gmt":"2019-02-25T06:33:00","guid":{"rendered":"http:\/\/hortum.com.tr\/?page_id=4493"},"modified":"2026-02-25T13:10:13","modified_gmt":"2026-02-25T10:10:13","slug":"hesaplar","status":"publish","type":"page","link":"https:\/\/tuzlahortum.com.tr\/ar\/hesaplar\/","title":{"rendered":"\u062d\u0633\u0627\u0628\u0627\u062a \u0628\u0646\u0643\u064a\u0629"},"content":{"rendered":"<hr class=\"wp-block-separator has-alpha-channel-opacity\"\/>\n\n\n\n<p>\u064a\u0645\u0643\u0646\u0643 \u0627\u0644\u062f\u0641\u0639 \u0645\u0646 \u062e\u0644\u0627\u0644 \u0646\u0638\u0627\u0645 QNBPay \u0628\u0645\u0633\u0627\u0639\u062f\u0629 \u0627\u0644\u0631\u0627\u0628\u0637 \u0623\u062f\u0646\u0627\u0647.<\/p>\n\n\n\n<div class=\"wp-block-buttons is-content-justification-center is-layout-flex wp-container-core-buttons-is-layout-16018d1d wp-block-buttons-is-layout-flex\">\n<div class=\"wp-block-button is-style-fill\"><a class=\"wp-block-button__link has-black-color has-luminous-vivid-amber-background-color has-text-color has-background wp-element-button\" href=\"https:\/\/tahsilat.tuzlahortum.com.tr\/\" target=\"_blank\" rel=\"noreferrer noopener\">\u0645\u0639 \u0628\u0637\u0627\u0642\u0629 \u0627\u0644\u0627\u0626\u062a\u0645\u0627\u0646 <strong>\u0627\u0644\u062f\u0641\u0639 \u0627\u0644\u0627\u0644\u0643\u062a\u0631\u0648\u0646\u064a<\/strong> \u0627\u0646\u0642\u0631 \u0644\u0644\u0642\u064a\u0627\u0645<\/a><\/div>\n<\/div>\n\n\n\n<hr class=\"wp-block-separator has-alpha-channel-opacity\"\/>\n\n\n\n<h5 class=\"wp-block-heading\"><span style=\"font-weight: bold; font-family: Verdana; color: #000000;\">\u0645\u0627 \u064a\u0645\u0643\u0646\u0643 \u0641\u0639\u0644\u0647 \u0628\u0627\u0644\u0623\u064a\u0642\u0648\u0646\u0627\u062a \u0627\u0644\u062a\u064a \u0633\u062a\u0631\u0627\u0647\u0627 \u0639\u0646\u062f\u0645\u0627 \u062a\u062d\u0648\u0645 \u0641\u0648\u0642 \u0634\u0639\u0627\u0631\u0627\u062a \u0627\u0644\u0628\u0646\u0643 \u061b<\/span><\/h5>\n\n\n\n<ul class=\"wp-block-list\">\n<li><strong>\u0631\u0645\u0632 \u0627\u0644\u0645\u063a\u0644\u0641&nbsp;<\/strong>\u064a\u0645\u0643\u0646\u0643 \u0627\u0644\u062d\u0635\u0648\u0644 \u0639\u0644\u0649 \u0645\u0639\u0644\u0648\u0645\u0627\u062a \u0627\u0644\u062d\u0633\u0627\u0628 \u0627\u0644\u062e\u0627\u0635\u0629 \u0628\u062d\u0633\u0627\u0628\u0643 \u0627\u0644\u0645\u0631\u0633\u0644\u0629 \u0625\u0644\u064a\u0643 \u0639\u0628\u0631 \u0627\u0644\u0628\u0631\u064a\u062f \u0627\u0644\u0625\u0644\u0643\u062a\u0631\u0648\u0646\u064a.<\/li>\n\n\n\n<li><strong>\u0631\u0645\u0632 \u0627\u0644\u0647\u0627\u062a\u0641<\/strong>&nbsp;\u064a\u0645\u0643\u0646\u0643 \u0627\u0644\u062d\u0635\u0648\u0644 \u0639\u0644\u0649 \u0645\u0639\u0644\u0648\u0645\u0627\u062a \u0627\u0644\u062d\u0633\u0627\u0628 \u0627\u0644\u062e\u0627\u0635\u0629 \u0628\u0627\u0644\u062d\u0633\u0627\u0628 \u0627\u0644\u0645\u0631\u0633\u0644\u0629 \u0625\u0644\u064a\u0643 \u0639\u0628\u0631 \u0627\u0644\u0631\u0633\u0627\u0626\u0644 \u0627\u0644\u0642\u0635\u064a\u0631\u0629.<\/li>\n\n\n\n<li><strong>\u0631\u0645\u0632 \u0627\u0644\u0645\u0643\u0628\u0631<\/strong> \u064a\u0645\u0643\u0646\u0643 \u0639\u0631\u0636 \u0645\u0639\u0644\u0648\u0645\u0627\u062a \u0627\u0644\u062d\u0633\u0627\u0628 \u062d\u0648\u0644<\/li>\n\n\n\n<li><strong>\u0631\u0645\u0632 \u0631\u0645\u0632 QR (\u0627\u0644\u0645\u0631\u0628\u0639)<\/strong> \u0628\u0627\u0633\u062a\u062e\u062f\u0627\u0645 \u062a\u0637\u0628\u064a\u0642 \u0642\u0627\u0631\u0626 \u0627\u0644\u0628\u0627\u0631\u0643\u0648\u062f \u0627\u0644\u062e\u0627\u0635 \u0628\u0647\u0627\u062a\u0641\u0643 \u0627\u0644\u0645\u062d\u0645\u0648\u0644 \u060c \u064a\u0645\u0643\u0646\u0643 \u0639\u0631\u0636 \u0623\u0631\u0642\u0627\u0645 \u0627\u0644\u062d\u0633\u0627\u0628\u0627\u062a \u0639\u0644\u0649 \u0647\u0627\u062a\u0641\u0643.<\/li>\n\n\n\n<li><strong>\u062f\u0641\u0639 \u0627\u0644\u0625\u062e\u0637\u0627\u0631<\/strong> \u064a\u0645\u0643\u0646\u0643 \u0627\u0644\u0625\u0628\u0644\u0627\u063a \u0639\u0646 \u062a\u062d\u0648\u064a\u0644 \u0623\u0645\u0648\u0627\u0644\u0643 \u0625\u0644\u0649 \u0642\u0633\u0645 \u0627\u0644\u0645\u062d\u0627\u0633\u0628\u0629 \u0644\u062f\u064a\u0646\u0627 \u0628\u0627\u0633\u062a\u062e\u062f\u0627\u0645 \u0627\u0644\u0632\u0631.<\/li>\n<\/ul>\n\n\n\n<p><span style=\"font-family: Verdana;\">\u0645\u0643\u062a\u0628 \u0627\u0644\u0636\u0631\u0627\u0626\u0628: \u062a\u0648\u0632\u0644\u0627<\/span><\/p>\n\n\n\n<p><span style=\"font-family: Verdana;\">\u0631\u0642\u0645 \u0627\u0644\u0636\u0631\u064a\u0628\u0629: 8721308491<\/span><\/p>\n\n\n\n<figure><iframe loading=\"lazy\" height=\"1000\" width=\"100%\" src=\"\/\/hesapno.com\/uzk_hesap?kul_id=1530b2589f4fb8921b5af3d85d6bc181&amp;arkaplan=ffffff&amp;sol=10%&amp;ust=2%\" style=\"border:1px #e4e4e4 solid;\" name=\"hesapno.com\" scrolling=\"no\"><\/iframe><\/figure>","protected":false},"excerpt":{"rendered":"<p>A\u015fa\u011f\u0131daki link yard\u0131m\u0131 ile QNBPay sistemi \u00fczerinden \u00f6deme yapabilirsiniz. Banka logolar\u0131 \u00fczerine geldi\u011finizde g\u00f6rece\u011finiz simgelerle yapabilecekleriniz; Vergi Dairesi : Tuzla Vergi No : 8721308491<\/p>","protected":false},"author":1,"featured_media":0,"parent":0,"menu_order":0,"comment_status":"closed","ping_status":"closed","template":"","meta":{"jetpack_post_was_ever_published":false,"footnotes":""},"class_list":["post-4493","page","type-page","status-publish","hentry"],"jetpack-related-posts":[{"id":58,"url":"https:\/\/tuzlahortum.com.tr\/ar\/odeme\/","url_meta":{"origin":4493,"position":0},"title":"\u00d6deme","author":"admin","date":"19 \u0646\u0648\u0641\u0645\u0628\u0631 2015","format":false,"excerpt":"","rel":"","context":"\u062a\u062f\u0648\u064a\u0646\u0629 \u0645\u0634\u0627\u0628\u0647\u0629","block_context":{"text":"\u062a\u062f\u0648\u064a\u0646\u0629 \u0645\u0634\u0627\u0628\u0647\u0629","link":""},"img":{"alt_text":"","src":"","width":0,"height":0},"classes":[]}],"jetpack_sharing_enabled":true,"jetpack_likes_enabled":true,"_links":{"self":[{"href":"https:\/\/tuzlahortum.com.tr\/ar\/wp-json\/wp\/v2\/pages\/4493","targetHints":{"allow":["GET"]}}],"collection":[{"href":"https:\/\/tuzlahortum.com.tr\/ar\/wp-json\/wp\/v2\/pages"}],"about":[{"href":"https:\/\/tuzlahortum.com.tr\/ar\/wp-json\/wp\/v2\/types\/page"}],"author":[{"embeddable":true,"href":"https:\/\/tuzlahortum.com.tr\/ar\/wp-json\/wp\/v2\/users\/1"}],"replies":[{"embeddable":true,"href":"https:\/\/tuzlahortum.com.tr\/ar\/wp-json\/wp\/v2\/comments?post=4493"}],"version-history":[{"count":4,"href":"https:\/\/tuzlahortum.com.tr\/ar\/wp-json\/wp\/v2\/pages\/4493\/revisions"}],"predecessor-version":[{"id":23556,"href":"https:\/\/tuzlahortum.com.tr\/ar\/wp-json\/wp\/v2\/pages\/4493\/revisions\/23556"}],"wp:attachment":[{"href":"https:\/\/tuzlahortum.com.tr\/ar\/wp-json\/wp\/v2\/media?parent=4493"}],"curies":[{"name":"\u062f\u0628\u0644\u064a\u0648 \u0628\u064a","href":"https:\/\/api.w.org\/{rel}","templated":true}]}}