{"id":3,"date":"2019-02-05T15:07:59","date_gmt":"2019-02-05T12:07:59","guid":{"rendered":"http:\/\/hortum.com.tr\/?page_id=3"},"modified":"2019-02-12T11:10:24","modified_gmt":"2019-02-12T08:10:24","slug":"gizlilik-politikasi","status":"publish","type":"page","link":"https:\/\/tuzlahortum.com.tr\/ar\/gizlilik-politikasi\/","title":{"rendered":"\u0633\u064a\u0627\u0633\u0629 \u0627\u0644\u062e\u0635\u0648\u0635\u064a\u0629"},"content":{"rendered":"<h2 class=\"wp-block-heading\">\u0645\u0646 \u0646\u062d\u0646<\/h2>\n\n\n\n<p>\u0639\u0646\u0648\u0627\u0646 \u0645\u0648\u0642\u0639\u0646\u0627: http:\/\/hortum.com.tr.<\/p>\n\n\n\n<h2 class=\"wp-block-heading\">\u0645\u0627 \u0647\u064a \u0627\u0644\u0645\u0639\u0644\u0648\u0645\u0627\u062a \u0627\u0644\u0634\u062e\u0635\u064a\u0629 \u0627\u0644\u062a\u064a \u0646\u062c\u0645\u0639\u0647\u0627 \u0648\u0644\u0623\u064a \u063a\u0631\u0636\u061f<\/h2>\n\n\n\n<h3 class=\"wp-block-heading\">\u062a\u0639\u0644\u064a\u0642\u0627\u062a<\/h3>\n\n\n\n<p>\u0639\u0646\u062f\u0645\u0627 \u064a\u062a\u0631\u0643 \u0627\u0644\u0632\u0627\u0626\u0631\u0648\u0646 \u062a\u0639\u0644\u064a\u0642\u0627\u062a\u0647\u0645 \u0639\u0644\u0649 \u0627\u0644\u0645\u0648\u0642\u0639 \u060c \u0646\u062c\u0645\u0639 \u0627\u0644\u0628\u064a\u0627\u0646\u0627\u062a \u0627\u0644\u0645\u0639\u0631\u0648\u0636\u0629 \u0641\u064a \u0646\u0645\u0648\u0630\u062c \u0627\u0644\u062a\u0639\u0644\u064a\u0642\u0627\u062a \u060c \u0628\u0627\u0644\u0625\u0636\u0627\u0641\u0629 \u0625\u0644\u0649 \u0639\u0646\u0648\u0627\u0646 IP \u0627\u0644\u062e\u0627\u0635 \u0628\u0627\u0644\u0632\u0627\u0626\u0631 \u0648\u0646\u0635 \u0645\u0639\u0644\u0648\u0645\u0627\u062a \u0627\u0644\u0645\u062a\u0635\u0641\u062d \u0644\u0644\u0645\u0633\u0627\u0639\u062f\u0629 \u0641\u064a \u0627\u0643\u062a\u0634\u0627\u0641 \u0627\u0644\u0628\u0631\u064a\u062f \u0627\u0644\u0639\u0634\u0648\u0627\u0626\u064a.<\/p>\n\n\n\n<p>\u0642\u062f \u064a\u062a\u0645 \u062a\u0648\u0641\u064a\u0631 \u0646\u0635 \u0645\u062c\u0647\u0648\u0644 \u0627\u0644\u0645\u0635\u062f\u0631 (\u064a\u0633\u0645\u0649 \u0623\u064a\u0636\u064b\u0627 \u0627\u0644\u062a\u062c\u0632\u0626\u0629) \u062a\u0645 \u0625\u0646\u0634\u0627\u0624\u0647 \u0645\u0646 \u0639\u0646\u0648\u0627\u0646 \u0628\u0631\u064a\u062f\u0643 \u0627\u0644\u0625\u0644\u0643\u062a\u0631\u0648\u0646\u064a \u0625\u0644\u0649 \u062e\u062f\u0645\u0629 Gravatar \u0644\u0645\u0639\u0631\u0641\u0629 \u0645\u0627 \u0625\u0630\u0627 \u0643\u0646\u062a \u062a\u0633\u062a\u062e\u062f\u0645 \u0627\u0644\u062e\u062f\u0645\u0629. \u0633\u064a\u0627\u0633\u0629 \u062e\u0635\u0648\u0635\u064a\u0629 \u062e\u062f\u0645\u0629 Gravatar \u0645\u062a\u0627\u062d\u0629 \u0639\u0644\u0649 https:\/\/automattic.com\/privacy\/. \u0628\u0639\u062f \u0627\u0644\u0645\u0648\u0627\u0641\u0642\u0629 \u0639\u0644\u0649 \u062a\u0639\u0644\u064a\u0642\u0643 \u060c \u0633\u062a\u0643\u0648\u0646 \u0635\u0648\u0631\u0629 \u0645\u0644\u0641\u0643 \u0627\u0644\u0634\u062e\u0635\u064a \u0645\u0631\u0626\u064a\u0629 \u0644\u0644\u062c\u0645\u064a\u0639 \u0645\u0639 \u062a\u0639\u0644\u064a\u0642\u0643.<\/p>\n\n\n\n<h3 class=\"wp-block-heading\">\u0628\u064a\u0626\u0629<\/h3>\n\n\n\n<p>\u0625\u0630\u0627 \u0642\u0645\u062a \u0628\u062a\u062d\u0645\u064a\u0644 \u0627\u0644\u0635\u0648\u0631 \u0625\u0644\u0649 \u0645\u0648\u0642\u0639 \u0627\u0644\u0648\u064a\u0628 \u060c \u0641\u064a\u062c\u0628 \u062a\u062c\u0646\u0628 \u062a\u062d\u0645\u064a\u0644 \u0627\u0644\u0635\u0648\u0631 \u0627\u0644\u062a\u064a \u062a\u062d\u062a\u0648\u064a \u0639\u0644\u0649 \u0628\u064a\u0627\u0646\u0627\u062a \u0627\u0644\u0645\u0648\u0642\u0639 \u0627\u0644\u0645\u0636\u0645\u0646\u0629 (EXIF GPS). \u064a\u0645\u0643\u0646 \u0644\u0632\u0648\u0627\u0631 \u0627\u0644\u0645\u0648\u0642\u0639 \u062a\u0646\u0632\u064a\u0644 \u0648\u0627\u0633\u062a\u062e\u0631\u0627\u062c \u0623\u064a \u0645\u0639\u0644\u0648\u0645\u0627\u062a \u0645\u0648\u0642\u0639 \u0645\u0646 \u0627\u0644\u0635\u0648\u0631 \u0627\u0644\u0645\u0648\u062c\u0648\u062f\u0629 \u0639\u0644\u0649 \u0627\u0644\u0645\u0648\u0642\u0639.<\/p>\n\n\n\n<h3 class=\"wp-block-heading\">\u0646\u0645\u0627\u0630\u062c \u0627\u0644\u0627\u062a\u0635\u0627\u0644<\/h3>\n\n\n\n<h3 class=\"wp-block-heading\">\u0628\u0633\u0643\u0648\u064a\u062a<\/h3>\n\n\n\n<p>\u0625\u0630\u0627 \u062a\u0631\u0643\u062a \u062a\u0639\u0644\u064a\u0642\u064b\u0627 \u0639\u0644\u0649 \u0645\u0648\u0642\u0639\u0646\u0627 \u060c \u0641\u064a\u0645\u0643\u0646\u0643 \u0627\u062e\u062a\u064a\u0627\u0631 \u062d\u0641\u0638 \u0627\u0633\u0645\u0643 \u0648\u0639\u0646\u0648\u0627\u0646 \u0628\u0631\u064a\u062f\u0643 \u0627\u0644\u0625\u0644\u0643\u062a\u0631\u0648\u0646\u064a \u0648\u0645\u0648\u0642\u0639\u0643 \u0627\u0644\u0625\u0644\u0643\u062a\u0631\u0648\u0646\u064a \u0641\u064a \u0645\u0644\u0641\u0627\u062a \u062a\u0639\u0631\u064a\u0641 \u0627\u0644\u0627\u0631\u062a\u0628\u0627\u0637. \u0647\u0630\u0647 \u0644\u0631\u0627\u062d\u062a\u0643 \u060c \u0644\u0630\u0627 \u0644\u0646 \u062a\u0636\u0637\u0631 \u0625\u0644\u0649 \u0645\u0644\u0621 \u0645\u0639\u0644\u0648\u0645\u0627\u062a\u0643 \u0645\u0631\u0629 \u0623\u062e\u0631\u0649 \u0639\u0646\u062f\u0645\u0627 \u062a\u062a\u0631\u0643 \u062a\u0639\u0644\u064a\u0642\u064b\u0627 \u0622\u062e\u0631. \u062a\u0628\u0642\u0649 \u0645\u0644\u0641\u0627\u062a \u062a\u0639\u0631\u064a\u0641 \u0627\u0644\u0627\u0631\u062a\u0628\u0627\u0637 \u0647\u0630\u0647 \u0644\u0645\u062f\u0629 \u0639\u0627\u0645 \u0648\u0627\u062d\u062f.<\/p>\n\n\n\n<p>\u0625\u0630\u0627 \u0643\u0627\u0646 \u0644\u062f\u064a\u0643 \u062d\u0633\u0627\u0628 \u0648\u0642\u0645\u062a \u0628\u062a\u0633\u062c\u064a\u0644 \u0627\u0644\u062f\u062e\u0648\u0644 \u0625\u0644\u0649 \u0647\u0630\u0627 \u0627\u0644\u0645\u0648\u0642\u0639 \u060c \u0641\u0633\u0646\u0642\u0648\u0645 \u0628\u062a\u0639\u064a\u064a\u0646 \u0645\u0644\u0641 \u062a\u0639\u0631\u064a\u0641 \u0627\u0631\u062a\u0628\u0627\u0637 \u0645\u0624\u0642\u062a \u0644\u062a\u062d\u062f\u064a\u062f \u0645\u0627 \u0625\u0630\u0627 \u0643\u0627\u0646 \u0645\u062a\u0635\u0641\u062d\u0643 \u064a\u0642\u0628\u0644 \u0645\u0644\u0641\u0627\u062a \u062a\u0639\u0631\u064a\u0641 \u0627\u0644\u0627\u0631\u062a\u0628\u0627\u0637. \u0644\u0627 \u064a\u062d\u062a\u0648\u064a \u0645\u0644\u0641 \u062a\u0639\u0631\u064a\u0641 \u0627\u0644\u0627\u0631\u062a\u0628\u0627\u0637 \u0647\u0630\u0627 \u0639\u0644\u0649 \u0628\u064a\u0627\u0646\u0627\u062a \u0634\u062e\u0635\u064a\u0629 \u0648\u064a\u062a\u0645 \u062a\u062c\u0627\u0647\u0644\u0647 \u0639\u0646\u062f \u0625\u063a\u0644\u0627\u0642 \u0627\u0644\u0645\u0633\u062a\u0639\u0631\u0636 \u0627\u0644\u062e\u0627\u0635 \u0628\u0643.<\/p>\n\n\n\n<p>\u0639\u0646\u062f \u062a\u0633\u062c\u064a\u0644 \u0627\u0644\u062f\u062e\u0648\u0644 \u060c \u0633\u0646\u062d\u0641\u0638 \u0628\u0639\u0636 \u0645\u0644\u0641\u0627\u062a \u062a\u0639\u0631\u064a\u0641 \u0627\u0644\u0627\u0631\u062a\u0628\u0627\u0637 \u0644\u062d\u0641\u0638 \u0645\u0639\u0644\u0648\u0645\u0627\u062a \u062a\u0633\u062c\u064a\u0644 \u0627\u0644\u062f\u062e\u0648\u0644 \u0648\u0627\u062e\u062a\u064a\u0627\u0631 \u0639\u0631\u0636 \u0627\u0644\u0634\u0627\u0634\u0629. \u062a\u0638\u0644 \u0645\u0644\u0641\u0627\u062a \u062a\u0639\u0631\u064a\u0641 \u0627\u0644\u0627\u0631\u062a\u0628\u0627\u0637 \u0644\u062a\u0633\u062c\u064a\u0644 \u0627\u0644\u062f\u062e\u0648\u0644 \u0644\u0645\u062f\u0629 \u064a\u0648\u0645\u064a\u0646 \u0648\u062a\u0628\u0642\u0649 \u0645\u0644\u0641\u0627\u062a \u062a\u0639\u0631\u064a\u0641 \u0627\u0631\u062a\u0628\u0627\u0637 \u062e\u064a\u0627\u0631\u0627\u062a \u0627\u0644\u0634\u0627\u0634\u0629 \u0644\u0645\u062f\u0629 \u0639\u0627\u0645 \u0648\u0627\u062d\u062f. \u0625\u0630\u0627 \u0627\u062e\u062a\u0631\u062a \u062e\u064a\u0627\u0631 &quot;\u062a\u0630\u0643\u0631\u0646\u064a&quot; \u060c \u0641\u0633\u064a\u0633\u062a\u0645\u0631 \u062a\u0633\u062c\u064a\u0644 \u062f\u062e\u0648\u0644\u0643 \u0644\u0645\u062f\u0629 \u0623\u0633\u0628\u0648\u0639\u064a\u0646. \u0625\u0630\u0627 \u0642\u0645\u062a \u0628\u062a\u0633\u062c\u064a\u0644 \u0627\u0644\u062e\u0631\u0648\u062c \u0645\u0646 \u062d\u0633\u0627\u0628\u0643 \u060c \u0641\u0633\u062a\u062a\u0645 \u0625\u0632\u0627\u0644\u0629 \u0645\u0644\u0641\u0627\u062a \u062a\u0639\u0631\u064a\u0641 \u0627\u0644\u0627\u0631\u062a\u0628\u0627\u0637 \u0627\u0644\u062e\u0627\u0635\u0629 \u0628\u062a\u0633\u062c\u064a\u0644 \u0627\u0644\u062f\u062e\u0648\u0644.<\/p>\n\n\n\n<p>\u0625\u0630\u0627 \u0642\u0645\u062a \u0628\u062a\u062d\u0631\u064a\u0631 \u0623\u0648 \u0646\u0634\u0631 \u0645\u0642\u0627\u0644 \u060c \u0641\u0633\u064a\u062a\u0645 \u062d\u0641\u0638 \u0645\u0644\u0641 \u062a\u0639\u0631\u064a\u0641 \u0627\u0631\u062a\u0628\u0627\u0637 \u0625\u0636\u0627\u0641\u064a \u0641\u064a \u0645\u062a\u0635\u0641\u062d\u0643. \u0644\u0627 \u064a\u062d\u062a\u0648\u064a \u0645\u0644\u0641 \u062a\u0639\u0631\u064a\u0641 \u0627\u0644\u0627\u0631\u062a\u0628\u0627\u0637 \u0647\u0630\u0627 \u0639\u0644\u0649 \u0623\u064a \u0628\u064a\u0627\u0646\u0627\u062a \u0634\u062e\u0635\u064a\u0629 \u0648\u064a\u0639\u0631\u0636 \u0641\u0642\u0637 \u0645\u0639\u0631\u0641 \u0627\u0644\u0645\u0646\u0634\u0648\u0631 \u0644\u0644\u0645\u0642\u0627\u0644\u0629 \u0627\u0644\u062a\u064a \u062a\u0642\u0648\u0645 \u0628\u062a\u062d\u0631\u064a\u0631\u0647\u0627. \u062a\u0646\u062a\u0647\u064a \u0635\u0644\u0627\u062d\u064a\u062a\u0647 \u0628\u0639\u062f \u064a\u0648\u0645 \u0648\u0627\u062d\u062f.<\/p>\n\n\n\n<h3 class=\"wp-block-heading\">\u0645\u062d\u062a\u0648\u0649 \u0645\u0636\u0645\u0646 \u0645\u0646 \u0645\u0648\u0627\u0642\u0639 \u0623\u062e\u0631\u0649<\/h3>\n\n\n\n<p>\u0642\u062f \u062a\u062d\u062a\u0648\u064a \u0627\u0644\u0645\u0642\u0627\u0644\u0627\u062a \u0627\u0644\u0645\u0648\u062c\u0648\u062f\u0629 \u0639\u0644\u0649 \u0647\u0630\u0627 \u0627\u0644\u0645\u0648\u0642\u0639 \u0639\u0644\u0649 \u0645\u062d\u062a\u0648\u0649 \u0645\u0636\u0645\u0651\u0646 (\u0645\u062b\u0644 \u0645\u0642\u0627\u0637\u0639 \u0627\u0644\u0641\u064a\u062f\u064a\u0648 \u0648\u0627\u0644\u0635\u0648\u0631 \u0648\u0627\u0644\u0645\u0642\u0627\u0644\u0627\u062a \u0648\u0645\u0627 \u0625\u0644\u0649 \u0630\u0644\u0643). \u064a\u062a\u0635\u0631\u0641 \u0627\u0644\u0645\u062d\u062a\u0648\u0649 \u0627\u0644\u0645\u0636\u0645\u0646 \u0645\u0646 \u0645\u0648\u0627\u0642\u0639 \u0627\u0644\u0648\u064a\u0628 \u0627\u0644\u0623\u062e\u0631\u0649 \u062a\u0645\u0627\u0645\u064b\u0627 \u0643\u0645\u0627 \u0644\u0648 \u0643\u0627\u0646 \u0627\u0644\u0632\u0627\u0626\u0631 \u0642\u062f \u0632\u0627\u0631 \u0645\u0648\u0642\u0639 \u0627\u0644\u0648\u064a\u0628 \u0627\u0644\u0622\u062e\u0631.<\/p>\n\n\n\n<p>\u0642\u062f \u062a\u062c\u0645\u0639 \u0645\u0648\u0627\u0642\u0639 \u0627\u0644\u0648\u064a\u0628 \u0647\u0630\u0647 \u0628\u064a\u0627\u0646\u0627\u062a \u0639\u0646\u0643 \u060c \u0648\u062a\u0633\u062a\u062e\u062f\u0645 \u0645\u0644\u0641\u0627\u062a \u062a\u0639\u0631\u064a\u0641 \u0627\u0644\u0627\u0631\u062a\u0628\u0627\u0637 \u060c \u0648\u062a\u0642\u0648\u0645 \u0628\u062a\u0636\u0645\u064a\u0646 \u062a\u062a\u0628\u0639 \u0627\u0644\u062c\u0647\u0627\u062a \u0627\u0644\u062e\u0627\u0631\u062c\u064a\u0629 \u060c \u0648\u062a\u0631\u0627\u0642\u0628 \u062a\u0641\u0627\u0639\u0644\u0643 \u0645\u0639 \u0647\u0630\u0627 \u0627\u0644\u0645\u062d\u062a\u0648\u0649 \u0627\u0644\u0645\u0636\u0645\u0646 \u060c \u0628\u0645\u0627 \u0641\u064a \u0630\u0644\u0643 \u062a\u062a\u0628\u0639 \u062a\u0641\u0627\u0639\u0644\u0643 \u0645\u0639 \u0627\u0644\u0645\u062d\u062a\u0648\u0649 \u0627\u0644\u0645\u0636\u0645\u0646 \u0625\u0630\u0627 \u0643\u0627\u0646 \u0644\u062f\u064a\u0643 \u062d\u0633\u0627\u0628 \u0648\u062a\u0645 \u062a\u0633\u062c\u064a\u0644 \u062f\u062e\u0648\u0644\u0643 \u0625\u0644\u0649 \u0647\u0630\u0627 \u0627\u0644\u0645\u0648\u0642\u0639.<\/p>\n\n\n\n<h3 class=\"wp-block-heading\">\u0627\u0644\u062a\u062d\u0644\u064a\u0644\u0627\u062a<\/h3>\n\n\n\n<h2 class=\"wp-block-heading\">\u0645\u0639 \u0645\u0646 \u0646\u0634\u0627\u0631\u0643 \u0628\u064a\u0627\u0646\u0627\u062a\u0643<\/h2>\n\n\n\n<h2 class=\"wp-block-heading\">\u0643\u0645 \u0645\u0646 \u0627\u0644\u0648\u0642\u062a \u0646\u062d\u062a\u0641\u0638 \u0628\u0628\u064a\u0627\u0646\u0627\u062a\u0643<\/h2>\n\n\n\n<p>\u0625\u0630\u0627 \u062a\u0631\u0643\u062a \u062a\u0639\u0644\u064a\u0642\u064b\u0627 \u060c \u0641\u0633\u064a\u062a\u0645 \u0627\u0644\u0627\u062d\u062a\u0641\u0627\u0638 \u0628\u0627\u0644\u062a\u0639\u0644\u064a\u0642 \u0648\u0627\u0644\u0628\u064a\u0627\u0646\u0627\u062a \u0627\u0644\u0648\u0635\u0641\u064a\u0629 \u0627\u0644\u062e\u0627\u0635\u0629 \u0628\u0647 \u0625\u0644\u0649 \u0623\u062c\u0644 \u063a\u064a\u0631 \u0645\u0633\u0645\u0649. \u0628\u0647\u0630\u0647 \u0627\u0644\u0637\u0631\u064a\u0642\u0629 \u060c \u064a\u0645\u0643\u0646\u0646\u0627 \u0627\u0644\u062a\u0639\u0631\u0641 \u062a\u0644\u0642\u0627\u0626\u064a\u064b\u0627 \u0639\u0644\u0649 \u062a\u0639\u0644\u064a\u0642\u0627\u062a \u0627\u0644\u0645\u062a\u0627\u0628\u0639\u0629 \u0627\u0644\u062e\u0627\u0635\u0629 \u0628\u0643 \u0648\u0627\u0644\u0645\u0648\u0627\u0641\u0642\u0629 \u0639\u0644\u064a\u0647\u0627 \u0628\u062f\u0644\u0627\u064b \u0645\u0646 \u0627\u0644\u0627\u062d\u062a\u0641\u0627\u0638 \u0628\u0647\u0627 \u0641\u064a \u0642\u0627\u0626\u0645\u0629 \u0627\u0646\u062a\u0638\u0627\u0631 \u0627\u0644\u0645\u0631\u0627\u062c\u0639\u0629.<\/p>\n\n\n\n<p>\u0628\u0627\u0644\u0646\u0633\u0628\u0629 \u0644\u0644\u0645\u0633\u062a\u062e\u062f\u0645\u064a\u0646 \u0627\u0644\u0630\u064a\u0646 \u0642\u0627\u0645\u0648\u0627 \u0628\u0627\u0644\u062a\u0633\u062c\u064a\u0644 \u0639\u0644\u0649 \u0645\u0648\u0642\u0639\u0646\u0627 (\u0625\u0646 \u0648\u062c\u062f) \u060c \u0646\u0642\u0648\u0645 \u0623\u064a\u0636\u064b\u0627 \u0628\u062a\u062e\u0632\u064a\u0646 \u0627\u0644\u0645\u0639\u0644\u0648\u0645\u0627\u062a \u0627\u0644\u0634\u062e\u0635\u064a\u0629 \u0627\u0644\u062a\u064a \u064a\u0642\u062f\u0645\u0648\u0646\u0647\u0627 \u0641\u064a \u0645\u0644\u0641 \u062a\u0639\u0631\u064a\u0641 \u0627\u0644\u0645\u0633\u062a\u062e\u062f\u0645 \u0627\u0644\u062e\u0627\u0635 \u0628\u0647\u0645. \u064a\u0645\u0643\u0646 \u0644\u062c\u0645\u064a\u0639 \u0627\u0644\u0645\u0633\u062a\u062e\u062f\u0645\u064a\u0646 \u0639\u0631\u0636 \u0645\u0639\u0644\u0648\u0645\u0627\u062a\u0647\u0645 \u0627\u0644\u0634\u062e\u0635\u064a\u0629 \u0623\u0648 \u062a\u0639\u062f\u064a\u0644\u0647\u0627 \u0623\u0648 \u062d\u0630\u0641\u0647\u0627 \u0641\u064a \u0623\u064a \u0648\u0642\u062a (\u0628\u0627\u0633\u062a\u062b\u0646\u0627\u0621 \u062a\u063a\u064a\u064a\u0631 \u0623\u0633\u0645\u0627\u0621 \u0627\u0644\u0645\u0633\u062a\u062e\u062f\u0645\u064a\u0646). \u064a\u0645\u0643\u0646 \u0644\u0645\u0633\u0624\u0648\u0644\u064a \u0645\u0648\u0627\u0642\u0639 \u0627\u0644\u0648\u064a\u0628 \u0623\u064a\u0636\u064b\u0627 \u0639\u0631\u0636 \u0647\u0630\u0647 \u0627\u0644\u0645\u0639\u0644\u0648\u0645\u0627\u062a \u0648\u062a\u062d\u0631\u064a\u0631\u0647\u0627.<\/p>\n\n\n\n<h2 class=\"wp-block-heading\">\u0645\u0627 \u0647\u064a \u062d\u0642\u0648\u0642\u0643 \u0639\u0644\u0649 \u0628\u064a\u0627\u0646\u0627\u062a\u0643\u061f<\/h2>\n\n\n\n<p>\u0625\u0630\u0627 \u0643\u0627\u0646 \u0644\u062f\u064a\u0643 \u062d\u0633\u0627\u0628 \u0623\u0648 \u062a\u0639\u0644\u064a\u0642\u0627\u062a \u0639\u0644\u0649 \u0647\u0630\u0627 \u0627\u0644\u0645\u0648\u0642\u0639 \u060c \u0641\u064a\u0645\u0643\u0646\u0643 \u0637\u0644\u0628 \u0627\u0633\u062a\u0644\u0627\u0645 \u0645\u0644\u0641 \u0645\u064f\u0635\u062f\u064e\u0651\u0631 \u0645\u0646 \u0627\u0644\u0628\u064a\u0627\u0646\u0627\u062a \u0627\u0644\u0634\u062e\u0635\u064a\u0629 \u0627\u0644\u062a\u064a \u0646\u062d\u062a\u0641\u0638 \u0628\u0647\u0627 \u0639\u0646\u0643 \u060c \u0628\u0645\u0627 \u0641\u064a \u0630\u0644\u0643 \u0627\u0644\u0628\u064a\u0627\u0646\u0627\u062a \u0627\u0644\u062a\u064a \u0642\u062f\u0645\u062a\u0647\u0627 \u0625\u0644\u064a\u0646\u0627. \u064a\u0645\u0643\u0646\u0643 \u0623\u064a\u0636\u064b\u0627 \u0637\u0644\u0628 \u062d\u0630\u0641 \u062c\u0645\u064a\u0639 \u0627\u0644\u0628\u064a\u0627\u0646\u0627\u062a \u0627\u0644\u0634\u062e\u0635\u064a\u0629 \u0627\u0644\u062a\u064a \u0646\u062d\u062a\u0641\u0638 \u0628\u0647\u0627 \u0639\u0646\u0643. \u0647\u0630\u0627 \u0644\u0627 \u064a\u0634\u0645\u0644 \u0623\u064a \u0628\u064a\u0627\u0646\u0627\u062a \u064a\u062a\u0639\u064a\u0646 \u0639\u0644\u064a\u0646\u0627 \u0627\u0644\u0627\u0644\u062a\u0632\u0627\u0645 \u0628\u0647\u0627 \u0644\u0623\u063a\u0631\u0627\u0636 \u0625\u062f\u0627\u0631\u064a\u0629 \u0623\u0648 \u0642\u0627\u0646\u0648\u0646\u064a\u0629 \u0623\u0648 \u0623\u0645\u0646\u064a\u0629.<\/p>\n\n\n\n<h2 class=\"wp-block-heading\">\u0625\u0644\u0649 \u0623\u064a\u0646 \u0646\u0631\u0633\u0644 \u0628\u064a\u0627\u0646\u0627\u062a\u0643<\/h2>\n\n\n\n<p>\u064a\u0645\u0643\u0646 \u0627\u0644\u062a\u062d\u0642\u0642 \u0645\u0646 \u062a\u0639\u0644\u064a\u0642\u0627\u062a \u0627\u0644\u0632\u0648\u0627\u0631 \u0645\u0646 \u062e\u0644\u0627\u0644 \u062e\u062f\u0645\u0629 \u0627\u0644\u0643\u0634\u0641 \u0627\u0644\u0622\u0644\u064a \u0639\u0646 \u0627\u0644\u0628\u0631\u064a\u062f \u0627\u0644\u0639\u0634\u0648\u0627\u0626\u064a.<\/p>\n\n\n\n<h2 class=\"wp-block-heading\">\u0645\u0639\u0644\u0648\u0645\u0627\u062a \u0627\u0644\u0627\u062a\u0635\u0627\u0644 \u0627\u0644\u062e\u0627\u0635\u0629 \u0628\u0643<\/h2>\n\n\n\n<h2 class=\"wp-block-heading\">\u0645\u0639\u0644\u0648\u0645\u0627\u062a \u0625\u0636\u0627\u0641\u064a\u0629<\/h2>\n\n\n\n<h3 class=\"wp-block-heading\">\u0643\u064a\u0641 \u0646\u062d\u0645\u064a \u0628\u064a\u0627\u0646\u0627\u062a\u0643<\/h3>\n\n\n\n<h3 class=\"wp-block-heading\">\u0645\u0627 \u0647\u064a \u0625\u062c\u0631\u0627\u0621\u0627\u062a \u062e\u0631\u0642 \u0627\u0644\u0628\u064a\u0627\u0646\u0627\u062a \u0644\u062f\u064a\u0646\u0627<\/h3>\n\n\n\n<h3 class=\"wp-block-heading\">\u0645\u0646 \u0623\u064a \u0623\u0637\u0631\u0627\u0641 \u062b\u0627\u0644\u062b\u0629 \u0646\u062a\u0644\u0642\u0649 \u0627\u0644\u0628\u064a\u0627\u0646\u0627\u062a<\/h3>\n\n\n\n<h3 class=\"wp-block-heading\">\u0645\u0627 \u0646\u0648\u0639 \u0627\u062a\u062e\u0627\u0630 \u0627\u0644\u0642\u0631\u0627\u0631 \u0627\u0644\u0622\u0644\u064a \u0648 \/ \u0623\u0648 \u0627\u0644\u062a\u0646\u0645\u064a\u0637 \u0627\u0644\u0630\u064a \u0646\u0642\u0648\u0645 \u0628\u0647 \u0645\u0639 \u0628\u064a\u0627\u0646\u0627\u062a \u0627\u0644\u0645\u0633\u062a\u062e\u062f\u0645\u061f<\/h3>\n\n\n\n<h3 class=\"wp-block-heading\">\u0648\u0627\u062c\u0628 \u0648\u0632\u0627\u0631\u0629 \u0627\u0644\u0635\u0646\u0627\u0639\u0629 \u0625\u0639\u0644\u0627\u0645 \u0627\u0644\u062c\u0645\u0647\u0648\u0631<\/h3>","protected":false},"excerpt":{"rendered":"<p>Biz kimiz Web sitemizin adresi: http:\/\/hortum.com.tr. Hangi ki\u015fisel bilgileri ne ama\u00e7la topluyoruz Yorumlar Ziyaret\u00e7iler sitede yorum b\u0131rakt\u0131\u011f\u0131nda yorum formunda g\u00f6sterilen verileri ve ayr\u0131ca istenmeyen yorum tespitine yard\u0131mc\u0131 olmak i\u00e7in ziyaret\u00e7inin IP adresi ve taray\u0131c\u0131 bilgisi metnini de toplar\u0131z. E-posta adresinizden olu\u015fturulmu\u015f anonimle\u015ftirilmi\u015f bir metin (hash olarak da adland\u0131r\u0131l\u0131r) Gravatar hizmetine, servisi kullan\u0131p kullanmad\u0131\u011f\u0131n\u0131z\u0131 g\u00f6rmek i\u00e7in, [&#8230;]\n","protected":false},"author":1,"featured_media":0,"parent":0,"menu_order":0,"comment_status":"closed","ping_status":"open","template":"","meta":{"jetpack_post_was_ever_published":false,"footnotes":""},"class_list":["post-3","page","type-page","status-publish","hentry"],"jetpack-related-posts":[{"id":2,"url":"https:\/\/tuzlahortum.com.tr\/ar\/ornek-sayfa\/","url_meta":{"origin":3,"position":0},"title":"\u00d6rnek sayfa","author":"admin","date":"5 \u0641\u0628\u0631\u0627\u064a\u0631 2019","format":false,"excerpt":"Bu \u00f6rnek bir sayfad\u0131r. Bir blog yaz\u0131s\u0131ndan farkl\u0131d\u0131r \u00e7\u00fcnk\u00fc belirli bir yerde sabit olarak kal\u0131r ve teman\u0131z\u0131n dola\u015f\u0131m men\u00fcs\u00fcnde ba\u015fl\u0131\u011f\u0131 g\u00f6r\u00fcnt\u00fclenir(\u00e7o\u011fu tema destekler). Bir \u00e7ok insan potansiyel ziyaret\u00e7ilerini kar\u015f\u0131lamak ad\u0131na bir Hakk\u0131nda sayfas\u0131 kullan\u0131r. \u015euna benzeyen bir sayfa: Merhaba! G\u00fcnd\u00fczleri bisikletli kurye, geceleri ise hevesli bir akt\u00f6r\u00fcm, buras\u0131 da benim\u2026","rel":"","context":"\u062a\u062f\u0648\u064a\u0646\u0629 \u0645\u0634\u0627\u0628\u0647\u0629","block_context":{"text":"\u062a\u062f\u0648\u064a\u0646\u0629 \u0645\u0634\u0627\u0628\u0647\u0629","link":""},"img":{"alt_text":"","src":"","width":0,"height":0},"classes":[]},{"id":23019,"url":"https:\/\/tuzlahortum.com.tr\/ar\/kalite-politikamiz\/","url_meta":{"origin":3,"position":1},"title":"\u0633\u064a\u0627\u0633\u0629 \u0627\u0644\u062c\u0648\u062f\u0629 \u0644\u062f\u064a\u0646\u0627","author":"admin","date":"30 \u0633\u0628\u062a\u0645\u0628\u0631 2025","format":false,"excerpt":"Kalite Politikam\u0131z Tuzla Hortum olarak kalite politikas\u0131 ve vaatleri a\u015fa\u011f\u0131daki gibidir: T\u00fcm \u00e7al\u0131\u015fanlar\u0131m\u0131z\u0131n kat\u0131l\u0131m\u0131 ve gayretiyle, payda\u015flar\u0131m\u0131z\u0131n ihtiya\u00e7 ve beklentilerini kar\u015f\u0131lamak, \u00c7evresel fakt\u00f6rleri ve i\u015f g\u00fcvenli\u011fi kurallar\u0131n\u0131 dikkate alarak kalite y\u00f6netim sistemi \u015fartlar\u0131na uymak ve s\u00fcrekli iyile\u015ftirmeyi sa\u011flamak, Kalite standartlar\u0131m\u0131z\u0131 en \u00fcst d\u00fczeyde tutarak, yasal gereklilikleri yerine getirmek; ulusal ve\u2026","rel":"","context":"\u062a\u062f\u0648\u064a\u0646\u0629 \u0645\u0634\u0627\u0628\u0647\u0629","block_context":{"text":"\u062a\u062f\u0648\u064a\u0646\u0629 \u0645\u0634\u0627\u0628\u0647\u0629","link":""},"img":{"alt_text":"","src":"","width":0,"height":0},"classes":[]},{"id":84,"url":"https:\/\/tuzlahortum.com.tr\/ar\/iletisim2\/","url_meta":{"origin":3,"position":2},"title":"\u0627\u0644\u0627\u062a\u0635\u0627\u0644 2","author":"admin","date":"11 \u0623\u063a\u0633\u0637\u0633 2013","format":false,"excerpt":"\u00a0","rel":"","context":"\u062a\u062f\u0648\u064a\u0646\u0629 \u0645\u0634\u0627\u0628\u0647\u0629","block_context":{"text":"\u062a\u062f\u0648\u064a\u0646\u0629 \u0645\u0634\u0627\u0628\u0647\u0629","link":""},"img":{"alt_text":"","src":"","width":0,"height":0},"classes":[]},{"id":12928,"url":"https:\/\/tuzlahortum.com.tr\/ar\/qr-welcome\/","url_meta":{"origin":3,"position":3},"title":"\u0631\u064a\u0627\u0644 \u0642\u0637\u0631\u064a.","author":"admin","date":"29 \u0633\u0628\u062a\u0645\u0628\u0631 2023","format":false,"excerpt":"","rel":"","context":"\u062a\u062f\u0648\u064a\u0646\u0629 \u0645\u0634\u0627\u0628\u0647\u0629","block_context":{"text":"\u062a\u062f\u0648\u064a\u0646\u0629 \u0645\u0634\u0627\u0628\u0647\u0629","link":""},"img":{"alt_text":"","src":"","width":0,"height":0},"classes":[]}],"jetpack_sharing_enabled":true,"jetpack_likes_enabled":true,"_links":{"self":[{"href":"https:\/\/tuzlahortum.com.tr\/ar\/wp-json\/wp\/v2\/pages\/3","targetHints":{"allow":["GET"]}}],"collection":[{"href":"https:\/\/tuzlahortum.com.tr\/ar\/wp-json\/wp\/v2\/pages"}],"about":[{"href":"https:\/\/tuzlahortum.com.tr\/ar\/wp-json\/wp\/v2\/types\/page"}],"author":[{"embeddable":true,"href":"https:\/\/tuzlahortum.com.tr\/ar\/wp-json\/wp\/v2\/users\/1"}],"replies":[{"embeddable":true,"href":"https:\/\/tuzlahortum.com.tr\/ar\/wp-json\/wp\/v2\/comments?post=3"}],"version-history":[{"count":0,"href":"https:\/\/tuzlahortum.com.tr\/ar\/wp-json\/wp\/v2\/pages\/3\/revisions"}],"wp:attachment":[{"href":"https:\/\/tuzlahortum.com.tr\/ar\/wp-json\/wp\/v2\/media?parent=3"}],"curies":[{"name":"\u062f\u0628\u0644\u064a\u0648 \u0628\u064a","href":"https:\/\/api.w.org\/{rel}","templated":true}]}}