{"id":2,"date":"2019-02-05T15:07:59","date_gmt":"2019-02-05T12:07:59","guid":{"rendered":"http:\/\/hortum.com.tr\/?page_id=2"},"modified":"2019-02-05T15:07:59","modified_gmt":"2019-02-05T12:07:59","slug":"ornek-sayfa","status":"publish","type":"page","link":"https:\/\/tuzlahortum.com.tr\/ar\/ornek-sayfa\/","title":{"rendered":"\u00d6rnek sayfa"},"content":{"rendered":"<p>\u0647\u0630\u0647 \u0635\u0641\u062d\u0629 \u0646\u0645\u0648\u0630\u062c\u064a\u0629. \u0625\u0646\u0647\u0627 \u062a\u062e\u062a\u0644\u0641 \u0639\u0646 \u0645\u0642\u0627\u0644\u0629 \u0627\u0644\u0645\u062f\u0648\u0646\u0629 \u0644\u0623\u0646\u0647\u0627 \u062a\u0628\u0642\u0649 \u062b\u0627\u0628\u062a\u0629 \u0641\u064a \u0645\u0643\u0627\u0646 \u0645\u062d\u062f\u062f \u0648\u064a\u062a\u0645 \u0639\u0631\u0636 \u0639\u0646\u0648\u0627\u0646\u0647\u0627 \u0641\u064a \u0642\u0627\u0626\u0645\u0629 \u0627\u0644\u062a\u0646\u0642\u0644 \u0641\u064a \u0642\u0627\u0644\u0628\u0643 (\u0645\u0639\u0638\u0645 \u0627\u0644\u0642\u0648\u0627\u0644\u0628 \u062a\u062f\u0639\u0645\u0647\u0627). \u064a\u0633\u062a\u062e\u062f\u0645 \u0627\u0644\u0639\u062f\u064a\u062f \u0645\u0646 \u0627\u0644\u0623\u0634\u062e\u0627\u0635 \u0635\u0641\u062d\u0629 \"\u062d\u0648\u0644\" \u0644\u0644\u062a\u0631\u062d\u064a\u0628 \u0628\u0627\u0644\u0632\u0627\u0626\u0631\u064a\u0646 \u0627\u0644\u0645\u062d\u062a\u0645\u0644\u064a\u0646. \u0635\u0641\u062d\u0629 \u062a\u0628\u062f\u0648 \u0645\u062b\u0644 \u0647\u0630\u0647 \u0627\u0644\u0635\u0641\u062d\u0629:<\/p>\n\n\n\n<blockquote class=\"wp-block-quote is-layout-flow wp-block-quote-is-layout-flow\"><p>\u0645\u0631\u062d\u0628\u0627\u064b \u0628\u0643\u0645! \u0623\u0646\u0627 \u0633\u0627\u0639\u064a \u062f\u0631\u0627\u062c\u0627\u062a \u0641\u064a \u0627\u0644\u0646\u0647\u0627\u0631 \u0648\u0645\u0645\u062b\u0644 \u0637\u0645\u0648\u062d \u0641\u064a \u0627\u0644\u0644\u064a\u0644\u060c \u0648\u0647\u0630\u0627 \u0647\u0648 \u0645\u0648\u0642\u0639\u064a \u0627\u0644\u0625\u0644\u0643\u062a\u0631\u0648\u0646\u064a. \u0623\u0639\u064a\u0634 \u0641\u064a \u0625\u0633\u0637\u0646\u0628\u0648\u0644\u060c \u0648\u0644\u062f\u064a\u0651 \u0643\u0644\u0628 \u0631\u0627\u0626\u0639 \u064a\u064f\u062f\u0639\u0649 \u0628\u064a\u062f\u064a\u0643\u060c \u0648\u0623\u062d\u0628 \u0634\u0631\u0628 \u0627\u0644\u0628\u064a\u0646\u0627 \u0643\u0648\u0644\u0627\u062f\u0627 (\u0648\u0627\u0644\u062a\u0639\u0631\u0636 \u0644\u0644\u0645\u0637\u0631).<\/p><\/blockquote>\n\n\n\n<p>...\u0623\u0648 \u0634\u064a\u0621 \u0645\u0646 \u0647\u0630\u0627 \u0627\u0644\u0642\u0628\u064a\u0644:<\/p>\n\n\n\n<blockquote class=\"wp-block-quote is-layout-flow wp-block-quote-is-layout-flow\"><p>\u062a\u0623\u0633\u0633\u062a \u0634\u0631\u0643\u0629 XYZ \u0641\u064a \u0639\u0627\u0645 1971 \u0648\u062a\u0646\u062a\u062c \u0645\u0646\u062a\u062c\u0627\u062a \u0639\u0627\u0644\u064a\u0629 \u0627\u0644\u062c\u0648\u062f\u0629 \u0645\u0646\u0630 \u0630\u0644\u0643 \u0627\u0644\u062d\u064a\u0646. \u064a\u0642\u0639 \u0645\u0642\u0631 \u0634\u0631\u0643\u0629 XYZ \u0641\u064a \u0645\u062f\u064a\u0646\u0629 \u062c\u0648\u062b\u0627\u0645\u060c \u0648\u062a\u062d\u0627\u0648\u0644 \u0634\u0631\u0643\u0629 XYZ \u062a\u0642\u062f\u064a\u0645 \u0627\u0644\u0623\u0641\u0636\u0644 \u0644\u0645\u062f\u064a\u0646\u0629 \u062c\u0648\u062b\u0627\u0645 \u0648\u064a\u0639\u0645\u0644 \u0628\u0647\u0627 \u0623\u0643\u062b\u0631 \u0645\u0646 2,000 \u0645\u0648\u0638\u0641.<\/p><\/blockquote>\n\n\n\n<p>\u0643\u0645\u0633\u062a\u062e\u062f\u0645 \u062c\u062f\u064a\u062f \u0644\u0640 WordPress\u060c \u0623\u0648\u0644\u0627\u064b \u0648\u0642\u0628\u0644 \u0643\u0644 \u0634\u064a\u0621 <a href=\"http:\/\/hortum.com.tr\/wp-admin\/\" target=\"_blank\" rel=\"noopener\">\u0635\u0641\u062d\u0629 \u0627\u0644\u0628\u062f\u0627\u064a\u0629<\/a> \u064a\u062c\u0628 \u0639\u0644\u064a\u0643 \u062d\u0630\u0641 \u0647\u0630\u0647 \u0627\u0644\u0635\u0641\u062d\u0629 \u062a\u062f\u0631\u064a\u062c\u064a\u0627\u064b \u0648\u0625\u0646\u0634\u0627\u0621 \u0635\u0641\u062d\u0627\u062a\u0643 \u0627\u0644\u062e\u0627\u0635\u0629. \u0627\u0633\u062a\u0645\u062a\u0639 \u0628\u0648\u0642\u062a\u0643!<\/p>","protected":false},"excerpt":{"rendered":"<p>Bu \u00f6rnek bir sayfad\u0131r. Bir blog yaz\u0131s\u0131ndan farkl\u0131d\u0131r \u00e7\u00fcnk\u00fc belirli bir yerde sabit olarak kal\u0131r ve teman\u0131z\u0131n dola\u015f\u0131m men\u00fcs\u00fcnde ba\u015fl\u0131\u011f\u0131 g\u00f6r\u00fcnt\u00fclenir(\u00e7o\u011fu tema destekler). Bir \u00e7ok insan potansiyel ziyaret\u00e7ilerini kar\u015f\u0131lamak ad\u0131na bir Hakk\u0131nda sayfas\u0131 kullan\u0131r. \u015euna benzeyen bir sayfa: Merhaba! G\u00fcnd\u00fczleri bisikletli kurye, geceleri ise hevesli bir akt\u00f6r\u00fcm, buras\u0131 da benim sitem. \u0130stanbul&#8217;da ya\u015f\u0131yorum, B\u0131d\u0131k isminde [&#8230;]\n","protected":false},"author":1,"featured_media":0,"parent":0,"menu_order":0,"comment_status":"closed","ping_status":"open","template":"","meta":{"jetpack_post_was_ever_published":false,"footnotes":""},"class_list":["post-2","page","type-page","status-publish","hentry"],"jetpack-related-posts":[{"id":70,"url":"https:\/\/tuzlahortum.com.tr\/ar\/elements\/lightbox\/","url_meta":{"origin":2,"position":0},"title":"Lightbox","author":"admin","date":"20 \u062f\u064a\u0633\u0645\u0628\u0631 2013","format":false,"excerpt":"","rel":"","context":"\u062a\u062f\u0648\u064a\u0646\u0629 \u0645\u0634\u0627\u0628\u0647\u0629","block_context":{"text":"\u062a\u062f\u0648\u064a\u0646\u0629 \u0645\u0634\u0627\u0628\u0647\u0629","link":""},"img":{"alt_text":"","src":"","width":0,"height":0},"classes":[]},{"id":91,"url":"https:\/\/tuzlahortum.com.tr\/ar\/elements\/blog-posts\/","url_meta":{"origin":2,"position":1},"title":"Blog Posts","author":"admin","date":"11 \u0623\u063a\u0633\u0637\u0633 2013","format":false,"excerpt":"","rel":"","context":"\u062a\u062f\u0648\u064a\u0646\u0629 \u0645\u0634\u0627\u0628\u0647\u0629","block_context":{"text":"\u062a\u062f\u0648\u064a\u0646\u0629 \u0645\u0634\u0627\u0628\u0647\u0629","link":""},"img":{"alt_text":"","src":"","width":0,"height":0},"classes":[]},{"id":43,"url":"https:\/\/tuzlahortum.com.tr\/ar\/elements\/pages\/","url_meta":{"origin":2,"position":2},"title":"Pages","author":"admin","date":"31 \u0645\u0627\u0631\u0633 2016","format":false,"excerpt":"","rel":"","context":"\u062a\u062f\u0648\u064a\u0646\u0629 \u0645\u0634\u0627\u0628\u0647\u0629","block_context":{"text":"\u062a\u062f\u0648\u064a\u0646\u0629 \u0645\u0634\u0627\u0628\u0647\u0629","link":""},"img":{"alt_text":"","src":"","width":0,"height":0},"classes":[]},{"id":41,"url":"https:\/\/tuzlahortum.com.tr\/ar\/elements\/logo\/","url_meta":{"origin":2,"position":3},"title":"Logo","author":"admin","date":"31 \u0645\u0627\u0631\u0633 2016","format":false,"excerpt":"","rel":"","context":"\u062a\u062f\u0648\u064a\u0646\u0629 \u0645\u0634\u0627\u0628\u0647\u0629","block_context":{"text":"\u062a\u062f\u0648\u064a\u0646\u0629 \u0645\u0634\u0627\u0628\u0647\u0629","link":""},"img":{"alt_text":"","src":"","width":0,"height":0},"classes":[]},{"id":75,"url":"https:\/\/tuzlahortum.com.tr\/ar\/elements\/products\/","url_meta":{"origin":2,"position":4},"title":"Products","author":"admin","date":"18 \u0623\u063a\u0633\u0637\u0633 2013","format":false,"excerpt":"","rel":"","context":"\u062a\u062f\u0648\u064a\u0646\u0629 \u0645\u0634\u0627\u0628\u0647\u0629","block_context":{"text":"\u062a\u062f\u0648\u064a\u0646\u0629 \u0645\u0634\u0627\u0628\u0647\u0629","link":""},"img":{"alt_text":"","src":"","width":0,"height":0},"classes":[]},{"id":30,"url":"https:\/\/tuzlahortum.com.tr\/ar\/elements\/video-button\/","url_meta":{"origin":2,"position":5},"title":"\u0632\u0631 \u0627\u0644\u0641\u064a\u062f\u064a\u0648","author":"admin","date":"15 \u064a\u0648\u0646\u064a\u0648 2016","format":false,"excerpt":"","rel":"","context":"\u062a\u062f\u0648\u064a\u0646\u0629 \u0645\u0634\u0627\u0628\u0647\u0629","block_context":{"text":"\u062a\u062f\u0648\u064a\u0646\u0629 \u0645\u0634\u0627\u0628\u0647\u0629","link":""},"img":{"alt_text":"","src":"","width":0,"height":0},"classes":[]}],"jetpack_sharing_enabled":true,"jetpack_likes_enabled":true,"_links":{"self":[{"href":"https:\/\/tuzlahortum.com.tr\/ar\/wp-json\/wp\/v2\/pages\/2","targetHints":{"allow":["GET"]}}],"collection":[{"href":"https:\/\/tuzlahortum.com.tr\/ar\/wp-json\/wp\/v2\/pages"}],"about":[{"href":"https:\/\/tuzlahortum.com.tr\/ar\/wp-json\/wp\/v2\/types\/page"}],"author":[{"embeddable":true,"href":"https:\/\/tuzlahortum.com.tr\/ar\/wp-json\/wp\/v2\/users\/1"}],"replies":[{"embeddable":true,"href":"https:\/\/tuzlahortum.com.tr\/ar\/wp-json\/wp\/v2\/comments?post=2"}],"version-history":[{"count":0,"href":"https:\/\/tuzlahortum.com.tr\/ar\/wp-json\/wp\/v2\/pages\/2\/revisions"}],"wp:attachment":[{"href":"https:\/\/tuzlahortum.com.tr\/ar\/wp-json\/wp\/v2\/media?parent=2"}],"curies":[{"name":"\u062f\u0628\u0644\u064a\u0648 \u0628\u064a","href":"https:\/\/api.w.org\/{rel}","templated":true}]}}