{"id":714,"date":"2019-02-06T23:52:53","date_gmt":"2019-02-06T20:52:53","guid":{"rendered":"http:\/\/hortum.com.tr\/product\/import-placeholder-for-69\/"},"modified":"2024-03-21T17:43:35","modified_gmt":"2024-03-21T14:43:35","slug":"lpg-hortumlari","status":"publish","type":"product","link":"http:\/\/tuzlahortum.com.tr\/fr\/produit\/lpg-hortumlari\/","title":{"rendered":"Tuyaux GPL"},"content":{"rendered":"<h2>Tuyaux GPL<\/h2>\n<div>DOMAINES D&#039;UTILISATION\u00a0: applications de transport et de d\u00e9chargement de GPL<\/div>\n<div><\/div>\n<div>CONSTRUCTION<\/div>\n<div>Dessous : Caoutchouc nitrile synth\u00e9tique, noir<\/div>\n<div>Renforcement : Tresse synth\u00e9tique haute r\u00e9sistance<\/div>\n<div>Top CR\/NBR\/PVC, orange, robuste, r\u00e9sistant \u00e0 l&#039;abrasion et aux intemp\u00e9ries, capillaire perfor\u00e9<\/div>\n<div><\/div>\n<div><div class=\"video video-fit mb\" style=\"padding-top:56.25%;\"><p><iframe loading=\"lazy\" title=\"Confusion des mesures (pouces, doigts, brume, millim\u00e8tres)\" width=\"1020\" height=\"574\" src=\"https:\/\/www.youtube.com\/embed\/uKk6AG_AZls?feature=oembed\" frameborder=\"0\" allow=\"accelerometer; autoplay; clipboard-write; encrypted-media; gyroscope; picture-in-picture; web-share\" referrerpolicy=\"strict-origin-when-cross-origin\" allowfullscreen><\/iframe><\/p>\n<\/div><\/div>","protected":false},"excerpt":{"rendered":"<p>Tuyaux GPL DOMAINES D'UTILISATION : Applications de transport et d'\u00e9vacuation de GPL CONTRUCTION Fond : Caoutchouc nitrile synth\u00e9tique, noir Renforcement : Tresse synth\u00e9tique haute r\u00e9sistance Haut CR\/NBR\/PVC, orange, robuste, r\u00e9sistant aux frottements et aux conditions climatiques, avec trous capillaires : Tresse synth\u00e9tique haute r\u00e9sistance Top CR\/NBR\/PVC, orange, robuste, r\u00e9sistant au frottement et aux conditions climatiques, avec trous capillaires<\/p>","protected":false},"featured_media":1673,"comment_status":"open","ping_status":"closed","template":"","meta":{"jetpack_post_was_ever_published":false},"product_brand":[],"product_cat":[159],"product_tag":[770,773,774,769,771,772],"class_list":{"0":"post-714","1":"product","2":"type-product","3":"status-publish","4":"has-post-thumbnail","6":"product_cat-kaynak-hortumlari","7":"product_tag-l-p-g-hortumlari","8":"product_tag-l-p-g-nakil-uygulamalarinda","9":"product_tag-l-p-g-tahliye-uygulamalarinda","10":"product_tag-lpg-hortumlari","11":"product_tag-lpg-nakil-uygulamalarinda","12":"product_tag-lpg-tahliye-uygulamalarinda","14":"first","15":"instock","16":"taxable","17":"shipping-taxable","18":"product-type-variable"},"jetpack-related-posts":[{"id":21584,"url":"http:\/\/tuzlahortum.com.tr\/fr\/produit\/lpg-d\/","url_meta":{"origin":714,"position":0},"title":"GPL - D","author":"admin","date":"11 ao\u00fbt 2025","format":false,"excerpt":"\u00a0 \u00dcr\u00fcn Ad\u0131: LPG - D \u00dcr\u00fcn Kodu: LPGD 278\/27D LPG Bo\u015faltma - \u03a9 EN 1762 Kullanim Alan\u0131 : Teslimat veya LPG i\u00e7in Alt Katman : LPG'ye Dayan\u0131kl\u0131, \u0130letken Siyah NBR Kau\u00e7uk. Takviye Katman\u0131 : Y\u00fcksek Mukavemetli Sentetik Tekstil. \u00dcst Katman : Ozona, hava ko\u015fullar\u0131na, \u0131s\u0131ya, aleve ve ya\u011fa dayan\u0131kl\u0131,\u2026","rel":"","context":"Article similaire","block_context":{"text":"Article similaire","link":""},"img":{"alt_text":"","src":"https:\/\/i0.wp.com\/tuzlahortum.com.tr\/wp-content\/uploads\/2025\/08\/lpgd-p.png?fit=528%2C528&ssl=1&resize=350%2C200","width":350,"height":200,"srcset":"https:\/\/i0.wp.com\/tuzlahortum.com.tr\/wp-content\/uploads\/2025\/08\/lpgd-p.png?fit=528%2C528&ssl=1&resize=350%2C200 1x, https:\/\/i0.wp.com\/tuzlahortum.com.tr\/wp-content\/uploads\/2025\/08\/lpgd-p.png?fit=528%2C528&ssl=1&resize=525%2C300 1.5x"},"classes":[]},{"id":21587,"url":"http:\/\/tuzlahortum.com.tr\/fr\/produit\/lpg-sd\/","url_meta":{"origin":714,"position":1},"title":"GPL - SD","author":"admin","date":"11 ao\u00fbt 2025","format":false,"excerpt":"\u00a0 \u00dcr\u00fcn Ad\u0131: LPG - SD \u00dcr\u00fcn Kodu: LPGSD 279\/27S LPG Al\u0131c\u0131\/Verici - \u03a9 EN 1762 Kullanim Alan\u0131 : LPG'nin Emme ve Transferi \u0130\u00e7in Alt Katman : LPG'ye Dayan\u0131kl\u0131, \u0130letken, Siyah NBR Kau\u00e7uk Takviye Katman\u0131 : Y\u00fcksek Mukavemetli Sentetik Tekstil, \u00c7elik Tel Spiral \u00dcst Katman : Ozona, hava ko\u015fullar\u0131na, \u0131s\u0131ya,\u2026","rel":"","context":"Article similaire","block_context":{"text":"Article similaire","link":""},"img":{"alt_text":"","src":"https:\/\/i0.wp.com\/tuzlahortum.com.tr\/wp-content\/uploads\/2025\/08\/lpgsd-p.png?fit=514%2C514&ssl=1&resize=350%2C200","width":350,"height":200},"classes":[]},{"id":21335,"url":"http:\/\/tuzlahortum.com.tr\/fr\/produit\/uranus\/","url_meta":{"origin":714,"position":2},"title":"URANUS","author":"admin","date":"11 ao\u00fbt 2025","format":false,"excerpt":"\u00a0 \u00dcr\u00fcn Ad\u0131: URANUS \u00dcr\u00fcn Kodu: LPGW270 LPG Kaynak Kullanim Alan\u0131 : LPG ile Kaynak \u0130\u00e7in. Alt Katman : Siyah LPG ve Propan Dayan\u0131kl\u0131 \u00d6zel Sentetik Kau\u00e7uk. Takviye Katman\u0131 : Y\u00fcksek Mukavemetli Sentetik Tekstil. \u00dcst Katman : A\u015f\u0131nmaya, Alev, Oksijen, Hava ve Ya\u011fa Dayan\u0131kl\u0131 \u00d6zel Sentetik Kau\u00e7uk. -30\u00b0C \/ +80\u00b0C\u2026","rel":"","context":"Article similaire","block_context":{"text":"Article similaire","link":""},"img":{"alt_text":"","src":"https:\/\/i0.wp.com\/tuzlahortum.com.tr\/wp-content\/uploads\/2025\/08\/uranus-p.png?fit=523%2C523&ssl=1&resize=350%2C200","width":350,"height":200},"classes":[]},{"id":22624,"url":"http:\/\/tuzlahortum.com.tr\/fr\/produit\/tupgaz-cc\/","url_meta":{"origin":714,"position":3},"title":"TUPGAZ CC","author":"admin","date":"11 ao\u00fbt 2025","format":false,"excerpt":"\u00a0 \u00dcr\u00fcn Ad\u0131: TUPGAZ CC \u00dcr\u00fcn Kodu: TBT82 LPG, B\u00fctan\/Propan Hortumu Kullanim Alan\u0131 : Evsel uygulamalarda LPG, b\u00fctan\/propandan iletmek i\u00e7in. Alt Katman : LPG, B\u00fctan\/Propana Dayan\u0131kl\u0131 \u00d6zel PVC Bile\u015fi\u011fi. Takviye Katman\u0131 : Y\u00fcksek Mukavemetli Sentetik Tekstil. \u00dcst Katman : A\u015f\u0131nmaya ve Hava Ko\u015fullar\u0131na Dayan\u0131kl\u0131 \u00d6zel PVC Bile\u015fimi. -30\u00b0C \/ +70\u00b0C\u2026","rel":"","context":"Article similaire","block_context":{"text":"Article similaire","link":""},"img":{"alt_text":"","src":"https:\/\/i0.wp.com\/tuzlahortum.com.tr\/wp-content\/uploads\/2025\/08\/PVC_108.png?fit=446%2C446&ssl=1&resize=350%2C200","width":350,"height":200},"classes":[]},{"id":21593,"url":"http:\/\/tuzlahortum.com.tr\/fr\/produit\/spectra-ece-r-67\/","url_meta":{"origin":714,"position":4},"title":"SPECTRA ECE R 67","author":"admin","date":"11 ao\u00fbt 2025","format":false,"excerpt":"\u00a0 \u00dcr\u00fcn Ad\u0131: SPECTRA ECE R 67 \u00dcr\u00fcn Kodu: SECEH285 Kau\u00e7uk Hortum Otogaz ECE R 67 Kullanim Alan\u0131 : Otomotiv sistemlerinde LPG tahliyesi i\u00e7in. Alt Katman : LPG'ye Dayan\u0131kl\u0131 \u00d6zel P\u00fcr\u00fczs\u00fcz, Sentetik Kau\u00e7uk. (D\u00fc\u015f\u00fck Ge\u00e7irgenlik) Takviye Katman\u0131 : Y\u00fcksek Mukavemetli Sentetik Tekstil. \u00dcst Katman : Is\u0131, A\u015f\u0131nmaya, Oksijene ve Hava\u2026","rel":"","context":"Article similaire","block_context":{"text":"Article similaire","link":""},"img":{"alt_text":"","src":"https:\/\/i0.wp.com\/tuzlahortum.com.tr\/wp-content\/uploads\/2025\/08\/spectralpg-p.png?fit=543%2C543&ssl=1&resize=350%2C200","width":350,"height":200,"srcset":"https:\/\/i0.wp.com\/tuzlahortum.com.tr\/wp-content\/uploads\/2025\/08\/spectralpg-p.png?fit=543%2C543&ssl=1&resize=350%2C200 1x, https:\/\/i0.wp.com\/tuzlahortum.com.tr\/wp-content\/uploads\/2025\/08\/spectralpg-p.png?fit=543%2C543&ssl=1&resize=525%2C300 1.5x"},"classes":[]},{"id":630,"url":"http:\/\/tuzlahortum.com.tr\/fr\/produit\/trelleborg-vulpane\/","url_meta":{"origin":714,"position":5},"title":"Trelleborg VULPANE","author":"admin","date":"6 f\u00e9vrier 2019","format":false,"excerpt":"Trelleborg VULPANEGaz ve kaynak LPG i\u00e7in kau\u00e7uk hortum (gaz t\u00fcpleri, \u0131s\u0131t\u0131c\u0131lar, kaynak ve LPG hatlar\u0131). Avantajlar *Esnek ve kolay ta\u015f\u0131ma sa\u011flayan d\u00fc\u015f\u00fck a\u011f\u0131rl\u0131k. *Uzun, g\u00fcvenli hizmet \u00f6mr\u00fc. *\u00d6zellikle hortum kaplamas\u0131 atmosfer ko\u015fullar\u0131na kar\u015f\u0131 dayan\u0131kl\u0131d\u0131r (ozon ve s\u0131cak b\u00f6lgeler). *\u00d6zel, y\u00fcksek kalitede kau\u00e7uk bile\u015fikler. *Y\u00fcksek emniyet katsay\u0131s\u0131 kazand\u0131ran olduk\u00e7a g\u00fc\u00e7l\u00fc tekstil\u2026","rel":"","context":"Article similaire","block_context":{"text":"Article similaire","link":""},"img":{"alt_text":"","src":"https:\/\/i0.wp.com\/tuzlahortum.com.tr\/wp-content\/uploads\/2019\/02\/VULPANE.jpg?fit=800%2C800&ssl=1&resize=350%2C200","width":350,"height":200,"srcset":"https:\/\/i0.wp.com\/tuzlahortum.com.tr\/wp-content\/uploads\/2019\/02\/VULPANE.jpg?fit=800%2C800&ssl=1&resize=350%2C200 1x, https:\/\/i0.wp.com\/tuzlahortum.com.tr\/wp-content\/uploads\/2019\/02\/VULPANE.jpg?fit=800%2C800&ssl=1&resize=525%2C300 1.5x, https:\/\/i0.wp.com\/tuzlahortum.com.tr\/wp-content\/uploads\/2019\/02\/VULPANE.jpg?fit=800%2C800&ssl=1&resize=700%2C400 2x"},"classes":[]}],"jetpack_sharing_enabled":true,"jetpack_likes_enabled":true,"_links":{"self":[{"href":"http:\/\/tuzlahortum.com.tr\/fr\/wp-json\/wp\/v2\/product\/714","targetHints":{"allow":["GET"]}}],"collection":[{"href":"http:\/\/tuzlahortum.com.tr\/fr\/wp-json\/wp\/v2\/product"}],"about":[{"href":"http:\/\/tuzlahortum.com.tr\/fr\/wp-json\/wp\/v2\/types\/product"}],"replies":[{"embeddable":true,"href":"http:\/\/tuzlahortum.com.tr\/fr\/wp-json\/wp\/v2\/comments?post=714"}],"wp:featuredmedia":[{"embeddable":true,"href":"http:\/\/tuzlahortum.com.tr\/fr\/wp-json\/wp\/v2\/media\/1673"}],"wp:attachment":[{"href":"http:\/\/tuzlahortum.com.tr\/fr\/wp-json\/wp\/v2\/media?parent=714"}],"wp:term":[{"taxonomy":"product_brand","embeddable":true,"href":"http:\/\/tuzlahortum.com.tr\/fr\/wp-json\/wp\/v2\/product_brand?post=714"},{"taxonomy":"product_cat","embeddable":true,"href":"http:\/\/tuzlahortum.com.tr\/fr\/wp-json\/wp\/v2\/product_cat?post=714"},{"taxonomy":"product_tag","embeddable":true,"href":"http:\/\/tuzlahortum.com.tr\/fr\/wp-json\/wp\/v2\/product_tag?post=714"}],"curies":[{"name":"wp","href":"https:\/\/api.w.org\/{rel}","templated":true}]}}