{"id":714,"date":"2019-02-06T23:52:53","date_gmt":"2019-02-06T20:52:53","guid":{"rendered":"http:\/\/hortum.com.tr\/product\/import-placeholder-for-69\/"},"modified":"2024-03-21T17:43:35","modified_gmt":"2024-03-21T14:43:35","slug":"lpg-hortumlari","status":"publish","type":"product","link":"http:\/\/tuzlahortum.com.tr\/ar\/product\/lpg-hortumlari\/","title":{"rendered":"\u062e\u0631\u0627\u0637\u064a\u0645 \u063a\u0627\u0632 \u0627\u0644\u0628\u062a\u0631\u0648\u0644 \u0627\u0644\u0645\u0633\u0627\u0644"},"content":{"rendered":"<h2>\u062e\u0631\u0627\u0637\u064a\u0645 \u063a\u0627\u0632 \u0627\u0644\u0628\u062a\u0631\u0648\u0644 \u0627\u0644\u0645\u0633\u0627\u0644<\/h2>\n<div>\u0645\u062c\u0627\u0644\u0627\u062a \u0627\u0644\u0627\u0633\u062a\u062e\u062f\u0627\u0645: \u062a\u0637\u0628\u064a\u0642\u0627\u062a \u0646\u0642\u0644 \u0648\u062a\u0641\u0631\u064a\u063a \u063a\u0627\u0632 \u0627\u0644\u0628\u062a\u0631\u0648\u0644 \u0627\u0644\u0645\u0633\u0627\u0644<\/div>\n<div><\/div>\n<div>\u0627\u0639\u0645\u0627\u0644 \u0628\u0646\u0627\u0621<\/div>\n<div>\u0623\u0633\u0641\u0644: \u0645\u0637\u0627\u0637 \u0627\u0644\u0646\u062a\u0631\u064a\u0644 \u0627\u0644\u0635\u0646\u0627\u0639\u064a \u060c \u0623\u0633\u0648\u062f<\/div>\n<div>\u0627\u0644\u062a\u0639\u0632\u064a\u0632: \u062c\u062f\u064a\u0644\u0629 \u062a\u0631\u0643\u064a\u0628\u064a\u0629 \u0639\u0627\u0644\u064a\u0629 \u0627\u0644\u0642\u0648\u0629<\/div>\n<div>\u0623\u0639\u0644\u0649 CR \/ NBR \/ PVC \u060c \u0628\u0631\u062a\u0642\u0627\u0644\u064a \u060c \u0642\u0648\u064a \u060c \u0645\u0642\u0627\u0648\u0645\u0629 \u0644\u0644\u062a\u0622\u0643\u0644 \u0648\u0627\u0644\u0637\u0642\u0633 \u060c \u0634\u0639\u0631\u064a\u0629 \u0645\u062b\u0642\u0628\u0629<\/div>\n<div><\/div>\n<div><div class=\"video video-fit mb\" style=\"padding-top:56.25%;\"><p><iframe loading=\"lazy\" title=\"\u0627\u0631\u062a\u0628\u0627\u0643 \u0627\u0644\u0642\u064a\u0627\u0633 (\u0628\u0648\u0635\u0629\u060c \u0625\u0635\u0628\u0639\u060c \u0636\u0628\u0627\u0628\u060c \u0645\u0644\u0644\u064a\u0645\u062a\u0631)\" width=\"1020\" height=\"574\" src=\"https:\/\/www.youtube.com\/embed\/uKk6AG_AZls?feature=oembed\" frameborder=\"0\" allow=\"accelerometer; autoplay; clipboard-write; encrypted-media; gyroscope; picture-in-picture; web-share\" referrerpolicy=\"strict-origin-when-cross-origin\" allowfullscreen><\/iframe><\/p>\n<\/div><\/div>","protected":false},"excerpt":{"rendered":"<p>LPG Hortumlar\u0131 KULLANIM ALANLARI : L.P.G. nakil ve tahliye uygulamalar\u0131nda KONTR\u00dcKS\u0130YON Alt : Sentetik nitril kau\u00e7uk, siyah Takviye : Y\u00fcksek mukavemetli sentetik \u00f6rg\u00fc \u00dcst CR\/NBR\/PVC, turuncu, sa\u011flam, s\u00fcrt\u00fcnmeye ve iklim \u015fartlar\u0131na dayan\u0131kl\u0131, k\u0131lcal delikli<\/p>","protected":false},"featured_media":1673,"comment_status":"open","ping_status":"closed","template":"","meta":{"jetpack_post_was_ever_published":false},"product_brand":[],"product_cat":[159],"product_tag":[770,773,774,769,771,772],"class_list":{"0":"post-714","1":"product","2":"type-product","3":"status-publish","4":"has-post-thumbnail","6":"product_cat-kaynak-hortumlari","7":"product_tag-l-p-g-hortumlari","8":"product_tag-l-p-g-nakil-uygulamalarinda","9":"product_tag-l-p-g-tahliye-uygulamalarinda","10":"product_tag-lpg-hortumlari","11":"product_tag-lpg-nakil-uygulamalarinda","12":"product_tag-lpg-tahliye-uygulamalarinda","14":"first","15":"instock","16":"taxable","17":"shipping-taxable","18":"product-type-variable"},"jetpack-related-posts":[],"jetpack_sharing_enabled":true,"jetpack_likes_enabled":true,"_links":{"self":[{"href":"http:\/\/tuzlahortum.com.tr\/ar\/wp-json\/wp\/v2\/product\/714","targetHints":{"allow":["GET"]}}],"collection":[{"href":"http:\/\/tuzlahortum.com.tr\/ar\/wp-json\/wp\/v2\/product"}],"about":[{"href":"http:\/\/tuzlahortum.com.tr\/ar\/wp-json\/wp\/v2\/types\/product"}],"replies":[{"embeddable":true,"href":"http:\/\/tuzlahortum.com.tr\/ar\/wp-json\/wp\/v2\/comments?post=714"}],"wp:featuredmedia":[{"embeddable":true,"href":"http:\/\/tuzlahortum.com.tr\/ar\/wp-json\/wp\/v2\/media\/1673"}],"wp:attachment":[{"href":"http:\/\/tuzlahortum.com.tr\/ar\/wp-json\/wp\/v2\/media?parent=714"}],"wp:term":[{"taxonomy":"product_brand","embeddable":true,"href":"http:\/\/tuzlahortum.com.tr\/ar\/wp-json\/wp\/v2\/product_brand?post=714"},{"taxonomy":"product_cat","embeddable":true,"href":"http:\/\/tuzlahortum.com.tr\/ar\/wp-json\/wp\/v2\/product_cat?post=714"},{"taxonomy":"product_tag","embeddable":true,"href":"http:\/\/tuzlahortum.com.tr\/ar\/wp-json\/wp\/v2\/product_tag?post=714"}],"curies":[{"name":"\u062f\u0628\u0644\u064a\u0648 \u0628\u064a","href":"https:\/\/api.w.org\/{rel}","templated":true}]}}